{"id":1238,"date":"2025-12-03T19:22:27","date_gmt":"2025-12-04T00:22:27","guid":{"rendered":"https:\/\/mediplushub.com\/ar\/?page_id=1238"},"modified":"2025-12-09T08:05:32","modified_gmt":"2025-12-09T13:05:32","slug":"libero-herraduras-all-round-y-clavo-libero-arc-para-herrajes-diarios","status":"publish","type":"page","link":"https:\/\/www.mustadlatam.com\/ar\/libero-herraduras-all-round-y-clavo-libero-arc-para-herrajes-diarios\/","title":{"rendered":"LiBero | Herraduras all-round y clavo Libero ARC para herrajes diarios"},"content":{"rendered":"","protected":false},"excerpt":{"rendered":"","protected":false},"author":1,"featured_media":525,"parent":0,"menu_order":0,"comment_status":"closed","ping_status":"closed","template":"","meta":{"footnotes":""},"class_list":["post-1238","page","type-page","status-publish","has-post-thumbnail","hentry"],"yoast_head":"<!-- This site is optimized with the Yoast SEO plugin v27.4 - https:\/\/yoast.com\/product\/yoast-seo-wordpress\/ -->\n<title>LiBero | Herraduras y clavo Libero ARC para herrajes diarios<\/title>\n<meta name=\"description\" content=\"LiBero es la herradura all-round de Mustad: resistente, anat\u00f3mica y vers\u00e1til para deporte general, recreaci\u00f3n, polo y entrenamiento diario.\" \/>\n<meta name=\"robots\" content=\"index, follow, max-snippet:-1, max-image-preview:large, max-video-preview:-1\" \/>\n<link rel=\"canonical\" href=\"https:\/\/www.mustadlatam.com\/ar\/libero-herraduras-all-round-y-clavo-libero-arc-para-herrajes-diarios\/\" \/>\n<meta property=\"og:locale\" content=\"es_ES\" \/>\n<meta property=\"og:type\" content=\"article\" \/>\n<meta property=\"og:title\" content=\"LiBero | Herraduras y clavo Libero ARC para herrajes diarios\" \/>\n<meta property=\"og:description\" content=\"LiBero es la herradura all-round de Mustad: resistente, anat\u00f3mica y vers\u00e1til para deporte general, recreaci\u00f3n, polo y entrenamiento diario.\" \/>\n<meta property=\"og:url\" content=\"https:\/\/www.mustadlatam.com\/ar\/libero-herraduras-all-round-y-clavo-libero-arc-para-herrajes-diarios\/\" \/>\n<meta property=\"og:site_name\" content=\"Mustad Argentina - Informaci\u00f3n, Educaci\u00f3n y Venta de Productos y Herramientas Profesionales para Herradores en Argentina\" \/>\n<meta property=\"article:modified_time\" content=\"2025-12-09T13:05:32+00:00\" \/>\n<meta property=\"og:image\" content=\"https:\/\/www.mustadlatam.com\/ar\/wp-content\/uploads\/10\/2025\/07\/LIBERO.png\" \/>\n\t<meta property=\"og:image:width\" content=\"501\" \/>\n\t<meta property=\"og:image:height\" content=\"500\" \/>\n\t<meta property=\"og:image:type\" content=\"image\/png\" \/>\n<meta name=\"twitter:card\" content=\"summary_large_image\" \/>\n<meta name=\"twitter:label1\" content=\"Tiempo de lectura\" \/>\n\t<meta name=\"twitter:data1\" content=\"1 minuto\" \/>\n<script type=\"application\/ld+json\" class=\"yoast-schema-graph\">{\"@context\":\"https:\\\/\\\/schema.org\",\"@graph\":[{\"@type\":\"WebPage\",\"@id\":\"https:\\\/\\\/www.mustadlatam.com\\\/ar\\\/libero-herraduras-all-round-y-clavo-libero-arc-para-herrajes-diarios\\\/\",\"url\":\"https:\\\/\\\/www.mustadlatam.com\\\/ar\\\/libero-herraduras-all-round-y-clavo-libero-arc-para-herrajes-diarios\\\/\",\"name\":\"LiBero | Herraduras y clavo Libero ARC para herrajes diarios\",\"isPartOf\":{\"@id\":\"https:\\\/\\\/www.mustadlatam.com\\\/ar\\\/#website\"},\"primaryImageOfPage\":{\"@id\":\"https:\\\/\\\/www.mustadlatam.com\\\/ar\\\/libero-herraduras-all-round-y-clavo-libero-arc-para-herrajes-diarios\\\/#primaryimage\"},\"image\":{\"@id\":\"https:\\\/\\\/www.mustadlatam.com\\\/ar\\\/libero-herraduras-all-round-y-clavo-libero-arc-para-herrajes-diarios\\\/#primaryimage\"},\"thumbnailUrl\":\"https:\\\/\\\/www.mustadlatam.com\\\/ar\\\/wp-content\\\/uploads\\\/10\\\/2025\\\/07\\\/LIBERO.png\",\"datePublished\":\"2025-12-04T00:22:27+00:00\",\"dateModified\":\"2025-12-09T13:05:32+00:00\",\"description\":\"LiBero es la herradura all-round de Mustad: resistente, anat\u00f3mica y vers\u00e1til para deporte general, recreaci\u00f3n, polo y entrenamiento diario.\",\"breadcrumb\":{\"@id\":\"https:\\\/\\\/www.mustadlatam.com\\\/ar\\\/libero-herraduras-all-round-y-clavo-libero-arc-para-herrajes-diarios\\\/#breadcrumb\"},\"inLanguage\":\"es-AR\",\"potentialAction\":[{\"@type\":\"ReadAction\",\"target\":[\"https:\\\/\\\/www.mustadlatam.com\\\/ar\\\/libero-herraduras-all-round-y-clavo-libero-arc-para-herrajes-diarios\\\/\"]}]},{\"@type\":\"ImageObject\",\"inLanguage\":\"es-AR\",\"@id\":\"https:\\\/\\\/www.mustadlatam.com\\\/ar\\\/libero-herraduras-all-round-y-clavo-libero-arc-para-herrajes-diarios\\\/#primaryimage\",\"url\":\"https:\\\/\\\/www.mustadlatam.com\\\/ar\\\/wp-content\\\/uploads\\\/10\\\/2025\\\/07\\\/LIBERO.png\",\"contentUrl\":\"https:\\\/\\\/www.mustadlatam.com\\\/ar\\\/wp-content\\\/uploads\\\/10\\\/2025\\\/07\\\/LIBERO.png\",\"width\":501,\"height\":500,\"caption\":\"logo productos para caballos libero\"},{\"@type\":\"BreadcrumbList\",\"@id\":\"https:\\\/\\\/www.mustadlatam.com\\\/ar\\\/libero-herraduras-all-round-y-clavo-libero-arc-para-herrajes-diarios\\\/#breadcrumb\",\"itemListElement\":[{\"@type\":\"ListItem\",\"position\":1,\"name\":\"Inicio\",\"item\":\"https:\\\/\\\/www.mustadlatam.com\\\/ar\\\/\"},{\"@type\":\"ListItem\",\"position\":2,\"name\":\"LiBero | Herraduras all-round y clavo Libero ARC para herrajes diarios\"}]},{\"@type\":\"WebSite\",\"@id\":\"https:\\\/\\\/www.mustadlatam.com\\\/ar\\\/#website\",\"url\":\"https:\\\/\\\/www.mustadlatam.com\\\/ar\\\/\",\"name\":\"Mustad Argentina - Informaci\u00f3n, Educaci\u00f3n y Venta de Productos y Herramientas Profesionales para Herradores en Argentina\",\"description\":\"Herraduras, Escofinas, Clavos y Accesorios para Caballos\",\"publisher\":{\"@id\":\"https:\\\/\\\/www.mustadlatam.com\\\/ar\\\/#organization\"},\"potentialAction\":[{\"@type\":\"SearchAction\",\"target\":{\"@type\":\"EntryPoint\",\"urlTemplate\":\"https:\\\/\\\/www.mustadlatam.com\\\/ar\\\/?s={search_term_string}\"},\"query-input\":{\"@type\":\"PropertyValueSpecification\",\"valueRequired\":true,\"valueName\":\"search_term_string\"}}],\"inLanguage\":\"es-AR\"},{\"@type\":\"Organization\",\"@id\":\"https:\\\/\\\/www.mustadlatam.com\\\/ar\\\/#organization\",\"name\":\"Mustad Argentina - Informaci\u00f3n, Educaci\u00f3n y Venta de Productos y Herramientas Profesionales para Herradores en Argentina\",\"url\":\"https:\\\/\\\/www.mustadlatam.com\\\/ar\\\/\",\"logo\":{\"@type\":\"ImageObject\",\"inLanguage\":\"es-AR\",\"@id\":\"https:\\\/\\\/www.mustadlatam.com\\\/ar\\\/#\\\/schema\\\/logo\\\/image\\\/\",\"url\":\"https:\\\/\\\/www.mustadlatam.com\\\/ar\\\/wp-content\\\/uploads\\\/10\\\/2025\\\/12\\\/cropped-LOGO-MUSTAD-Final.png\",\"contentUrl\":\"https:\\\/\\\/www.mustadlatam.com\\\/ar\\\/wp-content\\\/uploads\\\/10\\\/2025\\\/12\\\/cropped-LOGO-MUSTAD-Final.png\",\"width\":500,\"height\":500,\"caption\":\"Mustad Argentina - Informaci\u00f3n, Educaci\u00f3n y Venta de Productos y Herramientas Profesionales para Herradores en Argentina\"},\"image\":{\"@id\":\"https:\\\/\\\/www.mustadlatam.com\\\/ar\\\/#\\\/schema\\\/logo\\\/image\\\/\"}}]}<\/script>\n<!-- \/ Yoast SEO plugin. -->","yoast_head_json":{"title":"LiBero | Herraduras y clavo Libero ARC para herrajes diarios","description":"LiBero es la herradura all-round de Mustad: resistente, anat\u00f3mica y vers\u00e1til para deporte general, recreaci\u00f3n, polo y entrenamiento diario.","robots":{"index":"index","follow":"follow","max-snippet":"max-snippet:-1","max-image-preview":"max-image-preview:large","max-video-preview":"max-video-preview:-1"},"canonical":"https:\/\/www.mustadlatam.com\/ar\/libero-herraduras-all-round-y-clavo-libero-arc-para-herrajes-diarios\/","og_locale":"es_ES","og_type":"article","og_title":"LiBero | Herraduras y clavo Libero ARC para herrajes diarios","og_description":"LiBero es la herradura all-round de Mustad: resistente, anat\u00f3mica y vers\u00e1til para deporte general, recreaci\u00f3n, polo y entrenamiento diario.","og_url":"https:\/\/www.mustadlatam.com\/ar\/libero-herraduras-all-round-y-clavo-libero-arc-para-herrajes-diarios\/","og_site_name":"Mustad Argentina - Informaci\u00f3n, Educaci\u00f3n y Venta de Productos y Herramientas Profesionales para Herradores en Argentina","article_modified_time":"2025-12-09T13:05:32+00:00","og_image":[{"width":501,"height":500,"url":"https:\/\/www.mustadlatam.com\/ar\/wp-content\/uploads\/10\/2025\/07\/LIBERO.png","type":"image\/png"}],"twitter_card":"summary_large_image","twitter_misc":{"Tiempo de lectura":"1 minuto"},"schema":{"@context":"https:\/\/schema.org","@graph":[{"@type":"WebPage","@id":"https:\/\/www.mustadlatam.com\/ar\/libero-herraduras-all-round-y-clavo-libero-arc-para-herrajes-diarios\/","url":"https:\/\/www.mustadlatam.com\/ar\/libero-herraduras-all-round-y-clavo-libero-arc-para-herrajes-diarios\/","name":"LiBero | Herraduras y clavo Libero ARC para herrajes diarios","isPartOf":{"@id":"https:\/\/www.mustadlatam.com\/ar\/#website"},"primaryImageOfPage":{"@id":"https:\/\/www.mustadlatam.com\/ar\/libero-herraduras-all-round-y-clavo-libero-arc-para-herrajes-diarios\/#primaryimage"},"image":{"@id":"https:\/\/www.mustadlatam.com\/ar\/libero-herraduras-all-round-y-clavo-libero-arc-para-herrajes-diarios\/#primaryimage"},"thumbnailUrl":"https:\/\/www.mustadlatam.com\/ar\/wp-content\/uploads\/10\/2025\/07\/LIBERO.png","datePublished":"2025-12-04T00:22:27+00:00","dateModified":"2025-12-09T13:05:32+00:00","description":"LiBero es la herradura all-round de Mustad: resistente, anat\u00f3mica y vers\u00e1til para deporte general, recreaci\u00f3n, polo y entrenamiento diario.","breadcrumb":{"@id":"https:\/\/www.mustadlatam.com\/ar\/libero-herraduras-all-round-y-clavo-libero-arc-para-herrajes-diarios\/#breadcrumb"},"inLanguage":"es-AR","potentialAction":[{"@type":"ReadAction","target":["https:\/\/www.mustadlatam.com\/ar\/libero-herraduras-all-round-y-clavo-libero-arc-para-herrajes-diarios\/"]}]},{"@type":"ImageObject","inLanguage":"es-AR","@id":"https:\/\/www.mustadlatam.com\/ar\/libero-herraduras-all-round-y-clavo-libero-arc-para-herrajes-diarios\/#primaryimage","url":"https:\/\/www.mustadlatam.com\/ar\/wp-content\/uploads\/10\/2025\/07\/LIBERO.png","contentUrl":"https:\/\/www.mustadlatam.com\/ar\/wp-content\/uploads\/10\/2025\/07\/LIBERO.png","width":501,"height":500,"caption":"logo productos para caballos libero"},{"@type":"BreadcrumbList","@id":"https:\/\/www.mustadlatam.com\/ar\/libero-herraduras-all-round-y-clavo-libero-arc-para-herrajes-diarios\/#breadcrumb","itemListElement":[{"@type":"ListItem","position":1,"name":"Inicio","item":"https:\/\/www.mustadlatam.com\/ar\/"},{"@type":"ListItem","position":2,"name":"LiBero | Herraduras all-round y clavo Libero ARC para herrajes diarios"}]},{"@type":"WebSite","@id":"https:\/\/www.mustadlatam.com\/ar\/#website","url":"https:\/\/www.mustadlatam.com\/ar\/","name":"Mustad Argentina - Informaci\u00f3n, Educaci\u00f3n y Venta de Productos y Herramientas Profesionales para Herradores en Argentina","description":"Herraduras, Escofinas, Clavos y Accesorios para Caballos","publisher":{"@id":"https:\/\/www.mustadlatam.com\/ar\/#organization"},"potentialAction":[{"@type":"SearchAction","target":{"@type":"EntryPoint","urlTemplate":"https:\/\/www.mustadlatam.com\/ar\/?s={search_term_string}"},"query-input":{"@type":"PropertyValueSpecification","valueRequired":true,"valueName":"search_term_string"}}],"inLanguage":"es-AR"},{"@type":"Organization","@id":"https:\/\/www.mustadlatam.com\/ar\/#organization","name":"Mustad Argentina - Informaci\u00f3n, Educaci\u00f3n y Venta de Productos y Herramientas Profesionales para Herradores en Argentina","url":"https:\/\/www.mustadlatam.com\/ar\/","logo":{"@type":"ImageObject","inLanguage":"es-AR","@id":"https:\/\/www.mustadlatam.com\/ar\/#\/schema\/logo\/image\/","url":"https:\/\/www.mustadlatam.com\/ar\/wp-content\/uploads\/10\/2025\/12\/cropped-LOGO-MUSTAD-Final.png","contentUrl":"https:\/\/www.mustadlatam.com\/ar\/wp-content\/uploads\/10\/2025\/12\/cropped-LOGO-MUSTAD-Final.png","width":500,"height":500,"caption":"Mustad Argentina - Informaci\u00f3n, Educaci\u00f3n y Venta de Productos y Herramientas Profesionales para Herradores en Argentina"},"image":{"@id":"https:\/\/www.mustadlatam.com\/ar\/#\/schema\/logo\/image\/"}}]}},"_links":{"self":[{"href":"https:\/\/www.mustadlatam.com\/ar\/wp-json\/wp\/v2\/pages\/1238","targetHints":{"allow":["GET"]}}],"collection":[{"href":"https:\/\/www.mustadlatam.com\/ar\/wp-json\/wp\/v2\/pages"}],"about":[{"href":"https:\/\/www.mustadlatam.com\/ar\/wp-json\/wp\/v2\/types\/page"}],"author":[{"embeddable":true,"href":"https:\/\/www.mustadlatam.com\/ar\/wp-json\/wp\/v2\/users\/1"}],"replies":[{"embeddable":true,"href":"https:\/\/www.mustadlatam.com\/ar\/wp-json\/wp\/v2\/comments?post=1238"}],"version-history":[{"count":1,"href":"https:\/\/www.mustadlatam.com\/ar\/wp-json\/wp\/v2\/pages\/1238\/revisions"}],"predecessor-version":[{"id":1239,"href":"https:\/\/www.mustadlatam.com\/ar\/wp-json\/wp\/v2\/pages\/1238\/revisions\/1239"}],"wp:featuredmedia":[{"embeddable":true,"href":"https:\/\/www.mustadlatam.com\/ar\/wp-json\/wp\/v2\/media\/525"}],"wp:attachment":[{"href":"https:\/\/www.mustadlatam.com\/ar\/wp-json\/wp\/v2\/media?parent=1238"}],"curies":[{"name":"wp","href":"https:\/\/api.w.org\/{rel}","templated":true}]}}