{"id":1373,"date":"2025-11-24T17:47:26","date_gmt":"2025-11-24T22:47:26","guid":{"rendered":"https:\/\/mediplushub.com\/br\/?page_id=1373"},"modified":"2026-01-05T14:26:07","modified_gmt":"2026-01-05T19:26:07","slug":"jk-plus-ferraduras-de-aco-para-velocidade-marcha-enduro-e-trabalho","status":"publish","type":"page","link":"https:\/\/www.mustadlatam.com\/br\/pt\/jk-plus-ferraduras-de-aco-para-velocidade-marcha-enduro-e-trabalho\/","title":{"rendered":"JK Plus no Brasil | ferraduras de a\u00e7o para velocidade, marcha, enduro e trabalho"},"content":{"rendered":"","protected":false},"excerpt":{"rendered":"","protected":false},"author":1,"featured_media":523,"parent":0,"menu_order":0,"comment_status":"closed","ping_status":"closed","template":"","meta":{"footnotes":""},"class_list":["post-1373","page","type-page","status-publish","has-post-thumbnail","hentry"],"yoast_head":"<!-- This site is optimized with the Yoast SEO plugin v27.4 - https:\/\/yoast.com\/product\/yoast-seo-wordpress\/ -->\n<title>JK Plus ferraduras de a\u00e7o para velocidade, marcha e trabalho<\/title>\n<meta name=\"description\" content=\"JK Plus: portf\u00f3lio L\/LG, Super Leve, N\/NG\/NGR, SX\/SXG, MG, BG\/BGR, Trabalho e Filete. Modelagem a frio, op\u00e7\u00f5es com guarda\u2011casco e tamanhos do\" \/>\n<meta name=\"robots\" content=\"index, follow, max-snippet:-1, max-image-preview:large, max-video-preview:-1\" \/>\n<link rel=\"canonical\" href=\"https:\/\/www.mustadlatam.com\/br\/pt\/jk-plus-ferraduras-de-aco-para-velocidade-marcha-enduro-e-trabalho\/\" \/>\n<meta property=\"og:locale\" content=\"pt_BR\" \/>\n<meta property=\"og:type\" content=\"article\" \/>\n<meta property=\"og:title\" content=\"JK Plus ferraduras de a\u00e7o para velocidade, marcha e trabalho\" \/>\n<meta property=\"og:description\" content=\"JK Plus: portf\u00f3lio L\/LG, Super Leve, N\/NG\/NGR, SX\/SXG, MG, BG\/BGR, Trabalho e Filete. Modelagem a frio, op\u00e7\u00f5es com guarda\u2011casco e tamanhos do\" \/>\n<meta property=\"og:url\" content=\"https:\/\/www.mustadlatam.com\/br\/pt\/jk-plus-ferraduras-de-aco-para-velocidade-marcha-enduro-e-trabalho\/\" \/>\n<meta property=\"og:site_name\" content=\"Mustad Brasil - Informa\u00e7\u00e3o, Educa\u00e7\u00e3o e Venda de Produtos e Ferramentas Profissionais para Ferradores no Brasil.\" \/>\n<meta property=\"article:modified_time\" content=\"2026-01-05T19:26:07+00:00\" \/>\n<meta property=\"og:image\" content=\"https:\/\/www.mustadlatam.com\/br\/wp-content\/uploads\/8\/2025\/07\/JK-HERRADURA.png\" \/>\n\t<meta property=\"og:image:width\" content=\"501\" \/>\n\t<meta property=\"og:image:height\" content=\"500\" \/>\n\t<meta property=\"og:image:type\" content=\"image\/png\" \/>\n<meta name=\"twitter:card\" content=\"summary_large_image\" \/>\n<meta name=\"twitter:label1\" content=\"Est. tempo de leitura\" \/>\n\t<meta name=\"twitter:data1\" content=\"1 minuto\" \/>\n<script type=\"application\/ld+json\" class=\"yoast-schema-graph\">{\"@context\":\"https:\\\/\\\/schema.org\",\"@graph\":[{\"@type\":\"WebPage\",\"@id\":\"https:\\\/\\\/www.mustadlatam.com\\\/br\\\/jk-plus-ferraduras-de-aco-para-velocidade-marcha-enduro-e-trabalho\\\/\",\"url\":\"https:\\\/\\\/www.mustadlatam.com\\\/br\\\/jk-plus-ferraduras-de-aco-para-velocidade-marcha-enduro-e-trabalho\\\/\",\"name\":\"JK Plus ferraduras de a\u00e7o para velocidade, marcha e trabalho\",\"isPartOf\":{\"@id\":\"https:\\\/\\\/www.mustadlatam.com\\\/br\\\/#website\"},\"primaryImageOfPage\":{\"@id\":\"https:\\\/\\\/www.mustadlatam.com\\\/br\\\/jk-plus-ferraduras-de-aco-para-velocidade-marcha-enduro-e-trabalho\\\/#primaryimage\"},\"image\":{\"@id\":\"https:\\\/\\\/www.mustadlatam.com\\\/br\\\/jk-plus-ferraduras-de-aco-para-velocidade-marcha-enduro-e-trabalho\\\/#primaryimage\"},\"thumbnailUrl\":\"https:\\\/\\\/www.mustadlatam.com\\\/br\\\/wp-content\\\/uploads\\\/8\\\/2025\\\/07\\\/JK-HERRADURA.png\",\"datePublished\":\"2025-11-24T22:47:26+00:00\",\"dateModified\":\"2026-01-05T19:26:07+00:00\",\"description\":\"JK Plus: portf\u00f3lio L\\\/LG, Super Leve, N\\\/NG\\\/NGR, SX\\\/SXG, MG, BG\\\/BGR, Trabalho e Filete. Modelagem a frio, op\u00e7\u00f5es com guarda\u2011casco e tamanhos do\",\"breadcrumb\":{\"@id\":\"https:\\\/\\\/www.mustadlatam.com\\\/br\\\/jk-plus-ferraduras-de-aco-para-velocidade-marcha-enduro-e-trabalho\\\/#breadcrumb\"},\"inLanguage\":\"pt-BR\",\"potentialAction\":[{\"@type\":\"ReadAction\",\"target\":[\"https:\\\/\\\/www.mustadlatam.com\\\/br\\\/jk-plus-ferraduras-de-aco-para-velocidade-marcha-enduro-e-trabalho\\\/\"]}]},{\"@type\":\"ImageObject\",\"inLanguage\":\"pt-BR\",\"@id\":\"https:\\\/\\\/www.mustadlatam.com\\\/br\\\/jk-plus-ferraduras-de-aco-para-velocidade-marcha-enduro-e-trabalho\\\/#primaryimage\",\"url\":\"https:\\\/\\\/www.mustadlatam.com\\\/br\\\/wp-content\\\/uploads\\\/8\\\/2025\\\/07\\\/JK-HERRADURA.png\",\"contentUrl\":\"https:\\\/\\\/www.mustadlatam.com\\\/br\\\/wp-content\\\/uploads\\\/8\\\/2025\\\/07\\\/JK-HERRADURA.png\",\"width\":501,\"height\":500,\"caption\":\"logo herraduras para caballos jk superleve\"},{\"@type\":\"BreadcrumbList\",\"@id\":\"https:\\\/\\\/www.mustadlatam.com\\\/br\\\/jk-plus-ferraduras-de-aco-para-velocidade-marcha-enduro-e-trabalho\\\/#breadcrumb\",\"itemListElement\":[{\"@type\":\"ListItem\",\"position\":1,\"name\":\"Inicio\",\"item\":\"https:\\\/\\\/www.mustadlatam.com\\\/br\\\/\"},{\"@type\":\"ListItem\",\"position\":2,\"name\":\"JK Plus no Brasil | ferraduras de a\u00e7o para velocidade, marcha, enduro e trabalho\"}]},{\"@type\":\"WebSite\",\"@id\":\"https:\\\/\\\/www.mustadlatam.com\\\/br\\\/#website\",\"url\":\"https:\\\/\\\/www.mustadlatam.com\\\/br\\\/\",\"name\":\"Mustad Brasil - Informa\u00e7\u00e3o, Educa\u00e7\u00e3o e Venda de Produtos e Ferramentas Profissionais para Ferradores no Brasil.\",\"description\":\"Ferraduras, grosas, pregos e acess\u00f3rios para cavalos\",\"publisher\":{\"@id\":\"https:\\\/\\\/www.mustadlatam.com\\\/br\\\/#organization\"},\"potentialAction\":[{\"@type\":\"SearchAction\",\"target\":{\"@type\":\"EntryPoint\",\"urlTemplate\":\"https:\\\/\\\/www.mustadlatam.com\\\/br\\\/?s={search_term_string}\"},\"query-input\":{\"@type\":\"PropertyValueSpecification\",\"valueRequired\":true,\"valueName\":\"search_term_string\"}}],\"inLanguage\":\"pt-BR\"},{\"@type\":\"Organization\",\"@id\":\"https:\\\/\\\/www.mustadlatam.com\\\/br\\\/#organization\",\"name\":\"Mustad Brasil - Informa\u00e7\u00e3o, Educa\u00e7\u00e3o e Venda de Produtos e Ferramentas Profissionais para Ferradores no Brasil.\",\"url\":\"https:\\\/\\\/www.mustadlatam.com\\\/br\\\/\",\"logo\":{\"@type\":\"ImageObject\",\"inLanguage\":\"pt-BR\",\"@id\":\"https:\\\/\\\/www.mustadlatam.com\\\/br\\\/#\\\/schema\\\/logo\\\/image\\\/\",\"url\":\"https:\\\/\\\/www.mustadlatam.com\\\/br\\\/wp-content\\\/uploads\\\/8\\\/2025\\\/12\\\/cropped-cropped-LOGO-MUSTAD-Final.png\",\"contentUrl\":\"https:\\\/\\\/www.mustadlatam.com\\\/br\\\/wp-content\\\/uploads\\\/8\\\/2025\\\/12\\\/cropped-cropped-LOGO-MUSTAD-Final.png\",\"width\":500,\"height\":500,\"caption\":\"Mustad Brasil - Informa\u00e7\u00e3o, Educa\u00e7\u00e3o e Venda de Produtos e Ferramentas Profissionais para Ferradores no Brasil.\"},\"image\":{\"@id\":\"https:\\\/\\\/www.mustadlatam.com\\\/br\\\/#\\\/schema\\\/logo\\\/image\\\/\"}}]}<\/script>\n<!-- \/ Yoast SEO plugin. -->","yoast_head_json":{"title":"JK Plus ferraduras de a\u00e7o para velocidade, marcha e trabalho","description":"JK Plus: portf\u00f3lio L\/LG, Super Leve, N\/NG\/NGR, SX\/SXG, MG, BG\/BGR, Trabalho e Filete. Modelagem a frio, op\u00e7\u00f5es com guarda\u2011casco e tamanhos do","robots":{"index":"index","follow":"follow","max-snippet":"max-snippet:-1","max-image-preview":"max-image-preview:large","max-video-preview":"max-video-preview:-1"},"canonical":"https:\/\/www.mustadlatam.com\/br\/pt\/jk-plus-ferraduras-de-aco-para-velocidade-marcha-enduro-e-trabalho\/","og_locale":"pt_BR","og_type":"article","og_title":"JK Plus ferraduras de a\u00e7o para velocidade, marcha e trabalho","og_description":"JK Plus: portf\u00f3lio L\/LG, Super Leve, N\/NG\/NGR, SX\/SXG, MG, BG\/BGR, Trabalho e Filete. Modelagem a frio, op\u00e7\u00f5es com guarda\u2011casco e tamanhos do","og_url":"https:\/\/www.mustadlatam.com\/br\/pt\/jk-plus-ferraduras-de-aco-para-velocidade-marcha-enduro-e-trabalho\/","og_site_name":"Mustad Brasil - Informa\u00e7\u00e3o, Educa\u00e7\u00e3o e Venda de Produtos e Ferramentas Profissionais para Ferradores no Brasil.","article_modified_time":"2026-01-05T19:26:07+00:00","og_image":[{"width":501,"height":500,"url":"https:\/\/www.mustadlatam.com\/br\/wp-content\/uploads\/8\/2025\/07\/JK-HERRADURA.png","type":"image\/png"}],"twitter_card":"summary_large_image","twitter_misc":{"Est. tempo de leitura":"1 minuto"},"schema":{"@context":"https:\/\/schema.org","@graph":[{"@type":"WebPage","@id":"https:\/\/www.mustadlatam.com\/br\/jk-plus-ferraduras-de-aco-para-velocidade-marcha-enduro-e-trabalho\/","url":"https:\/\/www.mustadlatam.com\/br\/jk-plus-ferraduras-de-aco-para-velocidade-marcha-enduro-e-trabalho\/","name":"JK Plus ferraduras de a\u00e7o para velocidade, marcha e trabalho","isPartOf":{"@id":"https:\/\/www.mustadlatam.com\/br\/#website"},"primaryImageOfPage":{"@id":"https:\/\/www.mustadlatam.com\/br\/jk-plus-ferraduras-de-aco-para-velocidade-marcha-enduro-e-trabalho\/#primaryimage"},"image":{"@id":"https:\/\/www.mustadlatam.com\/br\/jk-plus-ferraduras-de-aco-para-velocidade-marcha-enduro-e-trabalho\/#primaryimage"},"thumbnailUrl":"https:\/\/www.mustadlatam.com\/br\/wp-content\/uploads\/8\/2025\/07\/JK-HERRADURA.png","datePublished":"2025-11-24T22:47:26+00:00","dateModified":"2026-01-05T19:26:07+00:00","description":"JK Plus: portf\u00f3lio L\/LG, Super Leve, N\/NG\/NGR, SX\/SXG, MG, BG\/BGR, Trabalho e Filete. Modelagem a frio, op\u00e7\u00f5es com guarda\u2011casco e tamanhos do","breadcrumb":{"@id":"https:\/\/www.mustadlatam.com\/br\/jk-plus-ferraduras-de-aco-para-velocidade-marcha-enduro-e-trabalho\/#breadcrumb"},"inLanguage":"pt-BR","potentialAction":[{"@type":"ReadAction","target":["https:\/\/www.mustadlatam.com\/br\/jk-plus-ferraduras-de-aco-para-velocidade-marcha-enduro-e-trabalho\/"]}]},{"@type":"ImageObject","inLanguage":"pt-BR","@id":"https:\/\/www.mustadlatam.com\/br\/jk-plus-ferraduras-de-aco-para-velocidade-marcha-enduro-e-trabalho\/#primaryimage","url":"https:\/\/www.mustadlatam.com\/br\/wp-content\/uploads\/8\/2025\/07\/JK-HERRADURA.png","contentUrl":"https:\/\/www.mustadlatam.com\/br\/wp-content\/uploads\/8\/2025\/07\/JK-HERRADURA.png","width":501,"height":500,"caption":"logo herraduras para caballos jk superleve"},{"@type":"BreadcrumbList","@id":"https:\/\/www.mustadlatam.com\/br\/jk-plus-ferraduras-de-aco-para-velocidade-marcha-enduro-e-trabalho\/#breadcrumb","itemListElement":[{"@type":"ListItem","position":1,"name":"Inicio","item":"https:\/\/www.mustadlatam.com\/br\/"},{"@type":"ListItem","position":2,"name":"JK Plus no Brasil | ferraduras de a\u00e7o para velocidade, marcha, enduro e trabalho"}]},{"@type":"WebSite","@id":"https:\/\/www.mustadlatam.com\/br\/#website","url":"https:\/\/www.mustadlatam.com\/br\/","name":"Mustad Brasil - Informa\u00e7\u00e3o, educa\u00e7\u00e3o e venda de produtos e ferramentas profissionais para ferreiros no Brasil.","description":"Ferraduras, grosas, pregos e acess\u00f3rios para cavalos","publisher":{"@id":"https:\/\/www.mustadlatam.com\/br\/#organization"},"potentialAction":[{"@type":"SearchAction","target":{"@type":"EntryPoint","urlTemplate":"https:\/\/www.mustadlatam.com\/br\/?s={search_term_string}"},"query-input":{"@type":"PropertyValueSpecification","valueRequired":true,"valueName":"search_term_string"}}],"inLanguage":"pt-BR"},{"@type":"Organization","@id":"https:\/\/www.mustadlatam.com\/br\/#organization","name":"Mustad Brasil - Informa\u00e7\u00e3o, educa\u00e7\u00e3o e venda de produtos e ferramentas profissionais para ferreiros no Brasil.","url":"https:\/\/www.mustadlatam.com\/br\/","logo":{"@type":"ImageObject","inLanguage":"pt-BR","@id":"https:\/\/www.mustadlatam.com\/br\/#\/schema\/logo\/image\/","url":"https:\/\/www.mustadlatam.com\/br\/wp-content\/uploads\/8\/2025\/12\/cropped-cropped-LOGO-MUSTAD-Final.png","contentUrl":"https:\/\/www.mustadlatam.com\/br\/wp-content\/uploads\/8\/2025\/12\/cropped-cropped-LOGO-MUSTAD-Final.png","width":500,"height":500,"caption":"Mustad Brasil - Informa\u00e7\u00e3o, Educa\u00e7\u00e3o e Venda de Produtos e Ferramentas Profissionais para Ferradores no Brasil."},"image":{"@id":"https:\/\/www.mustadlatam.com\/br\/#\/schema\/logo\/image\/"}}]}},"_links":{"self":[{"href":"https:\/\/www.mustadlatam.com\/br\/pt\/wp-json\/wp\/v2\/pages\/1373","targetHints":{"allow":["GET"]}}],"collection":[{"href":"https:\/\/www.mustadlatam.com\/br\/pt\/wp-json\/wp\/v2\/pages"}],"about":[{"href":"https:\/\/www.mustadlatam.com\/br\/pt\/wp-json\/wp\/v2\/types\/page"}],"author":[{"embeddable":true,"href":"https:\/\/www.mustadlatam.com\/br\/pt\/wp-json\/wp\/v2\/users\/1"}],"replies":[{"embeddable":true,"href":"https:\/\/www.mustadlatam.com\/br\/pt\/wp-json\/wp\/v2\/comments?post=1373"}],"version-history":[{"count":1,"href":"https:\/\/www.mustadlatam.com\/br\/pt\/wp-json\/wp\/v2\/pages\/1373\/revisions"}],"predecessor-version":[{"id":1374,"href":"https:\/\/www.mustadlatam.com\/br\/pt\/wp-json\/wp\/v2\/pages\/1373\/revisions\/1374"}],"wp:featuredmedia":[{"embeddable":true,"href":"https:\/\/www.mustadlatam.com\/br\/pt\/wp-json\/wp\/v2\/media\/523"}],"wp:attachment":[{"href":"https:\/\/www.mustadlatam.com\/br\/pt\/wp-json\/wp\/v2\/media?parent=1373"}],"curies":[{"name":"wp","href":"https:\/\/api.w.org\/{rel}","templated":true}]}}