{"id":1388,"date":"2025-11-25T11:40:26","date_gmt":"2025-11-25T16:40:26","guid":{"rendered":"https:\/\/mediplushub.com\/br\/?page_id=1388"},"modified":"2026-01-05T14:32:09","modified_gmt":"2026-01-05T19:32:09","slug":"mustad-ferraduras-cravos-e-ferramentas-profissionais","status":"publish","type":"page","link":"https:\/\/www.mustadlatam.com\/br\/pt\/mustad-ferraduras-cravos-e-ferramentas-profissionais\/","title":{"rendered":"Mustad &#8211; Ferraduras, cravos e ferramentas profissionais"},"content":{"rendered":"","protected":false},"excerpt":{"rendered":"","protected":false},"author":1,"featured_media":536,"parent":0,"menu_order":0,"comment_status":"closed","ping_status":"closed","template":"","meta":{"footnotes":""},"class_list":["post-1388","page","type-page","status-publish","has-post-thumbnail","hentry"],"yoast_head":"<!-- This site is optimized with the Yoast SEO plugin v27.4 - https:\/\/yoast.com\/product\/yoast-seo-wordpress\/ -->\n<title>Mustad no Brasil | Ferraduras, cravos e ferramentas profissionais<\/title>\n<meta name=\"description\" content=\"Mustad: Equi\u2011librium (a\u00e7o\/alu) baseada em biomec\u00e2nica, Vareo para rotina, cravos Concave\/MX (e vers\u00f5es Copper) e ferramentas Black\/GDM.\" \/>\n<meta name=\"robots\" content=\"index, follow, max-snippet:-1, max-image-preview:large, max-video-preview:-1\" \/>\n<link rel=\"canonical\" href=\"https:\/\/www.mustadlatam.com\/br\/pt\/mustad-ferraduras-cravos-e-ferramentas-profissionais\/\" \/>\n<meta property=\"og:locale\" content=\"pt_BR\" \/>\n<meta property=\"og:type\" content=\"article\" \/>\n<meta property=\"og:title\" content=\"Mustad no Brasil | Ferraduras, cravos e ferramentas profissionais\" \/>\n<meta property=\"og:description\" content=\"Mustad: Equi\u2011librium (a\u00e7o\/alu) baseada em biomec\u00e2nica, Vareo para rotina, cravos Concave\/MX (e vers\u00f5es Copper) e ferramentas Black\/GDM.\" \/>\n<meta property=\"og:url\" content=\"https:\/\/www.mustadlatam.com\/br\/pt\/mustad-ferraduras-cravos-e-ferramentas-profissionais\/\" \/>\n<meta property=\"og:site_name\" content=\"Mustad Brasil - Informa\u00e7\u00e3o, Educa\u00e7\u00e3o e Venda de Produtos e Ferramentas Profissionais para Ferradores no Brasil.\" \/>\n<meta property=\"article:modified_time\" content=\"2026-01-05T19:32:09+00:00\" \/>\n<meta property=\"og:image\" content=\"https:\/\/www.mustadlatam.com\/br\/wp-content\/uploads\/8\/2025\/07\/cropped-LOGO-MUSTAD-180px.jpg\" \/>\n\t<meta property=\"og:image:width\" content=\"512\" \/>\n\t<meta property=\"og:image:height\" content=\"512\" \/>\n\t<meta property=\"og:image:type\" content=\"image\/jpeg\" \/>\n<meta name=\"twitter:card\" content=\"summary_large_image\" \/>\n<meta name=\"twitter:label1\" content=\"Est. tempo de leitura\" \/>\n\t<meta name=\"twitter:data1\" content=\"1 minuto\" \/>\n<script type=\"application\/ld+json\" class=\"yoast-schema-graph\">{\"@context\":\"https:\\\/\\\/schema.org\",\"@graph\":[{\"@type\":\"WebPage\",\"@id\":\"https:\\\/\\\/www.mustadlatam.com\\\/br\\\/mustad-ferraduras-cravos-e-ferramentas-profissionais\\\/\",\"url\":\"https:\\\/\\\/www.mustadlatam.com\\\/br\\\/mustad-ferraduras-cravos-e-ferramentas-profissionais\\\/\",\"name\":\"Mustad no Brasil | Ferraduras, cravos e ferramentas profissionais\",\"isPartOf\":{\"@id\":\"https:\\\/\\\/www.mustadlatam.com\\\/br\\\/#website\"},\"primaryImageOfPage\":{\"@id\":\"https:\\\/\\\/www.mustadlatam.com\\\/br\\\/mustad-ferraduras-cravos-e-ferramentas-profissionais\\\/#primaryimage\"},\"image\":{\"@id\":\"https:\\\/\\\/www.mustadlatam.com\\\/br\\\/mustad-ferraduras-cravos-e-ferramentas-profissionais\\\/#primaryimage\"},\"thumbnailUrl\":\"https:\\\/\\\/www.mustadlatam.com\\\/br\\\/wp-content\\\/uploads\\\/8\\\/2025\\\/07\\\/cropped-LOGO-MUSTAD-180px.jpg\",\"datePublished\":\"2025-11-25T16:40:26+00:00\",\"dateModified\":\"2026-01-05T19:32:09+00:00\",\"description\":\"Mustad: Equi\u2011librium (a\u00e7o\\\/alu) baseada em biomec\u00e2nica, Vareo para rotina, cravos Concave\\\/MX (e vers\u00f5es Copper) e ferramentas Black\\\/GDM.\",\"breadcrumb\":{\"@id\":\"https:\\\/\\\/www.mustadlatam.com\\\/br\\\/mustad-ferraduras-cravos-e-ferramentas-profissionais\\\/#breadcrumb\"},\"inLanguage\":\"pt-BR\",\"potentialAction\":[{\"@type\":\"ReadAction\",\"target\":[\"https:\\\/\\\/www.mustadlatam.com\\\/br\\\/mustad-ferraduras-cravos-e-ferramentas-profissionais\\\/\"]}]},{\"@type\":\"ImageObject\",\"inLanguage\":\"pt-BR\",\"@id\":\"https:\\\/\\\/www.mustadlatam.com\\\/br\\\/mustad-ferraduras-cravos-e-ferramentas-profissionais\\\/#primaryimage\",\"url\":\"https:\\\/\\\/www.mustadlatam.com\\\/br\\\/wp-content\\\/uploads\\\/8\\\/2025\\\/07\\\/cropped-LOGO-MUSTAD-180px.jpg\",\"contentUrl\":\"https:\\\/\\\/www.mustadlatam.com\\\/br\\\/wp-content\\\/uploads\\\/8\\\/2025\\\/07\\\/cropped-LOGO-MUSTAD-180px.jpg\",\"width\":512,\"height\":512,\"caption\":\"LOGO MUSTAD 180px\"},{\"@type\":\"BreadcrumbList\",\"@id\":\"https:\\\/\\\/www.mustadlatam.com\\\/br\\\/mustad-ferraduras-cravos-e-ferramentas-profissionais\\\/#breadcrumb\",\"itemListElement\":[{\"@type\":\"ListItem\",\"position\":1,\"name\":\"Inicio\",\"item\":\"https:\\\/\\\/www.mustadlatam.com\\\/br\\\/\"},{\"@type\":\"ListItem\",\"position\":2,\"name\":\"Mustad &#8211; Ferraduras, cravos e ferramentas profissionais\"}]},{\"@type\":\"WebSite\",\"@id\":\"https:\\\/\\\/www.mustadlatam.com\\\/br\\\/#website\",\"url\":\"https:\\\/\\\/www.mustadlatam.com\\\/br\\\/\",\"name\":\"Mustad Brasil - Informa\u00e7\u00e3o, Educa\u00e7\u00e3o e Venda de Produtos e Ferramentas Profissionais para Ferradores no Brasil.\",\"description\":\"Ferraduras, grosas, pregos e acess\u00f3rios para cavalos\",\"publisher\":{\"@id\":\"https:\\\/\\\/www.mustadlatam.com\\\/br\\\/#organization\"},\"potentialAction\":[{\"@type\":\"SearchAction\",\"target\":{\"@type\":\"EntryPoint\",\"urlTemplate\":\"https:\\\/\\\/www.mustadlatam.com\\\/br\\\/?s={search_term_string}\"},\"query-input\":{\"@type\":\"PropertyValueSpecification\",\"valueRequired\":true,\"valueName\":\"search_term_string\"}}],\"inLanguage\":\"pt-BR\"},{\"@type\":\"Organization\",\"@id\":\"https:\\\/\\\/www.mustadlatam.com\\\/br\\\/#organization\",\"name\":\"Mustad Brasil - Informa\u00e7\u00e3o, Educa\u00e7\u00e3o e Venda de Produtos e Ferramentas Profissionais para Ferradores no Brasil.\",\"url\":\"https:\\\/\\\/www.mustadlatam.com\\\/br\\\/\",\"logo\":{\"@type\":\"ImageObject\",\"inLanguage\":\"pt-BR\",\"@id\":\"https:\\\/\\\/www.mustadlatam.com\\\/br\\\/#\\\/schema\\\/logo\\\/image\\\/\",\"url\":\"https:\\\/\\\/www.mustadlatam.com\\\/br\\\/wp-content\\\/uploads\\\/8\\\/2025\\\/12\\\/cropped-cropped-LOGO-MUSTAD-Final.png\",\"contentUrl\":\"https:\\\/\\\/www.mustadlatam.com\\\/br\\\/wp-content\\\/uploads\\\/8\\\/2025\\\/12\\\/cropped-cropped-LOGO-MUSTAD-Final.png\",\"width\":500,\"height\":500,\"caption\":\"Mustad Brasil - Informa\u00e7\u00e3o, Educa\u00e7\u00e3o e Venda de Produtos e Ferramentas Profissionais para Ferradores no Brasil.\"},\"image\":{\"@id\":\"https:\\\/\\\/www.mustadlatam.com\\\/br\\\/#\\\/schema\\\/logo\\\/image\\\/\"}}]}<\/script>\n<!-- \/ Yoast SEO plugin. -->","yoast_head_json":{"title":"Mustad no Brasil | Ferraduras, cravos e ferramentas profissionais","description":"Mustad: Equi\u2011librium (a\u00e7o\/alu) baseada em biomec\u00e2nica, Vareo para rotina, cravos Concave\/MX (e vers\u00f5es Copper) e ferramentas Black\/GDM.","robots":{"index":"index","follow":"follow","max-snippet":"max-snippet:-1","max-image-preview":"max-image-preview:large","max-video-preview":"max-video-preview:-1"},"canonical":"https:\/\/www.mustadlatam.com\/br\/pt\/mustad-ferraduras-cravos-e-ferramentas-profissionais\/","og_locale":"pt_BR","og_type":"article","og_title":"Mustad no Brasil | Ferraduras, cravos e ferramentas profissionais","og_description":"Mustad: Equi\u2011librium (a\u00e7o\/alu) baseada em biomec\u00e2nica, Vareo para rotina, cravos Concave\/MX (e vers\u00f5es Copper) e ferramentas Black\/GDM.","og_url":"https:\/\/www.mustadlatam.com\/br\/pt\/mustad-ferraduras-cravos-e-ferramentas-profissionais\/","og_site_name":"Mustad Brasil - Informa\u00e7\u00e3o, Educa\u00e7\u00e3o e Venda de Produtos e Ferramentas Profissionais para Ferradores no Brasil.","article_modified_time":"2026-01-05T19:32:09+00:00","og_image":[{"width":512,"height":512,"url":"https:\/\/www.mustadlatam.com\/br\/wp-content\/uploads\/8\/2025\/07\/cropped-LOGO-MUSTAD-180px.jpg","type":"image\/jpeg"}],"twitter_card":"summary_large_image","twitter_misc":{"Est. tempo de leitura":"1 minuto"},"schema":{"@context":"https:\/\/schema.org","@graph":[{"@type":"WebPage","@id":"https:\/\/www.mustadlatam.com\/br\/mustad-ferraduras-cravos-e-ferramentas-profissionais\/","url":"https:\/\/www.mustadlatam.com\/br\/mustad-ferraduras-cravos-e-ferramentas-profissionais\/","name":"Mustad no Brasil | Ferraduras, cravos e ferramentas profissionais","isPartOf":{"@id":"https:\/\/www.mustadlatam.com\/br\/#website"},"primaryImageOfPage":{"@id":"https:\/\/www.mustadlatam.com\/br\/mustad-ferraduras-cravos-e-ferramentas-profissionais\/#primaryimage"},"image":{"@id":"https:\/\/www.mustadlatam.com\/br\/mustad-ferraduras-cravos-e-ferramentas-profissionais\/#primaryimage"},"thumbnailUrl":"https:\/\/www.mustadlatam.com\/br\/wp-content\/uploads\/8\/2025\/07\/cropped-LOGO-MUSTAD-180px.jpg","datePublished":"2025-11-25T16:40:26+00:00","dateModified":"2026-01-05T19:32:09+00:00","description":"Mustad: Equi\u2011librium (a\u00e7o\/alu) baseada em biomec\u00e2nica, Vareo para rotina, cravos Concave\/MX (e vers\u00f5es Copper) e ferramentas Black\/GDM.","breadcrumb":{"@id":"https:\/\/www.mustadlatam.com\/br\/mustad-ferraduras-cravos-e-ferramentas-profissionais\/#breadcrumb"},"inLanguage":"pt-BR","potentialAction":[{"@type":"ReadAction","target":["https:\/\/www.mustadlatam.com\/br\/mustad-ferraduras-cravos-e-ferramentas-profissionais\/"]}]},{"@type":"ImageObject","inLanguage":"pt-BR","@id":"https:\/\/www.mustadlatam.com\/br\/mustad-ferraduras-cravos-e-ferramentas-profissionais\/#primaryimage","url":"https:\/\/www.mustadlatam.com\/br\/wp-content\/uploads\/8\/2025\/07\/cropped-LOGO-MUSTAD-180px.jpg","contentUrl":"https:\/\/www.mustadlatam.com\/br\/wp-content\/uploads\/8\/2025\/07\/cropped-LOGO-MUSTAD-180px.jpg","width":512,"height":512,"caption":"LOGO MUSTAD 180px"},{"@type":"BreadcrumbList","@id":"https:\/\/www.mustadlatam.com\/br\/mustad-ferraduras-cravos-e-ferramentas-profissionais\/#breadcrumb","itemListElement":[{"@type":"ListItem","position":1,"name":"Inicio","item":"https:\/\/www.mustadlatam.com\/br\/"},{"@type":"ListItem","position":2,"name":"Mustad &#8211; Ferraduras, cravos e ferramentas profissionais"}]},{"@type":"WebSite","@id":"https:\/\/www.mustadlatam.com\/br\/#website","url":"https:\/\/www.mustadlatam.com\/br\/","name":"Mustad Brasil - Informa\u00e7\u00e3o, educa\u00e7\u00e3o e venda de produtos e ferramentas profissionais para ferreiros no Brasil.","description":"Ferraduras, grosas, pregos e acess\u00f3rios para cavalos","publisher":{"@id":"https:\/\/www.mustadlatam.com\/br\/#organization"},"potentialAction":[{"@type":"SearchAction","target":{"@type":"EntryPoint","urlTemplate":"https:\/\/www.mustadlatam.com\/br\/?s={search_term_string}"},"query-input":{"@type":"PropertyValueSpecification","valueRequired":true,"valueName":"search_term_string"}}],"inLanguage":"pt-BR"},{"@type":"Organization","@id":"https:\/\/www.mustadlatam.com\/br\/#organization","name":"Mustad Brasil - Informa\u00e7\u00e3o, educa\u00e7\u00e3o e venda de produtos e ferramentas profissionais para ferreiros no Brasil.","url":"https:\/\/www.mustadlatam.com\/br\/","logo":{"@type":"ImageObject","inLanguage":"pt-BR","@id":"https:\/\/www.mustadlatam.com\/br\/#\/schema\/logo\/image\/","url":"https:\/\/www.mustadlatam.com\/br\/wp-content\/uploads\/8\/2025\/12\/cropped-cropped-LOGO-MUSTAD-Final.png","contentUrl":"https:\/\/www.mustadlatam.com\/br\/wp-content\/uploads\/8\/2025\/12\/cropped-cropped-LOGO-MUSTAD-Final.png","width":500,"height":500,"caption":"Mustad Brasil - Informa\u00e7\u00e3o, Educa\u00e7\u00e3o e Venda de Produtos e Ferramentas Profissionais para Ferradores no Brasil."},"image":{"@id":"https:\/\/www.mustadlatam.com\/br\/#\/schema\/logo\/image\/"}}]}},"_links":{"self":[{"href":"https:\/\/www.mustadlatam.com\/br\/pt\/wp-json\/wp\/v2\/pages\/1388","targetHints":{"allow":["GET"]}}],"collection":[{"href":"https:\/\/www.mustadlatam.com\/br\/pt\/wp-json\/wp\/v2\/pages"}],"about":[{"href":"https:\/\/www.mustadlatam.com\/br\/pt\/wp-json\/wp\/v2\/types\/page"}],"author":[{"embeddable":true,"href":"https:\/\/www.mustadlatam.com\/br\/pt\/wp-json\/wp\/v2\/users\/1"}],"replies":[{"embeddable":true,"href":"https:\/\/www.mustadlatam.com\/br\/pt\/wp-json\/wp\/v2\/comments?post=1388"}],"version-history":[{"count":1,"href":"https:\/\/www.mustadlatam.com\/br\/pt\/wp-json\/wp\/v2\/pages\/1388\/revisions"}],"predecessor-version":[{"id":1389,"href":"https:\/\/www.mustadlatam.com\/br\/pt\/wp-json\/wp\/v2\/pages\/1388\/revisions\/1389"}],"wp:featuredmedia":[{"embeddable":true,"href":"https:\/\/www.mustadlatam.com\/br\/pt\/wp-json\/wp\/v2\/media\/536"}],"wp:attachment":[{"href":"https:\/\/www.mustadlatam.com\/br\/pt\/wp-json\/wp\/v2\/media?parent=1388"}],"curies":[{"name":"wp","href":"https:\/\/api.w.org\/{rel}","templated":true}]}}