{"id":1417,"date":"2025-11-25T17:48:39","date_gmt":"2025-11-25T22:48:39","guid":{"rendered":"https:\/\/mediplushub.com\/br\/?page_id=1417"},"modified":"2026-01-05T14:26:48","modified_gmt":"2026-01-05T19:26:48","slug":"libero-ferradura-esportiva-de-aco-para-hipismo-com-ajuste-natural","status":"publish","type":"page","link":"https:\/\/www.mustadlatam.com\/br\/pt\/libero-ferradura-esportiva-de-aco-para-hipismo-com-ajuste-natural\/","title":{"rendered":"Libero | Ferradura esportiva de a\u00e7o para hipismo com ajuste natural"},"content":{"rendered":"","protected":false},"excerpt":{"rendered":"","protected":false},"author":1,"featured_media":525,"parent":0,"menu_order":0,"comment_status":"closed","ping_status":"closed","template":"","meta":{"footnotes":""},"class_list":["post-1417","page","type-page","status-publish","has-post-thumbnail","hentry"],"yoast_head":"<!-- This site is optimized with the Yoast SEO plugin v27.4 - https:\/\/yoast.com\/product\/yoast-seo-wordpress\/ -->\n<title>Libero - Ferradura esportiva de a\u00e7o para hipismo com ajuste natural<\/title>\n<meta name=\"description\" content=\"Libero: tecnologia, conforto e precis\u00e3o. Ferradura de a\u00e7o para hipismo com perfil largo, craveiras inclinadas e encaixe natural. Compre na\" \/>\n<meta name=\"robots\" content=\"index, follow, max-snippet:-1, max-image-preview:large, max-video-preview:-1\" \/>\n<link rel=\"canonical\" href=\"https:\/\/www.mustadlatam.com\/br\/pt\/libero-ferradura-esportiva-de-aco-para-hipismo-com-ajuste-natural\/\" \/>\n<meta property=\"og:locale\" content=\"pt_BR\" \/>\n<meta property=\"og:type\" content=\"article\" \/>\n<meta property=\"og:title\" content=\"Libero - Ferradura esportiva de a\u00e7o para hipismo com ajuste natural\" \/>\n<meta property=\"og:description\" content=\"Libero: tecnologia, conforto e precis\u00e3o. Ferradura de a\u00e7o para hipismo com perfil largo, craveiras inclinadas e encaixe natural. Compre na\" \/>\n<meta property=\"og:url\" content=\"https:\/\/www.mustadlatam.com\/br\/pt\/libero-ferradura-esportiva-de-aco-para-hipismo-com-ajuste-natural\/\" \/>\n<meta property=\"og:site_name\" content=\"Mustad Brasil - Informa\u00e7\u00e3o, Educa\u00e7\u00e3o e Venda de Produtos e Ferramentas Profissionais para Ferradores no Brasil.\" \/>\n<meta property=\"article:modified_time\" content=\"2026-01-05T19:26:48+00:00\" \/>\n<meta property=\"og:image\" content=\"https:\/\/www.mustadlatam.com\/br\/wp-content\/uploads\/8\/2025\/07\/LIBERO.png\" \/>\n\t<meta property=\"og:image:width\" content=\"501\" \/>\n\t<meta property=\"og:image:height\" content=\"500\" \/>\n\t<meta property=\"og:image:type\" content=\"image\/png\" \/>\n<meta name=\"twitter:card\" content=\"summary_large_image\" \/>\n<meta name=\"twitter:label1\" content=\"Est. tempo de leitura\" \/>\n\t<meta name=\"twitter:data1\" content=\"1 minuto\" \/>\n<script type=\"application\/ld+json\" class=\"yoast-schema-graph\">{\"@context\":\"https:\\\/\\\/schema.org\",\"@graph\":[{\"@type\":\"WebPage\",\"@id\":\"https:\\\/\\\/www.mustadlatam.com\\\/br\\\/libero-ferradura-esportiva-de-aco-para-hipismo-com-ajuste-natural\\\/\",\"url\":\"https:\\\/\\\/www.mustadlatam.com\\\/br\\\/libero-ferradura-esportiva-de-aco-para-hipismo-com-ajuste-natural\\\/\",\"name\":\"Libero - Ferradura esportiva de a\u00e7o para hipismo com ajuste natural\",\"isPartOf\":{\"@id\":\"https:\\\/\\\/www.mustadlatam.com\\\/br\\\/#website\"},\"primaryImageOfPage\":{\"@id\":\"https:\\\/\\\/www.mustadlatam.com\\\/br\\\/libero-ferradura-esportiva-de-aco-para-hipismo-com-ajuste-natural\\\/#primaryimage\"},\"image\":{\"@id\":\"https:\\\/\\\/www.mustadlatam.com\\\/br\\\/libero-ferradura-esportiva-de-aco-para-hipismo-com-ajuste-natural\\\/#primaryimage\"},\"thumbnailUrl\":\"https:\\\/\\\/www.mustadlatam.com\\\/br\\\/wp-content\\\/uploads\\\/8\\\/2025\\\/07\\\/LIBERO.png\",\"datePublished\":\"2025-11-25T22:48:39+00:00\",\"dateModified\":\"2026-01-05T19:26:48+00:00\",\"description\":\"Libero: tecnologia, conforto e precis\u00e3o. Ferradura de a\u00e7o para hipismo com perfil largo, craveiras inclinadas e encaixe natural. Compre na\",\"breadcrumb\":{\"@id\":\"https:\\\/\\\/www.mustadlatam.com\\\/br\\\/libero-ferradura-esportiva-de-aco-para-hipismo-com-ajuste-natural\\\/#breadcrumb\"},\"inLanguage\":\"pt-BR\",\"potentialAction\":[{\"@type\":\"ReadAction\",\"target\":[\"https:\\\/\\\/www.mustadlatam.com\\\/br\\\/libero-ferradura-esportiva-de-aco-para-hipismo-com-ajuste-natural\\\/\"]}]},{\"@type\":\"ImageObject\",\"inLanguage\":\"pt-BR\",\"@id\":\"https:\\\/\\\/www.mustadlatam.com\\\/br\\\/libero-ferradura-esportiva-de-aco-para-hipismo-com-ajuste-natural\\\/#primaryimage\",\"url\":\"https:\\\/\\\/www.mustadlatam.com\\\/br\\\/wp-content\\\/uploads\\\/8\\\/2025\\\/07\\\/LIBERO.png\",\"contentUrl\":\"https:\\\/\\\/www.mustadlatam.com\\\/br\\\/wp-content\\\/uploads\\\/8\\\/2025\\\/07\\\/LIBERO.png\",\"width\":501,\"height\":500,\"caption\":\"logo productos para caballos libero\"},{\"@type\":\"BreadcrumbList\",\"@id\":\"https:\\\/\\\/www.mustadlatam.com\\\/br\\\/libero-ferradura-esportiva-de-aco-para-hipismo-com-ajuste-natural\\\/#breadcrumb\",\"itemListElement\":[{\"@type\":\"ListItem\",\"position\":1,\"name\":\"Inicio\",\"item\":\"https:\\\/\\\/www.mustadlatam.com\\\/br\\\/\"},{\"@type\":\"ListItem\",\"position\":2,\"name\":\"Libero | Ferradura esportiva de a\u00e7o para hipismo com ajuste natural\"}]},{\"@type\":\"WebSite\",\"@id\":\"https:\\\/\\\/www.mustadlatam.com\\\/br\\\/#website\",\"url\":\"https:\\\/\\\/www.mustadlatam.com\\\/br\\\/\",\"name\":\"Mustad Brasil - Informa\u00e7\u00e3o, Educa\u00e7\u00e3o e Venda de Produtos e Ferramentas Profissionais para Ferradores no Brasil.\",\"description\":\"Ferraduras, grosas, pregos e acess\u00f3rios para cavalos\",\"publisher\":{\"@id\":\"https:\\\/\\\/www.mustadlatam.com\\\/br\\\/#organization\"},\"potentialAction\":[{\"@type\":\"SearchAction\",\"target\":{\"@type\":\"EntryPoint\",\"urlTemplate\":\"https:\\\/\\\/www.mustadlatam.com\\\/br\\\/?s={search_term_string}\"},\"query-input\":{\"@type\":\"PropertyValueSpecification\",\"valueRequired\":true,\"valueName\":\"search_term_string\"}}],\"inLanguage\":\"pt-BR\"},{\"@type\":\"Organization\",\"@id\":\"https:\\\/\\\/www.mustadlatam.com\\\/br\\\/#organization\",\"name\":\"Mustad Brasil - Informa\u00e7\u00e3o, Educa\u00e7\u00e3o e Venda de Produtos e Ferramentas Profissionais para Ferradores no Brasil.\",\"url\":\"https:\\\/\\\/www.mustadlatam.com\\\/br\\\/\",\"logo\":{\"@type\":\"ImageObject\",\"inLanguage\":\"pt-BR\",\"@id\":\"https:\\\/\\\/www.mustadlatam.com\\\/br\\\/#\\\/schema\\\/logo\\\/image\\\/\",\"url\":\"https:\\\/\\\/www.mustadlatam.com\\\/br\\\/wp-content\\\/uploads\\\/8\\\/2025\\\/12\\\/cropped-cropped-LOGO-MUSTAD-Final.png\",\"contentUrl\":\"https:\\\/\\\/www.mustadlatam.com\\\/br\\\/wp-content\\\/uploads\\\/8\\\/2025\\\/12\\\/cropped-cropped-LOGO-MUSTAD-Final.png\",\"width\":500,\"height\":500,\"caption\":\"Mustad Brasil - Informa\u00e7\u00e3o, Educa\u00e7\u00e3o e Venda de Produtos e Ferramentas Profissionais para Ferradores no Brasil.\"},\"image\":{\"@id\":\"https:\\\/\\\/www.mustadlatam.com\\\/br\\\/#\\\/schema\\\/logo\\\/image\\\/\"}}]}<\/script>\n<!-- \/ Yoast SEO plugin. -->","yoast_head_json":{"title":"Libero - Ferradura esportiva de a\u00e7o para hipismo com ajuste natural","description":"Libero: tecnologia, conforto e precis\u00e3o. Ferradura de a\u00e7o para hipismo com perfil largo, craveiras inclinadas e encaixe natural. Compre na","robots":{"index":"index","follow":"follow","max-snippet":"max-snippet:-1","max-image-preview":"max-image-preview:large","max-video-preview":"max-video-preview:-1"},"canonical":"https:\/\/www.mustadlatam.com\/br\/pt\/libero-ferradura-esportiva-de-aco-para-hipismo-com-ajuste-natural\/","og_locale":"pt_BR","og_type":"article","og_title":"Libero - Ferradura esportiva de a\u00e7o para hipismo com ajuste natural","og_description":"Libero: tecnologia, conforto e precis\u00e3o. Ferradura de a\u00e7o para hipismo com perfil largo, craveiras inclinadas e encaixe natural. Compre na","og_url":"https:\/\/www.mustadlatam.com\/br\/pt\/libero-ferradura-esportiva-de-aco-para-hipismo-com-ajuste-natural\/","og_site_name":"Mustad Brasil - Informa\u00e7\u00e3o, Educa\u00e7\u00e3o e Venda de Produtos e Ferramentas Profissionais para Ferradores no Brasil.","article_modified_time":"2026-01-05T19:26:48+00:00","og_image":[{"width":501,"height":500,"url":"https:\/\/www.mustadlatam.com\/br\/wp-content\/uploads\/8\/2025\/07\/LIBERO.png","type":"image\/png"}],"twitter_card":"summary_large_image","twitter_misc":{"Est. tempo de leitura":"1 minuto"},"schema":{"@context":"https:\/\/schema.org","@graph":[{"@type":"WebPage","@id":"https:\/\/www.mustadlatam.com\/br\/libero-ferradura-esportiva-de-aco-para-hipismo-com-ajuste-natural\/","url":"https:\/\/www.mustadlatam.com\/br\/libero-ferradura-esportiva-de-aco-para-hipismo-com-ajuste-natural\/","name":"Libero - Ferradura esportiva de a\u00e7o para hipismo com ajuste natural","isPartOf":{"@id":"https:\/\/www.mustadlatam.com\/br\/#website"},"primaryImageOfPage":{"@id":"https:\/\/www.mustadlatam.com\/br\/libero-ferradura-esportiva-de-aco-para-hipismo-com-ajuste-natural\/#primaryimage"},"image":{"@id":"https:\/\/www.mustadlatam.com\/br\/libero-ferradura-esportiva-de-aco-para-hipismo-com-ajuste-natural\/#primaryimage"},"thumbnailUrl":"https:\/\/www.mustadlatam.com\/br\/wp-content\/uploads\/8\/2025\/07\/LIBERO.png","datePublished":"2025-11-25T22:48:39+00:00","dateModified":"2026-01-05T19:26:48+00:00","description":"Libero: tecnologia, conforto e precis\u00e3o. Ferradura de a\u00e7o para hipismo com perfil largo, craveiras inclinadas e encaixe natural. Compre na","breadcrumb":{"@id":"https:\/\/www.mustadlatam.com\/br\/libero-ferradura-esportiva-de-aco-para-hipismo-com-ajuste-natural\/#breadcrumb"},"inLanguage":"pt-BR","potentialAction":[{"@type":"ReadAction","target":["https:\/\/www.mustadlatam.com\/br\/libero-ferradura-esportiva-de-aco-para-hipismo-com-ajuste-natural\/"]}]},{"@type":"ImageObject","inLanguage":"pt-BR","@id":"https:\/\/www.mustadlatam.com\/br\/libero-ferradura-esportiva-de-aco-para-hipismo-com-ajuste-natural\/#primaryimage","url":"https:\/\/www.mustadlatam.com\/br\/wp-content\/uploads\/8\/2025\/07\/LIBERO.png","contentUrl":"https:\/\/www.mustadlatam.com\/br\/wp-content\/uploads\/8\/2025\/07\/LIBERO.png","width":501,"height":500,"caption":"logo productos para caballos libero"},{"@type":"BreadcrumbList","@id":"https:\/\/www.mustadlatam.com\/br\/libero-ferradura-esportiva-de-aco-para-hipismo-com-ajuste-natural\/#breadcrumb","itemListElement":[{"@type":"ListItem","position":1,"name":"Inicio","item":"https:\/\/www.mustadlatam.com\/br\/"},{"@type":"ListItem","position":2,"name":"Libero | Ferradura esportiva de a\u00e7o para hipismo com ajuste natural"}]},{"@type":"WebSite","@id":"https:\/\/www.mustadlatam.com\/br\/#website","url":"https:\/\/www.mustadlatam.com\/br\/","name":"Mustad Brasil - Informa\u00e7\u00e3o, educa\u00e7\u00e3o e venda de produtos e ferramentas profissionais para ferreiros no Brasil.","description":"Ferraduras, grosas, pregos e acess\u00f3rios para cavalos","publisher":{"@id":"https:\/\/www.mustadlatam.com\/br\/#organization"},"potentialAction":[{"@type":"SearchAction","target":{"@type":"EntryPoint","urlTemplate":"https:\/\/www.mustadlatam.com\/br\/?s={search_term_string}"},"query-input":{"@type":"PropertyValueSpecification","valueRequired":true,"valueName":"search_term_string"}}],"inLanguage":"pt-BR"},{"@type":"Organization","@id":"https:\/\/www.mustadlatam.com\/br\/#organization","name":"Mustad Brasil - Informa\u00e7\u00e3o, educa\u00e7\u00e3o e venda de produtos e ferramentas profissionais para ferreiros no Brasil.","url":"https:\/\/www.mustadlatam.com\/br\/","logo":{"@type":"ImageObject","inLanguage":"pt-BR","@id":"https:\/\/www.mustadlatam.com\/br\/#\/schema\/logo\/image\/","url":"https:\/\/www.mustadlatam.com\/br\/wp-content\/uploads\/8\/2025\/12\/cropped-cropped-LOGO-MUSTAD-Final.png","contentUrl":"https:\/\/www.mustadlatam.com\/br\/wp-content\/uploads\/8\/2025\/12\/cropped-cropped-LOGO-MUSTAD-Final.png","width":500,"height":500,"caption":"Mustad Brasil - Informa\u00e7\u00e3o, Educa\u00e7\u00e3o e Venda de Produtos e Ferramentas Profissionais para Ferradores no Brasil."},"image":{"@id":"https:\/\/www.mustadlatam.com\/br\/#\/schema\/logo\/image\/"}}]}},"_links":{"self":[{"href":"https:\/\/www.mustadlatam.com\/br\/pt\/wp-json\/wp\/v2\/pages\/1417","targetHints":{"allow":["GET"]}}],"collection":[{"href":"https:\/\/www.mustadlatam.com\/br\/pt\/wp-json\/wp\/v2\/pages"}],"about":[{"href":"https:\/\/www.mustadlatam.com\/br\/pt\/wp-json\/wp\/v2\/types\/page"}],"author":[{"embeddable":true,"href":"https:\/\/www.mustadlatam.com\/br\/pt\/wp-json\/wp\/v2\/users\/1"}],"replies":[{"embeddable":true,"href":"https:\/\/www.mustadlatam.com\/br\/pt\/wp-json\/wp\/v2\/comments?post=1417"}],"version-history":[{"count":1,"href":"https:\/\/www.mustadlatam.com\/br\/pt\/wp-json\/wp\/v2\/pages\/1417\/revisions"}],"predecessor-version":[{"id":1418,"href":"https:\/\/www.mustadlatam.com\/br\/pt\/wp-json\/wp\/v2\/pages\/1417\/revisions\/1418"}],"wp:featuredmedia":[{"embeddable":true,"href":"https:\/\/www.mustadlatam.com\/br\/pt\/wp-json\/wp\/v2\/media\/525"}],"wp:attachment":[{"href":"https:\/\/www.mustadlatam.com\/br\/pt\/wp-json\/wp\/v2\/media?parent=1417"}],"curies":[{"name":"wp","href":"https:\/\/api.w.org\/{rel}","templated":true}]}}