{"id":17,"date":"2022-08-11T10:45:01","date_gmt":"2022-08-11T10:45:01","guid":{"rendered":"http:\/\/www.mustadlatam.com\/br\/my-account\/"},"modified":"2025-12-18T13:31:23","modified_gmt":"2025-12-18T18:31:23","slug":"minha-conta","status":"publish","type":"page","link":"https:\/\/www.mustadlatam.com\/br\/pt\/minha-conta\/","title":{"rendered":"Minha conta"},"content":{"rendered":"<div class=\"woocommerce\"><\/div>","protected":false},"excerpt":{"rendered":"","protected":false},"author":1,"featured_media":-1,"parent":0,"menu_order":0,"comment_status":"open","ping_status":"closed","template":"","meta":{"footnotes":""},"class_list":["post-17","page","type-page","status-publish","has-post-thumbnail","hentry"],"yoast_head":"<!-- This site is optimized with the Yoast SEO plugin v27.4 - https:\/\/yoast.com\/product\/yoast-seo-wordpress\/ -->\n<title>Minha conta - Mustad Brasil - Informa\u00e7\u00e3o, Educa\u00e7\u00e3o e Venda de Produtos e Ferramentas Profissionais para Ferradores no Brasil.<\/title>\n<meta name=\"robots\" content=\"noindex, follow\" \/>\n<meta property=\"og:locale\" content=\"pt_BR\" \/>\n<meta property=\"og:type\" content=\"article\" \/>\n<meta property=\"og:title\" content=\"Minha conta - Mustad Brasil - Informa\u00e7\u00e3o, Educa\u00e7\u00e3o e Venda de Produtos e Ferramentas Profissionais para Ferradores no Brasil.\" \/>\n<meta property=\"og:url\" content=\"https:\/\/www.mustadlatam.com\/br\/pt\/minha-conta\/\" \/>\n<meta property=\"og:site_name\" content=\"Mustad Brasil - Informa\u00e7\u00e3o, Educa\u00e7\u00e3o e Venda de Produtos e Ferramentas Profissionais para Ferradores no Brasil.\" \/>\n<meta property=\"article:modified_time\" content=\"2025-12-18T18:31:23+00:00\" \/>\n<meta name=\"twitter:card\" content=\"summary_large_image\" \/>\n<meta name=\"twitter:label1\" content=\"Est. tempo de leitura\" \/>\n\t<meta name=\"twitter:data1\" content=\"1 minuto\" \/>\n<script type=\"application\/ld+json\" class=\"yoast-schema-graph\">{\"@context\":\"https:\\\/\\\/schema.org\",\"@graph\":[{\"@type\":\"WebPage\",\"@id\":\"https:\\\/\\\/www.mustadlatam.com\\\/br\\\/my-account\\\/\",\"url\":\"https:\\\/\\\/www.mustadlatam.com\\\/br\\\/my-account\\\/\",\"name\":\"Minha conta - Mustad Brasil - Informa\u00e7\u00e3o, Educa\u00e7\u00e3o e Venda de Produtos e Ferramentas Profissionais para Ferradores no Brasil.\",\"isPartOf\":{\"@id\":\"https:\\\/\\\/www.mustadlatam.com\\\/br\\\/#website\"},\"datePublished\":\"2022-08-11T10:45:01+00:00\",\"dateModified\":\"2025-12-18T18:31:23+00:00\",\"breadcrumb\":{\"@id\":\"https:\\\/\\\/www.mustadlatam.com\\\/br\\\/my-account\\\/#breadcrumb\"},\"inLanguage\":\"pt-BR\",\"potentialAction\":[{\"@type\":\"ReadAction\",\"target\":[\"https:\\\/\\\/www.mustadlatam.com\\\/br\\\/my-account\\\/\"]}]},{\"@type\":\"BreadcrumbList\",\"@id\":\"https:\\\/\\\/www.mustadlatam.com\\\/br\\\/my-account\\\/#breadcrumb\",\"itemListElement\":[{\"@type\":\"ListItem\",\"position\":1,\"name\":\"Inicio\",\"item\":\"https:\\\/\\\/www.mustadlatam.com\\\/br\\\/\"},{\"@type\":\"ListItem\",\"position\":2,\"name\":\"Minha conta\"}]},{\"@type\":\"WebSite\",\"@id\":\"https:\\\/\\\/www.mustadlatam.com\\\/br\\\/#website\",\"url\":\"https:\\\/\\\/www.mustadlatam.com\\\/br\\\/\",\"name\":\"Mustad Brasil - Informa\u00e7\u00e3o, Educa\u00e7\u00e3o e Venda de Produtos e Ferramentas Profissionais para Ferradores no Brasil.\",\"description\":\"Ferraduras, grosas, pregos e acess\u00f3rios para cavalos\",\"publisher\":{\"@id\":\"https:\\\/\\\/www.mustadlatam.com\\\/br\\\/#organization\"},\"potentialAction\":[{\"@type\":\"SearchAction\",\"target\":{\"@type\":\"EntryPoint\",\"urlTemplate\":\"https:\\\/\\\/www.mustadlatam.com\\\/br\\\/?s={search_term_string}\"},\"query-input\":{\"@type\":\"PropertyValueSpecification\",\"valueRequired\":true,\"valueName\":\"search_term_string\"}}],\"inLanguage\":\"pt-BR\"},{\"@type\":\"Organization\",\"@id\":\"https:\\\/\\\/www.mustadlatam.com\\\/br\\\/#organization\",\"name\":\"Mustad Brasil - Informa\u00e7\u00e3o, Educa\u00e7\u00e3o e Venda de Produtos e Ferramentas Profissionais para Ferradores no Brasil.\",\"url\":\"https:\\\/\\\/www.mustadlatam.com\\\/br\\\/\",\"logo\":{\"@type\":\"ImageObject\",\"inLanguage\":\"pt-BR\",\"@id\":\"https:\\\/\\\/www.mustadlatam.com\\\/br\\\/#\\\/schema\\\/logo\\\/image\\\/\",\"url\":\"https:\\\/\\\/www.mustadlatam.com\\\/br\\\/wp-content\\\/uploads\\\/8\\\/2025\\\/12\\\/cropped-cropped-LOGO-MUSTAD-Final.png\",\"contentUrl\":\"https:\\\/\\\/www.mustadlatam.com\\\/br\\\/wp-content\\\/uploads\\\/8\\\/2025\\\/12\\\/cropped-cropped-LOGO-MUSTAD-Final.png\",\"width\":500,\"height\":500,\"caption\":\"Mustad Brasil - Informa\u00e7\u00e3o, Educa\u00e7\u00e3o e Venda de Produtos e Ferramentas Profissionais para Ferradores no Brasil.\"},\"image\":{\"@id\":\"https:\\\/\\\/www.mustadlatam.com\\\/br\\\/#\\\/schema\\\/logo\\\/image\\\/\"}}]}<\/script>\n<!-- \/ Yoast SEO plugin. -->","yoast_head_json":{"title":"Minha conta - Mustad Brasil - Informa\u00e7\u00e3o, Educa\u00e7\u00e3o e Venda de Produtos e Ferramentas Profissionais para Ferradores no Brasil.","robots":{"index":"noindex","follow":"follow"},"og_locale":"pt_BR","og_type":"article","og_title":"Minha conta - Mustad Brasil - Informa\u00e7\u00e3o, Educa\u00e7\u00e3o e Venda de Produtos e Ferramentas Profissionais para Ferradores no Brasil.","og_url":"https:\/\/www.mustadlatam.com\/br\/pt\/minha-conta\/","og_site_name":"Mustad Brasil - Informa\u00e7\u00e3o, Educa\u00e7\u00e3o e Venda de Produtos e Ferramentas Profissionais para Ferradores no Brasil.","article_modified_time":"2025-12-18T18:31:23+00:00","twitter_card":"summary_large_image","twitter_misc":{"Est. tempo de leitura":"1 minuto"},"schema":{"@context":"https:\/\/schema.org","@graph":[{"@type":"WebPage","@id":"https:\/\/www.mustadlatam.com\/br\/my-account\/","url":"https:\/\/www.mustadlatam.com\/br\/my-account\/","name":"Minha conta - Mustad Brasil - Informa\u00e7\u00e3o, Educa\u00e7\u00e3o e Venda de Produtos e Ferramentas Profissionais para Ferradores no Brasil.","isPartOf":{"@id":"https:\/\/www.mustadlatam.com\/br\/#website"},"datePublished":"2022-08-11T10:45:01+00:00","dateModified":"2025-12-18T18:31:23+00:00","breadcrumb":{"@id":"https:\/\/www.mustadlatam.com\/br\/my-account\/#breadcrumb"},"inLanguage":"pt-BR","potentialAction":[{"@type":"ReadAction","target":["https:\/\/www.mustadlatam.com\/br\/my-account\/"]}]},{"@type":"BreadcrumbList","@id":"https:\/\/www.mustadlatam.com\/br\/my-account\/#breadcrumb","itemListElement":[{"@type":"ListItem","position":1,"name":"Inicio","item":"https:\/\/www.mustadlatam.com\/br\/"},{"@type":"ListItem","position":2,"name":"Minha conta"}]},{"@type":"WebSite","@id":"https:\/\/www.mustadlatam.com\/br\/#website","url":"https:\/\/www.mustadlatam.com\/br\/","name":"Mustad Brasil - Informa\u00e7\u00e3o, educa\u00e7\u00e3o e venda de produtos e ferramentas profissionais para ferreiros no Brasil.","description":"Ferraduras, grosas, pregos e acess\u00f3rios para cavalos","publisher":{"@id":"https:\/\/www.mustadlatam.com\/br\/#organization"},"potentialAction":[{"@type":"SearchAction","target":{"@type":"EntryPoint","urlTemplate":"https:\/\/www.mustadlatam.com\/br\/?s={search_term_string}"},"query-input":{"@type":"PropertyValueSpecification","valueRequired":true,"valueName":"search_term_string"}}],"inLanguage":"pt-BR"},{"@type":"Organization","@id":"https:\/\/www.mustadlatam.com\/br\/#organization","name":"Mustad Brasil - Informa\u00e7\u00e3o, educa\u00e7\u00e3o e venda de produtos e ferramentas profissionais para ferreiros no Brasil.","url":"https:\/\/www.mustadlatam.com\/br\/","logo":{"@type":"ImageObject","inLanguage":"pt-BR","@id":"https:\/\/www.mustadlatam.com\/br\/#\/schema\/logo\/image\/","url":"https:\/\/www.mustadlatam.com\/br\/wp-content\/uploads\/8\/2025\/12\/cropped-cropped-LOGO-MUSTAD-Final.png","contentUrl":"https:\/\/www.mustadlatam.com\/br\/wp-content\/uploads\/8\/2025\/12\/cropped-cropped-LOGO-MUSTAD-Final.png","width":500,"height":500,"caption":"Mustad Brasil - Informa\u00e7\u00e3o, Educa\u00e7\u00e3o e Venda de Produtos e Ferramentas Profissionais para Ferradores no Brasil."},"image":{"@id":"https:\/\/www.mustadlatam.com\/br\/#\/schema\/logo\/image\/"}}]}},"_links":{"self":[{"href":"https:\/\/www.mustadlatam.com\/br\/pt\/wp-json\/wp\/v2\/pages\/17","targetHints":{"allow":["GET"]}}],"collection":[{"href":"https:\/\/www.mustadlatam.com\/br\/pt\/wp-json\/wp\/v2\/pages"}],"about":[{"href":"https:\/\/www.mustadlatam.com\/br\/pt\/wp-json\/wp\/v2\/types\/page"}],"author":[{"embeddable":true,"href":"https:\/\/www.mustadlatam.com\/br\/pt\/wp-json\/wp\/v2\/users\/1"}],"replies":[{"embeddable":true,"href":"https:\/\/www.mustadlatam.com\/br\/pt\/wp-json\/wp\/v2\/comments?post=17"}],"version-history":[{"count":1,"href":"https:\/\/www.mustadlatam.com\/br\/pt\/wp-json\/wp\/v2\/pages\/17\/revisions"}],"predecessor-version":[{"id":1104,"href":"https:\/\/www.mustadlatam.com\/br\/pt\/wp-json\/wp\/v2\/pages\/17\/revisions\/1104"}],"wp:featuredmedia":[{"embeddable":true,"href":"https:\/\/www.mustadlatam.com\/br\/pt\/wp-json\/"}],"wp:attachment":[{"href":"https:\/\/www.mustadlatam.com\/br\/pt\/wp-json\/wp\/v2\/media?parent=17"}],"curies":[{"name":"wp","href":"https:\/\/api.w.org\/{rel}","templated":true}]}}