{"id":75,"date":"2022-08-12T14:39:34","date_gmt":"2022-08-12T14:39:34","guid":{"rendered":"http:\/\/www.mustadlatam.com\/br\/?page_id=75"},"modified":"2026-01-05T14:34:14","modified_gmt":"2026-01-05T19:34:14","slug":"sobre-mustad-brasil-2","status":"publish","type":"page","link":"https:\/\/www.mustadlatam.com\/br\/pt\/sobre-mustad-brasil-2\/","title":{"rendered":"Mustad Brasil \u2013 Tradi\u00e7\u00e3o, inova\u00e7\u00e3o e compromisso com o ferrador brasileiro"},"content":{"rendered":"","protected":false},"excerpt":{"rendered":"","protected":false},"author":1,"featured_media":5675,"parent":0,"menu_order":0,"comment_status":"open","ping_status":"closed","template":"","meta":{"footnotes":""},"class_list":["post-75","page","type-page","status-publish","has-post-thumbnail","hentry"],"yoast_head":"<!-- This site is optimized with the Yoast SEO plugin v27.4 - https:\/\/yoast.com\/product\/yoast-seo-wordpress\/ -->\n<title>Sobre a Mustad Brasil | Tradi\u00e7\u00e3o, Inova\u00e7\u00e3o e Compromisso<\/title>\n<meta name=\"description\" content=\"Conhe\u00e7a a Mustad Brasil: tradi\u00e7\u00e3o desde 1832 e opera\u00e7\u00e3o em Itaipava (Petr\u00f3polis-RJ), com produ\u00e7\u00e3o carbono zero e foco no ferrador. Tire\" \/>\n<meta name=\"robots\" content=\"index, follow, max-snippet:-1, max-image-preview:large, max-video-preview:-1\" \/>\n<link rel=\"canonical\" href=\"https:\/\/www.mustadlatam.com\/br\/pt\/sobre-mustad-brasil-2\/\" \/>\n<meta property=\"og:locale\" content=\"pt_BR\" \/>\n<meta property=\"og:type\" content=\"article\" \/>\n<meta property=\"og:title\" content=\"Sobre a Mustad Brasil | Tradi\u00e7\u00e3o, Inova\u00e7\u00e3o e Compromisso\" \/>\n<meta property=\"og:description\" content=\"Conhe\u00e7a a Mustad Brasil: tradi\u00e7\u00e3o desde 1832 e opera\u00e7\u00e3o em Itaipava (Petr\u00f3polis-RJ), com produ\u00e7\u00e3o carbono zero e foco no ferrador. Tire\" \/>\n<meta property=\"og:url\" content=\"https:\/\/www.mustadlatam.com\/br\/pt\/sobre-mustad-brasil-2\/\" \/>\n<meta property=\"og:site_name\" content=\"Mustad Brasil - Informa\u00e7\u00e3o, Educa\u00e7\u00e3o e Venda de Produtos e Ferramentas Profissionais para Ferradores no Brasil.\" \/>\n<meta property=\"article:modified_time\" content=\"2026-01-05T19:34:14+00:00\" \/>\n<meta property=\"og:image\" content=\"https:\/\/www.mustadlatam.com\/br\/wp-content\/uploads\/8\/2025\/12\/cropped-cropped-cropped-LOGO-MUSTAD-Final.png\" \/>\n\t<meta property=\"og:image:width\" content=\"512\" \/>\n\t<meta property=\"og:image:height\" content=\"512\" \/>\n\t<meta property=\"og:image:type\" content=\"image\/png\" \/>\n<meta name=\"twitter:card\" content=\"summary_large_image\" \/>\n<meta name=\"twitter:label1\" content=\"Est. tempo de leitura\" \/>\n\t<meta name=\"twitter:data1\" content=\"1 minuto\" \/>\n<script type=\"application\/ld+json\" class=\"yoast-schema-graph\">{\"@context\":\"https:\\\/\\\/schema.org\",\"@graph\":[{\"@type\":\"WebPage\",\"@id\":\"https:\\\/\\\/www.mustadlatam.com\\\/br\\\/sobre-mustad-brasil-2\\\/\",\"url\":\"https:\\\/\\\/www.mustadlatam.com\\\/br\\\/sobre-mustad-brasil-2\\\/\",\"name\":\"Sobre a Mustad Brasil | Tradi\u00e7\u00e3o, Inova\u00e7\u00e3o e Compromisso\",\"isPartOf\":{\"@id\":\"https:\\\/\\\/www.mustadlatam.com\\\/br\\\/#website\"},\"primaryImageOfPage\":{\"@id\":\"https:\\\/\\\/www.mustadlatam.com\\\/br\\\/sobre-mustad-brasil-2\\\/#primaryimage\"},\"image\":{\"@id\":\"https:\\\/\\\/www.mustadlatam.com\\\/br\\\/sobre-mustad-brasil-2\\\/#primaryimage\"},\"thumbnailUrl\":\"https:\\\/\\\/www.mustadlatam.com\\\/br\\\/wp-content\\\/uploads\\\/8\\\/2025\\\/12\\\/cropped-cropped-cropped-LOGO-MUSTAD-Final.png\",\"datePublished\":\"2022-08-12T14:39:34+00:00\",\"dateModified\":\"2026-01-05T19:34:14+00:00\",\"description\":\"Conhe\u00e7a a Mustad Brasil: tradi\u00e7\u00e3o desde 1832 e opera\u00e7\u00e3o em Itaipava (Petr\u00f3polis-RJ), com produ\u00e7\u00e3o carbono zero e foco no ferrador. Tire\",\"breadcrumb\":{\"@id\":\"https:\\\/\\\/www.mustadlatam.com\\\/br\\\/sobre-mustad-brasil-2\\\/#breadcrumb\"},\"inLanguage\":\"pt-BR\",\"potentialAction\":[{\"@type\":\"ReadAction\",\"target\":[\"https:\\\/\\\/www.mustadlatam.com\\\/br\\\/sobre-mustad-brasil-2\\\/\"]}]},{\"@type\":\"ImageObject\",\"inLanguage\":\"pt-BR\",\"@id\":\"https:\\\/\\\/www.mustadlatam.com\\\/br\\\/sobre-mustad-brasil-2\\\/#primaryimage\",\"url\":\"https:\\\/\\\/www.mustadlatam.com\\\/br\\\/wp-content\\\/uploads\\\/8\\\/2025\\\/12\\\/cropped-cropped-cropped-LOGO-MUSTAD-Final.png\",\"contentUrl\":\"https:\\\/\\\/www.mustadlatam.com\\\/br\\\/wp-content\\\/uploads\\\/8\\\/2025\\\/12\\\/cropped-cropped-cropped-LOGO-MUSTAD-Final.png\",\"width\":512,\"height\":512,\"caption\":\"LOGO MUSTAD Final\"},{\"@type\":\"BreadcrumbList\",\"@id\":\"https:\\\/\\\/www.mustadlatam.com\\\/br\\\/sobre-mustad-brasil-2\\\/#breadcrumb\",\"itemListElement\":[{\"@type\":\"ListItem\",\"position\":1,\"name\":\"Inicio\",\"item\":\"https:\\\/\\\/www.mustadlatam.com\\\/br\\\/\"},{\"@type\":\"ListItem\",\"position\":2,\"name\":\"Mustad Brasil \u2013 Tradi\u00e7\u00e3o, inova\u00e7\u00e3o e compromisso com o ferrador brasileiro\"}]},{\"@type\":\"WebSite\",\"@id\":\"https:\\\/\\\/www.mustadlatam.com\\\/br\\\/#website\",\"url\":\"https:\\\/\\\/www.mustadlatam.com\\\/br\\\/\",\"name\":\"Mustad Brasil - Informa\u00e7\u00e3o, Educa\u00e7\u00e3o e Venda de Produtos e Ferramentas Profissionais para Ferradores no Brasil.\",\"description\":\"Ferraduras, grosas, pregos e acess\u00f3rios para cavalos\",\"publisher\":{\"@id\":\"https:\\\/\\\/www.mustadlatam.com\\\/br\\\/#organization\"},\"potentialAction\":[{\"@type\":\"SearchAction\",\"target\":{\"@type\":\"EntryPoint\",\"urlTemplate\":\"https:\\\/\\\/www.mustadlatam.com\\\/br\\\/?s={search_term_string}\"},\"query-input\":{\"@type\":\"PropertyValueSpecification\",\"valueRequired\":true,\"valueName\":\"search_term_string\"}}],\"inLanguage\":\"pt-BR\"},{\"@type\":\"Organization\",\"@id\":\"https:\\\/\\\/www.mustadlatam.com\\\/br\\\/#organization\",\"name\":\"Mustad Brasil - Informa\u00e7\u00e3o, Educa\u00e7\u00e3o e Venda de Produtos e Ferramentas Profissionais para Ferradores no Brasil.\",\"url\":\"https:\\\/\\\/www.mustadlatam.com\\\/br\\\/\",\"logo\":{\"@type\":\"ImageObject\",\"inLanguage\":\"pt-BR\",\"@id\":\"https:\\\/\\\/www.mustadlatam.com\\\/br\\\/#\\\/schema\\\/logo\\\/image\\\/\",\"url\":\"https:\\\/\\\/www.mustadlatam.com\\\/br\\\/wp-content\\\/uploads\\\/8\\\/2025\\\/12\\\/cropped-cropped-LOGO-MUSTAD-Final.png\",\"contentUrl\":\"https:\\\/\\\/www.mustadlatam.com\\\/br\\\/wp-content\\\/uploads\\\/8\\\/2025\\\/12\\\/cropped-cropped-LOGO-MUSTAD-Final.png\",\"width\":500,\"height\":500,\"caption\":\"Mustad Brasil - Informa\u00e7\u00e3o, Educa\u00e7\u00e3o e Venda de Produtos e Ferramentas Profissionais para Ferradores no Brasil.\"},\"image\":{\"@id\":\"https:\\\/\\\/www.mustadlatam.com\\\/br\\\/#\\\/schema\\\/logo\\\/image\\\/\"}}]}<\/script>\n<!-- \/ Yoast SEO plugin. -->","yoast_head_json":{"title":"Sobre a Mustad Brasil | Tradi\u00e7\u00e3o, Inova\u00e7\u00e3o e Compromisso","description":"Conhe\u00e7a a Mustad Brasil: tradi\u00e7\u00e3o desde 1832 e opera\u00e7\u00e3o em Itaipava (Petr\u00f3polis-RJ), com produ\u00e7\u00e3o carbono zero e foco no ferrador. Tire","robots":{"index":"index","follow":"follow","max-snippet":"max-snippet:-1","max-image-preview":"max-image-preview:large","max-video-preview":"max-video-preview:-1"},"canonical":"https:\/\/www.mustadlatam.com\/br\/pt\/sobre-mustad-brasil-2\/","og_locale":"pt_BR","og_type":"article","og_title":"Sobre a Mustad Brasil | Tradi\u00e7\u00e3o, Inova\u00e7\u00e3o e Compromisso","og_description":"Conhe\u00e7a a Mustad Brasil: tradi\u00e7\u00e3o desde 1832 e opera\u00e7\u00e3o em Itaipava (Petr\u00f3polis-RJ), com produ\u00e7\u00e3o carbono zero e foco no ferrador. Tire","og_url":"https:\/\/www.mustadlatam.com\/br\/pt\/sobre-mustad-brasil-2\/","og_site_name":"Mustad Brasil - Informa\u00e7\u00e3o, Educa\u00e7\u00e3o e Venda de Produtos e Ferramentas Profissionais para Ferradores no Brasil.","article_modified_time":"2026-01-05T19:34:14+00:00","og_image":[{"width":512,"height":512,"url":"https:\/\/www.mustadlatam.com\/br\/wp-content\/uploads\/8\/2025\/12\/cropped-cropped-cropped-LOGO-MUSTAD-Final.png","type":"image\/png"}],"twitter_card":"summary_large_image","twitter_misc":{"Est. tempo de leitura":"1 minuto"},"schema":{"@context":"https:\/\/schema.org","@graph":[{"@type":"WebPage","@id":"https:\/\/www.mustadlatam.com\/br\/sobre-mustad-brasil-2\/","url":"https:\/\/www.mustadlatam.com\/br\/sobre-mustad-brasil-2\/","name":"Sobre a Mustad Brasil | Tradi\u00e7\u00e3o, Inova\u00e7\u00e3o e Compromisso","isPartOf":{"@id":"https:\/\/www.mustadlatam.com\/br\/#website"},"primaryImageOfPage":{"@id":"https:\/\/www.mustadlatam.com\/br\/sobre-mustad-brasil-2\/#primaryimage"},"image":{"@id":"https:\/\/www.mustadlatam.com\/br\/sobre-mustad-brasil-2\/#primaryimage"},"thumbnailUrl":"https:\/\/www.mustadlatam.com\/br\/wp-content\/uploads\/8\/2025\/12\/cropped-cropped-cropped-LOGO-MUSTAD-Final.png","datePublished":"2022-08-12T14:39:34+00:00","dateModified":"2026-01-05T19:34:14+00:00","description":"Conhe\u00e7a a Mustad Brasil: tradi\u00e7\u00e3o desde 1832 e opera\u00e7\u00e3o em Itaipava (Petr\u00f3polis-RJ), com produ\u00e7\u00e3o carbono zero e foco no ferrador. Tire","breadcrumb":{"@id":"https:\/\/www.mustadlatam.com\/br\/sobre-mustad-brasil-2\/#breadcrumb"},"inLanguage":"pt-BR","potentialAction":[{"@type":"ReadAction","target":["https:\/\/www.mustadlatam.com\/br\/sobre-mustad-brasil-2\/"]}]},{"@type":"ImageObject","inLanguage":"pt-BR","@id":"https:\/\/www.mustadlatam.com\/br\/sobre-mustad-brasil-2\/#primaryimage","url":"https:\/\/www.mustadlatam.com\/br\/wp-content\/uploads\/8\/2025\/12\/cropped-cropped-cropped-LOGO-MUSTAD-Final.png","contentUrl":"https:\/\/www.mustadlatam.com\/br\/wp-content\/uploads\/8\/2025\/12\/cropped-cropped-cropped-LOGO-MUSTAD-Final.png","width":512,"height":512,"caption":"LOGO MUSTAD Final"},{"@type":"BreadcrumbList","@id":"https:\/\/www.mustadlatam.com\/br\/sobre-mustad-brasil-2\/#breadcrumb","itemListElement":[{"@type":"ListItem","position":1,"name":"Inicio","item":"https:\/\/www.mustadlatam.com\/br\/"},{"@type":"ListItem","position":2,"name":"Mustad Brasil \u2013 Tradi\u00e7\u00e3o, inova\u00e7\u00e3o e compromisso com o ferrador brasileiro"}]},{"@type":"WebSite","@id":"https:\/\/www.mustadlatam.com\/br\/#website","url":"https:\/\/www.mustadlatam.com\/br\/","name":"Mustad Brasil - Informa\u00e7\u00e3o, educa\u00e7\u00e3o e venda de produtos e ferramentas profissionais para ferreiros no Brasil.","description":"Ferraduras, grosas, pregos e acess\u00f3rios para cavalos","publisher":{"@id":"https:\/\/www.mustadlatam.com\/br\/#organization"},"potentialAction":[{"@type":"SearchAction","target":{"@type":"EntryPoint","urlTemplate":"https:\/\/www.mustadlatam.com\/br\/?s={search_term_string}"},"query-input":{"@type":"PropertyValueSpecification","valueRequired":true,"valueName":"search_term_string"}}],"inLanguage":"pt-BR"},{"@type":"Organization","@id":"https:\/\/www.mustadlatam.com\/br\/#organization","name":"Mustad Brasil - Informa\u00e7\u00e3o, educa\u00e7\u00e3o e venda de produtos e ferramentas profissionais para ferreiros no Brasil.","url":"https:\/\/www.mustadlatam.com\/br\/","logo":{"@type":"ImageObject","inLanguage":"pt-BR","@id":"https:\/\/www.mustadlatam.com\/br\/#\/schema\/logo\/image\/","url":"https:\/\/www.mustadlatam.com\/br\/wp-content\/uploads\/8\/2025\/12\/cropped-cropped-LOGO-MUSTAD-Final.png","contentUrl":"https:\/\/www.mustadlatam.com\/br\/wp-content\/uploads\/8\/2025\/12\/cropped-cropped-LOGO-MUSTAD-Final.png","width":500,"height":500,"caption":"Mustad Brasil - Informa\u00e7\u00e3o, Educa\u00e7\u00e3o e Venda de Produtos e Ferramentas Profissionais para Ferradores no Brasil."},"image":{"@id":"https:\/\/www.mustadlatam.com\/br\/#\/schema\/logo\/image\/"}}]}},"_links":{"self":[{"href":"https:\/\/www.mustadlatam.com\/br\/pt\/wp-json\/wp\/v2\/pages\/75","targetHints":{"allow":["GET"]}}],"collection":[{"href":"https:\/\/www.mustadlatam.com\/br\/pt\/wp-json\/wp\/v2\/pages"}],"about":[{"href":"https:\/\/www.mustadlatam.com\/br\/pt\/wp-json\/wp\/v2\/types\/page"}],"author":[{"embeddable":true,"href":"https:\/\/www.mustadlatam.com\/br\/pt\/wp-json\/wp\/v2\/users\/1"}],"replies":[{"embeddable":true,"href":"https:\/\/www.mustadlatam.com\/br\/pt\/wp-json\/wp\/v2\/comments?post=75"}],"version-history":[{"count":2,"href":"https:\/\/www.mustadlatam.com\/br\/pt\/wp-json\/wp\/v2\/pages\/75\/revisions"}],"predecessor-version":[{"id":5635,"href":"https:\/\/www.mustadlatam.com\/br\/pt\/wp-json\/wp\/v2\/pages\/75\/revisions\/5635"}],"wp:featuredmedia":[{"embeddable":true,"href":"https:\/\/www.mustadlatam.com\/br\/pt\/wp-json\/wp\/v2\/media\/5675"}],"wp:attachment":[{"href":"https:\/\/www.mustadlatam.com\/br\/pt\/wp-json\/wp\/v2\/media?parent=75"}],"curies":[{"name":"wp","href":"https:\/\/api.w.org\/{rel}","templated":true}]}}