{"id":1330,"date":"2025-11-07T11:01:12","date_gmt":"2025-11-07T16:01:12","guid":{"rendered":"https:\/\/mediplushub.com\/br\/?post_type=product&#038;p=1330"},"modified":"2025-12-11T12:58:09","modified_gmt":"2025-12-11T17:58:09","slug":"ephesto-l-avental-jeans-couro","status":"publish","type":"product","link":"https:\/\/www.mustadlatam.com\/br\/pt\/produtos\/ephesto-l-avental-jeans-couro\/","title":{"rendered":"EPHESTO L- Avental Jeans Couro"},"content":{"rendered":"","protected":false},"excerpt":{"rendered":"","protected":false},"featured_media":1331,"comment_status":"open","ping_status":"closed","template":"","meta":[],"product_brand":[412],"product_cat":[26,733,693],"product_tag":[],"class_list":{"0":"post-1330","1":"product","2":"type-product","3":"status-publish","4":"has-post-thumbnail","6":"product_brand-mustad","7":"product_cat-acessorios","8":"product_cat-aventais","9":"product_cat-produtos-especiais","10":"pa_acessorios-aventais","11":"pa_disciplina-adestramento","12":"pa_disciplina-cavalgada","13":"pa_disciplina-hipismo","14":"pa_disciplina-laco","15":"pa_disciplina-marcha","16":"pa_disciplina-trabalho","17":"pa_disciplina-tres-tambores","18":"pa_disciplina-turf","19":"pa_marca-mustad","20":"pa_tipo-de-produto-accesorio","22":"first","23":"outofstock","24":"shipping-taxable","25":"purchasable","26":"product-type-simple"},"yoast_head":"<!-- This site is optimized with the Yoast SEO plugin v27.4 - https:\/\/yoast.com\/product\/yoast-seo-wordpress\/ -->\n<title>EPHESTO L- Avental Jeans Couro - Mustad Brasil - Informa\u00e7\u00e3o, Educa\u00e7\u00e3o e Venda de Produtos e Ferramentas Profissionais para Ferradores no Brasil.<\/title>\n<meta name=\"robots\" content=\"index, follow, max-snippet:-1, max-image-preview:large, max-video-preview:-1\" \/>\n<link rel=\"canonical\" href=\"https:\/\/www.mustadlatam.com\/br\/pt\/produtos\/ephesto-l-avental-jeans-couro\/\" \/>\n<meta property=\"og:locale\" content=\"pt_BR\" \/>\n<meta property=\"og:type\" content=\"article\" \/>\n<meta property=\"og:title\" content=\"EPHESTO L- Avental Jeans Couro - Mustad Brasil - Informa\u00e7\u00e3o, Educa\u00e7\u00e3o e Venda de Produtos e Ferramentas Profissionais para Ferradores no Brasil.\" \/>\n<meta property=\"og:url\" content=\"https:\/\/www.mustadlatam.com\/br\/pt\/produtos\/ephesto-l-avental-jeans-couro\/\" \/>\n<meta property=\"og:site_name\" content=\"Mustad Brasil - Informa\u00e7\u00e3o, Educa\u00e7\u00e3o e Venda de Produtos e Ferramentas Profissionais para Ferradores no Brasil.\" \/>\n<meta property=\"article:modified_time\" content=\"2025-12-11T17:58:09+00:00\" \/>\n<meta property=\"og:image\" content=\"https:\/\/www.mustadlatam.com\/br\/wp-content\/uploads\/8\/2025\/11\/EPHESTO-L-Avental-Jeans-Couro.jpg\" \/>\n\t<meta property=\"og:image:width\" content=\"800\" \/>\n\t<meta property=\"og:image:height\" content=\"800\" \/>\n\t<meta property=\"og:image:type\" content=\"image\/jpeg\" \/>\n<meta name=\"twitter:card\" content=\"summary_large_image\" \/>\n<meta name=\"twitter:label1\" content=\"Est. tempo de leitura\" \/>\n\t<meta name=\"twitter:data1\" content=\"1 minuto\" \/>\n<script type=\"application\/ld+json\" class=\"yoast-schema-graph\">{\"@context\":\"https:\\\/\\\/schema.org\",\"@graph\":[{\"@type\":\"WebPage\",\"@id\":\"https:\\\/\\\/www.mustadlatam.com\\\/br\\\/product\\\/ephesto-l-avental-jeans-couro\\\/\",\"url\":\"https:\\\/\\\/www.mustadlatam.com\\\/br\\\/product\\\/ephesto-l-avental-jeans-couro\\\/\",\"name\":\"EPHESTO L- Avental Jeans Couro - Mustad Brasil - Informa\u00e7\u00e3o, Educa\u00e7\u00e3o e Venda de Produtos e Ferramentas Profissionais para Ferradores no Brasil.\",\"isPartOf\":{\"@id\":\"https:\\\/\\\/www.mustadlatam.com\\\/br\\\/#website\"},\"primaryImageOfPage\":{\"@id\":\"https:\\\/\\\/www.mustadlatam.com\\\/br\\\/product\\\/ephesto-l-avental-jeans-couro\\\/#primaryimage\"},\"image\":{\"@id\":\"https:\\\/\\\/www.mustadlatam.com\\\/br\\\/product\\\/ephesto-l-avental-jeans-couro\\\/#primaryimage\"},\"thumbnailUrl\":\"https:\\\/\\\/www.mustadlatam.com\\\/br\\\/wp-content\\\/uploads\\\/8\\\/2025\\\/11\\\/EPHESTO-L-Avental-Jeans-Couro.jpg\",\"datePublished\":\"2025-11-07T16:01:12+00:00\",\"dateModified\":\"2025-12-11T17:58:09+00:00\",\"breadcrumb\":{\"@id\":\"https:\\\/\\\/www.mustadlatam.com\\\/br\\\/product\\\/ephesto-l-avental-jeans-couro\\\/#breadcrumb\"},\"inLanguage\":\"pt-BR\",\"potentialAction\":[{\"@type\":\"ReadAction\",\"target\":[\"https:\\\/\\\/www.mustadlatam.com\\\/br\\\/product\\\/ephesto-l-avental-jeans-couro\\\/\"]}]},{\"@type\":\"ImageObject\",\"inLanguage\":\"pt-BR\",\"@id\":\"https:\\\/\\\/www.mustadlatam.com\\\/br\\\/product\\\/ephesto-l-avental-jeans-couro\\\/#primaryimage\",\"url\":\"https:\\\/\\\/www.mustadlatam.com\\\/br\\\/wp-content\\\/uploads\\\/8\\\/2025\\\/11\\\/EPHESTO-L-Avental-Jeans-Couro.jpg\",\"contentUrl\":\"https:\\\/\\\/www.mustadlatam.com\\\/br\\\/wp-content\\\/uploads\\\/8\\\/2025\\\/11\\\/EPHESTO-L-Avental-Jeans-Couro.jpg\",\"width\":800,\"height\":800,\"caption\":\"EPHESTO L- Avental Jeans Couro\"},{\"@type\":\"BreadcrumbList\",\"@id\":\"https:\\\/\\\/www.mustadlatam.com\\\/br\\\/product\\\/ephesto-l-avental-jeans-couro\\\/#breadcrumb\",\"itemListElement\":[{\"@type\":\"ListItem\",\"position\":1,\"name\":\"Inicio\",\"item\":\"https:\\\/\\\/www.mustadlatam.com\\\/br\\\/\"},{\"@type\":\"ListItem\",\"position\":2,\"name\":\"Loja Mustad Brasil | Compre Ferraduras, Cravos e Ferramentas\",\"item\":\"https:\\\/\\\/www.mustadlatam.com\\\/br\\\/shop\\\/\"},{\"@type\":\"ListItem\",\"position\":3,\"name\":\"EPHESTO L- Avental Jeans Couro\"}]},{\"@type\":\"WebSite\",\"@id\":\"https:\\\/\\\/www.mustadlatam.com\\\/br\\\/#website\",\"url\":\"https:\\\/\\\/www.mustadlatam.com\\\/br\\\/\",\"name\":\"Mustad Brasil - Informa\u00e7\u00e3o, Educa\u00e7\u00e3o e Venda de Produtos e Ferramentas Profissionais para Ferradores no Brasil.\",\"description\":\"Ferraduras, grosas, pregos e acess\u00f3rios para cavalos\",\"publisher\":{\"@id\":\"https:\\\/\\\/www.mustadlatam.com\\\/br\\\/#organization\"},\"potentialAction\":[{\"@type\":\"SearchAction\",\"target\":{\"@type\":\"EntryPoint\",\"urlTemplate\":\"https:\\\/\\\/www.mustadlatam.com\\\/br\\\/?s={search_term_string}\"},\"query-input\":{\"@type\":\"PropertyValueSpecification\",\"valueRequired\":true,\"valueName\":\"search_term_string\"}}],\"inLanguage\":\"pt-BR\"},{\"@type\":\"Organization\",\"@id\":\"https:\\\/\\\/www.mustadlatam.com\\\/br\\\/#organization\",\"name\":\"Mustad Brasil - Informa\u00e7\u00e3o, Educa\u00e7\u00e3o e Venda de Produtos e Ferramentas Profissionais para Ferradores no Brasil.\",\"url\":\"https:\\\/\\\/www.mustadlatam.com\\\/br\\\/\",\"logo\":{\"@type\":\"ImageObject\",\"inLanguage\":\"pt-BR\",\"@id\":\"https:\\\/\\\/www.mustadlatam.com\\\/br\\\/#\\\/schema\\\/logo\\\/image\\\/\",\"url\":\"https:\\\/\\\/www.mustadlatam.com\\\/br\\\/wp-content\\\/uploads\\\/8\\\/2025\\\/12\\\/cropped-cropped-LOGO-MUSTAD-Final.png\",\"contentUrl\":\"https:\\\/\\\/www.mustadlatam.com\\\/br\\\/wp-content\\\/uploads\\\/8\\\/2025\\\/12\\\/cropped-cropped-LOGO-MUSTAD-Final.png\",\"width\":500,\"height\":500,\"caption\":\"Mustad Brasil - Informa\u00e7\u00e3o, Educa\u00e7\u00e3o e Venda de Produtos e Ferramentas Profissionais para Ferradores no Brasil.\"},\"image\":{\"@id\":\"https:\\\/\\\/www.mustadlatam.com\\\/br\\\/#\\\/schema\\\/logo\\\/image\\\/\"}}]}<\/script>\n<!-- \/ Yoast SEO plugin. -->","yoast_head_json":{"title":"EPHESTO L- Avental Jeans Couro - Mustad Brasil - Informa\u00e7\u00e3o, Educa\u00e7\u00e3o e Venda de Produtos e Ferramentas Profissionais para Ferradores no Brasil.","robots":{"index":"index","follow":"follow","max-snippet":"max-snippet:-1","max-image-preview":"max-image-preview:large","max-video-preview":"max-video-preview:-1"},"canonical":"https:\/\/www.mustadlatam.com\/br\/pt\/produtos\/ephesto-l-avental-jeans-couro\/","og_locale":"pt_BR","og_type":"article","og_title":"EPHESTO L- Avental Jeans Couro - Mustad Brasil - Informa\u00e7\u00e3o, Educa\u00e7\u00e3o e Venda de Produtos e Ferramentas Profissionais para Ferradores no Brasil.","og_url":"https:\/\/www.mustadlatam.com\/br\/pt\/produtos\/ephesto-l-avental-jeans-couro\/","og_site_name":"Mustad Brasil - Informa\u00e7\u00e3o, Educa\u00e7\u00e3o e Venda de Produtos e Ferramentas Profissionais para Ferradores no Brasil.","article_modified_time":"2025-12-11T17:58:09+00:00","og_image":[{"width":800,"height":800,"url":"https:\/\/www.mustadlatam.com\/br\/wp-content\/uploads\/8\/2025\/11\/EPHESTO-L-Avental-Jeans-Couro.jpg","type":"image\/jpeg"}],"twitter_card":"summary_large_image","twitter_misc":{"Est. tempo de leitura":"1 minuto"},"schema":{"@context":"https:\/\/schema.org","@graph":[{"@type":"WebPage","@id":"https:\/\/www.mustadlatam.com\/br\/product\/ephesto-l-avental-jeans-couro\/","url":"https:\/\/www.mustadlatam.com\/br\/product\/ephesto-l-avental-jeans-couro\/","name":"EPHESTO L- Avental Jeans Couro - Mustad Brasil - Informa\u00e7\u00e3o, Educa\u00e7\u00e3o e Venda de Produtos e Ferramentas Profissionais para Ferradores no Brasil.","isPartOf":{"@id":"https:\/\/www.mustadlatam.com\/br\/#website"},"primaryImageOfPage":{"@id":"https:\/\/www.mustadlatam.com\/br\/product\/ephesto-l-avental-jeans-couro\/#primaryimage"},"image":{"@id":"https:\/\/www.mustadlatam.com\/br\/product\/ephesto-l-avental-jeans-couro\/#primaryimage"},"thumbnailUrl":"https:\/\/www.mustadlatam.com\/br\/wp-content\/uploads\/8\/2025\/11\/EPHESTO-L-Avental-Jeans-Couro.jpg","datePublished":"2025-11-07T16:01:12+00:00","dateModified":"2025-12-11T17:58:09+00:00","breadcrumb":{"@id":"https:\/\/www.mustadlatam.com\/br\/product\/ephesto-l-avental-jeans-couro\/#breadcrumb"},"inLanguage":"pt-BR","potentialAction":[{"@type":"ReadAction","target":["https:\/\/www.mustadlatam.com\/br\/product\/ephesto-l-avental-jeans-couro\/"]}]},{"@type":"ImageObject","inLanguage":"pt-BR","@id":"https:\/\/www.mustadlatam.com\/br\/product\/ephesto-l-avental-jeans-couro\/#primaryimage","url":"https:\/\/www.mustadlatam.com\/br\/wp-content\/uploads\/8\/2025\/11\/EPHESTO-L-Avental-Jeans-Couro.jpg","contentUrl":"https:\/\/www.mustadlatam.com\/br\/wp-content\/uploads\/8\/2025\/11\/EPHESTO-L-Avental-Jeans-Couro.jpg","width":800,"height":800,"caption":"EPHESTO L- Avental Jeans Couro"},{"@type":"BreadcrumbList","@id":"https:\/\/www.mustadlatam.com\/br\/product\/ephesto-l-avental-jeans-couro\/#breadcrumb","itemListElement":[{"@type":"ListItem","position":1,"name":"Inicio","item":"https:\/\/www.mustadlatam.com\/br\/"},{"@type":"ListItem","position":2,"name":"Loja Mustad Brasil | Compre Ferraduras, Cravos e Ferramentas","item":"https:\/\/www.mustadlatam.com\/br\/shop\/"},{"@type":"ListItem","position":3,"name":"EPHESTO L- Avental Jeans Couro"}]},{"@type":"WebSite","@id":"https:\/\/www.mustadlatam.com\/br\/#website","url":"https:\/\/www.mustadlatam.com\/br\/","name":"Mustad Brasil - Informa\u00e7\u00e3o, educa\u00e7\u00e3o e venda de produtos e ferramentas profissionais para ferreiros no Brasil.","description":"Ferraduras, grosas, pregos e acess\u00f3rios para cavalos","publisher":{"@id":"https:\/\/www.mustadlatam.com\/br\/#organization"},"potentialAction":[{"@type":"SearchAction","target":{"@type":"EntryPoint","urlTemplate":"https:\/\/www.mustadlatam.com\/br\/?s={search_term_string}"},"query-input":{"@type":"PropertyValueSpecification","valueRequired":true,"valueName":"search_term_string"}}],"inLanguage":"pt-BR"},{"@type":"Organization","@id":"https:\/\/www.mustadlatam.com\/br\/#organization","name":"Mustad Brasil - Informa\u00e7\u00e3o, educa\u00e7\u00e3o e venda de produtos e ferramentas profissionais para ferreiros no Brasil.","url":"https:\/\/www.mustadlatam.com\/br\/","logo":{"@type":"ImageObject","inLanguage":"pt-BR","@id":"https:\/\/www.mustadlatam.com\/br\/#\/schema\/logo\/image\/","url":"https:\/\/www.mustadlatam.com\/br\/wp-content\/uploads\/8\/2025\/12\/cropped-cropped-LOGO-MUSTAD-Final.png","contentUrl":"https:\/\/www.mustadlatam.com\/br\/wp-content\/uploads\/8\/2025\/12\/cropped-cropped-LOGO-MUSTAD-Final.png","width":500,"height":500,"caption":"Mustad Brasil - Informa\u00e7\u00e3o, Educa\u00e7\u00e3o e Venda de Produtos e Ferramentas Profissionais para Ferradores no Brasil."},"image":{"@id":"https:\/\/www.mustadlatam.com\/br\/#\/schema\/logo\/image\/"}}]}},"_links":{"self":[{"href":"https:\/\/www.mustadlatam.com\/br\/pt\/wp-json\/wp\/v2\/product\/1330","targetHints":{"allow":["GET"]}}],"collection":[{"href":"https:\/\/www.mustadlatam.com\/br\/pt\/wp-json\/wp\/v2\/product"}],"about":[{"href":"https:\/\/www.mustadlatam.com\/br\/pt\/wp-json\/wp\/v2\/types\/product"}],"replies":[{"embeddable":true,"href":"https:\/\/www.mustadlatam.com\/br\/pt\/wp-json\/wp\/v2\/comments?post=1330"}],"wp:featuredmedia":[{"embeddable":true,"href":"https:\/\/www.mustadlatam.com\/br\/pt\/wp-json\/wp\/v2\/media\/1331"}],"wp:attachment":[{"href":"https:\/\/www.mustadlatam.com\/br\/pt\/wp-json\/wp\/v2\/media?parent=1330"}],"wp:term":[{"taxonomy":"product_brand","embeddable":true,"href":"https:\/\/www.mustadlatam.com\/br\/pt\/wp-json\/wp\/v2\/product_brand?post=1330"},{"taxonomy":"product_cat","embeddable":true,"href":"https:\/\/www.mustadlatam.com\/br\/pt\/wp-json\/wp\/v2\/product_cat?post=1330"},{"taxonomy":"product_tag","embeddable":true,"href":"https:\/\/www.mustadlatam.com\/br\/pt\/wp-json\/wp\/v2\/product_tag?post=1330"}],"curies":[{"name":"wp","href":"https:\/\/api.w.org\/{rel}","templated":true}]}}