{"id":729,"date":"2025-10-08T06:45:26","date_gmt":"2025-10-08T11:45:26","guid":{"rendered":"https:\/\/mediplushub.com\/br\/?post_type=product&#038;p=729"},"modified":"2026-03-09T18:10:47","modified_gmt":"2026-03-09T23:10:47","slug":"faca-direita-lamina-curva-gdm","status":"publish","type":"product","link":"https:\/\/www.mustadlatam.com\/br\/pt\/produtos\/faca-direita-lamina-curva-gdm\/","title":{"rendered":"Faca Direita l\u00e2mina curva GDM \u2013 corte preciso e ergon\u00f3mico"},"content":{"rendered":"","protected":false},"excerpt":{"rendered":"<p>Faca GDM para destros com l\u00e2mina curva, cabo ergon\u00f4mico e ponta de limpeza. Confira pre\u00e7o e disponibilidade na Col\u00f4mbia. Compre com seguran\u00e7a em nosso site.<\/p>","protected":false},"featured_media":730,"comment_status":"open","ping_status":"closed","template":"","meta":[],"product_brand":[304],"product_cat":[406,25],"product_tag":[409,410,408,407,411,903],"class_list":{"0":"post-729","1":"product","2":"type-product","3":"status-publish","4":"has-post-thumbnail","6":"product_brand-gdm","7":"product_cat-gubias","8":"product_cat-herramientas","9":"product_tag-cuchillo-casco-derecho","10":"product_tag-gubia-con-pico-hoof-pick","11":"product_tag-gubia-curva-para-herrador","12":"product_tag-gubia-derecha-gdm","13":"product_tag-gubia-para-ranilla","14":"product_tag-semana-do-cliente-2026","15":"pa_disciplina-adestramento","16":"pa_disciplina-cavalgada","17":"pa_disciplina-hipismo","18":"pa_disciplina-laco","19":"pa_disciplina-marcha","20":"pa_disciplina-trabalho","21":"pa_disciplina-tres-tambores","22":"pa_disciplina-turf","23":"pa_marca-gdm","24":"pa_material-aco","25":"pa_tipo-de-produto-herramienta","27":"first","28":"instock","29":"shipping-taxable","30":"purchasable","31":"product-type-simple"},"yoast_head":"<!-- This site is optimized with the Yoast SEO plugin v27.4 - https:\/\/yoast.com\/product\/yoast-seo-wordpress\/ -->\n<title>Faca Direita l\u00e2mina curva GDM \u2013 corte preciso e ergon\u00f3mico - Mustad Brasil - Informa\u00e7\u00e3o, Educa\u00e7\u00e3o e Venda de Produtos e Ferramentas Profissionais para Ferradores no Brasil.<\/title>\n<meta name=\"description\" content=\"Faca GDM para destros com l\u00e2mina curva, cabo ergon\u00f4mico e ponta de limpeza. Confira pre\u00e7o e disponibilidade na Col\u00f4mbia. Compre com seguran\u00e7a em nosso site.\" \/>\n<meta name=\"robots\" content=\"index, follow, max-snippet:-1, max-image-preview:large, max-video-preview:-1\" \/>\n<link rel=\"canonical\" href=\"https:\/\/www.mustadlatam.com\/br\/pt\/produtos\/faca-direita-lamina-curva-gdm\/\" \/>\n<meta property=\"og:locale\" content=\"pt_BR\" \/>\n<meta property=\"og:type\" content=\"article\" \/>\n<meta property=\"og:title\" content=\"Faca Direita l\u00e2mina curva GDM \u2013 corte preciso e ergon\u00f3mico - Mustad Brasil - Informa\u00e7\u00e3o, Educa\u00e7\u00e3o e Venda de Produtos e Ferramentas Profissionais para Ferradores no Brasil.\" \/>\n<meta property=\"og:description\" content=\"Faca GDM para destros com l\u00e2mina curva, cabo ergon\u00f4mico e ponta de limpeza. Confira pre\u00e7o e disponibilidade na Col\u00f4mbia. Compre com seguran\u00e7a em nosso site.\" \/>\n<meta property=\"og:url\" content=\"https:\/\/www.mustadlatam.com\/br\/pt\/produtos\/faca-direita-lamina-curva-gdm\/\" \/>\n<meta property=\"og:site_name\" content=\"Mustad Brasil - Informa\u00e7\u00e3o, Educa\u00e7\u00e3o e Venda de Produtos e Ferramentas Profissionais para Ferradores no Brasil.\" \/>\n<meta property=\"article:modified_time\" content=\"2026-03-09T23:10:47+00:00\" \/>\n<meta property=\"og:image\" content=\"https:\/\/www.mustadlatam.com\/br\/wp-content\/uploads\/8\/2025\/10\/Herramientas_GDM-Gubia-Derecha.jpg\" \/>\n\t<meta property=\"og:image:width\" content=\"800\" \/>\n\t<meta property=\"og:image:height\" content=\"800\" \/>\n\t<meta property=\"og:image:type\" content=\"image\/jpeg\" \/>\n<meta name=\"twitter:card\" content=\"summary_large_image\" \/>\n<meta name=\"twitter:label1\" content=\"Est. tempo de leitura\" \/>\n\t<meta name=\"twitter:data1\" content=\"1 minuto\" \/>\n<script type=\"application\/ld+json\" class=\"yoast-schema-graph\">{\"@context\":\"https:\\\/\\\/schema.org\",\"@graph\":[{\"@type\":\"WebPage\",\"@id\":\"https:\\\/\\\/www.mustadlatam.com\\\/br\\\/product\\\/faca-direita-lamina-curva-gdm\\\/\",\"url\":\"https:\\\/\\\/www.mustadlatam.com\\\/br\\\/product\\\/faca-direita-lamina-curva-gdm\\\/\",\"name\":\"Faca Direita l\u00e2mina curva GDM \u2013 corte preciso e ergon\u00f3mico - Mustad Brasil - Informa\u00e7\u00e3o, Educa\u00e7\u00e3o e Venda de Produtos e Ferramentas Profissionais para Ferradores no Brasil.\",\"isPartOf\":{\"@id\":\"https:\\\/\\\/www.mustadlatam.com\\\/br\\\/#website\"},\"primaryImageOfPage\":{\"@id\":\"https:\\\/\\\/www.mustadlatam.com\\\/br\\\/product\\\/faca-direita-lamina-curva-gdm\\\/#primaryimage\"},\"image\":{\"@id\":\"https:\\\/\\\/www.mustadlatam.com\\\/br\\\/product\\\/faca-direita-lamina-curva-gdm\\\/#primaryimage\"},\"thumbnailUrl\":\"https:\\\/\\\/www.mustadlatam.com\\\/br\\\/wp-content\\\/uploads\\\/8\\\/2025\\\/10\\\/Herramientas_GDM-Gubia-Derecha.jpg\",\"datePublished\":\"2025-10-08T11:45:26+00:00\",\"dateModified\":\"2026-03-09T23:10:47+00:00\",\"description\":\"Faca GDM para destros com l\u00e2mina curva, cabo ergon\u00f4mico e ponta de limpeza. Confira pre\u00e7o e disponibilidade na Col\u00f4mbia. Compre com seguran\u00e7a em nosso site.\",\"breadcrumb\":{\"@id\":\"https:\\\/\\\/www.mustadlatam.com\\\/br\\\/product\\\/faca-direita-lamina-curva-gdm\\\/#breadcrumb\"},\"inLanguage\":\"pt-BR\",\"potentialAction\":[{\"@type\":\"ReadAction\",\"target\":[\"https:\\\/\\\/www.mustadlatam.com\\\/br\\\/product\\\/faca-direita-lamina-curva-gdm\\\/\"]}]},{\"@type\":\"ImageObject\",\"inLanguage\":\"pt-BR\",\"@id\":\"https:\\\/\\\/www.mustadlatam.com\\\/br\\\/product\\\/faca-direita-lamina-curva-gdm\\\/#primaryimage\",\"url\":\"https:\\\/\\\/www.mustadlatam.com\\\/br\\\/wp-content\\\/uploads\\\/8\\\/2025\\\/10\\\/Herramientas_GDM-Gubia-Derecha.jpg\",\"contentUrl\":\"https:\\\/\\\/www.mustadlatam.com\\\/br\\\/wp-content\\\/uploads\\\/8\\\/2025\\\/10\\\/Herramientas_GDM-Gubia-Derecha.jpg\",\"width\":800,\"height\":800,\"caption\":\"gubia derecha gdm curva colombia\"},{\"@type\":\"BreadcrumbList\",\"@id\":\"https:\\\/\\\/www.mustadlatam.com\\\/br\\\/product\\\/faca-direita-lamina-curva-gdm\\\/#breadcrumb\",\"itemListElement\":[{\"@type\":\"ListItem\",\"position\":1,\"name\":\"Inicio\",\"item\":\"https:\\\/\\\/www.mustadlatam.com\\\/br\\\/\"},{\"@type\":\"ListItem\",\"position\":2,\"name\":\"Loja Mustad Brasil | Compre Ferraduras, Cravos e Ferramentas\",\"item\":\"https:\\\/\\\/www.mustadlatam.com\\\/br\\\/shop\\\/\"},{\"@type\":\"ListItem\",\"position\":3,\"name\":\"Faca Direita l\u00e2mina curva GDM \u2013 corte preciso e ergon\u00f3mico\"}]},{\"@type\":\"WebSite\",\"@id\":\"https:\\\/\\\/www.mustadlatam.com\\\/br\\\/#website\",\"url\":\"https:\\\/\\\/www.mustadlatam.com\\\/br\\\/\",\"name\":\"Mustad Brasil - Informa\u00e7\u00e3o, Educa\u00e7\u00e3o e Venda de Produtos e Ferramentas Profissionais para Ferradores no Brasil.\",\"description\":\"Ferraduras, grosas, pregos e acess\u00f3rios para cavalos\",\"publisher\":{\"@id\":\"https:\\\/\\\/www.mustadlatam.com\\\/br\\\/#organization\"},\"potentialAction\":[{\"@type\":\"SearchAction\",\"target\":{\"@type\":\"EntryPoint\",\"urlTemplate\":\"https:\\\/\\\/www.mustadlatam.com\\\/br\\\/?s={search_term_string}\"},\"query-input\":{\"@type\":\"PropertyValueSpecification\",\"valueRequired\":true,\"valueName\":\"search_term_string\"}}],\"inLanguage\":\"pt-BR\"},{\"@type\":\"Organization\",\"@id\":\"https:\\\/\\\/www.mustadlatam.com\\\/br\\\/#organization\",\"name\":\"Mustad Brasil - Informa\u00e7\u00e3o, Educa\u00e7\u00e3o e Venda de Produtos e Ferramentas Profissionais para Ferradores no Brasil.\",\"url\":\"https:\\\/\\\/www.mustadlatam.com\\\/br\\\/\",\"logo\":{\"@type\":\"ImageObject\",\"inLanguage\":\"pt-BR\",\"@id\":\"https:\\\/\\\/www.mustadlatam.com\\\/br\\\/#\\\/schema\\\/logo\\\/image\\\/\",\"url\":\"https:\\\/\\\/www.mustadlatam.com\\\/br\\\/wp-content\\\/uploads\\\/8\\\/2025\\\/12\\\/cropped-cropped-LOGO-MUSTAD-Final.png\",\"contentUrl\":\"https:\\\/\\\/www.mustadlatam.com\\\/br\\\/wp-content\\\/uploads\\\/8\\\/2025\\\/12\\\/cropped-cropped-LOGO-MUSTAD-Final.png\",\"width\":500,\"height\":500,\"caption\":\"Mustad Brasil - Informa\u00e7\u00e3o, Educa\u00e7\u00e3o e Venda de Produtos e Ferramentas Profissionais para Ferradores no Brasil.\"},\"image\":{\"@id\":\"https:\\\/\\\/www.mustadlatam.com\\\/br\\\/#\\\/schema\\\/logo\\\/image\\\/\"}}]}<\/script>\n<!-- \/ Yoast SEO plugin. -->","yoast_head_json":{"title":"Faca Direita l\u00e2mina curva GDM \u2013 corte preciso e ergon\u00f3mico - Mustad Brasil - Informa\u00e7\u00e3o, Educa\u00e7\u00e3o e Venda de Produtos e Ferramentas Profissionais para Ferradores no Brasil.","description":"Faca GDM para destros com l\u00e2mina curva, cabo ergon\u00f4mico e ponta de limpeza. Confira pre\u00e7o e disponibilidade na Col\u00f4mbia. Compre com seguran\u00e7a em nosso site.","robots":{"index":"index","follow":"follow","max-snippet":"max-snippet:-1","max-image-preview":"max-image-preview:large","max-video-preview":"max-video-preview:-1"},"canonical":"https:\/\/www.mustadlatam.com\/br\/pt\/produtos\/faca-direita-lamina-curva-gdm\/","og_locale":"pt_BR","og_type":"article","og_title":"Faca Direita l\u00e2mina curva GDM \u2013 corte preciso e ergon\u00f3mico - Mustad Brasil - Informa\u00e7\u00e3o, Educa\u00e7\u00e3o e Venda de Produtos e Ferramentas Profissionais para Ferradores no Brasil.","og_description":"Faca GDM para destros com l\u00e2mina curva, cabo ergon\u00f4mico e ponta de limpeza. Confira pre\u00e7o e disponibilidade na Col\u00f4mbia. Compre com seguran\u00e7a em nosso site.","og_url":"https:\/\/www.mustadlatam.com\/br\/pt\/produtos\/faca-direita-lamina-curva-gdm\/","og_site_name":"Mustad Brasil - Informa\u00e7\u00e3o, Educa\u00e7\u00e3o e Venda de Produtos e Ferramentas Profissionais para Ferradores no Brasil.","article_modified_time":"2026-03-09T23:10:47+00:00","og_image":[{"width":800,"height":800,"url":"https:\/\/www.mustadlatam.com\/br\/wp-content\/uploads\/8\/2025\/10\/Herramientas_GDM-Gubia-Derecha.jpg","type":"image\/jpeg"}],"twitter_card":"summary_large_image","twitter_misc":{"Est. tempo de leitura":"1 minuto"},"schema":{"@context":"https:\/\/schema.org","@graph":[{"@type":"WebPage","@id":"https:\/\/www.mustadlatam.com\/br\/product\/faca-direita-lamina-curva-gdm\/","url":"https:\/\/www.mustadlatam.com\/br\/product\/faca-direita-lamina-curva-gdm\/","name":"Faca Direita l\u00e2mina curva GDM \u2013 corte preciso e ergon\u00f3mico - Mustad Brasil - Informa\u00e7\u00e3o, Educa\u00e7\u00e3o e Venda de Produtos e Ferramentas Profissionais para Ferradores no Brasil.","isPartOf":{"@id":"https:\/\/www.mustadlatam.com\/br\/#website"},"primaryImageOfPage":{"@id":"https:\/\/www.mustadlatam.com\/br\/product\/faca-direita-lamina-curva-gdm\/#primaryimage"},"image":{"@id":"https:\/\/www.mustadlatam.com\/br\/product\/faca-direita-lamina-curva-gdm\/#primaryimage"},"thumbnailUrl":"https:\/\/www.mustadlatam.com\/br\/wp-content\/uploads\/8\/2025\/10\/Herramientas_GDM-Gubia-Derecha.jpg","datePublished":"2025-10-08T11:45:26+00:00","dateModified":"2026-03-09T23:10:47+00:00","description":"Faca GDM para destros com l\u00e2mina curva, cabo ergon\u00f4mico e ponta de limpeza. Confira pre\u00e7o e disponibilidade na Col\u00f4mbia. Compre com seguran\u00e7a em nosso site.","breadcrumb":{"@id":"https:\/\/www.mustadlatam.com\/br\/product\/faca-direita-lamina-curva-gdm\/#breadcrumb"},"inLanguage":"pt-BR","potentialAction":[{"@type":"ReadAction","target":["https:\/\/www.mustadlatam.com\/br\/product\/faca-direita-lamina-curva-gdm\/"]}]},{"@type":"ImageObject","inLanguage":"pt-BR","@id":"https:\/\/www.mustadlatam.com\/br\/product\/faca-direita-lamina-curva-gdm\/#primaryimage","url":"https:\/\/www.mustadlatam.com\/br\/wp-content\/uploads\/8\/2025\/10\/Herramientas_GDM-Gubia-Derecha.jpg","contentUrl":"https:\/\/www.mustadlatam.com\/br\/wp-content\/uploads\/8\/2025\/10\/Herramientas_GDM-Gubia-Derecha.jpg","width":800,"height":800,"caption":"gubia derecha gdm curva colombia"},{"@type":"BreadcrumbList","@id":"https:\/\/www.mustadlatam.com\/br\/product\/faca-direita-lamina-curva-gdm\/#breadcrumb","itemListElement":[{"@type":"ListItem","position":1,"name":"Inicio","item":"https:\/\/www.mustadlatam.com\/br\/"},{"@type":"ListItem","position":2,"name":"Loja Mustad Brasil | Compre Ferraduras, Cravos e Ferramentas","item":"https:\/\/www.mustadlatam.com\/br\/shop\/"},{"@type":"ListItem","position":3,"name":"Faca Direita l\u00e2mina curva GDM \u2013 corte preciso e ergon\u00f3mico"}]},{"@type":"WebSite","@id":"https:\/\/www.mustadlatam.com\/br\/#website","url":"https:\/\/www.mustadlatam.com\/br\/","name":"Mustad Brasil - Informa\u00e7\u00e3o, educa\u00e7\u00e3o e venda de produtos e ferramentas profissionais para ferreiros no Brasil.","description":"Ferraduras, grosas, pregos e acess\u00f3rios para cavalos","publisher":{"@id":"https:\/\/www.mustadlatam.com\/br\/#organization"},"potentialAction":[{"@type":"SearchAction","target":{"@type":"EntryPoint","urlTemplate":"https:\/\/www.mustadlatam.com\/br\/?s={search_term_string}"},"query-input":{"@type":"PropertyValueSpecification","valueRequired":true,"valueName":"search_term_string"}}],"inLanguage":"pt-BR"},{"@type":"Organization","@id":"https:\/\/www.mustadlatam.com\/br\/#organization","name":"Mustad Brasil - Informa\u00e7\u00e3o, educa\u00e7\u00e3o e venda de produtos e ferramentas profissionais para ferreiros no Brasil.","url":"https:\/\/www.mustadlatam.com\/br\/","logo":{"@type":"ImageObject","inLanguage":"pt-BR","@id":"https:\/\/www.mustadlatam.com\/br\/#\/schema\/logo\/image\/","url":"https:\/\/www.mustadlatam.com\/br\/wp-content\/uploads\/8\/2025\/12\/cropped-cropped-LOGO-MUSTAD-Final.png","contentUrl":"https:\/\/www.mustadlatam.com\/br\/wp-content\/uploads\/8\/2025\/12\/cropped-cropped-LOGO-MUSTAD-Final.png","width":500,"height":500,"caption":"Mustad Brasil - Informa\u00e7\u00e3o, Educa\u00e7\u00e3o e Venda de Produtos e Ferramentas Profissionais para Ferradores no Brasil."},"image":{"@id":"https:\/\/www.mustadlatam.com\/br\/#\/schema\/logo\/image\/"}}]}},"_links":{"self":[{"href":"https:\/\/www.mustadlatam.com\/br\/pt\/wp-json\/wp\/v2\/product\/729","targetHints":{"allow":["GET"]}}],"collection":[{"href":"https:\/\/www.mustadlatam.com\/br\/pt\/wp-json\/wp\/v2\/product"}],"about":[{"href":"https:\/\/www.mustadlatam.com\/br\/pt\/wp-json\/wp\/v2\/types\/product"}],"replies":[{"embeddable":true,"href":"https:\/\/www.mustadlatam.com\/br\/pt\/wp-json\/wp\/v2\/comments?post=729"}],"wp:featuredmedia":[{"embeddable":true,"href":"https:\/\/www.mustadlatam.com\/br\/pt\/wp-json\/wp\/v2\/media\/730"}],"wp:attachment":[{"href":"https:\/\/www.mustadlatam.com\/br\/pt\/wp-json\/wp\/v2\/media?parent=729"}],"wp:term":[{"taxonomy":"product_brand","embeddable":true,"href":"https:\/\/www.mustadlatam.com\/br\/pt\/wp-json\/wp\/v2\/product_brand?post=729"},{"taxonomy":"product_cat","embeddable":true,"href":"https:\/\/www.mustadlatam.com\/br\/pt\/wp-json\/wp\/v2\/product_cat?post=729"},{"taxonomy":"product_tag","embeddable":true,"href":"https:\/\/www.mustadlatam.com\/br\/pt\/wp-json\/wp\/v2\/product_tag?post=729"}],"curies":[{"name":"wp","href":"https:\/\/api.w.org\/{rel}","templated":true}]}}