{"id":755,"date":"2025-10-16T12:45:13","date_gmt":"2025-10-16T17:45:13","guid":{"rendered":"https:\/\/mediplushub.com\/br\/?post_type=product&#038;p=755"},"modified":"2026-04-22T11:40:08","modified_gmt":"2026-04-22T16:40:08","slug":"faca-direita-mustad","status":"publish","type":"product","link":"https:\/\/www.mustadlatam.com\/br\/pt\/produtos\/faca-direita-mustad\/","title":{"rendered":"Faca Direita Mustad &#8211; limpeza de sola e ranilhas"},"content":{"rendered":"","protected":false},"excerpt":{"rendered":"<p>Aparador de cascos para destros com l\u00e2mina afiada e cabo ergon\u00f4mico de madeira para aparar a ranilha e a sola, proporcionando cortes limpos e controlados em \u00e1reas de dif\u00edcil acesso.<\/p>\n<p><strong>Especialidade:<\/strong> aparar e limpar a ranilha, moldar e remover a sola com trajet\u00f3rias controladas, projetado para uso com a m\u00e3o direita.<br data-start=\"1031\" data-end=\"1034\" \/><strong>Usos recomendados:<\/strong> limpeza de sulcos, modelagem de contornos e remo\u00e7\u00e3o de tecido querat\u00ednico com precis\u00e3o e boa visibilidade do material; adequado para trabalhos detalhados pr\u00f3ximo \u00e0 ranilha.<\/p>\n<p data-start=\"953\" data-end=\"1262\"><strong data-start=\"1234\" data-end=\"1260\">Caracter\u00edsticas principais:<\/strong><\/p>\n<ol>\n<li data-start=\"1266\" data-end=\"1353\"><strong data-start=\"1472\" data-end=\"1501\">L\u00e2mina de a\u00e7o afiada: cortes precisos e limpos, projetada para trabalhar pr\u00f3ximo \u00e0 ranilha\/sola.<\/strong><\/li>\n<li data-start=\"1266\" data-end=\"1353\"><strong>Cabo ergon\u00f4mico de madeira:<\/strong> pegada confort\u00e1vel e segura durante longas sess\u00f5es; melhora a alavancagem e o controle.<\/li>\n<li><strong>Design para destros:<\/strong> facilita a dire\u00e7\u00e3o do corte e a aplica\u00e7\u00e3o de press\u00e3o.<\/li>\n<\/ol>","protected":false},"featured_media":756,"comment_status":"open","ping_status":"closed","template":"","meta":[],"product_brand":[412],"product_cat":[406,25],"product_tag":[441,439,414,440,418,319,903,417],"class_list":{"0":"post-755","1":"product","2":"type-product","3":"status-publish","4":"has-post-thumbnail","6":"product_brand-mustad","7":"product_cat-gubias","8":"product_cat-herramientas","9":"product_tag-cuchillo-casco","10":"product_tag-gubia-derecha","11":"product_tag-hoja-curva","12":"product_tag-limpieza-de-ranilla","13":"product_tag-mango-ergonomico","14":"product_tag-mustad","15":"product_tag-semana-do-cliente-2026","16":"product_tag-suela","17":"pa_disciplina-adestramento","18":"pa_disciplina-cavalgada","19":"pa_disciplina-hipismo","20":"pa_disciplina-laco","21":"pa_disciplina-marcha","22":"pa_disciplina-trabalho","23":"pa_disciplina-tres-tambores","24":"pa_disciplina-turf","25":"pa_marca-mustad","26":"pa_material-aco","27":"pa_tipo-de-produto-herramienta","29":"first","30":"instock","31":"shipping-taxable","32":"purchasable","33":"product-type-simple"},"yoast_head":"<!-- This site is optimized with the Yoast SEO plugin v27.4 - https:\/\/yoast.com\/product\/yoast-seo-wordpress\/ -->\n<title>Faca Direita Mustad \u2013 limpieza de ranilla y suela con control - Mustad Brasil - Informa\u00e7\u00e3o, Educa\u00e7\u00e3o e Venda de Produtos e Ferramentas Profissionais para Ferradores no Brasil.<\/title>\n<meta name=\"description\" content=\"Faca Mustad para destros com l\u00e2mina afiada e cabo ergon\u00f4mico de madeira para aparar com precis\u00e3o a ranilha e a sola. Proporciona controle de corte e\" \/>\n<meta name=\"robots\" content=\"index, follow, max-snippet:-1, max-image-preview:large, max-video-preview:-1\" \/>\n<link rel=\"canonical\" href=\"https:\/\/www.mustadlatam.com\/br\/pt\/produtos\/faca-direita-mustad\/\" \/>\n<meta property=\"og:locale\" content=\"pt_BR\" \/>\n<meta property=\"og:type\" content=\"article\" \/>\n<meta property=\"og:title\" content=\"Faca Direita Mustad \u2013 limpieza de ranilla y suela con control - Mustad Brasil - Informa\u00e7\u00e3o, Educa\u00e7\u00e3o e Venda de Produtos e Ferramentas Profissionais para Ferradores no Brasil.\" \/>\n<meta property=\"og:description\" content=\"Faca Mustad para destros com l\u00e2mina afiada e cabo ergon\u00f4mico de madeira para aparar com precis\u00e3o a ranilha e a sola. Proporciona controle de corte e\" \/>\n<meta property=\"og:url\" content=\"https:\/\/www.mustadlatam.com\/br\/pt\/produtos\/faca-direita-mustad\/\" \/>\n<meta property=\"og:site_name\" content=\"Mustad Brasil - Informa\u00e7\u00e3o, Educa\u00e7\u00e3o e Venda de Produtos e Ferramentas Profissionais para Ferradores no Brasil.\" \/>\n<meta property=\"article:modified_time\" content=\"2026-04-22T16:40:08+00:00\" \/>\n<meta property=\"og:image\" content=\"https:\/\/www.mustadlatam.com\/br\/wp-content\/uploads\/8\/2025\/10\/Herramientas-Mustad-gubia-Legra-Derecha.jpg\" \/>\n\t<meta property=\"og:image:width\" content=\"800\" \/>\n\t<meta property=\"og:image:height\" content=\"800\" \/>\n\t<meta property=\"og:image:type\" content=\"image\/jpeg\" \/>\n<meta name=\"twitter:card\" content=\"summary_large_image\" \/>\n<meta name=\"twitter:label1\" content=\"Est. tempo de leitura\" \/>\n\t<meta name=\"twitter:data1\" content=\"1 minuto\" \/>\n<script type=\"application\/ld+json\" class=\"yoast-schema-graph\">{\"@context\":\"https:\\\/\\\/schema.org\",\"@graph\":[{\"@type\":\"WebPage\",\"@id\":\"https:\\\/\\\/www.mustadlatam.com\\\/br\\\/product\\\/faca-direita-mustad\\\/\",\"url\":\"https:\\\/\\\/www.mustadlatam.com\\\/br\\\/product\\\/faca-direita-mustad\\\/\",\"name\":\"Faca Direita Mustad \u2013 limpieza de ranilla y suela con control - Mustad Brasil - Informa\u00e7\u00e3o, Educa\u00e7\u00e3o e Venda de Produtos e Ferramentas Profissionais para Ferradores no Brasil.\",\"isPartOf\":{\"@id\":\"https:\\\/\\\/www.mustadlatam.com\\\/br\\\/#website\"},\"primaryImageOfPage\":{\"@id\":\"https:\\\/\\\/www.mustadlatam.com\\\/br\\\/product\\\/faca-direita-mustad\\\/#primaryimage\"},\"image\":{\"@id\":\"https:\\\/\\\/www.mustadlatam.com\\\/br\\\/product\\\/faca-direita-mustad\\\/#primaryimage\"},\"thumbnailUrl\":\"https:\\\/\\\/www.mustadlatam.com\\\/br\\\/wp-content\\\/uploads\\\/8\\\/2025\\\/10\\\/Herramientas-Mustad-gubia-Legra-Derecha.jpg\",\"datePublished\":\"2025-10-16T17:45:13+00:00\",\"dateModified\":\"2026-04-22T16:40:08+00:00\",\"description\":\"Faca Mustad para destros com l\u00e2mina afiada e cabo ergon\u00f4mico de madeira para aparar com precis\u00e3o a ranilha e a sola. Proporciona controle de corte e\",\"breadcrumb\":{\"@id\":\"https:\\\/\\\/www.mustadlatam.com\\\/br\\\/product\\\/faca-direita-mustad\\\/#breadcrumb\"},\"inLanguage\":\"pt-BR\",\"potentialAction\":[{\"@type\":\"ReadAction\",\"target\":[\"https:\\\/\\\/www.mustadlatam.com\\\/br\\\/product\\\/faca-direita-mustad\\\/\"]}]},{\"@type\":\"ImageObject\",\"inLanguage\":\"pt-BR\",\"@id\":\"https:\\\/\\\/www.mustadlatam.com\\\/br\\\/product\\\/faca-direita-mustad\\\/#primaryimage\",\"url\":\"https:\\\/\\\/www.mustadlatam.com\\\/br\\\/wp-content\\\/uploads\\\/8\\\/2025\\\/10\\\/Herramientas-Mustad-gubia-Legra-Derecha.jpg\",\"contentUrl\":\"https:\\\/\\\/www.mustadlatam.com\\\/br\\\/wp-content\\\/uploads\\\/8\\\/2025\\\/10\\\/Herramientas-Mustad-gubia-Legra-Derecha.jpg\",\"width\":800,\"height\":800,\"caption\":\"Herramientas Mustad gubia Legra Derecha\"},{\"@type\":\"BreadcrumbList\",\"@id\":\"https:\\\/\\\/www.mustadlatam.com\\\/br\\\/product\\\/faca-direita-mustad\\\/#breadcrumb\",\"itemListElement\":[{\"@type\":\"ListItem\",\"position\":1,\"name\":\"Inicio\",\"item\":\"https:\\\/\\\/www.mustadlatam.com\\\/br\\\/\"},{\"@type\":\"ListItem\",\"position\":2,\"name\":\"Loja Mustad Brasil | Compre Ferraduras, Cravos e Ferramentas\",\"item\":\"https:\\\/\\\/www.mustadlatam.com\\\/br\\\/shop\\\/\"},{\"@type\":\"ListItem\",\"position\":3,\"name\":\"Faca Direita Mustad &#8211; limpeza de sola e ranilhas\"}]},{\"@type\":\"WebSite\",\"@id\":\"https:\\\/\\\/www.mustadlatam.com\\\/br\\\/#website\",\"url\":\"https:\\\/\\\/www.mustadlatam.com\\\/br\\\/\",\"name\":\"Mustad Brasil - Informa\u00e7\u00e3o, Educa\u00e7\u00e3o e Venda de Produtos e Ferramentas Profissionais para Ferradores no Brasil.\",\"description\":\"Ferraduras, grosas, pregos e acess\u00f3rios para cavalos\",\"publisher\":{\"@id\":\"https:\\\/\\\/www.mustadlatam.com\\\/br\\\/#organization\"},\"potentialAction\":[{\"@type\":\"SearchAction\",\"target\":{\"@type\":\"EntryPoint\",\"urlTemplate\":\"https:\\\/\\\/www.mustadlatam.com\\\/br\\\/?s={search_term_string}\"},\"query-input\":{\"@type\":\"PropertyValueSpecification\",\"valueRequired\":true,\"valueName\":\"search_term_string\"}}],\"inLanguage\":\"pt-BR\"},{\"@type\":\"Organization\",\"@id\":\"https:\\\/\\\/www.mustadlatam.com\\\/br\\\/#organization\",\"name\":\"Mustad Brasil - Informa\u00e7\u00e3o, Educa\u00e7\u00e3o e Venda de Produtos e Ferramentas Profissionais para Ferradores no Brasil.\",\"url\":\"https:\\\/\\\/www.mustadlatam.com\\\/br\\\/\",\"logo\":{\"@type\":\"ImageObject\",\"inLanguage\":\"pt-BR\",\"@id\":\"https:\\\/\\\/www.mustadlatam.com\\\/br\\\/#\\\/schema\\\/logo\\\/image\\\/\",\"url\":\"https:\\\/\\\/www.mustadlatam.com\\\/br\\\/wp-content\\\/uploads\\\/8\\\/2025\\\/12\\\/cropped-cropped-LOGO-MUSTAD-Final.png\",\"contentUrl\":\"https:\\\/\\\/www.mustadlatam.com\\\/br\\\/wp-content\\\/uploads\\\/8\\\/2025\\\/12\\\/cropped-cropped-LOGO-MUSTAD-Final.png\",\"width\":500,\"height\":500,\"caption\":\"Mustad Brasil - Informa\u00e7\u00e3o, Educa\u00e7\u00e3o e Venda de Produtos e Ferramentas Profissionais para Ferradores no Brasil.\"},\"image\":{\"@id\":\"https:\\\/\\\/www.mustadlatam.com\\\/br\\\/#\\\/schema\\\/logo\\\/image\\\/\"}}]}<\/script>\n<!-- \/ Yoast SEO plugin. -->","yoast_head_json":{"title":"Faca Direita Mustad \u2013 limpieza de ranilla y suela con control - Mustad Brasil - Informa\u00e7\u00e3o, Educa\u00e7\u00e3o e Venda de Produtos e Ferramentas Profissionais para Ferradores no Brasil.","description":"Faca Mustad para destros com l\u00e2mina afiada e cabo ergon\u00f4mico de madeira para aparar com precis\u00e3o a ranilha e a sola. Proporciona controle de corte e","robots":{"index":"index","follow":"follow","max-snippet":"max-snippet:-1","max-image-preview":"max-image-preview:large","max-video-preview":"max-video-preview:-1"},"canonical":"https:\/\/www.mustadlatam.com\/br\/pt\/produtos\/faca-direita-mustad\/","og_locale":"pt_BR","og_type":"article","og_title":"Faca Direita Mustad \u2013 limpieza de ranilla y suela con control - Mustad Brasil - Informa\u00e7\u00e3o, Educa\u00e7\u00e3o e Venda de Produtos e Ferramentas Profissionais para Ferradores no Brasil.","og_description":"Faca Mustad para destros com l\u00e2mina afiada e cabo ergon\u00f4mico de madeira para aparar com precis\u00e3o a ranilha e a sola. Proporciona controle de corte e","og_url":"https:\/\/www.mustadlatam.com\/br\/pt\/produtos\/faca-direita-mustad\/","og_site_name":"Mustad Brasil - Informa\u00e7\u00e3o, Educa\u00e7\u00e3o e Venda de Produtos e Ferramentas Profissionais para Ferradores no Brasil.","article_modified_time":"2026-04-22T16:40:08+00:00","og_image":[{"width":800,"height":800,"url":"https:\/\/www.mustadlatam.com\/br\/wp-content\/uploads\/8\/2025\/10\/Herramientas-Mustad-gubia-Legra-Derecha.jpg","type":"image\/jpeg"}],"twitter_card":"summary_large_image","twitter_misc":{"Est. tempo de leitura":"1 minuto"},"schema":{"@context":"https:\/\/schema.org","@graph":[{"@type":"WebPage","@id":"https:\/\/www.mustadlatam.com\/br\/product\/faca-direita-mustad\/","url":"https:\/\/www.mustadlatam.com\/br\/product\/faca-direita-mustad\/","name":"Faca Direita Mustad \u2013 limpieza de ranilla y suela con control - Mustad Brasil - Informa\u00e7\u00e3o, Educa\u00e7\u00e3o e Venda de Produtos e Ferramentas Profissionais para Ferradores no Brasil.","isPartOf":{"@id":"https:\/\/www.mustadlatam.com\/br\/#website"},"primaryImageOfPage":{"@id":"https:\/\/www.mustadlatam.com\/br\/product\/faca-direita-mustad\/#primaryimage"},"image":{"@id":"https:\/\/www.mustadlatam.com\/br\/product\/faca-direita-mustad\/#primaryimage"},"thumbnailUrl":"https:\/\/www.mustadlatam.com\/br\/wp-content\/uploads\/8\/2025\/10\/Herramientas-Mustad-gubia-Legra-Derecha.jpg","datePublished":"2025-10-16T17:45:13+00:00","dateModified":"2026-04-22T16:40:08+00:00","description":"Faca Mustad para destros com l\u00e2mina afiada e cabo ergon\u00f4mico de madeira para aparar com precis\u00e3o a ranilha e a sola. Proporciona controle de corte e","breadcrumb":{"@id":"https:\/\/www.mustadlatam.com\/br\/product\/faca-direita-mustad\/#breadcrumb"},"inLanguage":"pt-BR","potentialAction":[{"@type":"ReadAction","target":["https:\/\/www.mustadlatam.com\/br\/product\/faca-direita-mustad\/"]}]},{"@type":"ImageObject","inLanguage":"pt-BR","@id":"https:\/\/www.mustadlatam.com\/br\/product\/faca-direita-mustad\/#primaryimage","url":"https:\/\/www.mustadlatam.com\/br\/wp-content\/uploads\/8\/2025\/10\/Herramientas-Mustad-gubia-Legra-Derecha.jpg","contentUrl":"https:\/\/www.mustadlatam.com\/br\/wp-content\/uploads\/8\/2025\/10\/Herramientas-Mustad-gubia-Legra-Derecha.jpg","width":800,"height":800,"caption":"Herramientas Mustad gubia Legra Derecha"},{"@type":"BreadcrumbList","@id":"https:\/\/www.mustadlatam.com\/br\/product\/faca-direita-mustad\/#breadcrumb","itemListElement":[{"@type":"ListItem","position":1,"name":"Inicio","item":"https:\/\/www.mustadlatam.com\/br\/"},{"@type":"ListItem","position":2,"name":"Loja Mustad Brasil | Compre Ferraduras, Cravos e Ferramentas","item":"https:\/\/www.mustadlatam.com\/br\/shop\/"},{"@type":"ListItem","position":3,"name":"Faca Direita Mustad &#8211; limpeza de sola e ranilhas"}]},{"@type":"WebSite","@id":"https:\/\/www.mustadlatam.com\/br\/#website","url":"https:\/\/www.mustadlatam.com\/br\/","name":"Mustad Brasil - Informa\u00e7\u00e3o, educa\u00e7\u00e3o e venda de produtos e ferramentas profissionais para ferreiros no Brasil.","description":"Ferraduras, grosas, pregos e acess\u00f3rios para cavalos","publisher":{"@id":"https:\/\/www.mustadlatam.com\/br\/#organization"},"potentialAction":[{"@type":"SearchAction","target":{"@type":"EntryPoint","urlTemplate":"https:\/\/www.mustadlatam.com\/br\/?s={search_term_string}"},"query-input":{"@type":"PropertyValueSpecification","valueRequired":true,"valueName":"search_term_string"}}],"inLanguage":"pt-BR"},{"@type":"Organization","@id":"https:\/\/www.mustadlatam.com\/br\/#organization","name":"Mustad Brasil - Informa\u00e7\u00e3o, educa\u00e7\u00e3o e venda de produtos e ferramentas profissionais para ferreiros no Brasil.","url":"https:\/\/www.mustadlatam.com\/br\/","logo":{"@type":"ImageObject","inLanguage":"pt-BR","@id":"https:\/\/www.mustadlatam.com\/br\/#\/schema\/logo\/image\/","url":"https:\/\/www.mustadlatam.com\/br\/wp-content\/uploads\/8\/2025\/12\/cropped-cropped-LOGO-MUSTAD-Final.png","contentUrl":"https:\/\/www.mustadlatam.com\/br\/wp-content\/uploads\/8\/2025\/12\/cropped-cropped-LOGO-MUSTAD-Final.png","width":500,"height":500,"caption":"Mustad Brasil - Informa\u00e7\u00e3o, Educa\u00e7\u00e3o e Venda de Produtos e Ferramentas Profissionais para Ferradores no Brasil."},"image":{"@id":"https:\/\/www.mustadlatam.com\/br\/#\/schema\/logo\/image\/"}}]}},"_links":{"self":[{"href":"https:\/\/www.mustadlatam.com\/br\/pt\/wp-json\/wp\/v2\/product\/755","targetHints":{"allow":["GET"]}}],"collection":[{"href":"https:\/\/www.mustadlatam.com\/br\/pt\/wp-json\/wp\/v2\/product"}],"about":[{"href":"https:\/\/www.mustadlatam.com\/br\/pt\/wp-json\/wp\/v2\/types\/product"}],"replies":[{"embeddable":true,"href":"https:\/\/www.mustadlatam.com\/br\/pt\/wp-json\/wp\/v2\/comments?post=755"}],"wp:featuredmedia":[{"embeddable":true,"href":"https:\/\/www.mustadlatam.com\/br\/pt\/wp-json\/wp\/v2\/media\/756"}],"wp:attachment":[{"href":"https:\/\/www.mustadlatam.com\/br\/pt\/wp-json\/wp\/v2\/media?parent=755"}],"wp:term":[{"taxonomy":"product_brand","embeddable":true,"href":"https:\/\/www.mustadlatam.com\/br\/pt\/wp-json\/wp\/v2\/product_brand?post=755"},{"taxonomy":"product_cat","embeddable":true,"href":"https:\/\/www.mustadlatam.com\/br\/pt\/wp-json\/wp\/v2\/product_cat?post=755"},{"taxonomy":"product_tag","embeddable":true,"href":"https:\/\/www.mustadlatam.com\/br\/pt\/wp-json\/wp\/v2\/product_tag?post=755"}],"curies":[{"name":"wp","href":"https:\/\/api.w.org\/{rel}","templated":true}]}}