{"id":761,"date":"2025-10-17T08:57:10","date_gmt":"2025-10-17T13:57:10","guid":{"rendered":"https:\/\/mediplushub.com\/br\/?post_type=product&#038;p=761"},"modified":"2026-04-23T21:16:43","modified_gmt":"2026-04-24T02:16:43","slug":"gdm-faca-loop","status":"publish","type":"product","link":"https:\/\/www.mustadlatam.com\/br\/pt\/produtos\/gdm-faca-loop\/","title":{"rendered":"Faca Loop Mustad GDM \u2013 para ambidestros e boa alavancagem"},"content":{"rendered":"","protected":false},"excerpt":{"rendered":"<p>Faca ambidestra LOOP, com cabo ergon\u00f4mico para m\u00e1xima alavancagem e l\u00e2mina afiada e dur\u00e1vel; ideal para aparar com precis\u00e3o a r\u00e3 e a sola do casco.<\/p>\n<p><strong data-start=\"988\" data-end=\"1005\">Especialidade:<\/strong> limpeza e perfilamento da ranilha\/sola com geometria de la\u00e7o que permite o corte em ambas as dire\u00e7\u00f5es.<br data-start=\"1114\" data-end=\"1117\" \/><strong data-start=\"1117\" data-end=\"1139\">Usos recomendados:<\/strong> limpeza detalhada de raios pequenos, remo\u00e7\u00e3o de tecido queratinoso e perfilamento fino pr\u00f3ximo \u00e0 r\u00e3; seu design ambidestro facilita o trabalho com a m\u00e3o esquerda ou direita.<\/p>\n<p><strong>Principais caracter\u00edsticas:<\/strong><\/p>\n<ol>\n<li><strong>Uso ambidestro:<\/strong> Pode ser operado com qualquer uma das m\u00e3os para melhor acesso e controle.<\/li>\n<li><strong>Cabo ergon\u00f4mico:<\/strong> Aumenta a alavancagem e reduz a fadiga.<\/li>\n<li><strong>L\u00e2mina dur\u00e1vel:<\/strong> L\u00e2mina projetada para manter o fio por mais tempo.<\/li>\n<li><strong>Material de alta resist\u00eancia:<\/strong> Corpo robusto para uso frequente.<\/li>\n<\/ol>\n<p>&nbsp;<\/p>","protected":false},"featured_media":762,"comment_status":"open","ping_status":"closed","template":"","meta":[],"product_brand":[304],"product_cat":[406,25],"product_tag":[445,420,446,419,418,416,903,417],"class_list":{"0":"post-761","1":"product","2":"type-product","3":"status-publish","4":"has-post-thumbnail","6":"product_brand-gdm","7":"product_cat-gubias","8":"product_cat-herramientas","9":"product_tag-alto-apalancamiento","10":"product_tag-ambidiestra","11":"product_tag-filo-durable","12":"product_tag-gubia-loop","13":"product_tag-mango-ergonomico","14":"product_tag-ranilla","15":"product_tag-semana-do-cliente-2026","16":"product_tag-suela","17":"pa_disciplina-adestramento","18":"pa_disciplina-cavalgada","19":"pa_disciplina-hipismo","20":"pa_disciplina-laco","21":"pa_disciplina-marcha","22":"pa_disciplina-trabalho","23":"pa_disciplina-tres-tambores","24":"pa_disciplina-turf","25":"pa_marca-gdm","26":"pa_material-aco","27":"pa_tipo-de-produto-herramienta","29":"first","30":"instock","31":"shipping-taxable","32":"purchasable","33":"product-type-simple"},"yoast_head":"<!-- This site is optimized with the Yoast SEO plugin v27.4 - https:\/\/yoast.com\/product\/yoast-seo-wordpress\/ -->\n<title>Faca Loop Mustad GDM \u2013 para ambidestros e boa alavancagem - Mustad Brasil - Informa\u00e7\u00e3o, Educa\u00e7\u00e3o e Venda de Produtos e Ferramentas Profissionais para Ferradores no Brasil.<\/title>\n<meta name=\"description\" content=\"GDM Faca LOOP com cabo ergon\u00f4mico e l\u00e2mina dur\u00e1vel: cortes precisos na r\u00e3 e na sola, ideal para raios pequenos e acesso em ambas as dire\u00e7\u00f5es.\" \/>\n<meta name=\"robots\" content=\"index, follow, max-snippet:-1, max-image-preview:large, max-video-preview:-1\" \/>\n<link rel=\"canonical\" href=\"https:\/\/www.mustadlatam.com\/br\/pt\/produtos\/gdm-faca-loop\/\" \/>\n<meta property=\"og:locale\" content=\"pt_BR\" \/>\n<meta property=\"og:type\" content=\"article\" \/>\n<meta property=\"og:title\" content=\"Faca Loop Mustad GDM \u2013 para ambidestros e boa alavancagem - Mustad Brasil - Informa\u00e7\u00e3o, Educa\u00e7\u00e3o e Venda de Produtos e Ferramentas Profissionais para Ferradores no Brasil.\" \/>\n<meta property=\"og:description\" content=\"GDM Faca LOOP com cabo ergon\u00f4mico e l\u00e2mina dur\u00e1vel: cortes precisos na r\u00e3 e na sola, ideal para raios pequenos e acesso em ambas as dire\u00e7\u00f5es.\" \/>\n<meta property=\"og:url\" content=\"https:\/\/www.mustadlatam.com\/br\/pt\/produtos\/gdm-faca-loop\/\" \/>\n<meta property=\"og:site_name\" content=\"Mustad Brasil - Informa\u00e7\u00e3o, Educa\u00e7\u00e3o e Venda de Produtos e Ferramentas Profissionais para Ferradores no Brasil.\" \/>\n<meta property=\"article:modified_time\" content=\"2026-04-24T02:16:43+00:00\" \/>\n<meta property=\"og:image\" content=\"https:\/\/www.mustadlatam.com\/br\/wp-content\/uploads\/8\/2025\/10\/Herramientas-GDM-Gubia-LOOP.jpg\" \/>\n\t<meta property=\"og:image:width\" content=\"800\" \/>\n\t<meta property=\"og:image:height\" content=\"800\" \/>\n\t<meta property=\"og:image:type\" content=\"image\/jpeg\" \/>\n<meta name=\"twitter:card\" content=\"summary_large_image\" \/>\n<meta name=\"twitter:label1\" content=\"Est. tempo de leitura\" \/>\n\t<meta name=\"twitter:data1\" content=\"1 minuto\" \/>\n<script type=\"application\/ld+json\" class=\"yoast-schema-graph\">{\"@context\":\"https:\\\/\\\/schema.org\",\"@graph\":[{\"@type\":\"WebPage\",\"@id\":\"https:\\\/\\\/www.mustadlatam.com\\\/br\\\/product\\\/gdm-faca-loop\\\/\",\"url\":\"https:\\\/\\\/www.mustadlatam.com\\\/br\\\/product\\\/gdm-faca-loop\\\/\",\"name\":\"Faca Loop Mustad GDM \u2013 para ambidestros e boa alavancagem - Mustad Brasil - Informa\u00e7\u00e3o, Educa\u00e7\u00e3o e Venda de Produtos e Ferramentas Profissionais para Ferradores no Brasil.\",\"isPartOf\":{\"@id\":\"https:\\\/\\\/www.mustadlatam.com\\\/br\\\/#website\"},\"primaryImageOfPage\":{\"@id\":\"https:\\\/\\\/www.mustadlatam.com\\\/br\\\/product\\\/gdm-faca-loop\\\/#primaryimage\"},\"image\":{\"@id\":\"https:\\\/\\\/www.mustadlatam.com\\\/br\\\/product\\\/gdm-faca-loop\\\/#primaryimage\"},\"thumbnailUrl\":\"https:\\\/\\\/www.mustadlatam.com\\\/br\\\/wp-content\\\/uploads\\\/8\\\/2025\\\/10\\\/Herramientas-GDM-Gubia-LOOP.jpg\",\"datePublished\":\"2025-10-17T13:57:10+00:00\",\"dateModified\":\"2026-04-24T02:16:43+00:00\",\"description\":\"GDM Faca LOOP com cabo ergon\u00f4mico e l\u00e2mina dur\u00e1vel: cortes precisos na r\u00e3 e na sola, ideal para raios pequenos e acesso em ambas as dire\u00e7\u00f5es.\",\"breadcrumb\":{\"@id\":\"https:\\\/\\\/www.mustadlatam.com\\\/br\\\/product\\\/gdm-faca-loop\\\/#breadcrumb\"},\"inLanguage\":\"pt-BR\",\"potentialAction\":[{\"@type\":\"ReadAction\",\"target\":[\"https:\\\/\\\/www.mustadlatam.com\\\/br\\\/product\\\/gdm-faca-loop\\\/\"]}]},{\"@type\":\"ImageObject\",\"inLanguage\":\"pt-BR\",\"@id\":\"https:\\\/\\\/www.mustadlatam.com\\\/br\\\/product\\\/gdm-faca-loop\\\/#primaryimage\",\"url\":\"https:\\\/\\\/www.mustadlatam.com\\\/br\\\/wp-content\\\/uploads\\\/8\\\/2025\\\/10\\\/Herramientas-GDM-Gubia-LOOP.jpg\",\"contentUrl\":\"https:\\\/\\\/www.mustadlatam.com\\\/br\\\/wp-content\\\/uploads\\\/8\\\/2025\\\/10\\\/Herramientas-GDM-Gubia-LOOP.jpg\",\"width\":800,\"height\":800,\"caption\":\"Herramientas GDM Gubia LOOP\"},{\"@type\":\"BreadcrumbList\",\"@id\":\"https:\\\/\\\/www.mustadlatam.com\\\/br\\\/product\\\/gdm-faca-loop\\\/#breadcrumb\",\"itemListElement\":[{\"@type\":\"ListItem\",\"position\":1,\"name\":\"Inicio\",\"item\":\"https:\\\/\\\/www.mustadlatam.com\\\/br\\\/\"},{\"@type\":\"ListItem\",\"position\":2,\"name\":\"Loja Mustad Brasil | Compre Ferraduras, Cravos e Ferramentas\",\"item\":\"https:\\\/\\\/www.mustadlatam.com\\\/br\\\/shop\\\/\"},{\"@type\":\"ListItem\",\"position\":3,\"name\":\"Faca Loop Mustad GDM \u2013 para ambidestros e boa alavancagem\"}]},{\"@type\":\"WebSite\",\"@id\":\"https:\\\/\\\/www.mustadlatam.com\\\/br\\\/#website\",\"url\":\"https:\\\/\\\/www.mustadlatam.com\\\/br\\\/\",\"name\":\"Mustad Brasil - Informa\u00e7\u00e3o, Educa\u00e7\u00e3o e Venda de Produtos e Ferramentas Profissionais para Ferradores no Brasil.\",\"description\":\"Ferraduras, grosas, pregos e acess\u00f3rios para cavalos\",\"publisher\":{\"@id\":\"https:\\\/\\\/www.mustadlatam.com\\\/br\\\/#organization\"},\"potentialAction\":[{\"@type\":\"SearchAction\",\"target\":{\"@type\":\"EntryPoint\",\"urlTemplate\":\"https:\\\/\\\/www.mustadlatam.com\\\/br\\\/?s={search_term_string}\"},\"query-input\":{\"@type\":\"PropertyValueSpecification\",\"valueRequired\":true,\"valueName\":\"search_term_string\"}}],\"inLanguage\":\"pt-BR\"},{\"@type\":\"Organization\",\"@id\":\"https:\\\/\\\/www.mustadlatam.com\\\/br\\\/#organization\",\"name\":\"Mustad Brasil - Informa\u00e7\u00e3o, Educa\u00e7\u00e3o e Venda de Produtos e Ferramentas Profissionais para Ferradores no Brasil.\",\"url\":\"https:\\\/\\\/www.mustadlatam.com\\\/br\\\/\",\"logo\":{\"@type\":\"ImageObject\",\"inLanguage\":\"pt-BR\",\"@id\":\"https:\\\/\\\/www.mustadlatam.com\\\/br\\\/#\\\/schema\\\/logo\\\/image\\\/\",\"url\":\"https:\\\/\\\/www.mustadlatam.com\\\/br\\\/wp-content\\\/uploads\\\/8\\\/2025\\\/12\\\/cropped-cropped-LOGO-MUSTAD-Final.png\",\"contentUrl\":\"https:\\\/\\\/www.mustadlatam.com\\\/br\\\/wp-content\\\/uploads\\\/8\\\/2025\\\/12\\\/cropped-cropped-LOGO-MUSTAD-Final.png\",\"width\":500,\"height\":500,\"caption\":\"Mustad Brasil - Informa\u00e7\u00e3o, Educa\u00e7\u00e3o e Venda de Produtos e Ferramentas Profissionais para Ferradores no Brasil.\"},\"image\":{\"@id\":\"https:\\\/\\\/www.mustadlatam.com\\\/br\\\/#\\\/schema\\\/logo\\\/image\\\/\"}}]}<\/script>\n<!-- \/ Yoast SEO plugin. -->","yoast_head_json":{"title":"Faca Loop Mustad GDM \u2013 para ambidestros e boa alavancagem - Mustad Brasil - Informa\u00e7\u00e3o, Educa\u00e7\u00e3o e Venda de Produtos e Ferramentas Profissionais para Ferradores no Brasil.","description":"GDM Faca LOOP com cabo ergon\u00f4mico e l\u00e2mina dur\u00e1vel: cortes precisos na r\u00e3 e na sola, ideal para raios pequenos e acesso em ambas as dire\u00e7\u00f5es.","robots":{"index":"index","follow":"follow","max-snippet":"max-snippet:-1","max-image-preview":"max-image-preview:large","max-video-preview":"max-video-preview:-1"},"canonical":"https:\/\/www.mustadlatam.com\/br\/pt\/produtos\/gdm-faca-loop\/","og_locale":"pt_BR","og_type":"article","og_title":"Faca Loop Mustad GDM \u2013 para ambidestros e boa alavancagem - Mustad Brasil - Informa\u00e7\u00e3o, Educa\u00e7\u00e3o e Venda de Produtos e Ferramentas Profissionais para Ferradores no Brasil.","og_description":"GDM Faca LOOP com cabo ergon\u00f4mico e l\u00e2mina dur\u00e1vel: cortes precisos na r\u00e3 e na sola, ideal para raios pequenos e acesso em ambas as dire\u00e7\u00f5es.","og_url":"https:\/\/www.mustadlatam.com\/br\/pt\/produtos\/gdm-faca-loop\/","og_site_name":"Mustad Brasil - Informa\u00e7\u00e3o, Educa\u00e7\u00e3o e Venda de Produtos e Ferramentas Profissionais para Ferradores no Brasil.","article_modified_time":"2026-04-24T02:16:43+00:00","og_image":[{"width":800,"height":800,"url":"https:\/\/www.mustadlatam.com\/br\/wp-content\/uploads\/8\/2025\/10\/Herramientas-GDM-Gubia-LOOP.jpg","type":"image\/jpeg"}],"twitter_card":"summary_large_image","twitter_misc":{"Est. tempo de leitura":"1 minuto"},"schema":{"@context":"https:\/\/schema.org","@graph":[{"@type":"WebPage","@id":"https:\/\/www.mustadlatam.com\/br\/product\/gdm-faca-loop\/","url":"https:\/\/www.mustadlatam.com\/br\/product\/gdm-faca-loop\/","name":"Faca Loop Mustad GDM \u2013 para ambidestros e boa alavancagem - Mustad Brasil - Informa\u00e7\u00e3o, Educa\u00e7\u00e3o e Venda de Produtos e Ferramentas Profissionais para Ferradores no Brasil.","isPartOf":{"@id":"https:\/\/www.mustadlatam.com\/br\/#website"},"primaryImageOfPage":{"@id":"https:\/\/www.mustadlatam.com\/br\/product\/gdm-faca-loop\/#primaryimage"},"image":{"@id":"https:\/\/www.mustadlatam.com\/br\/product\/gdm-faca-loop\/#primaryimage"},"thumbnailUrl":"https:\/\/www.mustadlatam.com\/br\/wp-content\/uploads\/8\/2025\/10\/Herramientas-GDM-Gubia-LOOP.jpg","datePublished":"2025-10-17T13:57:10+00:00","dateModified":"2026-04-24T02:16:43+00:00","description":"GDM Faca LOOP com cabo ergon\u00f4mico e l\u00e2mina dur\u00e1vel: cortes precisos na r\u00e3 e na sola, ideal para raios pequenos e acesso em ambas as dire\u00e7\u00f5es.","breadcrumb":{"@id":"https:\/\/www.mustadlatam.com\/br\/product\/gdm-faca-loop\/#breadcrumb"},"inLanguage":"pt-BR","potentialAction":[{"@type":"ReadAction","target":["https:\/\/www.mustadlatam.com\/br\/product\/gdm-faca-loop\/"]}]},{"@type":"ImageObject","inLanguage":"pt-BR","@id":"https:\/\/www.mustadlatam.com\/br\/product\/gdm-faca-loop\/#primaryimage","url":"https:\/\/www.mustadlatam.com\/br\/wp-content\/uploads\/8\/2025\/10\/Herramientas-GDM-Gubia-LOOP.jpg","contentUrl":"https:\/\/www.mustadlatam.com\/br\/wp-content\/uploads\/8\/2025\/10\/Herramientas-GDM-Gubia-LOOP.jpg","width":800,"height":800,"caption":"Herramientas GDM Gubia LOOP"},{"@type":"BreadcrumbList","@id":"https:\/\/www.mustadlatam.com\/br\/product\/gdm-faca-loop\/#breadcrumb","itemListElement":[{"@type":"ListItem","position":1,"name":"Inicio","item":"https:\/\/www.mustadlatam.com\/br\/"},{"@type":"ListItem","position":2,"name":"Loja Mustad Brasil | Compre Ferraduras, Cravos e Ferramentas","item":"https:\/\/www.mustadlatam.com\/br\/shop\/"},{"@type":"ListItem","position":3,"name":"Faca Loop Mustad GDM \u2013 para ambidestros e boa alavancagem"}]},{"@type":"WebSite","@id":"https:\/\/www.mustadlatam.com\/br\/#website","url":"https:\/\/www.mustadlatam.com\/br\/","name":"Mustad Brasil - Informa\u00e7\u00e3o, educa\u00e7\u00e3o e venda de produtos e ferramentas profissionais para ferreiros no Brasil.","description":"Ferraduras, grosas, pregos e acess\u00f3rios para cavalos","publisher":{"@id":"https:\/\/www.mustadlatam.com\/br\/#organization"},"potentialAction":[{"@type":"SearchAction","target":{"@type":"EntryPoint","urlTemplate":"https:\/\/www.mustadlatam.com\/br\/?s={search_term_string}"},"query-input":{"@type":"PropertyValueSpecification","valueRequired":true,"valueName":"search_term_string"}}],"inLanguage":"pt-BR"},{"@type":"Organization","@id":"https:\/\/www.mustadlatam.com\/br\/#organization","name":"Mustad Brasil - Informa\u00e7\u00e3o, educa\u00e7\u00e3o e venda de produtos e ferramentas profissionais para ferreiros no Brasil.","url":"https:\/\/www.mustadlatam.com\/br\/","logo":{"@type":"ImageObject","inLanguage":"pt-BR","@id":"https:\/\/www.mustadlatam.com\/br\/#\/schema\/logo\/image\/","url":"https:\/\/www.mustadlatam.com\/br\/wp-content\/uploads\/8\/2025\/12\/cropped-cropped-LOGO-MUSTAD-Final.png","contentUrl":"https:\/\/www.mustadlatam.com\/br\/wp-content\/uploads\/8\/2025\/12\/cropped-cropped-LOGO-MUSTAD-Final.png","width":500,"height":500,"caption":"Mustad Brasil - Informa\u00e7\u00e3o, Educa\u00e7\u00e3o e Venda de Produtos e Ferramentas Profissionais para Ferradores no Brasil."},"image":{"@id":"https:\/\/www.mustadlatam.com\/br\/#\/schema\/logo\/image\/"}}]}},"_links":{"self":[{"href":"https:\/\/www.mustadlatam.com\/br\/pt\/wp-json\/wp\/v2\/product\/761","targetHints":{"allow":["GET"]}}],"collection":[{"href":"https:\/\/www.mustadlatam.com\/br\/pt\/wp-json\/wp\/v2\/product"}],"about":[{"href":"https:\/\/www.mustadlatam.com\/br\/pt\/wp-json\/wp\/v2\/types\/product"}],"replies":[{"embeddable":true,"href":"https:\/\/www.mustadlatam.com\/br\/pt\/wp-json\/wp\/v2\/comments?post=761"}],"wp:featuredmedia":[{"embeddable":true,"href":"https:\/\/www.mustadlatam.com\/br\/pt\/wp-json\/wp\/v2\/media\/762"}],"wp:attachment":[{"href":"https:\/\/www.mustadlatam.com\/br\/pt\/wp-json\/wp\/v2\/media?parent=761"}],"wp:term":[{"taxonomy":"product_brand","embeddable":true,"href":"https:\/\/www.mustadlatam.com\/br\/pt\/wp-json\/wp\/v2\/product_brand?post=761"},{"taxonomy":"product_cat","embeddable":true,"href":"https:\/\/www.mustadlatam.com\/br\/pt\/wp-json\/wp\/v2\/product_cat?post=761"},{"taxonomy":"product_tag","embeddable":true,"href":"https:\/\/www.mustadlatam.com\/br\/pt\/wp-json\/wp\/v2\/product_tag?post=761"}],"curies":[{"name":"wp","href":"https:\/\/api.w.org\/{rel}","templated":true}]}}