{"id":767,"date":"2025-10-17T10:28:21","date_gmt":"2025-10-17T15:28:21","guid":{"rendered":"https:\/\/mediplushub.com\/br\/?post_type=product&#038;p=767"},"modified":"2026-03-09T18:10:42","modified_gmt":"2026-03-09T23:10:42","slug":"martelo-p-ferrador-250g-grant-moon","status":"publish","type":"product","link":"https:\/\/www.mustadlatam.com\/br\/pt\/produtos\/martelo-p-ferrador-250g-grant-moon\/","title":{"rendered":"Martelo para ferrador 250g GDM \u2013 Face angulada, equil\u00edbrio frontal"},"content":{"rendered":"","protected":false},"excerpt":{"rendered":"<p>Martelo de pregos <strong data-start=\"854\" data-end=\"868\">Grant Moon<\/strong> com face de ataque em \u00e2ngulo e peso para frente para concentrar o impacto e reduzir as unhas dobradas; garras com bordas afiadas e cabo assim\u00e9trico para maior controle.<\/p>\n<p><strong data-start=\"1229\" data-end=\"1246\">Especialidade:<\/strong> pregos t\u00e9cnicos com impacto direcionado e sa\u00edda limpa dos pregos quando a corre\u00e7\u00e3o for necess\u00e1ria.<br data-start=\"1313\" data-end=\"1316\" \/><strong data-start=\"1316\" data-end=\"1338\">Usos recomendados:<\/strong> hardware profissional na oficina ou no campo, quando se busca um golpe centralizado, cad\u00eancia constante e manobras seguras ao endireitar ou extrair pregos.<\/p>\n<p><strong>Principais recursos:<\/strong><\/p>\n<ol>\n<li><strong data-start=\"1451\" data-end=\"1505\">Peso para frente e em um \u00e2ngulo:<\/strong> ajuda a atingir a unha diretamente, minimizando o risco de dobr\u00e1-la.<\/li>\n<li><strong data-start=\"1639\" data-end=\"1677\">Cabe\u00e7a redonda e ligeiramente curvada<\/strong>O \u00e2ngulo da garra facilita a remo\u00e7\u00e3o de pregos parcialmente cravados. O \u00e2ngulo da garra facilita a remo\u00e7\u00e3o de pregos parcialmente cravados.<\/li>\n<li><strong data-start=\"1871\" data-end=\"1892\">Al\u00e7a assim\u00e9trica:<\/strong> oferece uma ader\u00eancia mais confort\u00e1vel e est\u00e1vel durante o mergulho.<\/li>\n<li><strong data-start=\"1995\" data-end=\"2017\">Pesos dispon\u00edveis:<\/strong> <strong data-start=\"2018\" data-end=\"2033\">8 oz e 9 oz<\/strong> para adaptar a in\u00e9rcia e o ritmo de trabalho de acordo com a prefer\u00eancia do ferrador.<\/li>\n<\/ol>","protected":false},"featured_media":770,"comment_status":"open","ping_status":"closed","template":"","meta":[],"product_brand":[304],"product_cat":[25,96],"product_tag":[458,452,459,453,457,456,455,460,450,903],"class_list":{"0":"post-767","1":"product","2":"type-product","3":"status-publish","4":"has-post-thumbnail","6":"product_brand-gdm","7":"product_cat-herramientas","8":"product_cat-martillos-gdm","9":"product_tag-8-onz","10":"product_tag-9-onz","11":"product_tag-cara-angular","12":"product_tag-garras","13":"product_tag-gdm","14":"product_tag-grant-moon","15":"product_tag-herraje","16":"product_tag-mango-asimetrico","17":"product_tag-martillo-clavador","18":"product_tag-semana-do-cliente-2026","19":"pa_disciplina-adestramento","20":"pa_disciplina-cavalgada","21":"pa_disciplina-hipismo","22":"pa_disciplina-laco","23":"pa_disciplina-marcha","24":"pa_disciplina-trabalho","25":"pa_disciplina-tres-tambores","26":"pa_disciplina-turf","27":"pa_marca-gdm","28":"pa_tipo-de-produto-herramienta","30":"first","31":"instock","32":"shipping-taxable","33":"purchasable","34":"product-type-simple"},"yoast_head":"<!-- This site is optimized with the Yoast SEO plugin v27.4 - https:\/\/yoast.com\/product\/yoast-seo-wordpress\/ -->\n<title>Martelo para ferrador 250g GDM \u2013 Face angulada, equil\u00edbrio frontal - Mustad Brasil - Informa\u00e7\u00e3o, Educa\u00e7\u00e3o e Venda de Produtos e Ferramentas Profissionais para Ferradores no Brasil.<\/title>\n<meta name=\"description\" content=\"Martillo clavador Grant Moon con cara en \u00e1ngulo y peso frontal para golpes centrados; garras afiladas para graduar\/sacar clavos y mango asim\u00e9trico para m\u00e1s\" \/>\n<meta name=\"robots\" content=\"index, follow, max-snippet:-1, max-image-preview:large, max-video-preview:-1\" \/>\n<link rel=\"canonical\" href=\"https:\/\/www.mustadlatam.com\/br\/pt\/produtos\/martelo-p-ferrador-250g-grant-moon\/\" \/>\n<meta property=\"og:locale\" content=\"pt_BR\" \/>\n<meta property=\"og:type\" content=\"article\" \/>\n<meta property=\"og:title\" content=\"Martelo para ferrador 250g GDM \u2013 Face angulada, equil\u00edbrio frontal - Mustad Brasil - Informa\u00e7\u00e3o, Educa\u00e7\u00e3o e Venda de Produtos e Ferramentas Profissionais para Ferradores no Brasil.\" \/>\n<meta property=\"og:description\" content=\"Martillo clavador Grant Moon con cara en \u00e1ngulo y peso frontal para golpes centrados; garras afiladas para graduar\/sacar clavos y mango asim\u00e9trico para m\u00e1s\" \/>\n<meta property=\"og:url\" content=\"https:\/\/www.mustadlatam.com\/br\/pt\/produtos\/martelo-p-ferrador-250g-grant-moon\/\" \/>\n<meta property=\"og:site_name\" content=\"Mustad Brasil - Informa\u00e7\u00e3o, Educa\u00e7\u00e3o e Venda de Produtos e Ferramentas Profissionais para Ferradores no Brasil.\" \/>\n<meta property=\"article:modified_time\" content=\"2026-03-09T23:10:42+00:00\" \/>\n<meta property=\"og:image\" content=\"https:\/\/www.mustadlatam.com\/br\/wp-content\/uploads\/8\/2025\/10\/Herramientas-GDM-Martillo-clavador-Elite.jpg\" \/>\n\t<meta property=\"og:image:width\" content=\"800\" \/>\n\t<meta property=\"og:image:height\" content=\"800\" \/>\n\t<meta property=\"og:image:type\" content=\"image\/jpeg\" \/>\n<meta name=\"twitter:card\" content=\"summary_large_image\" \/>\n<meta name=\"twitter:label1\" content=\"Est. tempo de leitura\" \/>\n\t<meta name=\"twitter:data1\" content=\"1 minuto\" \/>\n<script type=\"application\/ld+json\" class=\"yoast-schema-graph\">{\"@context\":\"https:\\\/\\\/schema.org\",\"@graph\":[{\"@type\":\"WebPage\",\"@id\":\"https:\\\/\\\/www.mustadlatam.com\\\/br\\\/product\\\/martelo-p-ferrador-250g-grant-moon\\\/\",\"url\":\"https:\\\/\\\/www.mustadlatam.com\\\/br\\\/product\\\/martelo-p-ferrador-250g-grant-moon\\\/\",\"name\":\"Martelo para ferrador 250g GDM \u2013 Face angulada, equil\u00edbrio frontal - Mustad Brasil - Informa\u00e7\u00e3o, Educa\u00e7\u00e3o e Venda de Produtos e Ferramentas Profissionais para Ferradores no Brasil.\",\"isPartOf\":{\"@id\":\"https:\\\/\\\/www.mustadlatam.com\\\/br\\\/#website\"},\"primaryImageOfPage\":{\"@id\":\"https:\\\/\\\/www.mustadlatam.com\\\/br\\\/product\\\/martelo-p-ferrador-250g-grant-moon\\\/#primaryimage\"},\"image\":{\"@id\":\"https:\\\/\\\/www.mustadlatam.com\\\/br\\\/product\\\/martelo-p-ferrador-250g-grant-moon\\\/#primaryimage\"},\"thumbnailUrl\":\"https:\\\/\\\/www.mustadlatam.com\\\/br\\\/wp-content\\\/uploads\\\/8\\\/2025\\\/10\\\/Herramientas-GDM-Martillo-clavador-Elite.jpg\",\"datePublished\":\"2025-10-17T15:28:21+00:00\",\"dateModified\":\"2026-03-09T23:10:42+00:00\",\"description\":\"Martillo clavador Grant Moon con cara en \u00e1ngulo y peso frontal para golpes centrados; garras afiladas para graduar\\\/sacar clavos y mango asim\u00e9trico para m\u00e1s\",\"breadcrumb\":{\"@id\":\"https:\\\/\\\/www.mustadlatam.com\\\/br\\\/product\\\/martelo-p-ferrador-250g-grant-moon\\\/#breadcrumb\"},\"inLanguage\":\"pt-BR\",\"potentialAction\":[{\"@type\":\"ReadAction\",\"target\":[\"https:\\\/\\\/www.mustadlatam.com\\\/br\\\/product\\\/martelo-p-ferrador-250g-grant-moon\\\/\"]}]},{\"@type\":\"ImageObject\",\"inLanguage\":\"pt-BR\",\"@id\":\"https:\\\/\\\/www.mustadlatam.com\\\/br\\\/product\\\/martelo-p-ferrador-250g-grant-moon\\\/#primaryimage\",\"url\":\"https:\\\/\\\/www.mustadlatam.com\\\/br\\\/wp-content\\\/uploads\\\/8\\\/2025\\\/10\\\/Herramientas-GDM-Martillo-clavador-Elite.jpg\",\"contentUrl\":\"https:\\\/\\\/www.mustadlatam.com\\\/br\\\/wp-content\\\/uploads\\\/8\\\/2025\\\/10\\\/Herramientas-GDM-Martillo-clavador-Elite.jpg\",\"width\":800,\"height\":800,\"caption\":\"Herramientas GDM Martillo clavador Elite\"},{\"@type\":\"BreadcrumbList\",\"@id\":\"https:\\\/\\\/www.mustadlatam.com\\\/br\\\/product\\\/martelo-p-ferrador-250g-grant-moon\\\/#breadcrumb\",\"itemListElement\":[{\"@type\":\"ListItem\",\"position\":1,\"name\":\"Inicio\",\"item\":\"https:\\\/\\\/www.mustadlatam.com\\\/br\\\/\"},{\"@type\":\"ListItem\",\"position\":2,\"name\":\"Loja Mustad Brasil | Compre Ferraduras, Cravos e Ferramentas\",\"item\":\"https:\\\/\\\/www.mustadlatam.com\\\/br\\\/shop\\\/\"},{\"@type\":\"ListItem\",\"position\":3,\"name\":\"Martelo para ferrador 250g GDM \u2013 Face angulada, equil\u00edbrio frontal\"}]},{\"@type\":\"WebSite\",\"@id\":\"https:\\\/\\\/www.mustadlatam.com\\\/br\\\/#website\",\"url\":\"https:\\\/\\\/www.mustadlatam.com\\\/br\\\/\",\"name\":\"Mustad Brasil - Informa\u00e7\u00e3o, Educa\u00e7\u00e3o e Venda de Produtos e Ferramentas Profissionais para Ferradores no Brasil.\",\"description\":\"Ferraduras, grosas, pregos e acess\u00f3rios para cavalos\",\"publisher\":{\"@id\":\"https:\\\/\\\/www.mustadlatam.com\\\/br\\\/#organization\"},\"potentialAction\":[{\"@type\":\"SearchAction\",\"target\":{\"@type\":\"EntryPoint\",\"urlTemplate\":\"https:\\\/\\\/www.mustadlatam.com\\\/br\\\/?s={search_term_string}\"},\"query-input\":{\"@type\":\"PropertyValueSpecification\",\"valueRequired\":true,\"valueName\":\"search_term_string\"}}],\"inLanguage\":\"pt-BR\"},{\"@type\":\"Organization\",\"@id\":\"https:\\\/\\\/www.mustadlatam.com\\\/br\\\/#organization\",\"name\":\"Mustad Brasil - Informa\u00e7\u00e3o, Educa\u00e7\u00e3o e Venda de Produtos e Ferramentas Profissionais para Ferradores no Brasil.\",\"url\":\"https:\\\/\\\/www.mustadlatam.com\\\/br\\\/\",\"logo\":{\"@type\":\"ImageObject\",\"inLanguage\":\"pt-BR\",\"@id\":\"https:\\\/\\\/www.mustadlatam.com\\\/br\\\/#\\\/schema\\\/logo\\\/image\\\/\",\"url\":\"https:\\\/\\\/www.mustadlatam.com\\\/br\\\/wp-content\\\/uploads\\\/8\\\/2025\\\/12\\\/cropped-cropped-LOGO-MUSTAD-Final.png\",\"contentUrl\":\"https:\\\/\\\/www.mustadlatam.com\\\/br\\\/wp-content\\\/uploads\\\/8\\\/2025\\\/12\\\/cropped-cropped-LOGO-MUSTAD-Final.png\",\"width\":500,\"height\":500,\"caption\":\"Mustad Brasil - Informa\u00e7\u00e3o, Educa\u00e7\u00e3o e Venda de Produtos e Ferramentas Profissionais para Ferradores no Brasil.\"},\"image\":{\"@id\":\"https:\\\/\\\/www.mustadlatam.com\\\/br\\\/#\\\/schema\\\/logo\\\/image\\\/\"}}]}<\/script>\n<!-- \/ Yoast SEO plugin. -->","yoast_head_json":{"title":"Martelo para ferrador 250g GDM \u2013 Face angulada, equil\u00edbrio frontal - Mustad Brasil - Informa\u00e7\u00e3o, Educa\u00e7\u00e3o e Venda de Produtos e Ferramentas Profissionais para Ferradores no Brasil.","description":"Martillo clavador Grant Moon con cara en \u00e1ngulo y peso frontal para golpes centrados; garras afiladas para graduar\/sacar clavos y mango asim\u00e9trico para m\u00e1s","robots":{"index":"index","follow":"follow","max-snippet":"max-snippet:-1","max-image-preview":"max-image-preview:large","max-video-preview":"max-video-preview:-1"},"canonical":"https:\/\/www.mustadlatam.com\/br\/pt\/produtos\/martelo-p-ferrador-250g-grant-moon\/","og_locale":"pt_BR","og_type":"article","og_title":"Martelo para ferrador 250g GDM \u2013 Face angulada, equil\u00edbrio frontal - Mustad Brasil - Informa\u00e7\u00e3o, Educa\u00e7\u00e3o e Venda de Produtos e Ferramentas Profissionais para Ferradores no Brasil.","og_description":"Martillo clavador Grant Moon con cara en \u00e1ngulo y peso frontal para golpes centrados; garras afiladas para graduar\/sacar clavos y mango asim\u00e9trico para m\u00e1s","og_url":"https:\/\/www.mustadlatam.com\/br\/pt\/produtos\/martelo-p-ferrador-250g-grant-moon\/","og_site_name":"Mustad Brasil - Informa\u00e7\u00e3o, Educa\u00e7\u00e3o e Venda de Produtos e Ferramentas Profissionais para Ferradores no Brasil.","article_modified_time":"2026-03-09T23:10:42+00:00","og_image":[{"width":800,"height":800,"url":"https:\/\/www.mustadlatam.com\/br\/wp-content\/uploads\/8\/2025\/10\/Herramientas-GDM-Martillo-clavador-Elite.jpg","type":"image\/jpeg"}],"twitter_card":"summary_large_image","twitter_misc":{"Est. tempo de leitura":"1 minuto"},"schema":{"@context":"https:\/\/schema.org","@graph":[{"@type":"WebPage","@id":"https:\/\/www.mustadlatam.com\/br\/product\/martelo-p-ferrador-250g-grant-moon\/","url":"https:\/\/www.mustadlatam.com\/br\/product\/martelo-p-ferrador-250g-grant-moon\/","name":"Martelo para ferrador 250g GDM \u2013 Face angulada, equil\u00edbrio frontal - Mustad Brasil - Informa\u00e7\u00e3o, Educa\u00e7\u00e3o e Venda de Produtos e Ferramentas Profissionais para Ferradores no Brasil.","isPartOf":{"@id":"https:\/\/www.mustadlatam.com\/br\/#website"},"primaryImageOfPage":{"@id":"https:\/\/www.mustadlatam.com\/br\/product\/martelo-p-ferrador-250g-grant-moon\/#primaryimage"},"image":{"@id":"https:\/\/www.mustadlatam.com\/br\/product\/martelo-p-ferrador-250g-grant-moon\/#primaryimage"},"thumbnailUrl":"https:\/\/www.mustadlatam.com\/br\/wp-content\/uploads\/8\/2025\/10\/Herramientas-GDM-Martillo-clavador-Elite.jpg","datePublished":"2025-10-17T15:28:21+00:00","dateModified":"2026-03-09T23:10:42+00:00","description":"Martillo clavador Grant Moon con cara en \u00e1ngulo y peso frontal para golpes centrados; garras afiladas para graduar\/sacar clavos y mango asim\u00e9trico para m\u00e1s","breadcrumb":{"@id":"https:\/\/www.mustadlatam.com\/br\/product\/martelo-p-ferrador-250g-grant-moon\/#breadcrumb"},"inLanguage":"pt-BR","potentialAction":[{"@type":"ReadAction","target":["https:\/\/www.mustadlatam.com\/br\/product\/martelo-p-ferrador-250g-grant-moon\/"]}]},{"@type":"ImageObject","inLanguage":"pt-BR","@id":"https:\/\/www.mustadlatam.com\/br\/product\/martelo-p-ferrador-250g-grant-moon\/#primaryimage","url":"https:\/\/www.mustadlatam.com\/br\/wp-content\/uploads\/8\/2025\/10\/Herramientas-GDM-Martillo-clavador-Elite.jpg","contentUrl":"https:\/\/www.mustadlatam.com\/br\/wp-content\/uploads\/8\/2025\/10\/Herramientas-GDM-Martillo-clavador-Elite.jpg","width":800,"height":800,"caption":"Herramientas GDM Martillo clavador Elite"},{"@type":"BreadcrumbList","@id":"https:\/\/www.mustadlatam.com\/br\/product\/martelo-p-ferrador-250g-grant-moon\/#breadcrumb","itemListElement":[{"@type":"ListItem","position":1,"name":"Inicio","item":"https:\/\/www.mustadlatam.com\/br\/"},{"@type":"ListItem","position":2,"name":"Loja Mustad Brasil | Compre Ferraduras, Cravos e Ferramentas","item":"https:\/\/www.mustadlatam.com\/br\/shop\/"},{"@type":"ListItem","position":3,"name":"Martelo para ferrador 250g GDM \u2013 Face angulada, equil\u00edbrio frontal"}]},{"@type":"WebSite","@id":"https:\/\/www.mustadlatam.com\/br\/#website","url":"https:\/\/www.mustadlatam.com\/br\/","name":"Mustad Brasil - Informa\u00e7\u00e3o, educa\u00e7\u00e3o e venda de produtos e ferramentas profissionais para ferreiros no Brasil.","description":"Ferraduras, grosas, pregos e acess\u00f3rios para cavalos","publisher":{"@id":"https:\/\/www.mustadlatam.com\/br\/#organization"},"potentialAction":[{"@type":"SearchAction","target":{"@type":"EntryPoint","urlTemplate":"https:\/\/www.mustadlatam.com\/br\/?s={search_term_string}"},"query-input":{"@type":"PropertyValueSpecification","valueRequired":true,"valueName":"search_term_string"}}],"inLanguage":"pt-BR"},{"@type":"Organization","@id":"https:\/\/www.mustadlatam.com\/br\/#organization","name":"Mustad Brasil - Informa\u00e7\u00e3o, educa\u00e7\u00e3o e venda de produtos e ferramentas profissionais para ferreiros no Brasil.","url":"https:\/\/www.mustadlatam.com\/br\/","logo":{"@type":"ImageObject","inLanguage":"pt-BR","@id":"https:\/\/www.mustadlatam.com\/br\/#\/schema\/logo\/image\/","url":"https:\/\/www.mustadlatam.com\/br\/wp-content\/uploads\/8\/2025\/12\/cropped-cropped-LOGO-MUSTAD-Final.png","contentUrl":"https:\/\/www.mustadlatam.com\/br\/wp-content\/uploads\/8\/2025\/12\/cropped-cropped-LOGO-MUSTAD-Final.png","width":500,"height":500,"caption":"Mustad Brasil - Informa\u00e7\u00e3o, Educa\u00e7\u00e3o e Venda de Produtos e Ferramentas Profissionais para Ferradores no Brasil."},"image":{"@id":"https:\/\/www.mustadlatam.com\/br\/#\/schema\/logo\/image\/"}}]}},"_links":{"self":[{"href":"https:\/\/www.mustadlatam.com\/br\/pt\/wp-json\/wp\/v2\/product\/767","targetHints":{"allow":["GET"]}}],"collection":[{"href":"https:\/\/www.mustadlatam.com\/br\/pt\/wp-json\/wp\/v2\/product"}],"about":[{"href":"https:\/\/www.mustadlatam.com\/br\/pt\/wp-json\/wp\/v2\/types\/product"}],"replies":[{"embeddable":true,"href":"https:\/\/www.mustadlatam.com\/br\/pt\/wp-json\/wp\/v2\/comments?post=767"}],"wp:featuredmedia":[{"embeddable":true,"href":"https:\/\/www.mustadlatam.com\/br\/pt\/wp-json\/wp\/v2\/media\/770"}],"wp:attachment":[{"href":"https:\/\/www.mustadlatam.com\/br\/pt\/wp-json\/wp\/v2\/media?parent=767"}],"wp:term":[{"taxonomy":"product_brand","embeddable":true,"href":"https:\/\/www.mustadlatam.com\/br\/pt\/wp-json\/wp\/v2\/product_brand?post=767"},{"taxonomy":"product_cat","embeddable":true,"href":"https:\/\/www.mustadlatam.com\/br\/pt\/wp-json\/wp\/v2\/product_cat?post=767"},{"taxonomy":"product_tag","embeddable":true,"href":"https:\/\/www.mustadlatam.com\/br\/pt\/wp-json\/wp\/v2\/product_tag?post=767"}],"curies":[{"name":"wp","href":"https:\/\/api.w.org\/{rel}","templated":true}]}}