{"id":788,"date":"2025-10-20T09:01:11","date_gmt":"2025-10-20T14:01:11","guid":{"rendered":"https:\/\/mediplushub.com\/br\/?post_type=product&#038;p=788"},"modified":"2026-03-09T18:10:41","modified_gmt":"2026-03-09T23:10:41","slug":"martelo-de-forjamento-esferico-gdm","status":"publish","type":"product","link":"https:\/\/www.mustadlatam.com\/br\/pt\/produtos\/martelo-de-forjamento-esferico-gdm\/","title":{"rendered":"Martelo Bola Mustad GDM &#8211; guarda cascos sim\u00e9tricos com menos esfor\u00e7o"},"content":{"rendered":"","protected":false},"excerpt":{"rendered":"<p>Martelo de flange com esfera c\u00f4nica e face plana mais longa a partir do centro para formar flanges sim\u00e9tricos e desenhar a ferradura com pouco esfor\u00e7o. Peso: 850 g.<\/p>\n<p><strong data-start=\"1229\" data-end=\"1246\">Especialidade:<\/strong> Forma\u00e7\u00e3o de abas com distribui\u00e7\u00e3o de peso projetada para produzir material e levantar abas uniformemente, reduzindo o retrabalho.<br data-start=\"1313\" data-end=\"1316\" \/><strong data-start=\"1316\" data-end=\"1338\">Usos recomendados:<\/strong> forjamento e ajuste de ferraduras em que se busca simetria, controle de curso e transi\u00e7\u00f5es limpas entre a face plana e a esfera c\u00f4nica.<\/p>\n<p><strong>Principais recursos:<\/strong><\/p>\n<ol>\n<li><strong data-start=\"1375\" data-end=\"1390\">Esfera c\u00f4nica<\/strong>permite flanges pequenos ou grandes, dependendo da profundidade da entrada na ferradura.<\/li>\n<li><strong data-start=\"1524\" data-end=\"1564\">Face plana mais longa a partir do centro<\/strong>O sistema de controle de qualidade da ferradura: facilita a coloca\u00e7\u00e3o e o desenho da ferradura com melhor suporte.<\/li>\n<li><strong data-start=\"1670\" data-end=\"1694\">Distribui\u00e7\u00e3o de peso<\/strong> que produz material rapidamente para remover o flange com menos esfor\u00e7o.<\/li>\n<li><strong data-start=\"1821\" data-end=\"1829\">Peso<\/strong>: <strong data-start=\"1831\" data-end=\"1849\">850 g (1,8 lb)<\/strong> para uma in\u00e9rcia est\u00e1vel no curso.<\/li>\n<\/ol>","protected":false},"featured_media":789,"comment_status":"open","ping_status":"closed","template":"","meta":[],"product_brand":[304],"product_cat":[25,96],"product_tag":[478,475,476,477,457,474,903],"class_list":{"0":"post-788","1":"product","2":"type-product","3":"status-publish","4":"has-post-thumbnail","6":"product_brand-gdm","7":"product_cat-herramientas","8":"product_cat-martillos-gdm","9":"product_tag-850-g","10":"product_tag-bola-conica","11":"product_tag-cara-plana-larga","12":"product_tag-forja-de-pestanas","13":"product_tag-gdm","14":"product_tag-martillo-pestanador","15":"product_tag-semana-do-cliente-2026","16":"pa_disciplina-adestramento","17":"pa_disciplina-cavalgada","18":"pa_disciplina-hipismo","19":"pa_disciplina-laco","20":"pa_disciplina-marcha","21":"pa_disciplina-trabalho","22":"pa_disciplina-tres-tambores","23":"pa_disciplina-turf","24":"pa_ferramentas-ferramentas-gdm","25":"pa_marca-gdm","26":"pa_tipo-de-produto-herramienta","28":"first","29":"instock","30":"shipping-taxable","31":"purchasable","32":"product-type-simple"},"yoast_head":"<!-- This site is optimized with the Yoast SEO plugin v27.4 - https:\/\/yoast.com\/product\/yoast-seo-wordpress\/ -->\n<title>Martelo Bola Mustad GDM - guarda cascos sim\u00e9tricos - Mustad Brasil - Informa\u00e7\u00e3o, Educa\u00e7\u00e3o e Venda de Produtos e Ferramentas Profissionais para Ferradores no Brasil.<\/title>\n<meta name=\"description\" content=\"Martelo de alargamento GDM com esfera c\u00f4nica e face plana mais longa para alargamento sim\u00e9trico. Distribui\u00e7\u00e3o de peso que produz material com o m\u00ednimo\" \/>\n<meta name=\"robots\" content=\"index, follow, max-snippet:-1, max-image-preview:large, max-video-preview:-1\" \/>\n<link rel=\"canonical\" href=\"https:\/\/www.mustadlatam.com\/br\/pt\/produtos\/martelo-de-forjamento-esferico-gdm\/\" \/>\n<meta property=\"og:locale\" content=\"pt_BR\" \/>\n<meta property=\"og:type\" content=\"article\" \/>\n<meta property=\"og:title\" content=\"Martelo Bola Mustad GDM - guarda cascos sim\u00e9tricos - Mustad Brasil - Informa\u00e7\u00e3o, Educa\u00e7\u00e3o e Venda de Produtos e Ferramentas Profissionais para Ferradores no Brasil.\" \/>\n<meta property=\"og:description\" content=\"Martelo de alargamento GDM com esfera c\u00f4nica e face plana mais longa para alargamento sim\u00e9trico. Distribui\u00e7\u00e3o de peso que produz material com o m\u00ednimo\" \/>\n<meta property=\"og:url\" content=\"https:\/\/www.mustadlatam.com\/br\/pt\/produtos\/martelo-de-forjamento-esferico-gdm\/\" \/>\n<meta property=\"og:site_name\" content=\"Mustad Brasil - Informa\u00e7\u00e3o, Educa\u00e7\u00e3o e Venda de Produtos e Ferramentas Profissionais para Ferradores no Brasil.\" \/>\n<meta property=\"article:modified_time\" content=\"2026-03-09T23:10:41+00:00\" \/>\n<meta property=\"og:image\" content=\"https:\/\/www.mustadlatam.com\/br\/wp-content\/uploads\/8\/2025\/10\/Herramientas-GDM-Martillo-de-forja-pestaneador.jpg\" \/>\n\t<meta property=\"og:image:width\" content=\"800\" \/>\n\t<meta property=\"og:image:height\" content=\"800\" \/>\n\t<meta property=\"og:image:type\" content=\"image\/jpeg\" \/>\n<meta name=\"twitter:card\" content=\"summary_large_image\" \/>\n<meta name=\"twitter:label1\" content=\"Est. tempo de leitura\" \/>\n\t<meta name=\"twitter:data1\" content=\"1 minuto\" \/>\n<script type=\"application\/ld+json\" class=\"yoast-schema-graph\">{\"@context\":\"https:\\\/\\\/schema.org\",\"@graph\":[{\"@type\":\"WebPage\",\"@id\":\"https:\\\/\\\/www.mustadlatam.com\\\/br\\\/product\\\/martelo-de-forjamento-esferico-gdm\\\/\",\"url\":\"https:\\\/\\\/www.mustadlatam.com\\\/br\\\/product\\\/martelo-de-forjamento-esferico-gdm\\\/\",\"name\":\"Martelo Bola Mustad GDM - guarda cascos sim\u00e9tricos - Mustad Brasil - Informa\u00e7\u00e3o, Educa\u00e7\u00e3o e Venda de Produtos e Ferramentas Profissionais para Ferradores no Brasil.\",\"isPartOf\":{\"@id\":\"https:\\\/\\\/www.mustadlatam.com\\\/br\\\/#website\"},\"primaryImageOfPage\":{\"@id\":\"https:\\\/\\\/www.mustadlatam.com\\\/br\\\/product\\\/martelo-de-forjamento-esferico-gdm\\\/#primaryimage\"},\"image\":{\"@id\":\"https:\\\/\\\/www.mustadlatam.com\\\/br\\\/product\\\/martelo-de-forjamento-esferico-gdm\\\/#primaryimage\"},\"thumbnailUrl\":\"https:\\\/\\\/www.mustadlatam.com\\\/br\\\/wp-content\\\/uploads\\\/8\\\/2025\\\/10\\\/Herramientas-GDM-Martillo-de-forja-pestaneador.jpg\",\"datePublished\":\"2025-10-20T14:01:11+00:00\",\"dateModified\":\"2026-03-09T23:10:41+00:00\",\"description\":\"Martelo de alargamento GDM com esfera c\u00f4nica e face plana mais longa para alargamento sim\u00e9trico. Distribui\u00e7\u00e3o de peso que produz material com o m\u00ednimo\",\"breadcrumb\":{\"@id\":\"https:\\\/\\\/www.mustadlatam.com\\\/br\\\/product\\\/martelo-de-forjamento-esferico-gdm\\\/#breadcrumb\"},\"inLanguage\":\"pt-BR\",\"potentialAction\":[{\"@type\":\"ReadAction\",\"target\":[\"https:\\\/\\\/www.mustadlatam.com\\\/br\\\/product\\\/martelo-de-forjamento-esferico-gdm\\\/\"]}]},{\"@type\":\"ImageObject\",\"inLanguage\":\"pt-BR\",\"@id\":\"https:\\\/\\\/www.mustadlatam.com\\\/br\\\/product\\\/martelo-de-forjamento-esferico-gdm\\\/#primaryimage\",\"url\":\"https:\\\/\\\/www.mustadlatam.com\\\/br\\\/wp-content\\\/uploads\\\/8\\\/2025\\\/10\\\/Herramientas-GDM-Martillo-de-forja-pestaneador.jpg\",\"contentUrl\":\"https:\\\/\\\/www.mustadlatam.com\\\/br\\\/wp-content\\\/uploads\\\/8\\\/2025\\\/10\\\/Herramientas-GDM-Martillo-de-forja-pestaneador.jpg\",\"width\":800,\"height\":800,\"caption\":\"Herramientas GDM Martillo de forja pesta\u00f1eador\"},{\"@type\":\"BreadcrumbList\",\"@id\":\"https:\\\/\\\/www.mustadlatam.com\\\/br\\\/product\\\/martelo-de-forjamento-esferico-gdm\\\/#breadcrumb\",\"itemListElement\":[{\"@type\":\"ListItem\",\"position\":1,\"name\":\"Inicio\",\"item\":\"https:\\\/\\\/www.mustadlatam.com\\\/br\\\/\"},{\"@type\":\"ListItem\",\"position\":2,\"name\":\"Loja Mustad Brasil | Compre Ferraduras, Cravos e Ferramentas\",\"item\":\"https:\\\/\\\/www.mustadlatam.com\\\/br\\\/shop\\\/\"},{\"@type\":\"ListItem\",\"position\":3,\"name\":\"Martelo Bola Mustad GDM &#8211; guarda cascos sim\u00e9tricos com menos esfor\u00e7o\"}]},{\"@type\":\"WebSite\",\"@id\":\"https:\\\/\\\/www.mustadlatam.com\\\/br\\\/#website\",\"url\":\"https:\\\/\\\/www.mustadlatam.com\\\/br\\\/\",\"name\":\"Mustad Brasil - Informa\u00e7\u00e3o, Educa\u00e7\u00e3o e Venda de Produtos e Ferramentas Profissionais para Ferradores no Brasil.\",\"description\":\"Ferraduras, grosas, pregos e acess\u00f3rios para cavalos\",\"publisher\":{\"@id\":\"https:\\\/\\\/www.mustadlatam.com\\\/br\\\/#organization\"},\"potentialAction\":[{\"@type\":\"SearchAction\",\"target\":{\"@type\":\"EntryPoint\",\"urlTemplate\":\"https:\\\/\\\/www.mustadlatam.com\\\/br\\\/?s={search_term_string}\"},\"query-input\":{\"@type\":\"PropertyValueSpecification\",\"valueRequired\":true,\"valueName\":\"search_term_string\"}}],\"inLanguage\":\"pt-BR\"},{\"@type\":\"Organization\",\"@id\":\"https:\\\/\\\/www.mustadlatam.com\\\/br\\\/#organization\",\"name\":\"Mustad Brasil - Informa\u00e7\u00e3o, Educa\u00e7\u00e3o e Venda de Produtos e Ferramentas Profissionais para Ferradores no Brasil.\",\"url\":\"https:\\\/\\\/www.mustadlatam.com\\\/br\\\/\",\"logo\":{\"@type\":\"ImageObject\",\"inLanguage\":\"pt-BR\",\"@id\":\"https:\\\/\\\/www.mustadlatam.com\\\/br\\\/#\\\/schema\\\/logo\\\/image\\\/\",\"url\":\"https:\\\/\\\/www.mustadlatam.com\\\/br\\\/wp-content\\\/uploads\\\/8\\\/2025\\\/12\\\/cropped-cropped-LOGO-MUSTAD-Final.png\",\"contentUrl\":\"https:\\\/\\\/www.mustadlatam.com\\\/br\\\/wp-content\\\/uploads\\\/8\\\/2025\\\/12\\\/cropped-cropped-LOGO-MUSTAD-Final.png\",\"width\":500,\"height\":500,\"caption\":\"Mustad Brasil - Informa\u00e7\u00e3o, Educa\u00e7\u00e3o e Venda de Produtos e Ferramentas Profissionais para Ferradores no Brasil.\"},\"image\":{\"@id\":\"https:\\\/\\\/www.mustadlatam.com\\\/br\\\/#\\\/schema\\\/logo\\\/image\\\/\"}}]}<\/script>\n<!-- \/ Yoast SEO plugin. -->","yoast_head_json":{"title":"Martelo Bola Mustad GDM - guarda cascos sim\u00e9tricos - Mustad Brasil - Informa\u00e7\u00e3o, Educa\u00e7\u00e3o e Venda de Produtos e Ferramentas Profissionais para Ferradores no Brasil.","description":"Martelo de alargamento GDM com esfera c\u00f4nica e face plana mais longa para alargamento sim\u00e9trico. Distribui\u00e7\u00e3o de peso que produz material com o m\u00ednimo","robots":{"index":"index","follow":"follow","max-snippet":"max-snippet:-1","max-image-preview":"max-image-preview:large","max-video-preview":"max-video-preview:-1"},"canonical":"https:\/\/www.mustadlatam.com\/br\/pt\/produtos\/martelo-de-forjamento-esferico-gdm\/","og_locale":"pt_BR","og_type":"article","og_title":"Martelo Bola Mustad GDM - guarda cascos sim\u00e9tricos - Mustad Brasil - Informa\u00e7\u00e3o, Educa\u00e7\u00e3o e Venda de Produtos e Ferramentas Profissionais para Ferradores no Brasil.","og_description":"Martelo de alargamento GDM com esfera c\u00f4nica e face plana mais longa para alargamento sim\u00e9trico. Distribui\u00e7\u00e3o de peso que produz material com o m\u00ednimo","og_url":"https:\/\/www.mustadlatam.com\/br\/pt\/produtos\/martelo-de-forjamento-esferico-gdm\/","og_site_name":"Mustad Brasil - Informa\u00e7\u00e3o, Educa\u00e7\u00e3o e Venda de Produtos e Ferramentas Profissionais para Ferradores no Brasil.","article_modified_time":"2026-03-09T23:10:41+00:00","og_image":[{"width":800,"height":800,"url":"https:\/\/www.mustadlatam.com\/br\/wp-content\/uploads\/8\/2025\/10\/Herramientas-GDM-Martillo-de-forja-pestaneador.jpg","type":"image\/jpeg"}],"twitter_card":"summary_large_image","twitter_misc":{"Est. tempo de leitura":"1 minuto"},"schema":{"@context":"https:\/\/schema.org","@graph":[{"@type":"WebPage","@id":"https:\/\/www.mustadlatam.com\/br\/product\/martelo-de-forjamento-esferico-gdm\/","url":"https:\/\/www.mustadlatam.com\/br\/product\/martelo-de-forjamento-esferico-gdm\/","name":"Martelo Bola Mustad GDM - guarda cascos sim\u00e9tricos - Mustad Brasil - Informa\u00e7\u00e3o, Educa\u00e7\u00e3o e Venda de Produtos e Ferramentas Profissionais para Ferradores no Brasil.","isPartOf":{"@id":"https:\/\/www.mustadlatam.com\/br\/#website"},"primaryImageOfPage":{"@id":"https:\/\/www.mustadlatam.com\/br\/product\/martelo-de-forjamento-esferico-gdm\/#primaryimage"},"image":{"@id":"https:\/\/www.mustadlatam.com\/br\/product\/martelo-de-forjamento-esferico-gdm\/#primaryimage"},"thumbnailUrl":"https:\/\/www.mustadlatam.com\/br\/wp-content\/uploads\/8\/2025\/10\/Herramientas-GDM-Martillo-de-forja-pestaneador.jpg","datePublished":"2025-10-20T14:01:11+00:00","dateModified":"2026-03-09T23:10:41+00:00","description":"Martelo de alargamento GDM com esfera c\u00f4nica e face plana mais longa para alargamento sim\u00e9trico. Distribui\u00e7\u00e3o de peso que produz material com o m\u00ednimo","breadcrumb":{"@id":"https:\/\/www.mustadlatam.com\/br\/product\/martelo-de-forjamento-esferico-gdm\/#breadcrumb"},"inLanguage":"pt-BR","potentialAction":[{"@type":"ReadAction","target":["https:\/\/www.mustadlatam.com\/br\/product\/martelo-de-forjamento-esferico-gdm\/"]}]},{"@type":"ImageObject","inLanguage":"pt-BR","@id":"https:\/\/www.mustadlatam.com\/br\/product\/martelo-de-forjamento-esferico-gdm\/#primaryimage","url":"https:\/\/www.mustadlatam.com\/br\/wp-content\/uploads\/8\/2025\/10\/Herramientas-GDM-Martillo-de-forja-pestaneador.jpg","contentUrl":"https:\/\/www.mustadlatam.com\/br\/wp-content\/uploads\/8\/2025\/10\/Herramientas-GDM-Martillo-de-forja-pestaneador.jpg","width":800,"height":800,"caption":"Herramientas GDM Martillo de forja pesta\u00f1eador"},{"@type":"BreadcrumbList","@id":"https:\/\/www.mustadlatam.com\/br\/product\/martelo-de-forjamento-esferico-gdm\/#breadcrumb","itemListElement":[{"@type":"ListItem","position":1,"name":"Inicio","item":"https:\/\/www.mustadlatam.com\/br\/"},{"@type":"ListItem","position":2,"name":"Loja Mustad Brasil | Compre Ferraduras, Cravos e Ferramentas","item":"https:\/\/www.mustadlatam.com\/br\/shop\/"},{"@type":"ListItem","position":3,"name":"Martelo Bola Mustad GDM &#8211; guarda cascos sim\u00e9tricos com menos esfor\u00e7o"}]},{"@type":"WebSite","@id":"https:\/\/www.mustadlatam.com\/br\/#website","url":"https:\/\/www.mustadlatam.com\/br\/","name":"Mustad Brasil - Informa\u00e7\u00e3o, educa\u00e7\u00e3o e venda de produtos e ferramentas profissionais para ferreiros no Brasil.","description":"Ferraduras, grosas, pregos e acess\u00f3rios para cavalos","publisher":{"@id":"https:\/\/www.mustadlatam.com\/br\/#organization"},"potentialAction":[{"@type":"SearchAction","target":{"@type":"EntryPoint","urlTemplate":"https:\/\/www.mustadlatam.com\/br\/?s={search_term_string}"},"query-input":{"@type":"PropertyValueSpecification","valueRequired":true,"valueName":"search_term_string"}}],"inLanguage":"pt-BR"},{"@type":"Organization","@id":"https:\/\/www.mustadlatam.com\/br\/#organization","name":"Mustad Brasil - Informa\u00e7\u00e3o, educa\u00e7\u00e3o e venda de produtos e ferramentas profissionais para ferreiros no Brasil.","url":"https:\/\/www.mustadlatam.com\/br\/","logo":{"@type":"ImageObject","inLanguage":"pt-BR","@id":"https:\/\/www.mustadlatam.com\/br\/#\/schema\/logo\/image\/","url":"https:\/\/www.mustadlatam.com\/br\/wp-content\/uploads\/8\/2025\/12\/cropped-cropped-LOGO-MUSTAD-Final.png","contentUrl":"https:\/\/www.mustadlatam.com\/br\/wp-content\/uploads\/8\/2025\/12\/cropped-cropped-LOGO-MUSTAD-Final.png","width":500,"height":500,"caption":"Mustad Brasil - Informa\u00e7\u00e3o, Educa\u00e7\u00e3o e Venda de Produtos e Ferramentas Profissionais para Ferradores no Brasil."},"image":{"@id":"https:\/\/www.mustadlatam.com\/br\/#\/schema\/logo\/image\/"}}]}},"_links":{"self":[{"href":"https:\/\/www.mustadlatam.com\/br\/pt\/wp-json\/wp\/v2\/product\/788","targetHints":{"allow":["GET"]}}],"collection":[{"href":"https:\/\/www.mustadlatam.com\/br\/pt\/wp-json\/wp\/v2\/product"}],"about":[{"href":"https:\/\/www.mustadlatam.com\/br\/pt\/wp-json\/wp\/v2\/types\/product"}],"replies":[{"embeddable":true,"href":"https:\/\/www.mustadlatam.com\/br\/pt\/wp-json\/wp\/v2\/comments?post=788"}],"wp:featuredmedia":[{"embeddable":true,"href":"https:\/\/www.mustadlatam.com\/br\/pt\/wp-json\/wp\/v2\/media\/789"}],"wp:attachment":[{"href":"https:\/\/www.mustadlatam.com\/br\/pt\/wp-json\/wp\/v2\/media?parent=788"}],"wp:term":[{"taxonomy":"product_brand","embeddable":true,"href":"https:\/\/www.mustadlatam.com\/br\/pt\/wp-json\/wp\/v2\/product_brand?post=788"},{"taxonomy":"product_cat","embeddable":true,"href":"https:\/\/www.mustadlatam.com\/br\/pt\/wp-json\/wp\/v2\/product_cat?post=788"},{"taxonomy":"product_tag","embeddable":true,"href":"https:\/\/www.mustadlatam.com\/br\/pt\/wp-json\/wp\/v2\/product_tag?post=788"}],"curies":[{"name":"wp","href":"https:\/\/api.w.org\/{rel}","templated":true}]}}