{"id":832,"date":"2025-10-22T13:31:37","date_gmt":"2025-10-22T18:31:37","guid":{"rendered":"https:\/\/mediplushub.com\/br\/?post_type=product&#038;p=832"},"modified":"2026-02-26T13:42:03","modified_gmt":"2026-02-26T18:42:03","slug":"saca-cravos-mustad","status":"publish","type":"product","link":"https:\/\/www.mustadlatam.com\/br\/pt\/produtos\/saca-cravos-mustad\/","title":{"rendered":"Saca Cravos Mustad \u2013 extra\u00e7\u00e3o segura com m\u00e1xima alavancagem"},"content":{"rendered":"","protected":false},"excerpt":{"rendered":"<p class=\"product_title entry-title\">Extrator de cravos para remo\u00e7\u00e3o r\u00e1pida e controlada. As mand\u00edbulas afiadas agarram as cabe\u00e7as desgastadas e o design de alta alavancagem minimiza o esfor\u00e7o e protege a parede.<\/p>\n<p><strong data-start=\"1229\" data-end=\"1246\">Especialidade:<\/strong> remo\u00e7\u00e3o t\u00e9cnica de pregos em processos de capina ou poda, mantendo a integridade do casco.<br data-start=\"1313\" data-end=\"1316\" \/><strong data-start=\"1316\" data-end=\"1338\">Usos recomendados:<\/strong> remo\u00e7\u00e3o de pregos com cabe\u00e7a completa ou desgastada, pregos velhos ou parcialmente afundados e opera\u00e7\u00f5es de manuten\u00e7\u00e3o no campo ou na oficina.<\/p>\n<p><strong>Principais recursos:<\/strong><\/p>\n<ol>\n<li><strong>Mand\u00edbulas afiadas<\/strong> e pontiagudos para segurar at\u00e9 mesmo cabe\u00e7as desgastadas.<\/li>\n<li>A parte traseira s\u00f3lida proporciona excelente <strong>alavancagem<\/strong> puxando o prego.<\/li>\n<li><strong>Furo c\u00f4nico<\/strong> nas garras: ajusta-se a v\u00e1rios tamanhos e evita o deslizamento.<\/li>\n<li><strong>Constru\u00e7\u00e3o<\/strong> robusto para uso cont\u00ednuo em est\u00e1bulos e opera\u00e7\u00f5es di\u00e1rias.<\/li>\n<\/ol>","protected":false},"featured_media":833,"comment_status":"open","ping_status":"closed","template":"","meta":[],"product_brand":[412],"product_cat":[25,535],"product_tag":[549,548,455,550,319,547],"class_list":{"0":"post-832","1":"product","2":"type-product","3":"status-publish","4":"has-post-thumbnail","6":"product_brand-mustad","7":"product_cat-herramientas","8":"product_cat-tenazas","9":"product_tag-apalancamiento","10":"product_tag-extractora-de-clavos","11":"product_tag-herraje","12":"product_tag-mordazas-afiladas","13":"product_tag-mustad","14":"product_tag-tenaza-saca-clavos","15":"pa_disciplina-adestramento","16":"pa_disciplina-cavalgada","17":"pa_disciplina-hipismo","18":"pa_disciplina-laco","19":"pa_disciplina-marcha","20":"pa_disciplina-trabalho","21":"pa_disciplina-tres-tambores","22":"pa_disciplina-turf","23":"pa_ferramentas-pincas-mustad","24":"pa_marca-mustad","25":"pa_tipo-de-produto-herramienta","27":"first","28":"outofstock","29":"shipping-taxable","30":"purchasable","31":"product-type-simple"},"yoast_head":"<!-- This site is optimized with the Yoast SEO plugin v27.4 - https:\/\/yoast.com\/product\/yoast-seo-wordpress\/ -->\n<title>Saca Cravos Mustad \u2013 extra\u00e7\u00e3o segura com m\u00e1xima alavancagem - Mustad Brasil - Informa\u00e7\u00e3o, Educa\u00e7\u00e3o e Venda de Produtos e Ferramentas Profissionais para Ferradores no Brasil.<\/title>\n<meta name=\"description\" content=\"Extrator de cravos Mustad com mand\u00edbulas afiadas que agarram cabe\u00e7as desgastadas e um orif\u00edcio c\u00f4nico para v\u00e1rios tamanhos de cravos. Alta alavancagem e\" \/>\n<meta name=\"robots\" content=\"index, follow, max-snippet:-1, max-image-preview:large, max-video-preview:-1\" \/>\n<link rel=\"canonical\" href=\"https:\/\/www.mustadlatam.com\/br\/pt\/produtos\/saca-cravos-mustad\/\" \/>\n<meta property=\"og:locale\" content=\"pt_BR\" \/>\n<meta property=\"og:type\" content=\"article\" \/>\n<meta property=\"og:title\" content=\"Saca Cravos Mustad \u2013 extra\u00e7\u00e3o segura com m\u00e1xima alavancagem - Mustad Brasil - Informa\u00e7\u00e3o, Educa\u00e7\u00e3o e Venda de Produtos e Ferramentas Profissionais para Ferradores no Brasil.\" \/>\n<meta property=\"og:description\" content=\"Extrator de cravos Mustad com mand\u00edbulas afiadas que agarram cabe\u00e7as desgastadas e um orif\u00edcio c\u00f4nico para v\u00e1rios tamanhos de pregos. Alta alavancagem e\" \/>\n<meta property=\"og:url\" content=\"https:\/\/www.mustadlatam.com\/br\/pt\/produtos\/saca-cravos-mustad\/\" \/>\n<meta property=\"og:site_name\" content=\"Mustad Brasil - Informa\u00e7\u00e3o, Educa\u00e7\u00e3o e Venda de Produtos e Ferramentas Profissionais para Ferradores no Brasil.\" \/>\n<meta property=\"article:modified_time\" content=\"2026-02-26T18:42:03+00:00\" \/>\n<meta property=\"og:image\" content=\"https:\/\/www.mustadlatam.com\/br\/wp-content\/uploads\/8\/2025\/10\/Herramienta-Tenaza-SACA-CLAVOS-Mustad.png\" \/>\n\t<meta property=\"og:image:width\" content=\"1080\" \/>\n\t<meta property=\"og:image:height\" content=\"1080\" \/>\n\t<meta property=\"og:image:type\" content=\"image\/png\" \/>\n<meta name=\"twitter:card\" content=\"summary_large_image\" \/>\n<meta name=\"twitter:label1\" content=\"Est. tempo de leitura\" \/>\n\t<meta name=\"twitter:data1\" content=\"1 minuto\" \/>\n<script type=\"application\/ld+json\" class=\"yoast-schema-graph\">{\"@context\":\"https:\\\/\\\/schema.org\",\"@graph\":[{\"@type\":\"WebPage\",\"@id\":\"https:\\\/\\\/www.mustadlatam.com\\\/br\\\/product\\\/saca-cravos-mustad\\\/\",\"url\":\"https:\\\/\\\/www.mustadlatam.com\\\/br\\\/product\\\/saca-cravos-mustad\\\/\",\"name\":\"Saca Cravos Mustad \u2013 extra\u00e7\u00e3o segura com m\u00e1xima alavancagem - Mustad Brasil - Informa\u00e7\u00e3o, Educa\u00e7\u00e3o e Venda de Produtos e Ferramentas Profissionais para Ferradores no Brasil.\",\"isPartOf\":{\"@id\":\"https:\\\/\\\/www.mustadlatam.com\\\/br\\\/#website\"},\"primaryImageOfPage\":{\"@id\":\"https:\\\/\\\/www.mustadlatam.com\\\/br\\\/product\\\/saca-cravos-mustad\\\/#primaryimage\"},\"image\":{\"@id\":\"https:\\\/\\\/www.mustadlatam.com\\\/br\\\/product\\\/saca-cravos-mustad\\\/#primaryimage\"},\"thumbnailUrl\":\"https:\\\/\\\/www.mustadlatam.com\\\/br\\\/wp-content\\\/uploads\\\/8\\\/2025\\\/10\\\/Herramienta-Tenaza-SACA-CLAVOS-Mustad.png\",\"datePublished\":\"2025-10-22T18:31:37+00:00\",\"dateModified\":\"2026-02-26T18:42:03+00:00\",\"description\":\"Extrator de cravos Mustad com mand\u00edbulas afiadas que agarram cabe\u00e7as desgastadas e um orif\u00edcio c\u00f4nico para v\u00e1rios tamanhos de pregos. Alta alavancagem e\",\"breadcrumb\":{\"@id\":\"https:\\\/\\\/www.mustadlatam.com\\\/br\\\/product\\\/saca-cravos-mustad\\\/#breadcrumb\"},\"inLanguage\":\"pt-BR\",\"potentialAction\":[{\"@type\":\"ReadAction\",\"target\":[\"https:\\\/\\\/www.mustadlatam.com\\\/br\\\/product\\\/saca-cravos-mustad\\\/\"]}]},{\"@type\":\"ImageObject\",\"inLanguage\":\"pt-BR\",\"@id\":\"https:\\\/\\\/www.mustadlatam.com\\\/br\\\/product\\\/saca-cravos-mustad\\\/#primaryimage\",\"url\":\"https:\\\/\\\/www.mustadlatam.com\\\/br\\\/wp-content\\\/uploads\\\/8\\\/2025\\\/10\\\/Herramienta-Tenaza-SACA-CLAVOS-Mustad.png\",\"contentUrl\":\"https:\\\/\\\/www.mustadlatam.com\\\/br\\\/wp-content\\\/uploads\\\/8\\\/2025\\\/10\\\/Herramienta-Tenaza-SACA-CLAVOS-Mustad.png\",\"width\":1080,\"height\":1080,\"caption\":\"Herramienta Tenaza SACA CLAVOS Mustad\"},{\"@type\":\"BreadcrumbList\",\"@id\":\"https:\\\/\\\/www.mustadlatam.com\\\/br\\\/product\\\/saca-cravos-mustad\\\/#breadcrumb\",\"itemListElement\":[{\"@type\":\"ListItem\",\"position\":1,\"name\":\"Inicio\",\"item\":\"https:\\\/\\\/www.mustadlatam.com\\\/br\\\/\"},{\"@type\":\"ListItem\",\"position\":2,\"name\":\"Loja Mustad Brasil | Compre Ferraduras, Cravos e Ferramentas\",\"item\":\"https:\\\/\\\/www.mustadlatam.com\\\/br\\\/shop\\\/\"},{\"@type\":\"ListItem\",\"position\":3,\"name\":\"Saca Cravos Mustad \u2013 extra\u00e7\u00e3o segura com m\u00e1xima alavancagem\"}]},{\"@type\":\"WebSite\",\"@id\":\"https:\\\/\\\/www.mustadlatam.com\\\/br\\\/#website\",\"url\":\"https:\\\/\\\/www.mustadlatam.com\\\/br\\\/\",\"name\":\"Mustad Brasil - Informa\u00e7\u00e3o, Educa\u00e7\u00e3o e Venda de Produtos e Ferramentas Profissionais para Ferradores no Brasil.\",\"description\":\"Ferraduras, grosas, pregos e acess\u00f3rios para cavalos\",\"publisher\":{\"@id\":\"https:\\\/\\\/www.mustadlatam.com\\\/br\\\/#organization\"},\"potentialAction\":[{\"@type\":\"SearchAction\",\"target\":{\"@type\":\"EntryPoint\",\"urlTemplate\":\"https:\\\/\\\/www.mustadlatam.com\\\/br\\\/?s={search_term_string}\"},\"query-input\":{\"@type\":\"PropertyValueSpecification\",\"valueRequired\":true,\"valueName\":\"search_term_string\"}}],\"inLanguage\":\"pt-BR\"},{\"@type\":\"Organization\",\"@id\":\"https:\\\/\\\/www.mustadlatam.com\\\/br\\\/#organization\",\"name\":\"Mustad Brasil - Informa\u00e7\u00e3o, Educa\u00e7\u00e3o e Venda de Produtos e Ferramentas Profissionais para Ferradores no Brasil.\",\"url\":\"https:\\\/\\\/www.mustadlatam.com\\\/br\\\/\",\"logo\":{\"@type\":\"ImageObject\",\"inLanguage\":\"pt-BR\",\"@id\":\"https:\\\/\\\/www.mustadlatam.com\\\/br\\\/#\\\/schema\\\/logo\\\/image\\\/\",\"url\":\"https:\\\/\\\/www.mustadlatam.com\\\/br\\\/wp-content\\\/uploads\\\/8\\\/2025\\\/12\\\/cropped-cropped-LOGO-MUSTAD-Final.png\",\"contentUrl\":\"https:\\\/\\\/www.mustadlatam.com\\\/br\\\/wp-content\\\/uploads\\\/8\\\/2025\\\/12\\\/cropped-cropped-LOGO-MUSTAD-Final.png\",\"width\":500,\"height\":500,\"caption\":\"Mustad Brasil - Informa\u00e7\u00e3o, Educa\u00e7\u00e3o e Venda de Produtos e Ferramentas Profissionais para Ferradores no Brasil.\"},\"image\":{\"@id\":\"https:\\\/\\\/www.mustadlatam.com\\\/br\\\/#\\\/schema\\\/logo\\\/image\\\/\"}}]}<\/script>\n<!-- \/ Yoast SEO plugin. -->","yoast_head_json":{"title":"Saca Cravos Mustad \u2013 extra\u00e7\u00e3o segura com m\u00e1xima alavancagem - Mustad Brasil - Informa\u00e7\u00e3o, Educa\u00e7\u00e3o e Venda de Produtos e Ferramentas Profissionais para Ferradores no Brasil.","description":"Extrator de cravos Mustad com mand\u00edbulas afiadas que agarram cabe\u00e7as desgastadas e um orif\u00edcio c\u00f4nico para v\u00e1rios tamanhos de cravos. Alta alavancagem e","robots":{"index":"index","follow":"follow","max-snippet":"max-snippet:-1","max-image-preview":"max-image-preview:large","max-video-preview":"max-video-preview:-1"},"canonical":"https:\/\/www.mustadlatam.com\/br\/pt\/produtos\/saca-cravos-mustad\/","og_locale":"pt_BR","og_type":"article","og_title":"Saca Cravos Mustad \u2013 extra\u00e7\u00e3o segura com m\u00e1xima alavancagem - Mustad Brasil - Informa\u00e7\u00e3o, Educa\u00e7\u00e3o e Venda de Produtos e Ferramentas Profissionais para Ferradores no Brasil.","og_description":"Extrator de cravos Mustad com mand\u00edbulas afiadas que agarram cabe\u00e7as desgastadas e um orif\u00edcio c\u00f4nico para v\u00e1rios tamanhos de pregos. Alta alavancagem e","og_url":"https:\/\/www.mustadlatam.com\/br\/pt\/produtos\/saca-cravos-mustad\/","og_site_name":"Mustad Brasil - Informa\u00e7\u00e3o, Educa\u00e7\u00e3o e Venda de Produtos e Ferramentas Profissionais para Ferradores no Brasil.","article_modified_time":"2026-02-26T18:42:03+00:00","og_image":[{"width":1080,"height":1080,"url":"https:\/\/www.mustadlatam.com\/br\/wp-content\/uploads\/8\/2025\/10\/Herramienta-Tenaza-SACA-CLAVOS-Mustad.png","type":"image\/png"}],"twitter_card":"summary_large_image","twitter_misc":{"Est. tempo de leitura":"1 minuto"},"schema":{"@context":"https:\/\/schema.org","@graph":[{"@type":"WebPage","@id":"https:\/\/www.mustadlatam.com\/br\/product\/saca-cravos-mustad\/","url":"https:\/\/www.mustadlatam.com\/br\/product\/saca-cravos-mustad\/","name":"Saca Cravos Mustad \u2013 extra\u00e7\u00e3o segura com m\u00e1xima alavancagem - Mustad Brasil - Informa\u00e7\u00e3o, Educa\u00e7\u00e3o e Venda de Produtos e Ferramentas Profissionais para Ferradores no Brasil.","isPartOf":{"@id":"https:\/\/www.mustadlatam.com\/br\/#website"},"primaryImageOfPage":{"@id":"https:\/\/www.mustadlatam.com\/br\/product\/saca-cravos-mustad\/#primaryimage"},"image":{"@id":"https:\/\/www.mustadlatam.com\/br\/product\/saca-cravos-mustad\/#primaryimage"},"thumbnailUrl":"https:\/\/www.mustadlatam.com\/br\/wp-content\/uploads\/8\/2025\/10\/Herramienta-Tenaza-SACA-CLAVOS-Mustad.png","datePublished":"2025-10-22T18:31:37+00:00","dateModified":"2026-02-26T18:42:03+00:00","description":"Extrator de cravos Mustad com mand\u00edbulas afiadas que agarram cabe\u00e7as desgastadas e um orif\u00edcio c\u00f4nico para v\u00e1rios tamanhos de pregos. Alta alavancagem e","breadcrumb":{"@id":"https:\/\/www.mustadlatam.com\/br\/product\/saca-cravos-mustad\/#breadcrumb"},"inLanguage":"pt-BR","potentialAction":[{"@type":"ReadAction","target":["https:\/\/www.mustadlatam.com\/br\/product\/saca-cravos-mustad\/"]}]},{"@type":"ImageObject","inLanguage":"pt-BR","@id":"https:\/\/www.mustadlatam.com\/br\/product\/saca-cravos-mustad\/#primaryimage","url":"https:\/\/www.mustadlatam.com\/br\/wp-content\/uploads\/8\/2025\/10\/Herramienta-Tenaza-SACA-CLAVOS-Mustad.png","contentUrl":"https:\/\/www.mustadlatam.com\/br\/wp-content\/uploads\/8\/2025\/10\/Herramienta-Tenaza-SACA-CLAVOS-Mustad.png","width":1080,"height":1080,"caption":"Herramienta Tenaza SACA CLAVOS Mustad"},{"@type":"BreadcrumbList","@id":"https:\/\/www.mustadlatam.com\/br\/product\/saca-cravos-mustad\/#breadcrumb","itemListElement":[{"@type":"ListItem","position":1,"name":"Inicio","item":"https:\/\/www.mustadlatam.com\/br\/"},{"@type":"ListItem","position":2,"name":"Loja Mustad Brasil | Compre Ferraduras, Cravos e Ferramentas","item":"https:\/\/www.mustadlatam.com\/br\/shop\/"},{"@type":"ListItem","position":3,"name":"Saca Cravos Mustad \u2013 extra\u00e7\u00e3o segura com m\u00e1xima alavancagem"}]},{"@type":"WebSite","@id":"https:\/\/www.mustadlatam.com\/br\/#website","url":"https:\/\/www.mustadlatam.com\/br\/","name":"Mustad Brasil - Informa\u00e7\u00e3o, educa\u00e7\u00e3o e venda de produtos e ferramentas profissionais para ferreiros no Brasil.","description":"Ferraduras, grosas, pregos e acess\u00f3rios para cavalos","publisher":{"@id":"https:\/\/www.mustadlatam.com\/br\/#organization"},"potentialAction":[{"@type":"SearchAction","target":{"@type":"EntryPoint","urlTemplate":"https:\/\/www.mustadlatam.com\/br\/?s={search_term_string}"},"query-input":{"@type":"PropertyValueSpecification","valueRequired":true,"valueName":"search_term_string"}}],"inLanguage":"pt-BR"},{"@type":"Organization","@id":"https:\/\/www.mustadlatam.com\/br\/#organization","name":"Mustad Brasil - Informa\u00e7\u00e3o, educa\u00e7\u00e3o e venda de produtos e ferramentas profissionais para ferreiros no Brasil.","url":"https:\/\/www.mustadlatam.com\/br\/","logo":{"@type":"ImageObject","inLanguage":"pt-BR","@id":"https:\/\/www.mustadlatam.com\/br\/#\/schema\/logo\/image\/","url":"https:\/\/www.mustadlatam.com\/br\/wp-content\/uploads\/8\/2025\/12\/cropped-cropped-LOGO-MUSTAD-Final.png","contentUrl":"https:\/\/www.mustadlatam.com\/br\/wp-content\/uploads\/8\/2025\/12\/cropped-cropped-LOGO-MUSTAD-Final.png","width":500,"height":500,"caption":"Mustad Brasil - Informa\u00e7\u00e3o, Educa\u00e7\u00e3o e Venda de Produtos e Ferramentas Profissionais para Ferradores no Brasil."},"image":{"@id":"https:\/\/www.mustadlatam.com\/br\/#\/schema\/logo\/image\/"}}]}},"_links":{"self":[{"href":"https:\/\/www.mustadlatam.com\/br\/pt\/wp-json\/wp\/v2\/product\/832","targetHints":{"allow":["GET"]}}],"collection":[{"href":"https:\/\/www.mustadlatam.com\/br\/pt\/wp-json\/wp\/v2\/product"}],"about":[{"href":"https:\/\/www.mustadlatam.com\/br\/pt\/wp-json\/wp\/v2\/types\/product"}],"replies":[{"embeddable":true,"href":"https:\/\/www.mustadlatam.com\/br\/pt\/wp-json\/wp\/v2\/comments?post=832"}],"wp:featuredmedia":[{"embeddable":true,"href":"https:\/\/www.mustadlatam.com\/br\/pt\/wp-json\/wp\/v2\/media\/833"}],"wp:attachment":[{"href":"https:\/\/www.mustadlatam.com\/br\/pt\/wp-json\/wp\/v2\/media?parent=832"}],"wp:term":[{"taxonomy":"product_brand","embeddable":true,"href":"https:\/\/www.mustadlatam.com\/br\/pt\/wp-json\/wp\/v2\/product_brand?post=832"},{"taxonomy":"product_cat","embeddable":true,"href":"https:\/\/www.mustadlatam.com\/br\/pt\/wp-json\/wp\/v2\/product_cat?post=832"},{"taxonomy":"product_tag","embeddable":true,"href":"https:\/\/www.mustadlatam.com\/br\/pt\/wp-json\/wp\/v2\/product_tag?post=832"}],"curies":[{"name":"wp","href":"https:\/\/api.w.org\/{rel}","templated":true}]}}