{"id":834,"date":"2025-10-22T14:14:30","date_gmt":"2025-10-22T19:14:30","guid":{"rendered":"https:\/\/mediplushub.com\/br\/?post_type=product&#038;p=834"},"modified":"2026-03-09T18:10:33","modified_gmt":"2026-03-09T23:10:33","slug":"saca-ferraduras-fosco-mustad","status":"publish","type":"product","link":"https:\/\/www.mustadlatam.com\/br\/pt\/produtos\/saca-ferraduras-fosco-mustad\/","title":{"rendered":"Saca-Ferraduras Fosco Mustad \u2013 remova com controle"},"content":{"rendered":"","protected":false},"excerpt":{"rendered":"<p class=\"product_title entry-title\">Removedor de ferraduras universal Fosco para remover ferraduras, apertar cravos e separar pe\u00e7as com efici\u00eancia. Mand\u00edbulas largas, l\u00e2mina de corte e superf\u00edcie serrilhada para manobras r\u00e1pidas na oficina ou no campo.<\/p>\n<p><strong data-start=\"1229\" data-end=\"1246\">Especialidade:<\/strong> opera\u00e7\u00f5es r\u00e1pidas de remo\u00e7\u00e3o de ervas daninhas e corre\u00e7\u00e3o em que \u00e9 necess\u00e1ria uma combina\u00e7\u00e3o de extra\u00e7\u00e3o, press\u00e3o de pregos e separa\u00e7\u00e3o de sapatas sem a necessidade de troca de ferramentas.<br data-start=\"1313\" data-end=\"1316\" \/><strong data-start=\"1316\" data-end=\"1338\">Usos recomendados:<\/strong> Remo\u00e7\u00e3o de ferraduras completas, afrouxamento ou aperto de pregos, separa\u00e7\u00e3o de galhos e resolu\u00e7\u00e3o de ajustes apertados com boa alavancagem.<\/p>\n<p><strong>Principais recursos:<\/strong><\/p>\n<ol>\n<li><strong>Mand\u00edbulas largas<\/strong> para trabalhar com ferraduras de diferentes tamanhos.<\/li>\n<li><strong>Bordas de corte<\/strong> Preciso para pregar pregos e tarefas leves de corte.<\/li>\n<li><strong>Serrilha externa<\/strong> o que facilita a separa\u00e7\u00e3o da ferradura durante a alavancagem.<\/li>\n<li><strong>Design<\/strong> que tamb\u00e9m pode ser usado como uma pin\u00e7a de corte para tarefas espec\u00edficas.<\/li>\n<\/ol>","protected":false},"featured_media":835,"comment_status":"open","ping_status":"closed","template":"","meta":[],"product_brand":[412],"product_cat":[25,535],"product_tag":[553,556,552,555,319,903,554,551],"class_list":{"0":"post-834","1":"product","2":"type-product","3":"status-publish","4":"has-post-thumbnail","6":"product_brand-mustad","7":"product_cat-herramientas","8":"product_cat-tenazas","9":"product_tag-apretar-clavos","10":"product_tag-corte","11":"product_tag-desherrar","12":"product_tag-mordaza-dentada","13":"product_tag-mustad","14":"product_tag-semana-do-cliente-2026","15":"product_tag-separar-herraduras","16":"product_tag-tenaza-removedora","17":"pa_disciplina-adestramento","18":"pa_disciplina-cavalgada","19":"pa_disciplina-hipismo","20":"pa_disciplina-laco","21":"pa_disciplina-marcha","22":"pa_disciplina-trabalho","23":"pa_disciplina-tres-tambores","24":"pa_disciplina-turf","25":"pa_ferramentas-pincas-mustad","26":"pa_marca-mustad","27":"pa_tipo-de-produto-herramienta","29":"first","30":"instock","31":"shipping-taxable","32":"purchasable","33":"product-type-simple"},"yoast_head":"<!-- This site is optimized with the Yoast SEO plugin v27.4 - https:\/\/yoast.com\/product\/yoast-seo-wordpress\/ -->\n<title>Saca-Ferraduras Fosco, remove, aperta e separa - Mustad Brasil - Informa\u00e7\u00e3o, Educa\u00e7\u00e3o e Venda de Produtos e Ferramentas Profissionais para Ferradores no Brasil.<\/title>\n<meta name=\"description\" content=\"Removedor de ferraduras Mustad Fosco para remover ferraduras, apertar cravos e separ\u00e1-los com uma alavanca segura. Mand\u00edbulas largas com exterior serrilhado\" \/>\n<meta name=\"robots\" content=\"index, follow, max-snippet:-1, max-image-preview:large, max-video-preview:-1\" \/>\n<link rel=\"canonical\" href=\"https:\/\/www.mustadlatam.com\/br\/pt\/produtos\/saca-ferraduras-fosco-mustad\/\" \/>\n<meta property=\"og:locale\" content=\"pt_BR\" \/>\n<meta property=\"og:type\" content=\"article\" \/>\n<meta property=\"og:title\" content=\"Saca-Ferraduras Fosco, remove, aperta e separa - Mustad Brasil - Informa\u00e7\u00e3o, Educa\u00e7\u00e3o e Venda de Produtos e Ferramentas Profissionais para Ferradores no Brasil.\" \/>\n<meta property=\"og:description\" content=\"Removedor de ferraduras Mustad Fosco para remover ferraduras, apertar pregos e separ\u00e1-los com uma alavanca segura. Mand\u00edbulas largas com exterior serrilhado\" \/>\n<meta property=\"og:url\" content=\"https:\/\/www.mustadlatam.com\/br\/pt\/produtos\/saca-ferraduras-fosco-mustad\/\" \/>\n<meta property=\"og:site_name\" content=\"Mustad Brasil - Informa\u00e7\u00e3o, Educa\u00e7\u00e3o e Venda de Produtos e Ferramentas Profissionais para Ferradores no Brasil.\" \/>\n<meta property=\"article:modified_time\" content=\"2026-03-09T23:10:33+00:00\" \/>\n<meta property=\"og:image\" content=\"https:\/\/www.mustadlatam.com\/br\/wp-content\/uploads\/8\/2025\/10\/TENAZA-REMOVEDORA-DE-HERRADURAS-MUSTAD.jpg\" \/>\n\t<meta property=\"og:image:width\" content=\"800\" \/>\n\t<meta property=\"og:image:height\" content=\"800\" \/>\n\t<meta property=\"og:image:type\" content=\"image\/jpeg\" \/>\n<meta name=\"twitter:card\" content=\"summary_large_image\" \/>\n<meta name=\"twitter:label1\" content=\"Est. tempo de leitura\" \/>\n\t<meta name=\"twitter:data1\" content=\"1 minuto\" \/>\n<script type=\"application\/ld+json\" class=\"yoast-schema-graph\">{\"@context\":\"https:\\\/\\\/schema.org\",\"@graph\":[{\"@type\":\"WebPage\",\"@id\":\"https:\\\/\\\/www.mustadlatam.com\\\/br\\\/product\\\/saca-ferraduras-fosco-mustad\\\/\",\"url\":\"https:\\\/\\\/www.mustadlatam.com\\\/br\\\/product\\\/saca-ferraduras-fosco-mustad\\\/\",\"name\":\"Saca-Ferraduras Fosco, remove, aperta e separa - Mustad Brasil - Informa\u00e7\u00e3o, Educa\u00e7\u00e3o e Venda de Produtos e Ferramentas Profissionais para Ferradores no Brasil.\",\"isPartOf\":{\"@id\":\"https:\\\/\\\/www.mustadlatam.com\\\/br\\\/#website\"},\"primaryImageOfPage\":{\"@id\":\"https:\\\/\\\/www.mustadlatam.com\\\/br\\\/product\\\/saca-ferraduras-fosco-mustad\\\/#primaryimage\"},\"image\":{\"@id\":\"https:\\\/\\\/www.mustadlatam.com\\\/br\\\/product\\\/saca-ferraduras-fosco-mustad\\\/#primaryimage\"},\"thumbnailUrl\":\"https:\\\/\\\/www.mustadlatam.com\\\/br\\\/wp-content\\\/uploads\\\/8\\\/2025\\\/10\\\/TENAZA-REMOVEDORA-DE-HERRADURAS-MUSTAD.jpg\",\"datePublished\":\"2025-10-22T19:14:30+00:00\",\"dateModified\":\"2026-03-09T23:10:33+00:00\",\"description\":\"Removedor de ferraduras Mustad Fosco para remover ferraduras, apertar pregos e separ\u00e1-los com uma alavanca segura. Mand\u00edbulas largas com exterior serrilhado\",\"breadcrumb\":{\"@id\":\"https:\\\/\\\/www.mustadlatam.com\\\/br\\\/product\\\/saca-ferraduras-fosco-mustad\\\/#breadcrumb\"},\"inLanguage\":\"pt-BR\",\"potentialAction\":[{\"@type\":\"ReadAction\",\"target\":[\"https:\\\/\\\/www.mustadlatam.com\\\/br\\\/product\\\/saca-ferraduras-fosco-mustad\\\/\"]}]},{\"@type\":\"ImageObject\",\"inLanguage\":\"pt-BR\",\"@id\":\"https:\\\/\\\/www.mustadlatam.com\\\/br\\\/product\\\/saca-ferraduras-fosco-mustad\\\/#primaryimage\",\"url\":\"https:\\\/\\\/www.mustadlatam.com\\\/br\\\/wp-content\\\/uploads\\\/8\\\/2025\\\/10\\\/TENAZA-REMOVEDORA-DE-HERRADURAS-MUSTAD.jpg\",\"contentUrl\":\"https:\\\/\\\/www.mustadlatam.com\\\/br\\\/wp-content\\\/uploads\\\/8\\\/2025\\\/10\\\/TENAZA-REMOVEDORA-DE-HERRADURAS-MUSTAD.jpg\",\"width\":800,\"height\":800,\"caption\":\"Herramienta TENAZA REMOVEDORA DE HERRADURAS MUSTAD\"},{\"@type\":\"BreadcrumbList\",\"@id\":\"https:\\\/\\\/www.mustadlatam.com\\\/br\\\/product\\\/saca-ferraduras-fosco-mustad\\\/#breadcrumb\",\"itemListElement\":[{\"@type\":\"ListItem\",\"position\":1,\"name\":\"Inicio\",\"item\":\"https:\\\/\\\/www.mustadlatam.com\\\/br\\\/\"},{\"@type\":\"ListItem\",\"position\":2,\"name\":\"Loja Mustad Brasil | Compre Ferraduras, Cravos e Ferramentas\",\"item\":\"https:\\\/\\\/www.mustadlatam.com\\\/br\\\/shop\\\/\"},{\"@type\":\"ListItem\",\"position\":3,\"name\":\"Saca-Ferraduras Fosco Mustad \u2013 remova com controle\"}]},{\"@type\":\"WebSite\",\"@id\":\"https:\\\/\\\/www.mustadlatam.com\\\/br\\\/#website\",\"url\":\"https:\\\/\\\/www.mustadlatam.com\\\/br\\\/\",\"name\":\"Mustad Brasil - Informa\u00e7\u00e3o, Educa\u00e7\u00e3o e Venda de Produtos e Ferramentas Profissionais para Ferradores no Brasil.\",\"description\":\"Ferraduras, grosas, pregos e acess\u00f3rios para cavalos\",\"publisher\":{\"@id\":\"https:\\\/\\\/www.mustadlatam.com\\\/br\\\/#organization\"},\"potentialAction\":[{\"@type\":\"SearchAction\",\"target\":{\"@type\":\"EntryPoint\",\"urlTemplate\":\"https:\\\/\\\/www.mustadlatam.com\\\/br\\\/?s={search_term_string}\"},\"query-input\":{\"@type\":\"PropertyValueSpecification\",\"valueRequired\":true,\"valueName\":\"search_term_string\"}}],\"inLanguage\":\"pt-BR\"},{\"@type\":\"Organization\",\"@id\":\"https:\\\/\\\/www.mustadlatam.com\\\/br\\\/#organization\",\"name\":\"Mustad Brasil - Informa\u00e7\u00e3o, Educa\u00e7\u00e3o e Venda de Produtos e Ferramentas Profissionais para Ferradores no Brasil.\",\"url\":\"https:\\\/\\\/www.mustadlatam.com\\\/br\\\/\",\"logo\":{\"@type\":\"ImageObject\",\"inLanguage\":\"pt-BR\",\"@id\":\"https:\\\/\\\/www.mustadlatam.com\\\/br\\\/#\\\/schema\\\/logo\\\/image\\\/\",\"url\":\"https:\\\/\\\/www.mustadlatam.com\\\/br\\\/wp-content\\\/uploads\\\/8\\\/2025\\\/12\\\/cropped-cropped-LOGO-MUSTAD-Final.png\",\"contentUrl\":\"https:\\\/\\\/www.mustadlatam.com\\\/br\\\/wp-content\\\/uploads\\\/8\\\/2025\\\/12\\\/cropped-cropped-LOGO-MUSTAD-Final.png\",\"width\":500,\"height\":500,\"caption\":\"Mustad Brasil - Informa\u00e7\u00e3o, Educa\u00e7\u00e3o e Venda de Produtos e Ferramentas Profissionais para Ferradores no Brasil.\"},\"image\":{\"@id\":\"https:\\\/\\\/www.mustadlatam.com\\\/br\\\/#\\\/schema\\\/logo\\\/image\\\/\"}}]}<\/script>\n<!-- \/ Yoast SEO plugin. -->","yoast_head_json":{"title":"Saca-Ferraduras Fosco, remove, aperta e separa - Mustad Brasil - Informa\u00e7\u00e3o, Educa\u00e7\u00e3o e Venda de Produtos e Ferramentas Profissionais para Ferradores no Brasil.","description":"Removedor de ferraduras Mustad Fosco para remover ferraduras, apertar cravos e separ\u00e1-los com uma alavanca segura. Mand\u00edbulas largas com exterior serrilhado","robots":{"index":"index","follow":"follow","max-snippet":"max-snippet:-1","max-image-preview":"max-image-preview:large","max-video-preview":"max-video-preview:-1"},"canonical":"https:\/\/www.mustadlatam.com\/br\/pt\/produtos\/saca-ferraduras-fosco-mustad\/","og_locale":"pt_BR","og_type":"article","og_title":"Saca-Ferraduras Fosco, remove, aperta e separa - Mustad Brasil - Informa\u00e7\u00e3o, Educa\u00e7\u00e3o e Venda de Produtos e Ferramentas Profissionais para Ferradores no Brasil.","og_description":"Removedor de ferraduras Mustad Fosco para remover ferraduras, apertar pregos e separ\u00e1-los com uma alavanca segura. Mand\u00edbulas largas com exterior serrilhado","og_url":"https:\/\/www.mustadlatam.com\/br\/pt\/produtos\/saca-ferraduras-fosco-mustad\/","og_site_name":"Mustad Brasil - Informa\u00e7\u00e3o, Educa\u00e7\u00e3o e Venda de Produtos e Ferramentas Profissionais para Ferradores no Brasil.","article_modified_time":"2026-03-09T23:10:33+00:00","og_image":[{"width":800,"height":800,"url":"https:\/\/www.mustadlatam.com\/br\/wp-content\/uploads\/8\/2025\/10\/TENAZA-REMOVEDORA-DE-HERRADURAS-MUSTAD.jpg","type":"image\/jpeg"}],"twitter_card":"summary_large_image","twitter_misc":{"Est. tempo de leitura":"1 minuto"},"schema":{"@context":"https:\/\/schema.org","@graph":[{"@type":"WebPage","@id":"https:\/\/www.mustadlatam.com\/br\/product\/saca-ferraduras-fosco-mustad\/","url":"https:\/\/www.mustadlatam.com\/br\/product\/saca-ferraduras-fosco-mustad\/","name":"Saca-Ferraduras Fosco, remove, aperta e separa - Mustad Brasil - Informa\u00e7\u00e3o, Educa\u00e7\u00e3o e Venda de Produtos e Ferramentas Profissionais para Ferradores no Brasil.","isPartOf":{"@id":"https:\/\/www.mustadlatam.com\/br\/#website"},"primaryImageOfPage":{"@id":"https:\/\/www.mustadlatam.com\/br\/product\/saca-ferraduras-fosco-mustad\/#primaryimage"},"image":{"@id":"https:\/\/www.mustadlatam.com\/br\/product\/saca-ferraduras-fosco-mustad\/#primaryimage"},"thumbnailUrl":"https:\/\/www.mustadlatam.com\/br\/wp-content\/uploads\/8\/2025\/10\/TENAZA-REMOVEDORA-DE-HERRADURAS-MUSTAD.jpg","datePublished":"2025-10-22T19:14:30+00:00","dateModified":"2026-03-09T23:10:33+00:00","description":"Removedor de ferraduras Mustad Fosco para remover ferraduras, apertar pregos e separ\u00e1-los com uma alavanca segura. Mand\u00edbulas largas com exterior serrilhado","breadcrumb":{"@id":"https:\/\/www.mustadlatam.com\/br\/product\/saca-ferraduras-fosco-mustad\/#breadcrumb"},"inLanguage":"pt-BR","potentialAction":[{"@type":"ReadAction","target":["https:\/\/www.mustadlatam.com\/br\/product\/saca-ferraduras-fosco-mustad\/"]}]},{"@type":"ImageObject","inLanguage":"pt-BR","@id":"https:\/\/www.mustadlatam.com\/br\/product\/saca-ferraduras-fosco-mustad\/#primaryimage","url":"https:\/\/www.mustadlatam.com\/br\/wp-content\/uploads\/8\/2025\/10\/TENAZA-REMOVEDORA-DE-HERRADURAS-MUSTAD.jpg","contentUrl":"https:\/\/www.mustadlatam.com\/br\/wp-content\/uploads\/8\/2025\/10\/TENAZA-REMOVEDORA-DE-HERRADURAS-MUSTAD.jpg","width":800,"height":800,"caption":"Herramienta TENAZA REMOVEDORA DE HERRADURAS MUSTAD"},{"@type":"BreadcrumbList","@id":"https:\/\/www.mustadlatam.com\/br\/product\/saca-ferraduras-fosco-mustad\/#breadcrumb","itemListElement":[{"@type":"ListItem","position":1,"name":"Inicio","item":"https:\/\/www.mustadlatam.com\/br\/"},{"@type":"ListItem","position":2,"name":"Loja Mustad Brasil | Compre Ferraduras, Cravos e Ferramentas","item":"https:\/\/www.mustadlatam.com\/br\/shop\/"},{"@type":"ListItem","position":3,"name":"Saca-Ferraduras Fosco Mustad \u2013 remova com controle"}]},{"@type":"WebSite","@id":"https:\/\/www.mustadlatam.com\/br\/#website","url":"https:\/\/www.mustadlatam.com\/br\/","name":"Mustad Brasil - Informa\u00e7\u00e3o, educa\u00e7\u00e3o e venda de produtos e ferramentas profissionais para ferreiros no Brasil.","description":"Ferraduras, grosas, pregos e acess\u00f3rios para cavalos","publisher":{"@id":"https:\/\/www.mustadlatam.com\/br\/#organization"},"potentialAction":[{"@type":"SearchAction","target":{"@type":"EntryPoint","urlTemplate":"https:\/\/www.mustadlatam.com\/br\/?s={search_term_string}"},"query-input":{"@type":"PropertyValueSpecification","valueRequired":true,"valueName":"search_term_string"}}],"inLanguage":"pt-BR"},{"@type":"Organization","@id":"https:\/\/www.mustadlatam.com\/br\/#organization","name":"Mustad Brasil - Informa\u00e7\u00e3o, educa\u00e7\u00e3o e venda de produtos e ferramentas profissionais para ferreiros no Brasil.","url":"https:\/\/www.mustadlatam.com\/br\/","logo":{"@type":"ImageObject","inLanguage":"pt-BR","@id":"https:\/\/www.mustadlatam.com\/br\/#\/schema\/logo\/image\/","url":"https:\/\/www.mustadlatam.com\/br\/wp-content\/uploads\/8\/2025\/12\/cropped-cropped-LOGO-MUSTAD-Final.png","contentUrl":"https:\/\/www.mustadlatam.com\/br\/wp-content\/uploads\/8\/2025\/12\/cropped-cropped-LOGO-MUSTAD-Final.png","width":500,"height":500,"caption":"Mustad Brasil - Informa\u00e7\u00e3o, Educa\u00e7\u00e3o e Venda de Produtos e Ferramentas Profissionais para Ferradores no Brasil."},"image":{"@id":"https:\/\/www.mustadlatam.com\/br\/#\/schema\/logo\/image\/"}}]}},"_links":{"self":[{"href":"https:\/\/www.mustadlatam.com\/br\/pt\/wp-json\/wp\/v2\/product\/834","targetHints":{"allow":["GET"]}}],"collection":[{"href":"https:\/\/www.mustadlatam.com\/br\/pt\/wp-json\/wp\/v2\/product"}],"about":[{"href":"https:\/\/www.mustadlatam.com\/br\/pt\/wp-json\/wp\/v2\/types\/product"}],"replies":[{"embeddable":true,"href":"https:\/\/www.mustadlatam.com\/br\/pt\/wp-json\/wp\/v2\/comments?post=834"}],"wp:featuredmedia":[{"embeddable":true,"href":"https:\/\/www.mustadlatam.com\/br\/pt\/wp-json\/wp\/v2\/media\/835"}],"wp:attachment":[{"href":"https:\/\/www.mustadlatam.com\/br\/pt\/wp-json\/wp\/v2\/media?parent=834"}],"wp:term":[{"taxonomy":"product_brand","embeddable":true,"href":"https:\/\/www.mustadlatam.com\/br\/pt\/wp-json\/wp\/v2\/product_brand?post=834"},{"taxonomy":"product_cat","embeddable":true,"href":"https:\/\/www.mustadlatam.com\/br\/pt\/wp-json\/wp\/v2\/product_cat?post=834"},{"taxonomy":"product_tag","embeddable":true,"href":"https:\/\/www.mustadlatam.com\/br\/pt\/wp-json\/wp\/v2\/product_tag?post=834"}],"curies":[{"name":"wp","href":"https:\/\/api.w.org\/{rel}","templated":true}]}}