{"id":858,"date":"2025-10-23T13:47:14","date_gmt":"2025-10-23T18:47:14","guid":{"rendered":"https:\/\/mediplushub.com\/br\/?post_type=product&#038;p=858"},"modified":"2026-03-20T14:16:52","modified_gmt":"2026-03-20T19:16:52","slug":"kit-de-ferramentas-para-ferradores-profissionais-mustad","status":"publish","type":"product","link":"https:\/\/www.mustadlatam.com\/br\/pt\/produtos\/kit-de-ferramentas-para-ferradores-profissionais-mustad\/","title":{"rendered":"Maleta de Ferramentas Profissional Mustad"},"content":{"rendered":"","protected":false},"excerpt":{"rendered":"<p>Maleta de ferramentas Mustad Profissional. A maleta <strong>N\u00c3O<\/strong> inclui as ferramentas.<\/p>\n<p><strong data-start=\"1229\" data-end=\"1246\">Especialidade:<\/strong> abrangem todo o fluxo da ferradura do in\u00edcio ao fim - prepara\u00e7\u00e3o do casco, ajuste e forjamento da ferradura, pregagem, rebitagem e acabamento - com um conjunto de ferramentas equilibrado e pronto para uso.<br data-start=\"1313\" data-end=\"1316\" \/><strong data-start=\"1316\" data-end=\"1338\">Usos recomendados:<\/strong> Ferradores profissionais que buscam padronizar seu kit, aprendizes que precisam de um conjunto completo desde o primeiro dia, equipes m\u00f3veis que priorizam a portabilidade e a prote\u00e7\u00e3o do equipamento.<\/p>\n<p><strong>Principais recursos:<\/strong><\/p>\n<ol>\n<li>Sele\u00e7\u00e3o com curadoria de <strong>Ferramentas Mustad<\/strong> para cortar, remover, pregar e forjar; inclui estojo resistente.<\/li>\n<li>Componentes com <strong>medidas e formatos usados com frequ\u00eancia<\/strong> (por exemplo, cortador de casco de 14\u2033, pin\u00e7as de forjamento de 8 mm e martelo de 9 oz).<\/li>\n<li>Orientado para uso intensivo com \u00eanfase em <strong>durabilidade, seguran\u00e7a e cad\u00eancia<\/strong> trabalho.<\/li>\n<\/ol>","protected":false},"featured_media":5805,"comment_status":"open","ping_status":"closed","template":"","meta":[],"product_brand":[412],"product_cat":[26],"product_tag":[591,593,592,594,319,903],"class_list":{"0":"post-858","1":"product","2":"type-product","3":"status-publish","4":"has-post-thumbnail","6":"product_brand-mustad","7":"product_cat-acessorios","8":"product_tag-afilador-gubias","9":"product_tag-afilar-cuchillas","10":"product_tag-barra-diamantada","11":"product_tag-mantenimiento-gubias","12":"product_tag-mustad","13":"product_tag-semana-do-cliente-2026","14":"pa_acessorios-porta-ferramentas","15":"pa_disciplina-adestramento","16":"pa_disciplina-cavalgada","17":"pa_disciplina-hipismo","18":"pa_disciplina-laco","19":"pa_disciplina-marcha","20":"pa_disciplina-trabalho","21":"pa_disciplina-tres-tambores","22":"pa_disciplina-turf","23":"pa_ferramentas-ferramentas-mustad","24":"pa_ferramentas-kit-de-ferramentass","25":"pa_marca-mustad","26":"pa_tipo-de-produto-herramienta","28":"first","29":"instock","30":"shipping-taxable","31":"purchasable","32":"product-type-simple"},"yoast_head":"<!-- This site is optimized with the Yoast SEO plugin v27.4 - https:\/\/yoast.com\/product\/yoast-seo-wordpress\/ -->\n<title>Maleta de Ferramentas Profissional Mustad - Mustad Brasil - Informa\u00e7\u00e3o, Educa\u00e7\u00e3o e Venda de Produtos e Ferramentas Profissionais para Ferradores no Brasil.<\/title>\n<meta name=\"description\" content=\"Maleta de Ferramentas Profissional con 12 piezas para herraje profesional: corte, extracci\u00f3n, forja y acabado. Incluye malet\u00edn. Precio y stock en Mustad\" \/>\n<meta name=\"robots\" content=\"index, follow, max-snippet:-1, max-image-preview:large, max-video-preview:-1\" \/>\n<link rel=\"canonical\" href=\"https:\/\/www.mustadlatam.com\/br\/pt\/produtos\/kit-de-ferramentas-para-ferradores-profissionais-mustad\/\" \/>\n<meta property=\"og:locale\" content=\"pt_BR\" \/>\n<meta property=\"og:type\" content=\"article\" \/>\n<meta property=\"og:title\" content=\"Maleta de Ferramentas Profissional Mustad - Mustad Brasil - Informa\u00e7\u00e3o, Educa\u00e7\u00e3o e Venda de Produtos e Ferramentas Profissionais para Ferradores no Brasil.\" \/>\n<meta property=\"og:description\" content=\"Maleta de Ferramentas Profissional con 12 piezas para herraje profesional: corte, extracci\u00f3n, forja y acabado. Incluye malet\u00edn. Precio y stock en Mustad\" \/>\n<meta property=\"og:url\" content=\"https:\/\/www.mustadlatam.com\/br\/pt\/produtos\/kit-de-ferramentas-para-ferradores-profissionais-mustad\/\" \/>\n<meta property=\"og:site_name\" content=\"Mustad Brasil - Informa\u00e7\u00e3o, Educa\u00e7\u00e3o e Venda de Produtos e Ferramentas Profissionais para Ferradores no Brasil.\" \/>\n<meta property=\"article:modified_time\" content=\"2026-03-20T19:16:52+00:00\" \/>\n<meta property=\"og:image\" content=\"https:\/\/www.mustadlatam.com\/br\/wp-content\/uploads\/8\/2025\/10\/Maletin-Porta-Herramientas-FINAL.webp\" \/>\n\t<meta property=\"og:image:width\" content=\"800\" \/>\n\t<meta property=\"og:image:height\" content=\"800\" \/>\n\t<meta property=\"og:image:type\" content=\"image\/webp\" \/>\n<meta name=\"twitter:card\" content=\"summary_large_image\" \/>\n<meta name=\"twitter:label1\" content=\"Est. tempo de leitura\" \/>\n\t<meta name=\"twitter:data1\" content=\"1 minuto\" \/>\n<script type=\"application\/ld+json\" class=\"yoast-schema-graph\">{\"@context\":\"https:\\\/\\\/schema.org\",\"@graph\":[{\"@type\":\"WebPage\",\"@id\":\"https:\\\/\\\/www.mustadlatam.com\\\/br\\\/product\\\/kit-herramientas-profesional-herradores-mustad\\\/\",\"url\":\"https:\\\/\\\/www.mustadlatam.com\\\/br\\\/product\\\/kit-herramientas-profesional-herradores-mustad\\\/\",\"name\":\"Maleta de Ferramentas Profissional Mustad - Mustad Brasil - Informa\u00e7\u00e3o, Educa\u00e7\u00e3o e Venda de Produtos e Ferramentas Profissionais para Ferradores no Brasil.\",\"isPartOf\":{\"@id\":\"https:\\\/\\\/www.mustadlatam.com\\\/br\\\/#website\"},\"primaryImageOfPage\":{\"@id\":\"https:\\\/\\\/www.mustadlatam.com\\\/br\\\/product\\\/kit-herramientas-profesional-herradores-mustad\\\/#primaryimage\"},\"image\":{\"@id\":\"https:\\\/\\\/www.mustadlatam.com\\\/br\\\/product\\\/kit-herramientas-profesional-herradores-mustad\\\/#primaryimage\"},\"thumbnailUrl\":\"https:\\\/\\\/www.mustadlatam.com\\\/br\\\/wp-content\\\/uploads\\\/8\\\/2025\\\/10\\\/Maletin-Porta-Herramientas-FINAL.webp\",\"datePublished\":\"2025-10-23T18:47:14+00:00\",\"dateModified\":\"2026-03-20T19:16:52+00:00\",\"description\":\"Maleta de Ferramentas Profissional con 12 piezas para herraje profesional: corte, extracci\u00f3n, forja y acabado. Incluye malet\u00edn. Precio y stock en Mustad\",\"breadcrumb\":{\"@id\":\"https:\\\/\\\/www.mustadlatam.com\\\/br\\\/product\\\/kit-herramientas-profesional-herradores-mustad\\\/#breadcrumb\"},\"inLanguage\":\"pt-BR\",\"potentialAction\":[{\"@type\":\"ReadAction\",\"target\":[\"https:\\\/\\\/www.mustadlatam.com\\\/br\\\/product\\\/kit-herramientas-profesional-herradores-mustad\\\/\"]}]},{\"@type\":\"ImageObject\",\"inLanguage\":\"pt-BR\",\"@id\":\"https:\\\/\\\/www.mustadlatam.com\\\/br\\\/product\\\/kit-herramientas-profesional-herradores-mustad\\\/#primaryimage\",\"url\":\"https:\\\/\\\/www.mustadlatam.com\\\/br\\\/wp-content\\\/uploads\\\/8\\\/2025\\\/10\\\/Maletin-Porta-Herramientas-FINAL.webp\",\"contentUrl\":\"https:\\\/\\\/www.mustadlatam.com\\\/br\\\/wp-content\\\/uploads\\\/8\\\/2025\\\/10\\\/Maletin-Porta-Herramientas-FINAL.webp\",\"width\":800,\"height\":800,\"caption\":\"MALETA DE FERRAMENTAS PROFISSIONAL \u2013 MUSTAD\"},{\"@type\":\"BreadcrumbList\",\"@id\":\"https:\\\/\\\/www.mustadlatam.com\\\/br\\\/product\\\/kit-herramientas-profesional-herradores-mustad\\\/#breadcrumb\",\"itemListElement\":[{\"@type\":\"ListItem\",\"position\":1,\"name\":\"Inicio\",\"item\":\"https:\\\/\\\/www.mustadlatam.com\\\/br\\\/\"},{\"@type\":\"ListItem\",\"position\":2,\"name\":\"Loja Mustad Brasil | Compre Ferraduras, Cravos e Ferramentas\",\"item\":\"https:\\\/\\\/www.mustadlatam.com\\\/br\\\/shop\\\/\"},{\"@type\":\"ListItem\",\"position\":3,\"name\":\"Maleta de Ferramentas Profissional Mustad\"}]},{\"@type\":\"WebSite\",\"@id\":\"https:\\\/\\\/www.mustadlatam.com\\\/br\\\/#website\",\"url\":\"https:\\\/\\\/www.mustadlatam.com\\\/br\\\/\",\"name\":\"Mustad Brasil - Informa\u00e7\u00e3o, Educa\u00e7\u00e3o e Venda de Produtos e Ferramentas Profissionais para Ferradores no Brasil.\",\"description\":\"Ferraduras, grosas, pregos e acess\u00f3rios para cavalos\",\"publisher\":{\"@id\":\"https:\\\/\\\/www.mustadlatam.com\\\/br\\\/#organization\"},\"potentialAction\":[{\"@type\":\"SearchAction\",\"target\":{\"@type\":\"EntryPoint\",\"urlTemplate\":\"https:\\\/\\\/www.mustadlatam.com\\\/br\\\/?s={search_term_string}\"},\"query-input\":{\"@type\":\"PropertyValueSpecification\",\"valueRequired\":true,\"valueName\":\"search_term_string\"}}],\"inLanguage\":\"pt-BR\"},{\"@type\":\"Organization\",\"@id\":\"https:\\\/\\\/www.mustadlatam.com\\\/br\\\/#organization\",\"name\":\"Mustad Brasil - Informa\u00e7\u00e3o, Educa\u00e7\u00e3o e Venda de Produtos e Ferramentas Profissionais para Ferradores no Brasil.\",\"url\":\"https:\\\/\\\/www.mustadlatam.com\\\/br\\\/\",\"logo\":{\"@type\":\"ImageObject\",\"inLanguage\":\"pt-BR\",\"@id\":\"https:\\\/\\\/www.mustadlatam.com\\\/br\\\/#\\\/schema\\\/logo\\\/image\\\/\",\"url\":\"https:\\\/\\\/www.mustadlatam.com\\\/br\\\/wp-content\\\/uploads\\\/8\\\/2025\\\/12\\\/cropped-cropped-LOGO-MUSTAD-Final.png\",\"contentUrl\":\"https:\\\/\\\/www.mustadlatam.com\\\/br\\\/wp-content\\\/uploads\\\/8\\\/2025\\\/12\\\/cropped-cropped-LOGO-MUSTAD-Final.png\",\"width\":500,\"height\":500,\"caption\":\"Mustad Brasil - Informa\u00e7\u00e3o, Educa\u00e7\u00e3o e Venda de Produtos e Ferramentas Profissionais para Ferradores no Brasil.\"},\"image\":{\"@id\":\"https:\\\/\\\/www.mustadlatam.com\\\/br\\\/#\\\/schema\\\/logo\\\/image\\\/\"}}]}<\/script>\n<!-- \/ Yoast SEO plugin. -->","yoast_head_json":{"title":"Maleta de Ferramentas Profissional Mustad - Mustad Brasil - Informa\u00e7\u00e3o, Educa\u00e7\u00e3o e Venda de Produtos e Ferramentas Profissionais para Ferradores no Brasil.","description":"Maleta de Ferramentas Profissional con 12 piezas para herraje profesional: corte, extracci\u00f3n, forja y acabado. Incluye malet\u00edn. Precio y stock en Mustad","robots":{"index":"index","follow":"follow","max-snippet":"max-snippet:-1","max-image-preview":"max-image-preview:large","max-video-preview":"max-video-preview:-1"},"canonical":"https:\/\/www.mustadlatam.com\/br\/pt\/produtos\/kit-de-ferramentas-para-ferradores-profissionais-mustad\/","og_locale":"pt_BR","og_type":"article","og_title":"Maleta de Ferramentas Profissional Mustad - Mustad Brasil - Informa\u00e7\u00e3o, Educa\u00e7\u00e3o e Venda de Produtos e Ferramentas Profissionais para Ferradores no Brasil.","og_description":"Maleta de Ferramentas Profissional con 12 piezas para herraje profesional: corte, extracci\u00f3n, forja y acabado. Incluye malet\u00edn. Precio y stock en Mustad","og_url":"https:\/\/www.mustadlatam.com\/br\/pt\/produtos\/kit-de-ferramentas-para-ferradores-profissionais-mustad\/","og_site_name":"Mustad Brasil - Informa\u00e7\u00e3o, Educa\u00e7\u00e3o e Venda de Produtos e Ferramentas Profissionais para Ferradores no Brasil.","article_modified_time":"2026-03-20T19:16:52+00:00","og_image":[{"width":800,"height":800,"url":"https:\/\/www.mustadlatam.com\/br\/wp-content\/uploads\/8\/2025\/10\/Maletin-Porta-Herramientas-FINAL.webp","type":"image\/webp"}],"twitter_card":"summary_large_image","twitter_misc":{"Est. tempo de leitura":"1 minuto"},"schema":{"@context":"https:\/\/schema.org","@graph":[{"@type":"WebPage","@id":"https:\/\/www.mustadlatam.com\/br\/product\/kit-herramientas-profesional-herradores-mustad\/","url":"https:\/\/www.mustadlatam.com\/br\/product\/kit-herramientas-profesional-herradores-mustad\/","name":"Maleta de Ferramentas Profissional Mustad - Mustad Brasil - Informa\u00e7\u00e3o, Educa\u00e7\u00e3o e Venda de Produtos e Ferramentas Profissionais para Ferradores no Brasil.","isPartOf":{"@id":"https:\/\/www.mustadlatam.com\/br\/#website"},"primaryImageOfPage":{"@id":"https:\/\/www.mustadlatam.com\/br\/product\/kit-herramientas-profesional-herradores-mustad\/#primaryimage"},"image":{"@id":"https:\/\/www.mustadlatam.com\/br\/product\/kit-herramientas-profesional-herradores-mustad\/#primaryimage"},"thumbnailUrl":"https:\/\/www.mustadlatam.com\/br\/wp-content\/uploads\/8\/2025\/10\/Maletin-Porta-Herramientas-FINAL.webp","datePublished":"2025-10-23T18:47:14+00:00","dateModified":"2026-03-20T19:16:52+00:00","description":"Maleta de Ferramentas Profissional con 12 piezas para herraje profesional: corte, extracci\u00f3n, forja y acabado. Incluye malet\u00edn. Precio y stock en Mustad","breadcrumb":{"@id":"https:\/\/www.mustadlatam.com\/br\/product\/kit-herramientas-profesional-herradores-mustad\/#breadcrumb"},"inLanguage":"pt-BR","potentialAction":[{"@type":"ReadAction","target":["https:\/\/www.mustadlatam.com\/br\/product\/kit-herramientas-profesional-herradores-mustad\/"]}]},{"@type":"ImageObject","inLanguage":"pt-BR","@id":"https:\/\/www.mustadlatam.com\/br\/product\/kit-herramientas-profesional-herradores-mustad\/#primaryimage","url":"https:\/\/www.mustadlatam.com\/br\/wp-content\/uploads\/8\/2025\/10\/Maletin-Porta-Herramientas-FINAL.webp","contentUrl":"https:\/\/www.mustadlatam.com\/br\/wp-content\/uploads\/8\/2025\/10\/Maletin-Porta-Herramientas-FINAL.webp","width":800,"height":800,"caption":"MALETA DE FERRAMENTAS PROFISSIONAL \u2013 MUSTAD"},{"@type":"BreadcrumbList","@id":"https:\/\/www.mustadlatam.com\/br\/product\/kit-herramientas-profesional-herradores-mustad\/#breadcrumb","itemListElement":[{"@type":"ListItem","position":1,"name":"Inicio","item":"https:\/\/www.mustadlatam.com\/br\/"},{"@type":"ListItem","position":2,"name":"Loja Mustad Brasil | Compre Ferraduras, Cravos e Ferramentas","item":"https:\/\/www.mustadlatam.com\/br\/shop\/"},{"@type":"ListItem","position":3,"name":"Maleta de Ferramentas Profissional Mustad"}]},{"@type":"WebSite","@id":"https:\/\/www.mustadlatam.com\/br\/#website","url":"https:\/\/www.mustadlatam.com\/br\/","name":"Mustad Brasil - Informa\u00e7\u00e3o, educa\u00e7\u00e3o e venda de produtos e ferramentas profissionais para ferreiros no Brasil.","description":"Ferraduras, grosas, pregos e acess\u00f3rios para cavalos","publisher":{"@id":"https:\/\/www.mustadlatam.com\/br\/#organization"},"potentialAction":[{"@type":"SearchAction","target":{"@type":"EntryPoint","urlTemplate":"https:\/\/www.mustadlatam.com\/br\/?s={search_term_string}"},"query-input":{"@type":"PropertyValueSpecification","valueRequired":true,"valueName":"search_term_string"}}],"inLanguage":"pt-BR"},{"@type":"Organization","@id":"https:\/\/www.mustadlatam.com\/br\/#organization","name":"Mustad Brasil - Informa\u00e7\u00e3o, educa\u00e7\u00e3o e venda de produtos e ferramentas profissionais para ferreiros no Brasil.","url":"https:\/\/www.mustadlatam.com\/br\/","logo":{"@type":"ImageObject","inLanguage":"pt-BR","@id":"https:\/\/www.mustadlatam.com\/br\/#\/schema\/logo\/image\/","url":"https:\/\/www.mustadlatam.com\/br\/wp-content\/uploads\/8\/2025\/12\/cropped-cropped-LOGO-MUSTAD-Final.png","contentUrl":"https:\/\/www.mustadlatam.com\/br\/wp-content\/uploads\/8\/2025\/12\/cropped-cropped-LOGO-MUSTAD-Final.png","width":500,"height":500,"caption":"Mustad Brasil - Informa\u00e7\u00e3o, Educa\u00e7\u00e3o e Venda de Produtos e Ferramentas Profissionais para Ferradores no Brasil."},"image":{"@id":"https:\/\/www.mustadlatam.com\/br\/#\/schema\/logo\/image\/"}}]}},"_links":{"self":[{"href":"https:\/\/www.mustadlatam.com\/br\/pt\/wp-json\/wp\/v2\/product\/858","targetHints":{"allow":["GET"]}}],"collection":[{"href":"https:\/\/www.mustadlatam.com\/br\/pt\/wp-json\/wp\/v2\/product"}],"about":[{"href":"https:\/\/www.mustadlatam.com\/br\/pt\/wp-json\/wp\/v2\/types\/product"}],"replies":[{"embeddable":true,"href":"https:\/\/www.mustadlatam.com\/br\/pt\/wp-json\/wp\/v2\/comments?post=858"}],"wp:featuredmedia":[{"embeddable":true,"href":"https:\/\/www.mustadlatam.com\/br\/pt\/wp-json\/wp\/v2\/media\/5805"}],"wp:attachment":[{"href":"https:\/\/www.mustadlatam.com\/br\/pt\/wp-json\/wp\/v2\/media?parent=858"}],"wp:term":[{"taxonomy":"product_brand","embeddable":true,"href":"https:\/\/www.mustadlatam.com\/br\/pt\/wp-json\/wp\/v2\/product_brand?post=858"},{"taxonomy":"product_cat","embeddable":true,"href":"https:\/\/www.mustadlatam.com\/br\/pt\/wp-json\/wp\/v2\/product_cat?post=858"},{"taxonomy":"product_tag","embeddable":true,"href":"https:\/\/www.mustadlatam.com\/br\/pt\/wp-json\/wp\/v2\/product_tag?post=858"}],"curies":[{"name":"wp","href":"https:\/\/api.w.org\/{rel}","templated":true}]}}