{"id":917,"date":"2025-10-27T17:58:24","date_gmt":"2025-10-27T22:58:24","guid":{"rendered":"https:\/\/mediplushub.com\/br\/?post_type=product&#038;p=917"},"modified":"2026-03-09T18:21:21","modified_gmt":"2026-03-09T23:21:21","slug":"angulador-para-casco-ruidoso","status":"publish","type":"product","link":"https:\/\/www.mustadlatam.com\/br\/pt\/produtos\/angulador-para-casco-ruidoso\/","title":{"rendered":"Angulador para Casco Ruidoso \u2013 Medidor de \u00e2ngulo do casco"},"content":{"rendered":"","protected":false},"excerpt":{"rendered":"<p>Angulador para\/ Casco Ruidoso para medir o \u00e2ngulo da parede do casco na pin\u00e7a. Verifica o equil\u00edbrio e a consist\u00eancia da ferradura com uma refer\u00eancia.<\/p>\n<p><strong data-start=\"1229\" data-end=\"1246\">Especialidade:\u00a0<\/strong>Medi\u00e7\u00e3o objetiva do \u00e2ngulo do casco na pin\u00e7a para apoiar decis\u00f5es mais consistentes de corte e cal\u00e7amento entre as sess\u00f5es. O ped\u00f4metro ajuda a registrar os \u00e2ngulos e a comparar p\u00e9s uniformes, proporcionando controle sobre o equil\u00edbrio do casco.<br data-start=\"1313\" data-end=\"1316\" \/><strong data-start=\"1316\" data-end=\"1338\">Usos recomendados: <\/strong>verifica\u00e7\u00e3o do \u00e2ngulo ap\u00f3s o corte, compara\u00e7\u00e3o de m\u00e3os e patas para manter comprimentos e \u00e2ngulos equivalentes e monitoramento do progresso do cavalo entre as visitas.<\/p>\n<p><strong>Principais recursos:\u00a0<\/strong><\/p>\n<ol>\n<li>Medi\u00e7\u00e3o do \u00e2ngulo da parede do casco na pin\u00e7a, \u00fatil para padronizar o processo de casqueamento\/afia\u00e7\u00e3o.<\/li>\n<li>Refer\u00eancia padr\u00e3o no com\u00e9rcio para o \u00e2ngulo de alinhamento, comprimento da bra\u00e7adeira e equil\u00edbrio do casco.<\/li>\n<li>Complemento de outras ferramentas de medi\u00e7\u00e3o (r\u00e9gua, compasso\/divisores, esquadros) na esta\u00e7\u00e3o de ajuste.<\/li>\n<\/ol>","protected":false},"featured_media":918,"comment_status":"open","ping_status":"closed","template":"","meta":[],"product_brand":[412],"product_cat":[26],"product_tag":[682,680,679,681,903],"class_list":{"0":"post-917","1":"product","2":"type-product","3":"status-publish","4":"has-post-thumbnail","6":"product_brand-mustad","7":"product_cat-acessorios","8":"product_tag-herramienta-herrador","9":"product_tag-medidor-angulo-casco","10":"product_tag-podometro-ruidoso","11":"product_tag-protractor-casco","12":"product_tag-semana-do-cliente-2026","13":"pa_acessorios-pedometro-pedestal","14":"pa_disciplina-adestramento","15":"pa_disciplina-cavalgada","16":"pa_disciplina-hipismo","17":"pa_disciplina-laco","18":"pa_disciplina-marcha","19":"pa_disciplina-trabalho","20":"pa_disciplina-tres-tambores","21":"pa_disciplina-turf","22":"pa_ferramentas-ferramentas-mustad","23":"pa_marca-mustad","24":"pa_tipo-de-produto-accesorio","26":"first","27":"instock","28":"shipping-taxable","29":"purchasable","30":"product-type-simple"},"yoast_head":"<!-- This site is optimized with the Yoast SEO plugin v27.4 - https:\/\/yoast.com\/product\/yoast-seo-wordpress\/ -->\n<title>Angulador para Casco Ruidoso \u2013 Medidor de \u00e2ngulo do casco - Mustad Brasil - Informa\u00e7\u00e3o, Educa\u00e7\u00e3o e Venda de Produtos e Ferramentas Profissionais para Ferradores no Brasil.<\/title>\n<meta name=\"description\" content=\"Angulador para\/ Casco Ruidoso para medir o \u00e2ngulo da parede do casco na pin\u00e7a. Verifica o equil\u00edbrio e a consist\u00eancia da ferradura com uma refer\u00eancia.\" \/>\n<meta name=\"robots\" content=\"index, follow, max-snippet:-1, max-image-preview:large, max-video-preview:-1\" \/>\n<link rel=\"canonical\" href=\"https:\/\/www.mustadlatam.com\/br\/pt\/produtos\/angulador-para-casco-ruidoso\/\" \/>\n<meta property=\"og:locale\" content=\"pt_BR\" \/>\n<meta property=\"og:type\" content=\"article\" \/>\n<meta property=\"og:title\" content=\"Angulador para Casco Ruidoso \u2013 Medidor de \u00e2ngulo do casco - Mustad Brasil - Informa\u00e7\u00e3o, Educa\u00e7\u00e3o e Venda de Produtos e Ferramentas Profissionais para Ferradores no Brasil.\" \/>\n<meta property=\"og:description\" content=\"Angulador para\/ Casco Ruidoso para medir o \u00e2ngulo da parede do casco na pin\u00e7a. Verifica o equil\u00edbrio e a consist\u00eancia da ferradura com uma refer\u00eancia.\" \/>\n<meta property=\"og:url\" content=\"https:\/\/www.mustadlatam.com\/br\/pt\/produtos\/angulador-para-casco-ruidoso\/\" \/>\n<meta property=\"og:site_name\" content=\"Mustad Brasil - Informa\u00e7\u00e3o, Educa\u00e7\u00e3o e Venda de Produtos e Ferramentas Profissionais para Ferradores no Brasil.\" \/>\n<meta property=\"article:modified_time\" content=\"2026-03-09T23:21:21+00:00\" \/>\n<meta property=\"og:image\" content=\"https:\/\/www.mustadlatam.com\/br\/wp-content\/uploads\/8\/2025\/10\/Accesorios-Podometro-RUIDOSO-HOOF-GAUGE-Mustad.jpg\" \/>\n\t<meta property=\"og:image:width\" content=\"800\" \/>\n\t<meta property=\"og:image:height\" content=\"800\" \/>\n\t<meta property=\"og:image:type\" content=\"image\/jpeg\" \/>\n<meta name=\"twitter:card\" content=\"summary_large_image\" \/>\n<meta name=\"twitter:label1\" content=\"Est. tempo de leitura\" \/>\n\t<meta name=\"twitter:data1\" content=\"1 minuto\" \/>\n<script type=\"application\/ld+json\" class=\"yoast-schema-graph\">{\"@context\":\"https:\\\/\\\/schema.org\",\"@graph\":[{\"@type\":\"WebPage\",\"@id\":\"https:\\\/\\\/www.mustadlatam.com\\\/br\\\/product\\\/angulador-para-casco-ruidoso\\\/\",\"url\":\"https:\\\/\\\/www.mustadlatam.com\\\/br\\\/product\\\/angulador-para-casco-ruidoso\\\/\",\"name\":\"Angulador para Casco Ruidoso \u2013 Medidor de \u00e2ngulo do casco - Mustad Brasil - Informa\u00e7\u00e3o, Educa\u00e7\u00e3o e Venda de Produtos e Ferramentas Profissionais para Ferradores no Brasil.\",\"isPartOf\":{\"@id\":\"https:\\\/\\\/www.mustadlatam.com\\\/br\\\/#website\"},\"primaryImageOfPage\":{\"@id\":\"https:\\\/\\\/www.mustadlatam.com\\\/br\\\/product\\\/angulador-para-casco-ruidoso\\\/#primaryimage\"},\"image\":{\"@id\":\"https:\\\/\\\/www.mustadlatam.com\\\/br\\\/product\\\/angulador-para-casco-ruidoso\\\/#primaryimage\"},\"thumbnailUrl\":\"https:\\\/\\\/www.mustadlatam.com\\\/br\\\/wp-content\\\/uploads\\\/8\\\/2025\\\/10\\\/Accesorios-Podometro-RUIDOSO-HOOF-GAUGE-Mustad.jpg\",\"datePublished\":\"2025-10-27T22:58:24+00:00\",\"dateModified\":\"2026-03-09T23:21:21+00:00\",\"description\":\"Angulador para\\\/ Casco Ruidoso para medir o \u00e2ngulo da parede do casco na pin\u00e7a. Verifica o equil\u00edbrio e a consist\u00eancia da ferradura com uma refer\u00eancia.\",\"breadcrumb\":{\"@id\":\"https:\\\/\\\/www.mustadlatam.com\\\/br\\\/product\\\/angulador-para-casco-ruidoso\\\/#breadcrumb\"},\"inLanguage\":\"pt-BR\",\"potentialAction\":[{\"@type\":\"ReadAction\",\"target\":[\"https:\\\/\\\/www.mustadlatam.com\\\/br\\\/product\\\/angulador-para-casco-ruidoso\\\/\"]}]},{\"@type\":\"ImageObject\",\"inLanguage\":\"pt-BR\",\"@id\":\"https:\\\/\\\/www.mustadlatam.com\\\/br\\\/product\\\/angulador-para-casco-ruidoso\\\/#primaryimage\",\"url\":\"https:\\\/\\\/www.mustadlatam.com\\\/br\\\/wp-content\\\/uploads\\\/8\\\/2025\\\/10\\\/Accesorios-Podometro-RUIDOSO-HOOF-GAUGE-Mustad.jpg\",\"contentUrl\":\"https:\\\/\\\/www.mustadlatam.com\\\/br\\\/wp-content\\\/uploads\\\/8\\\/2025\\\/10\\\/Accesorios-Podometro-RUIDOSO-HOOF-GAUGE-Mustad.jpg\",\"width\":800,\"height\":800,\"caption\":\"Accesorios Pod\u00f3metro RUIDOSO-HOOF-GAUGE Mustad\"},{\"@type\":\"BreadcrumbList\",\"@id\":\"https:\\\/\\\/www.mustadlatam.com\\\/br\\\/product\\\/angulador-para-casco-ruidoso\\\/#breadcrumb\",\"itemListElement\":[{\"@type\":\"ListItem\",\"position\":1,\"name\":\"Inicio\",\"item\":\"https:\\\/\\\/www.mustadlatam.com\\\/br\\\/\"},{\"@type\":\"ListItem\",\"position\":2,\"name\":\"Loja Mustad Brasil | Compre Ferraduras, Cravos e Ferramentas\",\"item\":\"https:\\\/\\\/www.mustadlatam.com\\\/br\\\/shop\\\/\"},{\"@type\":\"ListItem\",\"position\":3,\"name\":\"Angulador para Casco Ruidoso \u2013 Medidor de \u00e2ngulo do casco\"}]},{\"@type\":\"WebSite\",\"@id\":\"https:\\\/\\\/www.mustadlatam.com\\\/br\\\/#website\",\"url\":\"https:\\\/\\\/www.mustadlatam.com\\\/br\\\/\",\"name\":\"Mustad Brasil - Informa\u00e7\u00e3o, Educa\u00e7\u00e3o e Venda de Produtos e Ferramentas Profissionais para Ferradores no Brasil.\",\"description\":\"Ferraduras, grosas, pregos e acess\u00f3rios para cavalos\",\"publisher\":{\"@id\":\"https:\\\/\\\/www.mustadlatam.com\\\/br\\\/#organization\"},\"potentialAction\":[{\"@type\":\"SearchAction\",\"target\":{\"@type\":\"EntryPoint\",\"urlTemplate\":\"https:\\\/\\\/www.mustadlatam.com\\\/br\\\/?s={search_term_string}\"},\"query-input\":{\"@type\":\"PropertyValueSpecification\",\"valueRequired\":true,\"valueName\":\"search_term_string\"}}],\"inLanguage\":\"pt-BR\"},{\"@type\":\"Organization\",\"@id\":\"https:\\\/\\\/www.mustadlatam.com\\\/br\\\/#organization\",\"name\":\"Mustad Brasil - Informa\u00e7\u00e3o, Educa\u00e7\u00e3o e Venda de Produtos e Ferramentas Profissionais para Ferradores no Brasil.\",\"url\":\"https:\\\/\\\/www.mustadlatam.com\\\/br\\\/\",\"logo\":{\"@type\":\"ImageObject\",\"inLanguage\":\"pt-BR\",\"@id\":\"https:\\\/\\\/www.mustadlatam.com\\\/br\\\/#\\\/schema\\\/logo\\\/image\\\/\",\"url\":\"https:\\\/\\\/www.mustadlatam.com\\\/br\\\/wp-content\\\/uploads\\\/8\\\/2025\\\/12\\\/cropped-cropped-LOGO-MUSTAD-Final.png\",\"contentUrl\":\"https:\\\/\\\/www.mustadlatam.com\\\/br\\\/wp-content\\\/uploads\\\/8\\\/2025\\\/12\\\/cropped-cropped-LOGO-MUSTAD-Final.png\",\"width\":500,\"height\":500,\"caption\":\"Mustad Brasil - Informa\u00e7\u00e3o, Educa\u00e7\u00e3o e Venda de Produtos e Ferramentas Profissionais para Ferradores no Brasil.\"},\"image\":{\"@id\":\"https:\\\/\\\/www.mustadlatam.com\\\/br\\\/#\\\/schema\\\/logo\\\/image\\\/\"}}]}<\/script>\n<!-- \/ Yoast SEO plugin. -->","yoast_head_json":{"title":"Angulador para Casco Ruidoso \u2013 Medidor de \u00e2ngulo do casco - Mustad Brasil - Informa\u00e7\u00e3o, Educa\u00e7\u00e3o e Venda de Produtos e Ferramentas Profissionais para Ferradores no Brasil.","description":"Angulador para\/ Casco Ruidoso para medir o \u00e2ngulo da parede do casco na pin\u00e7a. Verifica o equil\u00edbrio e a consist\u00eancia da ferradura com uma refer\u00eancia.","robots":{"index":"index","follow":"follow","max-snippet":"max-snippet:-1","max-image-preview":"max-image-preview:large","max-video-preview":"max-video-preview:-1"},"canonical":"https:\/\/www.mustadlatam.com\/br\/pt\/produtos\/angulador-para-casco-ruidoso\/","og_locale":"pt_BR","og_type":"article","og_title":"Angulador para Casco Ruidoso \u2013 Medidor de \u00e2ngulo do casco - Mustad Brasil - Informa\u00e7\u00e3o, Educa\u00e7\u00e3o e Venda de Produtos e Ferramentas Profissionais para Ferradores no Brasil.","og_description":"Angulador para\/ Casco Ruidoso para medir o \u00e2ngulo da parede do casco na pin\u00e7a. Verifica o equil\u00edbrio e a consist\u00eancia da ferradura com uma refer\u00eancia.","og_url":"https:\/\/www.mustadlatam.com\/br\/pt\/produtos\/angulador-para-casco-ruidoso\/","og_site_name":"Mustad Brasil - Informa\u00e7\u00e3o, Educa\u00e7\u00e3o e Venda de Produtos e Ferramentas Profissionais para Ferradores no Brasil.","article_modified_time":"2026-03-09T23:21:21+00:00","og_image":[{"width":800,"height":800,"url":"https:\/\/www.mustadlatam.com\/br\/wp-content\/uploads\/8\/2025\/10\/Accesorios-Podometro-RUIDOSO-HOOF-GAUGE-Mustad.jpg","type":"image\/jpeg"}],"twitter_card":"summary_large_image","twitter_misc":{"Est. tempo de leitura":"1 minuto"},"schema":{"@context":"https:\/\/schema.org","@graph":[{"@type":"WebPage","@id":"https:\/\/www.mustadlatam.com\/br\/product\/angulador-para-casco-ruidoso\/","url":"https:\/\/www.mustadlatam.com\/br\/product\/angulador-para-casco-ruidoso\/","name":"Angulador para Casco Ruidoso \u2013 Medidor de \u00e2ngulo do casco - Mustad Brasil - Informa\u00e7\u00e3o, Educa\u00e7\u00e3o e Venda de Produtos e Ferramentas Profissionais para Ferradores no Brasil.","isPartOf":{"@id":"https:\/\/www.mustadlatam.com\/br\/#website"},"primaryImageOfPage":{"@id":"https:\/\/www.mustadlatam.com\/br\/product\/angulador-para-casco-ruidoso\/#primaryimage"},"image":{"@id":"https:\/\/www.mustadlatam.com\/br\/product\/angulador-para-casco-ruidoso\/#primaryimage"},"thumbnailUrl":"https:\/\/www.mustadlatam.com\/br\/wp-content\/uploads\/8\/2025\/10\/Accesorios-Podometro-RUIDOSO-HOOF-GAUGE-Mustad.jpg","datePublished":"2025-10-27T22:58:24+00:00","dateModified":"2026-03-09T23:21:21+00:00","description":"Angulador para\/ Casco Ruidoso para medir o \u00e2ngulo da parede do casco na pin\u00e7a. Verifica o equil\u00edbrio e a consist\u00eancia da ferradura com uma refer\u00eancia.","breadcrumb":{"@id":"https:\/\/www.mustadlatam.com\/br\/product\/angulador-para-casco-ruidoso\/#breadcrumb"},"inLanguage":"pt-BR","potentialAction":[{"@type":"ReadAction","target":["https:\/\/www.mustadlatam.com\/br\/product\/angulador-para-casco-ruidoso\/"]}]},{"@type":"ImageObject","inLanguage":"pt-BR","@id":"https:\/\/www.mustadlatam.com\/br\/product\/angulador-para-casco-ruidoso\/#primaryimage","url":"https:\/\/www.mustadlatam.com\/br\/wp-content\/uploads\/8\/2025\/10\/Accesorios-Podometro-RUIDOSO-HOOF-GAUGE-Mustad.jpg","contentUrl":"https:\/\/www.mustadlatam.com\/br\/wp-content\/uploads\/8\/2025\/10\/Accesorios-Podometro-RUIDOSO-HOOF-GAUGE-Mustad.jpg","width":800,"height":800,"caption":"Accesorios Pod\u00f3metro RUIDOSO-HOOF-GAUGE Mustad"},{"@type":"BreadcrumbList","@id":"https:\/\/www.mustadlatam.com\/br\/product\/angulador-para-casco-ruidoso\/#breadcrumb","itemListElement":[{"@type":"ListItem","position":1,"name":"Inicio","item":"https:\/\/www.mustadlatam.com\/br\/"},{"@type":"ListItem","position":2,"name":"Loja Mustad Brasil | Compre Ferraduras, Cravos e Ferramentas","item":"https:\/\/www.mustadlatam.com\/br\/shop\/"},{"@type":"ListItem","position":3,"name":"Angulador para Casco Ruidoso \u2013 Medidor de \u00e2ngulo do casco"}]},{"@type":"WebSite","@id":"https:\/\/www.mustadlatam.com\/br\/#website","url":"https:\/\/www.mustadlatam.com\/br\/","name":"Mustad Brasil - Informa\u00e7\u00e3o, educa\u00e7\u00e3o e venda de produtos e ferramentas profissionais para ferreiros no Brasil.","description":"Ferraduras, grosas, pregos e acess\u00f3rios para cavalos","publisher":{"@id":"https:\/\/www.mustadlatam.com\/br\/#organization"},"potentialAction":[{"@type":"SearchAction","target":{"@type":"EntryPoint","urlTemplate":"https:\/\/www.mustadlatam.com\/br\/?s={search_term_string}"},"query-input":{"@type":"PropertyValueSpecification","valueRequired":true,"valueName":"search_term_string"}}],"inLanguage":"pt-BR"},{"@type":"Organization","@id":"https:\/\/www.mustadlatam.com\/br\/#organization","name":"Mustad Brasil - Informa\u00e7\u00e3o, educa\u00e7\u00e3o e venda de produtos e ferramentas profissionais para ferreiros no Brasil.","url":"https:\/\/www.mustadlatam.com\/br\/","logo":{"@type":"ImageObject","inLanguage":"pt-BR","@id":"https:\/\/www.mustadlatam.com\/br\/#\/schema\/logo\/image\/","url":"https:\/\/www.mustadlatam.com\/br\/wp-content\/uploads\/8\/2025\/12\/cropped-cropped-LOGO-MUSTAD-Final.png","contentUrl":"https:\/\/www.mustadlatam.com\/br\/wp-content\/uploads\/8\/2025\/12\/cropped-cropped-LOGO-MUSTAD-Final.png","width":500,"height":500,"caption":"Mustad Brasil - Informa\u00e7\u00e3o, Educa\u00e7\u00e3o e Venda de Produtos e Ferramentas Profissionais para Ferradores no Brasil."},"image":{"@id":"https:\/\/www.mustadlatam.com\/br\/#\/schema\/logo\/image\/"}}]}},"_links":{"self":[{"href":"https:\/\/www.mustadlatam.com\/br\/pt\/wp-json\/wp\/v2\/product\/917","targetHints":{"allow":["GET"]}}],"collection":[{"href":"https:\/\/www.mustadlatam.com\/br\/pt\/wp-json\/wp\/v2\/product"}],"about":[{"href":"https:\/\/www.mustadlatam.com\/br\/pt\/wp-json\/wp\/v2\/types\/product"}],"replies":[{"embeddable":true,"href":"https:\/\/www.mustadlatam.com\/br\/pt\/wp-json\/wp\/v2\/comments?post=917"}],"wp:featuredmedia":[{"embeddable":true,"href":"https:\/\/www.mustadlatam.com\/br\/pt\/wp-json\/wp\/v2\/media\/918"}],"wp:attachment":[{"href":"https:\/\/www.mustadlatam.com\/br\/pt\/wp-json\/wp\/v2\/media?parent=917"}],"wp:term":[{"taxonomy":"product_brand","embeddable":true,"href":"https:\/\/www.mustadlatam.com\/br\/pt\/wp-json\/wp\/v2\/product_brand?post=917"},{"taxonomy":"product_cat","embeddable":true,"href":"https:\/\/www.mustadlatam.com\/br\/pt\/wp-json\/wp\/v2\/product_cat?post=917"},{"taxonomy":"product_tag","embeddable":true,"href":"https:\/\/www.mustadlatam.com\/br\/pt\/wp-json\/wp\/v2\/product_tag?post=917"}],"curies":[{"name":"wp","href":"https:\/\/api.w.org\/{rel}","templated":true}]}}