{"id":927,"date":"2025-10-28T12:33:21","date_gmt":"2025-10-28T17:33:21","guid":{"rendered":"https:\/\/mediplushub.com\/br\/?post_type=product&#038;p=927"},"modified":"2026-03-09T18:13:19","modified_gmt":"2026-03-09T23:13:19","slug":"comfortmix-hoof-pad-soft-mustad","status":"publish","type":"product","link":"https:\/\/www.mustadlatam.com\/br\/pt\/produtos\/comfortmix-hoof-pad-soft-mustad\/","title":{"rendered":"ComfortMix Hoof Pad Soft \u2013 Acolchoamento extra macio para solas sens\u00edveis"},"content":{"rendered":"","protected":false},"excerpt":{"rendered":"<p>Almofada de amortecimento extra macia para absor\u00e7\u00e3o de impacto e suporte em cascos sens\u00edveis. Base de uretano que seca rapidamente e adere a uma sola limpa e seca; ideal para uso sob palmilhas\/protetores.<\/p>\n<p><strong>Especialidade:<\/strong> Material de almofada extra macio para conforto e prote\u00e7\u00e3o em solas muito sens\u00edveis, com secagem r\u00e1pida e ades\u00e3o direta a uma sola limpa e seca. Pode ser usado sozinho ou combinado com protetores\/palmilhas para selar e amortecer sob carga.<\/p>\n<p>Principais Caracter\u00edsticas<\/p>\n<ul>\n<li>Base de uretano de cura r\u00e1pida, projetada para conforto imediato: Projetada para secar em aproximadamente 30 a 45 segundos e aderir a uma sola limpa e seca, permitindo veda\u00e7\u00e3o e amortecimento instant\u00e2neos. Isso reduz o tempo que o cavalo passa em condi\u00e7\u00f5es desconfort\u00e1veis \u200b\u200be mant\u00e9m seu fluxo de trabalho no campo ou na oficina sem atrasos desnecess\u00e1rios.<\/li>\n<li>Extra macia para solas muito sens\u00edveis; absorve impacto e fornece suporte b\u00e1sico, ideal quando a press\u00e3o direta causa desconforto.<\/li>\n<li>Use com protetores\/palmilhas para criar uma interface mais est\u00e1vel e protetora sob a sola.<\/li>\n<\/ul>","protected":false},"featured_media":1252,"comment_status":"open","ping_status":"closed","template":"","meta":[],"product_brand":[412],"product_cat":[694,693],"product_tag":[705,704,695,703,395,903,706],"class_list":{"0":"post-927","1":"product","2":"type-product","3":"status-publish","4":"has-post-thumbnail","6":"product_brand-mustad","7":"product_cat-comfortmix","8":"product_cat-produtos-especiais","9":"product_tag-absorcion-de-impactos","10":"product_tag-almohadilla-cascos","11":"product_tag-comfortmix","12":"product_tag-hoof-pad-soft","13":"product_tag-poliuretano","14":"product_tag-semana-do-cliente-2026","15":"product_tag-suelas-sensibles","16":"pa_disciplina-adestramento","17":"pa_disciplina-cavalgada","18":"pa_disciplina-hipismo","19":"pa_disciplina-laco","20":"pa_disciplina-marcha","21":"pa_disciplina-trabalho","22":"pa_disciplina-tres-tambores","23":"pa_disciplina-turf","24":"pa_marca-mustad","25":"pa_produtos-especiais-comfortmix","26":"pa_tipo-de-produto-producto-especial","28":"first","29":"instock","30":"shipping-taxable","31":"purchasable","32":"product-type-simple"},"yoast_head":"<!-- This site is optimized with the Yoast SEO plugin v27.4 - https:\/\/yoast.com\/product\/yoast-seo-wordpress\/ -->\n<title>ComfortMix Hoof Pad Soft \u2013 almofada extra macia- Mustad Brasil - Informa\u00e7\u00e3o, Educa\u00e7\u00e3o e Venda de Produtos e Ferramentas Profissionais para Ferradores no Brasil.<\/title>\n<meta name=\"description\" content=\"Acolchoamento extra macio para cascos sens\u00edveis absorve o impacto, seca rapidamente e adere a solas limpas e secas. Ideal para usar sob palmilhas\/protetores\" \/>\n<meta name=\"robots\" content=\"index, follow, max-snippet:-1, max-image-preview:large, max-video-preview:-1\" \/>\n<link rel=\"canonical\" href=\"https:\/\/www.mustadlatam.com\/br\/pt\/produtos\/comfortmix-hoof-pad-soft-mustad\/\" \/>\n<meta property=\"og:locale\" content=\"pt_BR\" \/>\n<meta property=\"og:type\" content=\"article\" \/>\n<meta property=\"og:title\" content=\"ComfortMix Hoof Pad Soft \u2013 almofada extra macia- Mustad Brasil - Informa\u00e7\u00e3o, Educa\u00e7\u00e3o e Venda de Produtos e Ferramentas Profissionais para Ferradores no Brasil.\" \/>\n<meta property=\"og:description\" content=\"Acolchoamento extra macio para cascos sens\u00edveis absorve o impacto, seca rapidamente e adere a solas limpas e secas. Ideal para usar sob palmilhas\/protetores\" \/>\n<meta property=\"og:url\" content=\"https:\/\/www.mustadlatam.com\/br\/pt\/produtos\/comfortmix-hoof-pad-soft-mustad\/\" \/>\n<meta property=\"og:site_name\" content=\"Mustad Brasil - Informa\u00e7\u00e3o, Educa\u00e7\u00e3o e Venda de Produtos e Ferramentas Profissionais para Ferradores no Brasil.\" \/>\n<meta property=\"article:modified_time\" content=\"2026-03-09T23:13:19+00:00\" \/>\n<meta property=\"og:image\" content=\"https:\/\/www.mustadlatam.com\/br\/wp-content\/uploads\/8\/2025\/10\/ComfortMix-Hoof-Pad-Soft.jpg\" \/>\n\t<meta property=\"og:image:width\" content=\"800\" \/>\n\t<meta property=\"og:image:height\" content=\"800\" \/>\n\t<meta property=\"og:image:type\" content=\"image\/jpeg\" \/>\n<meta name=\"twitter:card\" content=\"summary_large_image\" \/>\n<meta name=\"twitter:label1\" content=\"Est. tempo de leitura\" \/>\n\t<meta name=\"twitter:data1\" content=\"1 minuto\" \/>\n<script type=\"application\/ld+json\" class=\"yoast-schema-graph\">{\"@context\":\"https:\\\/\\\/schema.org\",\"@graph\":[{\"@type\":\"WebPage\",\"@id\":\"https:\\\/\\\/www.mustadlatam.com\\\/br\\\/product\\\/comfortmix-hoof-pad-soft-mustad\\\/\",\"url\":\"https:\\\/\\\/www.mustadlatam.com\\\/br\\\/product\\\/comfortmix-hoof-pad-soft-mustad\\\/\",\"name\":\"ComfortMix Hoof Pad Soft \u2013 almofada extra macia- Mustad Brasil - Informa\u00e7\u00e3o, Educa\u00e7\u00e3o e Venda de Produtos e Ferramentas Profissionais para Ferradores no Brasil.\",\"isPartOf\":{\"@id\":\"https:\\\/\\\/www.mustadlatam.com\\\/br\\\/#website\"},\"primaryImageOfPage\":{\"@id\":\"https:\\\/\\\/www.mustadlatam.com\\\/br\\\/product\\\/comfortmix-hoof-pad-soft-mustad\\\/#primaryimage\"},\"image\":{\"@id\":\"https:\\\/\\\/www.mustadlatam.com\\\/br\\\/product\\\/comfortmix-hoof-pad-soft-mustad\\\/#primaryimage\"},\"thumbnailUrl\":\"https:\\\/\\\/www.mustadlatam.com\\\/br\\\/wp-content\\\/uploads\\\/8\\\/2025\\\/10\\\/ComfortMix-Hoof-Pad-Soft.jpg\",\"datePublished\":\"2025-10-28T17:33:21+00:00\",\"dateModified\":\"2026-03-09T23:13:19+00:00\",\"description\":\"Acolchoamento extra macio para cascos sens\u00edveis absorve o impacto, seca rapidamente e adere a solas limpas e secas. Ideal para usar sob palmilhas\\\/protetores\",\"breadcrumb\":{\"@id\":\"https:\\\/\\\/www.mustadlatam.com\\\/br\\\/product\\\/comfortmix-hoof-pad-soft-mustad\\\/#breadcrumb\"},\"inLanguage\":\"pt-BR\",\"potentialAction\":[{\"@type\":\"ReadAction\",\"target\":[\"https:\\\/\\\/www.mustadlatam.com\\\/br\\\/product\\\/comfortmix-hoof-pad-soft-mustad\\\/\"]}]},{\"@type\":\"ImageObject\",\"inLanguage\":\"pt-BR\",\"@id\":\"https:\\\/\\\/www.mustadlatam.com\\\/br\\\/product\\\/comfortmix-hoof-pad-soft-mustad\\\/#primaryimage\",\"url\":\"https:\\\/\\\/www.mustadlatam.com\\\/br\\\/wp-content\\\/uploads\\\/8\\\/2025\\\/10\\\/ComfortMix-Hoof-Pad-Soft.jpg\",\"contentUrl\":\"https:\\\/\\\/www.mustadlatam.com\\\/br\\\/wp-content\\\/uploads\\\/8\\\/2025\\\/10\\\/ComfortMix-Hoof-Pad-Soft.jpg\",\"width\":800,\"height\":800,\"caption\":\"ComfortMix Hoof Pad Soft\"},{\"@type\":\"BreadcrumbList\",\"@id\":\"https:\\\/\\\/www.mustadlatam.com\\\/br\\\/product\\\/comfortmix-hoof-pad-soft-mustad\\\/#breadcrumb\",\"itemListElement\":[{\"@type\":\"ListItem\",\"position\":1,\"name\":\"Inicio\",\"item\":\"https:\\\/\\\/www.mustadlatam.com\\\/br\\\/\"},{\"@type\":\"ListItem\",\"position\":2,\"name\":\"Loja Mustad Brasil | Compre Ferraduras, Cravos e Ferramentas\",\"item\":\"https:\\\/\\\/www.mustadlatam.com\\\/br\\\/shop\\\/\"},{\"@type\":\"ListItem\",\"position\":3,\"name\":\"ComfortMix Hoof Pad Soft \u2013 Acolchoamento extra macio para solas sens\u00edveis\"}]},{\"@type\":\"WebSite\",\"@id\":\"https:\\\/\\\/www.mustadlatam.com\\\/br\\\/#website\",\"url\":\"https:\\\/\\\/www.mustadlatam.com\\\/br\\\/\",\"name\":\"Mustad Brasil - Informa\u00e7\u00e3o, Educa\u00e7\u00e3o e Venda de Produtos e Ferramentas Profissionais para Ferradores no Brasil.\",\"description\":\"Ferraduras, grosas, pregos e acess\u00f3rios para cavalos\",\"publisher\":{\"@id\":\"https:\\\/\\\/www.mustadlatam.com\\\/br\\\/#organization\"},\"potentialAction\":[{\"@type\":\"SearchAction\",\"target\":{\"@type\":\"EntryPoint\",\"urlTemplate\":\"https:\\\/\\\/www.mustadlatam.com\\\/br\\\/?s={search_term_string}\"},\"query-input\":{\"@type\":\"PropertyValueSpecification\",\"valueRequired\":true,\"valueName\":\"search_term_string\"}}],\"inLanguage\":\"pt-BR\"},{\"@type\":\"Organization\",\"@id\":\"https:\\\/\\\/www.mustadlatam.com\\\/br\\\/#organization\",\"name\":\"Mustad Brasil - Informa\u00e7\u00e3o, Educa\u00e7\u00e3o e Venda de Produtos e Ferramentas Profissionais para Ferradores no Brasil.\",\"url\":\"https:\\\/\\\/www.mustadlatam.com\\\/br\\\/\",\"logo\":{\"@type\":\"ImageObject\",\"inLanguage\":\"pt-BR\",\"@id\":\"https:\\\/\\\/www.mustadlatam.com\\\/br\\\/#\\\/schema\\\/logo\\\/image\\\/\",\"url\":\"https:\\\/\\\/www.mustadlatam.com\\\/br\\\/wp-content\\\/uploads\\\/8\\\/2025\\\/12\\\/cropped-cropped-LOGO-MUSTAD-Final.png\",\"contentUrl\":\"https:\\\/\\\/www.mustadlatam.com\\\/br\\\/wp-content\\\/uploads\\\/8\\\/2025\\\/12\\\/cropped-cropped-LOGO-MUSTAD-Final.png\",\"width\":500,\"height\":500,\"caption\":\"Mustad Brasil - Informa\u00e7\u00e3o, Educa\u00e7\u00e3o e Venda de Produtos e Ferramentas Profissionais para Ferradores no Brasil.\"},\"image\":{\"@id\":\"https:\\\/\\\/www.mustadlatam.com\\\/br\\\/#\\\/schema\\\/logo\\\/image\\\/\"}}]}<\/script>\n<!-- \/ Yoast SEO plugin. -->","yoast_head_json":{"title":"ComfortMix Hoof Pad Soft \u2013 almofada extra macia- Mustad Brasil - Informa\u00e7\u00e3o, Educa\u00e7\u00e3o e Venda de Produtos e Ferramentas Profissionais para Ferradores no Brasil.","description":"Acolchoamento extra macio para cascos sens\u00edveis absorve o impacto, seca rapidamente e adere a solas limpas e secas. Ideal para usar sob palmilhas\/protetores","robots":{"index":"index","follow":"follow","max-snippet":"max-snippet:-1","max-image-preview":"max-image-preview:large","max-video-preview":"max-video-preview:-1"},"canonical":"https:\/\/www.mustadlatam.com\/br\/pt\/produtos\/comfortmix-hoof-pad-soft-mustad\/","og_locale":"pt_BR","og_type":"article","og_title":"ComfortMix Hoof Pad Soft \u2013 almofada extra macia- Mustad Brasil - Informa\u00e7\u00e3o, Educa\u00e7\u00e3o e Venda de Produtos e Ferramentas Profissionais para Ferradores no Brasil.","og_description":"Acolchoamento extra macio para cascos sens\u00edveis absorve o impacto, seca rapidamente e adere a solas limpas e secas. Ideal para usar sob palmilhas\/protetores","og_url":"https:\/\/www.mustadlatam.com\/br\/pt\/produtos\/comfortmix-hoof-pad-soft-mustad\/","og_site_name":"Mustad Brasil - Informa\u00e7\u00e3o, Educa\u00e7\u00e3o e Venda de Produtos e Ferramentas Profissionais para Ferradores no Brasil.","article_modified_time":"2026-03-09T23:13:19+00:00","og_image":[{"width":800,"height":800,"url":"https:\/\/www.mustadlatam.com\/br\/wp-content\/uploads\/8\/2025\/10\/ComfortMix-Hoof-Pad-Soft.jpg","type":"image\/jpeg"}],"twitter_card":"summary_large_image","twitter_misc":{"Est. tempo de leitura":"1 minuto"},"schema":{"@context":"https:\/\/schema.org","@graph":[{"@type":"WebPage","@id":"https:\/\/www.mustadlatam.com\/br\/product\/comfortmix-hoof-pad-soft-mustad\/","url":"https:\/\/www.mustadlatam.com\/br\/product\/comfortmix-hoof-pad-soft-mustad\/","name":"ComfortMix Hoof Pad Soft \u2013 almofada extra macia- Mustad Brasil - Informa\u00e7\u00e3o, Educa\u00e7\u00e3o e Venda de Produtos e Ferramentas Profissionais para Ferradores no Brasil.","isPartOf":{"@id":"https:\/\/www.mustadlatam.com\/br\/#website"},"primaryImageOfPage":{"@id":"https:\/\/www.mustadlatam.com\/br\/product\/comfortmix-hoof-pad-soft-mustad\/#primaryimage"},"image":{"@id":"https:\/\/www.mustadlatam.com\/br\/product\/comfortmix-hoof-pad-soft-mustad\/#primaryimage"},"thumbnailUrl":"https:\/\/www.mustadlatam.com\/br\/wp-content\/uploads\/8\/2025\/10\/ComfortMix-Hoof-Pad-Soft.jpg","datePublished":"2025-10-28T17:33:21+00:00","dateModified":"2026-03-09T23:13:19+00:00","description":"Acolchoamento extra macio para cascos sens\u00edveis absorve o impacto, seca rapidamente e adere a solas limpas e secas. Ideal para usar sob palmilhas\/protetores","breadcrumb":{"@id":"https:\/\/www.mustadlatam.com\/br\/product\/comfortmix-hoof-pad-soft-mustad\/#breadcrumb"},"inLanguage":"pt-BR","potentialAction":[{"@type":"ReadAction","target":["https:\/\/www.mustadlatam.com\/br\/product\/comfortmix-hoof-pad-soft-mustad\/"]}]},{"@type":"ImageObject","inLanguage":"pt-BR","@id":"https:\/\/www.mustadlatam.com\/br\/product\/comfortmix-hoof-pad-soft-mustad\/#primaryimage","url":"https:\/\/www.mustadlatam.com\/br\/wp-content\/uploads\/8\/2025\/10\/ComfortMix-Hoof-Pad-Soft.jpg","contentUrl":"https:\/\/www.mustadlatam.com\/br\/wp-content\/uploads\/8\/2025\/10\/ComfortMix-Hoof-Pad-Soft.jpg","width":800,"height":800,"caption":"ComfortMix Hoof Pad Soft"},{"@type":"BreadcrumbList","@id":"https:\/\/www.mustadlatam.com\/br\/product\/comfortmix-hoof-pad-soft-mustad\/#breadcrumb","itemListElement":[{"@type":"ListItem","position":1,"name":"Inicio","item":"https:\/\/www.mustadlatam.com\/br\/"},{"@type":"ListItem","position":2,"name":"Loja Mustad Brasil | Compre Ferraduras, Cravos e Ferramentas","item":"https:\/\/www.mustadlatam.com\/br\/shop\/"},{"@type":"ListItem","position":3,"name":"ComfortMix Hoof Pad Soft \u2013 Acolchoamento extra macio para solas sens\u00edveis"}]},{"@type":"WebSite","@id":"https:\/\/www.mustadlatam.com\/br\/#website","url":"https:\/\/www.mustadlatam.com\/br\/","name":"Mustad Brasil - Informa\u00e7\u00e3o, educa\u00e7\u00e3o e venda de produtos e ferramentas profissionais para ferreiros no Brasil.","description":"Ferraduras, grosas, pregos e acess\u00f3rios para cavalos","publisher":{"@id":"https:\/\/www.mustadlatam.com\/br\/#organization"},"potentialAction":[{"@type":"SearchAction","target":{"@type":"EntryPoint","urlTemplate":"https:\/\/www.mustadlatam.com\/br\/?s={search_term_string}"},"query-input":{"@type":"PropertyValueSpecification","valueRequired":true,"valueName":"search_term_string"}}],"inLanguage":"pt-BR"},{"@type":"Organization","@id":"https:\/\/www.mustadlatam.com\/br\/#organization","name":"Mustad Brasil - Informa\u00e7\u00e3o, educa\u00e7\u00e3o e venda de produtos e ferramentas profissionais para ferreiros no Brasil.","url":"https:\/\/www.mustadlatam.com\/br\/","logo":{"@type":"ImageObject","inLanguage":"pt-BR","@id":"https:\/\/www.mustadlatam.com\/br\/#\/schema\/logo\/image\/","url":"https:\/\/www.mustadlatam.com\/br\/wp-content\/uploads\/8\/2025\/12\/cropped-cropped-LOGO-MUSTAD-Final.png","contentUrl":"https:\/\/www.mustadlatam.com\/br\/wp-content\/uploads\/8\/2025\/12\/cropped-cropped-LOGO-MUSTAD-Final.png","width":500,"height":500,"caption":"Mustad Brasil - Informa\u00e7\u00e3o, Educa\u00e7\u00e3o e Venda de Produtos e Ferramentas Profissionais para Ferradores no Brasil."},"image":{"@id":"https:\/\/www.mustadlatam.com\/br\/#\/schema\/logo\/image\/"}}]}},"_links":{"self":[{"href":"https:\/\/www.mustadlatam.com\/br\/pt\/wp-json\/wp\/v2\/product\/927","targetHints":{"allow":["GET"]}}],"collection":[{"href":"https:\/\/www.mustadlatam.com\/br\/pt\/wp-json\/wp\/v2\/product"}],"about":[{"href":"https:\/\/www.mustadlatam.com\/br\/pt\/wp-json\/wp\/v2\/types\/product"}],"replies":[{"embeddable":true,"href":"https:\/\/www.mustadlatam.com\/br\/pt\/wp-json\/wp\/v2\/comments?post=927"}],"wp:featuredmedia":[{"embeddable":true,"href":"https:\/\/www.mustadlatam.com\/br\/pt\/wp-json\/wp\/v2\/media\/1252"}],"wp:attachment":[{"href":"https:\/\/www.mustadlatam.com\/br\/pt\/wp-json\/wp\/v2\/media?parent=927"}],"wp:term":[{"taxonomy":"product_brand","embeddable":true,"href":"https:\/\/www.mustadlatam.com\/br\/pt\/wp-json\/wp\/v2\/product_brand?post=927"},{"taxonomy":"product_cat","embeddable":true,"href":"https:\/\/www.mustadlatam.com\/br\/pt\/wp-json\/wp\/v2\/product_cat?post=927"},{"taxonomy":"product_tag","embeddable":true,"href":"https:\/\/www.mustadlatam.com\/br\/pt\/wp-json\/wp\/v2\/product_tag?post=927"}],"curies":[{"name":"wp","href":"https:\/\/api.w.org\/{rel}","templated":true}]}}