{"id":935,"date":"2025-10-28T13:52:44","date_gmt":"2025-10-28T18:52:44","guid":{"rendered":"https:\/\/mediplushub.com\/br\/?post_type=product&#038;p=935"},"modified":"2026-03-09T18:13:16","modified_gmt":"2026-03-09T23:13:16","slug":"comfortmix-blanco-hoof-repair-white-200-cc","status":"publish","type":"product","link":"https:\/\/www.mustadlatam.com\/br\/pt\/produtos\/comfortmix-blanco-hoof-repair-white-200-cc\/","title":{"rendered":"ComfortMix Hoof Repair White 200 cc \u2013 Reconstru\u00e7\u00e3o e colagem de cascos"},"content":{"rendered":"","protected":false},"excerpt":{"rendered":"<p>Resina de 200 cc para reconstru\u00e7\u00e3o da parede do casco e colagem de ferraduras. Adere a paredes de casco limpas e secas, seca em aproximadamente 1 minuto e endurece em cerca de 5 minutos, mantendo a flexibilidade necess\u00e1ria para acompanhar o movimento natural do casco. Endurece em uma cor branca\/bege, proporcionando um acabamento uniforme em cascos de cor clara.<\/p>\n<p><strong>Especialidade:<\/strong> Esta formula\u00e7\u00e3o adesiva da linha ComfortMix foi desenvolvida para reparo estrutural da parede do casco (rachaduras, perdas parciais, obtura\u00e7\u00f5es) e para colagem de ferraduras quando uma solu\u00e7\u00e3o espec\u00edfica ou tempor\u00e1ria \u00e9 necess\u00e1ria. A mistura \u00e9 aplicada diretamente na parede do casco limpa e seca, secando em aproximadamente 1 minuto e endurecendo em cerca de 5 minutos, mantendo a flexibilidade necess\u00e1ria para preservar a biomec\u00e2nica do casco.<\/p>\n<p><strong>Principais caracter\u00edsticas::<\/strong><\/p>\n<ul>\n<li>Cura r\u00e1pida com flexibilidade p\u00f3s-endurecimento: fixa em aproximadamente 1 minuto e endurece em cerca de 5 minutos, permitindo a reconstru\u00e7\u00e3o, modelagem e ferrageamento cont\u00ednuos sem interrup\u00e7\u00e3o do ritmo; o material mant\u00e9m a flexibilidade para evitar o enrijecimento da parede do casco.<\/li>\n<li>Dupla utiliza\u00e7\u00e3o: reparo da parede do casco e colagem da ferradura, aplicado diretamente em paredes de casco limpas e secas.<\/li>\n<li>Acabamento branco\/bege que proporciona um reparo uniforme em cascos de cor clara.<\/li>\n<li>Sistema ComfortMix 200 cc com bicos misturadores para dosagem homog\u00eanea e aplica\u00e7\u00e3o controlada.<\/li>\n<\/ul>","protected":false},"featured_media":936,"comment_status":"open","ping_status":"closed","template":"","meta":[],"product_brand":[412],"product_cat":[694,693],"product_tag":[708,714,718,710,719,903],"class_list":{"0":"post-935","1":"product","2":"type-product","3":"status-publish","4":"has-post-thumbnail","6":"product_brand-mustad","7":"product_cat-comfortmix","8":"product_cat-produtos-especiais","9":"product_tag-adhesivo-casco","10":"product_tag-comfortmix-200-cc","11":"product_tag-hoof-repair-white","12":"product_tag-pegado-de-herraduras","13":"product_tag-reparacion-de-muralla","14":"product_tag-semana-do-cliente-2026","15":"pa_disciplina-adestramento","16":"pa_disciplina-cavalgada","17":"pa_disciplina-hipismo","18":"pa_disciplina-laco","19":"pa_disciplina-marcha","20":"pa_disciplina-trabalho","21":"pa_disciplina-tres-tambores","22":"pa_disciplina-turf","23":"pa_marca-mustad","24":"pa_produtos-especiais-comfortmix","25":"pa_tipo-de-produto-producto-especial","27":"first","28":"instock","29":"shipping-taxable","30":"purchasable","31":"product-type-simple"},"yoast_head":"<!-- This site is optimized with the Yoast SEO plugin v27.4 - https:\/\/yoast.com\/product\/yoast-seo-wordpress\/ -->\n<title>ComfortMix Hoof Repair White 200 cc \u2013 Reconstru\u00e7\u00e3o e colagem - Mustad Brasil - Informa\u00e7\u00e3o, Educa\u00e7\u00e3o e Venda de Produtos e Ferramentas Profissionais para Ferradores no Brasil.<\/title>\n<meta name=\"description\" content=\"Resina ComfortMix para reparo da parede do casco e colagem de ferraduras. Endurece em aproximadamente 1 minuto, cura em aproximadamente 5 minutos e\" \/>\n<meta name=\"robots\" content=\"index, follow, max-snippet:-1, max-image-preview:large, max-video-preview:-1\" \/>\n<link rel=\"canonical\" href=\"https:\/\/www.mustadlatam.com\/br\/pt\/produtos\/comfortmix-blanco-hoof-repair-white-200-cc\/\" \/>\n<meta property=\"og:locale\" content=\"pt_BR\" \/>\n<meta property=\"og:type\" content=\"article\" \/>\n<meta property=\"og:title\" content=\"ComfortMix Hoof Repair White 200 cc \u2013 Reconstru\u00e7\u00e3o e colagem - Mustad Brasil - Informa\u00e7\u00e3o, Educa\u00e7\u00e3o e Venda de Produtos e Ferramentas Profissionais para Ferradores no Brasil.\" \/>\n<meta property=\"og:description\" content=\"Resina ComfortMix para reparo da parede do casco e colagem de ferraduras. Endurece em aproximadamente 1 minuto, cura em aproximadamente 5 minutos e\" \/>\n<meta property=\"og:url\" content=\"https:\/\/www.mustadlatam.com\/br\/pt\/produtos\/comfortmix-blanco-hoof-repair-white-200-cc\/\" \/>\n<meta property=\"og:site_name\" content=\"Mustad Brasil - Informa\u00e7\u00e3o, Educa\u00e7\u00e3o e Venda de Produtos e Ferramentas Profissionais para Ferradores no Brasil.\" \/>\n<meta property=\"article:modified_time\" content=\"2026-03-09T23:13:16+00:00\" \/>\n<meta property=\"og:image\" content=\"https:\/\/www.mustadlatam.com\/br\/wp-content\/uploads\/8\/2025\/10\/Productos-Especiales-Comfortmix-Hoof-repair-white.jpg\" \/>\n\t<meta property=\"og:image:width\" content=\"800\" \/>\n\t<meta property=\"og:image:height\" content=\"800\" \/>\n\t<meta property=\"og:image:type\" content=\"image\/jpeg\" \/>\n<meta name=\"twitter:card\" content=\"summary_large_image\" \/>\n<meta name=\"twitter:label1\" content=\"Est. tempo de leitura\" \/>\n\t<meta name=\"twitter:data1\" content=\"1 minuto\" \/>\n<script type=\"application\/ld+json\" class=\"yoast-schema-graph\">{\"@context\":\"https:\\\/\\\/schema.org\",\"@graph\":[{\"@type\":\"WebPage\",\"@id\":\"https:\\\/\\\/www.mustadlatam.com\\\/br\\\/product\\\/comfortmix-blanco-hoof-repair-white-200-cc\\\/\",\"url\":\"https:\\\/\\\/www.mustadlatam.com\\\/br\\\/product\\\/comfortmix-blanco-hoof-repair-white-200-cc\\\/\",\"name\":\"ComfortMix Hoof Repair White 200 cc \u2013 Reconstru\u00e7\u00e3o e colagem - Mustad Brasil - Informa\u00e7\u00e3o, Educa\u00e7\u00e3o e Venda de Produtos e Ferramentas Profissionais para Ferradores no Brasil.\",\"isPartOf\":{\"@id\":\"https:\\\/\\\/www.mustadlatam.com\\\/br\\\/#website\"},\"primaryImageOfPage\":{\"@id\":\"https:\\\/\\\/www.mustadlatam.com\\\/br\\\/product\\\/comfortmix-blanco-hoof-repair-white-200-cc\\\/#primaryimage\"},\"image\":{\"@id\":\"https:\\\/\\\/www.mustadlatam.com\\\/br\\\/product\\\/comfortmix-blanco-hoof-repair-white-200-cc\\\/#primaryimage\"},\"thumbnailUrl\":\"https:\\\/\\\/www.mustadlatam.com\\\/br\\\/wp-content\\\/uploads\\\/8\\\/2025\\\/10\\\/Productos-Especiales-Comfortmix-Hoof-repair-white.jpg\",\"datePublished\":\"2025-10-28T18:52:44+00:00\",\"dateModified\":\"2026-03-09T23:13:16+00:00\",\"description\":\"Resina ComfortMix para reparo da parede do casco e colagem de ferraduras. Endurece em aproximadamente 1 minuto, cura em aproximadamente 5 minutos e\",\"breadcrumb\":{\"@id\":\"https:\\\/\\\/www.mustadlatam.com\\\/br\\\/product\\\/comfortmix-blanco-hoof-repair-white-200-cc\\\/#breadcrumb\"},\"inLanguage\":\"pt-BR\",\"potentialAction\":[{\"@type\":\"ReadAction\",\"target\":[\"https:\\\/\\\/www.mustadlatam.com\\\/br\\\/product\\\/comfortmix-blanco-hoof-repair-white-200-cc\\\/\"]}]},{\"@type\":\"ImageObject\",\"inLanguage\":\"pt-BR\",\"@id\":\"https:\\\/\\\/www.mustadlatam.com\\\/br\\\/product\\\/comfortmix-blanco-hoof-repair-white-200-cc\\\/#primaryimage\",\"url\":\"https:\\\/\\\/www.mustadlatam.com\\\/br\\\/wp-content\\\/uploads\\\/8\\\/2025\\\/10\\\/Productos-Especiales-Comfortmix-Hoof-repair-white.jpg\",\"contentUrl\":\"https:\\\/\\\/www.mustadlatam.com\\\/br\\\/wp-content\\\/uploads\\\/8\\\/2025\\\/10\\\/Productos-Especiales-Comfortmix-Hoof-repair-white.jpg\",\"width\":800,\"height\":800,\"caption\":\"Productos Especiales Comfortmix-Hoof-repair-white\"},{\"@type\":\"BreadcrumbList\",\"@id\":\"https:\\\/\\\/www.mustadlatam.com\\\/br\\\/product\\\/comfortmix-blanco-hoof-repair-white-200-cc\\\/#breadcrumb\",\"itemListElement\":[{\"@type\":\"ListItem\",\"position\":1,\"name\":\"Inicio\",\"item\":\"https:\\\/\\\/www.mustadlatam.com\\\/br\\\/\"},{\"@type\":\"ListItem\",\"position\":2,\"name\":\"Loja Mustad Brasil | Compre Ferraduras, Cravos e Ferramentas\",\"item\":\"https:\\\/\\\/www.mustadlatam.com\\\/br\\\/shop\\\/\"},{\"@type\":\"ListItem\",\"position\":3,\"name\":\"ComfortMix Hoof Repair White 200 cc \u2013 Reconstru\u00e7\u00e3o e colagem de cascos\"}]},{\"@type\":\"WebSite\",\"@id\":\"https:\\\/\\\/www.mustadlatam.com\\\/br\\\/#website\",\"url\":\"https:\\\/\\\/www.mustadlatam.com\\\/br\\\/\",\"name\":\"Mustad Brasil - Informa\u00e7\u00e3o, Educa\u00e7\u00e3o e Venda de Produtos e Ferramentas Profissionais para Ferradores no Brasil.\",\"description\":\"Ferraduras, grosas, pregos e acess\u00f3rios para cavalos\",\"publisher\":{\"@id\":\"https:\\\/\\\/www.mustadlatam.com\\\/br\\\/#organization\"},\"potentialAction\":[{\"@type\":\"SearchAction\",\"target\":{\"@type\":\"EntryPoint\",\"urlTemplate\":\"https:\\\/\\\/www.mustadlatam.com\\\/br\\\/?s={search_term_string}\"},\"query-input\":{\"@type\":\"PropertyValueSpecification\",\"valueRequired\":true,\"valueName\":\"search_term_string\"}}],\"inLanguage\":\"pt-BR\"},{\"@type\":\"Organization\",\"@id\":\"https:\\\/\\\/www.mustadlatam.com\\\/br\\\/#organization\",\"name\":\"Mustad Brasil - Informa\u00e7\u00e3o, Educa\u00e7\u00e3o e Venda de Produtos e Ferramentas Profissionais para Ferradores no Brasil.\",\"url\":\"https:\\\/\\\/www.mustadlatam.com\\\/br\\\/\",\"logo\":{\"@type\":\"ImageObject\",\"inLanguage\":\"pt-BR\",\"@id\":\"https:\\\/\\\/www.mustadlatam.com\\\/br\\\/#\\\/schema\\\/logo\\\/image\\\/\",\"url\":\"https:\\\/\\\/www.mustadlatam.com\\\/br\\\/wp-content\\\/uploads\\\/8\\\/2025\\\/12\\\/cropped-cropped-LOGO-MUSTAD-Final.png\",\"contentUrl\":\"https:\\\/\\\/www.mustadlatam.com\\\/br\\\/wp-content\\\/uploads\\\/8\\\/2025\\\/12\\\/cropped-cropped-LOGO-MUSTAD-Final.png\",\"width\":500,\"height\":500,\"caption\":\"Mustad Brasil - Informa\u00e7\u00e3o, Educa\u00e7\u00e3o e Venda de Produtos e Ferramentas Profissionais para Ferradores no Brasil.\"},\"image\":{\"@id\":\"https:\\\/\\\/www.mustadlatam.com\\\/br\\\/#\\\/schema\\\/logo\\\/image\\\/\"}}]}<\/script>\n<!-- \/ Yoast SEO plugin. -->","yoast_head_json":{"title":"ComfortMix Hoof Repair White 200 cc \u2013 Reconstru\u00e7\u00e3o e colagem - Mustad Brasil - Informa\u00e7\u00e3o, Educa\u00e7\u00e3o e Venda de Produtos e Ferramentas Profissionais para Ferradores no Brasil.","description":"Resina ComfortMix para reparo da parede do casco e colagem de ferraduras. Endurece em aproximadamente 1 minuto, cura em aproximadamente 5 minutos e","robots":{"index":"index","follow":"follow","max-snippet":"max-snippet:-1","max-image-preview":"max-image-preview:large","max-video-preview":"max-video-preview:-1"},"canonical":"https:\/\/www.mustadlatam.com\/br\/pt\/produtos\/comfortmix-blanco-hoof-repair-white-200-cc\/","og_locale":"pt_BR","og_type":"article","og_title":"ComfortMix Hoof Repair White 200 cc \u2013 Reconstru\u00e7\u00e3o e colagem - Mustad Brasil - Informa\u00e7\u00e3o, Educa\u00e7\u00e3o e Venda de Produtos e Ferramentas Profissionais para Ferradores no Brasil.","og_description":"Resina ComfortMix para reparo da parede do casco e colagem de ferraduras. Endurece em aproximadamente 1 minuto, cura em aproximadamente 5 minutos e","og_url":"https:\/\/www.mustadlatam.com\/br\/pt\/produtos\/comfortmix-blanco-hoof-repair-white-200-cc\/","og_site_name":"Mustad Brasil - Informa\u00e7\u00e3o, Educa\u00e7\u00e3o e Venda de Produtos e Ferramentas Profissionais para Ferradores no Brasil.","article_modified_time":"2026-03-09T23:13:16+00:00","og_image":[{"width":800,"height":800,"url":"https:\/\/www.mustadlatam.com\/br\/wp-content\/uploads\/8\/2025\/10\/Productos-Especiales-Comfortmix-Hoof-repair-white.jpg","type":"image\/jpeg"}],"twitter_card":"summary_large_image","twitter_misc":{"Est. tempo de leitura":"1 minuto"},"schema":{"@context":"https:\/\/schema.org","@graph":[{"@type":"WebPage","@id":"https:\/\/www.mustadlatam.com\/br\/product\/comfortmix-blanco-hoof-repair-white-200-cc\/","url":"https:\/\/www.mustadlatam.com\/br\/product\/comfortmix-blanco-hoof-repair-white-200-cc\/","name":"ComfortMix Hoof Repair White 200 cc \u2013 Reconstru\u00e7\u00e3o e colagem - Mustad Brasil - Informa\u00e7\u00e3o, Educa\u00e7\u00e3o e Venda de Produtos e Ferramentas Profissionais para Ferradores no Brasil.","isPartOf":{"@id":"https:\/\/www.mustadlatam.com\/br\/#website"},"primaryImageOfPage":{"@id":"https:\/\/www.mustadlatam.com\/br\/product\/comfortmix-blanco-hoof-repair-white-200-cc\/#primaryimage"},"image":{"@id":"https:\/\/www.mustadlatam.com\/br\/product\/comfortmix-blanco-hoof-repair-white-200-cc\/#primaryimage"},"thumbnailUrl":"https:\/\/www.mustadlatam.com\/br\/wp-content\/uploads\/8\/2025\/10\/Productos-Especiales-Comfortmix-Hoof-repair-white.jpg","datePublished":"2025-10-28T18:52:44+00:00","dateModified":"2026-03-09T23:13:16+00:00","description":"Resina ComfortMix para reparo da parede do casco e colagem de ferraduras. Endurece em aproximadamente 1 minuto, cura em aproximadamente 5 minutos e","breadcrumb":{"@id":"https:\/\/www.mustadlatam.com\/br\/product\/comfortmix-blanco-hoof-repair-white-200-cc\/#breadcrumb"},"inLanguage":"pt-BR","potentialAction":[{"@type":"ReadAction","target":["https:\/\/www.mustadlatam.com\/br\/product\/comfortmix-blanco-hoof-repair-white-200-cc\/"]}]},{"@type":"ImageObject","inLanguage":"pt-BR","@id":"https:\/\/www.mustadlatam.com\/br\/product\/comfortmix-blanco-hoof-repair-white-200-cc\/#primaryimage","url":"https:\/\/www.mustadlatam.com\/br\/wp-content\/uploads\/8\/2025\/10\/Productos-Especiales-Comfortmix-Hoof-repair-white.jpg","contentUrl":"https:\/\/www.mustadlatam.com\/br\/wp-content\/uploads\/8\/2025\/10\/Productos-Especiales-Comfortmix-Hoof-repair-white.jpg","width":800,"height":800,"caption":"Productos Especiales Comfortmix-Hoof-repair-white"},{"@type":"BreadcrumbList","@id":"https:\/\/www.mustadlatam.com\/br\/product\/comfortmix-blanco-hoof-repair-white-200-cc\/#breadcrumb","itemListElement":[{"@type":"ListItem","position":1,"name":"Inicio","item":"https:\/\/www.mustadlatam.com\/br\/"},{"@type":"ListItem","position":2,"name":"Loja Mustad Brasil | Compre Ferraduras, Cravos e Ferramentas","item":"https:\/\/www.mustadlatam.com\/br\/shop\/"},{"@type":"ListItem","position":3,"name":"ComfortMix Hoof Repair White 200 cc \u2013 Reconstru\u00e7\u00e3o e colagem de cascos"}]},{"@type":"WebSite","@id":"https:\/\/www.mustadlatam.com\/br\/#website","url":"https:\/\/www.mustadlatam.com\/br\/","name":"Mustad Brasil - Informa\u00e7\u00e3o, educa\u00e7\u00e3o e venda de produtos e ferramentas profissionais para ferreiros no Brasil.","description":"Ferraduras, grosas, pregos e acess\u00f3rios para cavalos","publisher":{"@id":"https:\/\/www.mustadlatam.com\/br\/#organization"},"potentialAction":[{"@type":"SearchAction","target":{"@type":"EntryPoint","urlTemplate":"https:\/\/www.mustadlatam.com\/br\/?s={search_term_string}"},"query-input":{"@type":"PropertyValueSpecification","valueRequired":true,"valueName":"search_term_string"}}],"inLanguage":"pt-BR"},{"@type":"Organization","@id":"https:\/\/www.mustadlatam.com\/br\/#organization","name":"Mustad Brasil - Informa\u00e7\u00e3o, educa\u00e7\u00e3o e venda de produtos e ferramentas profissionais para ferreiros no Brasil.","url":"https:\/\/www.mustadlatam.com\/br\/","logo":{"@type":"ImageObject","inLanguage":"pt-BR","@id":"https:\/\/www.mustadlatam.com\/br\/#\/schema\/logo\/image\/","url":"https:\/\/www.mustadlatam.com\/br\/wp-content\/uploads\/8\/2025\/12\/cropped-cropped-LOGO-MUSTAD-Final.png","contentUrl":"https:\/\/www.mustadlatam.com\/br\/wp-content\/uploads\/8\/2025\/12\/cropped-cropped-LOGO-MUSTAD-Final.png","width":500,"height":500,"caption":"Mustad Brasil - Informa\u00e7\u00e3o, Educa\u00e7\u00e3o e Venda de Produtos e Ferramentas Profissionais para Ferradores no Brasil."},"image":{"@id":"https:\/\/www.mustadlatam.com\/br\/#\/schema\/logo\/image\/"}}]}},"_links":{"self":[{"href":"https:\/\/www.mustadlatam.com\/br\/pt\/wp-json\/wp\/v2\/product\/935","targetHints":{"allow":["GET"]}}],"collection":[{"href":"https:\/\/www.mustadlatam.com\/br\/pt\/wp-json\/wp\/v2\/product"}],"about":[{"href":"https:\/\/www.mustadlatam.com\/br\/pt\/wp-json\/wp\/v2\/types\/product"}],"replies":[{"embeddable":true,"href":"https:\/\/www.mustadlatam.com\/br\/pt\/wp-json\/wp\/v2\/comments?post=935"}],"wp:featuredmedia":[{"embeddable":true,"href":"https:\/\/www.mustadlatam.com\/br\/pt\/wp-json\/wp\/v2\/media\/936"}],"wp:attachment":[{"href":"https:\/\/www.mustadlatam.com\/br\/pt\/wp-json\/wp\/v2\/media?parent=935"}],"wp:term":[{"taxonomy":"product_brand","embeddable":true,"href":"https:\/\/www.mustadlatam.com\/br\/pt\/wp-json\/wp\/v2\/product_brand?post=935"},{"taxonomy":"product_cat","embeddable":true,"href":"https:\/\/www.mustadlatam.com\/br\/pt\/wp-json\/wp\/v2\/product_cat?post=935"},{"taxonomy":"product_tag","embeddable":true,"href":"https:\/\/www.mustadlatam.com\/br\/pt\/wp-json\/wp\/v2\/product_tag?post=935"}],"curies":[{"name":"wp","href":"https:\/\/api.w.org\/{rel}","templated":true}]}}