{"id":937,"date":"2025-10-28T14:26:28","date_gmt":"2025-10-28T19:26:28","guid":{"rendered":"https:\/\/mediplushub.com\/br\/?post_type=product&#038;p=937"},"modified":"2026-03-09T18:13:15","modified_gmt":"2026-03-09T23:13:15","slug":"comfortmix-200-cc-dispenser","status":"publish","type":"product","link":"https:\/\/www.mustadlatam.com\/br\/pt\/produtos\/comfortmix-200-cc-dispenser\/","title":{"rendered":"ComfortMix 200 cc Dispenser \u2013 pistola aplicadora"},"content":{"rendered":"","protected":false},"excerpt":{"rendered":"<p>Pistola dosadora para cartuchos ComfortMix de 200 ml; garante dosagem homog\u00eanea e aplica\u00e7\u00e3o precisa com bicos de mistura compat\u00edveis.<\/p>\n<p><strong>Especialidade:<\/strong> ferramenta de aplica\u00e7\u00e3o projetada para cartuchos bicomponentes de 200 ml da linha ComfortMix (adesivos, almofadas e materiais de base), otimizando a mistura e o fluxo do material durante a aplica\u00e7\u00e3o na sola e na parede do casco. O uso com bicos de mistura garante uma mistura consistente e reduz o desperd\u00edcio.<\/p>\n<ul>\n<li>Dosagem precisa e sem desperd\u00edcio de cartuchos de 200 ml; opera\u00e7\u00e3o suave e dur\u00e1vel para uso cont\u00ednuo na oficina e no campo.<\/li>\n<li>Compat\u00edvel com a linha ComfortMix de 200 ml e os bicos de mistura espec\u00edficos da linha.<\/li>\n<li>Design de carregamento superior e corpo robusto, entre as melhores pistolas do mercado, projetada para cartuchos duplos de 200\/210 ml.<\/li>\n<li>Recomenda-se o uso com resinas e bicos de mistura ComfortMix para garantir uma cura uniforme.<\/li>\n<\/ul>","protected":false},"featured_media":938,"comment_status":"open","ping_status":"closed","template":"","meta":[],"product_brand":[412],"product_cat":[694,693],"product_tag":[722,695,724,720,723,721,903],"class_list":{"0":"post-937","1":"product","2":"type-product","3":"status-publish","4":"has-post-thumbnail","6":"product_brand-mustad","7":"product_cat-comfortmix","8":"product_cat-produtos-especiais","9":"product_tag-cartuchos-resina","10":"product_tag-comfortmix","11":"product_tag-dispensador","12":"product_tag-dispenser-200-cc","13":"product_tag-mixing-tips","14":"product_tag-pistola-aplicadora","15":"product_tag-semana-do-cliente-2026","16":"pa_disciplina-adestramento","17":"pa_disciplina-cavalgada","18":"pa_disciplina-hipismo","19":"pa_disciplina-laco","20":"pa_disciplina-marcha","21":"pa_disciplina-trabalho","22":"pa_disciplina-tres-tambores","23":"pa_disciplina-turf","24":"pa_marca-mustad","25":"pa_produtos-especiais-comfortmix","26":"pa_tipo-de-produto-producto-especial","28":"first","29":"instock","30":"shipping-taxable","31":"purchasable","32":"product-type-simple"},"yoast_head":"<!-- This site is optimized with the Yoast SEO plugin v27.4 - https:\/\/yoast.com\/product\/yoast-seo-wordpress\/ -->\n<title>ComfortMix 200 cc Dispenser \u2013 pistola aplicadora - Mustad Brasil - Informa\u00e7\u00e3o, Educa\u00e7\u00e3o e Venda de Produtos e Ferramentas Profissionais para Ferradores no Brasil.<\/title>\n<meta name=\"description\" content=\"Pistola aplicadora para cartuchos ComfortMix de 200 cc. Garante dosagem homog\u00eanea e pode ser usada com bicos de mistura compat\u00edveis para aplica\u00e7\u00f5es limpas e\" \/>\n<meta name=\"robots\" content=\"index, follow, max-snippet:-1, max-image-preview:large, max-video-preview:-1\" \/>\n<link rel=\"canonical\" href=\"https:\/\/www.mustadlatam.com\/br\/pt\/produtos\/comfortmix-200-cc-dispenser\/\" \/>\n<meta property=\"og:locale\" content=\"pt_BR\" \/>\n<meta property=\"og:type\" content=\"article\" \/>\n<meta property=\"og:title\" content=\"ComfortMix 200 cc Dispenser \u2013 pistola aplicadora - Mustad Brasil - Informa\u00e7\u00e3o, Educa\u00e7\u00e3o e Venda de Produtos e Ferramentas Profissionais para Ferradores no Brasil.\" \/>\n<meta property=\"og:description\" content=\"Pistola aplicadora para cartuchos ComfortMix de 200 cc. Garante dosagem homog\u00eanea e pode ser usada com bicos de mistura compat\u00edveis para aplica\u00e7\u00f5es limpas e\" \/>\n<meta property=\"og:url\" content=\"https:\/\/www.mustadlatam.com\/br\/pt\/produtos\/comfortmix-200-cc-dispenser\/\" \/>\n<meta property=\"og:site_name\" content=\"Mustad Brasil - Informa\u00e7\u00e3o, Educa\u00e7\u00e3o e Venda de Produtos e Ferramentas Profissionais para Ferradores no Brasil.\" \/>\n<meta property=\"article:modified_time\" content=\"2026-03-09T23:13:15+00:00\" \/>\n<meta property=\"og:image\" content=\"https:\/\/www.mustadlatam.com\/br\/wp-content\/uploads\/8\/2025\/10\/Productos-Especiales-Comfortmix-200-cc-dispensador.jpg\" \/>\n\t<meta property=\"og:image:width\" content=\"800\" \/>\n\t<meta property=\"og:image:height\" content=\"800\" \/>\n\t<meta property=\"og:image:type\" content=\"image\/jpeg\" \/>\n<meta name=\"twitter:card\" content=\"summary_large_image\" \/>\n<meta name=\"twitter:label1\" content=\"Est. tempo de leitura\" \/>\n\t<meta name=\"twitter:data1\" content=\"1 minuto\" \/>\n<script type=\"application\/ld+json\" class=\"yoast-schema-graph\">{\"@context\":\"https:\\\/\\\/schema.org\",\"@graph\":[{\"@type\":\"WebPage\",\"@id\":\"https:\\\/\\\/www.mustadlatam.com\\\/br\\\/product\\\/comfortmix-200-cc-dispenser\\\/\",\"url\":\"https:\\\/\\\/www.mustadlatam.com\\\/br\\\/product\\\/comfortmix-200-cc-dispenser\\\/\",\"name\":\"ComfortMix 200 cc Dispenser \u2013 pistola aplicadora - Mustad Brasil - Informa\u00e7\u00e3o, Educa\u00e7\u00e3o e Venda de Produtos e Ferramentas Profissionais para Ferradores no Brasil.\",\"isPartOf\":{\"@id\":\"https:\\\/\\\/www.mustadlatam.com\\\/br\\\/#website\"},\"primaryImageOfPage\":{\"@id\":\"https:\\\/\\\/www.mustadlatam.com\\\/br\\\/product\\\/comfortmix-200-cc-dispenser\\\/#primaryimage\"},\"image\":{\"@id\":\"https:\\\/\\\/www.mustadlatam.com\\\/br\\\/product\\\/comfortmix-200-cc-dispenser\\\/#primaryimage\"},\"thumbnailUrl\":\"https:\\\/\\\/www.mustadlatam.com\\\/br\\\/wp-content\\\/uploads\\\/8\\\/2025\\\/10\\\/Productos-Especiales-Comfortmix-200-cc-dispensador.jpg\",\"datePublished\":\"2025-10-28T19:26:28+00:00\",\"dateModified\":\"2026-03-09T23:13:15+00:00\",\"description\":\"Pistola aplicadora para cartuchos ComfortMix de 200 cc. Garante dosagem homog\u00eanea e pode ser usada com bicos de mistura compat\u00edveis para aplica\u00e7\u00f5es limpas e\",\"breadcrumb\":{\"@id\":\"https:\\\/\\\/www.mustadlatam.com\\\/br\\\/product\\\/comfortmix-200-cc-dispenser\\\/#breadcrumb\"},\"inLanguage\":\"pt-BR\",\"potentialAction\":[{\"@type\":\"ReadAction\",\"target\":[\"https:\\\/\\\/www.mustadlatam.com\\\/br\\\/product\\\/comfortmix-200-cc-dispenser\\\/\"]}]},{\"@type\":\"ImageObject\",\"inLanguage\":\"pt-BR\",\"@id\":\"https:\\\/\\\/www.mustadlatam.com\\\/br\\\/product\\\/comfortmix-200-cc-dispenser\\\/#primaryimage\",\"url\":\"https:\\\/\\\/www.mustadlatam.com\\\/br\\\/wp-content\\\/uploads\\\/8\\\/2025\\\/10\\\/Productos-Especiales-Comfortmix-200-cc-dispensador.jpg\",\"contentUrl\":\"https:\\\/\\\/www.mustadlatam.com\\\/br\\\/wp-content\\\/uploads\\\/8\\\/2025\\\/10\\\/Productos-Especiales-Comfortmix-200-cc-dispensador.jpg\",\"width\":800,\"height\":800,\"caption\":\"Productos Especiales Comfortmix 200-cc-dispensador\"},{\"@type\":\"BreadcrumbList\",\"@id\":\"https:\\\/\\\/www.mustadlatam.com\\\/br\\\/product\\\/comfortmix-200-cc-dispenser\\\/#breadcrumb\",\"itemListElement\":[{\"@type\":\"ListItem\",\"position\":1,\"name\":\"Inicio\",\"item\":\"https:\\\/\\\/www.mustadlatam.com\\\/br\\\/\"},{\"@type\":\"ListItem\",\"position\":2,\"name\":\"Loja Mustad Brasil | Compre Ferraduras, Cravos e Ferramentas\",\"item\":\"https:\\\/\\\/www.mustadlatam.com\\\/br\\\/shop\\\/\"},{\"@type\":\"ListItem\",\"position\":3,\"name\":\"ComfortMix 200 cc Dispenser \u2013 pistola aplicadora\"}]},{\"@type\":\"WebSite\",\"@id\":\"https:\\\/\\\/www.mustadlatam.com\\\/br\\\/#website\",\"url\":\"https:\\\/\\\/www.mustadlatam.com\\\/br\\\/\",\"name\":\"Mustad Brasil - Informa\u00e7\u00e3o, Educa\u00e7\u00e3o e Venda de Produtos e Ferramentas Profissionais para Ferradores no Brasil.\",\"description\":\"Ferraduras, grosas, pregos e acess\u00f3rios para cavalos\",\"publisher\":{\"@id\":\"https:\\\/\\\/www.mustadlatam.com\\\/br\\\/#organization\"},\"potentialAction\":[{\"@type\":\"SearchAction\",\"target\":{\"@type\":\"EntryPoint\",\"urlTemplate\":\"https:\\\/\\\/www.mustadlatam.com\\\/br\\\/?s={search_term_string}\"},\"query-input\":{\"@type\":\"PropertyValueSpecification\",\"valueRequired\":true,\"valueName\":\"search_term_string\"}}],\"inLanguage\":\"pt-BR\"},{\"@type\":\"Organization\",\"@id\":\"https:\\\/\\\/www.mustadlatam.com\\\/br\\\/#organization\",\"name\":\"Mustad Brasil - Informa\u00e7\u00e3o, Educa\u00e7\u00e3o e Venda de Produtos e Ferramentas Profissionais para Ferradores no Brasil.\",\"url\":\"https:\\\/\\\/www.mustadlatam.com\\\/br\\\/\",\"logo\":{\"@type\":\"ImageObject\",\"inLanguage\":\"pt-BR\",\"@id\":\"https:\\\/\\\/www.mustadlatam.com\\\/br\\\/#\\\/schema\\\/logo\\\/image\\\/\",\"url\":\"https:\\\/\\\/www.mustadlatam.com\\\/br\\\/wp-content\\\/uploads\\\/8\\\/2025\\\/12\\\/cropped-cropped-LOGO-MUSTAD-Final.png\",\"contentUrl\":\"https:\\\/\\\/www.mustadlatam.com\\\/br\\\/wp-content\\\/uploads\\\/8\\\/2025\\\/12\\\/cropped-cropped-LOGO-MUSTAD-Final.png\",\"width\":500,\"height\":500,\"caption\":\"Mustad Brasil - Informa\u00e7\u00e3o, Educa\u00e7\u00e3o e Venda de Produtos e Ferramentas Profissionais para Ferradores no Brasil.\"},\"image\":{\"@id\":\"https:\\\/\\\/www.mustadlatam.com\\\/br\\\/#\\\/schema\\\/logo\\\/image\\\/\"}}]}<\/script>\n<!-- \/ Yoast SEO plugin. -->","yoast_head_json":{"title":"ComfortMix 200 cc Dispenser \u2013 pistola aplicadora - Mustad Brasil - Informa\u00e7\u00e3o, Educa\u00e7\u00e3o e Venda de Produtos e Ferramentas Profissionais para Ferradores no Brasil.","description":"Pistola aplicadora para cartuchos ComfortMix de 200 cc. Garante dosagem homog\u00eanea e pode ser usada com bicos de mistura compat\u00edveis para aplica\u00e7\u00f5es limpas e","robots":{"index":"index","follow":"follow","max-snippet":"max-snippet:-1","max-image-preview":"max-image-preview:large","max-video-preview":"max-video-preview:-1"},"canonical":"https:\/\/www.mustadlatam.com\/br\/pt\/produtos\/comfortmix-200-cc-dispenser\/","og_locale":"pt_BR","og_type":"article","og_title":"ComfortMix 200 cc Dispenser \u2013 pistola aplicadora - Mustad Brasil - Informa\u00e7\u00e3o, Educa\u00e7\u00e3o e Venda de Produtos e Ferramentas Profissionais para Ferradores no Brasil.","og_description":"Pistola aplicadora para cartuchos ComfortMix de 200 cc. Garante dosagem homog\u00eanea e pode ser usada com bicos de mistura compat\u00edveis para aplica\u00e7\u00f5es limpas e","og_url":"https:\/\/www.mustadlatam.com\/br\/pt\/produtos\/comfortmix-200-cc-dispenser\/","og_site_name":"Mustad Brasil - Informa\u00e7\u00e3o, Educa\u00e7\u00e3o e Venda de Produtos e Ferramentas Profissionais para Ferradores no Brasil.","article_modified_time":"2026-03-09T23:13:15+00:00","og_image":[{"width":800,"height":800,"url":"https:\/\/www.mustadlatam.com\/br\/wp-content\/uploads\/8\/2025\/10\/Productos-Especiales-Comfortmix-200-cc-dispensador.jpg","type":"image\/jpeg"}],"twitter_card":"summary_large_image","twitter_misc":{"Est. tempo de leitura":"1 minuto"},"schema":{"@context":"https:\/\/schema.org","@graph":[{"@type":"WebPage","@id":"https:\/\/www.mustadlatam.com\/br\/product\/comfortmix-200-cc-dispenser\/","url":"https:\/\/www.mustadlatam.com\/br\/product\/comfortmix-200-cc-dispenser\/","name":"ComfortMix 200 cc Dispenser \u2013 pistola aplicadora - Mustad Brasil - Informa\u00e7\u00e3o, Educa\u00e7\u00e3o e Venda de Produtos e Ferramentas Profissionais para Ferradores no Brasil.","isPartOf":{"@id":"https:\/\/www.mustadlatam.com\/br\/#website"},"primaryImageOfPage":{"@id":"https:\/\/www.mustadlatam.com\/br\/product\/comfortmix-200-cc-dispenser\/#primaryimage"},"image":{"@id":"https:\/\/www.mustadlatam.com\/br\/product\/comfortmix-200-cc-dispenser\/#primaryimage"},"thumbnailUrl":"https:\/\/www.mustadlatam.com\/br\/wp-content\/uploads\/8\/2025\/10\/Productos-Especiales-Comfortmix-200-cc-dispensador.jpg","datePublished":"2025-10-28T19:26:28+00:00","dateModified":"2026-03-09T23:13:15+00:00","description":"Pistola aplicadora para cartuchos ComfortMix de 200 cc. Garante dosagem homog\u00eanea e pode ser usada com bicos de mistura compat\u00edveis para aplica\u00e7\u00f5es limpas e","breadcrumb":{"@id":"https:\/\/www.mustadlatam.com\/br\/product\/comfortmix-200-cc-dispenser\/#breadcrumb"},"inLanguage":"pt-BR","potentialAction":[{"@type":"ReadAction","target":["https:\/\/www.mustadlatam.com\/br\/product\/comfortmix-200-cc-dispenser\/"]}]},{"@type":"ImageObject","inLanguage":"pt-BR","@id":"https:\/\/www.mustadlatam.com\/br\/product\/comfortmix-200-cc-dispenser\/#primaryimage","url":"https:\/\/www.mustadlatam.com\/br\/wp-content\/uploads\/8\/2025\/10\/Productos-Especiales-Comfortmix-200-cc-dispensador.jpg","contentUrl":"https:\/\/www.mustadlatam.com\/br\/wp-content\/uploads\/8\/2025\/10\/Productos-Especiales-Comfortmix-200-cc-dispensador.jpg","width":800,"height":800,"caption":"Productos Especiales Comfortmix 200-cc-dispensador"},{"@type":"BreadcrumbList","@id":"https:\/\/www.mustadlatam.com\/br\/product\/comfortmix-200-cc-dispenser\/#breadcrumb","itemListElement":[{"@type":"ListItem","position":1,"name":"Inicio","item":"https:\/\/www.mustadlatam.com\/br\/"},{"@type":"ListItem","position":2,"name":"Loja Mustad Brasil | Compre Ferraduras, Cravos e Ferramentas","item":"https:\/\/www.mustadlatam.com\/br\/shop\/"},{"@type":"ListItem","position":3,"name":"ComfortMix 200 cc Dispenser \u2013 pistola aplicadora"}]},{"@type":"WebSite","@id":"https:\/\/www.mustadlatam.com\/br\/#website","url":"https:\/\/www.mustadlatam.com\/br\/","name":"Mustad Brasil - Informa\u00e7\u00e3o, educa\u00e7\u00e3o e venda de produtos e ferramentas profissionais para ferreiros no Brasil.","description":"Ferraduras, grosas, pregos e acess\u00f3rios para cavalos","publisher":{"@id":"https:\/\/www.mustadlatam.com\/br\/#organization"},"potentialAction":[{"@type":"SearchAction","target":{"@type":"EntryPoint","urlTemplate":"https:\/\/www.mustadlatam.com\/br\/?s={search_term_string}"},"query-input":{"@type":"PropertyValueSpecification","valueRequired":true,"valueName":"search_term_string"}}],"inLanguage":"pt-BR"},{"@type":"Organization","@id":"https:\/\/www.mustadlatam.com\/br\/#organization","name":"Mustad Brasil - Informa\u00e7\u00e3o, educa\u00e7\u00e3o e venda de produtos e ferramentas profissionais para ferreiros no Brasil.","url":"https:\/\/www.mustadlatam.com\/br\/","logo":{"@type":"ImageObject","inLanguage":"pt-BR","@id":"https:\/\/www.mustadlatam.com\/br\/#\/schema\/logo\/image\/","url":"https:\/\/www.mustadlatam.com\/br\/wp-content\/uploads\/8\/2025\/12\/cropped-cropped-LOGO-MUSTAD-Final.png","contentUrl":"https:\/\/www.mustadlatam.com\/br\/wp-content\/uploads\/8\/2025\/12\/cropped-cropped-LOGO-MUSTAD-Final.png","width":500,"height":500,"caption":"Mustad Brasil - Informa\u00e7\u00e3o, Educa\u00e7\u00e3o e Venda de Produtos e Ferramentas Profissionais para Ferradores no Brasil."},"image":{"@id":"https:\/\/www.mustadlatam.com\/br\/#\/schema\/logo\/image\/"}}]}},"_links":{"self":[{"href":"https:\/\/www.mustadlatam.com\/br\/pt\/wp-json\/wp\/v2\/product\/937","targetHints":{"allow":["GET"]}}],"collection":[{"href":"https:\/\/www.mustadlatam.com\/br\/pt\/wp-json\/wp\/v2\/product"}],"about":[{"href":"https:\/\/www.mustadlatam.com\/br\/pt\/wp-json\/wp\/v2\/types\/product"}],"replies":[{"embeddable":true,"href":"https:\/\/www.mustadlatam.com\/br\/pt\/wp-json\/wp\/v2\/comments?post=937"}],"wp:featuredmedia":[{"embeddable":true,"href":"https:\/\/www.mustadlatam.com\/br\/pt\/wp-json\/wp\/v2\/media\/938"}],"wp:attachment":[{"href":"https:\/\/www.mustadlatam.com\/br\/pt\/wp-json\/wp\/v2\/media?parent=937"}],"wp:term":[{"taxonomy":"product_brand","embeddable":true,"href":"https:\/\/www.mustadlatam.com\/br\/pt\/wp-json\/wp\/v2\/product_brand?post=937"},{"taxonomy":"product_cat","embeddable":true,"href":"https:\/\/www.mustadlatam.com\/br\/pt\/wp-json\/wp\/v2\/product_cat?post=937"},{"taxonomy":"product_tag","embeddable":true,"href":"https:\/\/www.mustadlatam.com\/br\/pt\/wp-json\/wp\/v2\/product_tag?post=937"}],"curies":[{"name":"wp","href":"https:\/\/api.w.org\/{rel}","templated":true}]}}