{"id":958,"date":"2025-10-29T11:24:03","date_gmt":"2025-10-29T16:24:03","guid":{"rendered":"https:\/\/mediplushub.com\/br\/?post_type=product&#038;p=958"},"modified":"2026-03-09T18:13:13","modified_gmt":"2026-03-09T23:13:13","slug":"palmilha-3d-ed-eclipse","status":"publish","type":"product","link":"https:\/\/www.mustadlatam.com\/br\/pt\/produtos\/palmilha-3d-ed-eclipse\/","title":{"rendered":"Palmilha 3D Jim Blurton \u2013 ED ECLIPSE"},"content":{"rendered":"","protected":false},"excerpt":{"rendered":"<p>Almofada de desempenho 3D leve: suporte para a regi\u00e3o caudal do casco e ranilha; op\u00e7\u00e3o de 2 graus para posicionamento da ranilha. Recomendada com a almofada para casco para aplica\u00e7\u00f5es de alta velocidade.<\/p>\n<p><strong>Especialidade:<\/strong> Palmilha 3D projetada para corridas e situa\u00e7\u00f5es de velocidade que exigem al\u00edvio de press\u00e3o e suporte direcionado na regi\u00e3o caudal e na ranilha. A vers\u00e3o Normal oferece leveza e suporte equilibrado; a vers\u00e3o 2 Degree incorpora um \u00e2ngulo que ajuda a manter a posi\u00e7\u00e3o da ranilha em cavalos que precisam de suporte na &#8220;coluna&#8221; (linha m\u00e9dia de suporte). Ambas podem ser combinadas com o material de impress\u00e3o Hoof Cushion para veda\u00e7\u00e3o e conforto sob a palmilha. Tamanhos dispon\u00edveis: Normal 2\u20135; 2 Degree 3\u20135.<\/p>\n<p><strong>Caracter\u00edsticas principais:<\/strong><\/p>\n<ul>\n<li>Design 3D leve para uso em corridas\/velocidade; suporte para a parte caudal do casco e para a ranilha.<\/li>\n<li>Variante 2 Degree que ayuda a sostener la posici\u00f3n de la ranilla cuando se requiere mayor direccionamiento.<\/li>\n<li>Tamanhos dispon\u00edveis: Normal 2\u20135; 2 graus 3\u20135. Op\u00e7\u00f5es de \u00e2ngulo: Grau \/ Normal.<\/li>\n<li>Compat\u00edvel com amortecimento para cascos, proporcionando melhor veda\u00e7\u00e3o e conforto.<\/li>\n<\/ul>","protected":false},"featured_media":959,"comment_status":"open","ping_status":"closed","template":"","meta":[],"product_brand":[776],"product_cat":[728,693],"product_tag":[771,773,770,696,774,769,903,772],"class_list":{"0":"post-958","1":"product","2":"type-product","3":"status-publish","4":"has-post-thumbnail","6":"product_brand-jim-blurton","7":"product_cat-palmilhas","8":"product_cat-produtos-especiais","9":"product_tag-2-degree","10":"product_tag-carreras-y-velocidad","11":"product_tag-ed-eclipse","12":"product_tag-hoof-cushion","13":"product_tag-jim-blurton","14":"product_tag-plantilla-3d","15":"product_tag-semana-do-cliente-2026","16":"product_tag-soporte-de-ranilla","17":"pa_angulo-de-palmilha-2-graus","18":"pa_angulo-de-palmilha-reto","19":"pa_marca-jim-blurton","20":"pa_produtos-especiais-palmilhas","21":"pa_tamanho-da-palmilha-775","22":"pa_tamanho-da-palmilha-764","23":"pa_tamanho-da-palmilha-765","24":"pa_tamanho-da-palmilha-766","25":"pa_tipo-de-produto-producto-especial","27":"first","28":"instock","29":"shipping-taxable","30":"purchasable","31":"product-type-variable"},"yoast_head":"<!-- This site is optimized with the Yoast SEO plugin v27.4 - https:\/\/yoast.com\/product\/yoast-seo-wordpress\/ -->\n<title>Palmilha 3D Jim Blurton \u2013 ED ECLIPSE (Normal \/ 2 Degree) - Mustad Brasil - Informa\u00e7\u00e3o, Educa\u00e7\u00e3o e Venda de Produtos e Ferramentas Profissionais para Ferradores no Brasil.<\/title>\n<meta name=\"description\" content=\"Palmilha 3D leve para corrida e velocidade. Suporte para a cauda e ranilha; op\u00e7\u00e3o de 2 graus para posicionamento. Compat\u00edvel com a almofada para casco.\" \/>\n<meta name=\"robots\" content=\"index, follow, max-snippet:-1, max-image-preview:large, max-video-preview:-1\" \/>\n<link rel=\"canonical\" href=\"https:\/\/www.mustadlatam.com\/br\/pt\/produtos\/palmilha-3d-ed-eclipse\/\" \/>\n<meta property=\"og:locale\" content=\"pt_BR\" \/>\n<meta property=\"og:type\" content=\"article\" \/>\n<meta property=\"og:title\" content=\"Palmilha 3D Jim Blurton \u2013 ED ECLIPSE (Normal \/ 2 Degree) - Mustad Brasil - Informa\u00e7\u00e3o, Educa\u00e7\u00e3o e Venda de Produtos e Ferramentas Profissionais para Ferradores no Brasil.\" \/>\n<meta property=\"og:description\" content=\"Palmilha 3D leve para corrida e velocidade. Suporte para a cauda e ranilha; op\u00e7\u00e3o de 2 graus para posicionamento. Compat\u00edvel com a almofada para casco.\" \/>\n<meta property=\"og:url\" content=\"https:\/\/www.mustadlatam.com\/br\/pt\/produtos\/palmilha-3d-ed-eclipse\/\" \/>\n<meta property=\"og:site_name\" content=\"Mustad Brasil - Informa\u00e7\u00e3o, Educa\u00e7\u00e3o e Venda de Produtos e Ferramentas Profissionais para Ferradores no Brasil.\" \/>\n<meta property=\"article:modified_time\" content=\"2026-03-09T23:13:13+00:00\" \/>\n<meta property=\"og:image\" content=\"https:\/\/www.mustadlatam.com\/br\/wp-content\/uploads\/8\/2025\/10\/Productos-Especiales-Plantilla-3D-Ed-Eclipse-Pad1.png\" \/>\n\t<meta property=\"og:image:width\" content=\"1024\" \/>\n\t<meta property=\"og:image:height\" content=\"768\" \/>\n\t<meta property=\"og:image:type\" content=\"image\/png\" \/>\n<meta name=\"twitter:card\" content=\"summary_large_image\" \/>\n<meta name=\"twitter:label1\" content=\"Est. tempo de leitura\" \/>\n\t<meta name=\"twitter:data1\" content=\"1 minuto\" \/>\n<script type=\"application\/ld+json\" class=\"yoast-schema-graph\">{\"@context\":\"https:\\\/\\\/schema.org\",\"@graph\":[{\"@type\":\"WebPage\",\"@id\":\"https:\\\/\\\/www.mustadlatam.com\\\/br\\\/product\\\/palmilha-3d-ed-eclipse\\\/\",\"url\":\"https:\\\/\\\/www.mustadlatam.com\\\/br\\\/product\\\/palmilha-3d-ed-eclipse\\\/\",\"name\":\"Palmilha 3D Jim Blurton \u2013 ED ECLIPSE (Normal \\\/ 2 Degree) - Mustad Brasil - Informa\u00e7\u00e3o, Educa\u00e7\u00e3o e Venda de Produtos e Ferramentas Profissionais para Ferradores no Brasil.\",\"isPartOf\":{\"@id\":\"https:\\\/\\\/www.mustadlatam.com\\\/br\\\/#website\"},\"primaryImageOfPage\":{\"@id\":\"https:\\\/\\\/www.mustadlatam.com\\\/br\\\/product\\\/palmilha-3d-ed-eclipse\\\/#primaryimage\"},\"image\":{\"@id\":\"https:\\\/\\\/www.mustadlatam.com\\\/br\\\/product\\\/palmilha-3d-ed-eclipse\\\/#primaryimage\"},\"thumbnailUrl\":\"https:\\\/\\\/www.mustadlatam.com\\\/br\\\/wp-content\\\/uploads\\\/8\\\/2025\\\/10\\\/Productos-Especiales-Plantilla-3D-Ed-Eclipse-Pad1.png\",\"datePublished\":\"2025-10-29T16:24:03+00:00\",\"dateModified\":\"2026-03-09T23:13:13+00:00\",\"description\":\"Palmilha 3D leve para corrida e velocidade. Suporte para a cauda e ranilha; op\u00e7\u00e3o de 2 graus para posicionamento. Compat\u00edvel com a almofada para casco.\",\"breadcrumb\":{\"@id\":\"https:\\\/\\\/www.mustadlatam.com\\\/br\\\/product\\\/palmilha-3d-ed-eclipse\\\/#breadcrumb\"},\"inLanguage\":\"pt-BR\",\"potentialAction\":[{\"@type\":\"ReadAction\",\"target\":[\"https:\\\/\\\/www.mustadlatam.com\\\/br\\\/product\\\/palmilha-3d-ed-eclipse\\\/\"]}]},{\"@type\":\"ImageObject\",\"inLanguage\":\"pt-BR\",\"@id\":\"https:\\\/\\\/www.mustadlatam.com\\\/br\\\/product\\\/palmilha-3d-ed-eclipse\\\/#primaryimage\",\"url\":\"https:\\\/\\\/www.mustadlatam.com\\\/br\\\/wp-content\\\/uploads\\\/8\\\/2025\\\/10\\\/Productos-Especiales-Plantilla-3D-Ed-Eclipse-Pad1.png\",\"contentUrl\":\"https:\\\/\\\/www.mustadlatam.com\\\/br\\\/wp-content\\\/uploads\\\/8\\\/2025\\\/10\\\/Productos-Especiales-Plantilla-3D-Ed-Eclipse-Pad1.png\",\"width\":1024,\"height\":768,\"caption\":\"Productos Especiales Plantilla 3D-Ed-Eclipse-Pad1\"},{\"@type\":\"BreadcrumbList\",\"@id\":\"https:\\\/\\\/www.mustadlatam.com\\\/br\\\/product\\\/palmilha-3d-ed-eclipse\\\/#breadcrumb\",\"itemListElement\":[{\"@type\":\"ListItem\",\"position\":1,\"name\":\"Inicio\",\"item\":\"https:\\\/\\\/www.mustadlatam.com\\\/br\\\/\"},{\"@type\":\"ListItem\",\"position\":2,\"name\":\"Loja Mustad Brasil | Compre Ferraduras, Cravos e Ferramentas\",\"item\":\"https:\\\/\\\/www.mustadlatam.com\\\/br\\\/shop\\\/\"},{\"@type\":\"ListItem\",\"position\":3,\"name\":\"Palmilha 3D Jim Blurton \u2013 ED ECLIPSE\"}]},{\"@type\":\"WebSite\",\"@id\":\"https:\\\/\\\/www.mustadlatam.com\\\/br\\\/#website\",\"url\":\"https:\\\/\\\/www.mustadlatam.com\\\/br\\\/\",\"name\":\"Mustad Brasil - Informa\u00e7\u00e3o, Educa\u00e7\u00e3o e Venda de Produtos e Ferramentas Profissionais para Ferradores no Brasil.\",\"description\":\"Ferraduras, grosas, pregos e acess\u00f3rios para cavalos\",\"publisher\":{\"@id\":\"https:\\\/\\\/www.mustadlatam.com\\\/br\\\/#organization\"},\"potentialAction\":[{\"@type\":\"SearchAction\",\"target\":{\"@type\":\"EntryPoint\",\"urlTemplate\":\"https:\\\/\\\/www.mustadlatam.com\\\/br\\\/?s={search_term_string}\"},\"query-input\":{\"@type\":\"PropertyValueSpecification\",\"valueRequired\":true,\"valueName\":\"search_term_string\"}}],\"inLanguage\":\"pt-BR\"},{\"@type\":\"Organization\",\"@id\":\"https:\\\/\\\/www.mustadlatam.com\\\/br\\\/#organization\",\"name\":\"Mustad Brasil - Informa\u00e7\u00e3o, Educa\u00e7\u00e3o e Venda de Produtos e Ferramentas Profissionais para Ferradores no Brasil.\",\"url\":\"https:\\\/\\\/www.mustadlatam.com\\\/br\\\/\",\"logo\":{\"@type\":\"ImageObject\",\"inLanguage\":\"pt-BR\",\"@id\":\"https:\\\/\\\/www.mustadlatam.com\\\/br\\\/#\\\/schema\\\/logo\\\/image\\\/\",\"url\":\"https:\\\/\\\/www.mustadlatam.com\\\/br\\\/wp-content\\\/uploads\\\/8\\\/2025\\\/12\\\/cropped-cropped-LOGO-MUSTAD-Final.png\",\"contentUrl\":\"https:\\\/\\\/www.mustadlatam.com\\\/br\\\/wp-content\\\/uploads\\\/8\\\/2025\\\/12\\\/cropped-cropped-LOGO-MUSTAD-Final.png\",\"width\":500,\"height\":500,\"caption\":\"Mustad Brasil - Informa\u00e7\u00e3o, Educa\u00e7\u00e3o e Venda de Produtos e Ferramentas Profissionais para Ferradores no Brasil.\"},\"image\":{\"@id\":\"https:\\\/\\\/www.mustadlatam.com\\\/br\\\/#\\\/schema\\\/logo\\\/image\\\/\"}}]}<\/script>\n<!-- \/ Yoast SEO plugin. -->","yoast_head_json":{"title":"Palmilha 3D Jim Blurton \u2013 ED ECLIPSE (Normal \/ 2 Degree) - Mustad Brasil - Informa\u00e7\u00e3o, Educa\u00e7\u00e3o e Venda de Produtos e Ferramentas Profissionais para Ferradores no Brasil.","description":"Palmilha 3D leve para corrida e velocidade. Suporte para a cauda e ranilha; op\u00e7\u00e3o de 2 graus para posicionamento. Compat\u00edvel com a almofada para casco.","robots":{"index":"index","follow":"follow","max-snippet":"max-snippet:-1","max-image-preview":"max-image-preview:large","max-video-preview":"max-video-preview:-1"},"canonical":"https:\/\/www.mustadlatam.com\/br\/pt\/produtos\/palmilha-3d-ed-eclipse\/","og_locale":"pt_BR","og_type":"article","og_title":"Palmilha 3D Jim Blurton \u2013 ED ECLIPSE (Normal \/ 2 Degree) - Mustad Brasil - Informa\u00e7\u00e3o, Educa\u00e7\u00e3o e Venda de Produtos e Ferramentas Profissionais para Ferradores no Brasil.","og_description":"Palmilha 3D leve para corrida e velocidade. Suporte para a cauda e ranilha; op\u00e7\u00e3o de 2 graus para posicionamento. Compat\u00edvel com a almofada para casco.","og_url":"https:\/\/www.mustadlatam.com\/br\/pt\/produtos\/palmilha-3d-ed-eclipse\/","og_site_name":"Mustad Brasil - Informa\u00e7\u00e3o, Educa\u00e7\u00e3o e Venda de Produtos e Ferramentas Profissionais para Ferradores no Brasil.","article_modified_time":"2026-03-09T23:13:13+00:00","og_image":[{"width":1024,"height":768,"url":"https:\/\/www.mustadlatam.com\/br\/wp-content\/uploads\/8\/2025\/10\/Productos-Especiales-Plantilla-3D-Ed-Eclipse-Pad1.png","type":"image\/png"}],"twitter_card":"summary_large_image","twitter_misc":{"Est. tempo de leitura":"1 minuto"},"schema":{"@context":"https:\/\/schema.org","@graph":[{"@type":"WebPage","@id":"https:\/\/www.mustadlatam.com\/br\/product\/palmilha-3d-ed-eclipse\/","url":"https:\/\/www.mustadlatam.com\/br\/product\/palmilha-3d-ed-eclipse\/","name":"Palmilha 3D Jim Blurton \u2013 ED ECLIPSE (Normal \/ 2 Degree) - Mustad Brasil - Informa\u00e7\u00e3o, Educa\u00e7\u00e3o e Venda de Produtos e Ferramentas Profissionais para Ferradores no Brasil.","isPartOf":{"@id":"https:\/\/www.mustadlatam.com\/br\/#website"},"primaryImageOfPage":{"@id":"https:\/\/www.mustadlatam.com\/br\/product\/palmilha-3d-ed-eclipse\/#primaryimage"},"image":{"@id":"https:\/\/www.mustadlatam.com\/br\/product\/palmilha-3d-ed-eclipse\/#primaryimage"},"thumbnailUrl":"https:\/\/www.mustadlatam.com\/br\/wp-content\/uploads\/8\/2025\/10\/Productos-Especiales-Plantilla-3D-Ed-Eclipse-Pad1.png","datePublished":"2025-10-29T16:24:03+00:00","dateModified":"2026-03-09T23:13:13+00:00","description":"Palmilha 3D leve para corrida e velocidade. Suporte para a cauda e ranilha; op\u00e7\u00e3o de 2 graus para posicionamento. Compat\u00edvel com a almofada para casco.","breadcrumb":{"@id":"https:\/\/www.mustadlatam.com\/br\/product\/palmilha-3d-ed-eclipse\/#breadcrumb"},"inLanguage":"pt-BR","potentialAction":[{"@type":"ReadAction","target":["https:\/\/www.mustadlatam.com\/br\/product\/palmilha-3d-ed-eclipse\/"]}]},{"@type":"ImageObject","inLanguage":"pt-BR","@id":"https:\/\/www.mustadlatam.com\/br\/product\/palmilha-3d-ed-eclipse\/#primaryimage","url":"https:\/\/www.mustadlatam.com\/br\/wp-content\/uploads\/8\/2025\/10\/Productos-Especiales-Plantilla-3D-Ed-Eclipse-Pad1.png","contentUrl":"https:\/\/www.mustadlatam.com\/br\/wp-content\/uploads\/8\/2025\/10\/Productos-Especiales-Plantilla-3D-Ed-Eclipse-Pad1.png","width":1024,"height":768,"caption":"Productos Especiales Plantilla 3D-Ed-Eclipse-Pad1"},{"@type":"BreadcrumbList","@id":"https:\/\/www.mustadlatam.com\/br\/product\/palmilha-3d-ed-eclipse\/#breadcrumb","itemListElement":[{"@type":"ListItem","position":1,"name":"Inicio","item":"https:\/\/www.mustadlatam.com\/br\/"},{"@type":"ListItem","position":2,"name":"Loja Mustad Brasil | Compre Ferraduras, Cravos e Ferramentas","item":"https:\/\/www.mustadlatam.com\/br\/shop\/"},{"@type":"ListItem","position":3,"name":"Palmilha 3D Jim Blurton \u2013 ED ECLIPSE"}]},{"@type":"WebSite","@id":"https:\/\/www.mustadlatam.com\/br\/#website","url":"https:\/\/www.mustadlatam.com\/br\/","name":"Mustad Brasil - Informa\u00e7\u00e3o, educa\u00e7\u00e3o e venda de produtos e ferramentas profissionais para ferreiros no Brasil.","description":"Ferraduras, grosas, pregos e acess\u00f3rios para cavalos","publisher":{"@id":"https:\/\/www.mustadlatam.com\/br\/#organization"},"potentialAction":[{"@type":"SearchAction","target":{"@type":"EntryPoint","urlTemplate":"https:\/\/www.mustadlatam.com\/br\/?s={search_term_string}"},"query-input":{"@type":"PropertyValueSpecification","valueRequired":true,"valueName":"search_term_string"}}],"inLanguage":"pt-BR"},{"@type":"Organization","@id":"https:\/\/www.mustadlatam.com\/br\/#organization","name":"Mustad Brasil - Informa\u00e7\u00e3o, educa\u00e7\u00e3o e venda de produtos e ferramentas profissionais para ferreiros no Brasil.","url":"https:\/\/www.mustadlatam.com\/br\/","logo":{"@type":"ImageObject","inLanguage":"pt-BR","@id":"https:\/\/www.mustadlatam.com\/br\/#\/schema\/logo\/image\/","url":"https:\/\/www.mustadlatam.com\/br\/wp-content\/uploads\/8\/2025\/12\/cropped-cropped-LOGO-MUSTAD-Final.png","contentUrl":"https:\/\/www.mustadlatam.com\/br\/wp-content\/uploads\/8\/2025\/12\/cropped-cropped-LOGO-MUSTAD-Final.png","width":500,"height":500,"caption":"Mustad Brasil - Informa\u00e7\u00e3o, Educa\u00e7\u00e3o e Venda de Produtos e Ferramentas Profissionais para Ferradores no Brasil."},"image":{"@id":"https:\/\/www.mustadlatam.com\/br\/#\/schema\/logo\/image\/"}}]}},"_links":{"self":[{"href":"https:\/\/www.mustadlatam.com\/br\/pt\/wp-json\/wp\/v2\/product\/958","targetHints":{"allow":["GET"]}}],"collection":[{"href":"https:\/\/www.mustadlatam.com\/br\/pt\/wp-json\/wp\/v2\/product"}],"about":[{"href":"https:\/\/www.mustadlatam.com\/br\/pt\/wp-json\/wp\/v2\/types\/product"}],"replies":[{"embeddable":true,"href":"https:\/\/www.mustadlatam.com\/br\/pt\/wp-json\/wp\/v2\/comments?post=958"}],"wp:featuredmedia":[{"embeddable":true,"href":"https:\/\/www.mustadlatam.com\/br\/pt\/wp-json\/wp\/v2\/media\/959"}],"wp:attachment":[{"href":"https:\/\/www.mustadlatam.com\/br\/pt\/wp-json\/wp\/v2\/media?parent=958"}],"wp:term":[{"taxonomy":"product_brand","embeddable":true,"href":"https:\/\/www.mustadlatam.com\/br\/pt\/wp-json\/wp\/v2\/product_brand?post=958"},{"taxonomy":"product_cat","embeddable":true,"href":"https:\/\/www.mustadlatam.com\/br\/pt\/wp-json\/wp\/v2\/product_cat?post=958"},{"taxonomy":"product_tag","embeddable":true,"href":"https:\/\/www.mustadlatam.com\/br\/pt\/wp-json\/wp\/v2\/product_tag?post=958"}],"curies":[{"name":"wp","href":"https:\/\/api.w.org\/{rel}","templated":true}]}}