{"id":968,"date":"2025-10-29T13:18:08","date_gmt":"2025-10-29T18:18:08","guid":{"rendered":"https:\/\/mediplushub.com\/br\/?post_type=product&#038;p=968"},"modified":"2026-03-09T18:13:12","modified_gmt":"2026-03-09T23:13:12","slug":"palmilha-3d-full-mesh","status":"publish","type":"product","link":"https:\/\/www.mustadlatam.com\/br\/pt\/produtos\/palmilha-3d-full-mesh\/","title":{"rendered":"Palmilha 3D Jim Blurton \u2013 Full Mesh"},"content":{"rendered":"","protected":false},"excerpt":{"rendered":"<p>Palmilha 3D Full Mesh para prote\u00e7\u00e3o e suporte em ambientes exigentes; sua malha ret\u00e9m o material de impress\u00e3o plantar e aumenta o amortecimento e a estabilidade sob a almofada. Tamanhos 4 a 7.<\/p>\n<p><strong>Especialidade:<\/strong> Palmilha 3D Full Mesh projetada para fornecer m\u00e1xima prote\u00e7\u00e3o e suporte para montaria e treinamento em superf\u00edcies exigentes. A geometria leve com suporte para a pin\u00e7a\/ranola ajuda a estabilizar toda a unidade e reduzir cargas indesejadas, enquanto a malha \u00e9 projetada para reter o material de impress\u00e3o plantar (DIM\/Almofada para Casco), melhorando a absor\u00e7\u00e3o de impacto e a dissipa\u00e7\u00e3o de choque. Dispon\u00edvel nos tamanhos 4 a 7 e destinada ao uso com almofadas injet\u00e1veis \u200b\u200bem cascos que exigem prote\u00e7\u00e3o total da sola.<\/p>\n<p><strong>Principais Caracter\u00edsticas:<\/strong><\/p>\n<ul>\n<li>Design leve com suporte para a pin\u00e7a\/ranola para desempenho e estabilidade.<\/li>\n<li>Malha completa para reter o material de impress\u00e3o plantar e aumentar o amortecimento.<\/li>\n<li>Foco na m\u00e1xima prote\u00e7\u00e3o em ambientes de montaria exigentes; normalmente usada com DIM.<\/li>\n<li>Tamanhos dispon\u00edveis no seu PDP: 4, 5, 6 e 7.<\/li>\n<\/ul>","protected":false},"featured_media":976,"comment_status":"open","ping_status":"closed","template":"","meta":[],"product_brand":[776],"product_cat":[728,693],"product_tag":[781,779,774,769,732,780,903,772],"class_list":{"0":"post-968","1":"product","2":"type-product","3":"status-publish","4":"has-post-thumbnail","6":"product_brand-jim-blurton","7":"product_cat-palmilhas","8":"product_cat-produtos-especiais","9":"product_tag-carreras","10":"product_tag-full-mesh","11":"product_tag-jim-blurton","12":"product_tag-plantilla-3d","13":"product_tag-pour-in-pad","14":"product_tag-proteccion-suela","15":"product_tag-semana-do-cliente-2026","16":"product_tag-soporte-de-ranilla","17":"pa_marca-jim-blurton","18":"pa_produtos-especiais-palmilhas","19":"pa_tamanho-da-palmilha-765","20":"pa_tamanho-da-palmilha-766","21":"pa_tamanho-da-palmilha-777","22":"pa_tamanho-da-palmilha-778","23":"pa_tipo-de-produto-producto-especial","25":"first","26":"instock","27":"shipping-taxable","28":"purchasable","29":"product-type-variable"},"yoast_head":"<!-- This site is optimized with the Yoast SEO plugin v27.4 - https:\/\/yoast.com\/product\/yoast-seo-wordpress\/ -->\n<title>Palmilha 3D Jim Blurton \u2013 Full Mesh (tamanhos 4\u20137) - Mustad Brasil - Informa\u00e7\u00e3o, Educa\u00e7\u00e3o e Venda de Produtos e Ferramentas Profissionais para Ferradores no Brasil.<\/title>\n<meta name=\"description\" content=\"Palmilha 3D Full Mesh para m\u00e1xima prote\u00e7\u00e3o e suporte. A malha ret\u00e9m o material da palmilha e aumenta o amortecimento. Tamanhos 4 a 7. Dispon\u00edvel.\" \/>\n<meta name=\"robots\" content=\"index, follow, max-snippet:-1, max-image-preview:large, max-video-preview:-1\" \/>\n<link rel=\"canonical\" href=\"https:\/\/www.mustadlatam.com\/br\/pt\/produtos\/palmilha-3d-full-mesh\/\" \/>\n<meta property=\"og:locale\" content=\"pt_BR\" \/>\n<meta property=\"og:type\" content=\"article\" \/>\n<meta property=\"og:title\" content=\"Palmilha 3D Jim Blurton \u2013 Full Mesh (tamanhos 4\u20137) - Mustad Brasil - Informa\u00e7\u00e3o, Educa\u00e7\u00e3o e Venda de Produtos e Ferramentas Profissionais para Ferradores no Brasil.\" \/>\n<meta property=\"og:description\" content=\"Palmilha 3D Full Mesh para m\u00e1xima prote\u00e7\u00e3o e suporte. A malha ret\u00e9m o material da palmilha e aumenta o amortecimento. Tamanhos 4 a 7. Dispon\u00edvel.\" \/>\n<meta property=\"og:url\" content=\"https:\/\/www.mustadlatam.com\/br\/pt\/produtos\/palmilha-3d-full-mesh\/\" \/>\n<meta property=\"og:site_name\" content=\"Mustad Brasil - Informa\u00e7\u00e3o, Educa\u00e7\u00e3o e Venda de Produtos e Ferramentas Profissionais para Ferradores no Brasil.\" \/>\n<meta property=\"article:modified_time\" content=\"2026-03-09T23:13:12+00:00\" \/>\n<meta property=\"og:image\" content=\"https:\/\/www.mustadlatam.com\/br\/wp-content\/uploads\/8\/2025\/10\/Productos-Especiales-Plantilla-3D-full-mesh.png\" \/>\n\t<meta property=\"og:image:width\" content=\"1024\" \/>\n\t<meta property=\"og:image:height\" content=\"768\" \/>\n\t<meta property=\"og:image:type\" content=\"image\/png\" \/>\n<meta name=\"twitter:card\" content=\"summary_large_image\" \/>\n<meta name=\"twitter:label1\" content=\"Est. tempo de leitura\" \/>\n\t<meta name=\"twitter:data1\" content=\"1 minuto\" \/>\n<script type=\"application\/ld+json\" class=\"yoast-schema-graph\">{\"@context\":\"https:\\\/\\\/schema.org\",\"@graph\":[{\"@type\":\"WebPage\",\"@id\":\"https:\\\/\\\/www.mustadlatam.com\\\/br\\\/product\\\/palmilha-3d-full-mesh\\\/\",\"url\":\"https:\\\/\\\/www.mustadlatam.com\\\/br\\\/product\\\/palmilha-3d-full-mesh\\\/\",\"name\":\"Palmilha 3D Jim Blurton \u2013 Full Mesh (tamanhos 4\u20137) - Mustad Brasil - Informa\u00e7\u00e3o, Educa\u00e7\u00e3o e Venda de Produtos e Ferramentas Profissionais para Ferradores no Brasil.\",\"isPartOf\":{\"@id\":\"https:\\\/\\\/www.mustadlatam.com\\\/br\\\/#website\"},\"primaryImageOfPage\":{\"@id\":\"https:\\\/\\\/www.mustadlatam.com\\\/br\\\/product\\\/palmilha-3d-full-mesh\\\/#primaryimage\"},\"image\":{\"@id\":\"https:\\\/\\\/www.mustadlatam.com\\\/br\\\/product\\\/palmilha-3d-full-mesh\\\/#primaryimage\"},\"thumbnailUrl\":\"https:\\\/\\\/www.mustadlatam.com\\\/br\\\/wp-content\\\/uploads\\\/8\\\/2025\\\/10\\\/Productos-Especiales-Plantilla-3D-full-mesh.png\",\"datePublished\":\"2025-10-29T18:18:08+00:00\",\"dateModified\":\"2026-03-09T23:13:12+00:00\",\"description\":\"Palmilha 3D Full Mesh para m\u00e1xima prote\u00e7\u00e3o e suporte. A malha ret\u00e9m o material da palmilha e aumenta o amortecimento. Tamanhos 4 a 7. Dispon\u00edvel.\",\"breadcrumb\":{\"@id\":\"https:\\\/\\\/www.mustadlatam.com\\\/br\\\/product\\\/palmilha-3d-full-mesh\\\/#breadcrumb\"},\"inLanguage\":\"pt-BR\",\"potentialAction\":[{\"@type\":\"ReadAction\",\"target\":[\"https:\\\/\\\/www.mustadlatam.com\\\/br\\\/product\\\/palmilha-3d-full-mesh\\\/\"]}]},{\"@type\":\"ImageObject\",\"inLanguage\":\"pt-BR\",\"@id\":\"https:\\\/\\\/www.mustadlatam.com\\\/br\\\/product\\\/palmilha-3d-full-mesh\\\/#primaryimage\",\"url\":\"https:\\\/\\\/www.mustadlatam.com\\\/br\\\/wp-content\\\/uploads\\\/8\\\/2025\\\/10\\\/Productos-Especiales-Plantilla-3D-full-mesh.png\",\"contentUrl\":\"https:\\\/\\\/www.mustadlatam.com\\\/br\\\/wp-content\\\/uploads\\\/8\\\/2025\\\/10\\\/Productos-Especiales-Plantilla-3D-full-mesh.png\",\"width\":1024,\"height\":768,\"caption\":\"Productos Especiales Plantilla 3D full mesh\"},{\"@type\":\"BreadcrumbList\",\"@id\":\"https:\\\/\\\/www.mustadlatam.com\\\/br\\\/product\\\/palmilha-3d-full-mesh\\\/#breadcrumb\",\"itemListElement\":[{\"@type\":\"ListItem\",\"position\":1,\"name\":\"Inicio\",\"item\":\"https:\\\/\\\/www.mustadlatam.com\\\/br\\\/\"},{\"@type\":\"ListItem\",\"position\":2,\"name\":\"Loja Mustad Brasil | Compre Ferraduras, Cravos e Ferramentas\",\"item\":\"https:\\\/\\\/www.mustadlatam.com\\\/br\\\/shop\\\/\"},{\"@type\":\"ListItem\",\"position\":3,\"name\":\"Palmilha 3D Jim Blurton \u2013 Full Mesh\"}]},{\"@type\":\"WebSite\",\"@id\":\"https:\\\/\\\/www.mustadlatam.com\\\/br\\\/#website\",\"url\":\"https:\\\/\\\/www.mustadlatam.com\\\/br\\\/\",\"name\":\"Mustad Brasil - Informa\u00e7\u00e3o, Educa\u00e7\u00e3o e Venda de Produtos e Ferramentas Profissionais para Ferradores no Brasil.\",\"description\":\"Ferraduras, grosas, pregos e acess\u00f3rios para cavalos\",\"publisher\":{\"@id\":\"https:\\\/\\\/www.mustadlatam.com\\\/br\\\/#organization\"},\"potentialAction\":[{\"@type\":\"SearchAction\",\"target\":{\"@type\":\"EntryPoint\",\"urlTemplate\":\"https:\\\/\\\/www.mustadlatam.com\\\/br\\\/?s={search_term_string}\"},\"query-input\":{\"@type\":\"PropertyValueSpecification\",\"valueRequired\":true,\"valueName\":\"search_term_string\"}}],\"inLanguage\":\"pt-BR\"},{\"@type\":\"Organization\",\"@id\":\"https:\\\/\\\/www.mustadlatam.com\\\/br\\\/#organization\",\"name\":\"Mustad Brasil - Informa\u00e7\u00e3o, Educa\u00e7\u00e3o e Venda de Produtos e Ferramentas Profissionais para Ferradores no Brasil.\",\"url\":\"https:\\\/\\\/www.mustadlatam.com\\\/br\\\/\",\"logo\":{\"@type\":\"ImageObject\",\"inLanguage\":\"pt-BR\",\"@id\":\"https:\\\/\\\/www.mustadlatam.com\\\/br\\\/#\\\/schema\\\/logo\\\/image\\\/\",\"url\":\"https:\\\/\\\/www.mustadlatam.com\\\/br\\\/wp-content\\\/uploads\\\/8\\\/2025\\\/12\\\/cropped-cropped-LOGO-MUSTAD-Final.png\",\"contentUrl\":\"https:\\\/\\\/www.mustadlatam.com\\\/br\\\/wp-content\\\/uploads\\\/8\\\/2025\\\/12\\\/cropped-cropped-LOGO-MUSTAD-Final.png\",\"width\":500,\"height\":500,\"caption\":\"Mustad Brasil - Informa\u00e7\u00e3o, Educa\u00e7\u00e3o e Venda de Produtos e Ferramentas Profissionais para Ferradores no Brasil.\"},\"image\":{\"@id\":\"https:\\\/\\\/www.mustadlatam.com\\\/br\\\/#\\\/schema\\\/logo\\\/image\\\/\"}}]}<\/script>\n<!-- \/ Yoast SEO plugin. -->","yoast_head_json":{"title":"Palmilha 3D Jim Blurton \u2013 Full Mesh (tamanhos 4\u20137) - Mustad Brasil - Informa\u00e7\u00e3o, Educa\u00e7\u00e3o e Venda de Produtos e Ferramentas Profissionais para Ferradores no Brasil.","description":"Palmilha 3D Full Mesh para m\u00e1xima prote\u00e7\u00e3o e suporte. A malha ret\u00e9m o material da palmilha e aumenta o amortecimento. Tamanhos 4 a 7. Dispon\u00edvel.","robots":{"index":"index","follow":"follow","max-snippet":"max-snippet:-1","max-image-preview":"max-image-preview:large","max-video-preview":"max-video-preview:-1"},"canonical":"https:\/\/www.mustadlatam.com\/br\/pt\/produtos\/palmilha-3d-full-mesh\/","og_locale":"pt_BR","og_type":"article","og_title":"Palmilha 3D Jim Blurton \u2013 Full Mesh (tamanhos 4\u20137) - Mustad Brasil - Informa\u00e7\u00e3o, Educa\u00e7\u00e3o e Venda de Produtos e Ferramentas Profissionais para Ferradores no Brasil.","og_description":"Palmilha 3D Full Mesh para m\u00e1xima prote\u00e7\u00e3o e suporte. A malha ret\u00e9m o material da palmilha e aumenta o amortecimento. Tamanhos 4 a 7. Dispon\u00edvel.","og_url":"https:\/\/www.mustadlatam.com\/br\/pt\/produtos\/palmilha-3d-full-mesh\/","og_site_name":"Mustad Brasil - Informa\u00e7\u00e3o, Educa\u00e7\u00e3o e Venda de Produtos e Ferramentas Profissionais para Ferradores no Brasil.","article_modified_time":"2026-03-09T23:13:12+00:00","og_image":[{"width":1024,"height":768,"url":"https:\/\/www.mustadlatam.com\/br\/wp-content\/uploads\/8\/2025\/10\/Productos-Especiales-Plantilla-3D-full-mesh.png","type":"image\/png"}],"twitter_card":"summary_large_image","twitter_misc":{"Est. tempo de leitura":"1 minuto"},"schema":{"@context":"https:\/\/schema.org","@graph":[{"@type":"WebPage","@id":"https:\/\/www.mustadlatam.com\/br\/product\/palmilha-3d-full-mesh\/","url":"https:\/\/www.mustadlatam.com\/br\/product\/palmilha-3d-full-mesh\/","name":"Palmilha 3D Jim Blurton \u2013 Full Mesh (tamanhos 4\u20137) - Mustad Brasil - Informa\u00e7\u00e3o, Educa\u00e7\u00e3o e Venda de Produtos e Ferramentas Profissionais para Ferradores no Brasil.","isPartOf":{"@id":"https:\/\/www.mustadlatam.com\/br\/#website"},"primaryImageOfPage":{"@id":"https:\/\/www.mustadlatam.com\/br\/product\/palmilha-3d-full-mesh\/#primaryimage"},"image":{"@id":"https:\/\/www.mustadlatam.com\/br\/product\/palmilha-3d-full-mesh\/#primaryimage"},"thumbnailUrl":"https:\/\/www.mustadlatam.com\/br\/wp-content\/uploads\/8\/2025\/10\/Productos-Especiales-Plantilla-3D-full-mesh.png","datePublished":"2025-10-29T18:18:08+00:00","dateModified":"2026-03-09T23:13:12+00:00","description":"Palmilha 3D Full Mesh para m\u00e1xima prote\u00e7\u00e3o e suporte. A malha ret\u00e9m o material da palmilha e aumenta o amortecimento. Tamanhos 4 a 7. Dispon\u00edvel.","breadcrumb":{"@id":"https:\/\/www.mustadlatam.com\/br\/product\/palmilha-3d-full-mesh\/#breadcrumb"},"inLanguage":"pt-BR","potentialAction":[{"@type":"ReadAction","target":["https:\/\/www.mustadlatam.com\/br\/product\/palmilha-3d-full-mesh\/"]}]},{"@type":"ImageObject","inLanguage":"pt-BR","@id":"https:\/\/www.mustadlatam.com\/br\/product\/palmilha-3d-full-mesh\/#primaryimage","url":"https:\/\/www.mustadlatam.com\/br\/wp-content\/uploads\/8\/2025\/10\/Productos-Especiales-Plantilla-3D-full-mesh.png","contentUrl":"https:\/\/www.mustadlatam.com\/br\/wp-content\/uploads\/8\/2025\/10\/Productos-Especiales-Plantilla-3D-full-mesh.png","width":1024,"height":768,"caption":"Productos Especiales Plantilla 3D full mesh"},{"@type":"BreadcrumbList","@id":"https:\/\/www.mustadlatam.com\/br\/product\/palmilha-3d-full-mesh\/#breadcrumb","itemListElement":[{"@type":"ListItem","position":1,"name":"Inicio","item":"https:\/\/www.mustadlatam.com\/br\/"},{"@type":"ListItem","position":2,"name":"Loja Mustad Brasil | Compre Ferraduras, Cravos e Ferramentas","item":"https:\/\/www.mustadlatam.com\/br\/shop\/"},{"@type":"ListItem","position":3,"name":"Palmilha 3D Jim Blurton \u2013 Full Mesh"}]},{"@type":"WebSite","@id":"https:\/\/www.mustadlatam.com\/br\/#website","url":"https:\/\/www.mustadlatam.com\/br\/","name":"Mustad Brasil - Informa\u00e7\u00e3o, educa\u00e7\u00e3o e venda de produtos e ferramentas profissionais para ferreiros no Brasil.","description":"Ferraduras, grosas, pregos e acess\u00f3rios para cavalos","publisher":{"@id":"https:\/\/www.mustadlatam.com\/br\/#organization"},"potentialAction":[{"@type":"SearchAction","target":{"@type":"EntryPoint","urlTemplate":"https:\/\/www.mustadlatam.com\/br\/?s={search_term_string}"},"query-input":{"@type":"PropertyValueSpecification","valueRequired":true,"valueName":"search_term_string"}}],"inLanguage":"pt-BR"},{"@type":"Organization","@id":"https:\/\/www.mustadlatam.com\/br\/#organization","name":"Mustad Brasil - Informa\u00e7\u00e3o, educa\u00e7\u00e3o e venda de produtos e ferramentas profissionais para ferreiros no Brasil.","url":"https:\/\/www.mustadlatam.com\/br\/","logo":{"@type":"ImageObject","inLanguage":"pt-BR","@id":"https:\/\/www.mustadlatam.com\/br\/#\/schema\/logo\/image\/","url":"https:\/\/www.mustadlatam.com\/br\/wp-content\/uploads\/8\/2025\/12\/cropped-cropped-LOGO-MUSTAD-Final.png","contentUrl":"https:\/\/www.mustadlatam.com\/br\/wp-content\/uploads\/8\/2025\/12\/cropped-cropped-LOGO-MUSTAD-Final.png","width":500,"height":500,"caption":"Mustad Brasil - Informa\u00e7\u00e3o, Educa\u00e7\u00e3o e Venda de Produtos e Ferramentas Profissionais para Ferradores no Brasil."},"image":{"@id":"https:\/\/www.mustadlatam.com\/br\/#\/schema\/logo\/image\/"}}]}},"_links":{"self":[{"href":"https:\/\/www.mustadlatam.com\/br\/pt\/wp-json\/wp\/v2\/product\/968","targetHints":{"allow":["GET"]}}],"collection":[{"href":"https:\/\/www.mustadlatam.com\/br\/pt\/wp-json\/wp\/v2\/product"}],"about":[{"href":"https:\/\/www.mustadlatam.com\/br\/pt\/wp-json\/wp\/v2\/types\/product"}],"replies":[{"embeddable":true,"href":"https:\/\/www.mustadlatam.com\/br\/pt\/wp-json\/wp\/v2\/comments?post=968"}],"wp:featuredmedia":[{"embeddable":true,"href":"https:\/\/www.mustadlatam.com\/br\/pt\/wp-json\/wp\/v2\/media\/976"}],"wp:attachment":[{"href":"https:\/\/www.mustadlatam.com\/br\/pt\/wp-json\/wp\/v2\/media?parent=968"}],"wp:term":[{"taxonomy":"product_brand","embeddable":true,"href":"https:\/\/www.mustadlatam.com\/br\/pt\/wp-json\/wp\/v2\/product_brand?post=968"},{"taxonomy":"product_cat","embeddable":true,"href":"https:\/\/www.mustadlatam.com\/br\/pt\/wp-json\/wp\/v2\/product_cat?post=968"},{"taxonomy":"product_tag","embeddable":true,"href":"https:\/\/www.mustadlatam.com\/br\/pt\/wp-json\/wp\/v2\/product_tag?post=968"}],"curies":[{"name":"wp","href":"https:\/\/api.w.org\/{rel}","templated":true}]}}