{"id":210,"date":"2022-08-16T14:45:45","date_gmt":"2022-08-16T14:45:45","guid":{"rendered":"http:\/\/www.mustadlatam.com\/co\/?post_type=product&#038;p=210"},"modified":"2026-03-16T11:36:57","modified_gmt":"2026-03-16T16:36:57","slug":"herradura-aluminio-paso-fino-st-croix-forge","status":"publish","type":"product","link":"https:\/\/www.mustadlatam.com\/co\/producto\/herradura-aluminio-paso-fino-st-croix-forge\/","title":{"rendered":"Herradura de Aluminio Paso Fino \u2013 St. Croix Forge"},"content":{"rendered":"","protected":false},"excerpt":{"rendered":"<p>Herradura de aluminio St. Croix Forge para paso fino colombiano: 8 mm de espesor, m\u00e1xima ligereza y precisi\u00f3n biomec\u00e1nica en cada zancada.<\/p>\n","protected":false},"author":1,"featured_media":496,"comment_status":"open","ping_status":"closed","template":"","meta":[],"product_brand":[264],"product_cat":[119,28,141],"product_tag":[266,267,269,265,268],"class_list":{"0":"post-210","1":"product","2":"type-product","3":"status-publish","4":"has-post-thumbnail","6":"product_brand-st-croix-forge","7":"product_cat-herraduras-de-aluminio-en-colombia","8":"product_cat-herraduras-para-caballos-mustad-colombia","9":"product_cat-herraduras-st-croix-forge-paso-fino-en-colombia","10":"product_tag-caballos-de-paso-fino-colombiano","11":"product_tag-derby-race-4-5-plus","12":"product_tag-ligereza-equina","13":"product_tag-paso-fino","14":"product_tag-st-croix-forge","15":"pa_disciplina-paso-fino","16":"pa_espesor-herradura-8-mm","17":"pa_marca-st-croix-forge","18":"pa_material-aluminio","19":"pa_talla-herradura-225","20":"pa_talla-herradura-226","21":"pa_talla-herradura-227","22":"pa_talla-herradura-228","23":"pa_tipo-producto-herradura","25":"first","26":"instock","27":"shipping-taxable","28":"purchasable","29":"product-type-variable","30":"has-default-attributes"},"yoast_head":"<!-- This site is optimized with the Yoast SEO plugin v27.4 - https:\/\/yoast.com\/product\/yoast-seo-wordpress\/ -->\n<title>Herradura de Aluminio Paso Fino \u2013 St. Croix Forge | Mustad Colombia - Informaci\u00f3n, Educaci\u00f3n y Venta de Productos y Herramientas Profesionales para Herradores en Colombia<\/title>\n<meta name=\"description\" content=\"Herradura de aluminio St. Croix Forge para paso fino colombiano: ultraligera (8 mm), m\u00e1xima precisi\u00f3n y rendimiento en competencias.\" \/>\n<meta name=\"robots\" content=\"index, follow, max-snippet:-1, max-image-preview:large, max-video-preview:-1\" \/>\n<link rel=\"canonical\" href=\"https:\/\/www.mustadlatam.com\/co\/producto\/herradura-aluminio-paso-fino-st-croix-forge\/\" \/>\n<meta property=\"og:locale\" content=\"es_ES\" \/>\n<meta property=\"og:type\" content=\"article\" \/>\n<meta property=\"og:title\" content=\"Herradura de Aluminio Paso Fino \u2013 St. Croix Forge | Mustad Colombia - Informaci\u00f3n, Educaci\u00f3n y Venta de Productos y Herramientas Profesionales para Herradores en Colombia\" \/>\n<meta property=\"og:description\" content=\"Herradura de aluminio St. Croix Forge para paso fino colombiano: ultraligera (8 mm), m\u00e1xima precisi\u00f3n y rendimiento en competencias.\" \/>\n<meta property=\"og:url\" content=\"https:\/\/www.mustadlatam.com\/co\/producto\/herradura-aluminio-paso-fino-st-croix-forge\/\" \/>\n<meta property=\"og:site_name\" content=\"Mustad Colombia - Informaci\u00f3n, Educaci\u00f3n y Venta de Productos y Herramientas Profesionales para Herradores en Colombia\" \/>\n<meta property=\"article:publisher\" content=\"https:\/\/www.facebook.com\/mustadlatam\/\" \/>\n<meta property=\"article:modified_time\" content=\"2026-03-16T16:36:57+00:00\" \/>\n<meta property=\"og:image\" content=\"https:\/\/www.mustadlatam.com\/co\/wp-content\/uploads\/2\/2022\/08\/herradura-aluminio-paso-fino-2.png\" \/>\n\t<meta property=\"og:image:width\" content=\"624\" \/>\n\t<meta property=\"og:image:height\" content=\"639\" \/>\n\t<meta property=\"og:image:type\" content=\"image\/png\" \/>\n<meta name=\"twitter:card\" content=\"summary_large_image\" \/>\n<meta name=\"twitter:label1\" content=\"Tiempo de lectura\" \/>\n\t<meta name=\"twitter:data1\" content=\"1 minuto\" \/>\n<script type=\"application\/ld+json\" class=\"yoast-schema-graph\">{\"@context\":\"https:\\\/\\\/schema.org\",\"@graph\":[{\"@type\":\"WebPage\",\"@id\":\"https:\\\/\\\/www.mustadlatam.com\\\/co\\\/producto\\\/herradura-aluminio-paso-fino-st-croix-forge\\\/\",\"url\":\"https:\\\/\\\/www.mustadlatam.com\\\/co\\\/producto\\\/herradura-aluminio-paso-fino-st-croix-forge\\\/\",\"name\":\"Herradura de Aluminio Paso Fino \u2013 St. Croix Forge | Mustad Colombia - Informaci\u00f3n, Educaci\u00f3n y Venta de Productos y Herramientas Profesionales para Herradores en Colombia\",\"isPartOf\":{\"@id\":\"https:\\\/\\\/www.mustadlatam.com\\\/co\\\/#website\"},\"primaryImageOfPage\":{\"@id\":\"https:\\\/\\\/www.mustadlatam.com\\\/co\\\/producto\\\/herradura-aluminio-paso-fino-st-croix-forge\\\/#primaryimage\"},\"image\":{\"@id\":\"https:\\\/\\\/www.mustadlatam.com\\\/co\\\/producto\\\/herradura-aluminio-paso-fino-st-croix-forge\\\/#primaryimage\"},\"thumbnailUrl\":\"https:\\\/\\\/www.mustadlatam.com\\\/co\\\/wp-content\\\/uploads\\\/2\\\/2022\\\/08\\\/herradura-aluminio-paso-fino-2.png\",\"datePublished\":\"2022-08-16T14:45:45+00:00\",\"dateModified\":\"2026-03-16T16:36:57+00:00\",\"description\":\"Herradura de aluminio St. Croix Forge para paso fino colombiano: ultraligera (8 mm), m\u00e1xima precisi\u00f3n y rendimiento en competencias.\",\"breadcrumb\":{\"@id\":\"https:\\\/\\\/www.mustadlatam.com\\\/co\\\/producto\\\/herradura-aluminio-paso-fino-st-croix-forge\\\/#breadcrumb\"},\"inLanguage\":\"es-CO\",\"potentialAction\":[{\"@type\":\"ReadAction\",\"target\":[\"https:\\\/\\\/www.mustadlatam.com\\\/co\\\/producto\\\/herradura-aluminio-paso-fino-st-croix-forge\\\/\"]}]},{\"@type\":\"ImageObject\",\"inLanguage\":\"es-CO\",\"@id\":\"https:\\\/\\\/www.mustadlatam.com\\\/co\\\/producto\\\/herradura-aluminio-paso-fino-st-croix-forge\\\/#primaryimage\",\"url\":\"https:\\\/\\\/www.mustadlatam.com\\\/co\\\/wp-content\\\/uploads\\\/2\\\/2022\\\/08\\\/herradura-aluminio-paso-fino-2.png\",\"contentUrl\":\"https:\\\/\\\/www.mustadlatam.com\\\/co\\\/wp-content\\\/uploads\\\/2\\\/2022\\\/08\\\/herradura-aluminio-paso-fino-2.png\",\"width\":624,\"height\":639,\"caption\":\"herradura aluminio paso fino 2\"},{\"@type\":\"BreadcrumbList\",\"@id\":\"https:\\\/\\\/www.mustadlatam.com\\\/co\\\/producto\\\/herradura-aluminio-paso-fino-st-croix-forge\\\/#breadcrumb\",\"itemListElement\":[{\"@type\":\"ListItem\",\"position\":1,\"name\":\"Inicio\",\"item\":\"https:\\\/\\\/www.mustadlatam.com\\\/co\\\/\"},{\"@type\":\"ListItem\",\"position\":2,\"name\":\"Tienda Mustad Colombia | Herraduras, Clavos y Herramientas\",\"item\":\"https:\\\/\\\/www.mustadlatam.com\\\/co\\\/shop\\\/\"},{\"@type\":\"ListItem\",\"position\":3,\"name\":\"Herradura de Aluminio Paso Fino \u2013 St. Croix Forge\"}]},{\"@type\":\"WebSite\",\"@id\":\"https:\\\/\\\/www.mustadlatam.com\\\/co\\\/#website\",\"url\":\"https:\\\/\\\/www.mustadlatam.com\\\/co\\\/\",\"name\":\"Mustad LATAM\",\"description\":\"Herraduras, Escofinas, Clavos y Accesorios para Caballos\",\"publisher\":{\"@id\":\"https:\\\/\\\/www.mustadlatam.com\\\/co\\\/#organization\"},\"alternateName\":\"Mustad Colombia\",\"potentialAction\":[{\"@type\":\"SearchAction\",\"target\":{\"@type\":\"EntryPoint\",\"urlTemplate\":\"https:\\\/\\\/www.mustadlatam.com\\\/co\\\/?s={search_term_string}\"},\"query-input\":{\"@type\":\"PropertyValueSpecification\",\"valueRequired\":true,\"valueName\":\"search_term_string\"}}],\"inLanguage\":\"es-CO\"},{\"@type\":\"Organization\",\"@id\":\"https:\\\/\\\/www.mustadlatam.com\\\/co\\\/#organization\",\"name\":\"Mustad Colombia\",\"alternateName\":\"Mustad Colombia | Empresa Colombiana de Productos para Herradores\",\"url\":\"https:\\\/\\\/www.mustadlatam.com\\\/co\\\/\",\"logo\":{\"@type\":\"ImageObject\",\"inLanguage\":\"es-CO\",\"@id\":\"https:\\\/\\\/www.mustadlatam.com\\\/co\\\/#\\\/schema\\\/logo\\\/image\\\/\",\"url\":\"https:\\\/\\\/www.mustadlatam.com\\\/co\\\/wp-content\\\/uploads\\\/2\\\/2025\\\/12\\\/cropped-LOGO-MUSTAD-Final.png\",\"contentUrl\":\"https:\\\/\\\/www.mustadlatam.com\\\/co\\\/wp-content\\\/uploads\\\/2\\\/2025\\\/12\\\/cropped-LOGO-MUSTAD-Final.png\",\"width\":500,\"height\":500,\"caption\":\"Mustad Colombia\"},\"image\":{\"@id\":\"https:\\\/\\\/www.mustadlatam.com\\\/co\\\/#\\\/schema\\\/logo\\\/image\\\/\"},\"sameAs\":[\"https:\\\/\\\/www.facebook.com\\\/mustadlatam\\\/\",\"https:\\\/\\\/www.instagram.com\\\/mustadlatam\\\/\",\"https:\\\/\\\/www.youtube.com\\\/@mustadlatam\"]}]}<\/script>\n<!-- \/ Yoast SEO plugin. -->","yoast_head_json":{"title":"Herradura de Aluminio Paso Fino \u2013 St. Croix Forge | Mustad Colombia - Informaci\u00f3n, Educaci\u00f3n y Venta de Productos y Herramientas Profesionales para Herradores en Colombia","description":"Herradura de aluminio St. Croix Forge para paso fino colombiano: ultraligera (8 mm), m\u00e1xima precisi\u00f3n y rendimiento en competencias.","robots":{"index":"index","follow":"follow","max-snippet":"max-snippet:-1","max-image-preview":"max-image-preview:large","max-video-preview":"max-video-preview:-1"},"canonical":"https:\/\/www.mustadlatam.com\/co\/producto\/herradura-aluminio-paso-fino-st-croix-forge\/","og_locale":"es_ES","og_type":"article","og_title":"Herradura de Aluminio Paso Fino \u2013 St. Croix Forge | Mustad Colombia - Informaci\u00f3n, Educaci\u00f3n y Venta de Productos y Herramientas Profesionales para Herradores en Colombia","og_description":"Herradura de aluminio St. Croix Forge para paso fino colombiano: ultraligera (8 mm), m\u00e1xima precisi\u00f3n y rendimiento en competencias.","og_url":"https:\/\/www.mustadlatam.com\/co\/producto\/herradura-aluminio-paso-fino-st-croix-forge\/","og_site_name":"Mustad Colombia - Informaci\u00f3n, Educaci\u00f3n y Venta de Productos y Herramientas Profesionales para Herradores en Colombia","article_publisher":"https:\/\/www.facebook.com\/mustadlatam\/","article_modified_time":"2026-03-16T16:36:57+00:00","og_image":[{"width":624,"height":639,"url":"https:\/\/www.mustadlatam.com\/co\/wp-content\/uploads\/2\/2022\/08\/herradura-aluminio-paso-fino-2.png","type":"image\/png"}],"twitter_card":"summary_large_image","twitter_misc":{"Tiempo de lectura":"1 minuto"},"schema":{"@context":"https:\/\/schema.org","@graph":[{"@type":"WebPage","@id":"https:\/\/www.mustadlatam.com\/co\/producto\/herradura-aluminio-paso-fino-st-croix-forge\/","url":"https:\/\/www.mustadlatam.com\/co\/producto\/herradura-aluminio-paso-fino-st-croix-forge\/","name":"Herradura de Aluminio Paso Fino \u2013 St. Croix Forge | Mustad Colombia - Informaci\u00f3n, Educaci\u00f3n y Venta de Productos y Herramientas Profesionales para Herradores en Colombia","isPartOf":{"@id":"https:\/\/www.mustadlatam.com\/co\/#website"},"primaryImageOfPage":{"@id":"https:\/\/www.mustadlatam.com\/co\/producto\/herradura-aluminio-paso-fino-st-croix-forge\/#primaryimage"},"image":{"@id":"https:\/\/www.mustadlatam.com\/co\/producto\/herradura-aluminio-paso-fino-st-croix-forge\/#primaryimage"},"thumbnailUrl":"https:\/\/www.mustadlatam.com\/co\/wp-content\/uploads\/2\/2022\/08\/herradura-aluminio-paso-fino-2.png","datePublished":"2022-08-16T14:45:45+00:00","dateModified":"2026-03-16T16:36:57+00:00","description":"Herradura de aluminio St. Croix Forge para paso fino colombiano: ultraligera (8 mm), m\u00e1xima precisi\u00f3n y rendimiento en competencias.","breadcrumb":{"@id":"https:\/\/www.mustadlatam.com\/co\/producto\/herradura-aluminio-paso-fino-st-croix-forge\/#breadcrumb"},"inLanguage":"es-CO","potentialAction":[{"@type":"ReadAction","target":["https:\/\/www.mustadlatam.com\/co\/producto\/herradura-aluminio-paso-fino-st-croix-forge\/"]}]},{"@type":"ImageObject","inLanguage":"es-CO","@id":"https:\/\/www.mustadlatam.com\/co\/producto\/herradura-aluminio-paso-fino-st-croix-forge\/#primaryimage","url":"https:\/\/www.mustadlatam.com\/co\/wp-content\/uploads\/2\/2022\/08\/herradura-aluminio-paso-fino-2.png","contentUrl":"https:\/\/www.mustadlatam.com\/co\/wp-content\/uploads\/2\/2022\/08\/herradura-aluminio-paso-fino-2.png","width":624,"height":639,"caption":"herradura aluminio paso fino 2"},{"@type":"BreadcrumbList","@id":"https:\/\/www.mustadlatam.com\/co\/producto\/herradura-aluminio-paso-fino-st-croix-forge\/#breadcrumb","itemListElement":[{"@type":"ListItem","position":1,"name":"Inicio","item":"https:\/\/www.mustadlatam.com\/co\/"},{"@type":"ListItem","position":2,"name":"Tienda Mustad Colombia | Herraduras, Clavos y Herramientas","item":"https:\/\/www.mustadlatam.com\/co\/shop\/"},{"@type":"ListItem","position":3,"name":"Herradura de Aluminio Paso Fino \u2013 St. Croix Forge"}]},{"@type":"WebSite","@id":"https:\/\/www.mustadlatam.com\/co\/#website","url":"https:\/\/www.mustadlatam.com\/co\/","name":"Mustad LATAM","description":"Herraduras, Escofinas, Clavos y Accesorios para Caballos","publisher":{"@id":"https:\/\/www.mustadlatam.com\/co\/#organization"},"alternateName":"Mustad Colombia","potentialAction":[{"@type":"SearchAction","target":{"@type":"EntryPoint","urlTemplate":"https:\/\/www.mustadlatam.com\/co\/?s={search_term_string}"},"query-input":{"@type":"PropertyValueSpecification","valueRequired":true,"valueName":"search_term_string"}}],"inLanguage":"es-CO"},{"@type":"Organization","@id":"https:\/\/www.mustadlatam.com\/co\/#organization","name":"Mustad Colombia","alternateName":"Mustad Colombia | Empresa Colombiana de Productos para Herradores","url":"https:\/\/www.mustadlatam.com\/co\/","logo":{"@type":"ImageObject","inLanguage":"es-CO","@id":"https:\/\/www.mustadlatam.com\/co\/#\/schema\/logo\/image\/","url":"https:\/\/www.mustadlatam.com\/co\/wp-content\/uploads\/2\/2025\/12\/cropped-LOGO-MUSTAD-Final.png","contentUrl":"https:\/\/www.mustadlatam.com\/co\/wp-content\/uploads\/2\/2025\/12\/cropped-LOGO-MUSTAD-Final.png","width":500,"height":500,"caption":"Mustad Colombia"},"image":{"@id":"https:\/\/www.mustadlatam.com\/co\/#\/schema\/logo\/image\/"},"sameAs":["https:\/\/www.facebook.com\/mustadlatam\/","https:\/\/www.instagram.com\/mustadlatam\/","https:\/\/www.youtube.com\/@mustadlatam"]}]}},"_links":{"self":[{"href":"https:\/\/www.mustadlatam.com\/co\/wp-json\/wp\/v2\/product\/210","targetHints":{"allow":["GET"]}}],"collection":[{"href":"https:\/\/www.mustadlatam.com\/co\/wp-json\/wp\/v2\/product"}],"about":[{"href":"https:\/\/www.mustadlatam.com\/co\/wp-json\/wp\/v2\/types\/product"}],"author":[{"embeddable":true,"href":"https:\/\/www.mustadlatam.com\/co\/wp-json\/wp\/v2\/users\/1"}],"replies":[{"embeddable":true,"href":"https:\/\/www.mustadlatam.com\/co\/wp-json\/wp\/v2\/comments?post=210"}],"wp:featuredmedia":[{"embeddable":true,"href":"https:\/\/www.mustadlatam.com\/co\/wp-json\/wp\/v2\/media\/496"}],"wp:attachment":[{"href":"https:\/\/www.mustadlatam.com\/co\/wp-json\/wp\/v2\/media?parent=210"}],"wp:term":[{"taxonomy":"product_brand","embeddable":true,"href":"https:\/\/www.mustadlatam.com\/co\/wp-json\/wp\/v2\/product_brand?post=210"},{"taxonomy":"product_cat","embeddable":true,"href":"https:\/\/www.mustadlatam.com\/co\/wp-json\/wp\/v2\/product_cat?post=210"},{"taxonomy":"product_tag","embeddable":true,"href":"https:\/\/www.mustadlatam.com\/co\/wp-json\/wp\/v2\/product_tag?post=210"}],"curies":[{"name":"wp","href":"https:\/\/api.w.org\/{rel}","templated":true}]}}