{"id":6062,"date":"2026-01-30T16:06:36","date_gmt":"2026-01-30T21:06:36","guid":{"rendered":"https:\/\/www.mustadlatam.com\/co\/?post_type=product&#038;p=6062"},"modified":"2026-04-23T23:35:48","modified_gmt":"2026-04-24T04:35:48","slug":"herradura-delta-keg","status":"publish","type":"product","link":"https:\/\/www.mustadlatam.com\/co\/producto\/herradura-delta-keg\/","title":{"rendered":"Herradura Delta Keg \u2013 forja maleable y ajuste t\u00e9cnico multidisciplinario"},"content":{"rendered":"","protected":false},"excerpt":{"rendered":"<p>Herradura forjada, sim\u00e9trica y sin pesta\u00f1a, pensada para forja y ajuste t\u00e9cnico gracias a su alta maleabilidad. Disponible en versi\u00f3n Regular y Wide, donde Wide aporta mayor superficie de apoyo y distribuci\u00f3n de carga, para un uso multidisciplinario.<\/p>\n","protected":false},"author":1,"featured_media":6167,"comment_status":"open","ping_status":"closed","template":"","meta":[],"product_brand":[349],"product_cat":[908,120,119,28,141],"product_tag":[913,909,916,911,912,910,915,914],"class_list":{"0":"post-6062","1":"product","2":"type-product","3":"status-publish","4":"has-post-thumbnail","6":"product_brand-delta","7":"product_cat-delta-keg","8":"product_cat-herraduras-de-acero-en-colombia","9":"product_cat-herraduras-de-aluminio-en-colombia","10":"product_cat-herraduras-para-caballos-mustad-colombia","11":"product_cat-herraduras-st-croix-forge-paso-fino-en-colombia","12":"product_tag-ajuste-tecnico","13":"product_tag-delta-keg","14":"product_tag-distribucion-de-carga","15":"product_tag-herradura-forjada","16":"product_tag-herradura-sin-pestana","17":"product_tag-kegshoe","18":"product_tag-regular","19":"product_tag-wide","20":"pa_disciplina-campo","21":"pa_disciplina-competicion","22":"pa_disciplina-trabajo","23":"pa_marca-delta","24":"pa_material-acero","25":"pa_talla-herradura-regular-1","26":"pa_talla-herradura-regular-2","27":"pa_talla-herradura-wide-0","28":"pa_talla-herradura-wide-2x0","29":"pa_tipo-producto-herradura","31":"first","32":"instock","33":"shipping-taxable","34":"purchasable","35":"product-type-variable"},"yoast_head":"<!-- This site is optimized with the Yoast SEO plugin v27.4 - https:\/\/yoast.com\/product\/yoast-seo-wordpress\/ -->\n<title>Herradura Delta Keg: Regular y Wide para ajuste t\u00e9cnico<\/title>\n<meta name=\"description\" content=\"Herradura Delta Keg forjada, sim\u00e9trica y sin pesta\u00f1a. Alta maleabilidad para forja y ajuste t\u00e9cnico. Versiones Regular y Wide. Precio desde $207.000 COP.\" \/>\n<meta name=\"robots\" content=\"index, follow, max-snippet:-1, max-image-preview:large, max-video-preview:-1\" \/>\n<link rel=\"canonical\" href=\"https:\/\/www.mustadlatam.com\/co\/producto\/herradura-delta-keg\/\" \/>\n<meta property=\"og:locale\" content=\"es_ES\" \/>\n<meta property=\"og:type\" content=\"article\" \/>\n<meta property=\"og:title\" content=\"Herradura Delta Keg: Regular y Wide para ajuste t\u00e9cnico\" \/>\n<meta property=\"og:description\" content=\"Herradura Delta Keg forjada, sim\u00e9trica y sin pesta\u00f1a. Alta maleabilidad para forja y ajuste t\u00e9cnico. Versiones Regular y Wide. Precio desde $207.000 COP.\" \/>\n<meta property=\"og:url\" content=\"https:\/\/www.mustadlatam.com\/co\/producto\/herradura-delta-keg\/\" \/>\n<meta property=\"og:site_name\" content=\"Mustad Colombia - Informaci\u00f3n, Educaci\u00f3n y Venta de Productos y Herramientas Profesionales para Herradores en Colombia\" \/>\n<meta property=\"article:publisher\" content=\"https:\/\/www.facebook.com\/mustadlatam\/\" \/>\n<meta property=\"article:modified_time\" content=\"2026-04-24T04:35:48+00:00\" \/>\n<meta property=\"og:image\" content=\"https:\/\/www.mustadlatam.com\/co\/wp-content\/uploads\/2\/2026\/02\/Delta-KEG-Wide-top-final.webp\" \/>\n\t<meta property=\"og:image:width\" content=\"1000\" \/>\n\t<meta property=\"og:image:height\" content=\"1063\" \/>\n\t<meta property=\"og:image:type\" content=\"image\/webp\" \/>\n<meta name=\"twitter:card\" content=\"summary_large_image\" \/>\n<meta name=\"twitter:label1\" content=\"Tiempo de lectura\" \/>\n\t<meta name=\"twitter:data1\" content=\"1 minuto\" \/>\n<script type=\"application\/ld+json\" class=\"yoast-schema-graph\">{\"@context\":\"https:\\\/\\\/schema.org\",\"@graph\":[{\"@type\":\"WebPage\",\"@id\":\"https:\\\/\\\/www.mustadlatam.com\\\/co\\\/producto\\\/herradura-delta-keg\\\/\",\"url\":\"https:\\\/\\\/www.mustadlatam.com\\\/co\\\/producto\\\/herradura-delta-keg\\\/\",\"name\":\"Herradura Delta Keg: Regular y Wide para ajuste t\u00e9cnico\",\"isPartOf\":{\"@id\":\"https:\\\/\\\/www.mustadlatam.com\\\/co\\\/#website\"},\"primaryImageOfPage\":{\"@id\":\"https:\\\/\\\/www.mustadlatam.com\\\/co\\\/producto\\\/herradura-delta-keg\\\/#primaryimage\"},\"image\":{\"@id\":\"https:\\\/\\\/www.mustadlatam.com\\\/co\\\/producto\\\/herradura-delta-keg\\\/#primaryimage\"},\"thumbnailUrl\":\"https:\\\/\\\/www.mustadlatam.com\\\/co\\\/wp-content\\\/uploads\\\/2\\\/2026\\\/02\\\/Delta-KEG-Wide-top-final.webp\",\"datePublished\":\"2026-01-30T21:06:36+00:00\",\"dateModified\":\"2026-04-24T04:35:48+00:00\",\"description\":\"Herradura Delta Keg forjada, sim\u00e9trica y sin pesta\u00f1a. Alta maleabilidad para forja y ajuste t\u00e9cnico. Versiones Regular y Wide. Precio desde $207.000 COP.\",\"breadcrumb\":{\"@id\":\"https:\\\/\\\/www.mustadlatam.com\\\/co\\\/producto\\\/herradura-delta-keg\\\/#breadcrumb\"},\"inLanguage\":\"es-CO\",\"potentialAction\":[{\"@type\":\"ReadAction\",\"target\":[\"https:\\\/\\\/www.mustadlatam.com\\\/co\\\/producto\\\/herradura-delta-keg\\\/\"]}]},{\"@type\":\"ImageObject\",\"inLanguage\":\"es-CO\",\"@id\":\"https:\\\/\\\/www.mustadlatam.com\\\/co\\\/producto\\\/herradura-delta-keg\\\/#primaryimage\",\"url\":\"https:\\\/\\\/www.mustadlatam.com\\\/co\\\/wp-content\\\/uploads\\\/2\\\/2026\\\/02\\\/Delta-KEG-Wide-top-final.webp\",\"contentUrl\":\"https:\\\/\\\/www.mustadlatam.com\\\/co\\\/wp-content\\\/uploads\\\/2\\\/2026\\\/02\\\/Delta-KEG-Wide-top-final.webp\",\"width\":1000,\"height\":1063,\"caption\":\"Herradura Delta Keg\"},{\"@type\":\"BreadcrumbList\",\"@id\":\"https:\\\/\\\/www.mustadlatam.com\\\/co\\\/producto\\\/herradura-delta-keg\\\/#breadcrumb\",\"itemListElement\":[{\"@type\":\"ListItem\",\"position\":1,\"name\":\"Inicio\",\"item\":\"https:\\\/\\\/www.mustadlatam.com\\\/co\\\/\"},{\"@type\":\"ListItem\",\"position\":2,\"name\":\"Tienda Mustad Colombia | Herraduras, Clavos y Herramientas\",\"item\":\"https:\\\/\\\/www.mustadlatam.com\\\/co\\\/shop\\\/\"},{\"@type\":\"ListItem\",\"position\":3,\"name\":\"Herradura Delta Keg \u2013 forja maleable y ajuste t\u00e9cnico multidisciplinario\"}]},{\"@type\":\"WebSite\",\"@id\":\"https:\\\/\\\/www.mustadlatam.com\\\/co\\\/#website\",\"url\":\"https:\\\/\\\/www.mustadlatam.com\\\/co\\\/\",\"name\":\"Mustad LATAM\",\"description\":\"Herraduras, Escofinas, Clavos y Accesorios para Caballos\",\"publisher\":{\"@id\":\"https:\\\/\\\/www.mustadlatam.com\\\/co\\\/#organization\"},\"alternateName\":\"Mustad Colombia\",\"potentialAction\":[{\"@type\":\"SearchAction\",\"target\":{\"@type\":\"EntryPoint\",\"urlTemplate\":\"https:\\\/\\\/www.mustadlatam.com\\\/co\\\/?s={search_term_string}\"},\"query-input\":{\"@type\":\"PropertyValueSpecification\",\"valueRequired\":true,\"valueName\":\"search_term_string\"}}],\"inLanguage\":\"es-CO\"},{\"@type\":\"Organization\",\"@id\":\"https:\\\/\\\/www.mustadlatam.com\\\/co\\\/#organization\",\"name\":\"Mustad Colombia\",\"alternateName\":\"Mustad Colombia | Empresa Colombiana de Productos para Herradores\",\"url\":\"https:\\\/\\\/www.mustadlatam.com\\\/co\\\/\",\"logo\":{\"@type\":\"ImageObject\",\"inLanguage\":\"es-CO\",\"@id\":\"https:\\\/\\\/www.mustadlatam.com\\\/co\\\/#\\\/schema\\\/logo\\\/image\\\/\",\"url\":\"https:\\\/\\\/www.mustadlatam.com\\\/co\\\/wp-content\\\/uploads\\\/2\\\/2025\\\/12\\\/cropped-LOGO-MUSTAD-Final.png\",\"contentUrl\":\"https:\\\/\\\/www.mustadlatam.com\\\/co\\\/wp-content\\\/uploads\\\/2\\\/2025\\\/12\\\/cropped-LOGO-MUSTAD-Final.png\",\"width\":500,\"height\":500,\"caption\":\"Mustad Colombia\"},\"image\":{\"@id\":\"https:\\\/\\\/www.mustadlatam.com\\\/co\\\/#\\\/schema\\\/logo\\\/image\\\/\"},\"sameAs\":[\"https:\\\/\\\/www.facebook.com\\\/mustadlatam\\\/\",\"https:\\\/\\\/www.instagram.com\\\/mustadlatam\\\/\",\"https:\\\/\\\/www.youtube.com\\\/@mustadlatam\"]}]}<\/script>\n<!-- \/ Yoast SEO plugin. -->","yoast_head_json":{"title":"Herradura Delta Keg: Regular y Wide para ajuste t\u00e9cnico","description":"Herradura Delta Keg forjada, sim\u00e9trica y sin pesta\u00f1a. Alta maleabilidad para forja y ajuste t\u00e9cnico. Versiones Regular y Wide. Precio desde $207.000 COP.","robots":{"index":"index","follow":"follow","max-snippet":"max-snippet:-1","max-image-preview":"max-image-preview:large","max-video-preview":"max-video-preview:-1"},"canonical":"https:\/\/www.mustadlatam.com\/co\/producto\/herradura-delta-keg\/","og_locale":"es_ES","og_type":"article","og_title":"Herradura Delta Keg: Regular y Wide para ajuste t\u00e9cnico","og_description":"Herradura Delta Keg forjada, sim\u00e9trica y sin pesta\u00f1a. Alta maleabilidad para forja y ajuste t\u00e9cnico. Versiones Regular y Wide. Precio desde $207.000 COP.","og_url":"https:\/\/www.mustadlatam.com\/co\/producto\/herradura-delta-keg\/","og_site_name":"Mustad Colombia - Informaci\u00f3n, Educaci\u00f3n y Venta de Productos y Herramientas Profesionales para Herradores en Colombia","article_publisher":"https:\/\/www.facebook.com\/mustadlatam\/","article_modified_time":"2026-04-24T04:35:48+00:00","og_image":[{"width":1000,"height":1063,"url":"https:\/\/www.mustadlatam.com\/co\/wp-content\/uploads\/2\/2026\/02\/Delta-KEG-Wide-top-final.webp","type":"image\/webp"}],"twitter_card":"summary_large_image","twitter_misc":{"Tiempo de lectura":"1 minuto"},"schema":{"@context":"https:\/\/schema.org","@graph":[{"@type":"WebPage","@id":"https:\/\/www.mustadlatam.com\/co\/producto\/herradura-delta-keg\/","url":"https:\/\/www.mustadlatam.com\/co\/producto\/herradura-delta-keg\/","name":"Herradura Delta Keg: Regular y Wide para ajuste t\u00e9cnico","isPartOf":{"@id":"https:\/\/www.mustadlatam.com\/co\/#website"},"primaryImageOfPage":{"@id":"https:\/\/www.mustadlatam.com\/co\/producto\/herradura-delta-keg\/#primaryimage"},"image":{"@id":"https:\/\/www.mustadlatam.com\/co\/producto\/herradura-delta-keg\/#primaryimage"},"thumbnailUrl":"https:\/\/www.mustadlatam.com\/co\/wp-content\/uploads\/2\/2026\/02\/Delta-KEG-Wide-top-final.webp","datePublished":"2026-01-30T21:06:36+00:00","dateModified":"2026-04-24T04:35:48+00:00","description":"Herradura Delta Keg forjada, sim\u00e9trica y sin pesta\u00f1a. Alta maleabilidad para forja y ajuste t\u00e9cnico. Versiones Regular y Wide. Precio desde $207.000 COP.","breadcrumb":{"@id":"https:\/\/www.mustadlatam.com\/co\/producto\/herradura-delta-keg\/#breadcrumb"},"inLanguage":"es-CO","potentialAction":[{"@type":"ReadAction","target":["https:\/\/www.mustadlatam.com\/co\/producto\/herradura-delta-keg\/"]}]},{"@type":"ImageObject","inLanguage":"es-CO","@id":"https:\/\/www.mustadlatam.com\/co\/producto\/herradura-delta-keg\/#primaryimage","url":"https:\/\/www.mustadlatam.com\/co\/wp-content\/uploads\/2\/2026\/02\/Delta-KEG-Wide-top-final.webp","contentUrl":"https:\/\/www.mustadlatam.com\/co\/wp-content\/uploads\/2\/2026\/02\/Delta-KEG-Wide-top-final.webp","width":1000,"height":1063,"caption":"Herradura Delta Keg"},{"@type":"BreadcrumbList","@id":"https:\/\/www.mustadlatam.com\/co\/producto\/herradura-delta-keg\/#breadcrumb","itemListElement":[{"@type":"ListItem","position":1,"name":"Inicio","item":"https:\/\/www.mustadlatam.com\/co\/"},{"@type":"ListItem","position":2,"name":"Tienda Mustad Colombia | Herraduras, Clavos y Herramientas","item":"https:\/\/www.mustadlatam.com\/co\/shop\/"},{"@type":"ListItem","position":3,"name":"Herradura Delta Keg \u2013 forja maleable y ajuste t\u00e9cnico multidisciplinario"}]},{"@type":"WebSite","@id":"https:\/\/www.mustadlatam.com\/co\/#website","url":"https:\/\/www.mustadlatam.com\/co\/","name":"Mustad LATAM","description":"Herraduras, Escofinas, Clavos y Accesorios para Caballos","publisher":{"@id":"https:\/\/www.mustadlatam.com\/co\/#organization"},"alternateName":"Mustad Colombia","potentialAction":[{"@type":"SearchAction","target":{"@type":"EntryPoint","urlTemplate":"https:\/\/www.mustadlatam.com\/co\/?s={search_term_string}"},"query-input":{"@type":"PropertyValueSpecification","valueRequired":true,"valueName":"search_term_string"}}],"inLanguage":"es-CO"},{"@type":"Organization","@id":"https:\/\/www.mustadlatam.com\/co\/#organization","name":"Mustad Colombia","alternateName":"Mustad Colombia | Empresa Colombiana de Productos para Herradores","url":"https:\/\/www.mustadlatam.com\/co\/","logo":{"@type":"ImageObject","inLanguage":"es-CO","@id":"https:\/\/www.mustadlatam.com\/co\/#\/schema\/logo\/image\/","url":"https:\/\/www.mustadlatam.com\/co\/wp-content\/uploads\/2\/2025\/12\/cropped-LOGO-MUSTAD-Final.png","contentUrl":"https:\/\/www.mustadlatam.com\/co\/wp-content\/uploads\/2\/2025\/12\/cropped-LOGO-MUSTAD-Final.png","width":500,"height":500,"caption":"Mustad Colombia"},"image":{"@id":"https:\/\/www.mustadlatam.com\/co\/#\/schema\/logo\/image\/"},"sameAs":["https:\/\/www.facebook.com\/mustadlatam\/","https:\/\/www.instagram.com\/mustadlatam\/","https:\/\/www.youtube.com\/@mustadlatam"]}]}},"_links":{"self":[{"href":"https:\/\/www.mustadlatam.com\/co\/wp-json\/wp\/v2\/product\/6062","targetHints":{"allow":["GET"]}}],"collection":[{"href":"https:\/\/www.mustadlatam.com\/co\/wp-json\/wp\/v2\/product"}],"about":[{"href":"https:\/\/www.mustadlatam.com\/co\/wp-json\/wp\/v2\/types\/product"}],"author":[{"embeddable":true,"href":"https:\/\/www.mustadlatam.com\/co\/wp-json\/wp\/v2\/users\/1"}],"replies":[{"embeddable":true,"href":"https:\/\/www.mustadlatam.com\/co\/wp-json\/wp\/v2\/comments?post=6062"}],"wp:featuredmedia":[{"embeddable":true,"href":"https:\/\/www.mustadlatam.com\/co\/wp-json\/wp\/v2\/media\/6167"}],"wp:attachment":[{"href":"https:\/\/www.mustadlatam.com\/co\/wp-json\/wp\/v2\/media?parent=6062"}],"wp:term":[{"taxonomy":"product_brand","embeddable":true,"href":"https:\/\/www.mustadlatam.com\/co\/wp-json\/wp\/v2\/product_brand?post=6062"},{"taxonomy":"product_cat","embeddable":true,"href":"https:\/\/www.mustadlatam.com\/co\/wp-json\/wp\/v2\/product_cat?post=6062"},{"taxonomy":"product_tag","embeddable":true,"href":"https:\/\/www.mustadlatam.com\/co\/wp-json\/wp\/v2\/product_tag?post=6062"}],"curies":[{"name":"wp","href":"https:\/\/api.w.org\/{rel}","templated":true}]}}