{"id":6075,"date":"2026-01-30T16:57:03","date_gmt":"2026-01-30T21:57:03","guid":{"rendered":"https:\/\/www.mustadlatam.com\/co\/?post_type=product&#038;p=6075"},"modified":"2026-04-23T23:36:56","modified_gmt":"2026-04-24T04:36:56","slug":"herradura-mustad-sport","status":"publish","type":"product","link":"https:\/\/www.mustadlatam.com\/co\/producto\/herradura-mustad-sport\/","title":{"rendered":"Herradura Mustad Sport \u2013 desgaste controlado y durabilidad para salto y adiestramiento"},"content":{"rendered":"","protected":false},"excerpt":{"rendered":"<p>La Mustad Sport es una herradura <strong data-start=\"671\" data-end=\"684\">deportiva<\/strong> dise\u00f1ada para ofrecer desgaste controlado y alta durabilidad, con un enfoque de estabilidad y rendimiento constante en salto y adiestramiento. Pensada para el trabajo del herrador con f\u00e1cil ajuste y opci\u00f3n de m\u00faltiples reseteos. Como cat\u00e1logo, se maneja en presentaciones Mano y Pata, con referencias \u201cfront\u201d y \u201chind asym\u201d en la nomenclatura de variaciones.<\/p>\n","protected":false},"author":1,"featured_media":6059,"comment_status":"open","ping_status":"closed","template":"","meta":[],"product_brand":[412],"product_cat":[120,28,917],"product_tag":[923,920,921,926,919,927,924,918,925,922],"class_list":{"0":"post-6075","1":"product","2":"type-product","3":"status-publish","4":"has-post-thumbnail","6":"product_brand-mustad","7":"product_cat-herraduras-de-acero-en-colombia","8":"product_cat-herraduras-para-caballos-mustad-colombia","9":"product_cat-mustad-sport","10":"product_tag-adiestramiento","11":"product_tag-desgaste-controlado","12":"product_tag-durabilidad","13":"product_tag-front","14":"product_tag-herradura-deportiva","15":"product_tag-hind-asym","16":"product_tag-multiples-reseteos","17":"product_tag-mustad-sport","18":"product_tag-pestana","19":"product_tag-salto","20":"pa_disciplina-doma","21":"pa_disciplina-salto","22":"pa_marca-mustad","23":"pa_material-acero","24":"pa_talla-herradura-mano-0-con-pestana","25":"pa_talla-herradura-mano-1-con-pestana","26":"pa_talla-herradura-mano-2-doble-pestana","27":"pa_talla-herradura-mano-3-doble-pestana","28":"pa_talla-herradura-mano-4-doble-pestana","29":"pa_talla-herradura-pata-0-doble-pestana","30":"pa_talla-herradura-pata-1-doble-pestana","31":"pa_talla-herradura-pata-2-doble-pestana","32":"pa_talla-herradura-pata-3-doble-pestana","33":"pa_tipo-producto-herradura","35":"first","36":"instock","37":"shipping-taxable","38":"purchasable","39":"product-type-variable"},"yoast_head":"<!-- This site is optimized with the Yoast SEO plugin v27.4 - https:\/\/yoast.com\/product\/yoast-seo-wordpress\/ -->\n<title>Herradura Mustad Sport: control y durabilidad para el salto<\/title>\n<meta name=\"description\" content=\"Herradura deportiva Mustad Sport con pesta\u00f1a, desgaste controlado y alta durabilidad. Orientada a salto y adiestramiento, con f\u00e1cil ajuste y opci\u00f3n de\" \/>\n<meta name=\"robots\" content=\"index, follow, max-snippet:-1, max-image-preview:large, max-video-preview:-1\" \/>\n<link rel=\"canonical\" href=\"https:\/\/www.mustadlatam.com\/co\/producto\/herradura-mustad-sport\/\" \/>\n<meta property=\"og:locale\" content=\"es_ES\" \/>\n<meta property=\"og:type\" content=\"article\" \/>\n<meta property=\"og:title\" content=\"Herradura Mustad Sport: control y durabilidad para el salto\" \/>\n<meta property=\"og:description\" content=\"Herradura deportiva Mustad Sport con pesta\u00f1a, desgaste controlado y alta durabilidad. Orientada a salto y adiestramiento, con f\u00e1cil ajuste y opci\u00f3n de\" \/>\n<meta property=\"og:url\" content=\"https:\/\/www.mustadlatam.com\/co\/producto\/herradura-mustad-sport\/\" \/>\n<meta property=\"og:site_name\" content=\"Mustad Colombia - Informaci\u00f3n, Educaci\u00f3n y Venta de Productos y Herramientas Profesionales para Herradores en Colombia\" \/>\n<meta property=\"article:publisher\" content=\"https:\/\/www.facebook.com\/mustadlatam\/\" \/>\n<meta property=\"article:modified_time\" content=\"2026-04-24T04:36:56+00:00\" \/>\n<meta property=\"og:image\" content=\"https:\/\/www.mustadlatam.com\/co\/wp-content\/uploads\/2\/2026\/01\/MUSTAD-SPORT2.png\" \/>\n\t<meta property=\"og:image:width\" content=\"575\" \/>\n\t<meta property=\"og:image:height\" content=\"575\" \/>\n\t<meta property=\"og:image:type\" content=\"image\/png\" \/>\n<meta name=\"twitter:card\" content=\"summary_large_image\" \/>\n<meta name=\"twitter:label1\" content=\"Tiempo de lectura\" \/>\n\t<meta name=\"twitter:data1\" content=\"1 minuto\" \/>\n<script type=\"application\/ld+json\" class=\"yoast-schema-graph\">{\"@context\":\"https:\\\/\\\/schema.org\",\"@graph\":[{\"@type\":\"WebPage\",\"@id\":\"https:\\\/\\\/www.mustadlatam.com\\\/co\\\/producto\\\/herradura-mustad-sport\\\/\",\"url\":\"https:\\\/\\\/www.mustadlatam.com\\\/co\\\/producto\\\/herradura-mustad-sport\\\/\",\"name\":\"Herradura Mustad Sport: control y durabilidad para el salto\",\"isPartOf\":{\"@id\":\"https:\\\/\\\/www.mustadlatam.com\\\/co\\\/#website\"},\"primaryImageOfPage\":{\"@id\":\"https:\\\/\\\/www.mustadlatam.com\\\/co\\\/producto\\\/herradura-mustad-sport\\\/#primaryimage\"},\"image\":{\"@id\":\"https:\\\/\\\/www.mustadlatam.com\\\/co\\\/producto\\\/herradura-mustad-sport\\\/#primaryimage\"},\"thumbnailUrl\":\"https:\\\/\\\/www.mustadlatam.com\\\/co\\\/wp-content\\\/uploads\\\/2\\\/2026\\\/01\\\/MUSTAD-SPORT2.png\",\"datePublished\":\"2026-01-30T21:57:03+00:00\",\"dateModified\":\"2026-04-24T04:36:56+00:00\",\"description\":\"Herradura deportiva Mustad Sport con pesta\u00f1a, desgaste controlado y alta durabilidad. Orientada a salto y adiestramiento, con f\u00e1cil ajuste y opci\u00f3n de\",\"breadcrumb\":{\"@id\":\"https:\\\/\\\/www.mustadlatam.com\\\/co\\\/producto\\\/herradura-mustad-sport\\\/#breadcrumb\"},\"inLanguage\":\"es-CO\",\"potentialAction\":[{\"@type\":\"ReadAction\",\"target\":[\"https:\\\/\\\/www.mustadlatam.com\\\/co\\\/producto\\\/herradura-mustad-sport\\\/\"]}]},{\"@type\":\"ImageObject\",\"inLanguage\":\"es-CO\",\"@id\":\"https:\\\/\\\/www.mustadlatam.com\\\/co\\\/producto\\\/herradura-mustad-sport\\\/#primaryimage\",\"url\":\"https:\\\/\\\/www.mustadlatam.com\\\/co\\\/wp-content\\\/uploads\\\/2\\\/2026\\\/01\\\/MUSTAD-SPORT2.png\",\"contentUrl\":\"https:\\\/\\\/www.mustadlatam.com\\\/co\\\/wp-content\\\/uploads\\\/2\\\/2026\\\/01\\\/MUSTAD-SPORT2.png\",\"width\":575,\"height\":575,\"caption\":\"Herradura Mustad Sport\"},{\"@type\":\"BreadcrumbList\",\"@id\":\"https:\\\/\\\/www.mustadlatam.com\\\/co\\\/producto\\\/herradura-mustad-sport\\\/#breadcrumb\",\"itemListElement\":[{\"@type\":\"ListItem\",\"position\":1,\"name\":\"Inicio\",\"item\":\"https:\\\/\\\/www.mustadlatam.com\\\/co\\\/\"},{\"@type\":\"ListItem\",\"position\":2,\"name\":\"Tienda Mustad Colombia | Herraduras, Clavos y Herramientas\",\"item\":\"https:\\\/\\\/www.mustadlatam.com\\\/co\\\/shop\\\/\"},{\"@type\":\"ListItem\",\"position\":3,\"name\":\"Herradura Mustad Sport \u2013 desgaste controlado y durabilidad para salto y adiestramiento\"}]},{\"@type\":\"WebSite\",\"@id\":\"https:\\\/\\\/www.mustadlatam.com\\\/co\\\/#website\",\"url\":\"https:\\\/\\\/www.mustadlatam.com\\\/co\\\/\",\"name\":\"Mustad LATAM\",\"description\":\"Herraduras, Escofinas, Clavos y Accesorios para Caballos\",\"publisher\":{\"@id\":\"https:\\\/\\\/www.mustadlatam.com\\\/co\\\/#organization\"},\"alternateName\":\"Mustad Colombia\",\"potentialAction\":[{\"@type\":\"SearchAction\",\"target\":{\"@type\":\"EntryPoint\",\"urlTemplate\":\"https:\\\/\\\/www.mustadlatam.com\\\/co\\\/?s={search_term_string}\"},\"query-input\":{\"@type\":\"PropertyValueSpecification\",\"valueRequired\":true,\"valueName\":\"search_term_string\"}}],\"inLanguage\":\"es-CO\"},{\"@type\":\"Organization\",\"@id\":\"https:\\\/\\\/www.mustadlatam.com\\\/co\\\/#organization\",\"name\":\"Mustad Colombia\",\"alternateName\":\"Mustad Colombia | Empresa Colombiana de Productos para Herradores\",\"url\":\"https:\\\/\\\/www.mustadlatam.com\\\/co\\\/\",\"logo\":{\"@type\":\"ImageObject\",\"inLanguage\":\"es-CO\",\"@id\":\"https:\\\/\\\/www.mustadlatam.com\\\/co\\\/#\\\/schema\\\/logo\\\/image\\\/\",\"url\":\"https:\\\/\\\/www.mustadlatam.com\\\/co\\\/wp-content\\\/uploads\\\/2\\\/2025\\\/12\\\/cropped-LOGO-MUSTAD-Final.png\",\"contentUrl\":\"https:\\\/\\\/www.mustadlatam.com\\\/co\\\/wp-content\\\/uploads\\\/2\\\/2025\\\/12\\\/cropped-LOGO-MUSTAD-Final.png\",\"width\":500,\"height\":500,\"caption\":\"Mustad Colombia\"},\"image\":{\"@id\":\"https:\\\/\\\/www.mustadlatam.com\\\/co\\\/#\\\/schema\\\/logo\\\/image\\\/\"},\"sameAs\":[\"https:\\\/\\\/www.facebook.com\\\/mustadlatam\\\/\",\"https:\\\/\\\/www.instagram.com\\\/mustadlatam\\\/\",\"https:\\\/\\\/www.youtube.com\\\/@mustadlatam\"]}]}<\/script>\n<!-- \/ Yoast SEO plugin. -->","yoast_head_json":{"title":"Herradura Mustad Sport: control y durabilidad para el salto","description":"Herradura deportiva Mustad Sport con pesta\u00f1a, desgaste controlado y alta durabilidad. Orientada a salto y adiestramiento, con f\u00e1cil ajuste y opci\u00f3n de","robots":{"index":"index","follow":"follow","max-snippet":"max-snippet:-1","max-image-preview":"max-image-preview:large","max-video-preview":"max-video-preview:-1"},"canonical":"https:\/\/www.mustadlatam.com\/co\/producto\/herradura-mustad-sport\/","og_locale":"es_ES","og_type":"article","og_title":"Herradura Mustad Sport: control y durabilidad para el salto","og_description":"Herradura deportiva Mustad Sport con pesta\u00f1a, desgaste controlado y alta durabilidad. Orientada a salto y adiestramiento, con f\u00e1cil ajuste y opci\u00f3n de","og_url":"https:\/\/www.mustadlatam.com\/co\/producto\/herradura-mustad-sport\/","og_site_name":"Mustad Colombia - Informaci\u00f3n, Educaci\u00f3n y Venta de Productos y Herramientas Profesionales para Herradores en Colombia","article_publisher":"https:\/\/www.facebook.com\/mustadlatam\/","article_modified_time":"2026-04-24T04:36:56+00:00","og_image":[{"width":575,"height":575,"url":"https:\/\/www.mustadlatam.com\/co\/wp-content\/uploads\/2\/2026\/01\/MUSTAD-SPORT2.png","type":"image\/png"}],"twitter_card":"summary_large_image","twitter_misc":{"Tiempo de lectura":"1 minuto"},"schema":{"@context":"https:\/\/schema.org","@graph":[{"@type":"WebPage","@id":"https:\/\/www.mustadlatam.com\/co\/producto\/herradura-mustad-sport\/","url":"https:\/\/www.mustadlatam.com\/co\/producto\/herradura-mustad-sport\/","name":"Herradura Mustad Sport: control y durabilidad para el salto","isPartOf":{"@id":"https:\/\/www.mustadlatam.com\/co\/#website"},"primaryImageOfPage":{"@id":"https:\/\/www.mustadlatam.com\/co\/producto\/herradura-mustad-sport\/#primaryimage"},"image":{"@id":"https:\/\/www.mustadlatam.com\/co\/producto\/herradura-mustad-sport\/#primaryimage"},"thumbnailUrl":"https:\/\/www.mustadlatam.com\/co\/wp-content\/uploads\/2\/2026\/01\/MUSTAD-SPORT2.png","datePublished":"2026-01-30T21:57:03+00:00","dateModified":"2026-04-24T04:36:56+00:00","description":"Herradura deportiva Mustad Sport con pesta\u00f1a, desgaste controlado y alta durabilidad. Orientada a salto y adiestramiento, con f\u00e1cil ajuste y opci\u00f3n de","breadcrumb":{"@id":"https:\/\/www.mustadlatam.com\/co\/producto\/herradura-mustad-sport\/#breadcrumb"},"inLanguage":"es-CO","potentialAction":[{"@type":"ReadAction","target":["https:\/\/www.mustadlatam.com\/co\/producto\/herradura-mustad-sport\/"]}]},{"@type":"ImageObject","inLanguage":"es-CO","@id":"https:\/\/www.mustadlatam.com\/co\/producto\/herradura-mustad-sport\/#primaryimage","url":"https:\/\/www.mustadlatam.com\/co\/wp-content\/uploads\/2\/2026\/01\/MUSTAD-SPORT2.png","contentUrl":"https:\/\/www.mustadlatam.com\/co\/wp-content\/uploads\/2\/2026\/01\/MUSTAD-SPORT2.png","width":575,"height":575,"caption":"Herradura Mustad Sport"},{"@type":"BreadcrumbList","@id":"https:\/\/www.mustadlatam.com\/co\/producto\/herradura-mustad-sport\/#breadcrumb","itemListElement":[{"@type":"ListItem","position":1,"name":"Inicio","item":"https:\/\/www.mustadlatam.com\/co\/"},{"@type":"ListItem","position":2,"name":"Tienda Mustad Colombia | Herraduras, Clavos y Herramientas","item":"https:\/\/www.mustadlatam.com\/co\/shop\/"},{"@type":"ListItem","position":3,"name":"Herradura Mustad Sport \u2013 desgaste controlado y durabilidad para salto y adiestramiento"}]},{"@type":"WebSite","@id":"https:\/\/www.mustadlatam.com\/co\/#website","url":"https:\/\/www.mustadlatam.com\/co\/","name":"Mustad LATAM","description":"Herraduras, Escofinas, Clavos y Accesorios para Caballos","publisher":{"@id":"https:\/\/www.mustadlatam.com\/co\/#organization"},"alternateName":"Mustad Colombia","potentialAction":[{"@type":"SearchAction","target":{"@type":"EntryPoint","urlTemplate":"https:\/\/www.mustadlatam.com\/co\/?s={search_term_string}"},"query-input":{"@type":"PropertyValueSpecification","valueRequired":true,"valueName":"search_term_string"}}],"inLanguage":"es-CO"},{"@type":"Organization","@id":"https:\/\/www.mustadlatam.com\/co\/#organization","name":"Mustad Colombia","alternateName":"Mustad Colombia | Empresa Colombiana de Productos para Herradores","url":"https:\/\/www.mustadlatam.com\/co\/","logo":{"@type":"ImageObject","inLanguage":"es-CO","@id":"https:\/\/www.mustadlatam.com\/co\/#\/schema\/logo\/image\/","url":"https:\/\/www.mustadlatam.com\/co\/wp-content\/uploads\/2\/2025\/12\/cropped-LOGO-MUSTAD-Final.png","contentUrl":"https:\/\/www.mustadlatam.com\/co\/wp-content\/uploads\/2\/2025\/12\/cropped-LOGO-MUSTAD-Final.png","width":500,"height":500,"caption":"Mustad Colombia"},"image":{"@id":"https:\/\/www.mustadlatam.com\/co\/#\/schema\/logo\/image\/"},"sameAs":["https:\/\/www.facebook.com\/mustadlatam\/","https:\/\/www.instagram.com\/mustadlatam\/","https:\/\/www.youtube.com\/@mustadlatam"]}]}},"_links":{"self":[{"href":"https:\/\/www.mustadlatam.com\/co\/wp-json\/wp\/v2\/product\/6075","targetHints":{"allow":["GET"]}}],"collection":[{"href":"https:\/\/www.mustadlatam.com\/co\/wp-json\/wp\/v2\/product"}],"about":[{"href":"https:\/\/www.mustadlatam.com\/co\/wp-json\/wp\/v2\/types\/product"}],"author":[{"embeddable":true,"href":"https:\/\/www.mustadlatam.com\/co\/wp-json\/wp\/v2\/users\/1"}],"replies":[{"embeddable":true,"href":"https:\/\/www.mustadlatam.com\/co\/wp-json\/wp\/v2\/comments?post=6075"}],"wp:featuredmedia":[{"embeddable":true,"href":"https:\/\/www.mustadlatam.com\/co\/wp-json\/wp\/v2\/media\/6059"}],"wp:attachment":[{"href":"https:\/\/www.mustadlatam.com\/co\/wp-json\/wp\/v2\/media?parent=6075"}],"wp:term":[{"taxonomy":"product_brand","embeddable":true,"href":"https:\/\/www.mustadlatam.com\/co\/wp-json\/wp\/v2\/product_brand?post=6075"},{"taxonomy":"product_cat","embeddable":true,"href":"https:\/\/www.mustadlatam.com\/co\/wp-json\/wp\/v2\/product_cat?post=6075"},{"taxonomy":"product_tag","embeddable":true,"href":"https:\/\/www.mustadlatam.com\/co\/wp-json\/wp\/v2\/product_tag?post=6075"}],"curies":[{"name":"wp","href":"https:\/\/api.w.org\/{rel}","templated":true}]}}