{"id":673,"date":"2025-09-11T13:30:41","date_gmt":"2025-09-11T18:30:41","guid":{"rendered":"https:\/\/mediplushub.com\/co\/?post_type=product&#038;p=673"},"modified":"2026-03-13T09:46:29","modified_gmt":"2026-03-13T14:46:29","slug":"herradura-mustad-libero-concave","status":"publish","type":"product","link":"https:\/\/www.mustadlatam.com\/co\/producto\/herradura-mustad-libero-concave\/","title":{"rendered":"Herradura Mustad LiBero Concave \u2013 tracci\u00f3n y versatilidad deportiva"},"content":{"rendered":"","protected":false},"excerpt":{"rendered":"<p>LiBero Concave con perfil c\u00f3ncavo para mayor tracci\u00f3n y patr\u00f3n de 5 claveras por rama: vers\u00e1til para m\u00faltiples disciplinas y perforada para clavos tipo E.<\/p>\n","protected":false},"author":1,"featured_media":688,"comment_status":"open","ping_status":"closed","template":"","meta":[],"product_brand":[312],"product_cat":[120,119,28,139,141],"product_tag":[355,329,356,353,357,354],"class_list":{"0":"post-673","1":"product","2":"type-product","3":"status-publish","4":"has-post-thumbnail","6":"product_brand-libero","7":"product_cat-herraduras-de-acero-en-colombia","8":"product_cat-herraduras-de-aluminio-en-colombia","9":"product_cat-herraduras-para-caballos-mustad-colombia","10":"product_cat-herraduras-libero-en-colombia","11":"product_cat-herraduras-st-croix-forge-paso-fino-en-colombia","12":"product_tag-5-claveras-por-rama","13":"product_tag-8-mm","14":"product_tag-clavos-tipo-e","15":"product_tag-libero-concave","16":"product_tag-multi-disciplina","17":"product_tag-perfil-concavo","18":"pa_disciplina-campo","19":"pa_disciplina-trabajo","20":"pa_espesor-herradura-8-mm","21":"pa_marca-libero","22":"pa_material-acero","23":"pa_talla-herradura-mano-0-con-pestana","24":"pa_talla-herradura-mano-1-con-pestana","25":"pa_talla-herradura-mano-2x0-con-pestana","26":"pa_talla-herradura-pata-0-doble-pestana","27":"pa_talla-herradura-pata-1-doble-pestana","28":"pa_talla-herradura-pata-2x0-doble-pestana","29":"pa_tipo-producto-herradura","31":"first","32":"instock","33":"shipping-taxable","34":"purchasable","35":"product-type-variable"},"yoast_head":"<!-- This site is optimized with the Yoast SEO plugin v27.4 - https:\/\/yoast.com\/product\/yoast-seo-wordpress\/ -->\n<title>Herradura Mustad LiBero Concave \u2013 tracci\u00f3n y versatilidad<\/title>\n<meta name=\"description\" content=\"LiBero Concave con perfil c\u00f3ncavo, 5 claveras por rama y perforaci\u00f3n para clavos tipo E. Tracci\u00f3n extra y clavado flexible para salto y equitaci\u00f3n.\" \/>\n<meta name=\"robots\" content=\"index, follow, max-snippet:-1, max-image-preview:large, max-video-preview:-1\" \/>\n<link rel=\"canonical\" href=\"https:\/\/www.mustadlatam.com\/co\/producto\/herradura-mustad-libero-concave\/\" \/>\n<meta property=\"og:locale\" content=\"es_ES\" \/>\n<meta property=\"og:type\" content=\"article\" \/>\n<meta property=\"og:title\" content=\"Herradura Mustad LiBero Concave \u2013 tracci\u00f3n y versatilidad\" \/>\n<meta property=\"og:description\" content=\"LiBero Concave con perfil c\u00f3ncavo, 5 claveras por rama y perforaci\u00f3n para clavos tipo E. Tracci\u00f3n extra y clavado flexible para salto y equitaci\u00f3n.\" \/>\n<meta property=\"og:url\" content=\"https:\/\/www.mustadlatam.com\/co\/producto\/herradura-mustad-libero-concave\/\" \/>\n<meta property=\"og:site_name\" content=\"Mustad Colombia - Informaci\u00f3n, Educaci\u00f3n y Venta de Productos y Herramientas Profesionales para Herradores en Colombia\" \/>\n<meta property=\"article:publisher\" content=\"https:\/\/www.facebook.com\/mustadlatam\/\" \/>\n<meta property=\"article:modified_time\" content=\"2026-03-13T14:46:29+00:00\" \/>\n<meta property=\"og:image\" content=\"https:\/\/www.mustadlatam.com\/co\/wp-content\/uploads\/2\/2025\/09\/Herradura-Libero-Concave-pata-doble-pestana.png\" \/>\n\t<meta property=\"og:image:width\" content=\"878\" \/>\n\t<meta property=\"og:image:height\" content=\"881\" \/>\n\t<meta property=\"og:image:type\" content=\"image\/png\" \/>\n<meta name=\"twitter:card\" content=\"summary_large_image\" \/>\n<meta name=\"twitter:label1\" content=\"Tiempo de lectura\" \/>\n\t<meta name=\"twitter:data1\" content=\"1 minuto\" \/>\n<script type=\"application\/ld+json\" class=\"yoast-schema-graph\">{\"@context\":\"https:\\\/\\\/schema.org\",\"@graph\":[{\"@type\":\"WebPage\",\"@id\":\"https:\\\/\\\/www.mustadlatam.com\\\/co\\\/producto\\\/herradura-mustad-libero-concave\\\/\",\"url\":\"https:\\\/\\\/www.mustadlatam.com\\\/co\\\/producto\\\/herradura-mustad-libero-concave\\\/\",\"name\":\"Herradura Mustad LiBero Concave \u2013 tracci\u00f3n y versatilidad\",\"isPartOf\":{\"@id\":\"https:\\\/\\\/www.mustadlatam.com\\\/co\\\/#website\"},\"primaryImageOfPage\":{\"@id\":\"https:\\\/\\\/www.mustadlatam.com\\\/co\\\/producto\\\/herradura-mustad-libero-concave\\\/#primaryimage\"},\"image\":{\"@id\":\"https:\\\/\\\/www.mustadlatam.com\\\/co\\\/producto\\\/herradura-mustad-libero-concave\\\/#primaryimage\"},\"thumbnailUrl\":\"https:\\\/\\\/www.mustadlatam.com\\\/co\\\/wp-content\\\/uploads\\\/2\\\/2025\\\/09\\\/Herradura-Libero-Concave-pata-doble-pestana.png\",\"datePublished\":\"2025-09-11T18:30:41+00:00\",\"dateModified\":\"2026-03-13T14:46:29+00:00\",\"description\":\"LiBero Concave con perfil c\u00f3ncavo, 5 claveras por rama y perforaci\u00f3n para clavos tipo E. Tracci\u00f3n extra y clavado flexible para salto y equitaci\u00f3n.\",\"breadcrumb\":{\"@id\":\"https:\\\/\\\/www.mustadlatam.com\\\/co\\\/producto\\\/herradura-mustad-libero-concave\\\/#breadcrumb\"},\"inLanguage\":\"es-CO\",\"potentialAction\":[{\"@type\":\"ReadAction\",\"target\":[\"https:\\\/\\\/www.mustadlatam.com\\\/co\\\/producto\\\/herradura-mustad-libero-concave\\\/\"]}]},{\"@type\":\"ImageObject\",\"inLanguage\":\"es-CO\",\"@id\":\"https:\\\/\\\/www.mustadlatam.com\\\/co\\\/producto\\\/herradura-mustad-libero-concave\\\/#primaryimage\",\"url\":\"https:\\\/\\\/www.mustadlatam.com\\\/co\\\/wp-content\\\/uploads\\\/2\\\/2025\\\/09\\\/Herradura-Libero-Concave-pata-doble-pestana.png\",\"contentUrl\":\"https:\\\/\\\/www.mustadlatam.com\\\/co\\\/wp-content\\\/uploads\\\/2\\\/2025\\\/09\\\/Herradura-Libero-Concave-pata-doble-pestana.png\",\"width\":878,\"height\":881,\"caption\":\"Herradura Libero Concave pata doble pesta\u00f1a\"},{\"@type\":\"BreadcrumbList\",\"@id\":\"https:\\\/\\\/www.mustadlatam.com\\\/co\\\/producto\\\/herradura-mustad-libero-concave\\\/#breadcrumb\",\"itemListElement\":[{\"@type\":\"ListItem\",\"position\":1,\"name\":\"Inicio\",\"item\":\"https:\\\/\\\/www.mustadlatam.com\\\/co\\\/\"},{\"@type\":\"ListItem\",\"position\":2,\"name\":\"Tienda Mustad Colombia | Herraduras, Clavos y Herramientas\",\"item\":\"https:\\\/\\\/www.mustadlatam.com\\\/co\\\/shop\\\/\"},{\"@type\":\"ListItem\",\"position\":3,\"name\":\"Herradura Mustad LiBero Concave \u2013 tracci\u00f3n y versatilidad deportiva\"}]},{\"@type\":\"WebSite\",\"@id\":\"https:\\\/\\\/www.mustadlatam.com\\\/co\\\/#website\",\"url\":\"https:\\\/\\\/www.mustadlatam.com\\\/co\\\/\",\"name\":\"Mustad LATAM\",\"description\":\"Herraduras, Escofinas, Clavos y Accesorios para Caballos\",\"publisher\":{\"@id\":\"https:\\\/\\\/www.mustadlatam.com\\\/co\\\/#organization\"},\"alternateName\":\"Mustad Colombia\",\"potentialAction\":[{\"@type\":\"SearchAction\",\"target\":{\"@type\":\"EntryPoint\",\"urlTemplate\":\"https:\\\/\\\/www.mustadlatam.com\\\/co\\\/?s={search_term_string}\"},\"query-input\":{\"@type\":\"PropertyValueSpecification\",\"valueRequired\":true,\"valueName\":\"search_term_string\"}}],\"inLanguage\":\"es-CO\"},{\"@type\":\"Organization\",\"@id\":\"https:\\\/\\\/www.mustadlatam.com\\\/co\\\/#organization\",\"name\":\"Mustad Colombia\",\"alternateName\":\"Mustad Colombia | Empresa Colombiana de Productos para Herradores\",\"url\":\"https:\\\/\\\/www.mustadlatam.com\\\/co\\\/\",\"logo\":{\"@type\":\"ImageObject\",\"inLanguage\":\"es-CO\",\"@id\":\"https:\\\/\\\/www.mustadlatam.com\\\/co\\\/#\\\/schema\\\/logo\\\/image\\\/\",\"url\":\"https:\\\/\\\/www.mustadlatam.com\\\/co\\\/wp-content\\\/uploads\\\/2\\\/2025\\\/12\\\/cropped-LOGO-MUSTAD-Final.png\",\"contentUrl\":\"https:\\\/\\\/www.mustadlatam.com\\\/co\\\/wp-content\\\/uploads\\\/2\\\/2025\\\/12\\\/cropped-LOGO-MUSTAD-Final.png\",\"width\":500,\"height\":500,\"caption\":\"Mustad Colombia\"},\"image\":{\"@id\":\"https:\\\/\\\/www.mustadlatam.com\\\/co\\\/#\\\/schema\\\/logo\\\/image\\\/\"},\"sameAs\":[\"https:\\\/\\\/www.facebook.com\\\/mustadlatam\\\/\",\"https:\\\/\\\/www.instagram.com\\\/mustadlatam\\\/\",\"https:\\\/\\\/www.youtube.com\\\/@mustadlatam\"]}]}<\/script>\n<!-- \/ Yoast SEO plugin. -->","yoast_head_json":{"title":"Herradura Mustad LiBero Concave \u2013 tracci\u00f3n y versatilidad","description":"LiBero Concave con perfil c\u00f3ncavo, 5 claveras por rama y perforaci\u00f3n para clavos tipo E. Tracci\u00f3n extra y clavado flexible para salto y equitaci\u00f3n.","robots":{"index":"index","follow":"follow","max-snippet":"max-snippet:-1","max-image-preview":"max-image-preview:large","max-video-preview":"max-video-preview:-1"},"canonical":"https:\/\/www.mustadlatam.com\/co\/producto\/herradura-mustad-libero-concave\/","og_locale":"es_ES","og_type":"article","og_title":"Herradura Mustad LiBero Concave \u2013 tracci\u00f3n y versatilidad","og_description":"LiBero Concave con perfil c\u00f3ncavo, 5 claveras por rama y perforaci\u00f3n para clavos tipo E. Tracci\u00f3n extra y clavado flexible para salto y equitaci\u00f3n.","og_url":"https:\/\/www.mustadlatam.com\/co\/producto\/herradura-mustad-libero-concave\/","og_site_name":"Mustad Colombia - Informaci\u00f3n, Educaci\u00f3n y Venta de Productos y Herramientas Profesionales para Herradores en Colombia","article_publisher":"https:\/\/www.facebook.com\/mustadlatam\/","article_modified_time":"2026-03-13T14:46:29+00:00","og_image":[{"width":878,"height":881,"url":"https:\/\/www.mustadlatam.com\/co\/wp-content\/uploads\/2\/2025\/09\/Herradura-Libero-Concave-pata-doble-pestana.png","type":"image\/png"}],"twitter_card":"summary_large_image","twitter_misc":{"Tiempo de lectura":"1 minuto"},"schema":{"@context":"https:\/\/schema.org","@graph":[{"@type":"WebPage","@id":"https:\/\/www.mustadlatam.com\/co\/producto\/herradura-mustad-libero-concave\/","url":"https:\/\/www.mustadlatam.com\/co\/producto\/herradura-mustad-libero-concave\/","name":"Herradura Mustad LiBero Concave \u2013 tracci\u00f3n y versatilidad","isPartOf":{"@id":"https:\/\/www.mustadlatam.com\/co\/#website"},"primaryImageOfPage":{"@id":"https:\/\/www.mustadlatam.com\/co\/producto\/herradura-mustad-libero-concave\/#primaryimage"},"image":{"@id":"https:\/\/www.mustadlatam.com\/co\/producto\/herradura-mustad-libero-concave\/#primaryimage"},"thumbnailUrl":"https:\/\/www.mustadlatam.com\/co\/wp-content\/uploads\/2\/2025\/09\/Herradura-Libero-Concave-pata-doble-pestana.png","datePublished":"2025-09-11T18:30:41+00:00","dateModified":"2026-03-13T14:46:29+00:00","description":"LiBero Concave con perfil c\u00f3ncavo, 5 claveras por rama y perforaci\u00f3n para clavos tipo E. Tracci\u00f3n extra y clavado flexible para salto y equitaci\u00f3n.","breadcrumb":{"@id":"https:\/\/www.mustadlatam.com\/co\/producto\/herradura-mustad-libero-concave\/#breadcrumb"},"inLanguage":"es-CO","potentialAction":[{"@type":"ReadAction","target":["https:\/\/www.mustadlatam.com\/co\/producto\/herradura-mustad-libero-concave\/"]}]},{"@type":"ImageObject","inLanguage":"es-CO","@id":"https:\/\/www.mustadlatam.com\/co\/producto\/herradura-mustad-libero-concave\/#primaryimage","url":"https:\/\/www.mustadlatam.com\/co\/wp-content\/uploads\/2\/2025\/09\/Herradura-Libero-Concave-pata-doble-pestana.png","contentUrl":"https:\/\/www.mustadlatam.com\/co\/wp-content\/uploads\/2\/2025\/09\/Herradura-Libero-Concave-pata-doble-pestana.png","width":878,"height":881,"caption":"Herradura Libero Concave pata doble pesta\u00f1a"},{"@type":"BreadcrumbList","@id":"https:\/\/www.mustadlatam.com\/co\/producto\/herradura-mustad-libero-concave\/#breadcrumb","itemListElement":[{"@type":"ListItem","position":1,"name":"Inicio","item":"https:\/\/www.mustadlatam.com\/co\/"},{"@type":"ListItem","position":2,"name":"Tienda Mustad Colombia | Herraduras, Clavos y Herramientas","item":"https:\/\/www.mustadlatam.com\/co\/shop\/"},{"@type":"ListItem","position":3,"name":"Herradura Mustad LiBero Concave \u2013 tracci\u00f3n y versatilidad deportiva"}]},{"@type":"WebSite","@id":"https:\/\/www.mustadlatam.com\/co\/#website","url":"https:\/\/www.mustadlatam.com\/co\/","name":"Mustad LATAM","description":"Herraduras, Escofinas, Clavos y Accesorios para Caballos","publisher":{"@id":"https:\/\/www.mustadlatam.com\/co\/#organization"},"alternateName":"Mustad Colombia","potentialAction":[{"@type":"SearchAction","target":{"@type":"EntryPoint","urlTemplate":"https:\/\/www.mustadlatam.com\/co\/?s={search_term_string}"},"query-input":{"@type":"PropertyValueSpecification","valueRequired":true,"valueName":"search_term_string"}}],"inLanguage":"es-CO"},{"@type":"Organization","@id":"https:\/\/www.mustadlatam.com\/co\/#organization","name":"Mustad Colombia","alternateName":"Mustad Colombia | Empresa Colombiana de Productos para Herradores","url":"https:\/\/www.mustadlatam.com\/co\/","logo":{"@type":"ImageObject","inLanguage":"es-CO","@id":"https:\/\/www.mustadlatam.com\/co\/#\/schema\/logo\/image\/","url":"https:\/\/www.mustadlatam.com\/co\/wp-content\/uploads\/2\/2025\/12\/cropped-LOGO-MUSTAD-Final.png","contentUrl":"https:\/\/www.mustadlatam.com\/co\/wp-content\/uploads\/2\/2025\/12\/cropped-LOGO-MUSTAD-Final.png","width":500,"height":500,"caption":"Mustad Colombia"},"image":{"@id":"https:\/\/www.mustadlatam.com\/co\/#\/schema\/logo\/image\/"},"sameAs":["https:\/\/www.facebook.com\/mustadlatam\/","https:\/\/www.instagram.com\/mustadlatam\/","https:\/\/www.youtube.com\/@mustadlatam"]}]}},"_links":{"self":[{"href":"https:\/\/www.mustadlatam.com\/co\/wp-json\/wp\/v2\/product\/673","targetHints":{"allow":["GET"]}}],"collection":[{"href":"https:\/\/www.mustadlatam.com\/co\/wp-json\/wp\/v2\/product"}],"about":[{"href":"https:\/\/www.mustadlatam.com\/co\/wp-json\/wp\/v2\/types\/product"}],"author":[{"embeddable":true,"href":"https:\/\/www.mustadlatam.com\/co\/wp-json\/wp\/v2\/users\/1"}],"replies":[{"embeddable":true,"href":"https:\/\/www.mustadlatam.com\/co\/wp-json\/wp\/v2\/comments?post=673"}],"wp:featuredmedia":[{"embeddable":true,"href":"https:\/\/www.mustadlatam.com\/co\/wp-json\/wp\/v2\/media\/688"}],"wp:attachment":[{"href":"https:\/\/www.mustadlatam.com\/co\/wp-json\/wp\/v2\/media?parent=673"}],"wp:term":[{"taxonomy":"product_brand","embeddable":true,"href":"https:\/\/www.mustadlatam.com\/co\/wp-json\/wp\/v2\/product_brand?post=673"},{"taxonomy":"product_cat","embeddable":true,"href":"https:\/\/www.mustadlatam.com\/co\/wp-json\/wp\/v2\/product_cat?post=673"},{"taxonomy":"product_tag","embeddable":true,"href":"https:\/\/www.mustadlatam.com\/co\/wp-json\/wp\/v2\/product_tag?post=673"}],"curies":[{"name":"wp","href":"https:\/\/api.w.org\/{rel}","templated":true}]}}