{"id":737,"date":"2025-10-08T09:28:40","date_gmt":"2025-10-08T14:28:40","guid":{"rendered":"https:\/\/mediplushub.com\/co\/?post_type=product&#038;p=737"},"modified":"2026-03-10T09:19:42","modified_gmt":"2026-03-10T14:19:42","slug":"double-s-legra-classic-derecha","status":"publish","type":"product","link":"https:\/\/www.mustadlatam.com\/co\/producto\/double-s-legra-classic-derecha\/","title":{"rendered":"Double S Legra Classic Derecha \u2013 hoja curva y mango ergon\u00f3mico"},"content":{"rendered":"","protected":false},"excerpt":{"rendered":"<p>Legra o Gubia Double S Classic mano derecha con hoja curva\/c\u00f3ncava y mango ergon\u00f3mico de madera; acero de alta calidad, fabricado en Italia.<\/p>\n<p data-start=\"966\" data-end=\"1289\"><strong data-start=\"991\" data-end=\"1008\">Especialidad:<\/strong> recorte controlado de suela y ranilla con trayectorias naturales gracias a su drop\/curved blade y empu\u00f1adura de madera c\u00f3moda en mano.<br data-start=\"1121\" data-end=\"1124\" \/><strong data-start=\"1124\" data-end=\"1146\">Usos recomendados:<\/strong> limpieza y perfilado de suela\/ranilla, cortes de mantenimiento y terminados finos con buena retenci\u00f3n de filo. \u201cHoja curva que facilita su uso, con un filo perdurable\u201d<\/p>\n<p data-start=\"966\" data-end=\"1289\"><br data-start=\"1258\" data-end=\"1261\" \/><strong data-start=\"1261\" data-end=\"1287\">Caracter\u00edsticas clave:<\/strong><\/p>\n<ul>\n<li data-start=\"1368\" data-end=\"1522\">\n<p data-start=\"1371\" data-end=\"1522\"><strong data-start=\"1371\" data-end=\"1407\">Hoja curva\/c\u00f3ncava (drop blade):<\/strong> se adapta a la anatom\u00eda de la suela; permite cortes limpios y progresivos.<\/p>\n<\/li>\n<li data-start=\"1523\" data-end=\"1639\">\n<p data-start=\"1526\" data-end=\"1639\"><strong data-start=\"1526\" data-end=\"1551\">Acero de alta calidad<\/strong> con filo durable; f\u00e1cil de re-aviar\/afilar.<\/p>\n<\/li>\n<li data-start=\"1640\" data-end=\"1760\">\n<p data-start=\"1643\" data-end=\"1760\"><strong data-start=\"1643\" data-end=\"1673\">Mango ergon\u00f3mico de madera<\/strong>: agarre c\u00f3modo y controlado en pasadas largas.<\/p>\n<\/li>\n<li data-start=\"1761\" data-end=\"1860\">\n<p data-start=\"1764\" data-end=\"1860\"><strong data-start=\"1764\" data-end=\"1783\">Hecha en Italia<\/strong> por Double S (Horseshoes Worldwide).<\/p>\n<\/li>\n<li data-start=\"1861\" data-end=\"2009\">\n<p data-start=\"1864\" data-end=\"2009\"><strong data-start=\"1864\" data-end=\"1899\">Especificaciones del fabricante<\/strong>: Right-hand (40003), 210 mm de largo total, ~102 g de peso.<\/p>\n<\/li>\n<\/ul>\n","protected":false},"author":1,"featured_media":738,"comment_status":"open","ping_status":"closed","template":"","meta":[],"product_brand":[426],"product_cat":[406,25],"product_tag":[431,409,427,430,428,429],"class_list":{"0":"post-737","1":"product","2":"type-product","3":"status-publish","4":"has-post-thumbnail","6":"product_brand-double-s","7":"product_cat-gubias","8":"product_cat-herramientas","9":"product_tag-431","10":"product_tag-cuchillo-casco-derecho","11":"product_tag-double-s-classic","12":"product_tag-hecho-en-italia","13":"product_tag-hoja-curva-concava","14":"product_tag-mango-madera","15":"pa_marca-double-s","16":"pa_material-acero","17":"pa_tipo-producto-herramienta","19":"first","20":"instock","21":"shipping-taxable","22":"purchasable","23":"product-type-simple"},"yoast_head":"<!-- This site is optimized with the Yoast SEO plugin v27.4 - https:\/\/yoast.com\/product\/yoast-seo-wordpress\/ -->\n<title>Double S Legra Classic Derecha \u2013 hoja curva y mango ergon\u00f3mico | Mustad Colombia - Informaci\u00f3n, Educaci\u00f3n y Venta de Productos y Herramientas Profesionales para Herradores en Colombia<\/title>\n<meta name=\"description\" content=\"Legra o Gubia Double S Classic mano derecha (40003): hoja curva\/c\u00f3ncava en acero de alta calidad, mango ergon\u00f3mico de madera y fabricaci\u00f3n italiana para\" \/>\n<meta name=\"robots\" content=\"index, follow, max-snippet:-1, max-image-preview:large, max-video-preview:-1\" \/>\n<link rel=\"canonical\" href=\"https:\/\/www.mustadlatam.com\/co\/producto\/double-s-legra-classic-derecha\/\" \/>\n<meta property=\"og:locale\" content=\"es_ES\" \/>\n<meta property=\"og:type\" content=\"article\" \/>\n<meta property=\"og:title\" content=\"Double S Legra Classic Derecha \u2013 hoja curva y mango ergon\u00f3mico | Mustad Colombia - Informaci\u00f3n, Educaci\u00f3n y Venta de Productos y Herramientas Profesionales para Herradores en Colombia\" \/>\n<meta property=\"og:description\" content=\"Legra o Gubia Double S Classic mano derecha (40003): hoja curva\/c\u00f3ncava en acero de alta calidad, mango ergon\u00f3mico de madera y fabricaci\u00f3n italiana para\" \/>\n<meta property=\"og:url\" content=\"https:\/\/www.mustadlatam.com\/co\/producto\/double-s-legra-classic-derecha\/\" \/>\n<meta property=\"og:site_name\" content=\"Mustad Colombia - Informaci\u00f3n, Educaci\u00f3n y Venta de Productos y Herramientas Profesionales para Herradores en Colombia\" \/>\n<meta property=\"article:publisher\" content=\"https:\/\/www.facebook.com\/mustadlatam\/\" \/>\n<meta property=\"article:modified_time\" content=\"2026-03-10T14:19:42+00:00\" \/>\n<meta property=\"og:image\" content=\"https:\/\/www.mustadlatam.com\/co\/wp-content\/uploads\/2\/2025\/10\/Herramientas-Legra-DoubleS-Clasica.jpg\" \/>\n\t<meta property=\"og:image:width\" content=\"800\" \/>\n\t<meta property=\"og:image:height\" content=\"800\" \/>\n\t<meta property=\"og:image:type\" content=\"image\/jpeg\" \/>\n<meta name=\"twitter:card\" content=\"summary_large_image\" \/>\n<meta name=\"twitter:label1\" content=\"Tiempo de lectura\" \/>\n\t<meta name=\"twitter:data1\" content=\"1 minuto\" \/>\n<script type=\"application\/ld+json\" class=\"yoast-schema-graph\">{\"@context\":\"https:\\\/\\\/schema.org\",\"@graph\":[{\"@type\":\"WebPage\",\"@id\":\"https:\\\/\\\/www.mustadlatam.com\\\/co\\\/producto\\\/double-s-legra-classic-derecha\\\/\",\"url\":\"https:\\\/\\\/www.mustadlatam.com\\\/co\\\/producto\\\/double-s-legra-classic-derecha\\\/\",\"name\":\"Double S Legra Classic Derecha \u2013 hoja curva y mango ergon\u00f3mico | Mustad Colombia - Informaci\u00f3n, Educaci\u00f3n y Venta de Productos y Herramientas Profesionales para Herradores en Colombia\",\"isPartOf\":{\"@id\":\"https:\\\/\\\/www.mustadlatam.com\\\/co\\\/#website\"},\"primaryImageOfPage\":{\"@id\":\"https:\\\/\\\/www.mustadlatam.com\\\/co\\\/producto\\\/double-s-legra-classic-derecha\\\/#primaryimage\"},\"image\":{\"@id\":\"https:\\\/\\\/www.mustadlatam.com\\\/co\\\/producto\\\/double-s-legra-classic-derecha\\\/#primaryimage\"},\"thumbnailUrl\":\"https:\\\/\\\/www.mustadlatam.com\\\/co\\\/wp-content\\\/uploads\\\/2\\\/2025\\\/10\\\/Herramientas-Legra-DoubleS-Clasica.jpg\",\"datePublished\":\"2025-10-08T14:28:40+00:00\",\"dateModified\":\"2026-03-10T14:19:42+00:00\",\"description\":\"Legra o Gubia Double S Classic mano derecha (40003): hoja curva\\\/c\u00f3ncava en acero de alta calidad, mango ergon\u00f3mico de madera y fabricaci\u00f3n italiana para\",\"breadcrumb\":{\"@id\":\"https:\\\/\\\/www.mustadlatam.com\\\/co\\\/producto\\\/double-s-legra-classic-derecha\\\/#breadcrumb\"},\"inLanguage\":\"es-CO\",\"potentialAction\":[{\"@type\":\"ReadAction\",\"target\":[\"https:\\\/\\\/www.mustadlatam.com\\\/co\\\/producto\\\/double-s-legra-classic-derecha\\\/\"]}]},{\"@type\":\"ImageObject\",\"inLanguage\":\"es-CO\",\"@id\":\"https:\\\/\\\/www.mustadlatam.com\\\/co\\\/producto\\\/double-s-legra-classic-derecha\\\/#primaryimage\",\"url\":\"https:\\\/\\\/www.mustadlatam.com\\\/co\\\/wp-content\\\/uploads\\\/2\\\/2025\\\/10\\\/Herramientas-Legra-DoubleS-Clasica.jpg\",\"contentUrl\":\"https:\\\/\\\/www.mustadlatam.com\\\/co\\\/wp-content\\\/uploads\\\/2\\\/2025\\\/10\\\/Herramientas-Legra-DoubleS-Clasica.jpg\",\"width\":800,\"height\":800,\"caption\":\"double s knife classic derecha\"},{\"@type\":\"BreadcrumbList\",\"@id\":\"https:\\\/\\\/www.mustadlatam.com\\\/co\\\/producto\\\/double-s-legra-classic-derecha\\\/#breadcrumb\",\"itemListElement\":[{\"@type\":\"ListItem\",\"position\":1,\"name\":\"Inicio\",\"item\":\"https:\\\/\\\/www.mustadlatam.com\\\/co\\\/\"},{\"@type\":\"ListItem\",\"position\":2,\"name\":\"Tienda Mustad Colombia | Herraduras, Clavos y Herramientas\",\"item\":\"https:\\\/\\\/www.mustadlatam.com\\\/co\\\/shop\\\/\"},{\"@type\":\"ListItem\",\"position\":3,\"name\":\"Double S Legra Classic Derecha \u2013 hoja curva y mango ergon\u00f3mico\"}]},{\"@type\":\"WebSite\",\"@id\":\"https:\\\/\\\/www.mustadlatam.com\\\/co\\\/#website\",\"url\":\"https:\\\/\\\/www.mustadlatam.com\\\/co\\\/\",\"name\":\"Mustad LATAM\",\"description\":\"Herraduras, Escofinas, Clavos y Accesorios para Caballos\",\"publisher\":{\"@id\":\"https:\\\/\\\/www.mustadlatam.com\\\/co\\\/#organization\"},\"alternateName\":\"Mustad Colombia\",\"potentialAction\":[{\"@type\":\"SearchAction\",\"target\":{\"@type\":\"EntryPoint\",\"urlTemplate\":\"https:\\\/\\\/www.mustadlatam.com\\\/co\\\/?s={search_term_string}\"},\"query-input\":{\"@type\":\"PropertyValueSpecification\",\"valueRequired\":true,\"valueName\":\"search_term_string\"}}],\"inLanguage\":\"es-CO\"},{\"@type\":\"Organization\",\"@id\":\"https:\\\/\\\/www.mustadlatam.com\\\/co\\\/#organization\",\"name\":\"Mustad Colombia\",\"alternateName\":\"Mustad Colombia | Empresa Colombiana de Productos para Herradores\",\"url\":\"https:\\\/\\\/www.mustadlatam.com\\\/co\\\/\",\"logo\":{\"@type\":\"ImageObject\",\"inLanguage\":\"es-CO\",\"@id\":\"https:\\\/\\\/www.mustadlatam.com\\\/co\\\/#\\\/schema\\\/logo\\\/image\\\/\",\"url\":\"https:\\\/\\\/www.mustadlatam.com\\\/co\\\/wp-content\\\/uploads\\\/2\\\/2025\\\/12\\\/cropped-LOGO-MUSTAD-Final.png\",\"contentUrl\":\"https:\\\/\\\/www.mustadlatam.com\\\/co\\\/wp-content\\\/uploads\\\/2\\\/2025\\\/12\\\/cropped-LOGO-MUSTAD-Final.png\",\"width\":500,\"height\":500,\"caption\":\"Mustad Colombia\"},\"image\":{\"@id\":\"https:\\\/\\\/www.mustadlatam.com\\\/co\\\/#\\\/schema\\\/logo\\\/image\\\/\"},\"sameAs\":[\"https:\\\/\\\/www.facebook.com\\\/mustadlatam\\\/\",\"https:\\\/\\\/www.instagram.com\\\/mustadlatam\\\/\",\"https:\\\/\\\/www.youtube.com\\\/@mustadlatam\"]}]}<\/script>\n<!-- \/ Yoast SEO plugin. -->","yoast_head_json":{"title":"Double S Legra Classic Derecha \u2013 hoja curva y mango ergon\u00f3mico | Mustad Colombia - Informaci\u00f3n, Educaci\u00f3n y Venta de Productos y Herramientas Profesionales para Herradores en Colombia","description":"Legra o Gubia Double S Classic mano derecha (40003): hoja curva\/c\u00f3ncava en acero de alta calidad, mango ergon\u00f3mico de madera y fabricaci\u00f3n italiana para","robots":{"index":"index","follow":"follow","max-snippet":"max-snippet:-1","max-image-preview":"max-image-preview:large","max-video-preview":"max-video-preview:-1"},"canonical":"https:\/\/www.mustadlatam.com\/co\/producto\/double-s-legra-classic-derecha\/","og_locale":"es_ES","og_type":"article","og_title":"Double S Legra Classic Derecha \u2013 hoja curva y mango ergon\u00f3mico | Mustad Colombia - Informaci\u00f3n, Educaci\u00f3n y Venta de Productos y Herramientas Profesionales para Herradores en Colombia","og_description":"Legra o Gubia Double S Classic mano derecha (40003): hoja curva\/c\u00f3ncava en acero de alta calidad, mango ergon\u00f3mico de madera y fabricaci\u00f3n italiana para","og_url":"https:\/\/www.mustadlatam.com\/co\/producto\/double-s-legra-classic-derecha\/","og_site_name":"Mustad Colombia - Informaci\u00f3n, Educaci\u00f3n y Venta de Productos y Herramientas Profesionales para Herradores en Colombia","article_publisher":"https:\/\/www.facebook.com\/mustadlatam\/","article_modified_time":"2026-03-10T14:19:42+00:00","og_image":[{"width":800,"height":800,"url":"https:\/\/www.mustadlatam.com\/co\/wp-content\/uploads\/2\/2025\/10\/Herramientas-Legra-DoubleS-Clasica.jpg","type":"image\/jpeg"}],"twitter_card":"summary_large_image","twitter_misc":{"Tiempo de lectura":"1 minuto"},"schema":{"@context":"https:\/\/schema.org","@graph":[{"@type":"WebPage","@id":"https:\/\/www.mustadlatam.com\/co\/producto\/double-s-legra-classic-derecha\/","url":"https:\/\/www.mustadlatam.com\/co\/producto\/double-s-legra-classic-derecha\/","name":"Double S Legra Classic Derecha \u2013 hoja curva y mango ergon\u00f3mico | Mustad Colombia - Informaci\u00f3n, Educaci\u00f3n y Venta de Productos y Herramientas Profesionales para Herradores en Colombia","isPartOf":{"@id":"https:\/\/www.mustadlatam.com\/co\/#website"},"primaryImageOfPage":{"@id":"https:\/\/www.mustadlatam.com\/co\/producto\/double-s-legra-classic-derecha\/#primaryimage"},"image":{"@id":"https:\/\/www.mustadlatam.com\/co\/producto\/double-s-legra-classic-derecha\/#primaryimage"},"thumbnailUrl":"https:\/\/www.mustadlatam.com\/co\/wp-content\/uploads\/2\/2025\/10\/Herramientas-Legra-DoubleS-Clasica.jpg","datePublished":"2025-10-08T14:28:40+00:00","dateModified":"2026-03-10T14:19:42+00:00","description":"Legra o Gubia Double S Classic mano derecha (40003): hoja curva\/c\u00f3ncava en acero de alta calidad, mango ergon\u00f3mico de madera y fabricaci\u00f3n italiana para","breadcrumb":{"@id":"https:\/\/www.mustadlatam.com\/co\/producto\/double-s-legra-classic-derecha\/#breadcrumb"},"inLanguage":"es-CO","potentialAction":[{"@type":"ReadAction","target":["https:\/\/www.mustadlatam.com\/co\/producto\/double-s-legra-classic-derecha\/"]}]},{"@type":"ImageObject","inLanguage":"es-CO","@id":"https:\/\/www.mustadlatam.com\/co\/producto\/double-s-legra-classic-derecha\/#primaryimage","url":"https:\/\/www.mustadlatam.com\/co\/wp-content\/uploads\/2\/2025\/10\/Herramientas-Legra-DoubleS-Clasica.jpg","contentUrl":"https:\/\/www.mustadlatam.com\/co\/wp-content\/uploads\/2\/2025\/10\/Herramientas-Legra-DoubleS-Clasica.jpg","width":800,"height":800,"caption":"double s knife classic derecha"},{"@type":"BreadcrumbList","@id":"https:\/\/www.mustadlatam.com\/co\/producto\/double-s-legra-classic-derecha\/#breadcrumb","itemListElement":[{"@type":"ListItem","position":1,"name":"Inicio","item":"https:\/\/www.mustadlatam.com\/co\/"},{"@type":"ListItem","position":2,"name":"Tienda Mustad Colombia | Herraduras, Clavos y Herramientas","item":"https:\/\/www.mustadlatam.com\/co\/shop\/"},{"@type":"ListItem","position":3,"name":"Double S Legra Classic Derecha \u2013 hoja curva y mango ergon\u00f3mico"}]},{"@type":"WebSite","@id":"https:\/\/www.mustadlatam.com\/co\/#website","url":"https:\/\/www.mustadlatam.com\/co\/","name":"Mustad LATAM","description":"Herraduras, Escofinas, Clavos y Accesorios para Caballos","publisher":{"@id":"https:\/\/www.mustadlatam.com\/co\/#organization"},"alternateName":"Mustad Colombia","potentialAction":[{"@type":"SearchAction","target":{"@type":"EntryPoint","urlTemplate":"https:\/\/www.mustadlatam.com\/co\/?s={search_term_string}"},"query-input":{"@type":"PropertyValueSpecification","valueRequired":true,"valueName":"search_term_string"}}],"inLanguage":"es-CO"},{"@type":"Organization","@id":"https:\/\/www.mustadlatam.com\/co\/#organization","name":"Mustad Colombia","alternateName":"Mustad Colombia | Empresa Colombiana de Productos para Herradores","url":"https:\/\/www.mustadlatam.com\/co\/","logo":{"@type":"ImageObject","inLanguage":"es-CO","@id":"https:\/\/www.mustadlatam.com\/co\/#\/schema\/logo\/image\/","url":"https:\/\/www.mustadlatam.com\/co\/wp-content\/uploads\/2\/2025\/12\/cropped-LOGO-MUSTAD-Final.png","contentUrl":"https:\/\/www.mustadlatam.com\/co\/wp-content\/uploads\/2\/2025\/12\/cropped-LOGO-MUSTAD-Final.png","width":500,"height":500,"caption":"Mustad Colombia"},"image":{"@id":"https:\/\/www.mustadlatam.com\/co\/#\/schema\/logo\/image\/"},"sameAs":["https:\/\/www.facebook.com\/mustadlatam\/","https:\/\/www.instagram.com\/mustadlatam\/","https:\/\/www.youtube.com\/@mustadlatam"]}]}},"_links":{"self":[{"href":"https:\/\/www.mustadlatam.com\/co\/wp-json\/wp\/v2\/product\/737","targetHints":{"allow":["GET"]}}],"collection":[{"href":"https:\/\/www.mustadlatam.com\/co\/wp-json\/wp\/v2\/product"}],"about":[{"href":"https:\/\/www.mustadlatam.com\/co\/wp-json\/wp\/v2\/types\/product"}],"author":[{"embeddable":true,"href":"https:\/\/www.mustadlatam.com\/co\/wp-json\/wp\/v2\/users\/1"}],"replies":[{"embeddable":true,"href":"https:\/\/www.mustadlatam.com\/co\/wp-json\/wp\/v2\/comments?post=737"}],"wp:featuredmedia":[{"embeddable":true,"href":"https:\/\/www.mustadlatam.com\/co\/wp-json\/wp\/v2\/media\/738"}],"wp:attachment":[{"href":"https:\/\/www.mustadlatam.com\/co\/wp-json\/wp\/v2\/media?parent=737"}],"wp:term":[{"taxonomy":"product_brand","embeddable":true,"href":"https:\/\/www.mustadlatam.com\/co\/wp-json\/wp\/v2\/product_brand?post=737"},{"taxonomy":"product_cat","embeddable":true,"href":"https:\/\/www.mustadlatam.com\/co\/wp-json\/wp\/v2\/product_cat?post=737"},{"taxonomy":"product_tag","embeddable":true,"href":"https:\/\/www.mustadlatam.com\/co\/wp-json\/wp\/v2\/product_tag?post=737"}],"curies":[{"name":"wp","href":"https:\/\/api.w.org\/{rel}","templated":true}]}}