{"id":802,"date":"2025-10-22T10:53:59","date_gmt":"2025-10-22T15:53:59","guid":{"rendered":"https:\/\/mediplushub.com\/co\/?post_type=product&#038;p=802"},"modified":"2026-04-30T12:12:34","modified_gmt":"2026-04-30T17:12:34","slug":"moldeador-cabeza-cuadrada","status":"publish","type":"product","link":"https:\/\/www.mustadlatam.com\/co\/producto\/moldeador-cabeza-cuadrada\/","title":{"rendered":"Moldeador Cabeza Cuadrada \u2013 cara lisa y cara redondeada para ajuste r\u00e1pido"},"content":{"rendered":"","protected":false},"excerpt":{"rendered":"<p>Moldeador con cara lisa y cara redondeada para ajustar herraduras con facilidad en distintos yunques; transici\u00f3n r\u00e1pida entre asentar y dar forma para un flujo de trabajo continuo.<\/p>\n<p><strong data-start=\"1229\" data-end=\"1246\">Especialidad:<\/strong> modificaci\u00f3n y ajuste de herraduras con cambio \u00e1gil entre cara lisa y redondeada seg\u00fan la operaci\u00f3n.<br data-start=\"1313\" data-end=\"1316\" \/><strong data-start=\"1316\" data-end=\"1338\">Usos recomendados:<\/strong> asentado y perfilado de herraduras de f\u00e1brica o en ajuste de campo, cuando se busca mantener cadencia y reducir correcciones.<\/p>\n<p><strong>Caracter\u00edsticas clave:<\/strong><\/p>\n<ol>\n<li><strong>Doble cara de trabajo:<\/strong> una cara lisa y otra redondeada para diferentes fases del ajuste.<\/li>\n<li><strong>Compatibilidad con yunque:<\/strong> apto para trabajar en diferentes tipos de yunque, favoreciendo el ajuste donde lo necesites.<\/li>\n<\/ol>\n","protected":false},"author":1,"featured_media":803,"comment_status":"open","ping_status":"closed","template":"","meta":[],"product_brand":[304],"product_cat":[25,96],"product_tag":[506,503,504,505,457,479,501],"class_list":{"0":"post-802","1":"product","2":"type-product","3":"status-publish","4":"has-post-thumbnail","6":"product_brand-gdm","7":"product_cat-herramientas","8":"product_cat-martillos-gdm","9":"product_tag-ajuste-de-herraduras","10":"product_tag-cabeza-cuadrada","11":"product_tag-cara-lisa","12":"product_tag-cara-redondeada","13":"product_tag-gdm","14":"product_tag-martillo-moldeador","15":"product_tag-yunque","16":"pa_herramientas-herramientas-gdm","17":"pa_marca-gdm","18":"pa_tipo-producto-herramienta","20":"first","21":"instock","22":"shipping-taxable","23":"purchasable","24":"product-type-simple"},"yoast_head":"<!-- This site is optimized with the Yoast SEO plugin v27.4 - https:\/\/yoast.com\/product\/yoast-seo-wordpress\/ -->\n<title>Moldeador Cabeza Cuadrada cara lisa y redondeada a herraduras | Mustad Colombia - Informaci\u00f3n, Educaci\u00f3n y Venta de Productos y Herramientas Profesionales para Herradores en Colombia<\/title>\n<meta name=\"description\" content=\"Moldeador con cara lisa y cara redondeada para ajustar herraduras con facilidad en distintos yunques. Cambio r\u00e1pido entre operaciones y flujo de trabajo\" \/>\n<meta name=\"robots\" content=\"index, follow, max-snippet:-1, max-image-preview:large, max-video-preview:-1\" \/>\n<link rel=\"canonical\" href=\"https:\/\/www.mustadlatam.com\/co\/producto\/moldeador-cabeza-cuadrada\/\" \/>\n<meta property=\"og:locale\" content=\"es_ES\" \/>\n<meta property=\"og:type\" content=\"article\" \/>\n<meta property=\"og:title\" content=\"Moldeador Cabeza Cuadrada cara lisa y redondeada a herraduras | Mustad Colombia - Informaci\u00f3n, Educaci\u00f3n y Venta de Productos y Herramientas Profesionales para Herradores en Colombia\" \/>\n<meta property=\"og:description\" content=\"Moldeador con cara lisa y cara redondeada para ajustar herraduras con facilidad en distintos yunques. Cambio r\u00e1pido entre operaciones y flujo de trabajo\" \/>\n<meta property=\"og:url\" content=\"https:\/\/www.mustadlatam.com\/co\/producto\/moldeador-cabeza-cuadrada\/\" \/>\n<meta property=\"og:site_name\" content=\"Mustad Colombia - Informaci\u00f3n, Educaci\u00f3n y Venta de Productos y Herramientas Profesionales para Herradores en Colombia\" \/>\n<meta property=\"article:publisher\" content=\"https:\/\/www.facebook.com\/mustadlatam\/\" \/>\n<meta property=\"article:modified_time\" content=\"2026-04-30T17:12:34+00:00\" \/>\n<meta property=\"og:image\" content=\"https:\/\/www.mustadlatam.com\/co\/wp-content\/uploads\/2\/2025\/10\/Herramientas-Martillo-Moldeador-de-Cabeza-Redonda-y-Cuadrada.jpg\" \/>\n\t<meta property=\"og:image:width\" content=\"800\" \/>\n\t<meta property=\"og:image:height\" content=\"800\" \/>\n\t<meta property=\"og:image:type\" content=\"image\/jpeg\" \/>\n<meta name=\"twitter:card\" content=\"summary_large_image\" \/>\n<meta name=\"twitter:label1\" content=\"Tiempo de lectura\" \/>\n\t<meta name=\"twitter:data1\" content=\"1 minuto\" \/>\n<script type=\"application\/ld+json\" class=\"yoast-schema-graph\">{\"@context\":\"https:\\\/\\\/schema.org\",\"@graph\":[{\"@type\":\"WebPage\",\"@id\":\"https:\\\/\\\/www.mustadlatam.com\\\/co\\\/producto\\\/moldeador-cabeza-cuadrada\\\/\",\"url\":\"https:\\\/\\\/www.mustadlatam.com\\\/co\\\/producto\\\/moldeador-cabeza-cuadrada\\\/\",\"name\":\"Moldeador Cabeza Cuadrada cara lisa y redondeada a herraduras | Mustad Colombia - Informaci\u00f3n, Educaci\u00f3n y Venta de Productos y Herramientas Profesionales para Herradores en Colombia\",\"isPartOf\":{\"@id\":\"https:\\\/\\\/www.mustadlatam.com\\\/co\\\/#website\"},\"primaryImageOfPage\":{\"@id\":\"https:\\\/\\\/www.mustadlatam.com\\\/co\\\/producto\\\/moldeador-cabeza-cuadrada\\\/#primaryimage\"},\"image\":{\"@id\":\"https:\\\/\\\/www.mustadlatam.com\\\/co\\\/producto\\\/moldeador-cabeza-cuadrada\\\/#primaryimage\"},\"thumbnailUrl\":\"https:\\\/\\\/www.mustadlatam.com\\\/co\\\/wp-content\\\/uploads\\\/2\\\/2025\\\/10\\\/Herramientas-Martillo-Moldeador-de-Cabeza-Redonda-y-Cuadrada.jpg\",\"datePublished\":\"2025-10-22T15:53:59+00:00\",\"dateModified\":\"2026-04-30T17:12:34+00:00\",\"description\":\"Moldeador con cara lisa y cara redondeada para ajustar herraduras con facilidad en distintos yunques. Cambio r\u00e1pido entre operaciones y flujo de trabajo\",\"breadcrumb\":{\"@id\":\"https:\\\/\\\/www.mustadlatam.com\\\/co\\\/producto\\\/moldeador-cabeza-cuadrada\\\/#breadcrumb\"},\"inLanguage\":\"es-CO\",\"potentialAction\":[{\"@type\":\"ReadAction\",\"target\":[\"https:\\\/\\\/www.mustadlatam.com\\\/co\\\/producto\\\/moldeador-cabeza-cuadrada\\\/\"]}]},{\"@type\":\"ImageObject\",\"inLanguage\":\"es-CO\",\"@id\":\"https:\\\/\\\/www.mustadlatam.com\\\/co\\\/producto\\\/moldeador-cabeza-cuadrada\\\/#primaryimage\",\"url\":\"https:\\\/\\\/www.mustadlatam.com\\\/co\\\/wp-content\\\/uploads\\\/2\\\/2025\\\/10\\\/Herramientas-Martillo-Moldeador-de-Cabeza-Redonda-y-Cuadrada.jpg\",\"contentUrl\":\"https:\\\/\\\/www.mustadlatam.com\\\/co\\\/wp-content\\\/uploads\\\/2\\\/2025\\\/10\\\/Herramientas-Martillo-Moldeador-de-Cabeza-Redonda-y-Cuadrada.jpg\",\"width\":800,\"height\":800,\"caption\":\"Herramientas Martillo Moldeador de Cabeza Redonda y Cuadrada\"},{\"@type\":\"BreadcrumbList\",\"@id\":\"https:\\\/\\\/www.mustadlatam.com\\\/co\\\/producto\\\/moldeador-cabeza-cuadrada\\\/#breadcrumb\",\"itemListElement\":[{\"@type\":\"ListItem\",\"position\":1,\"name\":\"Inicio\",\"item\":\"https:\\\/\\\/www.mustadlatam.com\\\/co\\\/\"},{\"@type\":\"ListItem\",\"position\":2,\"name\":\"Tienda Mustad Colombia | Herraduras, Clavos y Herramientas\",\"item\":\"https:\\\/\\\/www.mustadlatam.com\\\/co\\\/shop\\\/\"},{\"@type\":\"ListItem\",\"position\":3,\"name\":\"Moldeador Cabeza Cuadrada \u2013 cara lisa y cara redondeada para ajuste r\u00e1pido\"}]},{\"@type\":\"WebSite\",\"@id\":\"https:\\\/\\\/www.mustadlatam.com\\\/co\\\/#website\",\"url\":\"https:\\\/\\\/www.mustadlatam.com\\\/co\\\/\",\"name\":\"Mustad LATAM\",\"description\":\"Herraduras, Escofinas, Clavos y Accesorios para Caballos\",\"publisher\":{\"@id\":\"https:\\\/\\\/www.mustadlatam.com\\\/co\\\/#organization\"},\"alternateName\":\"Mustad Colombia\",\"potentialAction\":[{\"@type\":\"SearchAction\",\"target\":{\"@type\":\"EntryPoint\",\"urlTemplate\":\"https:\\\/\\\/www.mustadlatam.com\\\/co\\\/?s={search_term_string}\"},\"query-input\":{\"@type\":\"PropertyValueSpecification\",\"valueRequired\":true,\"valueName\":\"search_term_string\"}}],\"inLanguage\":\"es-CO\"},{\"@type\":\"Organization\",\"@id\":\"https:\\\/\\\/www.mustadlatam.com\\\/co\\\/#organization\",\"name\":\"Mustad Colombia\",\"alternateName\":\"Mustad Colombia | Empresa Colombiana de Productos para Herradores\",\"url\":\"https:\\\/\\\/www.mustadlatam.com\\\/co\\\/\",\"logo\":{\"@type\":\"ImageObject\",\"inLanguage\":\"es-CO\",\"@id\":\"https:\\\/\\\/www.mustadlatam.com\\\/co\\\/#\\\/schema\\\/logo\\\/image\\\/\",\"url\":\"https:\\\/\\\/www.mustadlatam.com\\\/co\\\/wp-content\\\/uploads\\\/2\\\/2025\\\/12\\\/cropped-LOGO-MUSTAD-Final.png\",\"contentUrl\":\"https:\\\/\\\/www.mustadlatam.com\\\/co\\\/wp-content\\\/uploads\\\/2\\\/2025\\\/12\\\/cropped-LOGO-MUSTAD-Final.png\",\"width\":500,\"height\":500,\"caption\":\"Mustad Colombia\"},\"image\":{\"@id\":\"https:\\\/\\\/www.mustadlatam.com\\\/co\\\/#\\\/schema\\\/logo\\\/image\\\/\"},\"sameAs\":[\"https:\\\/\\\/www.facebook.com\\\/mustadlatam\\\/\",\"https:\\\/\\\/www.instagram.com\\\/mustadlatam\\\/\",\"https:\\\/\\\/www.youtube.com\\\/@mustadlatam\"]}]}<\/script>\n<!-- \/ Yoast SEO plugin. -->","yoast_head_json":{"title":"Moldeador Cabeza Cuadrada cara lisa y redondeada a herraduras | Mustad Colombia - Informaci\u00f3n, Educaci\u00f3n y Venta de Productos y Herramientas Profesionales para Herradores en Colombia","description":"Moldeador con cara lisa y cara redondeada para ajustar herraduras con facilidad en distintos yunques. Cambio r\u00e1pido entre operaciones y flujo de trabajo","robots":{"index":"index","follow":"follow","max-snippet":"max-snippet:-1","max-image-preview":"max-image-preview:large","max-video-preview":"max-video-preview:-1"},"canonical":"https:\/\/www.mustadlatam.com\/co\/producto\/moldeador-cabeza-cuadrada\/","og_locale":"es_ES","og_type":"article","og_title":"Moldeador Cabeza Cuadrada cara lisa y redondeada a herraduras | Mustad Colombia - Informaci\u00f3n, Educaci\u00f3n y Venta de Productos y Herramientas Profesionales para Herradores en Colombia","og_description":"Moldeador con cara lisa y cara redondeada para ajustar herraduras con facilidad en distintos yunques. Cambio r\u00e1pido entre operaciones y flujo de trabajo","og_url":"https:\/\/www.mustadlatam.com\/co\/producto\/moldeador-cabeza-cuadrada\/","og_site_name":"Mustad Colombia - Informaci\u00f3n, Educaci\u00f3n y Venta de Productos y Herramientas Profesionales para Herradores en Colombia","article_publisher":"https:\/\/www.facebook.com\/mustadlatam\/","article_modified_time":"2026-04-30T17:12:34+00:00","og_image":[{"width":800,"height":800,"url":"https:\/\/www.mustadlatam.com\/co\/wp-content\/uploads\/2\/2025\/10\/Herramientas-Martillo-Moldeador-de-Cabeza-Redonda-y-Cuadrada.jpg","type":"image\/jpeg"}],"twitter_card":"summary_large_image","twitter_misc":{"Tiempo de lectura":"1 minuto"},"schema":{"@context":"https:\/\/schema.org","@graph":[{"@type":"WebPage","@id":"https:\/\/www.mustadlatam.com\/co\/producto\/moldeador-cabeza-cuadrada\/","url":"https:\/\/www.mustadlatam.com\/co\/producto\/moldeador-cabeza-cuadrada\/","name":"Moldeador Cabeza Cuadrada cara lisa y redondeada a herraduras | Mustad Colombia - Informaci\u00f3n, Educaci\u00f3n y Venta de Productos y Herramientas Profesionales para Herradores en Colombia","isPartOf":{"@id":"https:\/\/www.mustadlatam.com\/co\/#website"},"primaryImageOfPage":{"@id":"https:\/\/www.mustadlatam.com\/co\/producto\/moldeador-cabeza-cuadrada\/#primaryimage"},"image":{"@id":"https:\/\/www.mustadlatam.com\/co\/producto\/moldeador-cabeza-cuadrada\/#primaryimage"},"thumbnailUrl":"https:\/\/www.mustadlatam.com\/co\/wp-content\/uploads\/2\/2025\/10\/Herramientas-Martillo-Moldeador-de-Cabeza-Redonda-y-Cuadrada.jpg","datePublished":"2025-10-22T15:53:59+00:00","dateModified":"2026-04-30T17:12:34+00:00","description":"Moldeador con cara lisa y cara redondeada para ajustar herraduras con facilidad en distintos yunques. Cambio r\u00e1pido entre operaciones y flujo de trabajo","breadcrumb":{"@id":"https:\/\/www.mustadlatam.com\/co\/producto\/moldeador-cabeza-cuadrada\/#breadcrumb"},"inLanguage":"es-CO","potentialAction":[{"@type":"ReadAction","target":["https:\/\/www.mustadlatam.com\/co\/producto\/moldeador-cabeza-cuadrada\/"]}]},{"@type":"ImageObject","inLanguage":"es-CO","@id":"https:\/\/www.mustadlatam.com\/co\/producto\/moldeador-cabeza-cuadrada\/#primaryimage","url":"https:\/\/www.mustadlatam.com\/co\/wp-content\/uploads\/2\/2025\/10\/Herramientas-Martillo-Moldeador-de-Cabeza-Redonda-y-Cuadrada.jpg","contentUrl":"https:\/\/www.mustadlatam.com\/co\/wp-content\/uploads\/2\/2025\/10\/Herramientas-Martillo-Moldeador-de-Cabeza-Redonda-y-Cuadrada.jpg","width":800,"height":800,"caption":"Herramientas Martillo Moldeador de Cabeza Redonda y Cuadrada"},{"@type":"BreadcrumbList","@id":"https:\/\/www.mustadlatam.com\/co\/producto\/moldeador-cabeza-cuadrada\/#breadcrumb","itemListElement":[{"@type":"ListItem","position":1,"name":"Inicio","item":"https:\/\/www.mustadlatam.com\/co\/"},{"@type":"ListItem","position":2,"name":"Tienda Mustad Colombia | Herraduras, Clavos y Herramientas","item":"https:\/\/www.mustadlatam.com\/co\/shop\/"},{"@type":"ListItem","position":3,"name":"Moldeador Cabeza Cuadrada \u2013 cara lisa y cara redondeada para ajuste r\u00e1pido"}]},{"@type":"WebSite","@id":"https:\/\/www.mustadlatam.com\/co\/#website","url":"https:\/\/www.mustadlatam.com\/co\/","name":"Mustad LATAM","description":"Herraduras, Escofinas, Clavos y Accesorios para Caballos","publisher":{"@id":"https:\/\/www.mustadlatam.com\/co\/#organization"},"alternateName":"Mustad Colombia","potentialAction":[{"@type":"SearchAction","target":{"@type":"EntryPoint","urlTemplate":"https:\/\/www.mustadlatam.com\/co\/?s={search_term_string}"},"query-input":{"@type":"PropertyValueSpecification","valueRequired":true,"valueName":"search_term_string"}}],"inLanguage":"es-CO"},{"@type":"Organization","@id":"https:\/\/www.mustadlatam.com\/co\/#organization","name":"Mustad Colombia","alternateName":"Mustad Colombia | Empresa Colombiana de Productos para Herradores","url":"https:\/\/www.mustadlatam.com\/co\/","logo":{"@type":"ImageObject","inLanguage":"es-CO","@id":"https:\/\/www.mustadlatam.com\/co\/#\/schema\/logo\/image\/","url":"https:\/\/www.mustadlatam.com\/co\/wp-content\/uploads\/2\/2025\/12\/cropped-LOGO-MUSTAD-Final.png","contentUrl":"https:\/\/www.mustadlatam.com\/co\/wp-content\/uploads\/2\/2025\/12\/cropped-LOGO-MUSTAD-Final.png","width":500,"height":500,"caption":"Mustad Colombia"},"image":{"@id":"https:\/\/www.mustadlatam.com\/co\/#\/schema\/logo\/image\/"},"sameAs":["https:\/\/www.facebook.com\/mustadlatam\/","https:\/\/www.instagram.com\/mustadlatam\/","https:\/\/www.youtube.com\/@mustadlatam"]}]}},"_links":{"self":[{"href":"https:\/\/www.mustadlatam.com\/co\/wp-json\/wp\/v2\/product\/802","targetHints":{"allow":["GET"]}}],"collection":[{"href":"https:\/\/www.mustadlatam.com\/co\/wp-json\/wp\/v2\/product"}],"about":[{"href":"https:\/\/www.mustadlatam.com\/co\/wp-json\/wp\/v2\/types\/product"}],"author":[{"embeddable":true,"href":"https:\/\/www.mustadlatam.com\/co\/wp-json\/wp\/v2\/users\/1"}],"replies":[{"embeddable":true,"href":"https:\/\/www.mustadlatam.com\/co\/wp-json\/wp\/v2\/comments?post=802"}],"wp:featuredmedia":[{"embeddable":true,"href":"https:\/\/www.mustadlatam.com\/co\/wp-json\/wp\/v2\/media\/803"}],"wp:attachment":[{"href":"https:\/\/www.mustadlatam.com\/co\/wp-json\/wp\/v2\/media?parent=802"}],"wp:term":[{"taxonomy":"product_brand","embeddable":true,"href":"https:\/\/www.mustadlatam.com\/co\/wp-json\/wp\/v2\/product_brand?post=802"},{"taxonomy":"product_cat","embeddable":true,"href":"https:\/\/www.mustadlatam.com\/co\/wp-json\/wp\/v2\/product_cat?post=802"},{"taxonomy":"product_tag","embeddable":true,"href":"https:\/\/www.mustadlatam.com\/co\/wp-json\/wp\/v2\/product_tag?post=802"}],"curies":[{"name":"wp","href":"https:\/\/api.w.org\/{rel}","templated":true}]}}