{"id":1636,"date":"2025-11-27T13:28:10","date_gmt":"2025-11-27T18:28:10","guid":{"rendered":"https:\/\/mediplushub.com\/mx\/?page_id=1636"},"modified":"2026-01-05T13:42:34","modified_gmt":"2026-01-05T18:42:34","slug":"derby-mexico-clavos-de-herraje-de-alto-desempeno-en-acero-y-cobre","status":"publish","type":"page","link":"https:\/\/www.mustadlatam.com\/mx\/derby-mexico-clavos-de-herraje-de-alto-desempeno-en-acero-y-cobre\/","title":{"rendered":"Derby M\u00e9xico | Clavos de herraje de alto desempe\u00f1o en acero y cobre"},"content":{"rendered":"","protected":false},"excerpt":{"rendered":"","protected":false},"author":1,"featured_media":517,"parent":0,"menu_order":0,"comment_status":"closed","ping_status":"closed","template":"","meta":{"footnotes":""},"class_list":["post-1636","page","type-page","status-publish","has-post-thumbnail","hentry"],"yoast_head":"<!-- This site is optimized with the Yoast SEO plugin v27.4 - https:\/\/yoast.com\/product\/yoast-seo-wordpress\/ -->\n<title>Derby - Clavos de herraje de alto desempe\u00f1o en acero y cobre<\/title>\n<meta name=\"description\" content=\"Clavos Derby CH5 SL, Derby Race y E5SL Copper: flexibilidad, resistencia y ajuste preciso. Dise\u00f1ados para trabajo, pista y cascos sensibles,\" \/>\n<meta name=\"robots\" content=\"index, follow, max-snippet:-1, max-image-preview:large, max-video-preview:-1\" \/>\n<link rel=\"canonical\" href=\"https:\/\/www.mustadlatam.com\/mx\/derby-mexico-clavos-de-herraje-de-alto-desempeno-en-acero-y-cobre\/\" \/>\n<meta property=\"og:locale\" content=\"es_MX\" \/>\n<meta property=\"og:type\" content=\"article\" \/>\n<meta property=\"og:title\" content=\"Derby - Clavos de herraje de alto desempe\u00f1o en acero y cobre\" \/>\n<meta property=\"og:description\" content=\"Clavos Derby CH5 SL, Derby Race y E5SL Copper: flexibilidad, resistencia y ajuste preciso. Dise\u00f1ados para trabajo, pista y cascos sensibles,\" \/>\n<meta property=\"og:url\" content=\"https:\/\/www.mustadlatam.com\/mx\/derby-mexico-clavos-de-herraje-de-alto-desempeno-en-acero-y-cobre\/\" \/>\n<meta property=\"og:site_name\" content=\"Mustad M\u00e9xico - Informaci\u00f3n, Educaci\u00f3n y Venta de Productos y Herramientas Profesionales para Herradores en M\u00e9xico\" \/>\n<meta property=\"article:publisher\" content=\"https:\/\/www.facebook.com\/mustadlatam\" \/>\n<meta property=\"article:modified_time\" content=\"2026-01-05T18:42:34+00:00\" \/>\n<meta property=\"og:image\" content=\"https:\/\/www.mustadlatam.com\/mx\/wp-content\/uploads\/9\/2025\/07\/DERBY.png\" \/>\n\t<meta property=\"og:image:width\" content=\"500\" \/>\n\t<meta property=\"og:image:height\" content=\"500\" \/>\n\t<meta property=\"og:image:type\" content=\"image\/png\" \/>\n<meta name=\"twitter:card\" content=\"summary_large_image\" \/>\n<meta name=\"twitter:label1\" content=\"Tiempo de lectura\" \/>\n\t<meta name=\"twitter:data1\" content=\"1 minuto\" \/>\n<script type=\"application\/ld+json\" class=\"yoast-schema-graph\">{\"@context\":\"https:\\\/\\\/schema.org\",\"@graph\":[{\"@type\":\"WebPage\",\"@id\":\"https:\\\/\\\/www.mustadlatam.com\\\/mx\\\/derby-mexico-clavos-de-herraje-de-alto-desempeno-en-acero-y-cobre\\\/\",\"url\":\"https:\\\/\\\/www.mustadlatam.com\\\/mx\\\/derby-mexico-clavos-de-herraje-de-alto-desempeno-en-acero-y-cobre\\\/\",\"name\":\"Derby - Clavos de herraje de alto desempe\u00f1o en acero y cobre\",\"isPartOf\":{\"@id\":\"https:\\\/\\\/www.mustadlatam.com\\\/mx\\\/#website\"},\"primaryImageOfPage\":{\"@id\":\"https:\\\/\\\/www.mustadlatam.com\\\/mx\\\/derby-mexico-clavos-de-herraje-de-alto-desempeno-en-acero-y-cobre\\\/#primaryimage\"},\"image\":{\"@id\":\"https:\\\/\\\/www.mustadlatam.com\\\/mx\\\/derby-mexico-clavos-de-herraje-de-alto-desempeno-en-acero-y-cobre\\\/#primaryimage\"},\"thumbnailUrl\":\"https:\\\/\\\/www.mustadlatam.com\\\/mx\\\/wp-content\\\/uploads\\\/9\\\/2025\\\/07\\\/DERBY.png\",\"datePublished\":\"2025-11-27T18:28:10+00:00\",\"dateModified\":\"2026-01-05T18:42:34+00:00\",\"description\":\"Clavos Derby CH5 SL, Derby Race y E5SL Copper: flexibilidad, resistencia y ajuste preciso. Dise\u00f1ados para trabajo, pista y cascos sensibles,\",\"breadcrumb\":{\"@id\":\"https:\\\/\\\/www.mustadlatam.com\\\/mx\\\/derby-mexico-clavos-de-herraje-de-alto-desempeno-en-acero-y-cobre\\\/#breadcrumb\"},\"inLanguage\":\"es\",\"potentialAction\":[{\"@type\":\"ReadAction\",\"target\":[\"https:\\\/\\\/www.mustadlatam.com\\\/mx\\\/derby-mexico-clavos-de-herraje-de-alto-desempeno-en-acero-y-cobre\\\/\"]}]},{\"@type\":\"ImageObject\",\"inLanguage\":\"es\",\"@id\":\"https:\\\/\\\/www.mustadlatam.com\\\/mx\\\/derby-mexico-clavos-de-herraje-de-alto-desempeno-en-acero-y-cobre\\\/#primaryimage\",\"url\":\"https:\\\/\\\/www.mustadlatam.com\\\/mx\\\/wp-content\\\/uploads\\\/9\\\/2025\\\/07\\\/DERBY.png\",\"contentUrl\":\"https:\\\/\\\/www.mustadlatam.com\\\/mx\\\/wp-content\\\/uploads\\\/9\\\/2025\\\/07\\\/DERBY.png\",\"width\":500,\"height\":500,\"caption\":\"logo herraduras y clavos para caballos derby\"},{\"@type\":\"BreadcrumbList\",\"@id\":\"https:\\\/\\\/www.mustadlatam.com\\\/mx\\\/derby-mexico-clavos-de-herraje-de-alto-desempeno-en-acero-y-cobre\\\/#breadcrumb\",\"itemListElement\":[{\"@type\":\"ListItem\",\"position\":1,\"name\":\"Inicio\",\"item\":\"https:\\\/\\\/www.mustadlatam.com\\\/mx\\\/\"},{\"@type\":\"ListItem\",\"position\":2,\"name\":\"Derby M\u00e9xico | Clavos de herraje de alto desempe\u00f1o en acero y cobre\"}]},{\"@type\":\"WebSite\",\"@id\":\"https:\\\/\\\/www.mustadlatam.com\\\/mx\\\/#website\",\"url\":\"https:\\\/\\\/www.mustadlatam.com\\\/mx\\\/\",\"name\":\"Mustad M\u00e9xico - Informaci\u00f3n, Educaci\u00f3n y Venta de Productos y Herramientas Profesionales para Herradores en M\u00e9xico\",\"description\":\"Herraduras, Escofinas, Clavos y Accesorios para Caballos\",\"publisher\":{\"@id\":\"https:\\\/\\\/www.mustadlatam.com\\\/mx\\\/#organization\"},\"potentialAction\":[{\"@type\":\"SearchAction\",\"target\":{\"@type\":\"EntryPoint\",\"urlTemplate\":\"https:\\\/\\\/www.mustadlatam.com\\\/mx\\\/?s={search_term_string}\"},\"query-input\":{\"@type\":\"PropertyValueSpecification\",\"valueRequired\":true,\"valueName\":\"search_term_string\"}}],\"inLanguage\":\"es\"},{\"@type\":\"Organization\",\"@id\":\"https:\\\/\\\/www.mustadlatam.com\\\/mx\\\/#organization\",\"name\":\"Mustad M\u00e9xico - Informaci\u00f3n, Educaci\u00f3n y Venta de Productos y Herramientas Profesionales para Herradores en M\u00e9xico\",\"url\":\"https:\\\/\\\/www.mustadlatam.com\\\/mx\\\/\",\"logo\":{\"@type\":\"ImageObject\",\"inLanguage\":\"es\",\"@id\":\"https:\\\/\\\/www.mustadlatam.com\\\/mx\\\/#\\\/schema\\\/logo\\\/image\\\/\",\"url\":\"https:\\\/\\\/www.mustadlatam.com\\\/mx\\\/wp-content\\\/uploads\\\/9\\\/2025\\\/12\\\/cropped-LOGO-MUSTAD-Final.png\",\"contentUrl\":\"https:\\\/\\\/www.mustadlatam.com\\\/mx\\\/wp-content\\\/uploads\\\/9\\\/2025\\\/12\\\/cropped-LOGO-MUSTAD-Final.png\",\"width\":500,\"height\":500,\"caption\":\"Mustad M\u00e9xico - Informaci\u00f3n, Educaci\u00f3n y Venta de Productos y Herramientas Profesionales para Herradores en M\u00e9xico\"},\"image\":{\"@id\":\"https:\\\/\\\/www.mustadlatam.com\\\/mx\\\/#\\\/schema\\\/logo\\\/image\\\/\"},\"sameAs\":[\"https:\\\/\\\/www.facebook.com\\\/mustadlatam\",\"https:\\\/\\\/www.instagram.com\\\/mustadlatam\\\/\"]}]}<\/script>\n<!-- \/ Yoast SEO plugin. -->","yoast_head_json":{"title":"Derby - Clavos de herraje de alto desempe\u00f1o en acero y cobre","description":"Clavos Derby CH5 SL, Derby Race y E5SL Copper: flexibilidad, resistencia y ajuste preciso. Dise\u00f1ados para trabajo, pista y cascos sensibles,","robots":{"index":"index","follow":"follow","max-snippet":"max-snippet:-1","max-image-preview":"max-image-preview:large","max-video-preview":"max-video-preview:-1"},"canonical":"https:\/\/www.mustadlatam.com\/mx\/derby-mexico-clavos-de-herraje-de-alto-desempeno-en-acero-y-cobre\/","og_locale":"es_MX","og_type":"article","og_title":"Derby - Clavos de herraje de alto desempe\u00f1o en acero y cobre","og_description":"Clavos Derby CH5 SL, Derby Race y E5SL Copper: flexibilidad, resistencia y ajuste preciso. Dise\u00f1ados para trabajo, pista y cascos sensibles,","og_url":"https:\/\/www.mustadlatam.com\/mx\/derby-mexico-clavos-de-herraje-de-alto-desempeno-en-acero-y-cobre\/","og_site_name":"Mustad M\u00e9xico - Informaci\u00f3n, Educaci\u00f3n y Venta de Productos y Herramientas Profesionales para Herradores en M\u00e9xico","article_publisher":"https:\/\/www.facebook.com\/mustadlatam","article_modified_time":"2026-01-05T18:42:34+00:00","og_image":[{"width":500,"height":500,"url":"https:\/\/www.mustadlatam.com\/mx\/wp-content\/uploads\/9\/2025\/07\/DERBY.png","type":"image\/png"}],"twitter_card":"summary_large_image","twitter_misc":{"Tiempo de lectura":"1 minuto"},"schema":{"@context":"https:\/\/schema.org","@graph":[{"@type":"WebPage","@id":"https:\/\/www.mustadlatam.com\/mx\/derby-mexico-clavos-de-herraje-de-alto-desempeno-en-acero-y-cobre\/","url":"https:\/\/www.mustadlatam.com\/mx\/derby-mexico-clavos-de-herraje-de-alto-desempeno-en-acero-y-cobre\/","name":"Derby - Clavos de herraje de alto desempe\u00f1o en acero y cobre","isPartOf":{"@id":"https:\/\/www.mustadlatam.com\/mx\/#website"},"primaryImageOfPage":{"@id":"https:\/\/www.mustadlatam.com\/mx\/derby-mexico-clavos-de-herraje-de-alto-desempeno-en-acero-y-cobre\/#primaryimage"},"image":{"@id":"https:\/\/www.mustadlatam.com\/mx\/derby-mexico-clavos-de-herraje-de-alto-desempeno-en-acero-y-cobre\/#primaryimage"},"thumbnailUrl":"https:\/\/www.mustadlatam.com\/mx\/wp-content\/uploads\/9\/2025\/07\/DERBY.png","datePublished":"2025-11-27T18:28:10+00:00","dateModified":"2026-01-05T18:42:34+00:00","description":"Clavos Derby CH5 SL, Derby Race y E5SL Copper: flexibilidad, resistencia y ajuste preciso. Dise\u00f1ados para trabajo, pista y cascos sensibles,","breadcrumb":{"@id":"https:\/\/www.mustadlatam.com\/mx\/derby-mexico-clavos-de-herraje-de-alto-desempeno-en-acero-y-cobre\/#breadcrumb"},"inLanguage":"es","potentialAction":[{"@type":"ReadAction","target":["https:\/\/www.mustadlatam.com\/mx\/derby-mexico-clavos-de-herraje-de-alto-desempeno-en-acero-y-cobre\/"]}]},{"@type":"ImageObject","inLanguage":"es","@id":"https:\/\/www.mustadlatam.com\/mx\/derby-mexico-clavos-de-herraje-de-alto-desempeno-en-acero-y-cobre\/#primaryimage","url":"https:\/\/www.mustadlatam.com\/mx\/wp-content\/uploads\/9\/2025\/07\/DERBY.png","contentUrl":"https:\/\/www.mustadlatam.com\/mx\/wp-content\/uploads\/9\/2025\/07\/DERBY.png","width":500,"height":500,"caption":"logo herraduras y clavos para caballos derby"},{"@type":"BreadcrumbList","@id":"https:\/\/www.mustadlatam.com\/mx\/derby-mexico-clavos-de-herraje-de-alto-desempeno-en-acero-y-cobre\/#breadcrumb","itemListElement":[{"@type":"ListItem","position":1,"name":"Inicio","item":"https:\/\/www.mustadlatam.com\/mx\/"},{"@type":"ListItem","position":2,"name":"Derby M\u00e9xico | Clavos de herraje de alto desempe\u00f1o en acero y cobre"}]},{"@type":"WebSite","@id":"https:\/\/www.mustadlatam.com\/mx\/#website","url":"https:\/\/www.mustadlatam.com\/mx\/","name":"Mustad M\u00e9xico - Informaci\u00f3n, Educaci\u00f3n y Venta de Productos y Herramientas Profesionales para Herradores en M\u00e9xico","description":"Herraduras, Escofinas, Clavos y Accesorios para Caballos","publisher":{"@id":"https:\/\/www.mustadlatam.com\/mx\/#organization"},"potentialAction":[{"@type":"SearchAction","target":{"@type":"EntryPoint","urlTemplate":"https:\/\/www.mustadlatam.com\/mx\/?s={search_term_string}"},"query-input":{"@type":"PropertyValueSpecification","valueRequired":true,"valueName":"search_term_string"}}],"inLanguage":"es"},{"@type":"Organization","@id":"https:\/\/www.mustadlatam.com\/mx\/#organization","name":"Mustad M\u00e9xico - Informaci\u00f3n, Educaci\u00f3n y Venta de Productos y Herramientas Profesionales para Herradores en M\u00e9xico","url":"https:\/\/www.mustadlatam.com\/mx\/","logo":{"@type":"ImageObject","inLanguage":"es","@id":"https:\/\/www.mustadlatam.com\/mx\/#\/schema\/logo\/image\/","url":"https:\/\/www.mustadlatam.com\/mx\/wp-content\/uploads\/9\/2025\/12\/cropped-LOGO-MUSTAD-Final.png","contentUrl":"https:\/\/www.mustadlatam.com\/mx\/wp-content\/uploads\/9\/2025\/12\/cropped-LOGO-MUSTAD-Final.png","width":500,"height":500,"caption":"Mustad M\u00e9xico - Informaci\u00f3n, Educaci\u00f3n y Venta de Productos y Herramientas Profesionales para Herradores en M\u00e9xico"},"image":{"@id":"https:\/\/www.mustadlatam.com\/mx\/#\/schema\/logo\/image\/"},"sameAs":["https:\/\/www.facebook.com\/mustadlatam","https:\/\/www.instagram.com\/mustadlatam\/"]}]}},"_links":{"self":[{"href":"https:\/\/www.mustadlatam.com\/mx\/wp-json\/wp\/v2\/pages\/1636","targetHints":{"allow":["GET"]}}],"collection":[{"href":"https:\/\/www.mustadlatam.com\/mx\/wp-json\/wp\/v2\/pages"}],"about":[{"href":"https:\/\/www.mustadlatam.com\/mx\/wp-json\/wp\/v2\/types\/page"}],"author":[{"embeddable":true,"href":"https:\/\/www.mustadlatam.com\/mx\/wp-json\/wp\/v2\/users\/1"}],"replies":[{"embeddable":true,"href":"https:\/\/www.mustadlatam.com\/mx\/wp-json\/wp\/v2\/comments?post=1636"}],"version-history":[{"count":1,"href":"https:\/\/www.mustadlatam.com\/mx\/wp-json\/wp\/v2\/pages\/1636\/revisions"}],"predecessor-version":[{"id":1637,"href":"https:\/\/www.mustadlatam.com\/mx\/wp-json\/wp\/v2\/pages\/1636\/revisions\/1637"}],"wp:featuredmedia":[{"embeddable":true,"href":"https:\/\/www.mustadlatam.com\/mx\/wp-json\/wp\/v2\/media\/517"}],"wp:attachment":[{"href":"https:\/\/www.mustadlatam.com\/mx\/wp-json\/wp\/v2\/media?parent=1636"}],"curies":[{"name":"wp","href":"https:\/\/api.w.org\/{rel}","templated":true}]}}