{"id":1302,"date":"2025-11-08T10:29:33","date_gmt":"2025-11-08T15:29:33","guid":{"rendered":"https:\/\/mediplushub.com\/mx\/?post_type=product&#038;p=1302"},"modified":"2025-11-08T15:34:20","modified_gmt":"2025-11-08T15:34:20","slug":"ramplon-mustad-ice-5-3-8%e2%80%b3","status":"publish","type":"product","link":"https:\/\/www.mustadlatam.com\/mx\/producto\/ramplon-mustad-ice-5-3-8%e2%80%b3\/","title":{"rendered":"Rampl\u00f3n MUSTAD ICE 5, 3\/8\u2033"},"content":{"rendered":"","protected":false},"excerpt":{"rendered":"<ul>\n<li>Steel W Carbide<\/li>\n<li>Caja con 4 PZAS<\/li>\n<li>Caja con 50\u00a0PZAS<\/li>\n<\/ul>\n<p>Tacos de agarre hechos de acero con cuerpo endurecido e inserto de carburo de tungsteno soldado. Dise\u00f1ados para mayor tracci\u00f3n o saltar en terrenos duros y rocosos.<\/p>\n<p>tacos atornillados, altura sobre la herradura 11 mm<\/p>\n<p>Para usar ramplones en la herradura, el herrador debe preparar primero las herraduras perforando y roscando agujeros en los talones y, ocasionalmente, en las puntas, estos agujeros son de un di\u00e1metro de 9,5 mm (3\/8\u2033).<\/p>\n<p><strong>Inserte<\/strong>\u00a0los ramplones justo antes de que los necesite y ret\u00edrelos lo antes posible despu\u00e9s.<\/p>\n","protected":false},"featured_media":1305,"comment_status":"open","ping_status":"closed","template":"","meta":[],"product_brand":[412],"product_cat":[693,745],"product_tag":[],"class_list":{"0":"post-1302","1":"product","2":"type-product","3":"status-publish","4":"has-post-thumbnail","6":"product_brand-mustad","7":"product_cat-productos-especiales","8":"product_cat-ramplones","9":"pa_cantidad-4-piezas","10":"pa_cantidad-50-piezas","11":"pa_marca-mustad","12":"pa_productos-especiales-ramplones","13":"pa_tipo-producto-producto-especial","15":"first","16":"instock","17":"shipping-taxable","18":"purchasable","19":"product-type-variable"},"yoast_head":"<!-- This site is optimized with the Yoast SEO plugin v26.9 - https:\/\/yoast.com\/product\/yoast-seo-wordpress\/ -->\n<title>Rampl\u00f3n MUSTAD ICE 5, 3\/8\u2033 - Mustad M\u00e9xico - Informaci\u00f3n, Educaci\u00f3n y Venta de Productos y Herramientas Profesionales para Herradores en M\u00e9xico<\/title>\n<meta name=\"description\" content=\"Rampl\u00f3n MUSTAD ICE 5, 3\/8\u2033\" \/>\n<meta name=\"robots\" content=\"index, follow, max-snippet:-1, max-image-preview:large, max-video-preview:-1\" \/>\n<link rel=\"canonical\" href=\"https:\/\/www.mustadlatam.com\/mx\/producto\/ramplon-mustad-ice-5-3-8\u2033\/\" \/>\n<meta property=\"og:locale\" content=\"es_MX\" \/>\n<meta property=\"og:type\" content=\"article\" \/>\n<meta property=\"og:title\" content=\"Rampl\u00f3n MUSTAD ICE 5, 3\/8\u2033 - Mustad M\u00e9xico - Informaci\u00f3n, Educaci\u00f3n y Venta de Productos y Herramientas Profesionales para Herradores en M\u00e9xico\" \/>\n<meta property=\"og:description\" content=\"Rampl\u00f3n MUSTAD ICE 5, 3\/8\u2033\" \/>\n<meta property=\"og:url\" content=\"https:\/\/www.mustadlatam.com\/mx\/producto\/ramplon-mustad-ice-5-3-8\u2033\/\" \/>\n<meta property=\"og:site_name\" content=\"Mustad M\u00e9xico - Informaci\u00f3n, Educaci\u00f3n y Venta de Productos y Herramientas Profesionales para Herradores en M\u00e9xico\" \/>\n<meta property=\"article:modified_time\" content=\"2025-11-08T15:34:20+00:00\" \/>\n<meta property=\"og:image\" content=\"https:\/\/www.mustadlatam.com\/mx\/wp-content\/uploads\/9\/2025\/11\/Ramplon-MUSTAD-ICE-5.png\" \/>\n\t<meta property=\"og:image:width\" content=\"800\" \/>\n\t<meta property=\"og:image:height\" content=\"800\" \/>\n\t<meta property=\"og:image:type\" content=\"image\/png\" \/>\n<meta name=\"twitter:card\" content=\"summary_large_image\" \/>\n<meta name=\"twitter:label1\" content=\"Tiempo de lectura\" \/>\n\t<meta name=\"twitter:data1\" content=\"1 minuto\" \/>\n<script type=\"application\/ld+json\" class=\"yoast-schema-graph\">{\"@context\":\"https:\/\/schema.org\",\"@graph\":[{\"@type\":\"WebPage\",\"@id\":\"https:\/\/www.mustadlatam.com\/mx\/producto\/ramplon-mustad-ice-5-3-8%e2%80%b3\/\",\"url\":\"https:\/\/www.mustadlatam.com\/mx\/producto\/ramplon-mustad-ice-5-3-8%e2%80%b3\/\",\"name\":\"Rampl\u00f3n MUSTAD ICE 5, 3\/8\u2033 - Mustad M\u00e9xico - Informaci\u00f3n, Educaci\u00f3n y Venta de Productos y Herramientas Profesionales para Herradores en M\u00e9xico\",\"isPartOf\":{\"@id\":\"https:\/\/www.mustadlatam.com\/mx\/#website\"},\"primaryImageOfPage\":{\"@id\":\"https:\/\/www.mustadlatam.com\/mx\/producto\/ramplon-mustad-ice-5-3-8%e2%80%b3\/#primaryimage\"},\"image\":{\"@id\":\"https:\/\/www.mustadlatam.com\/mx\/producto\/ramplon-mustad-ice-5-3-8%e2%80%b3\/#primaryimage\"},\"thumbnailUrl\":\"https:\/\/www.mustadlatam.com\/mx\/wp-content\/uploads\/9\/2025\/11\/Ramplon-MUSTAD-ICE-5.png\",\"datePublished\":\"2025-11-08T15:29:33+00:00\",\"dateModified\":\"2025-11-08T15:34:20+00:00\",\"description\":\"Rampl\u00f3n MUSTAD ICE 5, 3\/8\u2033\",\"breadcrumb\":{\"@id\":\"https:\/\/www.mustadlatam.com\/mx\/producto\/ramplon-mustad-ice-5-3-8%e2%80%b3\/#breadcrumb\"},\"inLanguage\":\"es\",\"potentialAction\":[{\"@type\":\"ReadAction\",\"target\":[\"https:\/\/www.mustadlatam.com\/mx\/producto\/ramplon-mustad-ice-5-3-8%e2%80%b3\/\"]}]},{\"@type\":\"ImageObject\",\"inLanguage\":\"es\",\"@id\":\"https:\/\/www.mustadlatam.com\/mx\/producto\/ramplon-mustad-ice-5-3-8%e2%80%b3\/#primaryimage\",\"url\":\"https:\/\/www.mustadlatam.com\/mx\/wp-content\/uploads\/9\/2025\/11\/Ramplon-MUSTAD-ICE-5.png\",\"contentUrl\":\"https:\/\/www.mustadlatam.com\/mx\/wp-content\/uploads\/9\/2025\/11\/Ramplon-MUSTAD-ICE-5.png\",\"width\":800,\"height\":800,\"caption\":\"Rampl\u00f3n MUSTAD ICE 5\"},{\"@type\":\"BreadcrumbList\",\"@id\":\"https:\/\/www.mustadlatam.com\/mx\/producto\/ramplon-mustad-ice-5-3-8%e2%80%b3\/#breadcrumb\",\"itemListElement\":[{\"@type\":\"ListItem\",\"position\":1,\"name\":\"Inicio\",\"item\":\"https:\/\/www.mustadlatam.com\/mx\/\"},{\"@type\":\"ListItem\",\"position\":2,\"name\":\"Tienda Mustad M\u00e9xico | Herraduras, Clavos y Herramientas\",\"item\":\"https:\/\/www.mustadlatam.com\/mx\/shop\/\"},{\"@type\":\"ListItem\",\"position\":3,\"name\":\"Rampl\u00f3n MUSTAD ICE 5, 3\/8\u2033\"}]},{\"@type\":\"WebSite\",\"@id\":\"https:\/\/www.mustadlatam.com\/mx\/#website\",\"url\":\"https:\/\/www.mustadlatam.com\/mx\/\",\"name\":\"Mustad M\u00e9xico - Informaci\u00f3n, Educaci\u00f3n y Venta de Productos y Herramientas Profesionales para Herradores en M\u00e9xico\",\"description\":\"Herraduras, Escofinas, Clavos y Accesorios para Caballos\",\"publisher\":{\"@id\":\"https:\/\/www.mustadlatam.com\/mx\/#organization\"},\"potentialAction\":[{\"@type\":\"SearchAction\",\"target\":{\"@type\":\"EntryPoint\",\"urlTemplate\":\"https:\/\/www.mustadlatam.com\/mx\/?s={search_term_string}\"},\"query-input\":{\"@type\":\"PropertyValueSpecification\",\"valueRequired\":true,\"valueName\":\"search_term_string\"}}],\"inLanguage\":\"es\"},{\"@type\":\"Organization\",\"@id\":\"https:\/\/www.mustadlatam.com\/mx\/#organization\",\"name\":\"Mustad M\u00e9xico - Informaci\u00f3n, Educaci\u00f3n y Venta de Productos y Herramientas Profesionales para Herradores en M\u00e9xico\",\"url\":\"https:\/\/www.mustadlatam.com\/mx\/\",\"logo\":{\"@type\":\"ImageObject\",\"inLanguage\":\"es\",\"@id\":\"https:\/\/www.mustadlatam.com\/mx\/#\/schema\/logo\/image\/\",\"url\":\"https:\/\/www.mustadlatam.com\/mx\/wp-content\/uploads\/9\/2025\/12\/cropped-LOGO-MUSTAD-Final.png\",\"contentUrl\":\"https:\/\/www.mustadlatam.com\/mx\/wp-content\/uploads\/9\/2025\/12\/cropped-LOGO-MUSTAD-Final.png\",\"width\":500,\"height\":500,\"caption\":\"Mustad M\u00e9xico - Informaci\u00f3n, Educaci\u00f3n y Venta de Productos y Herramientas Profesionales para Herradores en M\u00e9xico\"},\"image\":{\"@id\":\"https:\/\/www.mustadlatam.com\/mx\/#\/schema\/logo\/image\/\"}}]}<\/script>\n<!-- \/ Yoast SEO plugin. -->","yoast_head_json":{"title":"Rampl\u00f3n MUSTAD ICE 5, 3\/8\u2033 - Mustad M\u00e9xico - Informaci\u00f3n, Educaci\u00f3n y Venta de Productos y Herramientas Profesionales para Herradores en M\u00e9xico","description":"Rampl\u00f3n MUSTAD ICE 5, 3\/8\u2033","robots":{"index":"index","follow":"follow","max-snippet":"max-snippet:-1","max-image-preview":"max-image-preview:large","max-video-preview":"max-video-preview:-1"},"canonical":"https:\/\/www.mustadlatam.com\/mx\/producto\/ramplon-mustad-ice-5-3-8\u2033\/","og_locale":"es_MX","og_type":"article","og_title":"Rampl\u00f3n MUSTAD ICE 5, 3\/8\u2033 - Mustad M\u00e9xico - Informaci\u00f3n, Educaci\u00f3n y Venta de Productos y Herramientas Profesionales para Herradores en M\u00e9xico","og_description":"Rampl\u00f3n MUSTAD ICE 5, 3\/8\u2033","og_url":"https:\/\/www.mustadlatam.com\/mx\/producto\/ramplon-mustad-ice-5-3-8\u2033\/","og_site_name":"Mustad M\u00e9xico - Informaci\u00f3n, Educaci\u00f3n y Venta de Productos y Herramientas Profesionales para Herradores en M\u00e9xico","article_modified_time":"2025-11-08T15:34:20+00:00","og_image":[{"width":800,"height":800,"url":"https:\/\/www.mustadlatam.com\/mx\/wp-content\/uploads\/9\/2025\/11\/Ramplon-MUSTAD-ICE-5.png","type":"image\/png"}],"twitter_card":"summary_large_image","twitter_misc":{"Tiempo de lectura":"1 minuto"},"schema":{"@context":"https:\/\/schema.org","@graph":[{"@type":"WebPage","@id":"https:\/\/www.mustadlatam.com\/mx\/producto\/ramplon-mustad-ice-5-3-8%e2%80%b3\/","url":"https:\/\/www.mustadlatam.com\/mx\/producto\/ramplon-mustad-ice-5-3-8%e2%80%b3\/","name":"Rampl\u00f3n MUSTAD ICE 5, 3\/8\u2033 - Mustad M\u00e9xico - Informaci\u00f3n, Educaci\u00f3n y Venta de Productos y Herramientas Profesionales para Herradores en M\u00e9xico","isPartOf":{"@id":"https:\/\/www.mustadlatam.com\/mx\/#website"},"primaryImageOfPage":{"@id":"https:\/\/www.mustadlatam.com\/mx\/producto\/ramplon-mustad-ice-5-3-8%e2%80%b3\/#primaryimage"},"image":{"@id":"https:\/\/www.mustadlatam.com\/mx\/producto\/ramplon-mustad-ice-5-3-8%e2%80%b3\/#primaryimage"},"thumbnailUrl":"https:\/\/www.mustadlatam.com\/mx\/wp-content\/uploads\/9\/2025\/11\/Ramplon-MUSTAD-ICE-5.png","datePublished":"2025-11-08T15:29:33+00:00","dateModified":"2025-11-08T15:34:20+00:00","description":"Rampl\u00f3n MUSTAD ICE 5, 3\/8\u2033","breadcrumb":{"@id":"https:\/\/www.mustadlatam.com\/mx\/producto\/ramplon-mustad-ice-5-3-8%e2%80%b3\/#breadcrumb"},"inLanguage":"es","potentialAction":[{"@type":"ReadAction","target":["https:\/\/www.mustadlatam.com\/mx\/producto\/ramplon-mustad-ice-5-3-8%e2%80%b3\/"]}]},{"@type":"ImageObject","inLanguage":"es","@id":"https:\/\/www.mustadlatam.com\/mx\/producto\/ramplon-mustad-ice-5-3-8%e2%80%b3\/#primaryimage","url":"https:\/\/www.mustadlatam.com\/mx\/wp-content\/uploads\/9\/2025\/11\/Ramplon-MUSTAD-ICE-5.png","contentUrl":"https:\/\/www.mustadlatam.com\/mx\/wp-content\/uploads\/9\/2025\/11\/Ramplon-MUSTAD-ICE-5.png","width":800,"height":800,"caption":"Rampl\u00f3n MUSTAD ICE 5"},{"@type":"BreadcrumbList","@id":"https:\/\/www.mustadlatam.com\/mx\/producto\/ramplon-mustad-ice-5-3-8%e2%80%b3\/#breadcrumb","itemListElement":[{"@type":"ListItem","position":1,"name":"Inicio","item":"https:\/\/www.mustadlatam.com\/mx\/"},{"@type":"ListItem","position":2,"name":"Tienda Mustad M\u00e9xico | Herraduras, Clavos y Herramientas","item":"https:\/\/www.mustadlatam.com\/mx\/shop\/"},{"@type":"ListItem","position":3,"name":"Rampl\u00f3n MUSTAD ICE 5, 3\/8\u2033"}]},{"@type":"WebSite","@id":"https:\/\/www.mustadlatam.com\/mx\/#website","url":"https:\/\/www.mustadlatam.com\/mx\/","name":"Mustad M\u00e9xico - Informaci\u00f3n, Educaci\u00f3n y Venta de Productos y Herramientas Profesionales para Herradores en M\u00e9xico","description":"Herraduras, Escofinas, Clavos y Accesorios para Caballos","publisher":{"@id":"https:\/\/www.mustadlatam.com\/mx\/#organization"},"potentialAction":[{"@type":"SearchAction","target":{"@type":"EntryPoint","urlTemplate":"https:\/\/www.mustadlatam.com\/mx\/?s={search_term_string}"},"query-input":{"@type":"PropertyValueSpecification","valueRequired":true,"valueName":"search_term_string"}}],"inLanguage":"es"},{"@type":"Organization","@id":"https:\/\/www.mustadlatam.com\/mx\/#organization","name":"Mustad M\u00e9xico - Informaci\u00f3n, Educaci\u00f3n y Venta de Productos y Herramientas Profesionales para Herradores en M\u00e9xico","url":"https:\/\/www.mustadlatam.com\/mx\/","logo":{"@type":"ImageObject","inLanguage":"es","@id":"https:\/\/www.mustadlatam.com\/mx\/#\/schema\/logo\/image\/","url":"https:\/\/www.mustadlatam.com\/mx\/wp-content\/uploads\/9\/2025\/12\/cropped-LOGO-MUSTAD-Final.png","contentUrl":"https:\/\/www.mustadlatam.com\/mx\/wp-content\/uploads\/9\/2025\/12\/cropped-LOGO-MUSTAD-Final.png","width":500,"height":500,"caption":"Mustad M\u00e9xico - Informaci\u00f3n, Educaci\u00f3n y Venta de Productos y Herramientas Profesionales para Herradores en M\u00e9xico"},"image":{"@id":"https:\/\/www.mustadlatam.com\/mx\/#\/schema\/logo\/image\/"}}]}},"_links":{"self":[{"href":"https:\/\/www.mustadlatam.com\/mx\/wp-json\/wp\/v2\/product\/1302","targetHints":{"allow":["GET"]}}],"collection":[{"href":"https:\/\/www.mustadlatam.com\/mx\/wp-json\/wp\/v2\/product"}],"about":[{"href":"https:\/\/www.mustadlatam.com\/mx\/wp-json\/wp\/v2\/types\/product"}],"replies":[{"embeddable":true,"href":"https:\/\/www.mustadlatam.com\/mx\/wp-json\/wp\/v2\/comments?post=1302"}],"wp:featuredmedia":[{"embeddable":true,"href":"https:\/\/www.mustadlatam.com\/mx\/wp-json\/wp\/v2\/media\/1305"}],"wp:attachment":[{"href":"https:\/\/www.mustadlatam.com\/mx\/wp-json\/wp\/v2\/media?parent=1302"}],"wp:term":[{"taxonomy":"product_brand","embeddable":true,"href":"https:\/\/www.mustadlatam.com\/mx\/wp-json\/wp\/v2\/product_brand?post=1302"},{"taxonomy":"product_cat","embeddable":true,"href":"https:\/\/www.mustadlatam.com\/mx\/wp-json\/wp\/v2\/product_cat?post=1302"},{"taxonomy":"product_tag","embeddable":true,"href":"https:\/\/www.mustadlatam.com\/mx\/wp-json\/wp\/v2\/product_tag?post=1302"}],"curies":[{"name":"wp","href":"https:\/\/api.w.org\/{rel}","templated":true}]}}