{"id":1427,"date":"2025-11-08T14:48:13","date_gmt":"2025-11-08T19:48:13","guid":{"rendered":"https:\/\/mediplushub.com\/mx\/?post_type=product&#038;p=1427"},"modified":"2026-03-23T11:36:15","modified_gmt":"2026-03-23T16:36:15","slug":"herraduras-de-cala-o-reining-par","status":"publish","type":"product","link":"https:\/\/www.mustadlatam.com\/mx\/producto\/herraduras-de-cala-o-reining-par\/","title":{"rendered":"Herraduras de Cala o Reining Double S (PAR)"},"content":{"rendered":"","protected":false},"excerpt":{"rendered":"<p>Herraduras con dorso de acero; punta aplanada y ligeramente curvada hacia arriba con banda regular. Adecuadas para caballos con buen frenado o pistas con buen terreno.<\/p>\n","protected":false},"featured_media":1436,"comment_status":"open","ping_status":"closed","template":"","meta":[],"product_brand":[426],"product_cat":[120,28],"product_tag":[],"class_list":{"0":"post-1427","1":"product","2":"type-product","3":"status-publish","4":"has-post-thumbnail","6":"product_brand-double-s","7":"product_cat-herraduras-de-acero-en-mexico","8":"product_cat-herraduras-para-caballos-mustad-mexico","9":"pa_disciplina-charreria","10":"pa_disciplina-competicion","11":"pa_disciplina-eventing","12":"pa_disciplina-reining","13":"pa_marca-double-s","14":"pa_material-acero","15":"pa_talla-herradura-920","16":"pa_talla-herradura-921","17":"pa_talla-herradura-922","18":"pa_talla-herradura-923","19":"pa_tipo-producto-herradura","21":"first","22":"instock","23":"shipping-taxable","24":"purchasable","25":"product-type-variable"},"yoast_head":"<!-- This site is optimized with the Yoast SEO plugin v27.4 - https:\/\/yoast.com\/product\/yoast-seo-wordpress\/ -->\n<title>Herraduras de Cala o Reining (PAR) - Mustad M\u00e9xico - Informaci\u00f3n, Educaci\u00f3n y Venta de Productos y Herramientas Profesionales para Herradores en M\u00e9xico<\/title>\n<meta name=\"description\" content=\"Herraduras de Cala o Reining (PAR)\" \/>\n<meta name=\"robots\" content=\"index, follow, max-snippet:-1, max-image-preview:large, max-video-preview:-1\" \/>\n<link rel=\"canonical\" href=\"https:\/\/www.mustadlatam.com\/mx\/producto\/herraduras-de-cala-o-reining-par\/\" \/>\n<meta property=\"og:locale\" content=\"es_MX\" \/>\n<meta property=\"og:type\" content=\"article\" \/>\n<meta property=\"og:title\" content=\"Herraduras de Cala o Reining (PAR) - Mustad M\u00e9xico - Informaci\u00f3n, Educaci\u00f3n y Venta de Productos y Herramientas Profesionales para Herradores en M\u00e9xico\" \/>\n<meta property=\"og:description\" content=\"Herraduras de Cala o Reining (PAR)\" \/>\n<meta property=\"og:url\" content=\"https:\/\/www.mustadlatam.com\/mx\/producto\/herraduras-de-cala-o-reining-par\/\" \/>\n<meta property=\"og:site_name\" content=\"Mustad M\u00e9xico - Informaci\u00f3n, Educaci\u00f3n y Venta de Productos y Herramientas Profesionales para Herradores en M\u00e9xico\" \/>\n<meta property=\"article:publisher\" content=\"https:\/\/www.facebook.com\/mustadlatam\" \/>\n<meta property=\"article:modified_time\" content=\"2026-03-23T16:36:15+00:00\" \/>\n<meta property=\"og:image\" content=\"https:\/\/www.mustadlatam.com\/mx\/wp-content\/uploads\/9\/2025\/11\/Herraduras-de-Cala-o-Reining-PAR.png\" \/>\n\t<meta property=\"og:image:width\" content=\"1000\" \/>\n\t<meta property=\"og:image:height\" content=\"1000\" \/>\n\t<meta property=\"og:image:type\" content=\"image\/png\" \/>\n<meta name=\"twitter:card\" content=\"summary_large_image\" \/>\n<meta name=\"twitter:label1\" content=\"Tiempo de lectura\" \/>\n\t<meta name=\"twitter:data1\" content=\"1 minuto\" \/>\n<script type=\"application\/ld+json\" class=\"yoast-schema-graph\">{\"@context\":\"https:\\\/\\\/schema.org\",\"@graph\":[{\"@type\":\"WebPage\",\"@id\":\"https:\\\/\\\/www.mustadlatam.com\\\/mx\\\/producto\\\/herraduras-de-cala-o-reining-par\\\/\",\"url\":\"https:\\\/\\\/www.mustadlatam.com\\\/mx\\\/producto\\\/herraduras-de-cala-o-reining-par\\\/\",\"name\":\"Herraduras de Cala o Reining (PAR) - Mustad M\u00e9xico - Informaci\u00f3n, Educaci\u00f3n y Venta de Productos y Herramientas Profesionales para Herradores en M\u00e9xico\",\"isPartOf\":{\"@id\":\"https:\\\/\\\/www.mustadlatam.com\\\/mx\\\/#website\"},\"primaryImageOfPage\":{\"@id\":\"https:\\\/\\\/www.mustadlatam.com\\\/mx\\\/producto\\\/herraduras-de-cala-o-reining-par\\\/#primaryimage\"},\"image\":{\"@id\":\"https:\\\/\\\/www.mustadlatam.com\\\/mx\\\/producto\\\/herraduras-de-cala-o-reining-par\\\/#primaryimage\"},\"thumbnailUrl\":\"https:\\\/\\\/www.mustadlatam.com\\\/mx\\\/wp-content\\\/uploads\\\/9\\\/2025\\\/11\\\/Herraduras-de-Cala-o-Reining-PAR.png\",\"datePublished\":\"2025-11-08T19:48:13+00:00\",\"dateModified\":\"2026-03-23T16:36:15+00:00\",\"description\":\"Herraduras de Cala o Reining (PAR)\",\"breadcrumb\":{\"@id\":\"https:\\\/\\\/www.mustadlatam.com\\\/mx\\\/producto\\\/herraduras-de-cala-o-reining-par\\\/#breadcrumb\"},\"inLanguage\":\"es\",\"potentialAction\":[{\"@type\":\"ReadAction\",\"target\":[\"https:\\\/\\\/www.mustadlatam.com\\\/mx\\\/producto\\\/herraduras-de-cala-o-reining-par\\\/\"]}]},{\"@type\":\"ImageObject\",\"inLanguage\":\"es\",\"@id\":\"https:\\\/\\\/www.mustadlatam.com\\\/mx\\\/producto\\\/herraduras-de-cala-o-reining-par\\\/#primaryimage\",\"url\":\"https:\\\/\\\/www.mustadlatam.com\\\/mx\\\/wp-content\\\/uploads\\\/9\\\/2025\\\/11\\\/Herraduras-de-Cala-o-Reining-PAR.png\",\"contentUrl\":\"https:\\\/\\\/www.mustadlatam.com\\\/mx\\\/wp-content\\\/uploads\\\/9\\\/2025\\\/11\\\/Herraduras-de-Cala-o-Reining-PAR.png\",\"width\":1000,\"height\":1000,\"caption\":\"Herraduras de Cala o Reining (PAR)\"},{\"@type\":\"BreadcrumbList\",\"@id\":\"https:\\\/\\\/www.mustadlatam.com\\\/mx\\\/producto\\\/herraduras-de-cala-o-reining-par\\\/#breadcrumb\",\"itemListElement\":[{\"@type\":\"ListItem\",\"position\":1,\"name\":\"Inicio\",\"item\":\"https:\\\/\\\/www.mustadlatam.com\\\/mx\\\/\"},{\"@type\":\"ListItem\",\"position\":2,\"name\":\"Tienda Mustad M\u00e9xico | Herraduras, Clavos y Herramientas\",\"item\":\"https:\\\/\\\/www.mustadlatam.com\\\/mx\\\/shop\\\/\"},{\"@type\":\"ListItem\",\"position\":3,\"name\":\"Herraduras de Cala o Reining Double S (PAR)\"}]},{\"@type\":\"WebSite\",\"@id\":\"https:\\\/\\\/www.mustadlatam.com\\\/mx\\\/#website\",\"url\":\"https:\\\/\\\/www.mustadlatam.com\\\/mx\\\/\",\"name\":\"Mustad M\u00e9xico - Informaci\u00f3n, Educaci\u00f3n y Venta de Productos y Herramientas Profesionales para Herradores en M\u00e9xico\",\"description\":\"Herraduras, Escofinas, Clavos y Accesorios para Caballos\",\"publisher\":{\"@id\":\"https:\\\/\\\/www.mustadlatam.com\\\/mx\\\/#organization\"},\"potentialAction\":[{\"@type\":\"SearchAction\",\"target\":{\"@type\":\"EntryPoint\",\"urlTemplate\":\"https:\\\/\\\/www.mustadlatam.com\\\/mx\\\/?s={search_term_string}\"},\"query-input\":{\"@type\":\"PropertyValueSpecification\",\"valueRequired\":true,\"valueName\":\"search_term_string\"}}],\"inLanguage\":\"es\"},{\"@type\":\"Organization\",\"@id\":\"https:\\\/\\\/www.mustadlatam.com\\\/mx\\\/#organization\",\"name\":\"Mustad M\u00e9xico - Informaci\u00f3n, Educaci\u00f3n y Venta de Productos y Herramientas Profesionales para Herradores en M\u00e9xico\",\"url\":\"https:\\\/\\\/www.mustadlatam.com\\\/mx\\\/\",\"logo\":{\"@type\":\"ImageObject\",\"inLanguage\":\"es\",\"@id\":\"https:\\\/\\\/www.mustadlatam.com\\\/mx\\\/#\\\/schema\\\/logo\\\/image\\\/\",\"url\":\"https:\\\/\\\/www.mustadlatam.com\\\/mx\\\/wp-content\\\/uploads\\\/9\\\/2025\\\/12\\\/cropped-LOGO-MUSTAD-Final.png\",\"contentUrl\":\"https:\\\/\\\/www.mustadlatam.com\\\/mx\\\/wp-content\\\/uploads\\\/9\\\/2025\\\/12\\\/cropped-LOGO-MUSTAD-Final.png\",\"width\":500,\"height\":500,\"caption\":\"Mustad M\u00e9xico - Informaci\u00f3n, Educaci\u00f3n y Venta de Productos y Herramientas Profesionales para Herradores en M\u00e9xico\"},\"image\":{\"@id\":\"https:\\\/\\\/www.mustadlatam.com\\\/mx\\\/#\\\/schema\\\/logo\\\/image\\\/\"},\"sameAs\":[\"https:\\\/\\\/www.facebook.com\\\/mustadlatam\",\"https:\\\/\\\/www.instagram.com\\\/mustadlatam\\\/\"]}]}<\/script>\n<!-- \/ Yoast SEO plugin. -->","yoast_head_json":{"title":"Herraduras de Cala o Reining (PAR) - Mustad M\u00e9xico - Informaci\u00f3n, Educaci\u00f3n y Venta de Productos y Herramientas Profesionales para Herradores en M\u00e9xico","description":"Herraduras de Cala o Reining (PAR)","robots":{"index":"index","follow":"follow","max-snippet":"max-snippet:-1","max-image-preview":"max-image-preview:large","max-video-preview":"max-video-preview:-1"},"canonical":"https:\/\/www.mustadlatam.com\/mx\/producto\/herraduras-de-cala-o-reining-par\/","og_locale":"es_MX","og_type":"article","og_title":"Herraduras de Cala o Reining (PAR) - Mustad M\u00e9xico - Informaci\u00f3n, Educaci\u00f3n y Venta de Productos y Herramientas Profesionales para Herradores en M\u00e9xico","og_description":"Herraduras de Cala o Reining (PAR)","og_url":"https:\/\/www.mustadlatam.com\/mx\/producto\/herraduras-de-cala-o-reining-par\/","og_site_name":"Mustad M\u00e9xico - Informaci\u00f3n, Educaci\u00f3n y Venta de Productos y Herramientas Profesionales para Herradores en M\u00e9xico","article_publisher":"https:\/\/www.facebook.com\/mustadlatam","article_modified_time":"2026-03-23T16:36:15+00:00","og_image":[{"width":1000,"height":1000,"url":"https:\/\/www.mustadlatam.com\/mx\/wp-content\/uploads\/9\/2025\/11\/Herraduras-de-Cala-o-Reining-PAR.png","type":"image\/png"}],"twitter_card":"summary_large_image","twitter_misc":{"Tiempo de lectura":"1 minuto"},"schema":{"@context":"https:\/\/schema.org","@graph":[{"@type":"WebPage","@id":"https:\/\/www.mustadlatam.com\/mx\/producto\/herraduras-de-cala-o-reining-par\/","url":"https:\/\/www.mustadlatam.com\/mx\/producto\/herraduras-de-cala-o-reining-par\/","name":"Herraduras de Cala o Reining (PAR) - Mustad M\u00e9xico - Informaci\u00f3n, Educaci\u00f3n y Venta de Productos y Herramientas Profesionales para Herradores en M\u00e9xico","isPartOf":{"@id":"https:\/\/www.mustadlatam.com\/mx\/#website"},"primaryImageOfPage":{"@id":"https:\/\/www.mustadlatam.com\/mx\/producto\/herraduras-de-cala-o-reining-par\/#primaryimage"},"image":{"@id":"https:\/\/www.mustadlatam.com\/mx\/producto\/herraduras-de-cala-o-reining-par\/#primaryimage"},"thumbnailUrl":"https:\/\/www.mustadlatam.com\/mx\/wp-content\/uploads\/9\/2025\/11\/Herraduras-de-Cala-o-Reining-PAR.png","datePublished":"2025-11-08T19:48:13+00:00","dateModified":"2026-03-23T16:36:15+00:00","description":"Herraduras de Cala o Reining (PAR)","breadcrumb":{"@id":"https:\/\/www.mustadlatam.com\/mx\/producto\/herraduras-de-cala-o-reining-par\/#breadcrumb"},"inLanguage":"es","potentialAction":[{"@type":"ReadAction","target":["https:\/\/www.mustadlatam.com\/mx\/producto\/herraduras-de-cala-o-reining-par\/"]}]},{"@type":"ImageObject","inLanguage":"es","@id":"https:\/\/www.mustadlatam.com\/mx\/producto\/herraduras-de-cala-o-reining-par\/#primaryimage","url":"https:\/\/www.mustadlatam.com\/mx\/wp-content\/uploads\/9\/2025\/11\/Herraduras-de-Cala-o-Reining-PAR.png","contentUrl":"https:\/\/www.mustadlatam.com\/mx\/wp-content\/uploads\/9\/2025\/11\/Herraduras-de-Cala-o-Reining-PAR.png","width":1000,"height":1000,"caption":"Herraduras de Cala o Reining (PAR)"},{"@type":"BreadcrumbList","@id":"https:\/\/www.mustadlatam.com\/mx\/producto\/herraduras-de-cala-o-reining-par\/#breadcrumb","itemListElement":[{"@type":"ListItem","position":1,"name":"Inicio","item":"https:\/\/www.mustadlatam.com\/mx\/"},{"@type":"ListItem","position":2,"name":"Tienda Mustad M\u00e9xico | Herraduras, Clavos y Herramientas","item":"https:\/\/www.mustadlatam.com\/mx\/shop\/"},{"@type":"ListItem","position":3,"name":"Herraduras de Cala o Reining Double S (PAR)"}]},{"@type":"WebSite","@id":"https:\/\/www.mustadlatam.com\/mx\/#website","url":"https:\/\/www.mustadlatam.com\/mx\/","name":"Mustad M\u00e9xico - Informaci\u00f3n, Educaci\u00f3n y Venta de Productos y Herramientas Profesionales para Herradores en M\u00e9xico","description":"Herraduras, Escofinas, Clavos y Accesorios para Caballos","publisher":{"@id":"https:\/\/www.mustadlatam.com\/mx\/#organization"},"potentialAction":[{"@type":"SearchAction","target":{"@type":"EntryPoint","urlTemplate":"https:\/\/www.mustadlatam.com\/mx\/?s={search_term_string}"},"query-input":{"@type":"PropertyValueSpecification","valueRequired":true,"valueName":"search_term_string"}}],"inLanguage":"es"},{"@type":"Organization","@id":"https:\/\/www.mustadlatam.com\/mx\/#organization","name":"Mustad M\u00e9xico - Informaci\u00f3n, Educaci\u00f3n y Venta de Productos y Herramientas Profesionales para Herradores en M\u00e9xico","url":"https:\/\/www.mustadlatam.com\/mx\/","logo":{"@type":"ImageObject","inLanguage":"es","@id":"https:\/\/www.mustadlatam.com\/mx\/#\/schema\/logo\/image\/","url":"https:\/\/www.mustadlatam.com\/mx\/wp-content\/uploads\/9\/2025\/12\/cropped-LOGO-MUSTAD-Final.png","contentUrl":"https:\/\/www.mustadlatam.com\/mx\/wp-content\/uploads\/9\/2025\/12\/cropped-LOGO-MUSTAD-Final.png","width":500,"height":500,"caption":"Mustad M\u00e9xico - Informaci\u00f3n, Educaci\u00f3n y Venta de Productos y Herramientas Profesionales para Herradores en M\u00e9xico"},"image":{"@id":"https:\/\/www.mustadlatam.com\/mx\/#\/schema\/logo\/image\/"},"sameAs":["https:\/\/www.facebook.com\/mustadlatam","https:\/\/www.instagram.com\/mustadlatam\/"]}]}},"_links":{"self":[{"href":"https:\/\/www.mustadlatam.com\/mx\/wp-json\/wp\/v2\/product\/1427","targetHints":{"allow":["GET"]}}],"collection":[{"href":"https:\/\/www.mustadlatam.com\/mx\/wp-json\/wp\/v2\/product"}],"about":[{"href":"https:\/\/www.mustadlatam.com\/mx\/wp-json\/wp\/v2\/types\/product"}],"replies":[{"embeddable":true,"href":"https:\/\/www.mustadlatam.com\/mx\/wp-json\/wp\/v2\/comments?post=1427"}],"wp:featuredmedia":[{"embeddable":true,"href":"https:\/\/www.mustadlatam.com\/mx\/wp-json\/wp\/v2\/media\/1436"}],"wp:attachment":[{"href":"https:\/\/www.mustadlatam.com\/mx\/wp-json\/wp\/v2\/media?parent=1427"}],"wp:term":[{"taxonomy":"product_brand","embeddable":true,"href":"https:\/\/www.mustadlatam.com\/mx\/wp-json\/wp\/v2\/product_brand?post=1427"},{"taxonomy":"product_cat","embeddable":true,"href":"https:\/\/www.mustadlatam.com\/mx\/wp-json\/wp\/v2\/product_cat?post=1427"},{"taxonomy":"product_tag","embeddable":true,"href":"https:\/\/www.mustadlatam.com\/mx\/wp-json\/wp\/v2\/product_tag?post=1427"}],"curies":[{"name":"wp","href":"https:\/\/api.w.org\/{rel}","templated":true}]}}