{"id":1447,"date":"2025-11-08T15:10:30","date_gmt":"2025-11-08T20:10:30","guid":{"rendered":"https:\/\/mediplushub.com\/mx\/?post_type=product&#038;p=1447"},"modified":"2025-11-08T20:17:23","modified_gmt":"2025-11-08T20:17:23","slug":"herradura-de-aluminio-wedge-kb-par","status":"publish","type":"product","link":"https:\/\/www.mustadlatam.com\/mx\/producto\/herradura-de-aluminio-wedge-kb-par\/","title":{"rendered":"Herradura de Aluminio Wedge KB (PAR)"},"content":{"rendered":"","protected":false},"excerpt":{"rendered":"<p>Herradura de huevo compensada de uso terap\u00e9utico de Aluminio.<\/p>\n","protected":false},"featured_media":1452,"comment_status":"open","ping_status":"closed","template":"","meta":[],"product_brand":[412],"product_cat":[119,28],"product_tag":[],"class_list":{"0":"post-1447","1":"product","2":"type-product","3":"status-publish","4":"has-post-thumbnail","6":"product_brand-mustad","7":"product_cat-herraduras-de-aluminio-en-mexico","8":"product_cat-herraduras-para-caballos-mustad-mexico","9":"pa_disciplina-paseo","10":"pa_disciplina-trabajo","11":"pa_marca-mustad","12":"pa_material-aluminio","13":"pa_talla-herradura-919","14":"pa_talla-herradura-222","15":"pa_talla-herradura-223","16":"pa_talla-herradura-224","17":"pa_talla-herradura-225","18":"pa_tipo-producto-herradura","20":"first","21":"instock","22":"shipping-taxable","23":"purchasable","24":"product-type-variable"},"yoast_head":"<!-- This site is optimized with the Yoast SEO plugin v26.9 - https:\/\/yoast.com\/product\/yoast-seo-wordpress\/ -->\n<title>Herradura de Aluminio Wedge (PAR) - Mustad M\u00e9xico - Informaci\u00f3n, Educaci\u00f3n y Venta de Productos y Herramientas Profesionales para Herradores en M\u00e9xico<\/title>\n<meta name=\"description\" content=\"Herradura de Aluminio Wedge (PAR)\" \/>\n<meta name=\"robots\" content=\"index, follow, max-snippet:-1, max-image-preview:large, max-video-preview:-1\" \/>\n<link rel=\"canonical\" href=\"https:\/\/www.mustadlatam.com\/mx\/producto\/herradura-de-aluminio-wedge-kb-par\/\" \/>\n<meta property=\"og:locale\" content=\"es_MX\" \/>\n<meta property=\"og:type\" content=\"article\" \/>\n<meta property=\"og:title\" content=\"Herradura de Aluminio Wedge (PAR) - Mustad M\u00e9xico - Informaci\u00f3n, Educaci\u00f3n y Venta de Productos y Herramientas Profesionales para Herradores en M\u00e9xico\" \/>\n<meta property=\"og:description\" content=\"Herradura de Aluminio Wedge (PAR)\" \/>\n<meta property=\"og:url\" content=\"https:\/\/www.mustadlatam.com\/mx\/producto\/herradura-de-aluminio-wedge-kb-par\/\" \/>\n<meta property=\"og:site_name\" content=\"Mustad M\u00e9xico - Informaci\u00f3n, Educaci\u00f3n y Venta de Productos y Herramientas Profesionales para Herradores en M\u00e9xico\" \/>\n<meta property=\"article:modified_time\" content=\"2025-11-08T20:17:23+00:00\" \/>\n<meta property=\"og:image\" content=\"https:\/\/www.mustadlatam.com\/mx\/wp-content\/uploads\/9\/2025\/11\/Herradura-de-Aluminio-Wedge-KB-PAR.jpg\" \/>\n\t<meta property=\"og:image:width\" content=\"800\" \/>\n\t<meta property=\"og:image:height\" content=\"800\" \/>\n\t<meta property=\"og:image:type\" content=\"image\/jpeg\" \/>\n<meta name=\"twitter:card\" content=\"summary_large_image\" \/>\n<meta name=\"twitter:label1\" content=\"Tiempo de lectura\" \/>\n\t<meta name=\"twitter:data1\" content=\"1 minuto\" \/>\n<script type=\"application\/ld+json\" class=\"yoast-schema-graph\">{\"@context\":\"https:\/\/schema.org\",\"@graph\":[{\"@type\":\"WebPage\",\"@id\":\"https:\/\/www.mustadlatam.com\/mx\/producto\/herradura-de-aluminio-wedge-kb-par\/\",\"url\":\"https:\/\/www.mustadlatam.com\/mx\/producto\/herradura-de-aluminio-wedge-kb-par\/\",\"name\":\"Herradura de Aluminio Wedge (PAR) - Mustad M\u00e9xico - Informaci\u00f3n, Educaci\u00f3n y Venta de Productos y Herramientas Profesionales para Herradores en M\u00e9xico\",\"isPartOf\":{\"@id\":\"https:\/\/www.mustadlatam.com\/mx\/#website\"},\"primaryImageOfPage\":{\"@id\":\"https:\/\/www.mustadlatam.com\/mx\/producto\/herradura-de-aluminio-wedge-kb-par\/#primaryimage\"},\"image\":{\"@id\":\"https:\/\/www.mustadlatam.com\/mx\/producto\/herradura-de-aluminio-wedge-kb-par\/#primaryimage\"},\"thumbnailUrl\":\"https:\/\/www.mustadlatam.com\/mx\/wp-content\/uploads\/9\/2025\/11\/Herradura-de-Aluminio-Wedge-KB-PAR.jpg\",\"datePublished\":\"2025-11-08T20:10:30+00:00\",\"dateModified\":\"2025-11-08T20:17:23+00:00\",\"description\":\"Herradura de Aluminio Wedge (PAR)\",\"breadcrumb\":{\"@id\":\"https:\/\/www.mustadlatam.com\/mx\/producto\/herradura-de-aluminio-wedge-kb-par\/#breadcrumb\"},\"inLanguage\":\"es\",\"potentialAction\":[{\"@type\":\"ReadAction\",\"target\":[\"https:\/\/www.mustadlatam.com\/mx\/producto\/herradura-de-aluminio-wedge-kb-par\/\"]}]},{\"@type\":\"ImageObject\",\"inLanguage\":\"es\",\"@id\":\"https:\/\/www.mustadlatam.com\/mx\/producto\/herradura-de-aluminio-wedge-kb-par\/#primaryimage\",\"url\":\"https:\/\/www.mustadlatam.com\/mx\/wp-content\/uploads\/9\/2025\/11\/Herradura-de-Aluminio-Wedge-KB-PAR.jpg\",\"contentUrl\":\"https:\/\/www.mustadlatam.com\/mx\/wp-content\/uploads\/9\/2025\/11\/Herradura-de-Aluminio-Wedge-KB-PAR.jpg\",\"width\":800,\"height\":800,\"caption\":\"Herradura de Aluminio Wedge KB (PAR)\"},{\"@type\":\"BreadcrumbList\",\"@id\":\"https:\/\/www.mustadlatam.com\/mx\/producto\/herradura-de-aluminio-wedge-kb-par\/#breadcrumb\",\"itemListElement\":[{\"@type\":\"ListItem\",\"position\":1,\"name\":\"Inicio\",\"item\":\"https:\/\/www.mustadlatam.com\/mx\/\"},{\"@type\":\"ListItem\",\"position\":2,\"name\":\"Tienda Mustad M\u00e9xico | Herraduras, Clavos y Herramientas\",\"item\":\"https:\/\/www.mustadlatam.com\/mx\/shop\/\"},{\"@type\":\"ListItem\",\"position\":3,\"name\":\"Herradura de Aluminio Wedge KB (PAR)\"}]},{\"@type\":\"WebSite\",\"@id\":\"https:\/\/www.mustadlatam.com\/mx\/#website\",\"url\":\"https:\/\/www.mustadlatam.com\/mx\/\",\"name\":\"Mustad M\u00e9xico - Informaci\u00f3n, Educaci\u00f3n y Venta de Productos y Herramientas Profesionales para Herradores en M\u00e9xico\",\"description\":\"Herraduras, Escofinas, Clavos y Accesorios para Caballos\",\"publisher\":{\"@id\":\"https:\/\/www.mustadlatam.com\/mx\/#organization\"},\"potentialAction\":[{\"@type\":\"SearchAction\",\"target\":{\"@type\":\"EntryPoint\",\"urlTemplate\":\"https:\/\/www.mustadlatam.com\/mx\/?s={search_term_string}\"},\"query-input\":{\"@type\":\"PropertyValueSpecification\",\"valueRequired\":true,\"valueName\":\"search_term_string\"}}],\"inLanguage\":\"es\"},{\"@type\":\"Organization\",\"@id\":\"https:\/\/www.mustadlatam.com\/mx\/#organization\",\"name\":\"Mustad M\u00e9xico - Informaci\u00f3n, Educaci\u00f3n y Venta de Productos y Herramientas Profesionales para Herradores en M\u00e9xico\",\"url\":\"https:\/\/www.mustadlatam.com\/mx\/\",\"logo\":{\"@type\":\"ImageObject\",\"inLanguage\":\"es\",\"@id\":\"https:\/\/www.mustadlatam.com\/mx\/#\/schema\/logo\/image\/\",\"url\":\"https:\/\/www.mustadlatam.com\/mx\/wp-content\/uploads\/9\/2025\/12\/cropped-LOGO-MUSTAD-Final.png\",\"contentUrl\":\"https:\/\/www.mustadlatam.com\/mx\/wp-content\/uploads\/9\/2025\/12\/cropped-LOGO-MUSTAD-Final.png\",\"width\":500,\"height\":500,\"caption\":\"Mustad M\u00e9xico - Informaci\u00f3n, Educaci\u00f3n y Venta de Productos y Herramientas Profesionales para Herradores en M\u00e9xico\"},\"image\":{\"@id\":\"https:\/\/www.mustadlatam.com\/mx\/#\/schema\/logo\/image\/\"}}]}<\/script>\n<!-- \/ Yoast SEO plugin. -->","yoast_head_json":{"title":"Herradura de Aluminio Wedge (PAR) - Mustad M\u00e9xico - Informaci\u00f3n, Educaci\u00f3n y Venta de Productos y Herramientas Profesionales para Herradores en M\u00e9xico","description":"Herradura de Aluminio Wedge (PAR)","robots":{"index":"index","follow":"follow","max-snippet":"max-snippet:-1","max-image-preview":"max-image-preview:large","max-video-preview":"max-video-preview:-1"},"canonical":"https:\/\/www.mustadlatam.com\/mx\/producto\/herradura-de-aluminio-wedge-kb-par\/","og_locale":"es_MX","og_type":"article","og_title":"Herradura de Aluminio Wedge (PAR) - Mustad M\u00e9xico - Informaci\u00f3n, Educaci\u00f3n y Venta de Productos y Herramientas Profesionales para Herradores en M\u00e9xico","og_description":"Herradura de Aluminio Wedge (PAR)","og_url":"https:\/\/www.mustadlatam.com\/mx\/producto\/herradura-de-aluminio-wedge-kb-par\/","og_site_name":"Mustad M\u00e9xico - Informaci\u00f3n, Educaci\u00f3n y Venta de Productos y Herramientas Profesionales para Herradores en M\u00e9xico","article_modified_time":"2025-11-08T20:17:23+00:00","og_image":[{"width":800,"height":800,"url":"https:\/\/www.mustadlatam.com\/mx\/wp-content\/uploads\/9\/2025\/11\/Herradura-de-Aluminio-Wedge-KB-PAR.jpg","type":"image\/jpeg"}],"twitter_card":"summary_large_image","twitter_misc":{"Tiempo de lectura":"1 minuto"},"schema":{"@context":"https:\/\/schema.org","@graph":[{"@type":"WebPage","@id":"https:\/\/www.mustadlatam.com\/mx\/producto\/herradura-de-aluminio-wedge-kb-par\/","url":"https:\/\/www.mustadlatam.com\/mx\/producto\/herradura-de-aluminio-wedge-kb-par\/","name":"Herradura de Aluminio Wedge (PAR) - Mustad M\u00e9xico - Informaci\u00f3n, Educaci\u00f3n y Venta de Productos y Herramientas Profesionales para Herradores en M\u00e9xico","isPartOf":{"@id":"https:\/\/www.mustadlatam.com\/mx\/#website"},"primaryImageOfPage":{"@id":"https:\/\/www.mustadlatam.com\/mx\/producto\/herradura-de-aluminio-wedge-kb-par\/#primaryimage"},"image":{"@id":"https:\/\/www.mustadlatam.com\/mx\/producto\/herradura-de-aluminio-wedge-kb-par\/#primaryimage"},"thumbnailUrl":"https:\/\/www.mustadlatam.com\/mx\/wp-content\/uploads\/9\/2025\/11\/Herradura-de-Aluminio-Wedge-KB-PAR.jpg","datePublished":"2025-11-08T20:10:30+00:00","dateModified":"2025-11-08T20:17:23+00:00","description":"Herradura de Aluminio Wedge (PAR)","breadcrumb":{"@id":"https:\/\/www.mustadlatam.com\/mx\/producto\/herradura-de-aluminio-wedge-kb-par\/#breadcrumb"},"inLanguage":"es","potentialAction":[{"@type":"ReadAction","target":["https:\/\/www.mustadlatam.com\/mx\/producto\/herradura-de-aluminio-wedge-kb-par\/"]}]},{"@type":"ImageObject","inLanguage":"es","@id":"https:\/\/www.mustadlatam.com\/mx\/producto\/herradura-de-aluminio-wedge-kb-par\/#primaryimage","url":"https:\/\/www.mustadlatam.com\/mx\/wp-content\/uploads\/9\/2025\/11\/Herradura-de-Aluminio-Wedge-KB-PAR.jpg","contentUrl":"https:\/\/www.mustadlatam.com\/mx\/wp-content\/uploads\/9\/2025\/11\/Herradura-de-Aluminio-Wedge-KB-PAR.jpg","width":800,"height":800,"caption":"Herradura de Aluminio Wedge KB (PAR)"},{"@type":"BreadcrumbList","@id":"https:\/\/www.mustadlatam.com\/mx\/producto\/herradura-de-aluminio-wedge-kb-par\/#breadcrumb","itemListElement":[{"@type":"ListItem","position":1,"name":"Inicio","item":"https:\/\/www.mustadlatam.com\/mx\/"},{"@type":"ListItem","position":2,"name":"Tienda Mustad M\u00e9xico | Herraduras, Clavos y Herramientas","item":"https:\/\/www.mustadlatam.com\/mx\/shop\/"},{"@type":"ListItem","position":3,"name":"Herradura de Aluminio Wedge KB (PAR)"}]},{"@type":"WebSite","@id":"https:\/\/www.mustadlatam.com\/mx\/#website","url":"https:\/\/www.mustadlatam.com\/mx\/","name":"Mustad M\u00e9xico - Informaci\u00f3n, Educaci\u00f3n y Venta de Productos y Herramientas Profesionales para Herradores en M\u00e9xico","description":"Herraduras, Escofinas, Clavos y Accesorios para Caballos","publisher":{"@id":"https:\/\/www.mustadlatam.com\/mx\/#organization"},"potentialAction":[{"@type":"SearchAction","target":{"@type":"EntryPoint","urlTemplate":"https:\/\/www.mustadlatam.com\/mx\/?s={search_term_string}"},"query-input":{"@type":"PropertyValueSpecification","valueRequired":true,"valueName":"search_term_string"}}],"inLanguage":"es"},{"@type":"Organization","@id":"https:\/\/www.mustadlatam.com\/mx\/#organization","name":"Mustad M\u00e9xico - Informaci\u00f3n, Educaci\u00f3n y Venta de Productos y Herramientas Profesionales para Herradores en M\u00e9xico","url":"https:\/\/www.mustadlatam.com\/mx\/","logo":{"@type":"ImageObject","inLanguage":"es","@id":"https:\/\/www.mustadlatam.com\/mx\/#\/schema\/logo\/image\/","url":"https:\/\/www.mustadlatam.com\/mx\/wp-content\/uploads\/9\/2025\/12\/cropped-LOGO-MUSTAD-Final.png","contentUrl":"https:\/\/www.mustadlatam.com\/mx\/wp-content\/uploads\/9\/2025\/12\/cropped-LOGO-MUSTAD-Final.png","width":500,"height":500,"caption":"Mustad M\u00e9xico - Informaci\u00f3n, Educaci\u00f3n y Venta de Productos y Herramientas Profesionales para Herradores en M\u00e9xico"},"image":{"@id":"https:\/\/www.mustadlatam.com\/mx\/#\/schema\/logo\/image\/"}}]}},"_links":{"self":[{"href":"https:\/\/www.mustadlatam.com\/mx\/wp-json\/wp\/v2\/product\/1447","targetHints":{"allow":["GET"]}}],"collection":[{"href":"https:\/\/www.mustadlatam.com\/mx\/wp-json\/wp\/v2\/product"}],"about":[{"href":"https:\/\/www.mustadlatam.com\/mx\/wp-json\/wp\/v2\/types\/product"}],"replies":[{"embeddable":true,"href":"https:\/\/www.mustadlatam.com\/mx\/wp-json\/wp\/v2\/comments?post=1447"}],"wp:featuredmedia":[{"embeddable":true,"href":"https:\/\/www.mustadlatam.com\/mx\/wp-json\/wp\/v2\/media\/1452"}],"wp:attachment":[{"href":"https:\/\/www.mustadlatam.com\/mx\/wp-json\/wp\/v2\/media?parent=1447"}],"wp:term":[{"taxonomy":"product_brand","embeddable":true,"href":"https:\/\/www.mustadlatam.com\/mx\/wp-json\/wp\/v2\/product_brand?post=1447"},{"taxonomy":"product_cat","embeddable":true,"href":"https:\/\/www.mustadlatam.com\/mx\/wp-json\/wp\/v2\/product_cat?post=1447"},{"taxonomy":"product_tag","embeddable":true,"href":"https:\/\/www.mustadlatam.com\/mx\/wp-json\/wp\/v2\/product_tag?post=1447"}],"curies":[{"name":"wp","href":"https:\/\/api.w.org\/{rel}","templated":true}]}}