{"id":1507,"date":"2025-11-10T08:28:58","date_gmt":"2025-11-10T13:28:58","guid":{"rendered":"https:\/\/mediplushub.com\/mx\/?post_type=product&#038;p=1507"},"modified":"2026-01-28T15:47:56","modified_gmt":"2026-01-28T20:47:56","slug":"clavo-mustad-asv-1-5-8-cabeza-mas-pequena-para-un-resultado-mas-al-ras","status":"publish","type":"product","link":"https:\/\/www.mustadlatam.com\/mx\/producto\/clavo-mustad-asv-1-5-8-cabeza-mas-pequena-para-un-resultado-mas-al-ras\/","title":{"rendered":"Clavo Mustad ASV 1 5\/8 &#8211; Cabeza m\u00e1s peque\u00f1a para un resultado mas al ras"},"content":{"rendered":"","protected":false},"excerpt":{"rendered":"<p>Talla 1 5\/8, Longitud (mm) 41<\/p>\n<p>Caja c\/250 pzs<\/p>\n<p>El clavo ASV tiene caracter\u00edsticas de dise\u00f1o americano, por lo que es especialmente adecuado para las herraduras con canal en U. En comparaci\u00f3n con el RN la cabeza del clavo de ASV es algo m\u00e1s peque\u00f1a asegurando un ajuste firme y consistente en la clavera, de modo que la cabeza queda casi rasante con la superficie de la herradura. El clavo ASV es tambi\u00e9n una muy buena opci\u00f3n para la mayor\u00eda de las herraduras de estilo de carrera.<\/p>\n","protected":false},"featured_media":1509,"comment_status":"open","ping_status":"closed","template":"","meta":[],"product_brand":[412],"product_cat":[24,154],"product_tag":[],"class_list":{"0":"post-1507","1":"product","2":"type-product","3":"status-publish","4":"has-post-thumbnail","6":"product_brand-mustad","7":"product_cat-clavos-de-herrar","8":"product_cat-clavos-de-herrar-mustad","9":"pa_disciplina-competicion","10":"pa_marca-mustad","11":"pa_material-aluminio","12":"pa_talla-de-clavo-talla-1","13":"pa_tipo-producto-clavo","15":"first","16":"instock","17":"shipping-taxable","18":"purchasable","19":"product-type-simple"},"yoast_head":"<!-- This site is optimized with the Yoast SEO plugin v27.4 - https:\/\/yoast.com\/product\/yoast-seo-wordpress\/ -->\n<title>Clavo Mustad ASV 1 5\/8 - Mustad M\u00e9xico - Informaci\u00f3n, Educaci\u00f3n y Venta de Productos y Herramientas Profesionales para Herradores en M\u00e9xico<\/title>\n<meta name=\"description\" content=\"Clavo Mustad ASV 1 5\/8, Cabeza m\u00e1s peque\u00f1a para un resultado mas al ras\" \/>\n<meta name=\"robots\" content=\"index, follow, max-snippet:-1, max-image-preview:large, max-video-preview:-1\" \/>\n<link rel=\"canonical\" href=\"https:\/\/www.mustadlatam.com\/mx\/producto\/clavo-mustad-asv-1-5-8-cabeza-mas-pequena-para-un-resultado-mas-al-ras\/\" \/>\n<meta property=\"og:locale\" content=\"es_MX\" \/>\n<meta property=\"og:type\" content=\"article\" \/>\n<meta property=\"og:title\" content=\"Clavo Mustad ASV 1 5\/8 - Mustad M\u00e9xico - Informaci\u00f3n, Educaci\u00f3n y Venta de Productos y Herramientas Profesionales para Herradores en M\u00e9xico\" \/>\n<meta property=\"og:description\" content=\"Clavo Mustad ASV 1 5\/8, Cabeza m\u00e1s peque\u00f1a para un resultado mas al ras\" \/>\n<meta property=\"og:url\" content=\"https:\/\/www.mustadlatam.com\/mx\/producto\/clavo-mustad-asv-1-5-8-cabeza-mas-pequena-para-un-resultado-mas-al-ras\/\" \/>\n<meta property=\"og:site_name\" content=\"Mustad M\u00e9xico - Informaci\u00f3n, Educaci\u00f3n y Venta de Productos y Herramientas Profesionales para Herradores en M\u00e9xico\" \/>\n<meta property=\"article:publisher\" content=\"https:\/\/www.facebook.com\/mustadlatam\" \/>\n<meta property=\"article:modified_time\" content=\"2026-01-28T20:47:56+00:00\" \/>\n<meta property=\"og:image\" content=\"https:\/\/www.mustadlatam.com\/mx\/wp-content\/uploads\/9\/2025\/11\/Clavo-Mustad-ASV-1-Cabeza-mas-pequena-para-un-resultado-mas-al-ras.jpg\" \/>\n\t<meta property=\"og:image:width\" content=\"500\" \/>\n\t<meta property=\"og:image:height\" content=\"500\" \/>\n\t<meta property=\"og:image:type\" content=\"image\/jpeg\" \/>\n<meta name=\"twitter:card\" content=\"summary_large_image\" \/>\n<meta name=\"twitter:label1\" content=\"Tiempo de lectura\" \/>\n\t<meta name=\"twitter:data1\" content=\"1 minuto\" \/>\n<script type=\"application\/ld+json\" class=\"yoast-schema-graph\">{\"@context\":\"https:\\\/\\\/schema.org\",\"@graph\":[{\"@type\":\"WebPage\",\"@id\":\"https:\\\/\\\/www.mustadlatam.com\\\/mx\\\/producto\\\/clavo-mustad-asv-1-5-8-cabeza-mas-pequena-para-un-resultado-mas-al-ras\\\/\",\"url\":\"https:\\\/\\\/www.mustadlatam.com\\\/mx\\\/producto\\\/clavo-mustad-asv-1-5-8-cabeza-mas-pequena-para-un-resultado-mas-al-ras\\\/\",\"name\":\"Clavo Mustad ASV 1 5\\\/8 - Mustad M\u00e9xico - Informaci\u00f3n, Educaci\u00f3n y Venta de Productos y Herramientas Profesionales para Herradores en M\u00e9xico\",\"isPartOf\":{\"@id\":\"https:\\\/\\\/www.mustadlatam.com\\\/mx\\\/#website\"},\"primaryImageOfPage\":{\"@id\":\"https:\\\/\\\/www.mustadlatam.com\\\/mx\\\/producto\\\/clavo-mustad-asv-1-5-8-cabeza-mas-pequena-para-un-resultado-mas-al-ras\\\/#primaryimage\"},\"image\":{\"@id\":\"https:\\\/\\\/www.mustadlatam.com\\\/mx\\\/producto\\\/clavo-mustad-asv-1-5-8-cabeza-mas-pequena-para-un-resultado-mas-al-ras\\\/#primaryimage\"},\"thumbnailUrl\":\"https:\\\/\\\/www.mustadlatam.com\\\/mx\\\/wp-content\\\/uploads\\\/9\\\/2025\\\/11\\\/Clavo-Mustad-ASV-1-Cabeza-mas-pequena-para-un-resultado-mas-al-ras.jpg\",\"datePublished\":\"2025-11-10T13:28:58+00:00\",\"dateModified\":\"2026-01-28T20:47:56+00:00\",\"description\":\"Clavo Mustad ASV 1 5\\\/8, Cabeza m\u00e1s peque\u00f1a para un resultado mas al ras\",\"breadcrumb\":{\"@id\":\"https:\\\/\\\/www.mustadlatam.com\\\/mx\\\/producto\\\/clavo-mustad-asv-1-5-8-cabeza-mas-pequena-para-un-resultado-mas-al-ras\\\/#breadcrumb\"},\"inLanguage\":\"es\",\"potentialAction\":[{\"@type\":\"ReadAction\",\"target\":[\"https:\\\/\\\/www.mustadlatam.com\\\/mx\\\/producto\\\/clavo-mustad-asv-1-5-8-cabeza-mas-pequena-para-un-resultado-mas-al-ras\\\/\"]}]},{\"@type\":\"ImageObject\",\"inLanguage\":\"es\",\"@id\":\"https:\\\/\\\/www.mustadlatam.com\\\/mx\\\/producto\\\/clavo-mustad-asv-1-5-8-cabeza-mas-pequena-para-un-resultado-mas-al-ras\\\/#primaryimage\",\"url\":\"https:\\\/\\\/www.mustadlatam.com\\\/mx\\\/wp-content\\\/uploads\\\/9\\\/2025\\\/11\\\/Clavo-Mustad-ASV-1-Cabeza-mas-pequena-para-un-resultado-mas-al-ras.jpg\",\"contentUrl\":\"https:\\\/\\\/www.mustadlatam.com\\\/mx\\\/wp-content\\\/uploads\\\/9\\\/2025\\\/11\\\/Clavo-Mustad-ASV-1-Cabeza-mas-pequena-para-un-resultado-mas-al-ras.jpg\",\"width\":500,\"height\":500,\"caption\":\"Clavo Mustad ASV 1 - Cabeza m\u00e1s peque\u00f1a para un resultado mas al ras\"},{\"@type\":\"BreadcrumbList\",\"@id\":\"https:\\\/\\\/www.mustadlatam.com\\\/mx\\\/producto\\\/clavo-mustad-asv-1-5-8-cabeza-mas-pequena-para-un-resultado-mas-al-ras\\\/#breadcrumb\",\"itemListElement\":[{\"@type\":\"ListItem\",\"position\":1,\"name\":\"Inicio\",\"item\":\"https:\\\/\\\/www.mustadlatam.com\\\/mx\\\/\"},{\"@type\":\"ListItem\",\"position\":2,\"name\":\"Tienda Mustad M\u00e9xico | Herraduras, Clavos y Herramientas\",\"item\":\"https:\\\/\\\/www.mustadlatam.com\\\/mx\\\/shop\\\/\"},{\"@type\":\"ListItem\",\"position\":3,\"name\":\"Clavo Mustad ASV 1 5\\\/8 &#8211; Cabeza m\u00e1s peque\u00f1a para un resultado mas al ras\"}]},{\"@type\":\"WebSite\",\"@id\":\"https:\\\/\\\/www.mustadlatam.com\\\/mx\\\/#website\",\"url\":\"https:\\\/\\\/www.mustadlatam.com\\\/mx\\\/\",\"name\":\"Mustad M\u00e9xico - Informaci\u00f3n, Educaci\u00f3n y Venta de Productos y Herramientas Profesionales para Herradores en M\u00e9xico\",\"description\":\"Herraduras, Escofinas, Clavos y Accesorios para Caballos\",\"publisher\":{\"@id\":\"https:\\\/\\\/www.mustadlatam.com\\\/mx\\\/#organization\"},\"potentialAction\":[{\"@type\":\"SearchAction\",\"target\":{\"@type\":\"EntryPoint\",\"urlTemplate\":\"https:\\\/\\\/www.mustadlatam.com\\\/mx\\\/?s={search_term_string}\"},\"query-input\":{\"@type\":\"PropertyValueSpecification\",\"valueRequired\":true,\"valueName\":\"search_term_string\"}}],\"inLanguage\":\"es\"},{\"@type\":\"Organization\",\"@id\":\"https:\\\/\\\/www.mustadlatam.com\\\/mx\\\/#organization\",\"name\":\"Mustad M\u00e9xico - Informaci\u00f3n, Educaci\u00f3n y Venta de Productos y Herramientas Profesionales para Herradores en M\u00e9xico\",\"url\":\"https:\\\/\\\/www.mustadlatam.com\\\/mx\\\/\",\"logo\":{\"@type\":\"ImageObject\",\"inLanguage\":\"es\",\"@id\":\"https:\\\/\\\/www.mustadlatam.com\\\/mx\\\/#\\\/schema\\\/logo\\\/image\\\/\",\"url\":\"https:\\\/\\\/www.mustadlatam.com\\\/mx\\\/wp-content\\\/uploads\\\/9\\\/2025\\\/12\\\/cropped-LOGO-MUSTAD-Final.png\",\"contentUrl\":\"https:\\\/\\\/www.mustadlatam.com\\\/mx\\\/wp-content\\\/uploads\\\/9\\\/2025\\\/12\\\/cropped-LOGO-MUSTAD-Final.png\",\"width\":500,\"height\":500,\"caption\":\"Mustad M\u00e9xico - Informaci\u00f3n, Educaci\u00f3n y Venta de Productos y Herramientas Profesionales para Herradores en M\u00e9xico\"},\"image\":{\"@id\":\"https:\\\/\\\/www.mustadlatam.com\\\/mx\\\/#\\\/schema\\\/logo\\\/image\\\/\"},\"sameAs\":[\"https:\\\/\\\/www.facebook.com\\\/mustadlatam\",\"https:\\\/\\\/www.instagram.com\\\/mustadlatam\\\/\"]}]}<\/script>\n<!-- \/ Yoast SEO plugin. -->","yoast_head_json":{"title":"Clavo Mustad ASV 1 5\/8 - Mustad M\u00e9xico - Informaci\u00f3n, Educaci\u00f3n y Venta de Productos y Herramientas Profesionales para Herradores en M\u00e9xico","description":"Clavo Mustad ASV 1 5\/8, Cabeza m\u00e1s peque\u00f1a para un resultado mas al ras","robots":{"index":"index","follow":"follow","max-snippet":"max-snippet:-1","max-image-preview":"max-image-preview:large","max-video-preview":"max-video-preview:-1"},"canonical":"https:\/\/www.mustadlatam.com\/mx\/producto\/clavo-mustad-asv-1-5-8-cabeza-mas-pequena-para-un-resultado-mas-al-ras\/","og_locale":"es_MX","og_type":"article","og_title":"Clavo Mustad ASV 1 5\/8 - Mustad M\u00e9xico - Informaci\u00f3n, Educaci\u00f3n y Venta de Productos y Herramientas Profesionales para Herradores en M\u00e9xico","og_description":"Clavo Mustad ASV 1 5\/8, Cabeza m\u00e1s peque\u00f1a para un resultado mas al ras","og_url":"https:\/\/www.mustadlatam.com\/mx\/producto\/clavo-mustad-asv-1-5-8-cabeza-mas-pequena-para-un-resultado-mas-al-ras\/","og_site_name":"Mustad M\u00e9xico - Informaci\u00f3n, Educaci\u00f3n y Venta de Productos y Herramientas Profesionales para Herradores en M\u00e9xico","article_publisher":"https:\/\/www.facebook.com\/mustadlatam","article_modified_time":"2026-01-28T20:47:56+00:00","og_image":[{"width":500,"height":500,"url":"https:\/\/www.mustadlatam.com\/mx\/wp-content\/uploads\/9\/2025\/11\/Clavo-Mustad-ASV-1-Cabeza-mas-pequena-para-un-resultado-mas-al-ras.jpg","type":"image\/jpeg"}],"twitter_card":"summary_large_image","twitter_misc":{"Tiempo de lectura":"1 minuto"},"schema":{"@context":"https:\/\/schema.org","@graph":[{"@type":"WebPage","@id":"https:\/\/www.mustadlatam.com\/mx\/producto\/clavo-mustad-asv-1-5-8-cabeza-mas-pequena-para-un-resultado-mas-al-ras\/","url":"https:\/\/www.mustadlatam.com\/mx\/producto\/clavo-mustad-asv-1-5-8-cabeza-mas-pequena-para-un-resultado-mas-al-ras\/","name":"Clavo Mustad ASV 1 5\/8 - Mustad M\u00e9xico - Informaci\u00f3n, Educaci\u00f3n y Venta de Productos y Herramientas Profesionales para Herradores en M\u00e9xico","isPartOf":{"@id":"https:\/\/www.mustadlatam.com\/mx\/#website"},"primaryImageOfPage":{"@id":"https:\/\/www.mustadlatam.com\/mx\/producto\/clavo-mustad-asv-1-5-8-cabeza-mas-pequena-para-un-resultado-mas-al-ras\/#primaryimage"},"image":{"@id":"https:\/\/www.mustadlatam.com\/mx\/producto\/clavo-mustad-asv-1-5-8-cabeza-mas-pequena-para-un-resultado-mas-al-ras\/#primaryimage"},"thumbnailUrl":"https:\/\/www.mustadlatam.com\/mx\/wp-content\/uploads\/9\/2025\/11\/Clavo-Mustad-ASV-1-Cabeza-mas-pequena-para-un-resultado-mas-al-ras.jpg","datePublished":"2025-11-10T13:28:58+00:00","dateModified":"2026-01-28T20:47:56+00:00","description":"Clavo Mustad ASV 1 5\/8, Cabeza m\u00e1s peque\u00f1a para un resultado mas al ras","breadcrumb":{"@id":"https:\/\/www.mustadlatam.com\/mx\/producto\/clavo-mustad-asv-1-5-8-cabeza-mas-pequena-para-un-resultado-mas-al-ras\/#breadcrumb"},"inLanguage":"es","potentialAction":[{"@type":"ReadAction","target":["https:\/\/www.mustadlatam.com\/mx\/producto\/clavo-mustad-asv-1-5-8-cabeza-mas-pequena-para-un-resultado-mas-al-ras\/"]}]},{"@type":"ImageObject","inLanguage":"es","@id":"https:\/\/www.mustadlatam.com\/mx\/producto\/clavo-mustad-asv-1-5-8-cabeza-mas-pequena-para-un-resultado-mas-al-ras\/#primaryimage","url":"https:\/\/www.mustadlatam.com\/mx\/wp-content\/uploads\/9\/2025\/11\/Clavo-Mustad-ASV-1-Cabeza-mas-pequena-para-un-resultado-mas-al-ras.jpg","contentUrl":"https:\/\/www.mustadlatam.com\/mx\/wp-content\/uploads\/9\/2025\/11\/Clavo-Mustad-ASV-1-Cabeza-mas-pequena-para-un-resultado-mas-al-ras.jpg","width":500,"height":500,"caption":"Clavo Mustad ASV 1 - Cabeza m\u00e1s peque\u00f1a para un resultado mas al ras"},{"@type":"BreadcrumbList","@id":"https:\/\/www.mustadlatam.com\/mx\/producto\/clavo-mustad-asv-1-5-8-cabeza-mas-pequena-para-un-resultado-mas-al-ras\/#breadcrumb","itemListElement":[{"@type":"ListItem","position":1,"name":"Inicio","item":"https:\/\/www.mustadlatam.com\/mx\/"},{"@type":"ListItem","position":2,"name":"Tienda Mustad M\u00e9xico | Herraduras, Clavos y Herramientas","item":"https:\/\/www.mustadlatam.com\/mx\/shop\/"},{"@type":"ListItem","position":3,"name":"Clavo Mustad ASV 1 5\/8 &#8211; Cabeza m\u00e1s peque\u00f1a para un resultado mas al ras"}]},{"@type":"WebSite","@id":"https:\/\/www.mustadlatam.com\/mx\/#website","url":"https:\/\/www.mustadlatam.com\/mx\/","name":"Mustad M\u00e9xico - Informaci\u00f3n, Educaci\u00f3n y Venta de Productos y Herramientas Profesionales para Herradores en M\u00e9xico","description":"Herraduras, Escofinas, Clavos y Accesorios para Caballos","publisher":{"@id":"https:\/\/www.mustadlatam.com\/mx\/#organization"},"potentialAction":[{"@type":"SearchAction","target":{"@type":"EntryPoint","urlTemplate":"https:\/\/www.mustadlatam.com\/mx\/?s={search_term_string}"},"query-input":{"@type":"PropertyValueSpecification","valueRequired":true,"valueName":"search_term_string"}}],"inLanguage":"es"},{"@type":"Organization","@id":"https:\/\/www.mustadlatam.com\/mx\/#organization","name":"Mustad M\u00e9xico - Informaci\u00f3n, Educaci\u00f3n y Venta de Productos y Herramientas Profesionales para Herradores en M\u00e9xico","url":"https:\/\/www.mustadlatam.com\/mx\/","logo":{"@type":"ImageObject","inLanguage":"es","@id":"https:\/\/www.mustadlatam.com\/mx\/#\/schema\/logo\/image\/","url":"https:\/\/www.mustadlatam.com\/mx\/wp-content\/uploads\/9\/2025\/12\/cropped-LOGO-MUSTAD-Final.png","contentUrl":"https:\/\/www.mustadlatam.com\/mx\/wp-content\/uploads\/9\/2025\/12\/cropped-LOGO-MUSTAD-Final.png","width":500,"height":500,"caption":"Mustad M\u00e9xico - Informaci\u00f3n, Educaci\u00f3n y Venta de Productos y Herramientas Profesionales para Herradores en M\u00e9xico"},"image":{"@id":"https:\/\/www.mustadlatam.com\/mx\/#\/schema\/logo\/image\/"},"sameAs":["https:\/\/www.facebook.com\/mustadlatam","https:\/\/www.instagram.com\/mustadlatam\/"]}]}},"_links":{"self":[{"href":"https:\/\/www.mustadlatam.com\/mx\/wp-json\/wp\/v2\/product\/1507","targetHints":{"allow":["GET"]}}],"collection":[{"href":"https:\/\/www.mustadlatam.com\/mx\/wp-json\/wp\/v2\/product"}],"about":[{"href":"https:\/\/www.mustadlatam.com\/mx\/wp-json\/wp\/v2\/types\/product"}],"replies":[{"embeddable":true,"href":"https:\/\/www.mustadlatam.com\/mx\/wp-json\/wp\/v2\/comments?post=1507"}],"wp:featuredmedia":[{"embeddable":true,"href":"https:\/\/www.mustadlatam.com\/mx\/wp-json\/wp\/v2\/media\/1509"}],"wp:attachment":[{"href":"https:\/\/www.mustadlatam.com\/mx\/wp-json\/wp\/v2\/media?parent=1507"}],"wp:term":[{"taxonomy":"product_brand","embeddable":true,"href":"https:\/\/www.mustadlatam.com\/mx\/wp-json\/wp\/v2\/product_brand?post=1507"},{"taxonomy":"product_cat","embeddable":true,"href":"https:\/\/www.mustadlatam.com\/mx\/wp-json\/wp\/v2\/product_cat?post=1507"},{"taxonomy":"product_tag","embeddable":true,"href":"https:\/\/www.mustadlatam.com\/mx\/wp-json\/wp\/v2\/product_tag?post=1507"}],"curies":[{"name":"wp","href":"https:\/\/api.w.org\/{rel}","templated":true}]}}