{"id":1512,"date":"2025-11-10T08:37:42","date_gmt":"2025-11-10T13:37:42","guid":{"rendered":"https:\/\/mediplushub.com\/mx\/?post_type=product&#038;p=1512"},"modified":"2025-11-10T10:24:22","modified_gmt":"2025-11-10T15:24:22","slug":"clavo-mustad-swift-disenado-para-herraduras-mas-delgadas","status":"publish","type":"product","link":"https:\/\/www.mustadlatam.com\/mx\/producto\/clavo-mustad-swift-disenado-para-herraduras-mas-delgadas\/","title":{"rendered":"Clavo Mustad Swift &#8211; Dise\u00f1ado para herraduras m\u00e1s delgadas"},"content":{"rendered":"","protected":false},"excerpt":{"rendered":"<p>Talla 00, Longitud (mm) 42<\/p>\n<p>Caja c\/250 pzs<\/p>\n<p>El clavo Mustad Swift fue dise\u00f1ado por medio de una estrecha colaboraci\u00f3n con herradores especializados en disciplinas de carreras. El clavo Swift cumple con los requerimientos espec\u00edficos expresados recientemente por los profesionales de las carreras. Tiene un cuerpo muy delgado, especialmente adecuado para murallas delgadas. El cuello corto es ideal para herraduras delgadas.<\/p>\n","protected":false},"featured_media":1513,"comment_status":"open","ping_status":"closed","template":"","meta":[],"product_brand":[412],"product_cat":[24,154],"product_tag":[],"class_list":{"0":"post-1512","1":"product","2":"type-product","3":"status-publish","4":"has-post-thumbnail","6":"product_brand-mustad","7":"product_cat-clavos-de-herrar","8":"product_cat-clavos-de-herrar-mustad","9":"pa_disciplina-competicion","10":"pa_disciplina-eventing","11":"pa_marca-mustad","12":"pa_material-aluminio","13":"pa_talla-de-clavo-talla-00","14":"pa_tipo-producto-clavo","16":"first","17":"instock","18":"shipping-taxable","19":"purchasable","20":"product-type-simple"},"yoast_head":"<!-- This site is optimized with the Yoast SEO plugin v27.4 - https:\/\/yoast.com\/product\/yoast-seo-wordpress\/ -->\n<title>Clavo Mustad Swift - Mustad M\u00e9xico - Informaci\u00f3n, Educaci\u00f3n y Venta de Productos y Herramientas Profesionales para Herradores en M\u00e9xico<\/title>\n<meta name=\"description\" content=\"Clavo Mustad Swift, Dise\u00f1ado para herraduras m\u00e1s delgadas\" \/>\n<meta name=\"robots\" content=\"index, follow, max-snippet:-1, max-image-preview:large, max-video-preview:-1\" \/>\n<link rel=\"canonical\" href=\"https:\/\/www.mustadlatam.com\/mx\/producto\/clavo-mustad-swift-disenado-para-herraduras-mas-delgadas\/\" \/>\n<meta property=\"og:locale\" content=\"es_MX\" \/>\n<meta property=\"og:type\" content=\"article\" \/>\n<meta property=\"og:title\" content=\"Clavo Mustad Swift - Mustad M\u00e9xico - Informaci\u00f3n, Educaci\u00f3n y Venta de Productos y Herramientas Profesionales para Herradores en M\u00e9xico\" \/>\n<meta property=\"og:description\" content=\"Clavo Mustad Swift, Dise\u00f1ado para herraduras m\u00e1s delgadas\" \/>\n<meta property=\"og:url\" content=\"https:\/\/www.mustadlatam.com\/mx\/producto\/clavo-mustad-swift-disenado-para-herraduras-mas-delgadas\/\" \/>\n<meta property=\"og:site_name\" content=\"Mustad M\u00e9xico - Informaci\u00f3n, Educaci\u00f3n y Venta de Productos y Herramientas Profesionales para Herradores en M\u00e9xico\" \/>\n<meta property=\"article:publisher\" content=\"https:\/\/www.facebook.com\/mustadlatam\" \/>\n<meta property=\"article:modified_time\" content=\"2025-11-10T15:24:22+00:00\" \/>\n<meta property=\"og:image\" content=\"https:\/\/www.mustadlatam.com\/mx\/wp-content\/uploads\/9\/2025\/11\/Clavo-Mustad-Swift.jpg\" \/>\n\t<meta property=\"og:image:width\" content=\"500\" \/>\n\t<meta property=\"og:image:height\" content=\"500\" \/>\n\t<meta property=\"og:image:type\" content=\"image\/jpeg\" \/>\n<meta name=\"twitter:card\" content=\"summary_large_image\" \/>\n<meta name=\"twitter:label1\" content=\"Tiempo de lectura\" \/>\n\t<meta name=\"twitter:data1\" content=\"1 minuto\" \/>\n<script type=\"application\/ld+json\" class=\"yoast-schema-graph\">{\"@context\":\"https:\\\/\\\/schema.org\",\"@graph\":[{\"@type\":\"WebPage\",\"@id\":\"https:\\\/\\\/www.mustadlatam.com\\\/mx\\\/producto\\\/clavo-mustad-swift-disenado-para-herraduras-mas-delgadas\\\/\",\"url\":\"https:\\\/\\\/www.mustadlatam.com\\\/mx\\\/producto\\\/clavo-mustad-swift-disenado-para-herraduras-mas-delgadas\\\/\",\"name\":\"Clavo Mustad Swift - Mustad M\u00e9xico - Informaci\u00f3n, Educaci\u00f3n y Venta de Productos y Herramientas Profesionales para Herradores en M\u00e9xico\",\"isPartOf\":{\"@id\":\"https:\\\/\\\/www.mustadlatam.com\\\/mx\\\/#website\"},\"primaryImageOfPage\":{\"@id\":\"https:\\\/\\\/www.mustadlatam.com\\\/mx\\\/producto\\\/clavo-mustad-swift-disenado-para-herraduras-mas-delgadas\\\/#primaryimage\"},\"image\":{\"@id\":\"https:\\\/\\\/www.mustadlatam.com\\\/mx\\\/producto\\\/clavo-mustad-swift-disenado-para-herraduras-mas-delgadas\\\/#primaryimage\"},\"thumbnailUrl\":\"https:\\\/\\\/www.mustadlatam.com\\\/mx\\\/wp-content\\\/uploads\\\/9\\\/2025\\\/11\\\/Clavo-Mustad-Swift.jpg\",\"datePublished\":\"2025-11-10T13:37:42+00:00\",\"dateModified\":\"2025-11-10T15:24:22+00:00\",\"description\":\"Clavo Mustad Swift, Dise\u00f1ado para herraduras m\u00e1s delgadas\",\"breadcrumb\":{\"@id\":\"https:\\\/\\\/www.mustadlatam.com\\\/mx\\\/producto\\\/clavo-mustad-swift-disenado-para-herraduras-mas-delgadas\\\/#breadcrumb\"},\"inLanguage\":\"es\",\"potentialAction\":[{\"@type\":\"ReadAction\",\"target\":[\"https:\\\/\\\/www.mustadlatam.com\\\/mx\\\/producto\\\/clavo-mustad-swift-disenado-para-herraduras-mas-delgadas\\\/\"]}]},{\"@type\":\"ImageObject\",\"inLanguage\":\"es\",\"@id\":\"https:\\\/\\\/www.mustadlatam.com\\\/mx\\\/producto\\\/clavo-mustad-swift-disenado-para-herraduras-mas-delgadas\\\/#primaryimage\",\"url\":\"https:\\\/\\\/www.mustadlatam.com\\\/mx\\\/wp-content\\\/uploads\\\/9\\\/2025\\\/11\\\/Clavo-Mustad-Swift.jpg\",\"contentUrl\":\"https:\\\/\\\/www.mustadlatam.com\\\/mx\\\/wp-content\\\/uploads\\\/9\\\/2025\\\/11\\\/Clavo-Mustad-Swift.jpg\",\"width\":500,\"height\":500,\"caption\":\"Clavo Mustad Swift\"},{\"@type\":\"BreadcrumbList\",\"@id\":\"https:\\\/\\\/www.mustadlatam.com\\\/mx\\\/producto\\\/clavo-mustad-swift-disenado-para-herraduras-mas-delgadas\\\/#breadcrumb\",\"itemListElement\":[{\"@type\":\"ListItem\",\"position\":1,\"name\":\"Inicio\",\"item\":\"https:\\\/\\\/www.mustadlatam.com\\\/mx\\\/\"},{\"@type\":\"ListItem\",\"position\":2,\"name\":\"Tienda Mustad M\u00e9xico | Herraduras, Clavos y Herramientas\",\"item\":\"https:\\\/\\\/www.mustadlatam.com\\\/mx\\\/shop\\\/\"},{\"@type\":\"ListItem\",\"position\":3,\"name\":\"Clavo Mustad Swift &#8211; Dise\u00f1ado para herraduras m\u00e1s delgadas\"}]},{\"@type\":\"WebSite\",\"@id\":\"https:\\\/\\\/www.mustadlatam.com\\\/mx\\\/#website\",\"url\":\"https:\\\/\\\/www.mustadlatam.com\\\/mx\\\/\",\"name\":\"Mustad M\u00e9xico - Informaci\u00f3n, Educaci\u00f3n y Venta de Productos y Herramientas Profesionales para Herradores en M\u00e9xico\",\"description\":\"Herraduras, Escofinas, Clavos y Accesorios para Caballos\",\"publisher\":{\"@id\":\"https:\\\/\\\/www.mustadlatam.com\\\/mx\\\/#organization\"},\"potentialAction\":[{\"@type\":\"SearchAction\",\"target\":{\"@type\":\"EntryPoint\",\"urlTemplate\":\"https:\\\/\\\/www.mustadlatam.com\\\/mx\\\/?s={search_term_string}\"},\"query-input\":{\"@type\":\"PropertyValueSpecification\",\"valueRequired\":true,\"valueName\":\"search_term_string\"}}],\"inLanguage\":\"es\"},{\"@type\":\"Organization\",\"@id\":\"https:\\\/\\\/www.mustadlatam.com\\\/mx\\\/#organization\",\"name\":\"Mustad M\u00e9xico - Informaci\u00f3n, Educaci\u00f3n y Venta de Productos y Herramientas Profesionales para Herradores en M\u00e9xico\",\"url\":\"https:\\\/\\\/www.mustadlatam.com\\\/mx\\\/\",\"logo\":{\"@type\":\"ImageObject\",\"inLanguage\":\"es\",\"@id\":\"https:\\\/\\\/www.mustadlatam.com\\\/mx\\\/#\\\/schema\\\/logo\\\/image\\\/\",\"url\":\"https:\\\/\\\/www.mustadlatam.com\\\/mx\\\/wp-content\\\/uploads\\\/9\\\/2025\\\/12\\\/cropped-LOGO-MUSTAD-Final.png\",\"contentUrl\":\"https:\\\/\\\/www.mustadlatam.com\\\/mx\\\/wp-content\\\/uploads\\\/9\\\/2025\\\/12\\\/cropped-LOGO-MUSTAD-Final.png\",\"width\":500,\"height\":500,\"caption\":\"Mustad M\u00e9xico - Informaci\u00f3n, Educaci\u00f3n y Venta de Productos y Herramientas Profesionales para Herradores en M\u00e9xico\"},\"image\":{\"@id\":\"https:\\\/\\\/www.mustadlatam.com\\\/mx\\\/#\\\/schema\\\/logo\\\/image\\\/\"},\"sameAs\":[\"https:\\\/\\\/www.facebook.com\\\/mustadlatam\",\"https:\\\/\\\/www.instagram.com\\\/mustadlatam\\\/\"]}]}<\/script>\n<!-- \/ Yoast SEO plugin. -->","yoast_head_json":{"title":"Clavo Mustad Swift - Mustad M\u00e9xico - Informaci\u00f3n, Educaci\u00f3n y Venta de Productos y Herramientas Profesionales para Herradores en M\u00e9xico","description":"Clavo Mustad Swift, Dise\u00f1ado para herraduras m\u00e1s delgadas","robots":{"index":"index","follow":"follow","max-snippet":"max-snippet:-1","max-image-preview":"max-image-preview:large","max-video-preview":"max-video-preview:-1"},"canonical":"https:\/\/www.mustadlatam.com\/mx\/producto\/clavo-mustad-swift-disenado-para-herraduras-mas-delgadas\/","og_locale":"es_MX","og_type":"article","og_title":"Clavo Mustad Swift - Mustad M\u00e9xico - Informaci\u00f3n, Educaci\u00f3n y Venta de Productos y Herramientas Profesionales para Herradores en M\u00e9xico","og_description":"Clavo Mustad Swift, Dise\u00f1ado para herraduras m\u00e1s delgadas","og_url":"https:\/\/www.mustadlatam.com\/mx\/producto\/clavo-mustad-swift-disenado-para-herraduras-mas-delgadas\/","og_site_name":"Mustad M\u00e9xico - Informaci\u00f3n, Educaci\u00f3n y Venta de Productos y Herramientas Profesionales para Herradores en M\u00e9xico","article_publisher":"https:\/\/www.facebook.com\/mustadlatam","article_modified_time":"2025-11-10T15:24:22+00:00","og_image":[{"width":500,"height":500,"url":"https:\/\/www.mustadlatam.com\/mx\/wp-content\/uploads\/9\/2025\/11\/Clavo-Mustad-Swift.jpg","type":"image\/jpeg"}],"twitter_card":"summary_large_image","twitter_misc":{"Tiempo de lectura":"1 minuto"},"schema":{"@context":"https:\/\/schema.org","@graph":[{"@type":"WebPage","@id":"https:\/\/www.mustadlatam.com\/mx\/producto\/clavo-mustad-swift-disenado-para-herraduras-mas-delgadas\/","url":"https:\/\/www.mustadlatam.com\/mx\/producto\/clavo-mustad-swift-disenado-para-herraduras-mas-delgadas\/","name":"Clavo Mustad Swift - Mustad M\u00e9xico - Informaci\u00f3n, Educaci\u00f3n y Venta de Productos y Herramientas Profesionales para Herradores en M\u00e9xico","isPartOf":{"@id":"https:\/\/www.mustadlatam.com\/mx\/#website"},"primaryImageOfPage":{"@id":"https:\/\/www.mustadlatam.com\/mx\/producto\/clavo-mustad-swift-disenado-para-herraduras-mas-delgadas\/#primaryimage"},"image":{"@id":"https:\/\/www.mustadlatam.com\/mx\/producto\/clavo-mustad-swift-disenado-para-herraduras-mas-delgadas\/#primaryimage"},"thumbnailUrl":"https:\/\/www.mustadlatam.com\/mx\/wp-content\/uploads\/9\/2025\/11\/Clavo-Mustad-Swift.jpg","datePublished":"2025-11-10T13:37:42+00:00","dateModified":"2025-11-10T15:24:22+00:00","description":"Clavo Mustad Swift, Dise\u00f1ado para herraduras m\u00e1s delgadas","breadcrumb":{"@id":"https:\/\/www.mustadlatam.com\/mx\/producto\/clavo-mustad-swift-disenado-para-herraduras-mas-delgadas\/#breadcrumb"},"inLanguage":"es","potentialAction":[{"@type":"ReadAction","target":["https:\/\/www.mustadlatam.com\/mx\/producto\/clavo-mustad-swift-disenado-para-herraduras-mas-delgadas\/"]}]},{"@type":"ImageObject","inLanguage":"es","@id":"https:\/\/www.mustadlatam.com\/mx\/producto\/clavo-mustad-swift-disenado-para-herraduras-mas-delgadas\/#primaryimage","url":"https:\/\/www.mustadlatam.com\/mx\/wp-content\/uploads\/9\/2025\/11\/Clavo-Mustad-Swift.jpg","contentUrl":"https:\/\/www.mustadlatam.com\/mx\/wp-content\/uploads\/9\/2025\/11\/Clavo-Mustad-Swift.jpg","width":500,"height":500,"caption":"Clavo Mustad Swift"},{"@type":"BreadcrumbList","@id":"https:\/\/www.mustadlatam.com\/mx\/producto\/clavo-mustad-swift-disenado-para-herraduras-mas-delgadas\/#breadcrumb","itemListElement":[{"@type":"ListItem","position":1,"name":"Inicio","item":"https:\/\/www.mustadlatam.com\/mx\/"},{"@type":"ListItem","position":2,"name":"Tienda Mustad M\u00e9xico | Herraduras, Clavos y Herramientas","item":"https:\/\/www.mustadlatam.com\/mx\/shop\/"},{"@type":"ListItem","position":3,"name":"Clavo Mustad Swift &#8211; Dise\u00f1ado para herraduras m\u00e1s delgadas"}]},{"@type":"WebSite","@id":"https:\/\/www.mustadlatam.com\/mx\/#website","url":"https:\/\/www.mustadlatam.com\/mx\/","name":"Mustad M\u00e9xico - Informaci\u00f3n, Educaci\u00f3n y Venta de Productos y Herramientas Profesionales para Herradores en M\u00e9xico","description":"Herraduras, Escofinas, Clavos y Accesorios para Caballos","publisher":{"@id":"https:\/\/www.mustadlatam.com\/mx\/#organization"},"potentialAction":[{"@type":"SearchAction","target":{"@type":"EntryPoint","urlTemplate":"https:\/\/www.mustadlatam.com\/mx\/?s={search_term_string}"},"query-input":{"@type":"PropertyValueSpecification","valueRequired":true,"valueName":"search_term_string"}}],"inLanguage":"es"},{"@type":"Organization","@id":"https:\/\/www.mustadlatam.com\/mx\/#organization","name":"Mustad M\u00e9xico - Informaci\u00f3n, Educaci\u00f3n y Venta de Productos y Herramientas Profesionales para Herradores en M\u00e9xico","url":"https:\/\/www.mustadlatam.com\/mx\/","logo":{"@type":"ImageObject","inLanguage":"es","@id":"https:\/\/www.mustadlatam.com\/mx\/#\/schema\/logo\/image\/","url":"https:\/\/www.mustadlatam.com\/mx\/wp-content\/uploads\/9\/2025\/12\/cropped-LOGO-MUSTAD-Final.png","contentUrl":"https:\/\/www.mustadlatam.com\/mx\/wp-content\/uploads\/9\/2025\/12\/cropped-LOGO-MUSTAD-Final.png","width":500,"height":500,"caption":"Mustad M\u00e9xico - Informaci\u00f3n, Educaci\u00f3n y Venta de Productos y Herramientas Profesionales para Herradores en M\u00e9xico"},"image":{"@id":"https:\/\/www.mustadlatam.com\/mx\/#\/schema\/logo\/image\/"},"sameAs":["https:\/\/www.facebook.com\/mustadlatam","https:\/\/www.instagram.com\/mustadlatam\/"]}]}},"_links":{"self":[{"href":"https:\/\/www.mustadlatam.com\/mx\/wp-json\/wp\/v2\/product\/1512","targetHints":{"allow":["GET"]}}],"collection":[{"href":"https:\/\/www.mustadlatam.com\/mx\/wp-json\/wp\/v2\/product"}],"about":[{"href":"https:\/\/www.mustadlatam.com\/mx\/wp-json\/wp\/v2\/types\/product"}],"replies":[{"embeddable":true,"href":"https:\/\/www.mustadlatam.com\/mx\/wp-json\/wp\/v2\/comments?post=1512"}],"wp:featuredmedia":[{"embeddable":true,"href":"https:\/\/www.mustadlatam.com\/mx\/wp-json\/wp\/v2\/media\/1513"}],"wp:attachment":[{"href":"https:\/\/www.mustadlatam.com\/mx\/wp-json\/wp\/v2\/media?parent=1512"}],"wp:term":[{"taxonomy":"product_brand","embeddable":true,"href":"https:\/\/www.mustadlatam.com\/mx\/wp-json\/wp\/v2\/product_brand?post=1512"},{"taxonomy":"product_cat","embeddable":true,"href":"https:\/\/www.mustadlatam.com\/mx\/wp-json\/wp\/v2\/product_cat?post=1512"},{"taxonomy":"product_tag","embeddable":true,"href":"https:\/\/www.mustadlatam.com\/mx\/wp-json\/wp\/v2\/product_tag?post=1512"}],"curies":[{"name":"wp","href":"https:\/\/api.w.org\/{rel}","templated":true}]}}