{"id":1557,"date":"2025-11-10T10:04:18","date_gmt":"2025-11-10T15:04:18","guid":{"rendered":"https:\/\/mediplushub.com\/mx\/?post_type=product&#038;p=1557"},"modified":"2026-04-01T10:20:02","modified_gmt":"2026-04-01T15:20:02","slug":"clavos-mustad-esl","status":"publish","type":"product","link":"https:\/\/www.mustadlatam.com\/mx\/producto\/clavos-mustad-esl\/","title":{"rendered":"Clavos Mustad ESL"},"content":{"rendered":"","protected":false},"excerpt":{"rendered":"<p>Caja c\/250 pzs<\/p>\n<p>El clavo E-Slim es ideal para caballos con una muralla delgada, como varios caballos tipo sangre caliente, ya que causa menos grietas en la muralla que los ligeramente gruesos clavos E. Todos los clavos Mustad est\u00e1n muy pulidos, lo que les permite deslizarse con precisi\u00f3n a trav\u00e9s del casco sin desviarse del trayecto deseado.<\/p>\n","protected":false},"featured_media":1565,"comment_status":"open","ping_status":"closed","template":"","meta":[],"product_brand":[412],"product_cat":[24,154],"product_tag":[],"class_list":{"0":"post-1557","1":"product","2":"type-product","3":"status-publish","4":"has-post-thumbnail","6":"product_brand-mustad","7":"product_cat-clavos-de-herrar","8":"product_cat-clavos-de-herrar-mustad","9":"pa_disciplina-paseo","10":"pa_disciplina-trabajo","11":"pa_marca-mustad","12":"pa_material-aluminio","13":"pa_talla-de-clavo-talla-4-x-47-mm","14":"pa_talla-de-clavo-talla-5-x-54-5-mm","15":"pa_talla-de-clavo-talla-6-x-57-5-mm","16":"pa_talla-de-clavo-talla-7-x-60-5-mm","17":"pa_tipo-producto-clavo","19":"first","20":"instock","21":"shipping-taxable","22":"purchasable","23":"product-type-variable"},"yoast_head":"<!-- This site is optimized with the Yoast SEO plugin v27.4 - https:\/\/yoast.com\/product\/yoast-seo-wordpress\/ -->\n<title>Clavos Mustad ESL - Mustad M\u00e9xico - Informaci\u00f3n, Educaci\u00f3n y Venta de Productos y Herramientas Profesionales para Herradores en M\u00e9xico<\/title>\n<meta name=\"description\" content=\"Clavos Mustad ESL\" \/>\n<meta name=\"robots\" content=\"index, follow, max-snippet:-1, max-image-preview:large, max-video-preview:-1\" \/>\n<link rel=\"canonical\" href=\"https:\/\/www.mustadlatam.com\/mx\/producto\/clavos-mustad-esl\/\" \/>\n<meta property=\"og:locale\" content=\"es_MX\" \/>\n<meta property=\"og:type\" content=\"article\" \/>\n<meta property=\"og:title\" content=\"Clavos Mustad ESL - Mustad M\u00e9xico - Informaci\u00f3n, Educaci\u00f3n y Venta de Productos y Herramientas Profesionales para Herradores en M\u00e9xico\" \/>\n<meta property=\"og:description\" content=\"Clavos Mustad ESL\" \/>\n<meta property=\"og:url\" content=\"https:\/\/www.mustadlatam.com\/mx\/producto\/clavos-mustad-esl\/\" \/>\n<meta property=\"og:site_name\" content=\"Mustad M\u00e9xico - Informaci\u00f3n, Educaci\u00f3n y Venta de Productos y Herramientas Profesionales para Herradores en M\u00e9xico\" \/>\n<meta property=\"article:publisher\" content=\"https:\/\/www.facebook.com\/mustadlatam\" \/>\n<meta property=\"article:modified_time\" content=\"2026-04-01T15:20:02+00:00\" \/>\n<meta property=\"og:image\" content=\"https:\/\/www.mustadlatam.com\/mx\/wp-content\/uploads\/9\/2025\/11\/Clavos-Mustad-ESL.png\" \/>\n\t<meta property=\"og:image:width\" content=\"1000\" \/>\n\t<meta property=\"og:image:height\" content=\"1000\" \/>\n\t<meta property=\"og:image:type\" content=\"image\/png\" \/>\n<meta name=\"twitter:card\" content=\"summary_large_image\" \/>\n<meta name=\"twitter:label1\" content=\"Tiempo de lectura\" \/>\n\t<meta name=\"twitter:data1\" content=\"1 minuto\" \/>\n<script type=\"application\/ld+json\" class=\"yoast-schema-graph\">{\"@context\":\"https:\\\/\\\/schema.org\",\"@graph\":[{\"@type\":\"WebPage\",\"@id\":\"https:\\\/\\\/www.mustadlatam.com\\\/mx\\\/producto\\\/clavos-mustad-esl\\\/\",\"url\":\"https:\\\/\\\/www.mustadlatam.com\\\/mx\\\/producto\\\/clavos-mustad-esl\\\/\",\"name\":\"Clavos Mustad ESL - Mustad M\u00e9xico - Informaci\u00f3n, Educaci\u00f3n y Venta de Productos y Herramientas Profesionales para Herradores en M\u00e9xico\",\"isPartOf\":{\"@id\":\"https:\\\/\\\/www.mustadlatam.com\\\/mx\\\/#website\"},\"primaryImageOfPage\":{\"@id\":\"https:\\\/\\\/www.mustadlatam.com\\\/mx\\\/producto\\\/clavos-mustad-esl\\\/#primaryimage\"},\"image\":{\"@id\":\"https:\\\/\\\/www.mustadlatam.com\\\/mx\\\/producto\\\/clavos-mustad-esl\\\/#primaryimage\"},\"thumbnailUrl\":\"https:\\\/\\\/www.mustadlatam.com\\\/mx\\\/wp-content\\\/uploads\\\/9\\\/2025\\\/11\\\/Clavos-Mustad-ESL.png\",\"datePublished\":\"2025-11-10T15:04:18+00:00\",\"dateModified\":\"2026-04-01T15:20:02+00:00\",\"description\":\"Clavos Mustad ESL\",\"breadcrumb\":{\"@id\":\"https:\\\/\\\/www.mustadlatam.com\\\/mx\\\/producto\\\/clavos-mustad-esl\\\/#breadcrumb\"},\"inLanguage\":\"es\",\"potentialAction\":[{\"@type\":\"ReadAction\",\"target\":[\"https:\\\/\\\/www.mustadlatam.com\\\/mx\\\/producto\\\/clavos-mustad-esl\\\/\"]}]},{\"@type\":\"ImageObject\",\"inLanguage\":\"es\",\"@id\":\"https:\\\/\\\/www.mustadlatam.com\\\/mx\\\/producto\\\/clavos-mustad-esl\\\/#primaryimage\",\"url\":\"https:\\\/\\\/www.mustadlatam.com\\\/mx\\\/wp-content\\\/uploads\\\/9\\\/2025\\\/11\\\/Clavos-Mustad-ESL.png\",\"contentUrl\":\"https:\\\/\\\/www.mustadlatam.com\\\/mx\\\/wp-content\\\/uploads\\\/9\\\/2025\\\/11\\\/Clavos-Mustad-ESL.png\",\"width\":1000,\"height\":1000,\"caption\":\"Clavos Mustad ESL\"},{\"@type\":\"BreadcrumbList\",\"@id\":\"https:\\\/\\\/www.mustadlatam.com\\\/mx\\\/producto\\\/clavos-mustad-esl\\\/#breadcrumb\",\"itemListElement\":[{\"@type\":\"ListItem\",\"position\":1,\"name\":\"Inicio\",\"item\":\"https:\\\/\\\/www.mustadlatam.com\\\/mx\\\/\"},{\"@type\":\"ListItem\",\"position\":2,\"name\":\"Tienda Mustad M\u00e9xico | Herraduras, Clavos y Herramientas\",\"item\":\"https:\\\/\\\/www.mustadlatam.com\\\/mx\\\/shop\\\/\"},{\"@type\":\"ListItem\",\"position\":3,\"name\":\"Clavos Mustad ESL\"}]},{\"@type\":\"WebSite\",\"@id\":\"https:\\\/\\\/www.mustadlatam.com\\\/mx\\\/#website\",\"url\":\"https:\\\/\\\/www.mustadlatam.com\\\/mx\\\/\",\"name\":\"Mustad M\u00e9xico - Informaci\u00f3n, Educaci\u00f3n y Venta de Productos y Herramientas Profesionales para Herradores en M\u00e9xico\",\"description\":\"Herraduras, Escofinas, Clavos y Accesorios para Caballos\",\"publisher\":{\"@id\":\"https:\\\/\\\/www.mustadlatam.com\\\/mx\\\/#organization\"},\"potentialAction\":[{\"@type\":\"SearchAction\",\"target\":{\"@type\":\"EntryPoint\",\"urlTemplate\":\"https:\\\/\\\/www.mustadlatam.com\\\/mx\\\/?s={search_term_string}\"},\"query-input\":{\"@type\":\"PropertyValueSpecification\",\"valueRequired\":true,\"valueName\":\"search_term_string\"}}],\"inLanguage\":\"es\"},{\"@type\":\"Organization\",\"@id\":\"https:\\\/\\\/www.mustadlatam.com\\\/mx\\\/#organization\",\"name\":\"Mustad M\u00e9xico - Informaci\u00f3n, Educaci\u00f3n y Venta de Productos y Herramientas Profesionales para Herradores en M\u00e9xico\",\"url\":\"https:\\\/\\\/www.mustadlatam.com\\\/mx\\\/\",\"logo\":{\"@type\":\"ImageObject\",\"inLanguage\":\"es\",\"@id\":\"https:\\\/\\\/www.mustadlatam.com\\\/mx\\\/#\\\/schema\\\/logo\\\/image\\\/\",\"url\":\"https:\\\/\\\/www.mustadlatam.com\\\/mx\\\/wp-content\\\/uploads\\\/9\\\/2025\\\/12\\\/cropped-LOGO-MUSTAD-Final.png\",\"contentUrl\":\"https:\\\/\\\/www.mustadlatam.com\\\/mx\\\/wp-content\\\/uploads\\\/9\\\/2025\\\/12\\\/cropped-LOGO-MUSTAD-Final.png\",\"width\":500,\"height\":500,\"caption\":\"Mustad M\u00e9xico - Informaci\u00f3n, Educaci\u00f3n y Venta de Productos y Herramientas Profesionales para Herradores en M\u00e9xico\"},\"image\":{\"@id\":\"https:\\\/\\\/www.mustadlatam.com\\\/mx\\\/#\\\/schema\\\/logo\\\/image\\\/\"},\"sameAs\":[\"https:\\\/\\\/www.facebook.com\\\/mustadlatam\",\"https:\\\/\\\/www.instagram.com\\\/mustadlatam\\\/\"]}]}<\/script>\n<!-- \/ Yoast SEO plugin. -->","yoast_head_json":{"title":"Clavos Mustad ESL - Mustad M\u00e9xico - Informaci\u00f3n, Educaci\u00f3n y Venta de Productos y Herramientas Profesionales para Herradores en M\u00e9xico","description":"Clavos Mustad ESL","robots":{"index":"index","follow":"follow","max-snippet":"max-snippet:-1","max-image-preview":"max-image-preview:large","max-video-preview":"max-video-preview:-1"},"canonical":"https:\/\/www.mustadlatam.com\/mx\/producto\/clavos-mustad-esl\/","og_locale":"es_MX","og_type":"article","og_title":"Clavos Mustad ESL - Mustad M\u00e9xico - Informaci\u00f3n, Educaci\u00f3n y Venta de Productos y Herramientas Profesionales para Herradores en M\u00e9xico","og_description":"Clavos Mustad ESL","og_url":"https:\/\/www.mustadlatam.com\/mx\/producto\/clavos-mustad-esl\/","og_site_name":"Mustad M\u00e9xico - Informaci\u00f3n, Educaci\u00f3n y Venta de Productos y Herramientas Profesionales para Herradores en M\u00e9xico","article_publisher":"https:\/\/www.facebook.com\/mustadlatam","article_modified_time":"2026-04-01T15:20:02+00:00","og_image":[{"width":1000,"height":1000,"url":"https:\/\/www.mustadlatam.com\/mx\/wp-content\/uploads\/9\/2025\/11\/Clavos-Mustad-ESL.png","type":"image\/png"}],"twitter_card":"summary_large_image","twitter_misc":{"Tiempo de lectura":"1 minuto"},"schema":{"@context":"https:\/\/schema.org","@graph":[{"@type":"WebPage","@id":"https:\/\/www.mustadlatam.com\/mx\/producto\/clavos-mustad-esl\/","url":"https:\/\/www.mustadlatam.com\/mx\/producto\/clavos-mustad-esl\/","name":"Clavos Mustad ESL - Mustad M\u00e9xico - Informaci\u00f3n, Educaci\u00f3n y Venta de Productos y Herramientas Profesionales para Herradores en M\u00e9xico","isPartOf":{"@id":"https:\/\/www.mustadlatam.com\/mx\/#website"},"primaryImageOfPage":{"@id":"https:\/\/www.mustadlatam.com\/mx\/producto\/clavos-mustad-esl\/#primaryimage"},"image":{"@id":"https:\/\/www.mustadlatam.com\/mx\/producto\/clavos-mustad-esl\/#primaryimage"},"thumbnailUrl":"https:\/\/www.mustadlatam.com\/mx\/wp-content\/uploads\/9\/2025\/11\/Clavos-Mustad-ESL.png","datePublished":"2025-11-10T15:04:18+00:00","dateModified":"2026-04-01T15:20:02+00:00","description":"Clavos Mustad ESL","breadcrumb":{"@id":"https:\/\/www.mustadlatam.com\/mx\/producto\/clavos-mustad-esl\/#breadcrumb"},"inLanguage":"es","potentialAction":[{"@type":"ReadAction","target":["https:\/\/www.mustadlatam.com\/mx\/producto\/clavos-mustad-esl\/"]}]},{"@type":"ImageObject","inLanguage":"es","@id":"https:\/\/www.mustadlatam.com\/mx\/producto\/clavos-mustad-esl\/#primaryimage","url":"https:\/\/www.mustadlatam.com\/mx\/wp-content\/uploads\/9\/2025\/11\/Clavos-Mustad-ESL.png","contentUrl":"https:\/\/www.mustadlatam.com\/mx\/wp-content\/uploads\/9\/2025\/11\/Clavos-Mustad-ESL.png","width":1000,"height":1000,"caption":"Clavos Mustad ESL"},{"@type":"BreadcrumbList","@id":"https:\/\/www.mustadlatam.com\/mx\/producto\/clavos-mustad-esl\/#breadcrumb","itemListElement":[{"@type":"ListItem","position":1,"name":"Inicio","item":"https:\/\/www.mustadlatam.com\/mx\/"},{"@type":"ListItem","position":2,"name":"Tienda Mustad M\u00e9xico | Herraduras, Clavos y Herramientas","item":"https:\/\/www.mustadlatam.com\/mx\/shop\/"},{"@type":"ListItem","position":3,"name":"Clavos Mustad ESL"}]},{"@type":"WebSite","@id":"https:\/\/www.mustadlatam.com\/mx\/#website","url":"https:\/\/www.mustadlatam.com\/mx\/","name":"Mustad M\u00e9xico - Informaci\u00f3n, Educaci\u00f3n y Venta de Productos y Herramientas Profesionales para Herradores en M\u00e9xico","description":"Herraduras, Escofinas, Clavos y Accesorios para Caballos","publisher":{"@id":"https:\/\/www.mustadlatam.com\/mx\/#organization"},"potentialAction":[{"@type":"SearchAction","target":{"@type":"EntryPoint","urlTemplate":"https:\/\/www.mustadlatam.com\/mx\/?s={search_term_string}"},"query-input":{"@type":"PropertyValueSpecification","valueRequired":true,"valueName":"search_term_string"}}],"inLanguage":"es"},{"@type":"Organization","@id":"https:\/\/www.mustadlatam.com\/mx\/#organization","name":"Mustad M\u00e9xico - Informaci\u00f3n, Educaci\u00f3n y Venta de Productos y Herramientas Profesionales para Herradores en M\u00e9xico","url":"https:\/\/www.mustadlatam.com\/mx\/","logo":{"@type":"ImageObject","inLanguage":"es","@id":"https:\/\/www.mustadlatam.com\/mx\/#\/schema\/logo\/image\/","url":"https:\/\/www.mustadlatam.com\/mx\/wp-content\/uploads\/9\/2025\/12\/cropped-LOGO-MUSTAD-Final.png","contentUrl":"https:\/\/www.mustadlatam.com\/mx\/wp-content\/uploads\/9\/2025\/12\/cropped-LOGO-MUSTAD-Final.png","width":500,"height":500,"caption":"Mustad M\u00e9xico - Informaci\u00f3n, Educaci\u00f3n y Venta de Productos y Herramientas Profesionales para Herradores en M\u00e9xico"},"image":{"@id":"https:\/\/www.mustadlatam.com\/mx\/#\/schema\/logo\/image\/"},"sameAs":["https:\/\/www.facebook.com\/mustadlatam","https:\/\/www.instagram.com\/mustadlatam\/"]}]}},"_links":{"self":[{"href":"https:\/\/www.mustadlatam.com\/mx\/wp-json\/wp\/v2\/product\/1557","targetHints":{"allow":["GET"]}}],"collection":[{"href":"https:\/\/www.mustadlatam.com\/mx\/wp-json\/wp\/v2\/product"}],"about":[{"href":"https:\/\/www.mustadlatam.com\/mx\/wp-json\/wp\/v2\/types\/product"}],"replies":[{"embeddable":true,"href":"https:\/\/www.mustadlatam.com\/mx\/wp-json\/wp\/v2\/comments?post=1557"}],"wp:featuredmedia":[{"embeddable":true,"href":"https:\/\/www.mustadlatam.com\/mx\/wp-json\/wp\/v2\/media\/1565"}],"wp:attachment":[{"href":"https:\/\/www.mustadlatam.com\/mx\/wp-json\/wp\/v2\/media?parent=1557"}],"wp:term":[{"taxonomy":"product_brand","embeddable":true,"href":"https:\/\/www.mustadlatam.com\/mx\/wp-json\/wp\/v2\/product_brand?post=1557"},{"taxonomy":"product_cat","embeddable":true,"href":"https:\/\/www.mustadlatam.com\/mx\/wp-json\/wp\/v2\/product_cat?post=1557"},{"taxonomy":"product_tag","embeddable":true,"href":"https:\/\/www.mustadlatam.com\/mx\/wp-json\/wp\/v2\/product_tag?post=1557"}],"curies":[{"name":"wp","href":"https:\/\/api.w.org\/{rel}","templated":true}]}}