{"id":5058,"date":"2026-04-07T19:02:53","date_gmt":"2026-04-08T00:02:53","guid":{"rendered":"https:\/\/www.mustadlatam.com\/mx\/?post_type=product&#038;p=5058"},"modified":"2026-04-16T10:07:58","modified_gmt":"2026-04-16T15:07:58","slug":"hoof-cushion-super-soft-a15","status":"publish","type":"product","link":"https:\/\/www.mustadlatam.com\/mx\/producto\/hoof-cushion-super-soft-a15\/","title":{"rendered":"Hoof Cushion Super Soft A15"},"content":{"rendered":"<p>Nuevo producto para protecci\u00f3n del casco, versi\u00f3n dureza media.<\/p>\n<p>Material de Impresi\u00f3n Hoof Cushion Comfortmix.<\/p>\n<ul>\n<li>Absorbe los impactos, crea soporte y protecci\u00f3n.<br \/>\n\u2022 Funciona bien en combinaci\u00f3n con insertos, herraduras ortop\u00e9dicas y plantillas.<br \/>\n\u2022 F\u00e1cil de usar y mezclar, moldeable a mano.<br \/>\n\u2022 Tres densidades diferentes, Super Soft (s\u00faper blando), Soft (blando) y Medium (medio).<br \/>\n\u2022 El producto no caduca.<\/li>\n<\/ul>\n<p>2 x 660 gr<\/p>\n<p>Color naranja<\/p>\n","protected":false},"excerpt":{"rendered":"<p>Nuevo producto para protecci\u00f3n del casco, versi\u00f3n dureza media. Material de Impresi\u00f3n Hoof Cushion Comfortmix. Absorbe los impactos, crea soporte y protecci\u00f3n. \u2022 Funciona bien en<span class=\"excerpt-hellip\"> [\u2026]<\/span><\/p>\n","protected":false},"featured_media":5059,"comment_status":"closed","ping_status":"closed","template":"","meta":[],"product_brand":[412],"product_cat":[694,693],"product_tag":[],"class_list":{"0":"post-5058","1":"product","2":"type-product","3":"status-publish","4":"has-post-thumbnail","6":"product_brand-mustad","7":"product_cat-comfortmix","8":"product_cat-productos-especiales","9":"pa_marca-mustad","10":"pa_productos-especiales-comfortmix","11":"pa_tipo-producto-producto-especial","13":"first","14":"instock","15":"shipping-taxable","16":"purchasable","17":"product-type-simple"},"yoast_head":"<!-- This site is optimized with the Yoast SEO plugin v26.9 - https:\/\/yoast.com\/product\/yoast-seo-wordpress\/ -->\n<title>Hoof Cushion Super Soft A15 - Mustad M\u00e9xico - Informaci\u00f3n, Educaci\u00f3n y Venta de Productos y Herramientas Profesionales para Herradores en M\u00e9xico<\/title>\n<meta name=\"robots\" content=\"index, follow, max-snippet:-1, max-image-preview:large, max-video-preview:-1\" \/>\n<link rel=\"canonical\" href=\"https:\/\/www.mustadlatam.com\/mx\/producto\/hoof-cushion-super-soft-a15\/\" \/>\n<meta property=\"og:locale\" content=\"es_MX\" \/>\n<meta property=\"og:type\" content=\"article\" \/>\n<meta property=\"og:title\" content=\"Hoof Cushion Super Soft A15 - Mustad M\u00e9xico - Informaci\u00f3n, Educaci\u00f3n y Venta de Productos y Herramientas Profesionales para Herradores en M\u00e9xico\" \/>\n<meta property=\"og:description\" content=\"Nuevo producto para protecci\u00f3n del casco, versi\u00f3n dureza media. Material de Impresi\u00f3n Hoof Cushion Comfortmix. Absorbe los impactos, crea soporte y protecci\u00f3n. \u2022 Funciona bien en [\u2026]\" \/>\n<meta property=\"og:url\" content=\"https:\/\/www.mustadlatam.com\/mx\/producto\/hoof-cushion-super-soft-a15\/\" \/>\n<meta property=\"og:site_name\" content=\"Mustad M\u00e9xico - Informaci\u00f3n, Educaci\u00f3n y Venta de Productos y Herramientas Profesionales para Herradores en M\u00e9xico\" \/>\n<meta property=\"article:modified_time\" content=\"2026-04-16T15:07:58+00:00\" \/>\n<meta property=\"og:image\" content=\"https:\/\/www.mustadlatam.com\/mx\/wp-content\/uploads\/9\/2026\/04\/HoofCushionOrangewebp.webp\" \/>\n\t<meta property=\"og:image:width\" content=\"700\" \/>\n\t<meta property=\"og:image:height\" content=\"340\" \/>\n\t<meta property=\"og:image:type\" content=\"image\/webp\" \/>\n<meta name=\"twitter:card\" content=\"summary_large_image\" \/>\n<meta name=\"twitter:label1\" content=\"Tiempo de lectura\" \/>\n\t<meta name=\"twitter:data1\" content=\"1 minuto\" \/>\n<script type=\"application\/ld+json\" class=\"yoast-schema-graph\">{\"@context\":\"https:\/\/schema.org\",\"@graph\":[{\"@type\":\"WebPage\",\"@id\":\"https:\/\/www.mustadlatam.com\/mx\/producto\/hoof-cushion-super-soft-a15\/\",\"url\":\"https:\/\/www.mustadlatam.com\/mx\/producto\/hoof-cushion-super-soft-a15\/\",\"name\":\"Hoof Cushion Super Soft A15 - Mustad M\u00e9xico - Informaci\u00f3n, Educaci\u00f3n y Venta de Productos y Herramientas Profesionales para Herradores en M\u00e9xico\",\"isPartOf\":{\"@id\":\"https:\/\/www.mustadlatam.com\/mx\/#website\"},\"primaryImageOfPage\":{\"@id\":\"https:\/\/www.mustadlatam.com\/mx\/producto\/hoof-cushion-super-soft-a15\/#primaryimage\"},\"image\":{\"@id\":\"https:\/\/www.mustadlatam.com\/mx\/producto\/hoof-cushion-super-soft-a15\/#primaryimage\"},\"thumbnailUrl\":\"https:\/\/www.mustadlatam.com\/mx\/wp-content\/uploads\/9\/2026\/04\/HoofCushionOrangewebp.webp\",\"datePublished\":\"2026-04-08T00:02:53+00:00\",\"dateModified\":\"2026-04-16T15:07:58+00:00\",\"breadcrumb\":{\"@id\":\"https:\/\/www.mustadlatam.com\/mx\/producto\/hoof-cushion-super-soft-a15\/#breadcrumb\"},\"inLanguage\":\"es\",\"potentialAction\":[{\"@type\":\"ReadAction\",\"target\":[\"https:\/\/www.mustadlatam.com\/mx\/producto\/hoof-cushion-super-soft-a15\/\"]}]},{\"@type\":\"ImageObject\",\"inLanguage\":\"es\",\"@id\":\"https:\/\/www.mustadlatam.com\/mx\/producto\/hoof-cushion-super-soft-a15\/#primaryimage\",\"url\":\"https:\/\/www.mustadlatam.com\/mx\/wp-content\/uploads\/9\/2026\/04\/HoofCushionOrangewebp.webp\",\"contentUrl\":\"https:\/\/www.mustadlatam.com\/mx\/wp-content\/uploads\/9\/2026\/04\/HoofCushionOrangewebp.webp\",\"width\":700,\"height\":340},{\"@type\":\"BreadcrumbList\",\"@id\":\"https:\/\/www.mustadlatam.com\/mx\/producto\/hoof-cushion-super-soft-a15\/#breadcrumb\",\"itemListElement\":[{\"@type\":\"ListItem\",\"position\":1,\"name\":\"Inicio\",\"item\":\"https:\/\/www.mustadlatam.com\/mx\/\"},{\"@type\":\"ListItem\",\"position\":2,\"name\":\"Tienda Mustad M\u00e9xico | Herraduras, Clavos y Herramientas\",\"item\":\"https:\/\/www.mustadlatam.com\/mx\/shop\/\"},{\"@type\":\"ListItem\",\"position\":3,\"name\":\"Hoof Cushion Super Soft A15\"}]},{\"@type\":\"WebSite\",\"@id\":\"https:\/\/www.mustadlatam.com\/mx\/#website\",\"url\":\"https:\/\/www.mustadlatam.com\/mx\/\",\"name\":\"Mustad M\u00e9xico - Informaci\u00f3n, Educaci\u00f3n y Venta de Productos y Herramientas Profesionales para Herradores en M\u00e9xico\",\"description\":\"Herraduras, Escofinas, Clavos y Accesorios para Caballos\",\"publisher\":{\"@id\":\"https:\/\/www.mustadlatam.com\/mx\/#organization\"},\"potentialAction\":[{\"@type\":\"SearchAction\",\"target\":{\"@type\":\"EntryPoint\",\"urlTemplate\":\"https:\/\/www.mustadlatam.com\/mx\/?s={search_term_string}\"},\"query-input\":{\"@type\":\"PropertyValueSpecification\",\"valueRequired\":true,\"valueName\":\"search_term_string\"}}],\"inLanguage\":\"es\"},{\"@type\":\"Organization\",\"@id\":\"https:\/\/www.mustadlatam.com\/mx\/#organization\",\"name\":\"Mustad M\u00e9xico - Informaci\u00f3n, Educaci\u00f3n y Venta de Productos y Herramientas Profesionales para Herradores en M\u00e9xico\",\"url\":\"https:\/\/www.mustadlatam.com\/mx\/\",\"logo\":{\"@type\":\"ImageObject\",\"inLanguage\":\"es\",\"@id\":\"https:\/\/www.mustadlatam.com\/mx\/#\/schema\/logo\/image\/\",\"url\":\"https:\/\/www.mustadlatam.com\/mx\/wp-content\/uploads\/9\/2025\/12\/cropped-LOGO-MUSTAD-Final.png\",\"contentUrl\":\"https:\/\/www.mustadlatam.com\/mx\/wp-content\/uploads\/9\/2025\/12\/cropped-LOGO-MUSTAD-Final.png\",\"width\":500,\"height\":500,\"caption\":\"Mustad M\u00e9xico - Informaci\u00f3n, Educaci\u00f3n y Venta de Productos y Herramientas Profesionales para Herradores en M\u00e9xico\"},\"image\":{\"@id\":\"https:\/\/www.mustadlatam.com\/mx\/#\/schema\/logo\/image\/\"}}]}<\/script>\n<!-- \/ Yoast SEO plugin. -->","yoast_head_json":{"title":"Hoof Cushion Super Soft A15 - Mustad M\u00e9xico - Informaci\u00f3n, Educaci\u00f3n y Venta de Productos y Herramientas Profesionales para Herradores en M\u00e9xico","robots":{"index":"index","follow":"follow","max-snippet":"max-snippet:-1","max-image-preview":"max-image-preview:large","max-video-preview":"max-video-preview:-1"},"canonical":"https:\/\/www.mustadlatam.com\/mx\/producto\/hoof-cushion-super-soft-a15\/","og_locale":"es_MX","og_type":"article","og_title":"Hoof Cushion Super Soft A15 - Mustad M\u00e9xico - Informaci\u00f3n, Educaci\u00f3n y Venta de Productos y Herramientas Profesionales para Herradores en M\u00e9xico","og_description":"Nuevo producto para protecci\u00f3n del casco, versi\u00f3n dureza media. Material de Impresi\u00f3n Hoof Cushion Comfortmix. Absorbe los impactos, crea soporte y protecci\u00f3n. \u2022 Funciona bien en [\u2026]","og_url":"https:\/\/www.mustadlatam.com\/mx\/producto\/hoof-cushion-super-soft-a15\/","og_site_name":"Mustad M\u00e9xico - Informaci\u00f3n, Educaci\u00f3n y Venta de Productos y Herramientas Profesionales para Herradores en M\u00e9xico","article_modified_time":"2026-04-16T15:07:58+00:00","og_image":[{"width":700,"height":340,"url":"https:\/\/www.mustadlatam.com\/mx\/wp-content\/uploads\/9\/2026\/04\/HoofCushionOrangewebp.webp","type":"image\/webp"}],"twitter_card":"summary_large_image","twitter_misc":{"Tiempo de lectura":"1 minuto"},"schema":{"@context":"https:\/\/schema.org","@graph":[{"@type":"WebPage","@id":"https:\/\/www.mustadlatam.com\/mx\/producto\/hoof-cushion-super-soft-a15\/","url":"https:\/\/www.mustadlatam.com\/mx\/producto\/hoof-cushion-super-soft-a15\/","name":"Hoof Cushion Super Soft A15 - Mustad M\u00e9xico - Informaci\u00f3n, Educaci\u00f3n y Venta de Productos y Herramientas Profesionales para Herradores en M\u00e9xico","isPartOf":{"@id":"https:\/\/www.mustadlatam.com\/mx\/#website"},"primaryImageOfPage":{"@id":"https:\/\/www.mustadlatam.com\/mx\/producto\/hoof-cushion-super-soft-a15\/#primaryimage"},"image":{"@id":"https:\/\/www.mustadlatam.com\/mx\/producto\/hoof-cushion-super-soft-a15\/#primaryimage"},"thumbnailUrl":"https:\/\/www.mustadlatam.com\/mx\/wp-content\/uploads\/9\/2026\/04\/HoofCushionOrangewebp.webp","datePublished":"2026-04-08T00:02:53+00:00","dateModified":"2026-04-16T15:07:58+00:00","breadcrumb":{"@id":"https:\/\/www.mustadlatam.com\/mx\/producto\/hoof-cushion-super-soft-a15\/#breadcrumb"},"inLanguage":"es","potentialAction":[{"@type":"ReadAction","target":["https:\/\/www.mustadlatam.com\/mx\/producto\/hoof-cushion-super-soft-a15\/"]}]},{"@type":"ImageObject","inLanguage":"es","@id":"https:\/\/www.mustadlatam.com\/mx\/producto\/hoof-cushion-super-soft-a15\/#primaryimage","url":"https:\/\/www.mustadlatam.com\/mx\/wp-content\/uploads\/9\/2026\/04\/HoofCushionOrangewebp.webp","contentUrl":"https:\/\/www.mustadlatam.com\/mx\/wp-content\/uploads\/9\/2026\/04\/HoofCushionOrangewebp.webp","width":700,"height":340},{"@type":"BreadcrumbList","@id":"https:\/\/www.mustadlatam.com\/mx\/producto\/hoof-cushion-super-soft-a15\/#breadcrumb","itemListElement":[{"@type":"ListItem","position":1,"name":"Inicio","item":"https:\/\/www.mustadlatam.com\/mx\/"},{"@type":"ListItem","position":2,"name":"Tienda Mustad M\u00e9xico | Herraduras, Clavos y Herramientas","item":"https:\/\/www.mustadlatam.com\/mx\/shop\/"},{"@type":"ListItem","position":3,"name":"Hoof Cushion Super Soft A15"}]},{"@type":"WebSite","@id":"https:\/\/www.mustadlatam.com\/mx\/#website","url":"https:\/\/www.mustadlatam.com\/mx\/","name":"Mustad M\u00e9xico - Informaci\u00f3n, Educaci\u00f3n y Venta de Productos y Herramientas Profesionales para Herradores en M\u00e9xico","description":"Herraduras, Escofinas, Clavos y Accesorios para Caballos","publisher":{"@id":"https:\/\/www.mustadlatam.com\/mx\/#organization"},"potentialAction":[{"@type":"SearchAction","target":{"@type":"EntryPoint","urlTemplate":"https:\/\/www.mustadlatam.com\/mx\/?s={search_term_string}"},"query-input":{"@type":"PropertyValueSpecification","valueRequired":true,"valueName":"search_term_string"}}],"inLanguage":"es"},{"@type":"Organization","@id":"https:\/\/www.mustadlatam.com\/mx\/#organization","name":"Mustad M\u00e9xico - Informaci\u00f3n, Educaci\u00f3n y Venta de Productos y Herramientas Profesionales para Herradores en M\u00e9xico","url":"https:\/\/www.mustadlatam.com\/mx\/","logo":{"@type":"ImageObject","inLanguage":"es","@id":"https:\/\/www.mustadlatam.com\/mx\/#\/schema\/logo\/image\/","url":"https:\/\/www.mustadlatam.com\/mx\/wp-content\/uploads\/9\/2025\/12\/cropped-LOGO-MUSTAD-Final.png","contentUrl":"https:\/\/www.mustadlatam.com\/mx\/wp-content\/uploads\/9\/2025\/12\/cropped-LOGO-MUSTAD-Final.png","width":500,"height":500,"caption":"Mustad M\u00e9xico - Informaci\u00f3n, Educaci\u00f3n y Venta de Productos y Herramientas Profesionales para Herradores en M\u00e9xico"},"image":{"@id":"https:\/\/www.mustadlatam.com\/mx\/#\/schema\/logo\/image\/"}}]}},"_links":{"self":[{"href":"https:\/\/www.mustadlatam.com\/mx\/wp-json\/wp\/v2\/product\/5058","targetHints":{"allow":["GET"]}}],"collection":[{"href":"https:\/\/www.mustadlatam.com\/mx\/wp-json\/wp\/v2\/product"}],"about":[{"href":"https:\/\/www.mustadlatam.com\/mx\/wp-json\/wp\/v2\/types\/product"}],"replies":[{"embeddable":true,"href":"https:\/\/www.mustadlatam.com\/mx\/wp-json\/wp\/v2\/comments?post=5058"}],"wp:featuredmedia":[{"embeddable":true,"href":"https:\/\/www.mustadlatam.com\/mx\/wp-json\/wp\/v2\/media\/5059"}],"wp:attachment":[{"href":"https:\/\/www.mustadlatam.com\/mx\/wp-json\/wp\/v2\/media?parent=5058"}],"wp:term":[{"taxonomy":"product_brand","embeddable":true,"href":"https:\/\/www.mustadlatam.com\/mx\/wp-json\/wp\/v2\/product_brand?post=5058"},{"taxonomy":"product_cat","embeddable":true,"href":"https:\/\/www.mustadlatam.com\/mx\/wp-json\/wp\/v2\/product_cat?post=5058"},{"taxonomy":"product_tag","embeddable":true,"href":"https:\/\/www.mustadlatam.com\/mx\/wp-json\/wp\/v2\/product_tag?post=5058"}],"curies":[{"name":"wp","href":"https:\/\/api.w.org\/{rel}","templated":true}]}}