{"id":5069,"date":"2026-04-17T13:10:15","date_gmt":"2026-04-17T18:10:15","guid":{"rendered":"https:\/\/www.mustadlatam.com\/mx\/?post_type=product&#038;p=5069"},"modified":"2026-04-17T13:43:48","modified_gmt":"2026-04-17T18:43:48","slug":"clavo-mustad-slider-45","status":"publish","type":"product","link":"https:\/\/www.mustadlatam.com\/mx\/producto\/clavo-mustad-slider-45\/","title":{"rendered":"Clavo Mustad Slider 4.5 \u2013 m\u00e1ximo deslizamiento para cala y reining"},"content":{"rendered":"","protected":false},"excerpt":{"rendered":"<p>El <strong data-start=\"1070\" data-end=\"1091\">Mustad Slider 4.5<\/strong> es un clavo especializado para <strong data-start=\"1123\" data-end=\"1154\">herraduras de deslizamiento<\/strong> en <strong data-start=\"1158\" data-end=\"1169\">reining<\/strong> y <strong data-start=\"1172\" data-end=\"1180\">cala<\/strong>, con <strong data-start=\"1186\" data-end=\"1202\">cabeza plana<\/strong> que queda al ras de la sliding plate para mejorar el deslizamiento, reducir el limado posterior y optimizar el tiempo de trabajo del herrador.<\/p>\n","protected":false},"featured_media":5073,"comment_status":"open","ping_status":"closed","template":"","meta":[],"product_brand":[412],"product_cat":[154,24],"product_tag":[988,984,986,985,987,989],"class_list":{"0":"post-5069","1":"product","2":"type-product","3":"status-publish","4":"has-post-thumbnail","6":"product_brand-mustad","7":"product_cat-clavos-de-herrar-mustad","8":"product_cat-clavos-de-herrar","9":"product_tag-clavo-cabeza-plana","10":"product_tag-clavo-mustad-slider-4-5","11":"product_tag-clavo-para-cala","12":"product_tag-clavo-para-reining","13":"product_tag-clavo-para-sliding-plates","14":"product_tag-clavos-de-herrar-mustad","15":"pa_disciplina-competicion","16":"pa_disciplina-eventing","17":"pa_disciplina-reining","18":"pa_marca-mustad","19":"pa_material-aluminio","20":"pa_tipo-producto-clavo","22":"first","23":"instock","24":"shipping-taxable","25":"purchasable","26":"product-type-simple"},"yoast_head":"<!-- This site is optimized with the Yoast SEO plugin v26.9 - https:\/\/yoast.com\/product\/yoast-seo-wordpress\/ -->\n<title>Clavo Mustad Slider 4.5 para reining y cala - Mustad M\u00e9xico - Informaci\u00f3n, Educaci\u00f3n y Venta de Productos y Herramientas Profesionales para Herradores en M\u00e9xico<\/title>\n<meta name=\"description\" content=\"Clavo Mustad Slider 4.5 con cabeza plana para sliding plates de reining y cala. Mejora el deslizamiento, reduce el limado y optimiza el herraje. Caja x250.\" \/>\n<meta name=\"robots\" content=\"index, follow, max-snippet:-1, max-image-preview:large, max-video-preview:-1\" \/>\n<link rel=\"canonical\" href=\"https:\/\/www.mustadlatam.com\/mx\/producto\/clavo-mustad-slider-45\/\" \/>\n<meta property=\"og:locale\" content=\"es_MX\" \/>\n<meta property=\"og:type\" content=\"article\" \/>\n<meta property=\"og:title\" content=\"Clavo Mustad Slider 4.5 para reining y cala - Mustad M\u00e9xico - Informaci\u00f3n, Educaci\u00f3n y Venta de Productos y Herramientas Profesionales para Herradores en M\u00e9xico\" \/>\n<meta property=\"og:description\" content=\"Clavo Mustad Slider 4.5 con cabeza plana para sliding plates de reining y cala. Mejora el deslizamiento, reduce el limado y optimiza el herraje. Caja x250.\" \/>\n<meta property=\"og:url\" content=\"https:\/\/www.mustadlatam.com\/mx\/producto\/clavo-mustad-slider-45\/\" \/>\n<meta property=\"og:site_name\" content=\"Mustad M\u00e9xico - Informaci\u00f3n, Educaci\u00f3n y Venta de Productos y Herramientas Profesionales para Herradores en M\u00e9xico\" \/>\n<meta property=\"article:modified_time\" content=\"2026-04-17T18:43:48+00:00\" \/>\n<meta property=\"og:image\" content=\"https:\/\/www.mustadlatam.com\/mx\/wp-content\/uploads\/9\/2026\/04\/Clavo-Mustad-Slider-4.5-caja.webp\" \/>\n\t<meta property=\"og:image:width\" content=\"458\" \/>\n\t<meta property=\"og:image:height\" content=\"514\" \/>\n\t<meta property=\"og:image:type\" content=\"image\/webp\" \/>\n<meta name=\"twitter:card\" content=\"summary_large_image\" \/>\n<meta name=\"twitter:label1\" content=\"Tiempo de lectura\" \/>\n\t<meta name=\"twitter:data1\" content=\"1 minuto\" \/>\n<script type=\"application\/ld+json\" class=\"yoast-schema-graph\">{\"@context\":\"https:\/\/schema.org\",\"@graph\":[{\"@type\":\"WebPage\",\"@id\":\"https:\/\/www.mustadlatam.com\/mx\/producto\/clavo-mustad-slider-45\/\",\"url\":\"https:\/\/www.mustadlatam.com\/mx\/producto\/clavo-mustad-slider-45\/\",\"name\":\"Clavo Mustad Slider 4.5 para reining y cala - Mustad M\u00e9xico - Informaci\u00f3n, Educaci\u00f3n y Venta de Productos y Herramientas Profesionales para Herradores en M\u00e9xico\",\"isPartOf\":{\"@id\":\"https:\/\/www.mustadlatam.com\/mx\/#website\"},\"primaryImageOfPage\":{\"@id\":\"https:\/\/www.mustadlatam.com\/mx\/producto\/clavo-mustad-slider-45\/#primaryimage\"},\"image\":{\"@id\":\"https:\/\/www.mustadlatam.com\/mx\/producto\/clavo-mustad-slider-45\/#primaryimage\"},\"thumbnailUrl\":\"https:\/\/www.mustadlatam.com\/mx\/wp-content\/uploads\/9\/2026\/04\/Clavo-Mustad-Slider-4.5-caja.webp\",\"datePublished\":\"2026-04-17T18:10:15+00:00\",\"dateModified\":\"2026-04-17T18:43:48+00:00\",\"description\":\"Clavo Mustad Slider 4.5 con cabeza plana para sliding plates de reining y cala. Mejora el deslizamiento, reduce el limado y optimiza el herraje. Caja x250.\",\"breadcrumb\":{\"@id\":\"https:\/\/www.mustadlatam.com\/mx\/producto\/clavo-mustad-slider-45\/#breadcrumb\"},\"inLanguage\":\"es\",\"potentialAction\":[{\"@type\":\"ReadAction\",\"target\":[\"https:\/\/www.mustadlatam.com\/mx\/producto\/clavo-mustad-slider-45\/\"]}]},{\"@type\":\"ImageObject\",\"inLanguage\":\"es\",\"@id\":\"https:\/\/www.mustadlatam.com\/mx\/producto\/clavo-mustad-slider-45\/#primaryimage\",\"url\":\"https:\/\/www.mustadlatam.com\/mx\/wp-content\/uploads\/9\/2026\/04\/Clavo-Mustad-Slider-4.5-caja.webp\",\"contentUrl\":\"https:\/\/www.mustadlatam.com\/mx\/wp-content\/uploads\/9\/2026\/04\/Clavo-Mustad-Slider-4.5-caja.webp\",\"width\":458,\"height\":514,\"caption\":\"Clavo Mustad Slider 4.5 caja\"},{\"@type\":\"BreadcrumbList\",\"@id\":\"https:\/\/www.mustadlatam.com\/mx\/producto\/clavo-mustad-slider-45\/#breadcrumb\",\"itemListElement\":[{\"@type\":\"ListItem\",\"position\":1,\"name\":\"Inicio\",\"item\":\"https:\/\/www.mustadlatam.com\/mx\/\"},{\"@type\":\"ListItem\",\"position\":2,\"name\":\"Tienda Mustad M\u00e9xico | Herraduras, Clavos y Herramientas\",\"item\":\"https:\/\/www.mustadlatam.com\/mx\/shop\/\"},{\"@type\":\"ListItem\",\"position\":3,\"name\":\"Clavo Mustad Slider 4.5 \u2013 m\u00e1ximo deslizamiento para cala y reining\"}]},{\"@type\":\"WebSite\",\"@id\":\"https:\/\/www.mustadlatam.com\/mx\/#website\",\"url\":\"https:\/\/www.mustadlatam.com\/mx\/\",\"name\":\"Mustad M\u00e9xico - Informaci\u00f3n, Educaci\u00f3n y Venta de Productos y Herramientas Profesionales para Herradores en M\u00e9xico\",\"description\":\"Herraduras, Escofinas, Clavos y Accesorios para Caballos\",\"publisher\":{\"@id\":\"https:\/\/www.mustadlatam.com\/mx\/#organization\"},\"potentialAction\":[{\"@type\":\"SearchAction\",\"target\":{\"@type\":\"EntryPoint\",\"urlTemplate\":\"https:\/\/www.mustadlatam.com\/mx\/?s={search_term_string}\"},\"query-input\":{\"@type\":\"PropertyValueSpecification\",\"valueRequired\":true,\"valueName\":\"search_term_string\"}}],\"inLanguage\":\"es\"},{\"@type\":\"Organization\",\"@id\":\"https:\/\/www.mustadlatam.com\/mx\/#organization\",\"name\":\"Mustad M\u00e9xico - Informaci\u00f3n, Educaci\u00f3n y Venta de Productos y Herramientas Profesionales para Herradores en M\u00e9xico\",\"url\":\"https:\/\/www.mustadlatam.com\/mx\/\",\"logo\":{\"@type\":\"ImageObject\",\"inLanguage\":\"es\",\"@id\":\"https:\/\/www.mustadlatam.com\/mx\/#\/schema\/logo\/image\/\",\"url\":\"https:\/\/www.mustadlatam.com\/mx\/wp-content\/uploads\/9\/2025\/12\/cropped-LOGO-MUSTAD-Final.png\",\"contentUrl\":\"https:\/\/www.mustadlatam.com\/mx\/wp-content\/uploads\/9\/2025\/12\/cropped-LOGO-MUSTAD-Final.png\",\"width\":500,\"height\":500,\"caption\":\"Mustad M\u00e9xico - Informaci\u00f3n, Educaci\u00f3n y Venta de Productos y Herramientas Profesionales para Herradores en M\u00e9xico\"},\"image\":{\"@id\":\"https:\/\/www.mustadlatam.com\/mx\/#\/schema\/logo\/image\/\"}}]}<\/script>\n<!-- \/ Yoast SEO plugin. -->","yoast_head_json":{"title":"Clavo Mustad Slider 4.5 para reining y cala - Mustad M\u00e9xico - Informaci\u00f3n, Educaci\u00f3n y Venta de Productos y Herramientas Profesionales para Herradores en M\u00e9xico","description":"Clavo Mustad Slider 4.5 con cabeza plana para sliding plates de reining y cala. Mejora el deslizamiento, reduce el limado y optimiza el herraje. Caja x250.","robots":{"index":"index","follow":"follow","max-snippet":"max-snippet:-1","max-image-preview":"max-image-preview:large","max-video-preview":"max-video-preview:-1"},"canonical":"https:\/\/www.mustadlatam.com\/mx\/producto\/clavo-mustad-slider-45\/","og_locale":"es_MX","og_type":"article","og_title":"Clavo Mustad Slider 4.5 para reining y cala - Mustad M\u00e9xico - Informaci\u00f3n, Educaci\u00f3n y Venta de Productos y Herramientas Profesionales para Herradores en M\u00e9xico","og_description":"Clavo Mustad Slider 4.5 con cabeza plana para sliding plates de reining y cala. Mejora el deslizamiento, reduce el limado y optimiza el herraje. Caja x250.","og_url":"https:\/\/www.mustadlatam.com\/mx\/producto\/clavo-mustad-slider-45\/","og_site_name":"Mustad M\u00e9xico - Informaci\u00f3n, Educaci\u00f3n y Venta de Productos y Herramientas Profesionales para Herradores en M\u00e9xico","article_modified_time":"2026-04-17T18:43:48+00:00","og_image":[{"width":458,"height":514,"url":"https:\/\/www.mustadlatam.com\/mx\/wp-content\/uploads\/9\/2026\/04\/Clavo-Mustad-Slider-4.5-caja.webp","type":"image\/webp"}],"twitter_card":"summary_large_image","twitter_misc":{"Tiempo de lectura":"1 minuto"},"schema":{"@context":"https:\/\/schema.org","@graph":[{"@type":"WebPage","@id":"https:\/\/www.mustadlatam.com\/mx\/producto\/clavo-mustad-slider-45\/","url":"https:\/\/www.mustadlatam.com\/mx\/producto\/clavo-mustad-slider-45\/","name":"Clavo Mustad Slider 4.5 para reining y cala - Mustad M\u00e9xico - Informaci\u00f3n, Educaci\u00f3n y Venta de Productos y Herramientas Profesionales para Herradores en M\u00e9xico","isPartOf":{"@id":"https:\/\/www.mustadlatam.com\/mx\/#website"},"primaryImageOfPage":{"@id":"https:\/\/www.mustadlatam.com\/mx\/producto\/clavo-mustad-slider-45\/#primaryimage"},"image":{"@id":"https:\/\/www.mustadlatam.com\/mx\/producto\/clavo-mustad-slider-45\/#primaryimage"},"thumbnailUrl":"https:\/\/www.mustadlatam.com\/mx\/wp-content\/uploads\/9\/2026\/04\/Clavo-Mustad-Slider-4.5-caja.webp","datePublished":"2026-04-17T18:10:15+00:00","dateModified":"2026-04-17T18:43:48+00:00","description":"Clavo Mustad Slider 4.5 con cabeza plana para sliding plates de reining y cala. Mejora el deslizamiento, reduce el limado y optimiza el herraje. Caja x250.","breadcrumb":{"@id":"https:\/\/www.mustadlatam.com\/mx\/producto\/clavo-mustad-slider-45\/#breadcrumb"},"inLanguage":"es","potentialAction":[{"@type":"ReadAction","target":["https:\/\/www.mustadlatam.com\/mx\/producto\/clavo-mustad-slider-45\/"]}]},{"@type":"ImageObject","inLanguage":"es","@id":"https:\/\/www.mustadlatam.com\/mx\/producto\/clavo-mustad-slider-45\/#primaryimage","url":"https:\/\/www.mustadlatam.com\/mx\/wp-content\/uploads\/9\/2026\/04\/Clavo-Mustad-Slider-4.5-caja.webp","contentUrl":"https:\/\/www.mustadlatam.com\/mx\/wp-content\/uploads\/9\/2026\/04\/Clavo-Mustad-Slider-4.5-caja.webp","width":458,"height":514,"caption":"Clavo Mustad Slider 4.5 caja"},{"@type":"BreadcrumbList","@id":"https:\/\/www.mustadlatam.com\/mx\/producto\/clavo-mustad-slider-45\/#breadcrumb","itemListElement":[{"@type":"ListItem","position":1,"name":"Inicio","item":"https:\/\/www.mustadlatam.com\/mx\/"},{"@type":"ListItem","position":2,"name":"Tienda Mustad M\u00e9xico | Herraduras, Clavos y Herramientas","item":"https:\/\/www.mustadlatam.com\/mx\/shop\/"},{"@type":"ListItem","position":3,"name":"Clavo Mustad Slider 4.5 \u2013 m\u00e1ximo deslizamiento para cala y reining"}]},{"@type":"WebSite","@id":"https:\/\/www.mustadlatam.com\/mx\/#website","url":"https:\/\/www.mustadlatam.com\/mx\/","name":"Mustad M\u00e9xico - Informaci\u00f3n, Educaci\u00f3n y Venta de Productos y Herramientas Profesionales para Herradores en M\u00e9xico","description":"Herraduras, Escofinas, Clavos y Accesorios para Caballos","publisher":{"@id":"https:\/\/www.mustadlatam.com\/mx\/#organization"},"potentialAction":[{"@type":"SearchAction","target":{"@type":"EntryPoint","urlTemplate":"https:\/\/www.mustadlatam.com\/mx\/?s={search_term_string}"},"query-input":{"@type":"PropertyValueSpecification","valueRequired":true,"valueName":"search_term_string"}}],"inLanguage":"es"},{"@type":"Organization","@id":"https:\/\/www.mustadlatam.com\/mx\/#organization","name":"Mustad M\u00e9xico - Informaci\u00f3n, Educaci\u00f3n y Venta de Productos y Herramientas Profesionales para Herradores en M\u00e9xico","url":"https:\/\/www.mustadlatam.com\/mx\/","logo":{"@type":"ImageObject","inLanguage":"es","@id":"https:\/\/www.mustadlatam.com\/mx\/#\/schema\/logo\/image\/","url":"https:\/\/www.mustadlatam.com\/mx\/wp-content\/uploads\/9\/2025\/12\/cropped-LOGO-MUSTAD-Final.png","contentUrl":"https:\/\/www.mustadlatam.com\/mx\/wp-content\/uploads\/9\/2025\/12\/cropped-LOGO-MUSTAD-Final.png","width":500,"height":500,"caption":"Mustad M\u00e9xico - Informaci\u00f3n, Educaci\u00f3n y Venta de Productos y Herramientas Profesionales para Herradores en M\u00e9xico"},"image":{"@id":"https:\/\/www.mustadlatam.com\/mx\/#\/schema\/logo\/image\/"}}]}},"_links":{"self":[{"href":"https:\/\/www.mustadlatam.com\/mx\/wp-json\/wp\/v2\/product\/5069","targetHints":{"allow":["GET"]}}],"collection":[{"href":"https:\/\/www.mustadlatam.com\/mx\/wp-json\/wp\/v2\/product"}],"about":[{"href":"https:\/\/www.mustadlatam.com\/mx\/wp-json\/wp\/v2\/types\/product"}],"replies":[{"embeddable":true,"href":"https:\/\/www.mustadlatam.com\/mx\/wp-json\/wp\/v2\/comments?post=5069"}],"wp:featuredmedia":[{"embeddable":true,"href":"https:\/\/www.mustadlatam.com\/mx\/wp-json\/wp\/v2\/media\/5073"}],"wp:attachment":[{"href":"https:\/\/www.mustadlatam.com\/mx\/wp-json\/wp\/v2\/media?parent=5069"}],"wp:term":[{"taxonomy":"product_brand","embeddable":true,"href":"https:\/\/www.mustadlatam.com\/mx\/wp-json\/wp\/v2\/product_brand?post=5069"},{"taxonomy":"product_cat","embeddable":true,"href":"https:\/\/www.mustadlatam.com\/mx\/wp-json\/wp\/v2\/product_cat?post=5069"},{"taxonomy":"product_tag","embeddable":true,"href":"https:\/\/www.mustadlatam.com\/mx\/wp-json\/wp\/v2\/product_tag?post=5069"}],"curies":[{"name":"wp","href":"https:\/\/api.w.org\/{rel}","templated":true}]}}