{"id":729,"date":"2025-10-08T06:45:26","date_gmt":"2025-10-08T11:45:26","guid":{"rendered":"https:\/\/mediplushub.com\/mx\/?post_type=product&#038;p=729"},"modified":"2025-11-07T12:45:13","modified_gmt":"2025-11-07T17:45:13","slug":"legra-gdm-hoja-recta","status":"publish","type":"product","link":"https:\/\/www.mustadlatam.com\/mx\/producto\/legra-gdm-hoja-recta\/","title":{"rendered":"Legra GDM hoja recta \u2013 corte preciso y apalancamiento ergon\u00f3mico"},"content":{"rendered":"","protected":false},"excerpt":{"rendered":"<p>Legra GDM con hoja recta y mango ergon\u00f3mico para maximizar apalancamiento y eficiencia de corte. El pico al extremo facilita limpiar la ranilla y ayuda a prolongar el filo.<\/p>\n<p><span dir=\"auto\">Disponible para diestros y zurdos. <\/span><\/p>\n","protected":false},"featured_media":730,"comment_status":"open","ping_status":"closed","template":"","meta":[],"product_brand":[304],"product_cat":[406,25],"product_tag":[409,410,408,407,411],"class_list":{"0":"post-729","1":"product","2":"type-product","3":"status-publish","4":"has-post-thumbnail","6":"product_brand-gdm","7":"product_cat-gubias","8":"product_cat-herramientas","9":"product_tag-cuchillo-casco-derecho","10":"product_tag-gubia-con-pico-hoof-pick","11":"product_tag-gubia-curva-para-herrador","12":"product_tag-gubia-derecha-gdm","13":"product_tag-gubia-para-ranilla","14":"pa_lado-derecha","15":"pa_lado-izquierda","16":"pa_marca-gdm","17":"pa_material-acero","18":"pa_tipo-producto-herramienta","20":"first","21":"instock","22":"shipping-taxable","23":"purchasable","24":"product-type-variable"},"yoast_head":"<!-- This site is optimized with the Yoast SEO plugin v27.4 - https:\/\/yoast.com\/product\/yoast-seo-wordpress\/ -->\n<title>Legra GDM (Hoja Recta) - Mustad M\u00e9xico - Informaci\u00f3n, Educaci\u00f3n y Venta de Productos y Herramientas Profesionales para Herradores en M\u00e9xico<\/title>\n<meta name=\"description\" content=\"Legra GDM con hoja curva, mango ergon\u00f3mico y pico de limpieza. Consulta precio y disponibilidad en M\u00e9xico. C\u00f3mprala de manera segura en nuestro\" \/>\n<meta name=\"robots\" content=\"index, follow, max-snippet:-1, max-image-preview:large, max-video-preview:-1\" \/>\n<link rel=\"canonical\" href=\"https:\/\/www.mustadlatam.com\/mx\/producto\/legra-gdm-hoja-recta\/\" \/>\n<meta property=\"og:locale\" content=\"es_MX\" \/>\n<meta property=\"og:type\" content=\"article\" \/>\n<meta property=\"og:title\" content=\"Legra GDM (Hoja Recta) - Mustad M\u00e9xico - Informaci\u00f3n, Educaci\u00f3n y Venta de Productos y Herramientas Profesionales para Herradores en M\u00e9xico\" \/>\n<meta property=\"og:description\" content=\"Legra GDM con hoja curva, mango ergon\u00f3mico y pico de limpieza. Consulta precio y disponibilidad en M\u00e9xico. C\u00f3mprala de manera segura en nuestro\" \/>\n<meta property=\"og:url\" content=\"https:\/\/www.mustadlatam.com\/mx\/producto\/legra-gdm-hoja-recta\/\" \/>\n<meta property=\"og:site_name\" content=\"Mustad M\u00e9xico - Informaci\u00f3n, Educaci\u00f3n y Venta de Productos y Herramientas Profesionales para Herradores en M\u00e9xico\" \/>\n<meta property=\"article:publisher\" content=\"https:\/\/www.facebook.com\/mustadlatam\" \/>\n<meta property=\"article:modified_time\" content=\"2025-11-07T17:45:13+00:00\" \/>\n<meta property=\"og:image\" content=\"https:\/\/www.mustadlatam.com\/mx\/wp-content\/uploads\/9\/2025\/10\/Herramientas_GDM-Gubia-Derecha.jpg\" \/>\n\t<meta property=\"og:image:width\" content=\"800\" \/>\n\t<meta property=\"og:image:height\" content=\"800\" \/>\n\t<meta property=\"og:image:type\" content=\"image\/jpeg\" \/>\n<meta name=\"twitter:card\" content=\"summary_large_image\" \/>\n<meta name=\"twitter:label1\" content=\"Tiempo de lectura\" \/>\n\t<meta name=\"twitter:data1\" content=\"1 minuto\" \/>\n<script type=\"application\/ld+json\" class=\"yoast-schema-graph\">{\"@context\":\"https:\\\/\\\/schema.org\",\"@graph\":[{\"@type\":\"WebPage\",\"@id\":\"https:\\\/\\\/www.mustadlatam.com\\\/mx\\\/producto\\\/legra-gdm-hoja-recta\\\/\",\"url\":\"https:\\\/\\\/www.mustadlatam.com\\\/mx\\\/producto\\\/legra-gdm-hoja-recta\\\/\",\"name\":\"Legra GDM (Hoja Recta) - Mustad M\u00e9xico - Informaci\u00f3n, Educaci\u00f3n y Venta de Productos y Herramientas Profesionales para Herradores en M\u00e9xico\",\"isPartOf\":{\"@id\":\"https:\\\/\\\/www.mustadlatam.com\\\/mx\\\/#website\"},\"primaryImageOfPage\":{\"@id\":\"https:\\\/\\\/www.mustadlatam.com\\\/mx\\\/producto\\\/legra-gdm-hoja-recta\\\/#primaryimage\"},\"image\":{\"@id\":\"https:\\\/\\\/www.mustadlatam.com\\\/mx\\\/producto\\\/legra-gdm-hoja-recta\\\/#primaryimage\"},\"thumbnailUrl\":\"https:\\\/\\\/www.mustadlatam.com\\\/mx\\\/wp-content\\\/uploads\\\/9\\\/2025\\\/10\\\/Herramientas_GDM-Gubia-Derecha.jpg\",\"datePublished\":\"2025-10-08T11:45:26+00:00\",\"dateModified\":\"2025-11-07T17:45:13+00:00\",\"description\":\"Legra GDM con hoja curva, mango ergon\u00f3mico y pico de limpieza. Consulta precio y disponibilidad en M\u00e9xico. C\u00f3mprala de manera segura en nuestro\",\"breadcrumb\":{\"@id\":\"https:\\\/\\\/www.mustadlatam.com\\\/mx\\\/producto\\\/legra-gdm-hoja-recta\\\/#breadcrumb\"},\"inLanguage\":\"es\",\"potentialAction\":[{\"@type\":\"ReadAction\",\"target\":[\"https:\\\/\\\/www.mustadlatam.com\\\/mx\\\/producto\\\/legra-gdm-hoja-recta\\\/\"]}]},{\"@type\":\"ImageObject\",\"inLanguage\":\"es\",\"@id\":\"https:\\\/\\\/www.mustadlatam.com\\\/mx\\\/producto\\\/legra-gdm-hoja-recta\\\/#primaryimage\",\"url\":\"https:\\\/\\\/www.mustadlatam.com\\\/mx\\\/wp-content\\\/uploads\\\/9\\\/2025\\\/10\\\/Herramientas_GDM-Gubia-Derecha.jpg\",\"contentUrl\":\"https:\\\/\\\/www.mustadlatam.com\\\/mx\\\/wp-content\\\/uploads\\\/9\\\/2025\\\/10\\\/Herramientas_GDM-Gubia-Derecha.jpg\",\"width\":800,\"height\":800,\"caption\":\"gubia derecha gdm curva colombia\"},{\"@type\":\"BreadcrumbList\",\"@id\":\"https:\\\/\\\/www.mustadlatam.com\\\/mx\\\/producto\\\/legra-gdm-hoja-recta\\\/#breadcrumb\",\"itemListElement\":[{\"@type\":\"ListItem\",\"position\":1,\"name\":\"Inicio\",\"item\":\"https:\\\/\\\/www.mustadlatam.com\\\/mx\\\/\"},{\"@type\":\"ListItem\",\"position\":2,\"name\":\"Tienda Mustad M\u00e9xico | Herraduras, Clavos y Herramientas\",\"item\":\"https:\\\/\\\/www.mustadlatam.com\\\/mx\\\/shop\\\/\"},{\"@type\":\"ListItem\",\"position\":3,\"name\":\"Legra GDM hoja recta \u2013 corte preciso y apalancamiento ergon\u00f3mico\"}]},{\"@type\":\"WebSite\",\"@id\":\"https:\\\/\\\/www.mustadlatam.com\\\/mx\\\/#website\",\"url\":\"https:\\\/\\\/www.mustadlatam.com\\\/mx\\\/\",\"name\":\"Mustad M\u00e9xico - Informaci\u00f3n, Educaci\u00f3n y Venta de Productos y Herramientas Profesionales para Herradores en M\u00e9xico\",\"description\":\"Herraduras, Escofinas, Clavos y Accesorios para Caballos\",\"publisher\":{\"@id\":\"https:\\\/\\\/www.mustadlatam.com\\\/mx\\\/#organization\"},\"potentialAction\":[{\"@type\":\"SearchAction\",\"target\":{\"@type\":\"EntryPoint\",\"urlTemplate\":\"https:\\\/\\\/www.mustadlatam.com\\\/mx\\\/?s={search_term_string}\"},\"query-input\":{\"@type\":\"PropertyValueSpecification\",\"valueRequired\":true,\"valueName\":\"search_term_string\"}}],\"inLanguage\":\"es\"},{\"@type\":\"Organization\",\"@id\":\"https:\\\/\\\/www.mustadlatam.com\\\/mx\\\/#organization\",\"name\":\"Mustad M\u00e9xico - Informaci\u00f3n, Educaci\u00f3n y Venta de Productos y Herramientas Profesionales para Herradores en M\u00e9xico\",\"url\":\"https:\\\/\\\/www.mustadlatam.com\\\/mx\\\/\",\"logo\":{\"@type\":\"ImageObject\",\"inLanguage\":\"es\",\"@id\":\"https:\\\/\\\/www.mustadlatam.com\\\/mx\\\/#\\\/schema\\\/logo\\\/image\\\/\",\"url\":\"https:\\\/\\\/www.mustadlatam.com\\\/mx\\\/wp-content\\\/uploads\\\/9\\\/2025\\\/12\\\/cropped-LOGO-MUSTAD-Final.png\",\"contentUrl\":\"https:\\\/\\\/www.mustadlatam.com\\\/mx\\\/wp-content\\\/uploads\\\/9\\\/2025\\\/12\\\/cropped-LOGO-MUSTAD-Final.png\",\"width\":500,\"height\":500,\"caption\":\"Mustad M\u00e9xico - Informaci\u00f3n, Educaci\u00f3n y Venta de Productos y Herramientas Profesionales para Herradores en M\u00e9xico\"},\"image\":{\"@id\":\"https:\\\/\\\/www.mustadlatam.com\\\/mx\\\/#\\\/schema\\\/logo\\\/image\\\/\"},\"sameAs\":[\"https:\\\/\\\/www.facebook.com\\\/mustadlatam\",\"https:\\\/\\\/www.instagram.com\\\/mustadlatam\\\/\"]}]}<\/script>\n<!-- \/ Yoast SEO plugin. -->","yoast_head_json":{"title":"Legra GDM (Hoja Recta) - Mustad M\u00e9xico - Informaci\u00f3n, Educaci\u00f3n y Venta de Productos y Herramientas Profesionales para Herradores en M\u00e9xico","description":"Legra GDM con hoja curva, mango ergon\u00f3mico y pico de limpieza. Consulta precio y disponibilidad en M\u00e9xico. C\u00f3mprala de manera segura en nuestro","robots":{"index":"index","follow":"follow","max-snippet":"max-snippet:-1","max-image-preview":"max-image-preview:large","max-video-preview":"max-video-preview:-1"},"canonical":"https:\/\/www.mustadlatam.com\/mx\/producto\/legra-gdm-hoja-recta\/","og_locale":"es_MX","og_type":"article","og_title":"Legra GDM (Hoja Recta) - Mustad M\u00e9xico - Informaci\u00f3n, Educaci\u00f3n y Venta de Productos y Herramientas Profesionales para Herradores en M\u00e9xico","og_description":"Legra GDM con hoja curva, mango ergon\u00f3mico y pico de limpieza. Consulta precio y disponibilidad en M\u00e9xico. C\u00f3mprala de manera segura en nuestro","og_url":"https:\/\/www.mustadlatam.com\/mx\/producto\/legra-gdm-hoja-recta\/","og_site_name":"Mustad M\u00e9xico - Informaci\u00f3n, Educaci\u00f3n y Venta de Productos y Herramientas Profesionales para Herradores en M\u00e9xico","article_publisher":"https:\/\/www.facebook.com\/mustadlatam","article_modified_time":"2025-11-07T17:45:13+00:00","og_image":[{"width":800,"height":800,"url":"https:\/\/www.mustadlatam.com\/mx\/wp-content\/uploads\/9\/2025\/10\/Herramientas_GDM-Gubia-Derecha.jpg","type":"image\/jpeg"}],"twitter_card":"summary_large_image","twitter_misc":{"Tiempo de lectura":"1 minuto"},"schema":{"@context":"https:\/\/schema.org","@graph":[{"@type":"WebPage","@id":"https:\/\/www.mustadlatam.com\/mx\/producto\/legra-gdm-hoja-recta\/","url":"https:\/\/www.mustadlatam.com\/mx\/producto\/legra-gdm-hoja-recta\/","name":"Legra GDM (Hoja Recta) - Mustad M\u00e9xico - Informaci\u00f3n, Educaci\u00f3n y Venta de Productos y Herramientas Profesionales para Herradores en M\u00e9xico","isPartOf":{"@id":"https:\/\/www.mustadlatam.com\/mx\/#website"},"primaryImageOfPage":{"@id":"https:\/\/www.mustadlatam.com\/mx\/producto\/legra-gdm-hoja-recta\/#primaryimage"},"image":{"@id":"https:\/\/www.mustadlatam.com\/mx\/producto\/legra-gdm-hoja-recta\/#primaryimage"},"thumbnailUrl":"https:\/\/www.mustadlatam.com\/mx\/wp-content\/uploads\/9\/2025\/10\/Herramientas_GDM-Gubia-Derecha.jpg","datePublished":"2025-10-08T11:45:26+00:00","dateModified":"2025-11-07T17:45:13+00:00","description":"Legra GDM con hoja curva, mango ergon\u00f3mico y pico de limpieza. Consulta precio y disponibilidad en M\u00e9xico. C\u00f3mprala de manera segura en nuestro","breadcrumb":{"@id":"https:\/\/www.mustadlatam.com\/mx\/producto\/legra-gdm-hoja-recta\/#breadcrumb"},"inLanguage":"es","potentialAction":[{"@type":"ReadAction","target":["https:\/\/www.mustadlatam.com\/mx\/producto\/legra-gdm-hoja-recta\/"]}]},{"@type":"ImageObject","inLanguage":"es","@id":"https:\/\/www.mustadlatam.com\/mx\/producto\/legra-gdm-hoja-recta\/#primaryimage","url":"https:\/\/www.mustadlatam.com\/mx\/wp-content\/uploads\/9\/2025\/10\/Herramientas_GDM-Gubia-Derecha.jpg","contentUrl":"https:\/\/www.mustadlatam.com\/mx\/wp-content\/uploads\/9\/2025\/10\/Herramientas_GDM-Gubia-Derecha.jpg","width":800,"height":800,"caption":"gubia derecha gdm curva colombia"},{"@type":"BreadcrumbList","@id":"https:\/\/www.mustadlatam.com\/mx\/producto\/legra-gdm-hoja-recta\/#breadcrumb","itemListElement":[{"@type":"ListItem","position":1,"name":"Inicio","item":"https:\/\/www.mustadlatam.com\/mx\/"},{"@type":"ListItem","position":2,"name":"Tienda Mustad M\u00e9xico | Herraduras, Clavos y Herramientas","item":"https:\/\/www.mustadlatam.com\/mx\/shop\/"},{"@type":"ListItem","position":3,"name":"Legra GDM hoja recta \u2013 corte preciso y apalancamiento ergon\u00f3mico"}]},{"@type":"WebSite","@id":"https:\/\/www.mustadlatam.com\/mx\/#website","url":"https:\/\/www.mustadlatam.com\/mx\/","name":"Mustad M\u00e9xico - Informaci\u00f3n, Educaci\u00f3n y Venta de Productos y Herramientas Profesionales para Herradores en M\u00e9xico","description":"Herraduras, Escofinas, Clavos y Accesorios para Caballos","publisher":{"@id":"https:\/\/www.mustadlatam.com\/mx\/#organization"},"potentialAction":[{"@type":"SearchAction","target":{"@type":"EntryPoint","urlTemplate":"https:\/\/www.mustadlatam.com\/mx\/?s={search_term_string}"},"query-input":{"@type":"PropertyValueSpecification","valueRequired":true,"valueName":"search_term_string"}}],"inLanguage":"es"},{"@type":"Organization","@id":"https:\/\/www.mustadlatam.com\/mx\/#organization","name":"Mustad M\u00e9xico - Informaci\u00f3n, Educaci\u00f3n y Venta de Productos y Herramientas Profesionales para Herradores en M\u00e9xico","url":"https:\/\/www.mustadlatam.com\/mx\/","logo":{"@type":"ImageObject","inLanguage":"es","@id":"https:\/\/www.mustadlatam.com\/mx\/#\/schema\/logo\/image\/","url":"https:\/\/www.mustadlatam.com\/mx\/wp-content\/uploads\/9\/2025\/12\/cropped-LOGO-MUSTAD-Final.png","contentUrl":"https:\/\/www.mustadlatam.com\/mx\/wp-content\/uploads\/9\/2025\/12\/cropped-LOGO-MUSTAD-Final.png","width":500,"height":500,"caption":"Mustad M\u00e9xico - Informaci\u00f3n, Educaci\u00f3n y Venta de Productos y Herramientas Profesionales para Herradores en M\u00e9xico"},"image":{"@id":"https:\/\/www.mustadlatam.com\/mx\/#\/schema\/logo\/image\/"},"sameAs":["https:\/\/www.facebook.com\/mustadlatam","https:\/\/www.instagram.com\/mustadlatam\/"]}]}},"_links":{"self":[{"href":"https:\/\/www.mustadlatam.com\/mx\/wp-json\/wp\/v2\/product\/729","targetHints":{"allow":["GET"]}}],"collection":[{"href":"https:\/\/www.mustadlatam.com\/mx\/wp-json\/wp\/v2\/product"}],"about":[{"href":"https:\/\/www.mustadlatam.com\/mx\/wp-json\/wp\/v2\/types\/product"}],"replies":[{"embeddable":true,"href":"https:\/\/www.mustadlatam.com\/mx\/wp-json\/wp\/v2\/comments?post=729"}],"wp:featuredmedia":[{"embeddable":true,"href":"https:\/\/www.mustadlatam.com\/mx\/wp-json\/wp\/v2\/media\/730"}],"wp:attachment":[{"href":"https:\/\/www.mustadlatam.com\/mx\/wp-json\/wp\/v2\/media?parent=729"}],"wp:term":[{"taxonomy":"product_brand","embeddable":true,"href":"https:\/\/www.mustadlatam.com\/mx\/wp-json\/wp\/v2\/product_brand?post=729"},{"taxonomy":"product_cat","embeddable":true,"href":"https:\/\/www.mustadlatam.com\/mx\/wp-json\/wp\/v2\/product_cat?post=729"},{"taxonomy":"product_tag","embeddable":true,"href":"https:\/\/www.mustadlatam.com\/mx\/wp-json\/wp\/v2\/product_tag?post=729"}],"curies":[{"name":"wp","href":"https:\/\/api.w.org\/{rel}","templated":true}]}}