{"id":742,"date":"2025-10-08T13:45:39","date_gmt":"2025-10-08T18:45:39","guid":{"rendered":"https:\/\/mediplushub.com\/mx\/?post_type=product&#038;p=742"},"modified":"2025-12-10T20:36:19","modified_gmt":"2025-12-11T01:36:19","slug":"double-s-loop-legra","status":"publish","type":"product","link":"https:\/\/www.mustadlatam.com\/mx\/producto\/double-s-loop-legra\/","title":{"rendered":"Legra Double S Loop \u2013 control ambidiestro para ranilla y suela"},"content":{"rendered":"","protected":false},"excerpt":{"rendered":"<p>Legra Loop ambidiestra con mango ergon\u00f3mico y hoja en bucle para recortes precisos en ranilla y suela, ideal en radios peque\u00f1os y zonas dif\u00edciles.<\/p>\n<p data-start=\"966\" data-end=\"1289\"><strong data-start=\"991\" data-end=\"1008\">Especialidad:<\/strong> cortes sim\u00e9tricos y controlados en \u00e1reas curvas\/dif\u00edciles (ranilla, barras y suela).<br data-start=\"1121\" data-end=\"1124\" \/><strong data-start=\"1124\" data-end=\"1146\">Usos recomendados:<\/strong> limpieza detallada, retirada de tejido muerto y perfilado fino en radios peque\u00f1os; su dise\u00f1o <strong data-start=\"1226\" data-end=\"1241\">ambidiestro<\/strong> permite cambiar de mano seg\u00fan el acceso y la anatom\u00eda del casco.<\/p>\n<p data-start=\"966\" data-end=\"1289\"><br data-start=\"1258\" data-end=\"1261\" \/><strong data-start=\"1261\" data-end=\"1287\">Caracter\u00edsticas clave:<\/strong><\/p>\n<ul>\n<li data-start=\"1376\" data-end=\"1553\">\n<p data-start=\"1379\" data-end=\"1553\"><strong data-start=\"1379\" data-end=\"1406\">Hoja tipo loop (bucle):<\/strong> permite cortar en ambos sentidos y mantener la l\u00ednea alrededor de la ranilla\/suela con mayor simetr\u00eda.<\/p>\n<\/li>\n<li data-start=\"1554\" data-end=\"1692\">\n<p data-start=\"1557\" data-end=\"1692\"><strong data-start=\"1557\" data-end=\"1588\">Mango de madera ergon\u00f3mico:<\/strong> equilibrio y agarre c\u00f3modo para pasadas cortas con control.<\/p>\n<\/li>\n<li data-start=\"1693\" data-end=\"1826\">\n<p data-start=\"1696\" data-end=\"1826\"><strong data-start=\"1696\" data-end=\"1712\">Ambidiestra:<\/strong> utilizable con mano izquierda o derecha; pr\u00e1ctica en accesos complicados.<\/p>\n<\/li>\n<li data-start=\"1827\" data-end=\"1986\">\n<p data-start=\"1830\" data-end=\"1986\"><strong data-start=\"1830\" data-end=\"1877\">Acero de alta calidad, <\/strong>fabricada en Italia: cuchillos Double S con acero de alto grado y manufactura italiana.<\/p>\n<\/li>\n<\/ul>\n","protected":false},"featured_media":741,"comment_status":"open","ping_status":"closed","template":"","meta":[],"product_brand":[426],"product_cat":[406,25],"product_tag":[434,420,433,430,881,418,416,417],"class_list":{"0":"post-742","1":"product","2":"type-product","3":"status-publish","4":"has-post-thumbnail","6":"product_brand-double-s","7":"product_cat-gubias","8":"product_cat-herramientas","9":"product_tag-acero-alta-calidad","10":"product_tag-ambidiestra","11":"product_tag-cuchillo-loop","12":"product_tag-hecho-en-italia","13":"product_tag-legra-loop","14":"product_tag-mango-ergonomico","15":"product_tag-ranilla","16":"product_tag-suela","17":"pa_herramientas-gubias-double-s","18":"pa_marca-double-s","19":"pa_material-acero","20":"pa_tipo-producto-herramienta","22":"first","23":"instock","24":"shipping-taxable","25":"purchasable","26":"product-type-simple"},"yoast_head":"<!-- This site is optimized with the Yoast SEO plugin v27.4 - https:\/\/yoast.com\/product\/yoast-seo-wordpress\/ -->\n<title>Double S Loop Legra \u2013 control ambidiestro para ranilla y suela - Mustad M\u00e9xico - Informaci\u00f3n, Educaci\u00f3n y Venta de Productos y Herramientas Profesionales para Herradores en M\u00e9xico<\/title>\n<meta name=\"description\" content=\"Legra Double S Loop ambidiestra con mango ergon\u00f3mico y hoja en bucle: cortes precisos en ranilla y suela, ideal para radios peque\u00f1os y zonas dif\u00edciles.\" \/>\n<meta name=\"robots\" content=\"index, follow, max-snippet:-1, max-image-preview:large, max-video-preview:-1\" \/>\n<link rel=\"canonical\" href=\"https:\/\/www.mustadlatam.com\/mx\/producto\/double-s-loop-legra\/\" \/>\n<meta property=\"og:locale\" content=\"es_MX\" \/>\n<meta property=\"og:type\" content=\"article\" \/>\n<meta property=\"og:title\" content=\"Double S Loop Legra \u2013 control ambidiestro para ranilla y suela - Mustad M\u00e9xico - Informaci\u00f3n, Educaci\u00f3n y Venta de Productos y Herramientas Profesionales para Herradores en M\u00e9xico\" \/>\n<meta property=\"og:description\" content=\"Legra Double S Loop ambidiestra con mango ergon\u00f3mico y hoja en bucle: cortes precisos en ranilla y suela, ideal para radios peque\u00f1os y zonas dif\u00edciles.\" \/>\n<meta property=\"og:url\" content=\"https:\/\/www.mustadlatam.com\/mx\/producto\/double-s-loop-legra\/\" \/>\n<meta property=\"og:site_name\" content=\"Mustad M\u00e9xico - Informaci\u00f3n, Educaci\u00f3n y Venta de Productos y Herramientas Profesionales para Herradores en M\u00e9xico\" \/>\n<meta property=\"article:publisher\" content=\"https:\/\/www.facebook.com\/mustadlatam\" \/>\n<meta property=\"article:modified_time\" content=\"2025-12-11T01:36:19+00:00\" \/>\n<meta property=\"og:image\" content=\"https:\/\/www.mustadlatam.com\/mx\/wp-content\/uploads\/9\/2025\/10\/Herramientas-Legra-Double-S-loop.jpg\" \/>\n\t<meta property=\"og:image:width\" content=\"800\" \/>\n\t<meta property=\"og:image:height\" content=\"800\" \/>\n\t<meta property=\"og:image:type\" content=\"image\/jpeg\" \/>\n<meta name=\"twitter:card\" content=\"summary_large_image\" \/>\n<meta name=\"twitter:label1\" content=\"Tiempo de lectura\" \/>\n\t<meta name=\"twitter:data1\" content=\"1 minuto\" \/>\n<script type=\"application\/ld+json\" class=\"yoast-schema-graph\">{\"@context\":\"https:\\\/\\\/schema.org\",\"@graph\":[{\"@type\":\"WebPage\",\"@id\":\"https:\\\/\\\/www.mustadlatam.com\\\/mx\\\/producto\\\/double-s-loop-legra\\\/\",\"url\":\"https:\\\/\\\/www.mustadlatam.com\\\/mx\\\/producto\\\/double-s-loop-legra\\\/\",\"name\":\"Double S Loop Legra \u2013 control ambidiestro para ranilla y suela - Mustad M\u00e9xico - Informaci\u00f3n, Educaci\u00f3n y Venta de Productos y Herramientas Profesionales para Herradores en M\u00e9xico\",\"isPartOf\":{\"@id\":\"https:\\\/\\\/www.mustadlatam.com\\\/mx\\\/#website\"},\"primaryImageOfPage\":{\"@id\":\"https:\\\/\\\/www.mustadlatam.com\\\/mx\\\/producto\\\/double-s-loop-legra\\\/#primaryimage\"},\"image\":{\"@id\":\"https:\\\/\\\/www.mustadlatam.com\\\/mx\\\/producto\\\/double-s-loop-legra\\\/#primaryimage\"},\"thumbnailUrl\":\"https:\\\/\\\/www.mustadlatam.com\\\/mx\\\/wp-content\\\/uploads\\\/9\\\/2025\\\/10\\\/Herramientas-Legra-Double-S-loop.jpg\",\"datePublished\":\"2025-10-08T18:45:39+00:00\",\"dateModified\":\"2025-12-11T01:36:19+00:00\",\"description\":\"Legra Double S Loop ambidiestra con mango ergon\u00f3mico y hoja en bucle: cortes precisos en ranilla y suela, ideal para radios peque\u00f1os y zonas dif\u00edciles.\",\"breadcrumb\":{\"@id\":\"https:\\\/\\\/www.mustadlatam.com\\\/mx\\\/producto\\\/double-s-loop-legra\\\/#breadcrumb\"},\"inLanguage\":\"es\",\"potentialAction\":[{\"@type\":\"ReadAction\",\"target\":[\"https:\\\/\\\/www.mustadlatam.com\\\/mx\\\/producto\\\/double-s-loop-legra\\\/\"]}]},{\"@type\":\"ImageObject\",\"inLanguage\":\"es\",\"@id\":\"https:\\\/\\\/www.mustadlatam.com\\\/mx\\\/producto\\\/double-s-loop-legra\\\/#primaryimage\",\"url\":\"https:\\\/\\\/www.mustadlatam.com\\\/mx\\\/wp-content\\\/uploads\\\/9\\\/2025\\\/10\\\/Herramientas-Legra-Double-S-loop.jpg\",\"contentUrl\":\"https:\\\/\\\/www.mustadlatam.com\\\/mx\\\/wp-content\\\/uploads\\\/9\\\/2025\\\/10\\\/Herramientas-Legra-Double-S-loop.jpg\",\"width\":800,\"height\":800,\"caption\":\"Herramientas gubia Double S loop\"},{\"@type\":\"BreadcrumbList\",\"@id\":\"https:\\\/\\\/www.mustadlatam.com\\\/mx\\\/producto\\\/double-s-loop-legra\\\/#breadcrumb\",\"itemListElement\":[{\"@type\":\"ListItem\",\"position\":1,\"name\":\"Inicio\",\"item\":\"https:\\\/\\\/www.mustadlatam.com\\\/mx\\\/\"},{\"@type\":\"ListItem\",\"position\":2,\"name\":\"Tienda Mustad M\u00e9xico | Herraduras, Clavos y Herramientas\",\"item\":\"https:\\\/\\\/www.mustadlatam.com\\\/mx\\\/shop\\\/\"},{\"@type\":\"ListItem\",\"position\":3,\"name\":\"Legra Double S Loop \u2013 control ambidiestro para ranilla y suela\"}]},{\"@type\":\"WebSite\",\"@id\":\"https:\\\/\\\/www.mustadlatam.com\\\/mx\\\/#website\",\"url\":\"https:\\\/\\\/www.mustadlatam.com\\\/mx\\\/\",\"name\":\"Mustad M\u00e9xico - Informaci\u00f3n, Educaci\u00f3n y Venta de Productos y Herramientas Profesionales para Herradores en M\u00e9xico\",\"description\":\"Herraduras, Escofinas, Clavos y Accesorios para Caballos\",\"publisher\":{\"@id\":\"https:\\\/\\\/www.mustadlatam.com\\\/mx\\\/#organization\"},\"potentialAction\":[{\"@type\":\"SearchAction\",\"target\":{\"@type\":\"EntryPoint\",\"urlTemplate\":\"https:\\\/\\\/www.mustadlatam.com\\\/mx\\\/?s={search_term_string}\"},\"query-input\":{\"@type\":\"PropertyValueSpecification\",\"valueRequired\":true,\"valueName\":\"search_term_string\"}}],\"inLanguage\":\"es\"},{\"@type\":\"Organization\",\"@id\":\"https:\\\/\\\/www.mustadlatam.com\\\/mx\\\/#organization\",\"name\":\"Mustad M\u00e9xico - Informaci\u00f3n, Educaci\u00f3n y Venta de Productos y Herramientas Profesionales para Herradores en M\u00e9xico\",\"url\":\"https:\\\/\\\/www.mustadlatam.com\\\/mx\\\/\",\"logo\":{\"@type\":\"ImageObject\",\"inLanguage\":\"es\",\"@id\":\"https:\\\/\\\/www.mustadlatam.com\\\/mx\\\/#\\\/schema\\\/logo\\\/image\\\/\",\"url\":\"https:\\\/\\\/www.mustadlatam.com\\\/mx\\\/wp-content\\\/uploads\\\/9\\\/2025\\\/12\\\/cropped-LOGO-MUSTAD-Final.png\",\"contentUrl\":\"https:\\\/\\\/www.mustadlatam.com\\\/mx\\\/wp-content\\\/uploads\\\/9\\\/2025\\\/12\\\/cropped-LOGO-MUSTAD-Final.png\",\"width\":500,\"height\":500,\"caption\":\"Mustad M\u00e9xico - Informaci\u00f3n, Educaci\u00f3n y Venta de Productos y Herramientas Profesionales para Herradores en M\u00e9xico\"},\"image\":{\"@id\":\"https:\\\/\\\/www.mustadlatam.com\\\/mx\\\/#\\\/schema\\\/logo\\\/image\\\/\"},\"sameAs\":[\"https:\\\/\\\/www.facebook.com\\\/mustadlatam\",\"https:\\\/\\\/www.instagram.com\\\/mustadlatam\\\/\"]}]}<\/script>\n<!-- \/ Yoast SEO plugin. -->","yoast_head_json":{"title":"Double S Loop Legra \u2013 control ambidiestro para ranilla y suela - Mustad M\u00e9xico - Informaci\u00f3n, Educaci\u00f3n y Venta de Productos y Herramientas Profesionales para Herradores en M\u00e9xico","description":"Legra Double S Loop ambidiestra con mango ergon\u00f3mico y hoja en bucle: cortes precisos en ranilla y suela, ideal para radios peque\u00f1os y zonas dif\u00edciles.","robots":{"index":"index","follow":"follow","max-snippet":"max-snippet:-1","max-image-preview":"max-image-preview:large","max-video-preview":"max-video-preview:-1"},"canonical":"https:\/\/www.mustadlatam.com\/mx\/producto\/double-s-loop-legra\/","og_locale":"es_MX","og_type":"article","og_title":"Double S Loop Legra \u2013 control ambidiestro para ranilla y suela - Mustad M\u00e9xico - Informaci\u00f3n, Educaci\u00f3n y Venta de Productos y Herramientas Profesionales para Herradores en M\u00e9xico","og_description":"Legra Double S Loop ambidiestra con mango ergon\u00f3mico y hoja en bucle: cortes precisos en ranilla y suela, ideal para radios peque\u00f1os y zonas dif\u00edciles.","og_url":"https:\/\/www.mustadlatam.com\/mx\/producto\/double-s-loop-legra\/","og_site_name":"Mustad M\u00e9xico - Informaci\u00f3n, Educaci\u00f3n y Venta de Productos y Herramientas Profesionales para Herradores en M\u00e9xico","article_publisher":"https:\/\/www.facebook.com\/mustadlatam","article_modified_time":"2025-12-11T01:36:19+00:00","og_image":[{"width":800,"height":800,"url":"https:\/\/www.mustadlatam.com\/mx\/wp-content\/uploads\/9\/2025\/10\/Herramientas-Legra-Double-S-loop.jpg","type":"image\/jpeg"}],"twitter_card":"summary_large_image","twitter_misc":{"Tiempo de lectura":"1 minuto"},"schema":{"@context":"https:\/\/schema.org","@graph":[{"@type":"WebPage","@id":"https:\/\/www.mustadlatam.com\/mx\/producto\/double-s-loop-legra\/","url":"https:\/\/www.mustadlatam.com\/mx\/producto\/double-s-loop-legra\/","name":"Double S Loop Legra \u2013 control ambidiestro para ranilla y suela - Mustad M\u00e9xico - Informaci\u00f3n, Educaci\u00f3n y Venta de Productos y Herramientas Profesionales para Herradores en M\u00e9xico","isPartOf":{"@id":"https:\/\/www.mustadlatam.com\/mx\/#website"},"primaryImageOfPage":{"@id":"https:\/\/www.mustadlatam.com\/mx\/producto\/double-s-loop-legra\/#primaryimage"},"image":{"@id":"https:\/\/www.mustadlatam.com\/mx\/producto\/double-s-loop-legra\/#primaryimage"},"thumbnailUrl":"https:\/\/www.mustadlatam.com\/mx\/wp-content\/uploads\/9\/2025\/10\/Herramientas-Legra-Double-S-loop.jpg","datePublished":"2025-10-08T18:45:39+00:00","dateModified":"2025-12-11T01:36:19+00:00","description":"Legra Double S Loop ambidiestra con mango ergon\u00f3mico y hoja en bucle: cortes precisos en ranilla y suela, ideal para radios peque\u00f1os y zonas dif\u00edciles.","breadcrumb":{"@id":"https:\/\/www.mustadlatam.com\/mx\/producto\/double-s-loop-legra\/#breadcrumb"},"inLanguage":"es","potentialAction":[{"@type":"ReadAction","target":["https:\/\/www.mustadlatam.com\/mx\/producto\/double-s-loop-legra\/"]}]},{"@type":"ImageObject","inLanguage":"es","@id":"https:\/\/www.mustadlatam.com\/mx\/producto\/double-s-loop-legra\/#primaryimage","url":"https:\/\/www.mustadlatam.com\/mx\/wp-content\/uploads\/9\/2025\/10\/Herramientas-Legra-Double-S-loop.jpg","contentUrl":"https:\/\/www.mustadlatam.com\/mx\/wp-content\/uploads\/9\/2025\/10\/Herramientas-Legra-Double-S-loop.jpg","width":800,"height":800,"caption":"Herramientas gubia Double S loop"},{"@type":"BreadcrumbList","@id":"https:\/\/www.mustadlatam.com\/mx\/producto\/double-s-loop-legra\/#breadcrumb","itemListElement":[{"@type":"ListItem","position":1,"name":"Inicio","item":"https:\/\/www.mustadlatam.com\/mx\/"},{"@type":"ListItem","position":2,"name":"Tienda Mustad M\u00e9xico | Herraduras, Clavos y Herramientas","item":"https:\/\/www.mustadlatam.com\/mx\/shop\/"},{"@type":"ListItem","position":3,"name":"Legra Double S Loop \u2013 control ambidiestro para ranilla y suela"}]},{"@type":"WebSite","@id":"https:\/\/www.mustadlatam.com\/mx\/#website","url":"https:\/\/www.mustadlatam.com\/mx\/","name":"Mustad M\u00e9xico - Informaci\u00f3n, Educaci\u00f3n y Venta de Productos y Herramientas Profesionales para Herradores en M\u00e9xico","description":"Herraduras, Escofinas, Clavos y Accesorios para Caballos","publisher":{"@id":"https:\/\/www.mustadlatam.com\/mx\/#organization"},"potentialAction":[{"@type":"SearchAction","target":{"@type":"EntryPoint","urlTemplate":"https:\/\/www.mustadlatam.com\/mx\/?s={search_term_string}"},"query-input":{"@type":"PropertyValueSpecification","valueRequired":true,"valueName":"search_term_string"}}],"inLanguage":"es"},{"@type":"Organization","@id":"https:\/\/www.mustadlatam.com\/mx\/#organization","name":"Mustad M\u00e9xico - Informaci\u00f3n, Educaci\u00f3n y Venta de Productos y Herramientas Profesionales para Herradores en M\u00e9xico","url":"https:\/\/www.mustadlatam.com\/mx\/","logo":{"@type":"ImageObject","inLanguage":"es","@id":"https:\/\/www.mustadlatam.com\/mx\/#\/schema\/logo\/image\/","url":"https:\/\/www.mustadlatam.com\/mx\/wp-content\/uploads\/9\/2025\/12\/cropped-LOGO-MUSTAD-Final.png","contentUrl":"https:\/\/www.mustadlatam.com\/mx\/wp-content\/uploads\/9\/2025\/12\/cropped-LOGO-MUSTAD-Final.png","width":500,"height":500,"caption":"Mustad M\u00e9xico - Informaci\u00f3n, Educaci\u00f3n y Venta de Productos y Herramientas Profesionales para Herradores en M\u00e9xico"},"image":{"@id":"https:\/\/www.mustadlatam.com\/mx\/#\/schema\/logo\/image\/"},"sameAs":["https:\/\/www.facebook.com\/mustadlatam","https:\/\/www.instagram.com\/mustadlatam\/"]}]}},"_links":{"self":[{"href":"https:\/\/www.mustadlatam.com\/mx\/wp-json\/wp\/v2\/product\/742","targetHints":{"allow":["GET"]}}],"collection":[{"href":"https:\/\/www.mustadlatam.com\/mx\/wp-json\/wp\/v2\/product"}],"about":[{"href":"https:\/\/www.mustadlatam.com\/mx\/wp-json\/wp\/v2\/types\/product"}],"replies":[{"embeddable":true,"href":"https:\/\/www.mustadlatam.com\/mx\/wp-json\/wp\/v2\/comments?post=742"}],"wp:featuredmedia":[{"embeddable":true,"href":"https:\/\/www.mustadlatam.com\/mx\/wp-json\/wp\/v2\/media\/741"}],"wp:attachment":[{"href":"https:\/\/www.mustadlatam.com\/mx\/wp-json\/wp\/v2\/media?parent=742"}],"wp:term":[{"taxonomy":"product_brand","embeddable":true,"href":"https:\/\/www.mustadlatam.com\/mx\/wp-json\/wp\/v2\/product_brand?post=742"},{"taxonomy":"product_cat","embeddable":true,"href":"https:\/\/www.mustadlatam.com\/mx\/wp-json\/wp\/v2\/product_cat?post=742"},{"taxonomy":"product_tag","embeddable":true,"href":"https:\/\/www.mustadlatam.com\/mx\/wp-json\/wp\/v2\/product_tag?post=742"}],"curies":[{"name":"wp","href":"https:\/\/api.w.org\/{rel}","templated":true}]}}