{"id":753,"date":"2025-10-16T12:13:03","date_gmt":"2025-10-16T17:13:03","guid":{"rendered":"https:\/\/mediplushub.com\/mx\/?post_type=product&#038;p=753"},"modified":"2025-12-10T20:35:42","modified_gmt":"2025-12-11T01:35:42","slug":"gubia-double-s-rhino-derecha","status":"publish","type":"product","link":"https:\/\/www.mustadlatam.com\/mx\/producto\/gubia-double-s-rhino-derecha\/","title":{"rendered":"Double S Rhino \u2013 hoja offset y pico limpiador"},"content":{"rendered":"","protected":false},"excerpt":{"rendered":"<p>Cuchillo Double S Rhino con hoja offset\/drop y pico limpiador en el reverso; mango de madera largo y ergon\u00f3mico, fabricaci\u00f3n italiana.<\/p>\n<p data-start=\"966\" data-end=\"1289\"><strong data-start=\"991\" data-end=\"1008\">Especialidad:<\/strong> recorte controlado de suela y ranilla con acceso mejorado a zonas dif\u00edciles gracias a su hoja offset\/drop. Incluye una cresta\/pico en el extremo para limpiar residuos sin usar el filo principal.<br data-start=\"1121\" data-end=\"1124\" \/><strong data-start=\"1124\" data-end=\"1146\">Usos recomendados: <\/strong>limpieza y perfilado de suela\/ranilla, cortes de mantenimiento y saneados en radios peque\u00f1os; el mango largo y ergon\u00f3mico reduce la tensi\u00f3n en mu\u00f1eca y mejora la palanca.<\/p>\n<p data-start=\"966\" data-end=\"1289\"><br data-start=\"1258\" data-end=\"1261\" \/><strong data-start=\"1261\" data-end=\"1287\">Caracter\u00edsticas clave:<\/strong><\/p>\n<ul>\n<li data-start=\"1376\" data-end=\"1553\">\n<p data-start=\"1379\" data-end=\"1553\"><strong data-start=\"1525\" data-end=\"1545\">Hoja offset\/drop<\/strong> para entrar a m\u00e1s partes del pie con menos esfuerzo y trayectorias controladas.<\/p>\n<\/li>\n<li data-start=\"1554\" data-end=\"1692\">\n<p data-start=\"1557\" data-end=\"1692\"><strong data-start=\"1673\" data-end=\"1699\">Pico\/cresta limpiadora<\/strong> en el reverso de la hoja: despeja suciedad sin desgastar el filo.<\/p>\n<\/li>\n<li data-start=\"1693\" data-end=\"1826\">\n<p data-start=\"1696\" data-end=\"1826\"><strong data-start=\"1813\" data-end=\"1851\">Mango de madera largo y ergon\u00f3mico<\/strong>: agarre c\u00f3modo; minimiza la fatiga.<\/p>\n<\/li>\n<li data-start=\"1827\" data-end=\"1986\">\n<p data-start=\"1830\" data-end=\"1986\"><strong data-start=\"1830\" data-end=\"1877\">Acero de alta calidad; <\/strong>hecho en Italia<strong data-start=\"1830\" data-end=\"1877\">. <\/strong><\/p>\n<\/li>\n<\/ul>\n","protected":false},"featured_media":754,"comment_status":"open","ping_status":"closed","template":"","meta":[],"product_brand":[426],"product_cat":[406,25],"product_tag":[409,435,430,436,437,438],"class_list":{"0":"post-753","1":"product","2":"type-product","3":"status-publish","4":"has-post-thumbnail","6":"product_brand-double-s","7":"product_cat-gubias","8":"product_cat-herramientas","9":"product_tag-cuchillo-casco-derecho","10":"product_tag-double-s-rhino","11":"product_tag-hecho-en-italia","12":"product_tag-hoja-offset-drop","13":"product_tag-mango-madera-largo","14":"product_tag-pico-limpiador","15":"pa_herramientas-gubias-double-s","16":"pa_lado-derecha","17":"pa_lado-izquierda","18":"pa_marca-double-s","19":"pa_material-acero","20":"pa_tipo-producto-herramienta","22":"first","23":"instock","24":"shipping-taxable","25":"purchasable","26":"product-type-variable"},"yoast_head":"<!-- This site is optimized with the Yoast SEO plugin v27.4 - https:\/\/yoast.com\/product\/yoast-seo-wordpress\/ -->\n<title>Legra Double S Rhino \u2013 hoja offset y pico limpiador - Mustad M\u00e9xico - Informaci\u00f3n, Educaci\u00f3n y Venta de Productos y Herramientas Profesionales para Herradores en M\u00e9xico<\/title>\n<meta name=\"description\" content=\"Cuchillo Double S Rhino con hoja offset\/drop, mango de madera largo y pico limpiador en el reverso. Control, acceso y durabilidad.\" \/>\n<meta name=\"robots\" content=\"index, follow, max-snippet:-1, max-image-preview:large, max-video-preview:-1\" \/>\n<link rel=\"canonical\" href=\"https:\/\/www.mustadlatam.com\/mx\/producto\/gubia-double-s-rhino-derecha\/\" \/>\n<meta property=\"og:locale\" content=\"es_MX\" \/>\n<meta property=\"og:type\" content=\"article\" \/>\n<meta property=\"og:title\" content=\"Legra Double S Rhino \u2013 hoja offset y pico limpiador - Mustad M\u00e9xico - Informaci\u00f3n, Educaci\u00f3n y Venta de Productos y Herramientas Profesionales para Herradores en M\u00e9xico\" \/>\n<meta property=\"og:description\" content=\"Cuchillo Double S Rhino con hoja offset\/drop, mango de madera largo y pico limpiador en el reverso. Control, acceso y durabilidad.\" \/>\n<meta property=\"og:url\" content=\"https:\/\/www.mustadlatam.com\/mx\/producto\/gubia-double-s-rhino-derecha\/\" \/>\n<meta property=\"og:site_name\" content=\"Mustad M\u00e9xico - Informaci\u00f3n, Educaci\u00f3n y Venta de Productos y Herramientas Profesionales para Herradores en M\u00e9xico\" \/>\n<meta property=\"article:publisher\" content=\"https:\/\/www.facebook.com\/mustadlatam\" \/>\n<meta property=\"article:modified_time\" content=\"2025-12-11T01:35:42+00:00\" \/>\n<meta property=\"og:image\" content=\"https:\/\/www.mustadlatam.com\/mx\/wp-content\/uploads\/9\/2025\/10\/Herramientas_GUBIA-DOUBLE-S-RHINO-DERECHA.jpg\" \/>\n\t<meta property=\"og:image:width\" content=\"800\" \/>\n\t<meta property=\"og:image:height\" content=\"800\" \/>\n\t<meta property=\"og:image:type\" content=\"image\/jpeg\" \/>\n<meta name=\"twitter:card\" content=\"summary_large_image\" \/>\n<meta name=\"twitter:label1\" content=\"Tiempo de lectura\" \/>\n\t<meta name=\"twitter:data1\" content=\"1 minuto\" \/>\n<script type=\"application\/ld+json\" class=\"yoast-schema-graph\">{\"@context\":\"https:\\\/\\\/schema.org\",\"@graph\":[{\"@type\":\"WebPage\",\"@id\":\"https:\\\/\\\/www.mustadlatam.com\\\/mx\\\/producto\\\/gubia-double-s-rhino-derecha\\\/\",\"url\":\"https:\\\/\\\/www.mustadlatam.com\\\/mx\\\/producto\\\/gubia-double-s-rhino-derecha\\\/\",\"name\":\"Legra Double S Rhino \u2013 hoja offset y pico limpiador - Mustad M\u00e9xico - Informaci\u00f3n, Educaci\u00f3n y Venta de Productos y Herramientas Profesionales para Herradores en M\u00e9xico\",\"isPartOf\":{\"@id\":\"https:\\\/\\\/www.mustadlatam.com\\\/mx\\\/#website\"},\"primaryImageOfPage\":{\"@id\":\"https:\\\/\\\/www.mustadlatam.com\\\/mx\\\/producto\\\/gubia-double-s-rhino-derecha\\\/#primaryimage\"},\"image\":{\"@id\":\"https:\\\/\\\/www.mustadlatam.com\\\/mx\\\/producto\\\/gubia-double-s-rhino-derecha\\\/#primaryimage\"},\"thumbnailUrl\":\"https:\\\/\\\/www.mustadlatam.com\\\/mx\\\/wp-content\\\/uploads\\\/9\\\/2025\\\/10\\\/Herramientas_GUBIA-DOUBLE-S-RHINO-DERECHA.jpg\",\"datePublished\":\"2025-10-16T17:13:03+00:00\",\"dateModified\":\"2025-12-11T01:35:42+00:00\",\"description\":\"Cuchillo Double S Rhino con hoja offset\\\/drop, mango de madera largo y pico limpiador en el reverso. Control, acceso y durabilidad.\",\"breadcrumb\":{\"@id\":\"https:\\\/\\\/www.mustadlatam.com\\\/mx\\\/producto\\\/gubia-double-s-rhino-derecha\\\/#breadcrumb\"},\"inLanguage\":\"es\",\"potentialAction\":[{\"@type\":\"ReadAction\",\"target\":[\"https:\\\/\\\/www.mustadlatam.com\\\/mx\\\/producto\\\/gubia-double-s-rhino-derecha\\\/\"]}]},{\"@type\":\"ImageObject\",\"inLanguage\":\"es\",\"@id\":\"https:\\\/\\\/www.mustadlatam.com\\\/mx\\\/producto\\\/gubia-double-s-rhino-derecha\\\/#primaryimage\",\"url\":\"https:\\\/\\\/www.mustadlatam.com\\\/mx\\\/wp-content\\\/uploads\\\/9\\\/2025\\\/10\\\/Herramientas_GUBIA-DOUBLE-S-RHINO-DERECHA.jpg\",\"contentUrl\":\"https:\\\/\\\/www.mustadlatam.com\\\/mx\\\/wp-content\\\/uploads\\\/9\\\/2025\\\/10\\\/Herramientas_GUBIA-DOUBLE-S-RHINO-DERECHA.jpg\",\"width\":800,\"height\":800,\"caption\":\"Herramientas GUBIA DOUBLE S RHINO DERECHA\"},{\"@type\":\"BreadcrumbList\",\"@id\":\"https:\\\/\\\/www.mustadlatam.com\\\/mx\\\/producto\\\/gubia-double-s-rhino-derecha\\\/#breadcrumb\",\"itemListElement\":[{\"@type\":\"ListItem\",\"position\":1,\"name\":\"Inicio\",\"item\":\"https:\\\/\\\/www.mustadlatam.com\\\/mx\\\/\"},{\"@type\":\"ListItem\",\"position\":2,\"name\":\"Tienda Mustad M\u00e9xico | Herraduras, Clavos y Herramientas\",\"item\":\"https:\\\/\\\/www.mustadlatam.com\\\/mx\\\/shop\\\/\"},{\"@type\":\"ListItem\",\"position\":3,\"name\":\"Double S Rhino \u2013 hoja offset y pico limpiador\"}]},{\"@type\":\"WebSite\",\"@id\":\"https:\\\/\\\/www.mustadlatam.com\\\/mx\\\/#website\",\"url\":\"https:\\\/\\\/www.mustadlatam.com\\\/mx\\\/\",\"name\":\"Mustad M\u00e9xico - Informaci\u00f3n, Educaci\u00f3n y Venta de Productos y Herramientas Profesionales para Herradores en M\u00e9xico\",\"description\":\"Herraduras, Escofinas, Clavos y Accesorios para Caballos\",\"publisher\":{\"@id\":\"https:\\\/\\\/www.mustadlatam.com\\\/mx\\\/#organization\"},\"potentialAction\":[{\"@type\":\"SearchAction\",\"target\":{\"@type\":\"EntryPoint\",\"urlTemplate\":\"https:\\\/\\\/www.mustadlatam.com\\\/mx\\\/?s={search_term_string}\"},\"query-input\":{\"@type\":\"PropertyValueSpecification\",\"valueRequired\":true,\"valueName\":\"search_term_string\"}}],\"inLanguage\":\"es\"},{\"@type\":\"Organization\",\"@id\":\"https:\\\/\\\/www.mustadlatam.com\\\/mx\\\/#organization\",\"name\":\"Mustad M\u00e9xico - Informaci\u00f3n, Educaci\u00f3n y Venta de Productos y Herramientas Profesionales para Herradores en M\u00e9xico\",\"url\":\"https:\\\/\\\/www.mustadlatam.com\\\/mx\\\/\",\"logo\":{\"@type\":\"ImageObject\",\"inLanguage\":\"es\",\"@id\":\"https:\\\/\\\/www.mustadlatam.com\\\/mx\\\/#\\\/schema\\\/logo\\\/image\\\/\",\"url\":\"https:\\\/\\\/www.mustadlatam.com\\\/mx\\\/wp-content\\\/uploads\\\/9\\\/2025\\\/12\\\/cropped-LOGO-MUSTAD-Final.png\",\"contentUrl\":\"https:\\\/\\\/www.mustadlatam.com\\\/mx\\\/wp-content\\\/uploads\\\/9\\\/2025\\\/12\\\/cropped-LOGO-MUSTAD-Final.png\",\"width\":500,\"height\":500,\"caption\":\"Mustad M\u00e9xico - Informaci\u00f3n, Educaci\u00f3n y Venta de Productos y Herramientas Profesionales para Herradores en M\u00e9xico\"},\"image\":{\"@id\":\"https:\\\/\\\/www.mustadlatam.com\\\/mx\\\/#\\\/schema\\\/logo\\\/image\\\/\"},\"sameAs\":[\"https:\\\/\\\/www.facebook.com\\\/mustadlatam\",\"https:\\\/\\\/www.instagram.com\\\/mustadlatam\\\/\"]}]}<\/script>\n<!-- \/ Yoast SEO plugin. -->","yoast_head_json":{"title":"Legra Double S Rhino \u2013 hoja offset y pico limpiador - Mustad M\u00e9xico - Informaci\u00f3n, Educaci\u00f3n y Venta de Productos y Herramientas Profesionales para Herradores en M\u00e9xico","description":"Cuchillo Double S Rhino con hoja offset\/drop, mango de madera largo y pico limpiador en el reverso. Control, acceso y durabilidad.","robots":{"index":"index","follow":"follow","max-snippet":"max-snippet:-1","max-image-preview":"max-image-preview:large","max-video-preview":"max-video-preview:-1"},"canonical":"https:\/\/www.mustadlatam.com\/mx\/producto\/gubia-double-s-rhino-derecha\/","og_locale":"es_MX","og_type":"article","og_title":"Legra Double S Rhino \u2013 hoja offset y pico limpiador - Mustad M\u00e9xico - Informaci\u00f3n, Educaci\u00f3n y Venta de Productos y Herramientas Profesionales para Herradores en M\u00e9xico","og_description":"Cuchillo Double S Rhino con hoja offset\/drop, mango de madera largo y pico limpiador en el reverso. Control, acceso y durabilidad.","og_url":"https:\/\/www.mustadlatam.com\/mx\/producto\/gubia-double-s-rhino-derecha\/","og_site_name":"Mustad M\u00e9xico - Informaci\u00f3n, Educaci\u00f3n y Venta de Productos y Herramientas Profesionales para Herradores en M\u00e9xico","article_publisher":"https:\/\/www.facebook.com\/mustadlatam","article_modified_time":"2025-12-11T01:35:42+00:00","og_image":[{"width":800,"height":800,"url":"https:\/\/www.mustadlatam.com\/mx\/wp-content\/uploads\/9\/2025\/10\/Herramientas_GUBIA-DOUBLE-S-RHINO-DERECHA.jpg","type":"image\/jpeg"}],"twitter_card":"summary_large_image","twitter_misc":{"Tiempo de lectura":"1 minuto"},"schema":{"@context":"https:\/\/schema.org","@graph":[{"@type":"WebPage","@id":"https:\/\/www.mustadlatam.com\/mx\/producto\/gubia-double-s-rhino-derecha\/","url":"https:\/\/www.mustadlatam.com\/mx\/producto\/gubia-double-s-rhino-derecha\/","name":"Legra Double S Rhino \u2013 hoja offset y pico limpiador - Mustad M\u00e9xico - Informaci\u00f3n, Educaci\u00f3n y Venta de Productos y Herramientas Profesionales para Herradores en M\u00e9xico","isPartOf":{"@id":"https:\/\/www.mustadlatam.com\/mx\/#website"},"primaryImageOfPage":{"@id":"https:\/\/www.mustadlatam.com\/mx\/producto\/gubia-double-s-rhino-derecha\/#primaryimage"},"image":{"@id":"https:\/\/www.mustadlatam.com\/mx\/producto\/gubia-double-s-rhino-derecha\/#primaryimage"},"thumbnailUrl":"https:\/\/www.mustadlatam.com\/mx\/wp-content\/uploads\/9\/2025\/10\/Herramientas_GUBIA-DOUBLE-S-RHINO-DERECHA.jpg","datePublished":"2025-10-16T17:13:03+00:00","dateModified":"2025-12-11T01:35:42+00:00","description":"Cuchillo Double S Rhino con hoja offset\/drop, mango de madera largo y pico limpiador en el reverso. Control, acceso y durabilidad.","breadcrumb":{"@id":"https:\/\/www.mustadlatam.com\/mx\/producto\/gubia-double-s-rhino-derecha\/#breadcrumb"},"inLanguage":"es","potentialAction":[{"@type":"ReadAction","target":["https:\/\/www.mustadlatam.com\/mx\/producto\/gubia-double-s-rhino-derecha\/"]}]},{"@type":"ImageObject","inLanguage":"es","@id":"https:\/\/www.mustadlatam.com\/mx\/producto\/gubia-double-s-rhino-derecha\/#primaryimage","url":"https:\/\/www.mustadlatam.com\/mx\/wp-content\/uploads\/9\/2025\/10\/Herramientas_GUBIA-DOUBLE-S-RHINO-DERECHA.jpg","contentUrl":"https:\/\/www.mustadlatam.com\/mx\/wp-content\/uploads\/9\/2025\/10\/Herramientas_GUBIA-DOUBLE-S-RHINO-DERECHA.jpg","width":800,"height":800,"caption":"Herramientas GUBIA DOUBLE S RHINO DERECHA"},{"@type":"BreadcrumbList","@id":"https:\/\/www.mustadlatam.com\/mx\/producto\/gubia-double-s-rhino-derecha\/#breadcrumb","itemListElement":[{"@type":"ListItem","position":1,"name":"Inicio","item":"https:\/\/www.mustadlatam.com\/mx\/"},{"@type":"ListItem","position":2,"name":"Tienda Mustad M\u00e9xico | Herraduras, Clavos y Herramientas","item":"https:\/\/www.mustadlatam.com\/mx\/shop\/"},{"@type":"ListItem","position":3,"name":"Double S Rhino \u2013 hoja offset y pico limpiador"}]},{"@type":"WebSite","@id":"https:\/\/www.mustadlatam.com\/mx\/#website","url":"https:\/\/www.mustadlatam.com\/mx\/","name":"Mustad M\u00e9xico - Informaci\u00f3n, Educaci\u00f3n y Venta de Productos y Herramientas Profesionales para Herradores en M\u00e9xico","description":"Herraduras, Escofinas, Clavos y Accesorios para Caballos","publisher":{"@id":"https:\/\/www.mustadlatam.com\/mx\/#organization"},"potentialAction":[{"@type":"SearchAction","target":{"@type":"EntryPoint","urlTemplate":"https:\/\/www.mustadlatam.com\/mx\/?s={search_term_string}"},"query-input":{"@type":"PropertyValueSpecification","valueRequired":true,"valueName":"search_term_string"}}],"inLanguage":"es"},{"@type":"Organization","@id":"https:\/\/www.mustadlatam.com\/mx\/#organization","name":"Mustad M\u00e9xico - Informaci\u00f3n, Educaci\u00f3n y Venta de Productos y Herramientas Profesionales para Herradores en M\u00e9xico","url":"https:\/\/www.mustadlatam.com\/mx\/","logo":{"@type":"ImageObject","inLanguage":"es","@id":"https:\/\/www.mustadlatam.com\/mx\/#\/schema\/logo\/image\/","url":"https:\/\/www.mustadlatam.com\/mx\/wp-content\/uploads\/9\/2025\/12\/cropped-LOGO-MUSTAD-Final.png","contentUrl":"https:\/\/www.mustadlatam.com\/mx\/wp-content\/uploads\/9\/2025\/12\/cropped-LOGO-MUSTAD-Final.png","width":500,"height":500,"caption":"Mustad M\u00e9xico - Informaci\u00f3n, Educaci\u00f3n y Venta de Productos y Herramientas Profesionales para Herradores en M\u00e9xico"},"image":{"@id":"https:\/\/www.mustadlatam.com\/mx\/#\/schema\/logo\/image\/"},"sameAs":["https:\/\/www.facebook.com\/mustadlatam","https:\/\/www.instagram.com\/mustadlatam\/"]}]}},"_links":{"self":[{"href":"https:\/\/www.mustadlatam.com\/mx\/wp-json\/wp\/v2\/product\/753","targetHints":{"allow":["GET"]}}],"collection":[{"href":"https:\/\/www.mustadlatam.com\/mx\/wp-json\/wp\/v2\/product"}],"about":[{"href":"https:\/\/www.mustadlatam.com\/mx\/wp-json\/wp\/v2\/types\/product"}],"replies":[{"embeddable":true,"href":"https:\/\/www.mustadlatam.com\/mx\/wp-json\/wp\/v2\/comments?post=753"}],"wp:featuredmedia":[{"embeddable":true,"href":"https:\/\/www.mustadlatam.com\/mx\/wp-json\/wp\/v2\/media\/754"}],"wp:attachment":[{"href":"https:\/\/www.mustadlatam.com\/mx\/wp-json\/wp\/v2\/media?parent=753"}],"wp:term":[{"taxonomy":"product_brand","embeddable":true,"href":"https:\/\/www.mustadlatam.com\/mx\/wp-json\/wp\/v2\/product_brand?post=753"},{"taxonomy":"product_cat","embeddable":true,"href":"https:\/\/www.mustadlatam.com\/mx\/wp-json\/wp\/v2\/product_cat?post=753"},{"taxonomy":"product_tag","embeddable":true,"href":"https:\/\/www.mustadlatam.com\/mx\/wp-json\/wp\/v2\/product_tag?post=753"}],"curies":[{"name":"wp","href":"https:\/\/api.w.org\/{rel}","templated":true}]}}