{"id":866,"date":"2025-10-24T08:52:26","date_gmt":"2025-10-24T13:52:26","guid":{"rendered":"https:\/\/mediplushub.com\/mx\/?post_type=product&#038;p=866"},"modified":"2026-02-03T15:17:02","modified_gmt":"2026-02-03T20:17:02","slug":"maletin-porta-herramientas","status":"publish","type":"product","link":"https:\/\/www.mustadlatam.com\/mx\/producto\/maletin-porta-herramientas\/","title":{"rendered":"Malet\u00edn Porta Herramientas \u2013 orden y protecci\u00f3n para tu equipo"},"content":{"rendered":"","protected":false},"excerpt":{"rendered":"<p data-start=\"352\" data-end=\"686\">As\u00ed como un m\u00e9dico o un abogado llevan consigo un malet\u00edn que representa su profesionalismo, un herrador necesita el equipo adecuado para desempe\u00f1ar su trabajo con excelencia. El\u00a0<strong data-start=\"531\" data-end=\"561\">Malet\u00edn Profesional Mustad<\/strong>\u00a0ha sido dise\u00f1ado para quienes quieren destacarse en su oficio con una herramienta organizada, funcional y de alta calidad.<\/p>\n<h2 data-start=\"352\" data-end=\"686\"><strong data-start=\"691\" data-end=\"729\">\u00bfPor qu\u00e9 elegir el Malet\u00edn Mustad?<\/strong><\/h2>\n<ul>\n<li data-start=\"352\" data-end=\"686\"><strong data-start=\"734\" data-end=\"767\">Dise\u00f1o exclusivo y resistente<\/strong>, pensado para soportar el ritmo del d\u00eda a d\u00eda.<\/li>\n<li data-start=\"352\" data-end=\"686\"><strong data-start=\"819\" data-end=\"841\">Espacio optimizado<\/strong>\u00a0para llevar todas tus herramientas de forma segura.<\/li>\n<li data-start=\"352\" data-end=\"686\"><strong data-start=\"898\" data-end=\"926\">Comodidad y portabilidad<\/strong>, ideal para desplazarte sin complicaciones.<\/li>\n<li data-start=\"352\" data-end=\"686\"><strong data-start=\"1072\" data-end=\"1120\">Stock limitado: pocas unidades disponibles<\/strong>.<\/li>\n<\/ul>\n<p data-start=\"1125\" data-end=\"1252\"><strong data-start=\"1128\" data-end=\"1198\">Demuestra tu profesionalismo y lleva tu oficio al siguiente nivel.<\/strong>\u00a0\u00a1Aprovecha esta oportunidad antes de que se agoten!<\/p>\n","protected":false},"featured_media":4977,"comment_status":"open","ping_status":"closed","template":"","meta":[],"product_brand":[412],"product_cat":[595,25],"product_tag":[606,319,604],"class_list":{"0":"post-866","1":"product","2":"type-product","3":"status-publish","4":"has-post-thumbnail","6":"product_brand-mustad","7":"product_cat-kit-de-herramientas","8":"product_cat-herramientas","9":"product_tag-maletin-herrador","10":"product_tag-mustad","11":"product_tag-organizador-herramientas","12":"pa_herramientas-herramientas-mustad","13":"pa_herramientas-maletines-herramientas","14":"pa_marca-mustad","15":"pa_tipo-producto-herramienta","17":"first","18":"instock","19":"shipping-taxable","20":"purchasable","21":"product-type-simple"},"yoast_head":"<!-- This site is optimized with the Yoast SEO plugin v26.9 - https:\/\/yoast.com\/product\/yoast-seo-wordpress\/ -->\n<title>Malet\u00edn Porta Herramientas \u2013 orden y protecci\u00f3n para tu equipo - Mustad M\u00e9xico - Informaci\u00f3n, Educaci\u00f3n y Venta de Productos y Herramientas Profesionales para Herradores en M\u00e9xico<\/title>\n<meta name=\"description\" content=\"Malet\u00edn Porta Herramientas para organizar y proteger tus herramientas de herraje. Ayuda a conservar filos y mantener tu equipo listo para taller o campo.\" \/>\n<meta name=\"robots\" content=\"index, follow, max-snippet:-1, max-image-preview:large, max-video-preview:-1\" \/>\n<link rel=\"canonical\" href=\"https:\/\/www.mustadlatam.com\/mx\/producto\/maletin-porta-herramientas\/\" \/>\n<meta property=\"og:locale\" content=\"es_MX\" \/>\n<meta property=\"og:type\" content=\"article\" \/>\n<meta property=\"og:title\" content=\"Malet\u00edn Porta Herramientas \u2013 orden y protecci\u00f3n para tu equipo - Mustad M\u00e9xico - Informaci\u00f3n, Educaci\u00f3n y Venta de Productos y Herramientas Profesionales para Herradores en M\u00e9xico\" \/>\n<meta property=\"og:description\" content=\"Malet\u00edn Porta Herramientas para organizar y proteger tus herramientas de herraje. Ayuda a conservar filos y mantener tu equipo listo para taller o campo.\" \/>\n<meta property=\"og:url\" content=\"https:\/\/www.mustadlatam.com\/mx\/producto\/maletin-porta-herramientas\/\" \/>\n<meta property=\"og:site_name\" content=\"Mustad M\u00e9xico - Informaci\u00f3n, Educaci\u00f3n y Venta de Productos y Herramientas Profesionales para Herradores en M\u00e9xico\" \/>\n<meta property=\"article:modified_time\" content=\"2026-02-03T20:17:02+00:00\" \/>\n<meta property=\"og:image\" content=\"https:\/\/www.mustadlatam.com\/mx\/wp-content\/uploads\/9\/2025\/10\/Maletin-Porta-Herramientas-FINAL.png\" \/>\n\t<meta property=\"og:image:width\" content=\"800\" \/>\n\t<meta property=\"og:image:height\" content=\"800\" \/>\n\t<meta property=\"og:image:type\" content=\"image\/png\" \/>\n<meta name=\"twitter:card\" content=\"summary_large_image\" \/>\n<meta name=\"twitter:label1\" content=\"Tiempo de lectura\" \/>\n\t<meta name=\"twitter:data1\" content=\"1 minuto\" \/>\n<script type=\"application\/ld+json\" class=\"yoast-schema-graph\">{\"@context\":\"https:\/\/schema.org\",\"@graph\":[{\"@type\":\"WebPage\",\"@id\":\"https:\/\/www.mustadlatam.com\/mx\/producto\/maletin-porta-herramientas\/\",\"url\":\"https:\/\/www.mustadlatam.com\/mx\/producto\/maletin-porta-herramientas\/\",\"name\":\"Malet\u00edn Porta Herramientas \u2013 orden y protecci\u00f3n para tu equipo - Mustad M\u00e9xico - Informaci\u00f3n, Educaci\u00f3n y Venta de Productos y Herramientas Profesionales para Herradores en M\u00e9xico\",\"isPartOf\":{\"@id\":\"https:\/\/www.mustadlatam.com\/mx\/#website\"},\"primaryImageOfPage\":{\"@id\":\"https:\/\/www.mustadlatam.com\/mx\/producto\/maletin-porta-herramientas\/#primaryimage\"},\"image\":{\"@id\":\"https:\/\/www.mustadlatam.com\/mx\/producto\/maletin-porta-herramientas\/#primaryimage\"},\"thumbnailUrl\":\"https:\/\/www.mustadlatam.com\/mx\/wp-content\/uploads\/9\/2025\/10\/Maletin-Porta-Herramientas-FINAL.png\",\"datePublished\":\"2025-10-24T13:52:26+00:00\",\"dateModified\":\"2026-02-03T20:17:02+00:00\",\"description\":\"Malet\u00edn Porta Herramientas para organizar y proteger tus herramientas de herraje. Ayuda a conservar filos y mantener tu equipo listo para taller o campo.\",\"breadcrumb\":{\"@id\":\"https:\/\/www.mustadlatam.com\/mx\/producto\/maletin-porta-herramientas\/#breadcrumb\"},\"inLanguage\":\"es\",\"potentialAction\":[{\"@type\":\"ReadAction\",\"target\":[\"https:\/\/www.mustadlatam.com\/mx\/producto\/maletin-porta-herramientas\/\"]}]},{\"@type\":\"ImageObject\",\"inLanguage\":\"es\",\"@id\":\"https:\/\/www.mustadlatam.com\/mx\/producto\/maletin-porta-herramientas\/#primaryimage\",\"url\":\"https:\/\/www.mustadlatam.com\/mx\/wp-content\/uploads\/9\/2025\/10\/Maletin-Porta-Herramientas-FINAL.png\",\"contentUrl\":\"https:\/\/www.mustadlatam.com\/mx\/wp-content\/uploads\/9\/2025\/10\/Maletin-Porta-Herramientas-FINAL.png\",\"width\":800,\"height\":800,\"caption\":\"Malet\u00edn Porta Herramientas\"},{\"@type\":\"BreadcrumbList\",\"@id\":\"https:\/\/www.mustadlatam.com\/mx\/producto\/maletin-porta-herramientas\/#breadcrumb\",\"itemListElement\":[{\"@type\":\"ListItem\",\"position\":1,\"name\":\"Inicio\",\"item\":\"https:\/\/www.mustadlatam.com\/mx\/\"},{\"@type\":\"ListItem\",\"position\":2,\"name\":\"Tienda Mustad M\u00e9xico | Herraduras, Clavos y Herramientas\",\"item\":\"https:\/\/www.mustadlatam.com\/mx\/shop\/\"},{\"@type\":\"ListItem\",\"position\":3,\"name\":\"Malet\u00edn Porta Herramientas \u2013 orden y protecci\u00f3n para tu equipo\"}]},{\"@type\":\"WebSite\",\"@id\":\"https:\/\/www.mustadlatam.com\/mx\/#website\",\"url\":\"https:\/\/www.mustadlatam.com\/mx\/\",\"name\":\"Mustad M\u00e9xico - Informaci\u00f3n, Educaci\u00f3n y Venta de Productos y Herramientas Profesionales para Herradores en M\u00e9xico\",\"description\":\"Herraduras, Escofinas, Clavos y Accesorios para Caballos\",\"publisher\":{\"@id\":\"https:\/\/www.mustadlatam.com\/mx\/#organization\"},\"potentialAction\":[{\"@type\":\"SearchAction\",\"target\":{\"@type\":\"EntryPoint\",\"urlTemplate\":\"https:\/\/www.mustadlatam.com\/mx\/?s={search_term_string}\"},\"query-input\":{\"@type\":\"PropertyValueSpecification\",\"valueRequired\":true,\"valueName\":\"search_term_string\"}}],\"inLanguage\":\"es\"},{\"@type\":\"Organization\",\"@id\":\"https:\/\/www.mustadlatam.com\/mx\/#organization\",\"name\":\"Mustad M\u00e9xico - Informaci\u00f3n, Educaci\u00f3n y Venta de Productos y Herramientas Profesionales para Herradores en M\u00e9xico\",\"url\":\"https:\/\/www.mustadlatam.com\/mx\/\",\"logo\":{\"@type\":\"ImageObject\",\"inLanguage\":\"es\",\"@id\":\"https:\/\/www.mustadlatam.com\/mx\/#\/schema\/logo\/image\/\",\"url\":\"https:\/\/www.mustadlatam.com\/mx\/wp-content\/uploads\/9\/2025\/12\/cropped-LOGO-MUSTAD-Final.png\",\"contentUrl\":\"https:\/\/www.mustadlatam.com\/mx\/wp-content\/uploads\/9\/2025\/12\/cropped-LOGO-MUSTAD-Final.png\",\"width\":500,\"height\":500,\"caption\":\"Mustad M\u00e9xico - Informaci\u00f3n, Educaci\u00f3n y Venta de Productos y Herramientas Profesionales para Herradores en M\u00e9xico\"},\"image\":{\"@id\":\"https:\/\/www.mustadlatam.com\/mx\/#\/schema\/logo\/image\/\"}}]}<\/script>\n<!-- \/ Yoast SEO plugin. -->","yoast_head_json":{"title":"Malet\u00edn Porta Herramientas \u2013 orden y protecci\u00f3n para tu equipo - Mustad M\u00e9xico - Informaci\u00f3n, Educaci\u00f3n y Venta de Productos y Herramientas Profesionales para Herradores en M\u00e9xico","description":"Malet\u00edn Porta Herramientas para organizar y proteger tus herramientas de herraje. Ayuda a conservar filos y mantener tu equipo listo para taller o campo.","robots":{"index":"index","follow":"follow","max-snippet":"max-snippet:-1","max-image-preview":"max-image-preview:large","max-video-preview":"max-video-preview:-1"},"canonical":"https:\/\/www.mustadlatam.com\/mx\/producto\/maletin-porta-herramientas\/","og_locale":"es_MX","og_type":"article","og_title":"Malet\u00edn Porta Herramientas \u2013 orden y protecci\u00f3n para tu equipo - Mustad M\u00e9xico - Informaci\u00f3n, Educaci\u00f3n y Venta de Productos y Herramientas Profesionales para Herradores en M\u00e9xico","og_description":"Malet\u00edn Porta Herramientas para organizar y proteger tus herramientas de herraje. Ayuda a conservar filos y mantener tu equipo listo para taller o campo.","og_url":"https:\/\/www.mustadlatam.com\/mx\/producto\/maletin-porta-herramientas\/","og_site_name":"Mustad M\u00e9xico - Informaci\u00f3n, Educaci\u00f3n y Venta de Productos y Herramientas Profesionales para Herradores en M\u00e9xico","article_modified_time":"2026-02-03T20:17:02+00:00","og_image":[{"width":800,"height":800,"url":"https:\/\/www.mustadlatam.com\/mx\/wp-content\/uploads\/9\/2025\/10\/Maletin-Porta-Herramientas-FINAL.png","type":"image\/png"}],"twitter_card":"summary_large_image","twitter_misc":{"Tiempo de lectura":"1 minuto"},"schema":{"@context":"https:\/\/schema.org","@graph":[{"@type":"WebPage","@id":"https:\/\/www.mustadlatam.com\/mx\/producto\/maletin-porta-herramientas\/","url":"https:\/\/www.mustadlatam.com\/mx\/producto\/maletin-porta-herramientas\/","name":"Malet\u00edn Porta Herramientas \u2013 orden y protecci\u00f3n para tu equipo - Mustad M\u00e9xico - Informaci\u00f3n, Educaci\u00f3n y Venta de Productos y Herramientas Profesionales para Herradores en M\u00e9xico","isPartOf":{"@id":"https:\/\/www.mustadlatam.com\/mx\/#website"},"primaryImageOfPage":{"@id":"https:\/\/www.mustadlatam.com\/mx\/producto\/maletin-porta-herramientas\/#primaryimage"},"image":{"@id":"https:\/\/www.mustadlatam.com\/mx\/producto\/maletin-porta-herramientas\/#primaryimage"},"thumbnailUrl":"https:\/\/www.mustadlatam.com\/mx\/wp-content\/uploads\/9\/2025\/10\/Maletin-Porta-Herramientas-FINAL.png","datePublished":"2025-10-24T13:52:26+00:00","dateModified":"2026-02-03T20:17:02+00:00","description":"Malet\u00edn Porta Herramientas para organizar y proteger tus herramientas de herraje. Ayuda a conservar filos y mantener tu equipo listo para taller o campo.","breadcrumb":{"@id":"https:\/\/www.mustadlatam.com\/mx\/producto\/maletin-porta-herramientas\/#breadcrumb"},"inLanguage":"es","potentialAction":[{"@type":"ReadAction","target":["https:\/\/www.mustadlatam.com\/mx\/producto\/maletin-porta-herramientas\/"]}]},{"@type":"ImageObject","inLanguage":"es","@id":"https:\/\/www.mustadlatam.com\/mx\/producto\/maletin-porta-herramientas\/#primaryimage","url":"https:\/\/www.mustadlatam.com\/mx\/wp-content\/uploads\/9\/2025\/10\/Maletin-Porta-Herramientas-FINAL.png","contentUrl":"https:\/\/www.mustadlatam.com\/mx\/wp-content\/uploads\/9\/2025\/10\/Maletin-Porta-Herramientas-FINAL.png","width":800,"height":800,"caption":"Malet\u00edn Porta Herramientas"},{"@type":"BreadcrumbList","@id":"https:\/\/www.mustadlatam.com\/mx\/producto\/maletin-porta-herramientas\/#breadcrumb","itemListElement":[{"@type":"ListItem","position":1,"name":"Inicio","item":"https:\/\/www.mustadlatam.com\/mx\/"},{"@type":"ListItem","position":2,"name":"Tienda Mustad M\u00e9xico | Herraduras, Clavos y Herramientas","item":"https:\/\/www.mustadlatam.com\/mx\/shop\/"},{"@type":"ListItem","position":3,"name":"Malet\u00edn Porta Herramientas \u2013 orden y protecci\u00f3n para tu equipo"}]},{"@type":"WebSite","@id":"https:\/\/www.mustadlatam.com\/mx\/#website","url":"https:\/\/www.mustadlatam.com\/mx\/","name":"Mustad M\u00e9xico - Informaci\u00f3n, Educaci\u00f3n y Venta de Productos y Herramientas Profesionales para Herradores en M\u00e9xico","description":"Herraduras, Escofinas, Clavos y Accesorios para Caballos","publisher":{"@id":"https:\/\/www.mustadlatam.com\/mx\/#organization"},"potentialAction":[{"@type":"SearchAction","target":{"@type":"EntryPoint","urlTemplate":"https:\/\/www.mustadlatam.com\/mx\/?s={search_term_string}"},"query-input":{"@type":"PropertyValueSpecification","valueRequired":true,"valueName":"search_term_string"}}],"inLanguage":"es"},{"@type":"Organization","@id":"https:\/\/www.mustadlatam.com\/mx\/#organization","name":"Mustad M\u00e9xico - Informaci\u00f3n, Educaci\u00f3n y Venta de Productos y Herramientas Profesionales para Herradores en M\u00e9xico","url":"https:\/\/www.mustadlatam.com\/mx\/","logo":{"@type":"ImageObject","inLanguage":"es","@id":"https:\/\/www.mustadlatam.com\/mx\/#\/schema\/logo\/image\/","url":"https:\/\/www.mustadlatam.com\/mx\/wp-content\/uploads\/9\/2025\/12\/cropped-LOGO-MUSTAD-Final.png","contentUrl":"https:\/\/www.mustadlatam.com\/mx\/wp-content\/uploads\/9\/2025\/12\/cropped-LOGO-MUSTAD-Final.png","width":500,"height":500,"caption":"Mustad M\u00e9xico - Informaci\u00f3n, Educaci\u00f3n y Venta de Productos y Herramientas Profesionales para Herradores en M\u00e9xico"},"image":{"@id":"https:\/\/www.mustadlatam.com\/mx\/#\/schema\/logo\/image\/"}}]}},"_links":{"self":[{"href":"https:\/\/www.mustadlatam.com\/mx\/wp-json\/wp\/v2\/product\/866","targetHints":{"allow":["GET"]}}],"collection":[{"href":"https:\/\/www.mustadlatam.com\/mx\/wp-json\/wp\/v2\/product"}],"about":[{"href":"https:\/\/www.mustadlatam.com\/mx\/wp-json\/wp\/v2\/types\/product"}],"replies":[{"embeddable":true,"href":"https:\/\/www.mustadlatam.com\/mx\/wp-json\/wp\/v2\/comments?post=866"}],"wp:featuredmedia":[{"embeddable":true,"href":"https:\/\/www.mustadlatam.com\/mx\/wp-json\/wp\/v2\/media\/4977"}],"wp:attachment":[{"href":"https:\/\/www.mustadlatam.com\/mx\/wp-json\/wp\/v2\/media?parent=866"}],"wp:term":[{"taxonomy":"product_brand","embeddable":true,"href":"https:\/\/www.mustadlatam.com\/mx\/wp-json\/wp\/v2\/product_brand?post=866"},{"taxonomy":"product_cat","embeddable":true,"href":"https:\/\/www.mustadlatam.com\/mx\/wp-json\/wp\/v2\/product_cat?post=866"},{"taxonomy":"product_tag","embeddable":true,"href":"https:\/\/www.mustadlatam.com\/mx\/wp-json\/wp\/v2\/product_tag?post=866"}],"curies":[{"name":"wp","href":"https:\/\/api.w.org\/{rel}","templated":true}]}}