{"id":939,"date":"2025-10-28T16:15:19","date_gmt":"2025-10-28T21:15:19","guid":{"rendered":"https:\/\/mediplushub.com\/mx\/?post_type=product&#038;p=939"},"modified":"2026-03-13T17:55:18","modified_gmt":"2026-03-13T22:55:18","slug":"mixing-comfortmix-dupl-bolsa-10-pzs","status":"publish","type":"product","link":"https:\/\/www.mustadlatam.com\/mx\/producto\/mixing-comfortmix-dupl-bolsa-10-pzs\/","title":{"rendered":"Mixing ComfortMix \u2013 DUPL (bolsa 10 pzs)"},"content":{"rendered":"","protected":false},"excerpt":{"rendered":"<p>Tips de mezcla ComfortMix para cartuchos bicomponente; aseguran homogeneidad y flujo estable, reducen burbujas y desperdicios, y facilitan aplicaci\u00f3n precisa en suela o muralla.<\/p>\n<p><strong data-start=\"1229\" data-end=\"1246\">Especialidad: <\/strong>accesorios imprescindibles para trabajar la l\u00ednea ComfortMix (pads, siliconas, adhesivos) con cartuchos A+B. Su dise\u00f1o interno promueve una mezcla completa de los componentes, ayudando a evitar burbujas y curados irregulares, y mejorando la consistencia del cord\u00f3n aplicado en superficies del casco. Compatibles con el sistema ComfortMix y con la pistola aplicadora correspondiente. Empaque de 10 unidades.<\/p>\n<ul>\n<li>Dise\u00f1o interno para mezclar correctamente los dos componentes y minimizar burbujas o mezclas incompletas.<\/li>\n<li>Compatibles con cartuchos ComfortMix y aseguran ajuste correcto al aplicador.<\/li>\n<li>Material pl\u00e1stico duradero con flujo uniforme que ayuda a reducir desperdicios.<\/li>\n<li>Aplicaci\u00f3n precisa en zonas dif\u00edciles sobre suela o ranilla; paquete por 10 unidades.<\/li>\n<\/ul>\n","protected":false},"featured_media":940,"comment_status":"open","ping_status":"closed","template":"","meta":[],"product_brand":[412],"product_cat":[694,693],"product_tag":[727,726,723,721,725],"class_list":{"0":"post-939","1":"product","2":"type-product","3":"status-publish","4":"has-post-thumbnail","6":"product_brand-mustad","7":"product_cat-comfortmix","8":"product_cat-productos-especiales","9":"product_tag-cartuchos-200-cc","10":"product_tag-mezcladores-comfortmix","11":"product_tag-mixing-tips","12":"product_tag-pistola-aplicadora","13":"product_tag-tips-de-mezcla","14":"pa_marca-mustad","15":"pa_productos-especiales-comfortmix","16":"pa_tipo-producto-producto-especial","18":"first","19":"instock","20":"shipping-taxable","21":"purchasable","22":"product-type-simple"},"yoast_head":"<!-- This site is optimized with the Yoast SEO plugin v27.4 - https:\/\/yoast.com\/product\/yoast-seo-wordpress\/ -->\n<title>Mezcladores ComfortMix \u2013 tips de mezcla para cartuchos A+B - Mustad M\u00e9xico - Informaci\u00f3n, Educaci\u00f3n y Venta de Productos y Herramientas Profesionales para Herradores en M\u00e9xico<\/title>\n<meta name=\"description\" content=\"Puntas de mezcla para la l\u00ednea ComfortMix: mezcla homog\u00e9nea, menos burbujas y aplicaci\u00f3n precisa. Compatibles con pistola aplicadora. Paquete x10 unidades.\" \/>\n<meta name=\"robots\" content=\"index, follow, max-snippet:-1, max-image-preview:large, max-video-preview:-1\" \/>\n<link rel=\"canonical\" href=\"https:\/\/www.mustadlatam.com\/mx\/producto\/mixing-comfortmix-dupl-bolsa-10-pzs\/\" \/>\n<meta property=\"og:locale\" content=\"es_MX\" \/>\n<meta property=\"og:type\" content=\"article\" \/>\n<meta property=\"og:title\" content=\"Mezcladores ComfortMix \u2013 tips de mezcla para cartuchos A+B - Mustad M\u00e9xico - Informaci\u00f3n, Educaci\u00f3n y Venta de Productos y Herramientas Profesionales para Herradores en M\u00e9xico\" \/>\n<meta property=\"og:description\" content=\"Puntas de mezcla para la l\u00ednea ComfortMix: mezcla homog\u00e9nea, menos burbujas y aplicaci\u00f3n precisa. Compatibles con pistola aplicadora. Paquete x10 unidades.\" \/>\n<meta property=\"og:url\" content=\"https:\/\/www.mustadlatam.com\/mx\/producto\/mixing-comfortmix-dupl-bolsa-10-pzs\/\" \/>\n<meta property=\"og:site_name\" content=\"Mustad M\u00e9xico - Informaci\u00f3n, Educaci\u00f3n y Venta de Productos y Herramientas Profesionales para Herradores en M\u00e9xico\" \/>\n<meta property=\"article:publisher\" content=\"https:\/\/www.facebook.com\/mustadlatam\" \/>\n<meta property=\"article:modified_time\" content=\"2026-03-13T22:55:18+00:00\" \/>\n<meta property=\"og:image\" content=\"https:\/\/www.mustadlatam.com\/mx\/wp-content\/uploads\/9\/2025\/10\/Productos-Especiales-Comfortmixemixinge-tips.jpg\" \/>\n\t<meta property=\"og:image:width\" content=\"800\" \/>\n\t<meta property=\"og:image:height\" content=\"800\" \/>\n\t<meta property=\"og:image:type\" content=\"image\/jpeg\" \/>\n<meta name=\"twitter:card\" content=\"summary_large_image\" \/>\n<meta name=\"twitter:label1\" content=\"Tiempo de lectura\" \/>\n\t<meta name=\"twitter:data1\" content=\"1 minuto\" \/>\n<script type=\"application\/ld+json\" class=\"yoast-schema-graph\">{\"@context\":\"https:\\\/\\\/schema.org\",\"@graph\":[{\"@type\":\"WebPage\",\"@id\":\"https:\\\/\\\/www.mustadlatam.com\\\/mx\\\/producto\\\/mixing-comfortmix-dupl-bolsa-10-pzs\\\/\",\"url\":\"https:\\\/\\\/www.mustadlatam.com\\\/mx\\\/producto\\\/mixing-comfortmix-dupl-bolsa-10-pzs\\\/\",\"name\":\"Mezcladores ComfortMix \u2013 tips de mezcla para cartuchos A+B - Mustad M\u00e9xico - Informaci\u00f3n, Educaci\u00f3n y Venta de Productos y Herramientas Profesionales para Herradores en M\u00e9xico\",\"isPartOf\":{\"@id\":\"https:\\\/\\\/www.mustadlatam.com\\\/mx\\\/#website\"},\"primaryImageOfPage\":{\"@id\":\"https:\\\/\\\/www.mustadlatam.com\\\/mx\\\/producto\\\/mixing-comfortmix-dupl-bolsa-10-pzs\\\/#primaryimage\"},\"image\":{\"@id\":\"https:\\\/\\\/www.mustadlatam.com\\\/mx\\\/producto\\\/mixing-comfortmix-dupl-bolsa-10-pzs\\\/#primaryimage\"},\"thumbnailUrl\":\"https:\\\/\\\/www.mustadlatam.com\\\/mx\\\/wp-content\\\/uploads\\\/9\\\/2025\\\/10\\\/Productos-Especiales-Comfortmixemixinge-tips.jpg\",\"datePublished\":\"2025-10-28T21:15:19+00:00\",\"dateModified\":\"2026-03-13T22:55:18+00:00\",\"description\":\"Puntas de mezcla para la l\u00ednea ComfortMix: mezcla homog\u00e9nea, menos burbujas y aplicaci\u00f3n precisa. Compatibles con pistola aplicadora. Paquete x10 unidades.\",\"breadcrumb\":{\"@id\":\"https:\\\/\\\/www.mustadlatam.com\\\/mx\\\/producto\\\/mixing-comfortmix-dupl-bolsa-10-pzs\\\/#breadcrumb\"},\"inLanguage\":\"es\",\"potentialAction\":[{\"@type\":\"ReadAction\",\"target\":[\"https:\\\/\\\/www.mustadlatam.com\\\/mx\\\/producto\\\/mixing-comfortmix-dupl-bolsa-10-pzs\\\/\"]}]},{\"@type\":\"ImageObject\",\"inLanguage\":\"es\",\"@id\":\"https:\\\/\\\/www.mustadlatam.com\\\/mx\\\/producto\\\/mixing-comfortmix-dupl-bolsa-10-pzs\\\/#primaryimage\",\"url\":\"https:\\\/\\\/www.mustadlatam.com\\\/mx\\\/wp-content\\\/uploads\\\/9\\\/2025\\\/10\\\/Productos-Especiales-Comfortmixemixinge-tips.jpg\",\"contentUrl\":\"https:\\\/\\\/www.mustadlatam.com\\\/mx\\\/wp-content\\\/uploads\\\/9\\\/2025\\\/10\\\/Productos-Especiales-Comfortmixemixinge-tips.jpg\",\"width\":800,\"height\":800,\"caption\":\"Mezcladores ComfortMix Productos Especiales Comfortmix mixinge tips\"},{\"@type\":\"BreadcrumbList\",\"@id\":\"https:\\\/\\\/www.mustadlatam.com\\\/mx\\\/producto\\\/mixing-comfortmix-dupl-bolsa-10-pzs\\\/#breadcrumb\",\"itemListElement\":[{\"@type\":\"ListItem\",\"position\":1,\"name\":\"Inicio\",\"item\":\"https:\\\/\\\/www.mustadlatam.com\\\/mx\\\/\"},{\"@type\":\"ListItem\",\"position\":2,\"name\":\"Tienda Mustad M\u00e9xico | Herraduras, Clavos y Herramientas\",\"item\":\"https:\\\/\\\/www.mustadlatam.com\\\/mx\\\/shop\\\/\"},{\"@type\":\"ListItem\",\"position\":3,\"name\":\"Mixing ComfortMix \u2013 DUPL (bolsa 10 pzs)\"}]},{\"@type\":\"WebSite\",\"@id\":\"https:\\\/\\\/www.mustadlatam.com\\\/mx\\\/#website\",\"url\":\"https:\\\/\\\/www.mustadlatam.com\\\/mx\\\/\",\"name\":\"Mustad M\u00e9xico - Informaci\u00f3n, Educaci\u00f3n y Venta de Productos y Herramientas Profesionales para Herradores en M\u00e9xico\",\"description\":\"Herraduras, Escofinas, Clavos y Accesorios para Caballos\",\"publisher\":{\"@id\":\"https:\\\/\\\/www.mustadlatam.com\\\/mx\\\/#organization\"},\"potentialAction\":[{\"@type\":\"SearchAction\",\"target\":{\"@type\":\"EntryPoint\",\"urlTemplate\":\"https:\\\/\\\/www.mustadlatam.com\\\/mx\\\/?s={search_term_string}\"},\"query-input\":{\"@type\":\"PropertyValueSpecification\",\"valueRequired\":true,\"valueName\":\"search_term_string\"}}],\"inLanguage\":\"es\"},{\"@type\":\"Organization\",\"@id\":\"https:\\\/\\\/www.mustadlatam.com\\\/mx\\\/#organization\",\"name\":\"Mustad M\u00e9xico - Informaci\u00f3n, Educaci\u00f3n y Venta de Productos y Herramientas Profesionales para Herradores en M\u00e9xico\",\"url\":\"https:\\\/\\\/www.mustadlatam.com\\\/mx\\\/\",\"logo\":{\"@type\":\"ImageObject\",\"inLanguage\":\"es\",\"@id\":\"https:\\\/\\\/www.mustadlatam.com\\\/mx\\\/#\\\/schema\\\/logo\\\/image\\\/\",\"url\":\"https:\\\/\\\/www.mustadlatam.com\\\/mx\\\/wp-content\\\/uploads\\\/9\\\/2025\\\/12\\\/cropped-LOGO-MUSTAD-Final.png\",\"contentUrl\":\"https:\\\/\\\/www.mustadlatam.com\\\/mx\\\/wp-content\\\/uploads\\\/9\\\/2025\\\/12\\\/cropped-LOGO-MUSTAD-Final.png\",\"width\":500,\"height\":500,\"caption\":\"Mustad M\u00e9xico - Informaci\u00f3n, Educaci\u00f3n y Venta de Productos y Herramientas Profesionales para Herradores en M\u00e9xico\"},\"image\":{\"@id\":\"https:\\\/\\\/www.mustadlatam.com\\\/mx\\\/#\\\/schema\\\/logo\\\/image\\\/\"},\"sameAs\":[\"https:\\\/\\\/www.facebook.com\\\/mustadlatam\",\"https:\\\/\\\/www.instagram.com\\\/mustadlatam\\\/\"]}]}<\/script>\n<!-- \/ Yoast SEO plugin. -->","yoast_head_json":{"title":"Mezcladores ComfortMix \u2013 tips de mezcla para cartuchos A+B - Mustad M\u00e9xico - Informaci\u00f3n, Educaci\u00f3n y Venta de Productos y Herramientas Profesionales para Herradores en M\u00e9xico","description":"Puntas de mezcla para la l\u00ednea ComfortMix: mezcla homog\u00e9nea, menos burbujas y aplicaci\u00f3n precisa. Compatibles con pistola aplicadora. Paquete x10 unidades.","robots":{"index":"index","follow":"follow","max-snippet":"max-snippet:-1","max-image-preview":"max-image-preview:large","max-video-preview":"max-video-preview:-1"},"canonical":"https:\/\/www.mustadlatam.com\/mx\/producto\/mixing-comfortmix-dupl-bolsa-10-pzs\/","og_locale":"es_MX","og_type":"article","og_title":"Mezcladores ComfortMix \u2013 tips de mezcla para cartuchos A+B - Mustad M\u00e9xico - Informaci\u00f3n, Educaci\u00f3n y Venta de Productos y Herramientas Profesionales para Herradores en M\u00e9xico","og_description":"Puntas de mezcla para la l\u00ednea ComfortMix: mezcla homog\u00e9nea, menos burbujas y aplicaci\u00f3n precisa. Compatibles con pistola aplicadora. Paquete x10 unidades.","og_url":"https:\/\/www.mustadlatam.com\/mx\/producto\/mixing-comfortmix-dupl-bolsa-10-pzs\/","og_site_name":"Mustad M\u00e9xico - Informaci\u00f3n, Educaci\u00f3n y Venta de Productos y Herramientas Profesionales para Herradores en M\u00e9xico","article_publisher":"https:\/\/www.facebook.com\/mustadlatam","article_modified_time":"2026-03-13T22:55:18+00:00","og_image":[{"width":800,"height":800,"url":"https:\/\/www.mustadlatam.com\/mx\/wp-content\/uploads\/9\/2025\/10\/Productos-Especiales-Comfortmixemixinge-tips.jpg","type":"image\/jpeg"}],"twitter_card":"summary_large_image","twitter_misc":{"Tiempo de lectura":"1 minuto"},"schema":{"@context":"https:\/\/schema.org","@graph":[{"@type":"WebPage","@id":"https:\/\/www.mustadlatam.com\/mx\/producto\/mixing-comfortmix-dupl-bolsa-10-pzs\/","url":"https:\/\/www.mustadlatam.com\/mx\/producto\/mixing-comfortmix-dupl-bolsa-10-pzs\/","name":"Mezcladores ComfortMix \u2013 tips de mezcla para cartuchos A+B - Mustad M\u00e9xico - Informaci\u00f3n, Educaci\u00f3n y Venta de Productos y Herramientas Profesionales para Herradores en M\u00e9xico","isPartOf":{"@id":"https:\/\/www.mustadlatam.com\/mx\/#website"},"primaryImageOfPage":{"@id":"https:\/\/www.mustadlatam.com\/mx\/producto\/mixing-comfortmix-dupl-bolsa-10-pzs\/#primaryimage"},"image":{"@id":"https:\/\/www.mustadlatam.com\/mx\/producto\/mixing-comfortmix-dupl-bolsa-10-pzs\/#primaryimage"},"thumbnailUrl":"https:\/\/www.mustadlatam.com\/mx\/wp-content\/uploads\/9\/2025\/10\/Productos-Especiales-Comfortmixemixinge-tips.jpg","datePublished":"2025-10-28T21:15:19+00:00","dateModified":"2026-03-13T22:55:18+00:00","description":"Puntas de mezcla para la l\u00ednea ComfortMix: mezcla homog\u00e9nea, menos burbujas y aplicaci\u00f3n precisa. Compatibles con pistola aplicadora. Paquete x10 unidades.","breadcrumb":{"@id":"https:\/\/www.mustadlatam.com\/mx\/producto\/mixing-comfortmix-dupl-bolsa-10-pzs\/#breadcrumb"},"inLanguage":"es","potentialAction":[{"@type":"ReadAction","target":["https:\/\/www.mustadlatam.com\/mx\/producto\/mixing-comfortmix-dupl-bolsa-10-pzs\/"]}]},{"@type":"ImageObject","inLanguage":"es","@id":"https:\/\/www.mustadlatam.com\/mx\/producto\/mixing-comfortmix-dupl-bolsa-10-pzs\/#primaryimage","url":"https:\/\/www.mustadlatam.com\/mx\/wp-content\/uploads\/9\/2025\/10\/Productos-Especiales-Comfortmixemixinge-tips.jpg","contentUrl":"https:\/\/www.mustadlatam.com\/mx\/wp-content\/uploads\/9\/2025\/10\/Productos-Especiales-Comfortmixemixinge-tips.jpg","width":800,"height":800,"caption":"Mezcladores ComfortMix Productos Especiales Comfortmix mixinge tips"},{"@type":"BreadcrumbList","@id":"https:\/\/www.mustadlatam.com\/mx\/producto\/mixing-comfortmix-dupl-bolsa-10-pzs\/#breadcrumb","itemListElement":[{"@type":"ListItem","position":1,"name":"Inicio","item":"https:\/\/www.mustadlatam.com\/mx\/"},{"@type":"ListItem","position":2,"name":"Tienda Mustad M\u00e9xico | Herraduras, Clavos y Herramientas","item":"https:\/\/www.mustadlatam.com\/mx\/shop\/"},{"@type":"ListItem","position":3,"name":"Mixing ComfortMix \u2013 DUPL (bolsa 10 pzs)"}]},{"@type":"WebSite","@id":"https:\/\/www.mustadlatam.com\/mx\/#website","url":"https:\/\/www.mustadlatam.com\/mx\/","name":"Mustad M\u00e9xico - Informaci\u00f3n, Educaci\u00f3n y Venta de Productos y Herramientas Profesionales para Herradores en M\u00e9xico","description":"Herraduras, Escofinas, Clavos y Accesorios para Caballos","publisher":{"@id":"https:\/\/www.mustadlatam.com\/mx\/#organization"},"potentialAction":[{"@type":"SearchAction","target":{"@type":"EntryPoint","urlTemplate":"https:\/\/www.mustadlatam.com\/mx\/?s={search_term_string}"},"query-input":{"@type":"PropertyValueSpecification","valueRequired":true,"valueName":"search_term_string"}}],"inLanguage":"es"},{"@type":"Organization","@id":"https:\/\/www.mustadlatam.com\/mx\/#organization","name":"Mustad M\u00e9xico - Informaci\u00f3n, Educaci\u00f3n y Venta de Productos y Herramientas Profesionales para Herradores en M\u00e9xico","url":"https:\/\/www.mustadlatam.com\/mx\/","logo":{"@type":"ImageObject","inLanguage":"es","@id":"https:\/\/www.mustadlatam.com\/mx\/#\/schema\/logo\/image\/","url":"https:\/\/www.mustadlatam.com\/mx\/wp-content\/uploads\/9\/2025\/12\/cropped-LOGO-MUSTAD-Final.png","contentUrl":"https:\/\/www.mustadlatam.com\/mx\/wp-content\/uploads\/9\/2025\/12\/cropped-LOGO-MUSTAD-Final.png","width":500,"height":500,"caption":"Mustad M\u00e9xico - Informaci\u00f3n, Educaci\u00f3n y Venta de Productos y Herramientas Profesionales para Herradores en M\u00e9xico"},"image":{"@id":"https:\/\/www.mustadlatam.com\/mx\/#\/schema\/logo\/image\/"},"sameAs":["https:\/\/www.facebook.com\/mustadlatam","https:\/\/www.instagram.com\/mustadlatam\/"]}]}},"_links":{"self":[{"href":"https:\/\/www.mustadlatam.com\/mx\/wp-json\/wp\/v2\/product\/939","targetHints":{"allow":["GET"]}}],"collection":[{"href":"https:\/\/www.mustadlatam.com\/mx\/wp-json\/wp\/v2\/product"}],"about":[{"href":"https:\/\/www.mustadlatam.com\/mx\/wp-json\/wp\/v2\/types\/product"}],"replies":[{"embeddable":true,"href":"https:\/\/www.mustadlatam.com\/mx\/wp-json\/wp\/v2\/comments?post=939"}],"wp:featuredmedia":[{"embeddable":true,"href":"https:\/\/www.mustadlatam.com\/mx\/wp-json\/wp\/v2\/media\/940"}],"wp:attachment":[{"href":"https:\/\/www.mustadlatam.com\/mx\/wp-json\/wp\/v2\/media?parent=939"}],"wp:term":[{"taxonomy":"product_brand","embeddable":true,"href":"https:\/\/www.mustadlatam.com\/mx\/wp-json\/wp\/v2\/product_brand?post=939"},{"taxonomy":"product_cat","embeddable":true,"href":"https:\/\/www.mustadlatam.com\/mx\/wp-json\/wp\/v2\/product_cat?post=939"},{"taxonomy":"product_tag","embeddable":true,"href":"https:\/\/www.mustadlatam.com\/mx\/wp-json\/wp\/v2\/product_tag?post=939"}],"curies":[{"name":"wp","href":"https:\/\/api.w.org\/{rel}","templated":true}]}}